{"id":94586,"date":"2026-04-14T16:34:14","date_gmt":"2026-04-14T14:34:14","guid":{"rendered":"https:\/\/www.koonings.com\/product\/poirier-t-224-top-mat-satine-gem-lucia\/"},"modified":"2026-04-14T16:10:01","modified_gmt":"2026-04-14T14:10:01","slug":"poirier-t-224-top-mat-satine-gem-lucia","status":"publish","type":"product","link":"https:\/\/www.koonings.com\/fr\/product\/poirier-t-224-top-mat-satine-gem-lucia\/","title":{"rendered":"Poirier T-224 Top mat satin\u00e9 | Gem| Lucia"},"content":{"rendered":"<p>Top de mari\u00e9e en satin mat ivoire avec col bateau et manches courtes lisses | Collection GEM | Ligne Lucia<br \/>\nTop de mari\u00e9e de la Collection Essentielle de Poirier.<br \/>\nLes produits de la ligne Lucia sont toujours fabriqu\u00e9s dans un beau satin mat ivoire.<br \/>\nAvec un col bateau.<br \/>\nAvec des manches courtes lisses.<br \/>\nCoupe ample.<br \/>\nDisponible dans les tailles : XS, S, M, L, XL.<br \/>\nAvec les produits de la ligne Lucia de la collection GEM, vous optez pour un look de mari\u00e9e tr\u00e8s tendance.<\/p>\n","protected":false},"featured_media":89022,"template":"","meta":{"_acf_changed":false,"ghostkit_customizer_options":"","ghostkit_custom_css":"","ghostkit_custom_js_head":"","ghostkit_custom_js_foot":"","ghostkit_typography":""},"productdetails":[],"productneck":[],"productcolor":[],"maat":[],"productsupplier":[416],"productsleeve":[],"productcategory":[509],"productsilhouette":[],"productstyle":[],"class_list":["post-94586","product","type-product","status-publish","has-post-thumbnail","hentry","productsupplier-poirier","productcategory-accessoires-bruid"],"acf":[],"yoast_head":"<!-- This site is optimized with the Yoast SEO plugin v27.3 - https:\/\/yoast.com\/product\/yoast-seo-wordpress\/ -->\n<title>Poirier T-224 Top mat satin\u00e9 | Gem| Lucia | Koonings<\/title>\n<meta name=\"description\" content=\"Top de mari\u00e9e en satin mat ivoire avec col bateau et manches courtes lisses | Collection GEM | Ligne Lucia Top de mari\u00e9e de la Collection Essentielle de Poirier. Les produits de la ligne Lucia sont toujours fabriqu\u00e9s dans un beau satin mat ivoire. Avec un col bateau. Avec des manches courtes lisses. Coupe ample. Disponible dans les tailles : XS, S, M, L, XL. Avec les produits de la ligne Lucia de la collection GEM, vous optez pour un look de mari\u00e9e tr\u00e8s tendance.\" \/>\n<meta name=\"robots\" content=\"index, follow, max-snippet:-1, max-image-preview:large, max-video-preview:-1\" \/>\n<link rel=\"canonical\" href=\"https:\/\/www.koonings.com\/fr\/product\/poirier-t-224-top-mat-satine-gem-lucia\/\" \/>\n<meta property=\"og:locale\" content=\"fr_FR\" \/>\n<meta property=\"og:type\" content=\"article\" \/>\n<meta property=\"og:title\" content=\"Poirier T-224 Top mat satin\u00e9 | Gem| Lucia | Koonings\" \/>\n<meta property=\"og:description\" content=\"Top de mari\u00e9e en satin mat ivoire avec col bateau et manches courtes lisses | Collection GEM | Ligne Lucia Top de mari\u00e9e de la Collection Essentielle de Poirier. Les produits de la ligne Lucia sont toujours fabriqu\u00e9s dans un beau satin mat ivoire. Avec un col bateau. Avec des manches courtes lisses. Coupe ample. Disponible dans les tailles : XS, S, M, L, XL. Avec les produits de la ligne Lucia de la collection GEM, vous optez pour un look de mari\u00e9e tr\u00e8s tendance.\" \/>\n<meta property=\"og:url\" content=\"https:\/\/www.koonings.com\/fr\/product\/poirier-t-224-top-mat-satine-gem-lucia\/\" \/>\n<meta property=\"og:site_name\" content=\"Koonings\" \/>\n<meta property=\"article:publisher\" content=\"https:\/\/www.facebook.com\/kooningstheweddingpalace\" \/>\n<meta property=\"og:image\" content=\"https:\/\/www.koonings.com\/wp-content\/uploads\/2025\/07\/50711_db2cd2d5d297aa28745e5aefc123472e56436eb8aacaa4d2a1424d4130578106e7d87c8c.jpeg\" \/>\n\t<meta property=\"og:image:width\" content=\"1732\" \/>\n\t<meta property=\"og:image:height\" content=\"2309\" \/>\n\t<meta property=\"og:image:type\" content=\"image\/jpeg\" \/>\n<meta name=\"twitter:card\" content=\"summary_large_image\" \/>\n<script type=\"application\/ld+json\" class=\"yoast-schema-graph\">{\"@context\":\"https:\\\/\\\/schema.org\",\"@graph\":[{\"@type\":\"WebPage\",\"@id\":\"https:\\\/\\\/www.koonings.com\\\/fr\\\/product\\\/poirier-t-224-top-mat-satine-gem-lucia\\\/\",\"url\":\"https:\\\/\\\/www.koonings.com\\\/fr\\\/product\\\/poirier-t-224-top-mat-satine-gem-lucia\\\/\",\"name\":\"Poirier T-224 Top mat satin\u00e9 | Gem| Lucia | Koonings\",\"isPartOf\":{\"@id\":\"https:\\\/\\\/www.koonings.com\\\/fr\\\/#website\"},\"primaryImageOfPage\":{\"@id\":\"https:\\\/\\\/www.koonings.com\\\/fr\\\/product\\\/poirier-t-224-top-mat-satine-gem-lucia\\\/#primaryimage\"},\"image\":{\"@id\":\"https:\\\/\\\/www.koonings.com\\\/fr\\\/product\\\/poirier-t-224-top-mat-satine-gem-lucia\\\/#primaryimage\"},\"thumbnailUrl\":\"https:\\\/\\\/www.koonings.com\\\/wp-content\\\/uploads\\\/2025\\\/07\\\/50711_db2cd2d5d297aa28745e5aefc123472e56436eb8aacaa4d2a1424d4130578106e7d87c8c.jpeg\",\"datePublished\":\"2026-04-14T14:34:14+00:00\",\"description\":\"Top de mari\u00e9e en satin mat ivoire avec col bateau et manches courtes lisses | Collection GEM | Ligne Lucia Top de mari\u00e9e de la Collection Essentielle de Poirier. Les produits de la ligne Lucia sont toujours fabriqu\u00e9s dans un beau satin mat ivoire. Avec un col bateau. Avec des manches courtes lisses. Coupe ample. Disponible dans les tailles : XS, S, M, L, XL. Avec les produits de la ligne Lucia de la collection GEM, vous optez pour un look de mari\u00e9e tr\u00e8s tendance.\",\"breadcrumb\":{\"@id\":\"https:\\\/\\\/www.koonings.com\\\/fr\\\/product\\\/poirier-t-224-top-mat-satine-gem-lucia\\\/#breadcrumb\"},\"inLanguage\":\"fr-FR\",\"potentialAction\":[{\"@type\":\"ReadAction\",\"target\":[\"https:\\\/\\\/www.koonings.com\\\/fr\\\/product\\\/poirier-t-224-top-mat-satine-gem-lucia\\\/\"]}]},{\"@type\":\"ImageObject\",\"inLanguage\":\"fr-FR\",\"@id\":\"https:\\\/\\\/www.koonings.com\\\/fr\\\/product\\\/poirier-t-224-top-mat-satine-gem-lucia\\\/#primaryimage\",\"url\":\"https:\\\/\\\/www.koonings.com\\\/wp-content\\\/uploads\\\/2025\\\/07\\\/50711_db2cd2d5d297aa28745e5aefc123472e56436eb8aacaa4d2a1424d4130578106e7d87c8c.jpeg\",\"contentUrl\":\"https:\\\/\\\/www.koonings.com\\\/wp-content\\\/uploads\\\/2025\\\/07\\\/50711_db2cd2d5d297aa28745e5aefc123472e56436eb8aacaa4d2a1424d4130578106e7d87c8c.jpeg\",\"width\":1732,\"height\":2309},{\"@type\":\"BreadcrumbList\",\"@id\":\"https:\\\/\\\/www.koonings.com\\\/fr\\\/product\\\/poirier-t-224-top-mat-satine-gem-lucia\\\/#breadcrumb\",\"itemListElement\":[{\"@type\":\"ListItem\",\"position\":1,\"name\":\"Home\",\"item\":\"https:\\\/\\\/www.koonings.com\\\/fr\\\/\"},{\"@type\":\"ListItem\",\"position\":2,\"name\":\"Poirier T-224 Top mat satin\u00e9 | Gem| Lucia\"}]},{\"@type\":\"WebSite\",\"@id\":\"https:\\\/\\\/www.koonings.com\\\/fr\\\/#website\",\"url\":\"https:\\\/\\\/www.koonings.com\\\/fr\\\/\",\"name\":\"Koonings\",\"description\":\"De grootste bruidsmodewinkel ter wereld\",\"publisher\":{\"@id\":\"https:\\\/\\\/www.koonings.com\\\/fr\\\/#organization\"},\"potentialAction\":[{\"@type\":\"SearchAction\",\"target\":{\"@type\":\"EntryPoint\",\"urlTemplate\":\"https:\\\/\\\/www.koonings.com\\\/fr\\\/?s={search_term_string}\"},\"query-input\":{\"@type\":\"PropertyValueSpecification\",\"valueRequired\":true,\"valueName\":\"search_term_string\"}}],\"inLanguage\":\"fr-FR\"},{\"@type\":\"Organization\",\"@id\":\"https:\\\/\\\/www.koonings.com\\\/fr\\\/#organization\",\"name\":\"Koonings\",\"url\":\"https:\\\/\\\/www.koonings.com\\\/fr\\\/\",\"logo\":{\"@type\":\"ImageObject\",\"inLanguage\":\"fr-FR\",\"@id\":\"https:\\\/\\\/www.koonings.com\\\/fr\\\/#\\\/schema\\\/logo\\\/image\\\/\",\"url\":\"https:\\\/\\\/www.koonings.com\\\/wp-content\\\/uploads\\\/2024\\\/07\\\/logo.png\",\"contentUrl\":\"https:\\\/\\\/www.koonings.com\\\/wp-content\\\/uploads\\\/2024\\\/07\\\/logo.png\",\"width\":600,\"height\":428,\"caption\":\"Koonings\"},\"image\":{\"@id\":\"https:\\\/\\\/www.koonings.com\\\/fr\\\/#\\\/schema\\\/logo\\\/image\\\/\"},\"sameAs\":[\"https:\\\/\\\/www.facebook.com\\\/kooningstheweddingpalace\",\"https:\\\/\\\/www.instagram.com\\\/kooningstheweddingpalace\",\"https:\\\/\\\/www.pinterest.com\\\/koonings\",\"https:\\\/\\\/www.youtube.com\\\/kooningstheweddingpalace\"]}]}<\/script>\n<!-- \/ Yoast SEO plugin. -->","yoast_head_json":{"title":"Poirier T-224 Top mat satin\u00e9 | Gem| Lucia | Koonings","description":"Top de mari\u00e9e en satin mat ivoire avec col bateau et manches courtes lisses | Collection GEM | Ligne Lucia Top de mari\u00e9e de la Collection Essentielle de Poirier. Les produits de la ligne Lucia sont toujours fabriqu\u00e9s dans un beau satin mat ivoire. Avec un col bateau. Avec des manches courtes lisses. Coupe ample. Disponible dans les tailles : XS, S, M, L, XL. Avec les produits de la ligne Lucia de la collection GEM, vous optez pour un look de mari\u00e9e tr\u00e8s tendance.","robots":{"index":"index","follow":"follow","max-snippet":"max-snippet:-1","max-image-preview":"max-image-preview:large","max-video-preview":"max-video-preview:-1"},"canonical":"https:\/\/www.koonings.com\/fr\/product\/poirier-t-224-top-mat-satine-gem-lucia\/","og_locale":"fr_FR","og_type":"article","og_title":"Poirier T-224 Top mat satin\u00e9 | Gem| Lucia | Koonings","og_description":"Top de mari\u00e9e en satin mat ivoire avec col bateau et manches courtes lisses | Collection GEM | Ligne Lucia Top de mari\u00e9e de la Collection Essentielle de Poirier. Les produits de la ligne Lucia sont toujours fabriqu\u00e9s dans un beau satin mat ivoire. Avec un col bateau. Avec des manches courtes lisses. Coupe ample. Disponible dans les tailles : XS, S, M, L, XL. Avec les produits de la ligne Lucia de la collection GEM, vous optez pour un look de mari\u00e9e tr\u00e8s tendance.","og_url":"https:\/\/www.koonings.com\/fr\/product\/poirier-t-224-top-mat-satine-gem-lucia\/","og_site_name":"Koonings","article_publisher":"https:\/\/www.facebook.com\/kooningstheweddingpalace","og_image":[{"width":1732,"height":2309,"url":"https:\/\/www.koonings.com\/wp-content\/uploads\/2025\/07\/50711_db2cd2d5d297aa28745e5aefc123472e56436eb8aacaa4d2a1424d4130578106e7d87c8c.jpeg","type":"image\/jpeg"}],"twitter_card":"summary_large_image","schema":{"@context":"https:\/\/schema.org","@graph":[{"@type":"WebPage","@id":"https:\/\/www.koonings.com\/fr\/product\/poirier-t-224-top-mat-satine-gem-lucia\/","url":"https:\/\/www.koonings.com\/fr\/product\/poirier-t-224-top-mat-satine-gem-lucia\/","name":"Poirier T-224 Top mat satin\u00e9 | Gem| Lucia | Koonings","isPartOf":{"@id":"https:\/\/www.koonings.com\/fr\/#website"},"primaryImageOfPage":{"@id":"https:\/\/www.koonings.com\/fr\/product\/poirier-t-224-top-mat-satine-gem-lucia\/#primaryimage"},"image":{"@id":"https:\/\/www.koonings.com\/fr\/product\/poirier-t-224-top-mat-satine-gem-lucia\/#primaryimage"},"thumbnailUrl":"https:\/\/www.koonings.com\/wp-content\/uploads\/2025\/07\/50711_db2cd2d5d297aa28745e5aefc123472e56436eb8aacaa4d2a1424d4130578106e7d87c8c.jpeg","datePublished":"2026-04-14T14:34:14+00:00","description":"Top de mari\u00e9e en satin mat ivoire avec col bateau et manches courtes lisses | Collection GEM | Ligne Lucia Top de mari\u00e9e de la Collection Essentielle de Poirier. Les produits de la ligne Lucia sont toujours fabriqu\u00e9s dans un beau satin mat ivoire. Avec un col bateau. Avec des manches courtes lisses. Coupe ample. Disponible dans les tailles : XS, S, M, L, XL. Avec les produits de la ligne Lucia de la collection GEM, vous optez pour un look de mari\u00e9e tr\u00e8s tendance.","breadcrumb":{"@id":"https:\/\/www.koonings.com\/fr\/product\/poirier-t-224-top-mat-satine-gem-lucia\/#breadcrumb"},"inLanguage":"fr-FR","potentialAction":[{"@type":"ReadAction","target":["https:\/\/www.koonings.com\/fr\/product\/poirier-t-224-top-mat-satine-gem-lucia\/"]}]},{"@type":"ImageObject","inLanguage":"fr-FR","@id":"https:\/\/www.koonings.com\/fr\/product\/poirier-t-224-top-mat-satine-gem-lucia\/#primaryimage","url":"https:\/\/www.koonings.com\/wp-content\/uploads\/2025\/07\/50711_db2cd2d5d297aa28745e5aefc123472e56436eb8aacaa4d2a1424d4130578106e7d87c8c.jpeg","contentUrl":"https:\/\/www.koonings.com\/wp-content\/uploads\/2025\/07\/50711_db2cd2d5d297aa28745e5aefc123472e56436eb8aacaa4d2a1424d4130578106e7d87c8c.jpeg","width":1732,"height":2309},{"@type":"BreadcrumbList","@id":"https:\/\/www.koonings.com\/fr\/product\/poirier-t-224-top-mat-satine-gem-lucia\/#breadcrumb","itemListElement":[{"@type":"ListItem","position":1,"name":"Home","item":"https:\/\/www.koonings.com\/fr\/"},{"@type":"ListItem","position":2,"name":"Poirier T-224 Top mat satin\u00e9 | Gem| Lucia"}]},{"@type":"WebSite","@id":"https:\/\/www.koonings.com\/fr\/#website","url":"https:\/\/www.koonings.com\/fr\/","name":"Koonings","description":"De grootste bruidsmodewinkel ter wereld","publisher":{"@id":"https:\/\/www.koonings.com\/fr\/#organization"},"potentialAction":[{"@type":"SearchAction","target":{"@type":"EntryPoint","urlTemplate":"https:\/\/www.koonings.com\/fr\/?s={search_term_string}"},"query-input":{"@type":"PropertyValueSpecification","valueRequired":true,"valueName":"search_term_string"}}],"inLanguage":"fr-FR"},{"@type":"Organization","@id":"https:\/\/www.koonings.com\/fr\/#organization","name":"Koonings","url":"https:\/\/www.koonings.com\/fr\/","logo":{"@type":"ImageObject","inLanguage":"fr-FR","@id":"https:\/\/www.koonings.com\/fr\/#\/schema\/logo\/image\/","url":"https:\/\/www.koonings.com\/wp-content\/uploads\/2024\/07\/logo.png","contentUrl":"https:\/\/www.koonings.com\/wp-content\/uploads\/2024\/07\/logo.png","width":600,"height":428,"caption":"Koonings"},"image":{"@id":"https:\/\/www.koonings.com\/fr\/#\/schema\/logo\/image\/"},"sameAs":["https:\/\/www.facebook.com\/kooningstheweddingpalace","https:\/\/www.instagram.com\/kooningstheweddingpalace","https:\/\/www.pinterest.com\/koonings","https:\/\/www.youtube.com\/kooningstheweddingpalace"]}]}},"_links":{"self":[{"href":"https:\/\/www.koonings.com\/fr\/wp-json\/wp\/v2\/product\/94586","targetHints":{"allow":["GET"]}}],"collection":[{"href":"https:\/\/www.koonings.com\/fr\/wp-json\/wp\/v2\/product"}],"about":[{"href":"https:\/\/www.koonings.com\/fr\/wp-json\/wp\/v2\/types\/product"}],"wp:featuredmedia":[{"embeddable":true,"href":"https:\/\/www.koonings.com\/fr\/wp-json\/wp\/v2\/media\/89022"}],"wp:attachment":[{"href":"https:\/\/www.koonings.com\/fr\/wp-json\/wp\/v2\/media?parent=94586"}],"wp:term":[{"taxonomy":"productdetails","embeddable":true,"href":"https:\/\/www.koonings.com\/fr\/wp-json\/wp\/v2\/productdetails?post=94586"},{"taxonomy":"productneck","embeddable":true,"href":"https:\/\/www.koonings.com\/fr\/wp-json\/wp\/v2\/productneck?post=94586"},{"taxonomy":"productcolor","embeddable":true,"href":"https:\/\/www.koonings.com\/fr\/wp-json\/wp\/v2\/productcolor?post=94586"},{"taxonomy":"maat","embeddable":true,"href":"https:\/\/www.koonings.com\/fr\/wp-json\/wp\/v2\/maat?post=94586"},{"taxonomy":"productsupplier","embeddable":true,"href":"https:\/\/www.koonings.com\/fr\/wp-json\/wp\/v2\/productsupplier?post=94586"},{"taxonomy":"productsleeve","embeddable":true,"href":"https:\/\/www.koonings.com\/fr\/wp-json\/wp\/v2\/productsleeve?post=94586"},{"taxonomy":"productcategory","embeddable":true,"href":"https:\/\/www.koonings.com\/fr\/wp-json\/wp\/v2\/productcategory?post=94586"},{"taxonomy":"productsilhouette","embeddable":true,"href":"https:\/\/www.koonings.com\/fr\/wp-json\/wp\/v2\/productsilhouette?post=94586"},{"taxonomy":"productstyle","embeddable":true,"href":"https:\/\/www.koonings.com\/fr\/wp-json\/wp\/v2\/productstyle?post=94586"}],"curies":[{"name":"wp","href":"https:\/\/api.w.org\/{rel}","templated":true}]}}