{"id":94583,"date":"2026-04-14T16:34:14","date_gmt":"2026-04-14T14:34:14","guid":{"rendered":"https:\/\/www.koonings.com\/product\/poirier-sk-75348-jupe\/"},"modified":"2026-04-14T16:09:31","modified_gmt":"2026-04-14T14:09:31","slug":"poirier-sk-75348-jupe","status":"publish","type":"product","link":"https:\/\/www.koonings.com\/fr\/product\/poirier-sk-75348-jupe\/","title":{"rendered":"Poirier SK-75348 Jupe"},"content":{"rendered":"<p>SK-75348 &#8211; Superbe jupe enveloppante en tulle avec jupon, orn\u00e9e de paillettes et de perles<br \/>\nJupon en tulle avec jupon de la collection Poirier.<br \/>\nBrod\u00e9 de paillettes et de perles dans un motif floral.<br \/>\nIvoire.<br \/>\nFermeture crochet-\u0153il sur le c\u00f4t\u00e9.<br \/>\nTailles : S\/M, L\/XL.<br \/>\nLongueur devant : 125 cm ; longueur dos : 210 cm (tra\u00een\u00e9e).<br \/>\nVoile assorti : S75522-350\/1\/MED.<\/p>\n","protected":false},"featured_media":89043,"template":"","meta":{"_acf_changed":false,"ghostkit_customizer_options":"","ghostkit_custom_css":"","ghostkit_custom_js_head":"","ghostkit_custom_js_foot":"","ghostkit_typography":""},"productdetails":[],"productneck":[],"productcolor":[],"maat":[],"productsupplier":[416],"productsleeve":[],"productcategory":[509],"productsilhouette":[],"productstyle":[],"class_list":["post-94583","product","type-product","status-publish","has-post-thumbnail","hentry","productsupplier-poirier","productcategory-accessoires-bruid"],"acf":[],"yoast_head":"<!-- This site is optimized with the Yoast SEO plugin v27.3 - https:\/\/yoast.com\/product\/yoast-seo-wordpress\/ -->\n<title>Poirier SK-75348 Jupe | Koonings<\/title>\n<meta name=\"description\" content=\"SK-75348 - Superbe jupe enveloppante en tulle avec jupon, orn\u00e9e de paillettes et de perles Jupon en tulle avec jupon de la collection Poirier. Brod\u00e9 de paillettes et de perles dans un motif floral. Ivoire. Fermeture crochet-\u0153il sur le c\u00f4t\u00e9. Tailles : S\/M, L\/XL. Longueur devant : 125 cm ; longueur dos : 210 cm (tra\u00een\u00e9e). Voile assorti : S75522-350\/1\/MED.\" \/>\n<meta name=\"robots\" content=\"index, follow, max-snippet:-1, max-image-preview:large, max-video-preview:-1\" \/>\n<link rel=\"canonical\" href=\"https:\/\/www.koonings.com\/fr\/product\/poirier-sk-75348-jupe\/\" \/>\n<meta property=\"og:locale\" content=\"fr_FR\" \/>\n<meta property=\"og:type\" content=\"article\" \/>\n<meta property=\"og:title\" content=\"Poirier SK-75348 Jupe | Koonings\" \/>\n<meta property=\"og:description\" content=\"SK-75348 - Superbe jupe enveloppante en tulle avec jupon, orn\u00e9e de paillettes et de perles Jupon en tulle avec jupon de la collection Poirier. Brod\u00e9 de paillettes et de perles dans un motif floral. Ivoire. Fermeture crochet-\u0153il sur le c\u00f4t\u00e9. Tailles : S\/M, L\/XL. Longueur devant : 125 cm ; longueur dos : 210 cm (tra\u00een\u00e9e). Voile assorti : S75522-350\/1\/MED.\" \/>\n<meta property=\"og:url\" content=\"https:\/\/www.koonings.com\/fr\/product\/poirier-sk-75348-jupe\/\" \/>\n<meta property=\"og:site_name\" content=\"Koonings\" \/>\n<meta property=\"article:publisher\" content=\"https:\/\/www.facebook.com\/kooningstheweddingpalace\" \/>\n<meta property=\"og:image\" content=\"https:\/\/www.koonings.com\/wp-content\/uploads\/2025\/07\/50712_6849b4b5469ee438318bc0f1e4d3bf5435a63e5405433e6658518350effc6e5ef4f814a1.jpeg\" \/>\n\t<meta property=\"og:image:width\" content=\"1349\" \/>\n\t<meta property=\"og:image:height\" content=\"1800\" \/>\n\t<meta property=\"og:image:type\" content=\"image\/jpeg\" \/>\n<meta name=\"twitter:card\" content=\"summary_large_image\" \/>\n<script type=\"application\/ld+json\" class=\"yoast-schema-graph\">{\"@context\":\"https:\\\/\\\/schema.org\",\"@graph\":[{\"@type\":\"WebPage\",\"@id\":\"https:\\\/\\\/www.koonings.com\\\/fr\\\/product\\\/poirier-sk-75348-jupe\\\/\",\"url\":\"https:\\\/\\\/www.koonings.com\\\/fr\\\/product\\\/poirier-sk-75348-jupe\\\/\",\"name\":\"Poirier SK-75348 Jupe | Koonings\",\"isPartOf\":{\"@id\":\"https:\\\/\\\/www.koonings.com\\\/fr\\\/#website\"},\"primaryImageOfPage\":{\"@id\":\"https:\\\/\\\/www.koonings.com\\\/fr\\\/product\\\/poirier-sk-75348-jupe\\\/#primaryimage\"},\"image\":{\"@id\":\"https:\\\/\\\/www.koonings.com\\\/fr\\\/product\\\/poirier-sk-75348-jupe\\\/#primaryimage\"},\"thumbnailUrl\":\"https:\\\/\\\/www.koonings.com\\\/wp-content\\\/uploads\\\/2025\\\/07\\\/50712_6849b4b5469ee438318bc0f1e4d3bf5435a63e5405433e6658518350effc6e5ef4f814a1.jpeg\",\"datePublished\":\"2026-04-14T14:34:14+00:00\",\"description\":\"SK-75348 - Superbe jupe enveloppante en tulle avec jupon, orn\u00e9e de paillettes et de perles Jupon en tulle avec jupon de la collection Poirier. Brod\u00e9 de paillettes et de perles dans un motif floral. Ivoire. Fermeture crochet-\u0153il sur le c\u00f4t\u00e9. Tailles : S\\\/M, L\\\/XL. Longueur devant : 125 cm ; longueur dos : 210 cm (tra\u00een\u00e9e). Voile assorti : S75522-350\\\/1\\\/MED.\",\"breadcrumb\":{\"@id\":\"https:\\\/\\\/www.koonings.com\\\/fr\\\/product\\\/poirier-sk-75348-jupe\\\/#breadcrumb\"},\"inLanguage\":\"fr-FR\",\"potentialAction\":[{\"@type\":\"ReadAction\",\"target\":[\"https:\\\/\\\/www.koonings.com\\\/fr\\\/product\\\/poirier-sk-75348-jupe\\\/\"]}]},{\"@type\":\"ImageObject\",\"inLanguage\":\"fr-FR\",\"@id\":\"https:\\\/\\\/www.koonings.com\\\/fr\\\/product\\\/poirier-sk-75348-jupe\\\/#primaryimage\",\"url\":\"https:\\\/\\\/www.koonings.com\\\/wp-content\\\/uploads\\\/2025\\\/07\\\/50712_6849b4b5469ee438318bc0f1e4d3bf5435a63e5405433e6658518350effc6e5ef4f814a1.jpeg\",\"contentUrl\":\"https:\\\/\\\/www.koonings.com\\\/wp-content\\\/uploads\\\/2025\\\/07\\\/50712_6849b4b5469ee438318bc0f1e4d3bf5435a63e5405433e6658518350effc6e5ef4f814a1.jpeg\",\"width\":1349,\"height\":1800},{\"@type\":\"BreadcrumbList\",\"@id\":\"https:\\\/\\\/www.koonings.com\\\/fr\\\/product\\\/poirier-sk-75348-jupe\\\/#breadcrumb\",\"itemListElement\":[{\"@type\":\"ListItem\",\"position\":1,\"name\":\"Home\",\"item\":\"https:\\\/\\\/www.koonings.com\\\/fr\\\/\"},{\"@type\":\"ListItem\",\"position\":2,\"name\":\"Poirier SK-75348 Jupe\"}]},{\"@type\":\"WebSite\",\"@id\":\"https:\\\/\\\/www.koonings.com\\\/fr\\\/#website\",\"url\":\"https:\\\/\\\/www.koonings.com\\\/fr\\\/\",\"name\":\"Koonings\",\"description\":\"De grootste bruidsmodewinkel ter wereld\",\"publisher\":{\"@id\":\"https:\\\/\\\/www.koonings.com\\\/fr\\\/#organization\"},\"potentialAction\":[{\"@type\":\"SearchAction\",\"target\":{\"@type\":\"EntryPoint\",\"urlTemplate\":\"https:\\\/\\\/www.koonings.com\\\/fr\\\/?s={search_term_string}\"},\"query-input\":{\"@type\":\"PropertyValueSpecification\",\"valueRequired\":true,\"valueName\":\"search_term_string\"}}],\"inLanguage\":\"fr-FR\"},{\"@type\":\"Organization\",\"@id\":\"https:\\\/\\\/www.koonings.com\\\/fr\\\/#organization\",\"name\":\"Koonings\",\"url\":\"https:\\\/\\\/www.koonings.com\\\/fr\\\/\",\"logo\":{\"@type\":\"ImageObject\",\"inLanguage\":\"fr-FR\",\"@id\":\"https:\\\/\\\/www.koonings.com\\\/fr\\\/#\\\/schema\\\/logo\\\/image\\\/\",\"url\":\"https:\\\/\\\/www.koonings.com\\\/wp-content\\\/uploads\\\/2024\\\/07\\\/logo.png\",\"contentUrl\":\"https:\\\/\\\/www.koonings.com\\\/wp-content\\\/uploads\\\/2024\\\/07\\\/logo.png\",\"width\":600,\"height\":428,\"caption\":\"Koonings\"},\"image\":{\"@id\":\"https:\\\/\\\/www.koonings.com\\\/fr\\\/#\\\/schema\\\/logo\\\/image\\\/\"},\"sameAs\":[\"https:\\\/\\\/www.facebook.com\\\/kooningstheweddingpalace\",\"https:\\\/\\\/www.instagram.com\\\/kooningstheweddingpalace\",\"https:\\\/\\\/www.pinterest.com\\\/koonings\",\"https:\\\/\\\/www.youtube.com\\\/kooningstheweddingpalace\"]}]}<\/script>\n<!-- \/ Yoast SEO plugin. -->","yoast_head_json":{"title":"Poirier SK-75348 Jupe | Koonings","description":"SK-75348 - Superbe jupe enveloppante en tulle avec jupon, orn\u00e9e de paillettes et de perles Jupon en tulle avec jupon de la collection Poirier. Brod\u00e9 de paillettes et de perles dans un motif floral. Ivoire. Fermeture crochet-\u0153il sur le c\u00f4t\u00e9. Tailles : S\/M, L\/XL. Longueur devant : 125 cm ; longueur dos : 210 cm (tra\u00een\u00e9e). Voile assorti : S75522-350\/1\/MED.","robots":{"index":"index","follow":"follow","max-snippet":"max-snippet:-1","max-image-preview":"max-image-preview:large","max-video-preview":"max-video-preview:-1"},"canonical":"https:\/\/www.koonings.com\/fr\/product\/poirier-sk-75348-jupe\/","og_locale":"fr_FR","og_type":"article","og_title":"Poirier SK-75348 Jupe | Koonings","og_description":"SK-75348 - Superbe jupe enveloppante en tulle avec jupon, orn\u00e9e de paillettes et de perles Jupon en tulle avec jupon de la collection Poirier. Brod\u00e9 de paillettes et de perles dans un motif floral. Ivoire. Fermeture crochet-\u0153il sur le c\u00f4t\u00e9. Tailles : S\/M, L\/XL. Longueur devant : 125 cm ; longueur dos : 210 cm (tra\u00een\u00e9e). Voile assorti : S75522-350\/1\/MED.","og_url":"https:\/\/www.koonings.com\/fr\/product\/poirier-sk-75348-jupe\/","og_site_name":"Koonings","article_publisher":"https:\/\/www.facebook.com\/kooningstheweddingpalace","og_image":[{"width":1349,"height":1800,"url":"https:\/\/www.koonings.com\/wp-content\/uploads\/2025\/07\/50712_6849b4b5469ee438318bc0f1e4d3bf5435a63e5405433e6658518350effc6e5ef4f814a1.jpeg","type":"image\/jpeg"}],"twitter_card":"summary_large_image","schema":{"@context":"https:\/\/schema.org","@graph":[{"@type":"WebPage","@id":"https:\/\/www.koonings.com\/fr\/product\/poirier-sk-75348-jupe\/","url":"https:\/\/www.koonings.com\/fr\/product\/poirier-sk-75348-jupe\/","name":"Poirier SK-75348 Jupe | Koonings","isPartOf":{"@id":"https:\/\/www.koonings.com\/fr\/#website"},"primaryImageOfPage":{"@id":"https:\/\/www.koonings.com\/fr\/product\/poirier-sk-75348-jupe\/#primaryimage"},"image":{"@id":"https:\/\/www.koonings.com\/fr\/product\/poirier-sk-75348-jupe\/#primaryimage"},"thumbnailUrl":"https:\/\/www.koonings.com\/wp-content\/uploads\/2025\/07\/50712_6849b4b5469ee438318bc0f1e4d3bf5435a63e5405433e6658518350effc6e5ef4f814a1.jpeg","datePublished":"2026-04-14T14:34:14+00:00","description":"SK-75348 - Superbe jupe enveloppante en tulle avec jupon, orn\u00e9e de paillettes et de perles Jupon en tulle avec jupon de la collection Poirier. Brod\u00e9 de paillettes et de perles dans un motif floral. Ivoire. Fermeture crochet-\u0153il sur le c\u00f4t\u00e9. Tailles : S\/M, L\/XL. Longueur devant : 125 cm ; longueur dos : 210 cm (tra\u00een\u00e9e). Voile assorti : S75522-350\/1\/MED.","breadcrumb":{"@id":"https:\/\/www.koonings.com\/fr\/product\/poirier-sk-75348-jupe\/#breadcrumb"},"inLanguage":"fr-FR","potentialAction":[{"@type":"ReadAction","target":["https:\/\/www.koonings.com\/fr\/product\/poirier-sk-75348-jupe\/"]}]},{"@type":"ImageObject","inLanguage":"fr-FR","@id":"https:\/\/www.koonings.com\/fr\/product\/poirier-sk-75348-jupe\/#primaryimage","url":"https:\/\/www.koonings.com\/wp-content\/uploads\/2025\/07\/50712_6849b4b5469ee438318bc0f1e4d3bf5435a63e5405433e6658518350effc6e5ef4f814a1.jpeg","contentUrl":"https:\/\/www.koonings.com\/wp-content\/uploads\/2025\/07\/50712_6849b4b5469ee438318bc0f1e4d3bf5435a63e5405433e6658518350effc6e5ef4f814a1.jpeg","width":1349,"height":1800},{"@type":"BreadcrumbList","@id":"https:\/\/www.koonings.com\/fr\/product\/poirier-sk-75348-jupe\/#breadcrumb","itemListElement":[{"@type":"ListItem","position":1,"name":"Home","item":"https:\/\/www.koonings.com\/fr\/"},{"@type":"ListItem","position":2,"name":"Poirier SK-75348 Jupe"}]},{"@type":"WebSite","@id":"https:\/\/www.koonings.com\/fr\/#website","url":"https:\/\/www.koonings.com\/fr\/","name":"Koonings","description":"De grootste bruidsmodewinkel ter wereld","publisher":{"@id":"https:\/\/www.koonings.com\/fr\/#organization"},"potentialAction":[{"@type":"SearchAction","target":{"@type":"EntryPoint","urlTemplate":"https:\/\/www.koonings.com\/fr\/?s={search_term_string}"},"query-input":{"@type":"PropertyValueSpecification","valueRequired":true,"valueName":"search_term_string"}}],"inLanguage":"fr-FR"},{"@type":"Organization","@id":"https:\/\/www.koonings.com\/fr\/#organization","name":"Koonings","url":"https:\/\/www.koonings.com\/fr\/","logo":{"@type":"ImageObject","inLanguage":"fr-FR","@id":"https:\/\/www.koonings.com\/fr\/#\/schema\/logo\/image\/","url":"https:\/\/www.koonings.com\/wp-content\/uploads\/2024\/07\/logo.png","contentUrl":"https:\/\/www.koonings.com\/wp-content\/uploads\/2024\/07\/logo.png","width":600,"height":428,"caption":"Koonings"},"image":{"@id":"https:\/\/www.koonings.com\/fr\/#\/schema\/logo\/image\/"},"sameAs":["https:\/\/www.facebook.com\/kooningstheweddingpalace","https:\/\/www.instagram.com\/kooningstheweddingpalace","https:\/\/www.pinterest.com\/koonings","https:\/\/www.youtube.com\/kooningstheweddingpalace"]}]}},"_links":{"self":[{"href":"https:\/\/www.koonings.com\/fr\/wp-json\/wp\/v2\/product\/94583","targetHints":{"allow":["GET"]}}],"collection":[{"href":"https:\/\/www.koonings.com\/fr\/wp-json\/wp\/v2\/product"}],"about":[{"href":"https:\/\/www.koonings.com\/fr\/wp-json\/wp\/v2\/types\/product"}],"wp:featuredmedia":[{"embeddable":true,"href":"https:\/\/www.koonings.com\/fr\/wp-json\/wp\/v2\/media\/89043"}],"wp:attachment":[{"href":"https:\/\/www.koonings.com\/fr\/wp-json\/wp\/v2\/media?parent=94583"}],"wp:term":[{"taxonomy":"productdetails","embeddable":true,"href":"https:\/\/www.koonings.com\/fr\/wp-json\/wp\/v2\/productdetails?post=94583"},{"taxonomy":"productneck","embeddable":true,"href":"https:\/\/www.koonings.com\/fr\/wp-json\/wp\/v2\/productneck?post=94583"},{"taxonomy":"productcolor","embeddable":true,"href":"https:\/\/www.koonings.com\/fr\/wp-json\/wp\/v2\/productcolor?post=94583"},{"taxonomy":"maat","embeddable":true,"href":"https:\/\/www.koonings.com\/fr\/wp-json\/wp\/v2\/maat?post=94583"},{"taxonomy":"productsupplier","embeddable":true,"href":"https:\/\/www.koonings.com\/fr\/wp-json\/wp\/v2\/productsupplier?post=94583"},{"taxonomy":"productsleeve","embeddable":true,"href":"https:\/\/www.koonings.com\/fr\/wp-json\/wp\/v2\/productsleeve?post=94583"},{"taxonomy":"productcategory","embeddable":true,"href":"https:\/\/www.koonings.com\/fr\/wp-json\/wp\/v2\/productcategory?post=94583"},{"taxonomy":"productsilhouette","embeddable":true,"href":"https:\/\/www.koonings.com\/fr\/wp-json\/wp\/v2\/productsilhouette?post=94583"},{"taxonomy":"productstyle","embeddable":true,"href":"https:\/\/www.koonings.com\/fr\/wp-json\/wp\/v2\/productstyle?post=94583"}],"curies":[{"name":"wp","href":"https:\/\/api.w.org\/{rel}","templated":true}]}}