{"id":94543,"date":"2026-04-14T16:34:22","date_gmt":"2026-04-14T14:34:22","guid":{"rendered":"https:\/\/www.koonings.com\/product\/poirier-st-75324-etole-paillettes\/"},"modified":"2026-04-14T16:09:12","modified_gmt":"2026-04-14T14:09:12","slug":"poirier-st-75324-etole-paillettes","status":"publish","type":"product","link":"https:\/\/www.koonings.com\/fr\/product\/poirier-st-75324-etole-paillettes\/","title":{"rendered":"Poirier ST-75324 Etole | Paillettes"},"content":{"rendered":"<p>ST-75324 &#8211; \u00c9tole \u00e9l\u00e9gante en tulle ivoire avec paillettes et perles en forme de diamant<br \/>\n\u00c9tole \u00e0 manches longues de la collection Poirier.<br \/>\nEn tulle.<br \/>\nOrn\u00e9e de paillettes et de perles.<br \/>\nIvoire.<br \/>\nTailles : S\/M, L\/XL.<br \/>\nMagnifique en combinaison avec le top T-75422.<\/p>\n","protected":false},"featured_media":89321,"template":"","meta":{"_acf_changed":false,"ghostkit_customizer_options":"","ghostkit_custom_css":"","ghostkit_custom_js_head":"","ghostkit_custom_js_foot":"","ghostkit_typography":""},"productdetails":[],"productneck":[],"productcolor":[],"maat":[],"productsupplier":[416],"productsleeve":[],"productcategory":[509],"productsilhouette":[],"productstyle":[],"class_list":["post-94543","product","type-product","status-publish","has-post-thumbnail","hentry","productsupplier-poirier","productcategory-accessoires-bruid"],"acf":[],"yoast_head":"<!-- This site is optimized with the Yoast SEO plugin v27.3 - https:\/\/yoast.com\/product\/yoast-seo-wordpress\/ -->\n<title>Poirier ST-75324 Etole | Paillettes | Koonings<\/title>\n<meta name=\"description\" content=\"ST-75324 - \u00c9tole \u00e9l\u00e9gante en tulle ivoire avec paillettes et perles en forme de diamant \u00c9tole \u00e0 manches longues de la collection Poirier. En tulle. Orn\u00e9e de paillettes et de perles. Ivoire. Tailles : S\/M, L\/XL. Magnifique en combinaison avec le top T-75422.\" \/>\n<meta name=\"robots\" content=\"index, follow, max-snippet:-1, max-image-preview:large, max-video-preview:-1\" \/>\n<link rel=\"canonical\" href=\"https:\/\/www.koonings.com\/fr\/product\/poirier-st-75324-etole-paillettes\/\" \/>\n<meta property=\"og:locale\" content=\"fr_FR\" \/>\n<meta property=\"og:type\" content=\"article\" \/>\n<meta property=\"og:title\" content=\"Poirier ST-75324 Etole | Paillettes | Koonings\" \/>\n<meta property=\"og:description\" content=\"ST-75324 - \u00c9tole \u00e9l\u00e9gante en tulle ivoire avec paillettes et perles en forme de diamant \u00c9tole \u00e0 manches longues de la collection Poirier. En tulle. Orn\u00e9e de paillettes et de perles. Ivoire. Tailles : S\/M, L\/XL. Magnifique en combinaison avec le top T-75422.\" \/>\n<meta property=\"og:url\" content=\"https:\/\/www.koonings.com\/fr\/product\/poirier-st-75324-etole-paillettes\/\" \/>\n<meta property=\"og:site_name\" content=\"Koonings\" \/>\n<meta property=\"article:publisher\" content=\"https:\/\/www.facebook.com\/kooningstheweddingpalace\" \/>\n<meta property=\"og:image\" content=\"https:\/\/www.koonings.com\/wp-content\/uploads\/2025\/07\/50732_92699db5b8ed20a43177aad3645fcee175b2ec1ee4d2aa26cee21c6098ed9788ae71eec4.jpeg\" \/>\n\t<meta property=\"og:image:width\" content=\"1650\" \/>\n\t<meta property=\"og:image:height\" content=\"2200\" \/>\n\t<meta property=\"og:image:type\" content=\"image\/jpeg\" \/>\n<meta name=\"twitter:card\" content=\"summary_large_image\" \/>\n<script type=\"application\/ld+json\" class=\"yoast-schema-graph\">{\"@context\":\"https:\\\/\\\/schema.org\",\"@graph\":[{\"@type\":\"WebPage\",\"@id\":\"https:\\\/\\\/www.koonings.com\\\/fr\\\/product\\\/poirier-st-75324-etole-paillettes\\\/\",\"url\":\"https:\\\/\\\/www.koonings.com\\\/fr\\\/product\\\/poirier-st-75324-etole-paillettes\\\/\",\"name\":\"Poirier ST-75324 Etole | Paillettes | Koonings\",\"isPartOf\":{\"@id\":\"https:\\\/\\\/www.koonings.com\\\/fr\\\/#website\"},\"primaryImageOfPage\":{\"@id\":\"https:\\\/\\\/www.koonings.com\\\/fr\\\/product\\\/poirier-st-75324-etole-paillettes\\\/#primaryimage\"},\"image\":{\"@id\":\"https:\\\/\\\/www.koonings.com\\\/fr\\\/product\\\/poirier-st-75324-etole-paillettes\\\/#primaryimage\"},\"thumbnailUrl\":\"https:\\\/\\\/www.koonings.com\\\/wp-content\\\/uploads\\\/2025\\\/07\\\/50732_92699db5b8ed20a43177aad3645fcee175b2ec1ee4d2aa26cee21c6098ed9788ae71eec4.jpeg\",\"datePublished\":\"2026-04-14T14:34:22+00:00\",\"description\":\"ST-75324 - \u00c9tole \u00e9l\u00e9gante en tulle ivoire avec paillettes et perles en forme de diamant \u00c9tole \u00e0 manches longues de la collection Poirier. En tulle. Orn\u00e9e de paillettes et de perles. Ivoire. Tailles : S\\\/M, L\\\/XL. Magnifique en combinaison avec le top T-75422.\",\"breadcrumb\":{\"@id\":\"https:\\\/\\\/www.koonings.com\\\/fr\\\/product\\\/poirier-st-75324-etole-paillettes\\\/#breadcrumb\"},\"inLanguage\":\"fr-FR\",\"potentialAction\":[{\"@type\":\"ReadAction\",\"target\":[\"https:\\\/\\\/www.koonings.com\\\/fr\\\/product\\\/poirier-st-75324-etole-paillettes\\\/\"]}]},{\"@type\":\"ImageObject\",\"inLanguage\":\"fr-FR\",\"@id\":\"https:\\\/\\\/www.koonings.com\\\/fr\\\/product\\\/poirier-st-75324-etole-paillettes\\\/#primaryimage\",\"url\":\"https:\\\/\\\/www.koonings.com\\\/wp-content\\\/uploads\\\/2025\\\/07\\\/50732_92699db5b8ed20a43177aad3645fcee175b2ec1ee4d2aa26cee21c6098ed9788ae71eec4.jpeg\",\"contentUrl\":\"https:\\\/\\\/www.koonings.com\\\/wp-content\\\/uploads\\\/2025\\\/07\\\/50732_92699db5b8ed20a43177aad3645fcee175b2ec1ee4d2aa26cee21c6098ed9788ae71eec4.jpeg\",\"width\":1650,\"height\":2200},{\"@type\":\"BreadcrumbList\",\"@id\":\"https:\\\/\\\/www.koonings.com\\\/fr\\\/product\\\/poirier-st-75324-etole-paillettes\\\/#breadcrumb\",\"itemListElement\":[{\"@type\":\"ListItem\",\"position\":1,\"name\":\"Home\",\"item\":\"https:\\\/\\\/www.koonings.com\\\/fr\\\/\"},{\"@type\":\"ListItem\",\"position\":2,\"name\":\"Poirier ST-75324 Etole | Paillettes\"}]},{\"@type\":\"WebSite\",\"@id\":\"https:\\\/\\\/www.koonings.com\\\/fr\\\/#website\",\"url\":\"https:\\\/\\\/www.koonings.com\\\/fr\\\/\",\"name\":\"Koonings\",\"description\":\"De grootste bruidsmodewinkel ter wereld\",\"publisher\":{\"@id\":\"https:\\\/\\\/www.koonings.com\\\/fr\\\/#organization\"},\"potentialAction\":[{\"@type\":\"SearchAction\",\"target\":{\"@type\":\"EntryPoint\",\"urlTemplate\":\"https:\\\/\\\/www.koonings.com\\\/fr\\\/?s={search_term_string}\"},\"query-input\":{\"@type\":\"PropertyValueSpecification\",\"valueRequired\":true,\"valueName\":\"search_term_string\"}}],\"inLanguage\":\"fr-FR\"},{\"@type\":\"Organization\",\"@id\":\"https:\\\/\\\/www.koonings.com\\\/fr\\\/#organization\",\"name\":\"Koonings\",\"url\":\"https:\\\/\\\/www.koonings.com\\\/fr\\\/\",\"logo\":{\"@type\":\"ImageObject\",\"inLanguage\":\"fr-FR\",\"@id\":\"https:\\\/\\\/www.koonings.com\\\/fr\\\/#\\\/schema\\\/logo\\\/image\\\/\",\"url\":\"https:\\\/\\\/www.koonings.com\\\/wp-content\\\/uploads\\\/2024\\\/07\\\/logo.png\",\"contentUrl\":\"https:\\\/\\\/www.koonings.com\\\/wp-content\\\/uploads\\\/2024\\\/07\\\/logo.png\",\"width\":600,\"height\":428,\"caption\":\"Koonings\"},\"image\":{\"@id\":\"https:\\\/\\\/www.koonings.com\\\/fr\\\/#\\\/schema\\\/logo\\\/image\\\/\"},\"sameAs\":[\"https:\\\/\\\/www.facebook.com\\\/kooningstheweddingpalace\",\"https:\\\/\\\/www.instagram.com\\\/kooningstheweddingpalace\",\"https:\\\/\\\/www.pinterest.com\\\/koonings\",\"https:\\\/\\\/www.youtube.com\\\/kooningstheweddingpalace\"]}]}<\/script>\n<!-- \/ Yoast SEO plugin. -->","yoast_head_json":{"title":"Poirier ST-75324 Etole | Paillettes | Koonings","description":"ST-75324 - \u00c9tole \u00e9l\u00e9gante en tulle ivoire avec paillettes et perles en forme de diamant \u00c9tole \u00e0 manches longues de la collection Poirier. En tulle. Orn\u00e9e de paillettes et de perles. Ivoire. Tailles : S\/M, L\/XL. Magnifique en combinaison avec le top T-75422.","robots":{"index":"index","follow":"follow","max-snippet":"max-snippet:-1","max-image-preview":"max-image-preview:large","max-video-preview":"max-video-preview:-1"},"canonical":"https:\/\/www.koonings.com\/fr\/product\/poirier-st-75324-etole-paillettes\/","og_locale":"fr_FR","og_type":"article","og_title":"Poirier ST-75324 Etole | Paillettes | Koonings","og_description":"ST-75324 - \u00c9tole \u00e9l\u00e9gante en tulle ivoire avec paillettes et perles en forme de diamant \u00c9tole \u00e0 manches longues de la collection Poirier. En tulle. Orn\u00e9e de paillettes et de perles. Ivoire. Tailles : S\/M, L\/XL. Magnifique en combinaison avec le top T-75422.","og_url":"https:\/\/www.koonings.com\/fr\/product\/poirier-st-75324-etole-paillettes\/","og_site_name":"Koonings","article_publisher":"https:\/\/www.facebook.com\/kooningstheweddingpalace","og_image":[{"width":1650,"height":2200,"url":"https:\/\/www.koonings.com\/wp-content\/uploads\/2025\/07\/50732_92699db5b8ed20a43177aad3645fcee175b2ec1ee4d2aa26cee21c6098ed9788ae71eec4.jpeg","type":"image\/jpeg"}],"twitter_card":"summary_large_image","schema":{"@context":"https:\/\/schema.org","@graph":[{"@type":"WebPage","@id":"https:\/\/www.koonings.com\/fr\/product\/poirier-st-75324-etole-paillettes\/","url":"https:\/\/www.koonings.com\/fr\/product\/poirier-st-75324-etole-paillettes\/","name":"Poirier ST-75324 Etole | Paillettes | Koonings","isPartOf":{"@id":"https:\/\/www.koonings.com\/fr\/#website"},"primaryImageOfPage":{"@id":"https:\/\/www.koonings.com\/fr\/product\/poirier-st-75324-etole-paillettes\/#primaryimage"},"image":{"@id":"https:\/\/www.koonings.com\/fr\/product\/poirier-st-75324-etole-paillettes\/#primaryimage"},"thumbnailUrl":"https:\/\/www.koonings.com\/wp-content\/uploads\/2025\/07\/50732_92699db5b8ed20a43177aad3645fcee175b2ec1ee4d2aa26cee21c6098ed9788ae71eec4.jpeg","datePublished":"2026-04-14T14:34:22+00:00","description":"ST-75324 - \u00c9tole \u00e9l\u00e9gante en tulle ivoire avec paillettes et perles en forme de diamant \u00c9tole \u00e0 manches longues de la collection Poirier. En tulle. Orn\u00e9e de paillettes et de perles. Ivoire. Tailles : S\/M, L\/XL. Magnifique en combinaison avec le top T-75422.","breadcrumb":{"@id":"https:\/\/www.koonings.com\/fr\/product\/poirier-st-75324-etole-paillettes\/#breadcrumb"},"inLanguage":"fr-FR","potentialAction":[{"@type":"ReadAction","target":["https:\/\/www.koonings.com\/fr\/product\/poirier-st-75324-etole-paillettes\/"]}]},{"@type":"ImageObject","inLanguage":"fr-FR","@id":"https:\/\/www.koonings.com\/fr\/product\/poirier-st-75324-etole-paillettes\/#primaryimage","url":"https:\/\/www.koonings.com\/wp-content\/uploads\/2025\/07\/50732_92699db5b8ed20a43177aad3645fcee175b2ec1ee4d2aa26cee21c6098ed9788ae71eec4.jpeg","contentUrl":"https:\/\/www.koonings.com\/wp-content\/uploads\/2025\/07\/50732_92699db5b8ed20a43177aad3645fcee175b2ec1ee4d2aa26cee21c6098ed9788ae71eec4.jpeg","width":1650,"height":2200},{"@type":"BreadcrumbList","@id":"https:\/\/www.koonings.com\/fr\/product\/poirier-st-75324-etole-paillettes\/#breadcrumb","itemListElement":[{"@type":"ListItem","position":1,"name":"Home","item":"https:\/\/www.koonings.com\/fr\/"},{"@type":"ListItem","position":2,"name":"Poirier ST-75324 Etole | Paillettes"}]},{"@type":"WebSite","@id":"https:\/\/www.koonings.com\/fr\/#website","url":"https:\/\/www.koonings.com\/fr\/","name":"Koonings","description":"De grootste bruidsmodewinkel ter wereld","publisher":{"@id":"https:\/\/www.koonings.com\/fr\/#organization"},"potentialAction":[{"@type":"SearchAction","target":{"@type":"EntryPoint","urlTemplate":"https:\/\/www.koonings.com\/fr\/?s={search_term_string}"},"query-input":{"@type":"PropertyValueSpecification","valueRequired":true,"valueName":"search_term_string"}}],"inLanguage":"fr-FR"},{"@type":"Organization","@id":"https:\/\/www.koonings.com\/fr\/#organization","name":"Koonings","url":"https:\/\/www.koonings.com\/fr\/","logo":{"@type":"ImageObject","inLanguage":"fr-FR","@id":"https:\/\/www.koonings.com\/fr\/#\/schema\/logo\/image\/","url":"https:\/\/www.koonings.com\/wp-content\/uploads\/2024\/07\/logo.png","contentUrl":"https:\/\/www.koonings.com\/wp-content\/uploads\/2024\/07\/logo.png","width":600,"height":428,"caption":"Koonings"},"image":{"@id":"https:\/\/www.koonings.com\/fr\/#\/schema\/logo\/image\/"},"sameAs":["https:\/\/www.facebook.com\/kooningstheweddingpalace","https:\/\/www.instagram.com\/kooningstheweddingpalace","https:\/\/www.pinterest.com\/koonings","https:\/\/www.youtube.com\/kooningstheweddingpalace"]}]}},"_links":{"self":[{"href":"https:\/\/www.koonings.com\/fr\/wp-json\/wp\/v2\/product\/94543","targetHints":{"allow":["GET"]}}],"collection":[{"href":"https:\/\/www.koonings.com\/fr\/wp-json\/wp\/v2\/product"}],"about":[{"href":"https:\/\/www.koonings.com\/fr\/wp-json\/wp\/v2\/types\/product"}],"wp:featuredmedia":[{"embeddable":true,"href":"https:\/\/www.koonings.com\/fr\/wp-json\/wp\/v2\/media\/89321"}],"wp:attachment":[{"href":"https:\/\/www.koonings.com\/fr\/wp-json\/wp\/v2\/media?parent=94543"}],"wp:term":[{"taxonomy":"productdetails","embeddable":true,"href":"https:\/\/www.koonings.com\/fr\/wp-json\/wp\/v2\/productdetails?post=94543"},{"taxonomy":"productneck","embeddable":true,"href":"https:\/\/www.koonings.com\/fr\/wp-json\/wp\/v2\/productneck?post=94543"},{"taxonomy":"productcolor","embeddable":true,"href":"https:\/\/www.koonings.com\/fr\/wp-json\/wp\/v2\/productcolor?post=94543"},{"taxonomy":"maat","embeddable":true,"href":"https:\/\/www.koonings.com\/fr\/wp-json\/wp\/v2\/maat?post=94543"},{"taxonomy":"productsupplier","embeddable":true,"href":"https:\/\/www.koonings.com\/fr\/wp-json\/wp\/v2\/productsupplier?post=94543"},{"taxonomy":"productsleeve","embeddable":true,"href":"https:\/\/www.koonings.com\/fr\/wp-json\/wp\/v2\/productsleeve?post=94543"},{"taxonomy":"productcategory","embeddable":true,"href":"https:\/\/www.koonings.com\/fr\/wp-json\/wp\/v2\/productcategory?post=94543"},{"taxonomy":"productsilhouette","embeddable":true,"href":"https:\/\/www.koonings.com\/fr\/wp-json\/wp\/v2\/productsilhouette?post=94543"},{"taxonomy":"productstyle","embeddable":true,"href":"https:\/\/www.koonings.com\/fr\/wp-json\/wp\/v2\/productstyle?post=94543"}],"curies":[{"name":"wp","href":"https:\/\/api.w.org\/{rel}","templated":true}]}}