{"id":94535,"date":"2026-04-14T16:34:18","date_gmt":"2026-04-14T14:34:18","guid":{"rendered":"https:\/\/www.koonings.com\/product\/poirier-sk-75345-jupe-uma\/"},"modified":"2026-04-14T15:47:53","modified_gmt":"2026-04-14T13:47:53","slug":"poirier-sk-75345-jupe-uma","status":"publish","type":"product","link":"https:\/\/www.koonings.com\/fr\/product\/poirier-sk-75345-jupe-uma\/","title":{"rendered":"Poirier SK-75345 Jupe | Uma"},"content":{"rendered":"<p>SK-75345 &#8211; Jupe de luxe en tulle brod\u00e9<br \/>\nJupe en tulle de la ligne Uma de Poirier.<br \/>\nTulle brod\u00e9 avec motifs floraux, paillettes et perles.<br \/>\nIvoire.<br \/>\nFente sur le devant \u00e0 gauche.<br \/>\nPetit slip.<br \/>\nLa jupe est finie avec une doublure int\u00e9rieure pour plus de confort.<br \/>\nL&#8217;utilisation de trois couches de tulle doux pour un volume subtil et un look naturel.<br \/>\nTailles : XS, S, M, L, XL.<br \/>\nTop T-75416 et voile S75502-280\/1 de la ligne Uma assortis.<\/p>\n","protected":false},"featured_media":89172,"template":"","meta":{"_acf_changed":false,"ghostkit_customizer_options":"","ghostkit_custom_css":"","ghostkit_custom_js_head":"","ghostkit_custom_js_foot":"","ghostkit_typography":""},"productdetails":[],"productneck":[],"productcolor":[],"maat":[],"productsupplier":[416],"productsleeve":[],"productcategory":[509],"productsilhouette":[],"productstyle":[],"class_list":["post-94535","product","type-product","status-publish","has-post-thumbnail","hentry","productsupplier-poirier","productcategory-accessoires-bruid"],"acf":[],"yoast_head":"<!-- This site is optimized with the Yoast SEO plugin v27.3 - https:\/\/yoast.com\/product\/yoast-seo-wordpress\/ -->\n<title>Poirier SK-75345 Jupe | Uma | Koonings<\/title>\n<meta name=\"description\" content=\"SK-75345 - Jupe de luxe en tulle brod\u00e9 Jupe en tulle de la ligne Uma de Poirier. Tulle brod\u00e9 avec motifs floraux, paillettes et perles. Ivoire. Fente sur le devant \u00e0 gauche. Petit slip. La jupe est finie avec une doublure int\u00e9rieure pour plus de confort. L&#039;utilisation de trois couches de tulle doux pour un volume subtil et un look naturel. Tailles : XS, S, M, L, XL. Top T-75416 et voile S75502-280\/1 de la ligne Uma assortis.\" \/>\n<meta name=\"robots\" content=\"index, follow, max-snippet:-1, max-image-preview:large, max-video-preview:-1\" \/>\n<link rel=\"canonical\" href=\"https:\/\/www.koonings.com\/fr\/product\/poirier-sk-75345-jupe-uma\/\" \/>\n<meta property=\"og:locale\" content=\"fr_FR\" \/>\n<meta property=\"og:type\" content=\"article\" \/>\n<meta property=\"og:title\" content=\"Poirier SK-75345 Jupe | Uma | Koonings\" \/>\n<meta property=\"og:description\" content=\"SK-75345 - Jupe de luxe en tulle brod\u00e9 Jupe en tulle de la ligne Uma de Poirier. Tulle brod\u00e9 avec motifs floraux, paillettes et perles. Ivoire. Fente sur le devant \u00e0 gauche. Petit slip. La jupe est finie avec une doublure int\u00e9rieure pour plus de confort. L&#039;utilisation de trois couches de tulle doux pour un volume subtil et un look naturel. Tailles : XS, S, M, L, XL. Top T-75416 et voile S75502-280\/1 de la ligne Uma assortis.\" \/>\n<meta property=\"og:url\" content=\"https:\/\/www.koonings.com\/fr\/product\/poirier-sk-75345-jupe-uma\/\" \/>\n<meta property=\"og:site_name\" content=\"Koonings\" \/>\n<meta property=\"article:publisher\" content=\"https:\/\/www.facebook.com\/kooningstheweddingpalace\" \/>\n<meta property=\"og:image\" content=\"https:\/\/www.koonings.com\/wp-content\/uploads\/2025\/07\/50723_513c0452b2ee3972675a35a5b0ddd0deca9582825a6e6cce384294ca5ba54cc38358ed51.jpeg\" \/>\n\t<meta property=\"og:image:width\" content=\"1732\" \/>\n\t<meta property=\"og:image:height\" content=\"2309\" \/>\n\t<meta property=\"og:image:type\" content=\"image\/jpeg\" \/>\n<meta name=\"twitter:card\" content=\"summary_large_image\" \/>\n<script type=\"application\/ld+json\" class=\"yoast-schema-graph\">{\"@context\":\"https:\\\/\\\/schema.org\",\"@graph\":[{\"@type\":\"WebPage\",\"@id\":\"https:\\\/\\\/www.koonings.com\\\/fr\\\/product\\\/poirier-sk-75345-jupe-uma\\\/\",\"url\":\"https:\\\/\\\/www.koonings.com\\\/fr\\\/product\\\/poirier-sk-75345-jupe-uma\\\/\",\"name\":\"Poirier SK-75345 Jupe | Uma | Koonings\",\"isPartOf\":{\"@id\":\"https:\\\/\\\/www.koonings.com\\\/fr\\\/#website\"},\"primaryImageOfPage\":{\"@id\":\"https:\\\/\\\/www.koonings.com\\\/fr\\\/product\\\/poirier-sk-75345-jupe-uma\\\/#primaryimage\"},\"image\":{\"@id\":\"https:\\\/\\\/www.koonings.com\\\/fr\\\/product\\\/poirier-sk-75345-jupe-uma\\\/#primaryimage\"},\"thumbnailUrl\":\"https:\\\/\\\/www.koonings.com\\\/wp-content\\\/uploads\\\/2025\\\/07\\\/50723_513c0452b2ee3972675a35a5b0ddd0deca9582825a6e6cce384294ca5ba54cc38358ed51.jpeg\",\"datePublished\":\"2026-04-14T14:34:18+00:00\",\"description\":\"SK-75345 - Jupe de luxe en tulle brod\u00e9 Jupe en tulle de la ligne Uma de Poirier. Tulle brod\u00e9 avec motifs floraux, paillettes et perles. Ivoire. Fente sur le devant \u00e0 gauche. Petit slip. La jupe est finie avec une doublure int\u00e9rieure pour plus de confort. L'utilisation de trois couches de tulle doux pour un volume subtil et un look naturel. Tailles : XS, S, M, L, XL. Top T-75416 et voile S75502-280\\\/1 de la ligne Uma assortis.\",\"breadcrumb\":{\"@id\":\"https:\\\/\\\/www.koonings.com\\\/fr\\\/product\\\/poirier-sk-75345-jupe-uma\\\/#breadcrumb\"},\"inLanguage\":\"fr-FR\",\"potentialAction\":[{\"@type\":\"ReadAction\",\"target\":[\"https:\\\/\\\/www.koonings.com\\\/fr\\\/product\\\/poirier-sk-75345-jupe-uma\\\/\"]}]},{\"@type\":\"ImageObject\",\"inLanguage\":\"fr-FR\",\"@id\":\"https:\\\/\\\/www.koonings.com\\\/fr\\\/product\\\/poirier-sk-75345-jupe-uma\\\/#primaryimage\",\"url\":\"https:\\\/\\\/www.koonings.com\\\/wp-content\\\/uploads\\\/2025\\\/07\\\/50723_513c0452b2ee3972675a35a5b0ddd0deca9582825a6e6cce384294ca5ba54cc38358ed51.jpeg\",\"contentUrl\":\"https:\\\/\\\/www.koonings.com\\\/wp-content\\\/uploads\\\/2025\\\/07\\\/50723_513c0452b2ee3972675a35a5b0ddd0deca9582825a6e6cce384294ca5ba54cc38358ed51.jpeg\",\"width\":1732,\"height\":2309},{\"@type\":\"BreadcrumbList\",\"@id\":\"https:\\\/\\\/www.koonings.com\\\/fr\\\/product\\\/poirier-sk-75345-jupe-uma\\\/#breadcrumb\",\"itemListElement\":[{\"@type\":\"ListItem\",\"position\":1,\"name\":\"Home\",\"item\":\"https:\\\/\\\/www.koonings.com\\\/fr\\\/\"},{\"@type\":\"ListItem\",\"position\":2,\"name\":\"Poirier SK-75345 Jupe | Uma\"}]},{\"@type\":\"WebSite\",\"@id\":\"https:\\\/\\\/www.koonings.com\\\/fr\\\/#website\",\"url\":\"https:\\\/\\\/www.koonings.com\\\/fr\\\/\",\"name\":\"Koonings\",\"description\":\"De grootste bruidsmodewinkel ter wereld\",\"publisher\":{\"@id\":\"https:\\\/\\\/www.koonings.com\\\/fr\\\/#organization\"},\"potentialAction\":[{\"@type\":\"SearchAction\",\"target\":{\"@type\":\"EntryPoint\",\"urlTemplate\":\"https:\\\/\\\/www.koonings.com\\\/fr\\\/?s={search_term_string}\"},\"query-input\":{\"@type\":\"PropertyValueSpecification\",\"valueRequired\":true,\"valueName\":\"search_term_string\"}}],\"inLanguage\":\"fr-FR\"},{\"@type\":\"Organization\",\"@id\":\"https:\\\/\\\/www.koonings.com\\\/fr\\\/#organization\",\"name\":\"Koonings\",\"url\":\"https:\\\/\\\/www.koonings.com\\\/fr\\\/\",\"logo\":{\"@type\":\"ImageObject\",\"inLanguage\":\"fr-FR\",\"@id\":\"https:\\\/\\\/www.koonings.com\\\/fr\\\/#\\\/schema\\\/logo\\\/image\\\/\",\"url\":\"https:\\\/\\\/www.koonings.com\\\/wp-content\\\/uploads\\\/2024\\\/07\\\/logo.png\",\"contentUrl\":\"https:\\\/\\\/www.koonings.com\\\/wp-content\\\/uploads\\\/2024\\\/07\\\/logo.png\",\"width\":600,\"height\":428,\"caption\":\"Koonings\"},\"image\":{\"@id\":\"https:\\\/\\\/www.koonings.com\\\/fr\\\/#\\\/schema\\\/logo\\\/image\\\/\"},\"sameAs\":[\"https:\\\/\\\/www.facebook.com\\\/kooningstheweddingpalace\",\"https:\\\/\\\/www.instagram.com\\\/kooningstheweddingpalace\",\"https:\\\/\\\/www.pinterest.com\\\/koonings\",\"https:\\\/\\\/www.youtube.com\\\/kooningstheweddingpalace\"]}]}<\/script>\n<!-- \/ Yoast SEO plugin. -->","yoast_head_json":{"title":"Poirier SK-75345 Jupe | Uma | Koonings","description":"SK-75345 - Jupe de luxe en tulle brod\u00e9 Jupe en tulle de la ligne Uma de Poirier. Tulle brod\u00e9 avec motifs floraux, paillettes et perles. Ivoire. Fente sur le devant \u00e0 gauche. Petit slip. La jupe est finie avec une doublure int\u00e9rieure pour plus de confort. L'utilisation de trois couches de tulle doux pour un volume subtil et un look naturel. Tailles : XS, S, M, L, XL. Top T-75416 et voile S75502-280\/1 de la ligne Uma assortis.","robots":{"index":"index","follow":"follow","max-snippet":"max-snippet:-1","max-image-preview":"max-image-preview:large","max-video-preview":"max-video-preview:-1"},"canonical":"https:\/\/www.koonings.com\/fr\/product\/poirier-sk-75345-jupe-uma\/","og_locale":"fr_FR","og_type":"article","og_title":"Poirier SK-75345 Jupe | Uma | Koonings","og_description":"SK-75345 - Jupe de luxe en tulle brod\u00e9 Jupe en tulle de la ligne Uma de Poirier. Tulle brod\u00e9 avec motifs floraux, paillettes et perles. Ivoire. Fente sur le devant \u00e0 gauche. Petit slip. La jupe est finie avec une doublure int\u00e9rieure pour plus de confort. L'utilisation de trois couches de tulle doux pour un volume subtil et un look naturel. Tailles : XS, S, M, L, XL. Top T-75416 et voile S75502-280\/1 de la ligne Uma assortis.","og_url":"https:\/\/www.koonings.com\/fr\/product\/poirier-sk-75345-jupe-uma\/","og_site_name":"Koonings","article_publisher":"https:\/\/www.facebook.com\/kooningstheweddingpalace","og_image":[{"width":1732,"height":2309,"url":"https:\/\/www.koonings.com\/wp-content\/uploads\/2025\/07\/50723_513c0452b2ee3972675a35a5b0ddd0deca9582825a6e6cce384294ca5ba54cc38358ed51.jpeg","type":"image\/jpeg"}],"twitter_card":"summary_large_image","schema":{"@context":"https:\/\/schema.org","@graph":[{"@type":"WebPage","@id":"https:\/\/www.koonings.com\/fr\/product\/poirier-sk-75345-jupe-uma\/","url":"https:\/\/www.koonings.com\/fr\/product\/poirier-sk-75345-jupe-uma\/","name":"Poirier SK-75345 Jupe | Uma | Koonings","isPartOf":{"@id":"https:\/\/www.koonings.com\/fr\/#website"},"primaryImageOfPage":{"@id":"https:\/\/www.koonings.com\/fr\/product\/poirier-sk-75345-jupe-uma\/#primaryimage"},"image":{"@id":"https:\/\/www.koonings.com\/fr\/product\/poirier-sk-75345-jupe-uma\/#primaryimage"},"thumbnailUrl":"https:\/\/www.koonings.com\/wp-content\/uploads\/2025\/07\/50723_513c0452b2ee3972675a35a5b0ddd0deca9582825a6e6cce384294ca5ba54cc38358ed51.jpeg","datePublished":"2026-04-14T14:34:18+00:00","description":"SK-75345 - Jupe de luxe en tulle brod\u00e9 Jupe en tulle de la ligne Uma de Poirier. Tulle brod\u00e9 avec motifs floraux, paillettes et perles. Ivoire. Fente sur le devant \u00e0 gauche. Petit slip. La jupe est finie avec une doublure int\u00e9rieure pour plus de confort. L'utilisation de trois couches de tulle doux pour un volume subtil et un look naturel. Tailles : XS, S, M, L, XL. Top T-75416 et voile S75502-280\/1 de la ligne Uma assortis.","breadcrumb":{"@id":"https:\/\/www.koonings.com\/fr\/product\/poirier-sk-75345-jupe-uma\/#breadcrumb"},"inLanguage":"fr-FR","potentialAction":[{"@type":"ReadAction","target":["https:\/\/www.koonings.com\/fr\/product\/poirier-sk-75345-jupe-uma\/"]}]},{"@type":"ImageObject","inLanguage":"fr-FR","@id":"https:\/\/www.koonings.com\/fr\/product\/poirier-sk-75345-jupe-uma\/#primaryimage","url":"https:\/\/www.koonings.com\/wp-content\/uploads\/2025\/07\/50723_513c0452b2ee3972675a35a5b0ddd0deca9582825a6e6cce384294ca5ba54cc38358ed51.jpeg","contentUrl":"https:\/\/www.koonings.com\/wp-content\/uploads\/2025\/07\/50723_513c0452b2ee3972675a35a5b0ddd0deca9582825a6e6cce384294ca5ba54cc38358ed51.jpeg","width":1732,"height":2309},{"@type":"BreadcrumbList","@id":"https:\/\/www.koonings.com\/fr\/product\/poirier-sk-75345-jupe-uma\/#breadcrumb","itemListElement":[{"@type":"ListItem","position":1,"name":"Home","item":"https:\/\/www.koonings.com\/fr\/"},{"@type":"ListItem","position":2,"name":"Poirier SK-75345 Jupe | Uma"}]},{"@type":"WebSite","@id":"https:\/\/www.koonings.com\/fr\/#website","url":"https:\/\/www.koonings.com\/fr\/","name":"Koonings","description":"De grootste bruidsmodewinkel ter wereld","publisher":{"@id":"https:\/\/www.koonings.com\/fr\/#organization"},"potentialAction":[{"@type":"SearchAction","target":{"@type":"EntryPoint","urlTemplate":"https:\/\/www.koonings.com\/fr\/?s={search_term_string}"},"query-input":{"@type":"PropertyValueSpecification","valueRequired":true,"valueName":"search_term_string"}}],"inLanguage":"fr-FR"},{"@type":"Organization","@id":"https:\/\/www.koonings.com\/fr\/#organization","name":"Koonings","url":"https:\/\/www.koonings.com\/fr\/","logo":{"@type":"ImageObject","inLanguage":"fr-FR","@id":"https:\/\/www.koonings.com\/fr\/#\/schema\/logo\/image\/","url":"https:\/\/www.koonings.com\/wp-content\/uploads\/2024\/07\/logo.png","contentUrl":"https:\/\/www.koonings.com\/wp-content\/uploads\/2024\/07\/logo.png","width":600,"height":428,"caption":"Koonings"},"image":{"@id":"https:\/\/www.koonings.com\/fr\/#\/schema\/logo\/image\/"},"sameAs":["https:\/\/www.facebook.com\/kooningstheweddingpalace","https:\/\/www.instagram.com\/kooningstheweddingpalace","https:\/\/www.pinterest.com\/koonings","https:\/\/www.youtube.com\/kooningstheweddingpalace"]}]}},"_links":{"self":[{"href":"https:\/\/www.koonings.com\/fr\/wp-json\/wp\/v2\/product\/94535","targetHints":{"allow":["GET"]}}],"collection":[{"href":"https:\/\/www.koonings.com\/fr\/wp-json\/wp\/v2\/product"}],"about":[{"href":"https:\/\/www.koonings.com\/fr\/wp-json\/wp\/v2\/types\/product"}],"wp:featuredmedia":[{"embeddable":true,"href":"https:\/\/www.koonings.com\/fr\/wp-json\/wp\/v2\/media\/89172"}],"wp:attachment":[{"href":"https:\/\/www.koonings.com\/fr\/wp-json\/wp\/v2\/media?parent=94535"}],"wp:term":[{"taxonomy":"productdetails","embeddable":true,"href":"https:\/\/www.koonings.com\/fr\/wp-json\/wp\/v2\/productdetails?post=94535"},{"taxonomy":"productneck","embeddable":true,"href":"https:\/\/www.koonings.com\/fr\/wp-json\/wp\/v2\/productneck?post=94535"},{"taxonomy":"productcolor","embeddable":true,"href":"https:\/\/www.koonings.com\/fr\/wp-json\/wp\/v2\/productcolor?post=94535"},{"taxonomy":"maat","embeddable":true,"href":"https:\/\/www.koonings.com\/fr\/wp-json\/wp\/v2\/maat?post=94535"},{"taxonomy":"productsupplier","embeddable":true,"href":"https:\/\/www.koonings.com\/fr\/wp-json\/wp\/v2\/productsupplier?post=94535"},{"taxonomy":"productsleeve","embeddable":true,"href":"https:\/\/www.koonings.com\/fr\/wp-json\/wp\/v2\/productsleeve?post=94535"},{"taxonomy":"productcategory","embeddable":true,"href":"https:\/\/www.koonings.com\/fr\/wp-json\/wp\/v2\/productcategory?post=94535"},{"taxonomy":"productsilhouette","embeddable":true,"href":"https:\/\/www.koonings.com\/fr\/wp-json\/wp\/v2\/productsilhouette?post=94535"},{"taxonomy":"productstyle","embeddable":true,"href":"https:\/\/www.koonings.com\/fr\/wp-json\/wp\/v2\/productstyle?post=94535"}],"curies":[{"name":"wp","href":"https:\/\/api.w.org\/{rel}","templated":true}]}}