{"id":94528,"date":"2026-04-14T16:34:18","date_gmt":"2026-04-14T14:34:18","guid":{"rendered":"https:\/\/www.koonings.com\/product\/poirier-sk-75346-jupe-dentelle-martine\/"},"modified":"2026-04-14T16:09:04","modified_gmt":"2026-04-14T14:09:04","slug":"poirier-sk-75346-jupe-dentelle-martine","status":"publish","type":"product","link":"https:\/\/www.koonings.com\/fr\/product\/poirier-sk-75346-jupe-dentelle-martine\/","title":{"rendered":"Poirier SK-75346 Jupe | Dentelle | Martine"},"content":{"rendered":"<p>SK-75346 &#8211; Jupe de mari\u00e9e \u00e9l\u00e9gante avec appliqu\u00e9 floral de couleur pastel.<br \/>\nJupe avec fente avant gauche de la ligne Martine de Poirier.<br \/>\nEn tulle de couleur ivoire.<br \/>\nOrn\u00e9e d&#8217;appliqu\u00e9 multicolore de couleur pastel (rose p\u00e2le, jaune p\u00e2le et bleu p\u00e2le).<br \/>\nPetite tra\u00eene.<br \/>\nLa jupe est termin\u00e9e par une doublure int\u00e9rieure pour plus de confort.<br \/>\nL&#8217;utilisation de trois couches de tulle souple permet d&#8217;obtenir un volume subtil et un aspect naturel.<br \/>\nTailles : XS, S, M, L, XL.<br \/>\nTop T-75428 et voile S75500-280\/1 assortis de la ligne Martine.<\/p>\n","protected":false},"featured_media":89193,"template":"","meta":{"_acf_changed":false,"ghostkit_customizer_options":"","ghostkit_custom_css":"","ghostkit_custom_js_head":"","ghostkit_custom_js_foot":"","ghostkit_typography":""},"productdetails":[],"productneck":[],"productcolor":[],"maat":[],"productsupplier":[416],"productsleeve":[],"productcategory":[509],"productsilhouette":[],"productstyle":[],"class_list":["post-94528","product","type-product","status-publish","has-post-thumbnail","hentry","productsupplier-poirier","productcategory-accessoires-bruid"],"acf":[],"yoast_head":"<!-- This site is optimized with the Yoast SEO plugin v27.3 - https:\/\/yoast.com\/product\/yoast-seo-wordpress\/ -->\n<title>Poirier SK-75346 Jupe | Dentelle | Martine | Koonings<\/title>\n<meta name=\"description\" content=\"SK-75346 - Jupe de mari\u00e9e \u00e9l\u00e9gante avec appliqu\u00e9 floral de couleur pastel. Jupe avec fente avant gauche de la ligne Martine de Poirier. En tulle de couleur ivoire. Orn\u00e9e d&#039;appliqu\u00e9 multicolore de couleur pastel (rose p\u00e2le, jaune p\u00e2le et bleu p\u00e2le). Petite tra\u00eene. La jupe est termin\u00e9e par une doublure int\u00e9rieure pour plus de confort. L&#039;utilisation de trois couches de tulle souple permet d&#039;obtenir un volume subtil et un aspect naturel. Tailles : XS, S, M, L, XL. Top T-75428 et voile S75500-280\/1 assortis de la ligne Martine.\" \/>\n<meta name=\"robots\" content=\"index, follow, max-snippet:-1, max-image-preview:large, max-video-preview:-1\" \/>\n<link rel=\"canonical\" href=\"https:\/\/www.koonings.com\/fr\/product\/poirier-sk-75346-jupe-dentelle-martine\/\" \/>\n<meta property=\"og:locale\" content=\"fr_FR\" \/>\n<meta property=\"og:type\" content=\"article\" \/>\n<meta property=\"og:title\" content=\"Poirier SK-75346 Jupe | Dentelle | Martine | Koonings\" \/>\n<meta property=\"og:description\" content=\"SK-75346 - Jupe de mari\u00e9e \u00e9l\u00e9gante avec appliqu\u00e9 floral de couleur pastel. Jupe avec fente avant gauche de la ligne Martine de Poirier. En tulle de couleur ivoire. Orn\u00e9e d&#039;appliqu\u00e9 multicolore de couleur pastel (rose p\u00e2le, jaune p\u00e2le et bleu p\u00e2le). Petite tra\u00eene. La jupe est termin\u00e9e par une doublure int\u00e9rieure pour plus de confort. L&#039;utilisation de trois couches de tulle souple permet d&#039;obtenir un volume subtil et un aspect naturel. Tailles : XS, S, M, L, XL. Top T-75428 et voile S75500-280\/1 assortis de la ligne Martine.\" \/>\n<meta property=\"og:url\" content=\"https:\/\/www.koonings.com\/fr\/product\/poirier-sk-75346-jupe-dentelle-martine\/\" \/>\n<meta property=\"og:site_name\" content=\"Koonings\" \/>\n<meta property=\"article:publisher\" content=\"https:\/\/www.facebook.com\/kooningstheweddingpalace\" \/>\n<meta property=\"og:image\" content=\"https:\/\/www.koonings.com\/wp-content\/uploads\/2025\/07\/50724_be9b356a805b9ce36e4c133a547eefd8819be76ff4a5ac505a75d6ac763154bf2219cc9d.jpeg\" \/>\n\t<meta property=\"og:image:width\" content=\"1732\" \/>\n\t<meta property=\"og:image:height\" content=\"2309\" \/>\n\t<meta property=\"og:image:type\" content=\"image\/jpeg\" \/>\n<meta name=\"twitter:card\" content=\"summary_large_image\" \/>\n<script type=\"application\/ld+json\" class=\"yoast-schema-graph\">{\"@context\":\"https:\\\/\\\/schema.org\",\"@graph\":[{\"@type\":\"WebPage\",\"@id\":\"https:\\\/\\\/www.koonings.com\\\/fr\\\/product\\\/poirier-sk-75346-jupe-dentelle-martine\\\/\",\"url\":\"https:\\\/\\\/www.koonings.com\\\/fr\\\/product\\\/poirier-sk-75346-jupe-dentelle-martine\\\/\",\"name\":\"Poirier SK-75346 Jupe | Dentelle | Martine | Koonings\",\"isPartOf\":{\"@id\":\"https:\\\/\\\/www.koonings.com\\\/fr\\\/#website\"},\"primaryImageOfPage\":{\"@id\":\"https:\\\/\\\/www.koonings.com\\\/fr\\\/product\\\/poirier-sk-75346-jupe-dentelle-martine\\\/#primaryimage\"},\"image\":{\"@id\":\"https:\\\/\\\/www.koonings.com\\\/fr\\\/product\\\/poirier-sk-75346-jupe-dentelle-martine\\\/#primaryimage\"},\"thumbnailUrl\":\"https:\\\/\\\/www.koonings.com\\\/wp-content\\\/uploads\\\/2025\\\/07\\\/50724_be9b356a805b9ce36e4c133a547eefd8819be76ff4a5ac505a75d6ac763154bf2219cc9d.jpeg\",\"datePublished\":\"2026-04-14T14:34:18+00:00\",\"description\":\"SK-75346 - Jupe de mari\u00e9e \u00e9l\u00e9gante avec appliqu\u00e9 floral de couleur pastel. Jupe avec fente avant gauche de la ligne Martine de Poirier. En tulle de couleur ivoire. Orn\u00e9e d'appliqu\u00e9 multicolore de couleur pastel (rose p\u00e2le, jaune p\u00e2le et bleu p\u00e2le). Petite tra\u00eene. La jupe est termin\u00e9e par une doublure int\u00e9rieure pour plus de confort. L'utilisation de trois couches de tulle souple permet d'obtenir un volume subtil et un aspect naturel. Tailles : XS, S, M, L, XL. Top T-75428 et voile S75500-280\\\/1 assortis de la ligne Martine.\",\"breadcrumb\":{\"@id\":\"https:\\\/\\\/www.koonings.com\\\/fr\\\/product\\\/poirier-sk-75346-jupe-dentelle-martine\\\/#breadcrumb\"},\"inLanguage\":\"fr-FR\",\"potentialAction\":[{\"@type\":\"ReadAction\",\"target\":[\"https:\\\/\\\/www.koonings.com\\\/fr\\\/product\\\/poirier-sk-75346-jupe-dentelle-martine\\\/\"]}]},{\"@type\":\"ImageObject\",\"inLanguage\":\"fr-FR\",\"@id\":\"https:\\\/\\\/www.koonings.com\\\/fr\\\/product\\\/poirier-sk-75346-jupe-dentelle-martine\\\/#primaryimage\",\"url\":\"https:\\\/\\\/www.koonings.com\\\/wp-content\\\/uploads\\\/2025\\\/07\\\/50724_be9b356a805b9ce36e4c133a547eefd8819be76ff4a5ac505a75d6ac763154bf2219cc9d.jpeg\",\"contentUrl\":\"https:\\\/\\\/www.koonings.com\\\/wp-content\\\/uploads\\\/2025\\\/07\\\/50724_be9b356a805b9ce36e4c133a547eefd8819be76ff4a5ac505a75d6ac763154bf2219cc9d.jpeg\",\"width\":1732,\"height\":2309},{\"@type\":\"BreadcrumbList\",\"@id\":\"https:\\\/\\\/www.koonings.com\\\/fr\\\/product\\\/poirier-sk-75346-jupe-dentelle-martine\\\/#breadcrumb\",\"itemListElement\":[{\"@type\":\"ListItem\",\"position\":1,\"name\":\"Home\",\"item\":\"https:\\\/\\\/www.koonings.com\\\/fr\\\/\"},{\"@type\":\"ListItem\",\"position\":2,\"name\":\"Poirier SK-75346 Jupe | Dentelle | Martine\"}]},{\"@type\":\"WebSite\",\"@id\":\"https:\\\/\\\/www.koonings.com\\\/fr\\\/#website\",\"url\":\"https:\\\/\\\/www.koonings.com\\\/fr\\\/\",\"name\":\"Koonings\",\"description\":\"De grootste bruidsmodewinkel ter wereld\",\"publisher\":{\"@id\":\"https:\\\/\\\/www.koonings.com\\\/fr\\\/#organization\"},\"potentialAction\":[{\"@type\":\"SearchAction\",\"target\":{\"@type\":\"EntryPoint\",\"urlTemplate\":\"https:\\\/\\\/www.koonings.com\\\/fr\\\/?s={search_term_string}\"},\"query-input\":{\"@type\":\"PropertyValueSpecification\",\"valueRequired\":true,\"valueName\":\"search_term_string\"}}],\"inLanguage\":\"fr-FR\"},{\"@type\":\"Organization\",\"@id\":\"https:\\\/\\\/www.koonings.com\\\/fr\\\/#organization\",\"name\":\"Koonings\",\"url\":\"https:\\\/\\\/www.koonings.com\\\/fr\\\/\",\"logo\":{\"@type\":\"ImageObject\",\"inLanguage\":\"fr-FR\",\"@id\":\"https:\\\/\\\/www.koonings.com\\\/fr\\\/#\\\/schema\\\/logo\\\/image\\\/\",\"url\":\"https:\\\/\\\/www.koonings.com\\\/wp-content\\\/uploads\\\/2024\\\/07\\\/logo.png\",\"contentUrl\":\"https:\\\/\\\/www.koonings.com\\\/wp-content\\\/uploads\\\/2024\\\/07\\\/logo.png\",\"width\":600,\"height\":428,\"caption\":\"Koonings\"},\"image\":{\"@id\":\"https:\\\/\\\/www.koonings.com\\\/fr\\\/#\\\/schema\\\/logo\\\/image\\\/\"},\"sameAs\":[\"https:\\\/\\\/www.facebook.com\\\/kooningstheweddingpalace\",\"https:\\\/\\\/www.instagram.com\\\/kooningstheweddingpalace\",\"https:\\\/\\\/www.pinterest.com\\\/koonings\",\"https:\\\/\\\/www.youtube.com\\\/kooningstheweddingpalace\"]}]}<\/script>\n<!-- \/ Yoast SEO plugin. -->","yoast_head_json":{"title":"Poirier SK-75346 Jupe | Dentelle | Martine | Koonings","description":"SK-75346 - Jupe de mari\u00e9e \u00e9l\u00e9gante avec appliqu\u00e9 floral de couleur pastel. Jupe avec fente avant gauche de la ligne Martine de Poirier. En tulle de couleur ivoire. Orn\u00e9e d'appliqu\u00e9 multicolore de couleur pastel (rose p\u00e2le, jaune p\u00e2le et bleu p\u00e2le). Petite tra\u00eene. La jupe est termin\u00e9e par une doublure int\u00e9rieure pour plus de confort. L'utilisation de trois couches de tulle souple permet d'obtenir un volume subtil et un aspect naturel. Tailles : XS, S, M, L, XL. Top T-75428 et voile S75500-280\/1 assortis de la ligne Martine.","robots":{"index":"index","follow":"follow","max-snippet":"max-snippet:-1","max-image-preview":"max-image-preview:large","max-video-preview":"max-video-preview:-1"},"canonical":"https:\/\/www.koonings.com\/fr\/product\/poirier-sk-75346-jupe-dentelle-martine\/","og_locale":"fr_FR","og_type":"article","og_title":"Poirier SK-75346 Jupe | Dentelle | Martine | Koonings","og_description":"SK-75346 - Jupe de mari\u00e9e \u00e9l\u00e9gante avec appliqu\u00e9 floral de couleur pastel. Jupe avec fente avant gauche de la ligne Martine de Poirier. En tulle de couleur ivoire. Orn\u00e9e d'appliqu\u00e9 multicolore de couleur pastel (rose p\u00e2le, jaune p\u00e2le et bleu p\u00e2le). Petite tra\u00eene. La jupe est termin\u00e9e par une doublure int\u00e9rieure pour plus de confort. L'utilisation de trois couches de tulle souple permet d'obtenir un volume subtil et un aspect naturel. Tailles : XS, S, M, L, XL. Top T-75428 et voile S75500-280\/1 assortis de la ligne Martine.","og_url":"https:\/\/www.koonings.com\/fr\/product\/poirier-sk-75346-jupe-dentelle-martine\/","og_site_name":"Koonings","article_publisher":"https:\/\/www.facebook.com\/kooningstheweddingpalace","og_image":[{"width":1732,"height":2309,"url":"https:\/\/www.koonings.com\/wp-content\/uploads\/2025\/07\/50724_be9b356a805b9ce36e4c133a547eefd8819be76ff4a5ac505a75d6ac763154bf2219cc9d.jpeg","type":"image\/jpeg"}],"twitter_card":"summary_large_image","schema":{"@context":"https:\/\/schema.org","@graph":[{"@type":"WebPage","@id":"https:\/\/www.koonings.com\/fr\/product\/poirier-sk-75346-jupe-dentelle-martine\/","url":"https:\/\/www.koonings.com\/fr\/product\/poirier-sk-75346-jupe-dentelle-martine\/","name":"Poirier SK-75346 Jupe | Dentelle | Martine | Koonings","isPartOf":{"@id":"https:\/\/www.koonings.com\/fr\/#website"},"primaryImageOfPage":{"@id":"https:\/\/www.koonings.com\/fr\/product\/poirier-sk-75346-jupe-dentelle-martine\/#primaryimage"},"image":{"@id":"https:\/\/www.koonings.com\/fr\/product\/poirier-sk-75346-jupe-dentelle-martine\/#primaryimage"},"thumbnailUrl":"https:\/\/www.koonings.com\/wp-content\/uploads\/2025\/07\/50724_be9b356a805b9ce36e4c133a547eefd8819be76ff4a5ac505a75d6ac763154bf2219cc9d.jpeg","datePublished":"2026-04-14T14:34:18+00:00","description":"SK-75346 - Jupe de mari\u00e9e \u00e9l\u00e9gante avec appliqu\u00e9 floral de couleur pastel. Jupe avec fente avant gauche de la ligne Martine de Poirier. En tulle de couleur ivoire. Orn\u00e9e d'appliqu\u00e9 multicolore de couleur pastel (rose p\u00e2le, jaune p\u00e2le et bleu p\u00e2le). Petite tra\u00eene. La jupe est termin\u00e9e par une doublure int\u00e9rieure pour plus de confort. L'utilisation de trois couches de tulle souple permet d'obtenir un volume subtil et un aspect naturel. Tailles : XS, S, M, L, XL. Top T-75428 et voile S75500-280\/1 assortis de la ligne Martine.","breadcrumb":{"@id":"https:\/\/www.koonings.com\/fr\/product\/poirier-sk-75346-jupe-dentelle-martine\/#breadcrumb"},"inLanguage":"fr-FR","potentialAction":[{"@type":"ReadAction","target":["https:\/\/www.koonings.com\/fr\/product\/poirier-sk-75346-jupe-dentelle-martine\/"]}]},{"@type":"ImageObject","inLanguage":"fr-FR","@id":"https:\/\/www.koonings.com\/fr\/product\/poirier-sk-75346-jupe-dentelle-martine\/#primaryimage","url":"https:\/\/www.koonings.com\/wp-content\/uploads\/2025\/07\/50724_be9b356a805b9ce36e4c133a547eefd8819be76ff4a5ac505a75d6ac763154bf2219cc9d.jpeg","contentUrl":"https:\/\/www.koonings.com\/wp-content\/uploads\/2025\/07\/50724_be9b356a805b9ce36e4c133a547eefd8819be76ff4a5ac505a75d6ac763154bf2219cc9d.jpeg","width":1732,"height":2309},{"@type":"BreadcrumbList","@id":"https:\/\/www.koonings.com\/fr\/product\/poirier-sk-75346-jupe-dentelle-martine\/#breadcrumb","itemListElement":[{"@type":"ListItem","position":1,"name":"Home","item":"https:\/\/www.koonings.com\/fr\/"},{"@type":"ListItem","position":2,"name":"Poirier SK-75346 Jupe | Dentelle | Martine"}]},{"@type":"WebSite","@id":"https:\/\/www.koonings.com\/fr\/#website","url":"https:\/\/www.koonings.com\/fr\/","name":"Koonings","description":"De grootste bruidsmodewinkel ter wereld","publisher":{"@id":"https:\/\/www.koonings.com\/fr\/#organization"},"potentialAction":[{"@type":"SearchAction","target":{"@type":"EntryPoint","urlTemplate":"https:\/\/www.koonings.com\/fr\/?s={search_term_string}"},"query-input":{"@type":"PropertyValueSpecification","valueRequired":true,"valueName":"search_term_string"}}],"inLanguage":"fr-FR"},{"@type":"Organization","@id":"https:\/\/www.koonings.com\/fr\/#organization","name":"Koonings","url":"https:\/\/www.koonings.com\/fr\/","logo":{"@type":"ImageObject","inLanguage":"fr-FR","@id":"https:\/\/www.koonings.com\/fr\/#\/schema\/logo\/image\/","url":"https:\/\/www.koonings.com\/wp-content\/uploads\/2024\/07\/logo.png","contentUrl":"https:\/\/www.koonings.com\/wp-content\/uploads\/2024\/07\/logo.png","width":600,"height":428,"caption":"Koonings"},"image":{"@id":"https:\/\/www.koonings.com\/fr\/#\/schema\/logo\/image\/"},"sameAs":["https:\/\/www.facebook.com\/kooningstheweddingpalace","https:\/\/www.instagram.com\/kooningstheweddingpalace","https:\/\/www.pinterest.com\/koonings","https:\/\/www.youtube.com\/kooningstheweddingpalace"]}]}},"_links":{"self":[{"href":"https:\/\/www.koonings.com\/fr\/wp-json\/wp\/v2\/product\/94528","targetHints":{"allow":["GET"]}}],"collection":[{"href":"https:\/\/www.koonings.com\/fr\/wp-json\/wp\/v2\/product"}],"about":[{"href":"https:\/\/www.koonings.com\/fr\/wp-json\/wp\/v2\/types\/product"}],"wp:featuredmedia":[{"embeddable":true,"href":"https:\/\/www.koonings.com\/fr\/wp-json\/wp\/v2\/media\/89193"}],"wp:attachment":[{"href":"https:\/\/www.koonings.com\/fr\/wp-json\/wp\/v2\/media?parent=94528"}],"wp:term":[{"taxonomy":"productdetails","embeddable":true,"href":"https:\/\/www.koonings.com\/fr\/wp-json\/wp\/v2\/productdetails?post=94528"},{"taxonomy":"productneck","embeddable":true,"href":"https:\/\/www.koonings.com\/fr\/wp-json\/wp\/v2\/productneck?post=94528"},{"taxonomy":"productcolor","embeddable":true,"href":"https:\/\/www.koonings.com\/fr\/wp-json\/wp\/v2\/productcolor?post=94528"},{"taxonomy":"maat","embeddable":true,"href":"https:\/\/www.koonings.com\/fr\/wp-json\/wp\/v2\/maat?post=94528"},{"taxonomy":"productsupplier","embeddable":true,"href":"https:\/\/www.koonings.com\/fr\/wp-json\/wp\/v2\/productsupplier?post=94528"},{"taxonomy":"productsleeve","embeddable":true,"href":"https:\/\/www.koonings.com\/fr\/wp-json\/wp\/v2\/productsleeve?post=94528"},{"taxonomy":"productcategory","embeddable":true,"href":"https:\/\/www.koonings.com\/fr\/wp-json\/wp\/v2\/productcategory?post=94528"},{"taxonomy":"productsilhouette","embeddable":true,"href":"https:\/\/www.koonings.com\/fr\/wp-json\/wp\/v2\/productsilhouette?post=94528"},{"taxonomy":"productstyle","embeddable":true,"href":"https:\/\/www.koonings.com\/fr\/wp-json\/wp\/v2\/productstyle?post=94528"}],"curies":[{"name":"wp","href":"https:\/\/api.w.org\/{rel}","templated":true}]}}