{"id":94520,"date":"2026-04-14T16:34:25","date_gmt":"2026-04-14T14:34:25","guid":{"rendered":"https:\/\/www.koonings.com\/product\/poirier-t-235-top-satin-gem-lucia\/"},"modified":"2026-04-14T16:08:02","modified_gmt":"2026-04-14T14:08:02","slug":"poirier-t-235-top-satin-gem-lucia","status":"publish","type":"product","link":"https:\/\/www.koonings.com\/fr\/product\/poirier-t-235-top-satin-gem-lucia\/","title":{"rendered":"Poirier T-235 Top | Satin | Gem | Lucia"},"content":{"rendered":"<p>Top licou en satin mat | version de luxe | Collection GEM | Ligne Lucia<br \/>\nTop licou de la collection Trend de Poirier.<br \/>\nLes produits de la ligne Lucia sont toujours fabriqu\u00e9s dans un beau satin mat de couleur ivoire.<br \/>\nVersion de luxe.<br \/>\nFermeture \u00e9clair centrale au dos et boutons d\u00e9coratifs en tissu.<br \/>\nTailles : XS, S, M, L et XL.<br \/>\nSe marie \u00e0 merveille avec le pantalon et la jupe de la ligne Lucia de la collection GEM de Poirier.<br \/>\nChoisissez une tenue de mariage de luxe et sentez-vous fabuleuse pendant votre grand jour.<br \/>\nAvec les accessoires de mariage de Poirier, vous serez au centre de l&#8217;attention.<\/p>\n","protected":false},"featured_media":89469,"template":"","meta":{"_acf_changed":false,"ghostkit_customizer_options":"","ghostkit_custom_css":"","ghostkit_custom_js_head":"","ghostkit_custom_js_foot":"","ghostkit_typography":""},"productdetails":[],"productneck":[],"productcolor":[],"maat":[],"productsupplier":[416],"productsleeve":[],"productcategory":[509],"productsilhouette":[],"productstyle":[],"class_list":["post-94520","product","type-product","status-publish","has-post-thumbnail","hentry","productsupplier-poirier","productcategory-accessoires-bruid"],"acf":[],"yoast_head":"<!-- This site is optimized with the Yoast SEO plugin v27.3 - https:\/\/yoast.com\/product\/yoast-seo-wordpress\/ -->\n<title>Poirier T-235 Top | Satin | Gem | Lucia | Koonings<\/title>\n<meta name=\"description\" content=\"Top licou en satin mat | version de luxe | Collection GEM | Ligne Lucia Top licou de la collection Trend de Poirier. Les produits de la ligne Lucia sont toujours fabriqu\u00e9s dans un beau satin mat de couleur ivoire. Version de luxe. Fermeture \u00e9clair centrale au dos et boutons d\u00e9coratifs en tissu. Tailles : XS, S, M, L et XL. Se marie \u00e0 merveille avec le pantalon et la jupe de la ligne Lucia de la collection GEM de Poirier. Choisissez une tenue de mariage de luxe et sentez-vous fabuleuse pendant votre grand jour. Avec les accessoires de mariage de Poirier, vous serez au centre de l&#039;attention.\" \/>\n<meta name=\"robots\" content=\"index, follow, max-snippet:-1, max-image-preview:large, max-video-preview:-1\" \/>\n<link rel=\"canonical\" href=\"https:\/\/www.koonings.com\/fr\/product\/poirier-t-235-top-satin-gem-lucia\/\" \/>\n<meta property=\"og:locale\" content=\"fr_FR\" \/>\n<meta property=\"og:type\" content=\"article\" \/>\n<meta property=\"og:title\" content=\"Poirier T-235 Top | Satin | Gem | Lucia | Koonings\" \/>\n<meta property=\"og:description\" content=\"Top licou en satin mat | version de luxe | Collection GEM | Ligne Lucia Top licou de la collection Trend de Poirier. Les produits de la ligne Lucia sont toujours fabriqu\u00e9s dans un beau satin mat de couleur ivoire. Version de luxe. Fermeture \u00e9clair centrale au dos et boutons d\u00e9coratifs en tissu. Tailles : XS, S, M, L et XL. Se marie \u00e0 merveille avec le pantalon et la jupe de la ligne Lucia de la collection GEM de Poirier. Choisissez une tenue de mariage de luxe et sentez-vous fabuleuse pendant votre grand jour. Avec les accessoires de mariage de Poirier, vous serez au centre de l&#039;attention.\" \/>\n<meta property=\"og:url\" content=\"https:\/\/www.koonings.com\/fr\/product\/poirier-t-235-top-satin-gem-lucia\/\" \/>\n<meta property=\"og:site_name\" content=\"Koonings\" \/>\n<meta property=\"article:publisher\" content=\"https:\/\/www.facebook.com\/kooningstheweddingpalace\" \/>\n<meta property=\"og:image\" content=\"https:\/\/www.koonings.com\/wp-content\/uploads\/2025\/07\/50740_2316a036ab26a71d3f9ab0ad42f1b1488f68d0f7543739a7435555749fc4e5f9d1d7bb74.jpeg\" \/>\n\t<meta property=\"og:image:width\" content=\"1350\" \/>\n\t<meta property=\"og:image:height\" content=\"1800\" \/>\n\t<meta property=\"og:image:type\" content=\"image\/jpeg\" \/>\n<meta name=\"twitter:card\" content=\"summary_large_image\" \/>\n<meta name=\"twitter:label1\" content=\"Dur\u00e9e de lecture estim\u00e9e\" \/>\n\t<meta name=\"twitter:data1\" content=\"1 minute\" \/>\n<script type=\"application\/ld+json\" class=\"yoast-schema-graph\">{\"@context\":\"https:\\\/\\\/schema.org\",\"@graph\":[{\"@type\":\"WebPage\",\"@id\":\"https:\\\/\\\/www.koonings.com\\\/fr\\\/product\\\/poirier-t-235-top-satin-gem-lucia\\\/\",\"url\":\"https:\\\/\\\/www.koonings.com\\\/fr\\\/product\\\/poirier-t-235-top-satin-gem-lucia\\\/\",\"name\":\"Poirier T-235 Top | Satin | Gem | Lucia | Koonings\",\"isPartOf\":{\"@id\":\"https:\\\/\\\/www.koonings.com\\\/fr\\\/#website\"},\"primaryImageOfPage\":{\"@id\":\"https:\\\/\\\/www.koonings.com\\\/fr\\\/product\\\/poirier-t-235-top-satin-gem-lucia\\\/#primaryimage\"},\"image\":{\"@id\":\"https:\\\/\\\/www.koonings.com\\\/fr\\\/product\\\/poirier-t-235-top-satin-gem-lucia\\\/#primaryimage\"},\"thumbnailUrl\":\"https:\\\/\\\/www.koonings.com\\\/wp-content\\\/uploads\\\/2025\\\/07\\\/50740_2316a036ab26a71d3f9ab0ad42f1b1488f68d0f7543739a7435555749fc4e5f9d1d7bb74.jpeg\",\"datePublished\":\"2026-04-14T14:34:25+00:00\",\"description\":\"Top licou en satin mat | version de luxe | Collection GEM | Ligne Lucia Top licou de la collection Trend de Poirier. Les produits de la ligne Lucia sont toujours fabriqu\u00e9s dans un beau satin mat de couleur ivoire. Version de luxe. Fermeture \u00e9clair centrale au dos et boutons d\u00e9coratifs en tissu. Tailles : XS, S, M, L et XL. Se marie \u00e0 merveille avec le pantalon et la jupe de la ligne Lucia de la collection GEM de Poirier. Choisissez une tenue de mariage de luxe et sentez-vous fabuleuse pendant votre grand jour. Avec les accessoires de mariage de Poirier, vous serez au centre de l'attention.\",\"breadcrumb\":{\"@id\":\"https:\\\/\\\/www.koonings.com\\\/fr\\\/product\\\/poirier-t-235-top-satin-gem-lucia\\\/#breadcrumb\"},\"inLanguage\":\"fr-FR\",\"potentialAction\":[{\"@type\":\"ReadAction\",\"target\":[\"https:\\\/\\\/www.koonings.com\\\/fr\\\/product\\\/poirier-t-235-top-satin-gem-lucia\\\/\"]}]},{\"@type\":\"ImageObject\",\"inLanguage\":\"fr-FR\",\"@id\":\"https:\\\/\\\/www.koonings.com\\\/fr\\\/product\\\/poirier-t-235-top-satin-gem-lucia\\\/#primaryimage\",\"url\":\"https:\\\/\\\/www.koonings.com\\\/wp-content\\\/uploads\\\/2025\\\/07\\\/50740_2316a036ab26a71d3f9ab0ad42f1b1488f68d0f7543739a7435555749fc4e5f9d1d7bb74.jpeg\",\"contentUrl\":\"https:\\\/\\\/www.koonings.com\\\/wp-content\\\/uploads\\\/2025\\\/07\\\/50740_2316a036ab26a71d3f9ab0ad42f1b1488f68d0f7543739a7435555749fc4e5f9d1d7bb74.jpeg\",\"width\":1350,\"height\":1800},{\"@type\":\"BreadcrumbList\",\"@id\":\"https:\\\/\\\/www.koonings.com\\\/fr\\\/product\\\/poirier-t-235-top-satin-gem-lucia\\\/#breadcrumb\",\"itemListElement\":[{\"@type\":\"ListItem\",\"position\":1,\"name\":\"Home\",\"item\":\"https:\\\/\\\/www.koonings.com\\\/fr\\\/\"},{\"@type\":\"ListItem\",\"position\":2,\"name\":\"Poirier T-235 Top | Satin | Gem | Lucia\"}]},{\"@type\":\"WebSite\",\"@id\":\"https:\\\/\\\/www.koonings.com\\\/fr\\\/#website\",\"url\":\"https:\\\/\\\/www.koonings.com\\\/fr\\\/\",\"name\":\"Koonings\",\"description\":\"De grootste bruidsmodewinkel ter wereld\",\"publisher\":{\"@id\":\"https:\\\/\\\/www.koonings.com\\\/fr\\\/#organization\"},\"potentialAction\":[{\"@type\":\"SearchAction\",\"target\":{\"@type\":\"EntryPoint\",\"urlTemplate\":\"https:\\\/\\\/www.koonings.com\\\/fr\\\/?s={search_term_string}\"},\"query-input\":{\"@type\":\"PropertyValueSpecification\",\"valueRequired\":true,\"valueName\":\"search_term_string\"}}],\"inLanguage\":\"fr-FR\"},{\"@type\":\"Organization\",\"@id\":\"https:\\\/\\\/www.koonings.com\\\/fr\\\/#organization\",\"name\":\"Koonings\",\"url\":\"https:\\\/\\\/www.koonings.com\\\/fr\\\/\",\"logo\":{\"@type\":\"ImageObject\",\"inLanguage\":\"fr-FR\",\"@id\":\"https:\\\/\\\/www.koonings.com\\\/fr\\\/#\\\/schema\\\/logo\\\/image\\\/\",\"url\":\"https:\\\/\\\/www.koonings.com\\\/wp-content\\\/uploads\\\/2024\\\/07\\\/logo.png\",\"contentUrl\":\"https:\\\/\\\/www.koonings.com\\\/wp-content\\\/uploads\\\/2024\\\/07\\\/logo.png\",\"width\":600,\"height\":428,\"caption\":\"Koonings\"},\"image\":{\"@id\":\"https:\\\/\\\/www.koonings.com\\\/fr\\\/#\\\/schema\\\/logo\\\/image\\\/\"},\"sameAs\":[\"https:\\\/\\\/www.facebook.com\\\/kooningstheweddingpalace\",\"https:\\\/\\\/www.instagram.com\\\/kooningstheweddingpalace\",\"https:\\\/\\\/www.pinterest.com\\\/koonings\",\"https:\\\/\\\/www.youtube.com\\\/kooningstheweddingpalace\"]}]}<\/script>\n<!-- \/ Yoast SEO plugin. -->","yoast_head_json":{"title":"Poirier T-235 Top | Satin | Gem | Lucia | Koonings","description":"Top licou en satin mat | version de luxe | Collection GEM | Ligne Lucia Top licou de la collection Trend de Poirier. Les produits de la ligne Lucia sont toujours fabriqu\u00e9s dans un beau satin mat de couleur ivoire. Version de luxe. Fermeture \u00e9clair centrale au dos et boutons d\u00e9coratifs en tissu. Tailles : XS, S, M, L et XL. Se marie \u00e0 merveille avec le pantalon et la jupe de la ligne Lucia de la collection GEM de Poirier. Choisissez une tenue de mariage de luxe et sentez-vous fabuleuse pendant votre grand jour. Avec les accessoires de mariage de Poirier, vous serez au centre de l'attention.","robots":{"index":"index","follow":"follow","max-snippet":"max-snippet:-1","max-image-preview":"max-image-preview:large","max-video-preview":"max-video-preview:-1"},"canonical":"https:\/\/www.koonings.com\/fr\/product\/poirier-t-235-top-satin-gem-lucia\/","og_locale":"fr_FR","og_type":"article","og_title":"Poirier T-235 Top | Satin | Gem | Lucia | Koonings","og_description":"Top licou en satin mat | version de luxe | Collection GEM | Ligne Lucia Top licou de la collection Trend de Poirier. Les produits de la ligne Lucia sont toujours fabriqu\u00e9s dans un beau satin mat de couleur ivoire. Version de luxe. Fermeture \u00e9clair centrale au dos et boutons d\u00e9coratifs en tissu. Tailles : XS, S, M, L et XL. Se marie \u00e0 merveille avec le pantalon et la jupe de la ligne Lucia de la collection GEM de Poirier. Choisissez une tenue de mariage de luxe et sentez-vous fabuleuse pendant votre grand jour. Avec les accessoires de mariage de Poirier, vous serez au centre de l'attention.","og_url":"https:\/\/www.koonings.com\/fr\/product\/poirier-t-235-top-satin-gem-lucia\/","og_site_name":"Koonings","article_publisher":"https:\/\/www.facebook.com\/kooningstheweddingpalace","og_image":[{"width":1350,"height":1800,"url":"https:\/\/www.koonings.com\/wp-content\/uploads\/2025\/07\/50740_2316a036ab26a71d3f9ab0ad42f1b1488f68d0f7543739a7435555749fc4e5f9d1d7bb74.jpeg","type":"image\/jpeg"}],"twitter_card":"summary_large_image","twitter_misc":{"Dur\u00e9e de lecture estim\u00e9e":"1 minute"},"schema":{"@context":"https:\/\/schema.org","@graph":[{"@type":"WebPage","@id":"https:\/\/www.koonings.com\/fr\/product\/poirier-t-235-top-satin-gem-lucia\/","url":"https:\/\/www.koonings.com\/fr\/product\/poirier-t-235-top-satin-gem-lucia\/","name":"Poirier T-235 Top | Satin | Gem | Lucia | Koonings","isPartOf":{"@id":"https:\/\/www.koonings.com\/fr\/#website"},"primaryImageOfPage":{"@id":"https:\/\/www.koonings.com\/fr\/product\/poirier-t-235-top-satin-gem-lucia\/#primaryimage"},"image":{"@id":"https:\/\/www.koonings.com\/fr\/product\/poirier-t-235-top-satin-gem-lucia\/#primaryimage"},"thumbnailUrl":"https:\/\/www.koonings.com\/wp-content\/uploads\/2025\/07\/50740_2316a036ab26a71d3f9ab0ad42f1b1488f68d0f7543739a7435555749fc4e5f9d1d7bb74.jpeg","datePublished":"2026-04-14T14:34:25+00:00","description":"Top licou en satin mat | version de luxe | Collection GEM | Ligne Lucia Top licou de la collection Trend de Poirier. Les produits de la ligne Lucia sont toujours fabriqu\u00e9s dans un beau satin mat de couleur ivoire. Version de luxe. Fermeture \u00e9clair centrale au dos et boutons d\u00e9coratifs en tissu. Tailles : XS, S, M, L et XL. Se marie \u00e0 merveille avec le pantalon et la jupe de la ligne Lucia de la collection GEM de Poirier. Choisissez une tenue de mariage de luxe et sentez-vous fabuleuse pendant votre grand jour. Avec les accessoires de mariage de Poirier, vous serez au centre de l'attention.","breadcrumb":{"@id":"https:\/\/www.koonings.com\/fr\/product\/poirier-t-235-top-satin-gem-lucia\/#breadcrumb"},"inLanguage":"fr-FR","potentialAction":[{"@type":"ReadAction","target":["https:\/\/www.koonings.com\/fr\/product\/poirier-t-235-top-satin-gem-lucia\/"]}]},{"@type":"ImageObject","inLanguage":"fr-FR","@id":"https:\/\/www.koonings.com\/fr\/product\/poirier-t-235-top-satin-gem-lucia\/#primaryimage","url":"https:\/\/www.koonings.com\/wp-content\/uploads\/2025\/07\/50740_2316a036ab26a71d3f9ab0ad42f1b1488f68d0f7543739a7435555749fc4e5f9d1d7bb74.jpeg","contentUrl":"https:\/\/www.koonings.com\/wp-content\/uploads\/2025\/07\/50740_2316a036ab26a71d3f9ab0ad42f1b1488f68d0f7543739a7435555749fc4e5f9d1d7bb74.jpeg","width":1350,"height":1800},{"@type":"BreadcrumbList","@id":"https:\/\/www.koonings.com\/fr\/product\/poirier-t-235-top-satin-gem-lucia\/#breadcrumb","itemListElement":[{"@type":"ListItem","position":1,"name":"Home","item":"https:\/\/www.koonings.com\/fr\/"},{"@type":"ListItem","position":2,"name":"Poirier T-235 Top | Satin | Gem | Lucia"}]},{"@type":"WebSite","@id":"https:\/\/www.koonings.com\/fr\/#website","url":"https:\/\/www.koonings.com\/fr\/","name":"Koonings","description":"De grootste bruidsmodewinkel ter wereld","publisher":{"@id":"https:\/\/www.koonings.com\/fr\/#organization"},"potentialAction":[{"@type":"SearchAction","target":{"@type":"EntryPoint","urlTemplate":"https:\/\/www.koonings.com\/fr\/?s={search_term_string}"},"query-input":{"@type":"PropertyValueSpecification","valueRequired":true,"valueName":"search_term_string"}}],"inLanguage":"fr-FR"},{"@type":"Organization","@id":"https:\/\/www.koonings.com\/fr\/#organization","name":"Koonings","url":"https:\/\/www.koonings.com\/fr\/","logo":{"@type":"ImageObject","inLanguage":"fr-FR","@id":"https:\/\/www.koonings.com\/fr\/#\/schema\/logo\/image\/","url":"https:\/\/www.koonings.com\/wp-content\/uploads\/2024\/07\/logo.png","contentUrl":"https:\/\/www.koonings.com\/wp-content\/uploads\/2024\/07\/logo.png","width":600,"height":428,"caption":"Koonings"},"image":{"@id":"https:\/\/www.koonings.com\/fr\/#\/schema\/logo\/image\/"},"sameAs":["https:\/\/www.facebook.com\/kooningstheweddingpalace","https:\/\/www.instagram.com\/kooningstheweddingpalace","https:\/\/www.pinterest.com\/koonings","https:\/\/www.youtube.com\/kooningstheweddingpalace"]}]}},"_links":{"self":[{"href":"https:\/\/www.koonings.com\/fr\/wp-json\/wp\/v2\/product\/94520","targetHints":{"allow":["GET"]}}],"collection":[{"href":"https:\/\/www.koonings.com\/fr\/wp-json\/wp\/v2\/product"}],"about":[{"href":"https:\/\/www.koonings.com\/fr\/wp-json\/wp\/v2\/types\/product"}],"wp:featuredmedia":[{"embeddable":true,"href":"https:\/\/www.koonings.com\/fr\/wp-json\/wp\/v2\/media\/89469"}],"wp:attachment":[{"href":"https:\/\/www.koonings.com\/fr\/wp-json\/wp\/v2\/media?parent=94520"}],"wp:term":[{"taxonomy":"productdetails","embeddable":true,"href":"https:\/\/www.koonings.com\/fr\/wp-json\/wp\/v2\/productdetails?post=94520"},{"taxonomy":"productneck","embeddable":true,"href":"https:\/\/www.koonings.com\/fr\/wp-json\/wp\/v2\/productneck?post=94520"},{"taxonomy":"productcolor","embeddable":true,"href":"https:\/\/www.koonings.com\/fr\/wp-json\/wp\/v2\/productcolor?post=94520"},{"taxonomy":"maat","embeddable":true,"href":"https:\/\/www.koonings.com\/fr\/wp-json\/wp\/v2\/maat?post=94520"},{"taxonomy":"productsupplier","embeddable":true,"href":"https:\/\/www.koonings.com\/fr\/wp-json\/wp\/v2\/productsupplier?post=94520"},{"taxonomy":"productsleeve","embeddable":true,"href":"https:\/\/www.koonings.com\/fr\/wp-json\/wp\/v2\/productsleeve?post=94520"},{"taxonomy":"productcategory","embeddable":true,"href":"https:\/\/www.koonings.com\/fr\/wp-json\/wp\/v2\/productcategory?post=94520"},{"taxonomy":"productsilhouette","embeddable":true,"href":"https:\/\/www.koonings.com\/fr\/wp-json\/wp\/v2\/productsilhouette?post=94520"},{"taxonomy":"productstyle","embeddable":true,"href":"https:\/\/www.koonings.com\/fr\/wp-json\/wp\/v2\/productstyle?post=94520"}],"curies":[{"name":"wp","href":"https:\/\/api.w.org\/{rel}","templated":true}]}}