{"id":94497,"date":"2026-05-06T15:32:37","date_gmt":"2026-05-06T13:32:37","guid":{"rendered":"https:\/\/www.koonings.com\/product\/poirier-s75530-300-1-md\/"},"modified":"2026-04-14T16:09:30","modified_gmt":"2026-04-14T14:09:30","slug":"poirier-s75530-300-1-md","status":"publish","type":"product","link":"https:\/\/www.koonings.com\/fr\/product\/poirier-s75530-300-1-md\/","title":{"rendered":"Poirier S75530-300\/1\/MD"},"content":{"rendered":"<p>S75530-300\/1\/MD &#8211; Voile simple avec broderie fine et fleurs en 3D<br \/>\nVoile en tulle moyen simple.<br \/>\nOrn\u00e9 de broderie, de fleurs en 3D et de strass.<br \/>\nCouleur ivoire.<br \/>\nAppliqu\u00e9 \u00e0 partir de la section unie.<br \/>\nLongueur : 300 cm.<br \/>\nLargeur : 200 cm.<br \/>\n\u00c9galement disponible avec une longueur de 120 cm (S75530-120\/1\/MD).<\/p>\n","protected":false},"featured_media":89001,"template":"","meta":{"_acf_changed":false,"ghostkit_customizer_options":"","ghostkit_custom_css":"","ghostkit_custom_js_head":"","ghostkit_custom_js_foot":"","ghostkit_typography":""},"productdetails":[],"productneck":[],"productcolor":[],"maat":[],"productsupplier":[416],"productsleeve":[],"productcategory":[423],"productsilhouette":[],"productstyle":[],"class_list":["post-94497","product","type-product","status-publish","has-post-thumbnail","hentry","productsupplier-poirier","productcategory-sluiers"],"acf":[],"yoast_head":"<!-- This site is optimized with the Yoast SEO plugin v27.3 - https:\/\/yoast.com\/product\/yoast-seo-wordpress\/ -->\n<title>Poirier S75530-300\/1\/MD | Koonings<\/title>\n<meta name=\"description\" content=\"S75530-300\/1\/MD - Voile simple avec broderie fine et fleurs en 3D Voile en tulle moyen simple. Orn\u00e9 de broderie, de fleurs en 3D et de strass. Couleur ivoire. Appliqu\u00e9 \u00e0 partir de la section unie. Longueur : 300 cm. Largeur : 200 cm. \u00c9galement disponible avec une longueur de 120 cm (S75530-120\/1\/MD).\" \/>\n<meta name=\"robots\" content=\"index, follow, max-snippet:-1, max-image-preview:large, max-video-preview:-1\" \/>\n<link rel=\"canonical\" href=\"https:\/\/www.koonings.com\/fr\/product\/poirier-s75530-300-1-md\/\" \/>\n<meta property=\"og:locale\" content=\"fr_FR\" \/>\n<meta property=\"og:type\" content=\"article\" \/>\n<meta property=\"og:title\" content=\"Poirier S75530-300\/1\/MD | Koonings\" \/>\n<meta property=\"og:description\" content=\"S75530-300\/1\/MD - Voile simple avec broderie fine et fleurs en 3D Voile en tulle moyen simple. Orn\u00e9 de broderie, de fleurs en 3D et de strass. Couleur ivoire. Appliqu\u00e9 \u00e0 partir de la section unie. Longueur : 300 cm. Largeur : 200 cm. \u00c9galement disponible avec une longueur de 120 cm (S75530-120\/1\/MD).\" \/>\n<meta property=\"og:url\" content=\"https:\/\/www.koonings.com\/fr\/product\/poirier-s75530-300-1-md\/\" \/>\n<meta property=\"og:site_name\" content=\"Koonings\" \/>\n<meta property=\"article:publisher\" content=\"https:\/\/www.facebook.com\/kooningstheweddingpalace\" \/>\n<meta property=\"og:image\" content=\"https:\/\/www.koonings.com\/wp-content\/uploads\/2025\/07\/50710_ca2ea6ca2d975501c2cea1f5001e41bb74398361fc2c281cb16b4b5991d7c74cc0a4e41d.jpeg\" \/>\n\t<meta property=\"og:image:width\" content=\"1350\" \/>\n\t<meta property=\"og:image:height\" content=\"1800\" \/>\n\t<meta property=\"og:image:type\" content=\"image\/jpeg\" \/>\n<meta name=\"twitter:card\" content=\"summary_large_image\" \/>\n<script type=\"application\/ld+json\" class=\"yoast-schema-graph\">{\"@context\":\"https:\\\/\\\/schema.org\",\"@graph\":[{\"@type\":\"WebPage\",\"@id\":\"https:\\\/\\\/www.koonings.com\\\/fr\\\/product\\\/poirier-s75530-300-1-md\\\/\",\"url\":\"https:\\\/\\\/www.koonings.com\\\/fr\\\/product\\\/poirier-s75530-300-1-md\\\/\",\"name\":\"Poirier S75530-300\\\/1\\\/MD | Koonings\",\"isPartOf\":{\"@id\":\"https:\\\/\\\/www.koonings.com\\\/fr\\\/#website\"},\"primaryImageOfPage\":{\"@id\":\"https:\\\/\\\/www.koonings.com\\\/fr\\\/product\\\/poirier-s75530-300-1-md\\\/#primaryimage\"},\"image\":{\"@id\":\"https:\\\/\\\/www.koonings.com\\\/fr\\\/product\\\/poirier-s75530-300-1-md\\\/#primaryimage\"},\"thumbnailUrl\":\"https:\\\/\\\/www.koonings.com\\\/wp-content\\\/uploads\\\/2025\\\/07\\\/50710_ca2ea6ca2d975501c2cea1f5001e41bb74398361fc2c281cb16b4b5991d7c74cc0a4e41d.jpeg\",\"datePublished\":\"2026-05-06T13:32:37+00:00\",\"description\":\"S75530-300\\\/1\\\/MD - Voile simple avec broderie fine et fleurs en 3D Voile en tulle moyen simple. Orn\u00e9 de broderie, de fleurs en 3D et de strass. Couleur ivoire. Appliqu\u00e9 \u00e0 partir de la section unie. Longueur : 300 cm. Largeur : 200 cm. \u00c9galement disponible avec une longueur de 120 cm (S75530-120\\\/1\\\/MD).\",\"breadcrumb\":{\"@id\":\"https:\\\/\\\/www.koonings.com\\\/fr\\\/product\\\/poirier-s75530-300-1-md\\\/#breadcrumb\"},\"inLanguage\":\"fr-FR\",\"potentialAction\":[{\"@type\":\"ReadAction\",\"target\":[\"https:\\\/\\\/www.koonings.com\\\/fr\\\/product\\\/poirier-s75530-300-1-md\\\/\"]}]},{\"@type\":\"ImageObject\",\"inLanguage\":\"fr-FR\",\"@id\":\"https:\\\/\\\/www.koonings.com\\\/fr\\\/product\\\/poirier-s75530-300-1-md\\\/#primaryimage\",\"url\":\"https:\\\/\\\/www.koonings.com\\\/wp-content\\\/uploads\\\/2025\\\/07\\\/50710_ca2ea6ca2d975501c2cea1f5001e41bb74398361fc2c281cb16b4b5991d7c74cc0a4e41d.jpeg\",\"contentUrl\":\"https:\\\/\\\/www.koonings.com\\\/wp-content\\\/uploads\\\/2025\\\/07\\\/50710_ca2ea6ca2d975501c2cea1f5001e41bb74398361fc2c281cb16b4b5991d7c74cc0a4e41d.jpeg\",\"width\":1350,\"height\":1800},{\"@type\":\"BreadcrumbList\",\"@id\":\"https:\\\/\\\/www.koonings.com\\\/fr\\\/product\\\/poirier-s75530-300-1-md\\\/#breadcrumb\",\"itemListElement\":[{\"@type\":\"ListItem\",\"position\":1,\"name\":\"Home\",\"item\":\"https:\\\/\\\/www.koonings.com\\\/fr\\\/\"},{\"@type\":\"ListItem\",\"position\":2,\"name\":\"Poirier S75530-300\\\/1\\\/MD\"}]},{\"@type\":\"WebSite\",\"@id\":\"https:\\\/\\\/www.koonings.com\\\/fr\\\/#website\",\"url\":\"https:\\\/\\\/www.koonings.com\\\/fr\\\/\",\"name\":\"Koonings\",\"description\":\"De grootste bruidsmodewinkel ter wereld\",\"publisher\":{\"@id\":\"https:\\\/\\\/www.koonings.com\\\/fr\\\/#organization\"},\"potentialAction\":[{\"@type\":\"SearchAction\",\"target\":{\"@type\":\"EntryPoint\",\"urlTemplate\":\"https:\\\/\\\/www.koonings.com\\\/fr\\\/?s={search_term_string}\"},\"query-input\":{\"@type\":\"PropertyValueSpecification\",\"valueRequired\":true,\"valueName\":\"search_term_string\"}}],\"inLanguage\":\"fr-FR\"},{\"@type\":\"Organization\",\"@id\":\"https:\\\/\\\/www.koonings.com\\\/fr\\\/#organization\",\"name\":\"Koonings\",\"url\":\"https:\\\/\\\/www.koonings.com\\\/fr\\\/\",\"logo\":{\"@type\":\"ImageObject\",\"inLanguage\":\"fr-FR\",\"@id\":\"https:\\\/\\\/www.koonings.com\\\/fr\\\/#\\\/schema\\\/logo\\\/image\\\/\",\"url\":\"https:\\\/\\\/www.koonings.com\\\/wp-content\\\/uploads\\\/2024\\\/07\\\/logo.png\",\"contentUrl\":\"https:\\\/\\\/www.koonings.com\\\/wp-content\\\/uploads\\\/2024\\\/07\\\/logo.png\",\"width\":600,\"height\":428,\"caption\":\"Koonings\"},\"image\":{\"@id\":\"https:\\\/\\\/www.koonings.com\\\/fr\\\/#\\\/schema\\\/logo\\\/image\\\/\"},\"sameAs\":[\"https:\\\/\\\/www.facebook.com\\\/kooningstheweddingpalace\",\"https:\\\/\\\/www.instagram.com\\\/kooningstheweddingpalace\",\"https:\\\/\\\/www.pinterest.com\\\/koonings\",\"https:\\\/\\\/www.youtube.com\\\/kooningstheweddingpalace\"]}]}<\/script>\n<!-- \/ Yoast SEO plugin. -->","yoast_head_json":{"title":"Poirier S75530-300\/1\/MD | Koonings","description":"S75530-300\/1\/MD - Voile simple avec broderie fine et fleurs en 3D Voile en tulle moyen simple. Orn\u00e9 de broderie, de fleurs en 3D et de strass. Couleur ivoire. Appliqu\u00e9 \u00e0 partir de la section unie. Longueur : 300 cm. Largeur : 200 cm. \u00c9galement disponible avec une longueur de 120 cm (S75530-120\/1\/MD).","robots":{"index":"index","follow":"follow","max-snippet":"max-snippet:-1","max-image-preview":"max-image-preview:large","max-video-preview":"max-video-preview:-1"},"canonical":"https:\/\/www.koonings.com\/fr\/product\/poirier-s75530-300-1-md\/","og_locale":"fr_FR","og_type":"article","og_title":"Poirier S75530-300\/1\/MD | Koonings","og_description":"S75530-300\/1\/MD - Voile simple avec broderie fine et fleurs en 3D Voile en tulle moyen simple. Orn\u00e9 de broderie, de fleurs en 3D et de strass. Couleur ivoire. Appliqu\u00e9 \u00e0 partir de la section unie. Longueur : 300 cm. Largeur : 200 cm. \u00c9galement disponible avec une longueur de 120 cm (S75530-120\/1\/MD).","og_url":"https:\/\/www.koonings.com\/fr\/product\/poirier-s75530-300-1-md\/","og_site_name":"Koonings","article_publisher":"https:\/\/www.facebook.com\/kooningstheweddingpalace","og_image":[{"width":1350,"height":1800,"url":"https:\/\/www.koonings.com\/wp-content\/uploads\/2025\/07\/50710_ca2ea6ca2d975501c2cea1f5001e41bb74398361fc2c281cb16b4b5991d7c74cc0a4e41d.jpeg","type":"image\/jpeg"}],"twitter_card":"summary_large_image","schema":{"@context":"https:\/\/schema.org","@graph":[{"@type":"WebPage","@id":"https:\/\/www.koonings.com\/fr\/product\/poirier-s75530-300-1-md\/","url":"https:\/\/www.koonings.com\/fr\/product\/poirier-s75530-300-1-md\/","name":"Poirier S75530-300\/1\/MD | Koonings","isPartOf":{"@id":"https:\/\/www.koonings.com\/fr\/#website"},"primaryImageOfPage":{"@id":"https:\/\/www.koonings.com\/fr\/product\/poirier-s75530-300-1-md\/#primaryimage"},"image":{"@id":"https:\/\/www.koonings.com\/fr\/product\/poirier-s75530-300-1-md\/#primaryimage"},"thumbnailUrl":"https:\/\/www.koonings.com\/wp-content\/uploads\/2025\/07\/50710_ca2ea6ca2d975501c2cea1f5001e41bb74398361fc2c281cb16b4b5991d7c74cc0a4e41d.jpeg","datePublished":"2026-05-06T13:32:37+00:00","description":"S75530-300\/1\/MD - Voile simple avec broderie fine et fleurs en 3D Voile en tulle moyen simple. Orn\u00e9 de broderie, de fleurs en 3D et de strass. Couleur ivoire. Appliqu\u00e9 \u00e0 partir de la section unie. Longueur : 300 cm. Largeur : 200 cm. \u00c9galement disponible avec une longueur de 120 cm (S75530-120\/1\/MD).","breadcrumb":{"@id":"https:\/\/www.koonings.com\/fr\/product\/poirier-s75530-300-1-md\/#breadcrumb"},"inLanguage":"fr-FR","potentialAction":[{"@type":"ReadAction","target":["https:\/\/www.koonings.com\/fr\/product\/poirier-s75530-300-1-md\/"]}]},{"@type":"ImageObject","inLanguage":"fr-FR","@id":"https:\/\/www.koonings.com\/fr\/product\/poirier-s75530-300-1-md\/#primaryimage","url":"https:\/\/www.koonings.com\/wp-content\/uploads\/2025\/07\/50710_ca2ea6ca2d975501c2cea1f5001e41bb74398361fc2c281cb16b4b5991d7c74cc0a4e41d.jpeg","contentUrl":"https:\/\/www.koonings.com\/wp-content\/uploads\/2025\/07\/50710_ca2ea6ca2d975501c2cea1f5001e41bb74398361fc2c281cb16b4b5991d7c74cc0a4e41d.jpeg","width":1350,"height":1800},{"@type":"BreadcrumbList","@id":"https:\/\/www.koonings.com\/fr\/product\/poirier-s75530-300-1-md\/#breadcrumb","itemListElement":[{"@type":"ListItem","position":1,"name":"Home","item":"https:\/\/www.koonings.com\/fr\/"},{"@type":"ListItem","position":2,"name":"Poirier S75530-300\/1\/MD"}]},{"@type":"WebSite","@id":"https:\/\/www.koonings.com\/fr\/#website","url":"https:\/\/www.koonings.com\/fr\/","name":"Koonings","description":"De grootste bruidsmodewinkel ter wereld","publisher":{"@id":"https:\/\/www.koonings.com\/fr\/#organization"},"potentialAction":[{"@type":"SearchAction","target":{"@type":"EntryPoint","urlTemplate":"https:\/\/www.koonings.com\/fr\/?s={search_term_string}"},"query-input":{"@type":"PropertyValueSpecification","valueRequired":true,"valueName":"search_term_string"}}],"inLanguage":"fr-FR"},{"@type":"Organization","@id":"https:\/\/www.koonings.com\/fr\/#organization","name":"Koonings","url":"https:\/\/www.koonings.com\/fr\/","logo":{"@type":"ImageObject","inLanguage":"fr-FR","@id":"https:\/\/www.koonings.com\/fr\/#\/schema\/logo\/image\/","url":"https:\/\/www.koonings.com\/wp-content\/uploads\/2024\/07\/logo.png","contentUrl":"https:\/\/www.koonings.com\/wp-content\/uploads\/2024\/07\/logo.png","width":600,"height":428,"caption":"Koonings"},"image":{"@id":"https:\/\/www.koonings.com\/fr\/#\/schema\/logo\/image\/"},"sameAs":["https:\/\/www.facebook.com\/kooningstheweddingpalace","https:\/\/www.instagram.com\/kooningstheweddingpalace","https:\/\/www.pinterest.com\/koonings","https:\/\/www.youtube.com\/kooningstheweddingpalace"]}]}},"_links":{"self":[{"href":"https:\/\/www.koonings.com\/fr\/wp-json\/wp\/v2\/product\/94497","targetHints":{"allow":["GET"]}}],"collection":[{"href":"https:\/\/www.koonings.com\/fr\/wp-json\/wp\/v2\/product"}],"about":[{"href":"https:\/\/www.koonings.com\/fr\/wp-json\/wp\/v2\/types\/product"}],"wp:featuredmedia":[{"embeddable":true,"href":"https:\/\/www.koonings.com\/fr\/wp-json\/wp\/v2\/media\/89001"}],"wp:attachment":[{"href":"https:\/\/www.koonings.com\/fr\/wp-json\/wp\/v2\/media?parent=94497"}],"wp:term":[{"taxonomy":"productdetails","embeddable":true,"href":"https:\/\/www.koonings.com\/fr\/wp-json\/wp\/v2\/productdetails?post=94497"},{"taxonomy":"productneck","embeddable":true,"href":"https:\/\/www.koonings.com\/fr\/wp-json\/wp\/v2\/productneck?post=94497"},{"taxonomy":"productcolor","embeddable":true,"href":"https:\/\/www.koonings.com\/fr\/wp-json\/wp\/v2\/productcolor?post=94497"},{"taxonomy":"maat","embeddable":true,"href":"https:\/\/www.koonings.com\/fr\/wp-json\/wp\/v2\/maat?post=94497"},{"taxonomy":"productsupplier","embeddable":true,"href":"https:\/\/www.koonings.com\/fr\/wp-json\/wp\/v2\/productsupplier?post=94497"},{"taxonomy":"productsleeve","embeddable":true,"href":"https:\/\/www.koonings.com\/fr\/wp-json\/wp\/v2\/productsleeve?post=94497"},{"taxonomy":"productcategory","embeddable":true,"href":"https:\/\/www.koonings.com\/fr\/wp-json\/wp\/v2\/productcategory?post=94497"},{"taxonomy":"productsilhouette","embeddable":true,"href":"https:\/\/www.koonings.com\/fr\/wp-json\/wp\/v2\/productsilhouette?post=94497"},{"taxonomy":"productstyle","embeddable":true,"href":"https:\/\/www.koonings.com\/fr\/wp-json\/wp\/v2\/productstyle?post=94497"}],"curies":[{"name":"wp","href":"https:\/\/api.w.org\/{rel}","templated":true}]}}