{"id":94470,"date":"2026-04-14T16:34:33","date_gmt":"2026-04-14T14:34:33","guid":{"rendered":"https:\/\/www.koonings.com\/product\/poirier-t-75417-top-uma\/"},"modified":"2026-04-14T16:07:19","modified_gmt":"2026-04-14T14:07:19","slug":"poirier-t-75417-top-uma","status":"publish","type":"product","link":"https:\/\/www.koonings.com\/fr\/product\/poirier-t-75417-top-uma\/","title":{"rendered":"Poirier T-75417 Top | Uma"},"content":{"rendered":"<p>T-75417 &#8211; Luxueux top en tulle brod\u00e9 \u00e0 manches longues<br \/>\nTop en tulle ivoire de la ligne Uma de Poirier.<br \/>\nManches longues.<br \/>\nMotif floral brod\u00e9 rehauss\u00e9 de paillettes et de perles.<br \/>\nFermeture \u00e0 bouton au centre du dos.<br \/>\nTailles : XS, S, M, L, XL.<br \/>\nJupe SK-75345 et voile S75502-280\/1 assortis de la ligne Uma.<br \/>\n!) Le top T-203 est disponible s\u00e9par\u00e9ment.<\/p>\n","protected":false},"featured_media":89774,"template":"","meta":{"_acf_changed":false,"ghostkit_customizer_options":"","ghostkit_custom_css":"","ghostkit_custom_js_head":"","ghostkit_custom_js_foot":"","ghostkit_typography":""},"productdetails":[],"productneck":[],"productcolor":[],"maat":[],"productsupplier":[416],"productsleeve":[],"productcategory":[509],"productsilhouette":[],"productstyle":[],"class_list":["post-94470","product","type-product","status-publish","has-post-thumbnail","hentry","productsupplier-poirier","productcategory-accessoires-bruid"],"acf":[],"yoast_head":"<!-- This site is optimized with the Yoast SEO plugin v27.3 - https:\/\/yoast.com\/product\/yoast-seo-wordpress\/ -->\n<title>Poirier T-75417 Top | Uma | Koonings<\/title>\n<meta name=\"description\" content=\"T-75417 - Luxueux top en tulle brod\u00e9 \u00e0 manches longues Top en tulle ivoire de la ligne Uma de Poirier. Manches longues. Motif floral brod\u00e9 rehauss\u00e9 de paillettes et de perles. Fermeture \u00e0 bouton au centre du dos. Tailles : XS, S, M, L, XL. Jupe SK-75345 et voile S75502-280\/1 assortis de la ligne Uma. !) Le top T-203 est disponible s\u00e9par\u00e9ment.\" \/>\n<meta name=\"robots\" content=\"index, follow, max-snippet:-1, max-image-preview:large, max-video-preview:-1\" \/>\n<link rel=\"canonical\" href=\"https:\/\/www.koonings.com\/fr\/product\/poirier-t-75417-top-uma\/\" \/>\n<meta property=\"og:locale\" content=\"fr_FR\" \/>\n<meta property=\"og:type\" content=\"article\" \/>\n<meta property=\"og:title\" content=\"Poirier T-75417 Top | Uma | Koonings\" \/>\n<meta property=\"og:description\" content=\"T-75417 - Luxueux top en tulle brod\u00e9 \u00e0 manches longues Top en tulle ivoire de la ligne Uma de Poirier. Manches longues. Motif floral brod\u00e9 rehauss\u00e9 de paillettes et de perles. Fermeture \u00e0 bouton au centre du dos. Tailles : XS, S, M, L, XL. Jupe SK-75345 et voile S75502-280\/1 assortis de la ligne Uma. !) Le top T-203 est disponible s\u00e9par\u00e9ment.\" \/>\n<meta property=\"og:url\" content=\"https:\/\/www.koonings.com\/fr\/product\/poirier-t-75417-top-uma\/\" \/>\n<meta property=\"og:site_name\" content=\"Koonings\" \/>\n<meta property=\"article:publisher\" content=\"https:\/\/www.facebook.com\/kooningstheweddingpalace\" \/>\n<meta property=\"og:image\" content=\"https:\/\/www.koonings.com\/wp-content\/uploads\/2025\/07\/50757_d3f9259292b4ae1715f64b9d869c6c55e35a10d0cf5d7de8805ca04e5791c52540098b39.jpeg\" \/>\n\t<meta property=\"og:image:width\" content=\"1500\" \/>\n\t<meta property=\"og:image:height\" content=\"2000\" \/>\n\t<meta property=\"og:image:type\" content=\"image\/jpeg\" \/>\n<meta name=\"twitter:card\" content=\"summary_large_image\" \/>\n<script type=\"application\/ld+json\" class=\"yoast-schema-graph\">{\"@context\":\"https:\\\/\\\/schema.org\",\"@graph\":[{\"@type\":\"WebPage\",\"@id\":\"https:\\\/\\\/www.koonings.com\\\/fr\\\/product\\\/poirier-t-75417-top-uma\\\/\",\"url\":\"https:\\\/\\\/www.koonings.com\\\/fr\\\/product\\\/poirier-t-75417-top-uma\\\/\",\"name\":\"Poirier T-75417 Top | Uma | Koonings\",\"isPartOf\":{\"@id\":\"https:\\\/\\\/www.koonings.com\\\/fr\\\/#website\"},\"primaryImageOfPage\":{\"@id\":\"https:\\\/\\\/www.koonings.com\\\/fr\\\/product\\\/poirier-t-75417-top-uma\\\/#primaryimage\"},\"image\":{\"@id\":\"https:\\\/\\\/www.koonings.com\\\/fr\\\/product\\\/poirier-t-75417-top-uma\\\/#primaryimage\"},\"thumbnailUrl\":\"https:\\\/\\\/www.koonings.com\\\/wp-content\\\/uploads\\\/2025\\\/07\\\/50757_d3f9259292b4ae1715f64b9d869c6c55e35a10d0cf5d7de8805ca04e5791c52540098b39.jpeg\",\"datePublished\":\"2026-04-14T14:34:33+00:00\",\"description\":\"T-75417 - Luxueux top en tulle brod\u00e9 \u00e0 manches longues Top en tulle ivoire de la ligne Uma de Poirier. Manches longues. Motif floral brod\u00e9 rehauss\u00e9 de paillettes et de perles. Fermeture \u00e0 bouton au centre du dos. Tailles : XS, S, M, L, XL. Jupe SK-75345 et voile S75502-280\\\/1 assortis de la ligne Uma. !) Le top T-203 est disponible s\u00e9par\u00e9ment.\",\"breadcrumb\":{\"@id\":\"https:\\\/\\\/www.koonings.com\\\/fr\\\/product\\\/poirier-t-75417-top-uma\\\/#breadcrumb\"},\"inLanguage\":\"fr-FR\",\"potentialAction\":[{\"@type\":\"ReadAction\",\"target\":[\"https:\\\/\\\/www.koonings.com\\\/fr\\\/product\\\/poirier-t-75417-top-uma\\\/\"]}]},{\"@type\":\"ImageObject\",\"inLanguage\":\"fr-FR\",\"@id\":\"https:\\\/\\\/www.koonings.com\\\/fr\\\/product\\\/poirier-t-75417-top-uma\\\/#primaryimage\",\"url\":\"https:\\\/\\\/www.koonings.com\\\/wp-content\\\/uploads\\\/2025\\\/07\\\/50757_d3f9259292b4ae1715f64b9d869c6c55e35a10d0cf5d7de8805ca04e5791c52540098b39.jpeg\",\"contentUrl\":\"https:\\\/\\\/www.koonings.com\\\/wp-content\\\/uploads\\\/2025\\\/07\\\/50757_d3f9259292b4ae1715f64b9d869c6c55e35a10d0cf5d7de8805ca04e5791c52540098b39.jpeg\",\"width\":1500,\"height\":2000},{\"@type\":\"BreadcrumbList\",\"@id\":\"https:\\\/\\\/www.koonings.com\\\/fr\\\/product\\\/poirier-t-75417-top-uma\\\/#breadcrumb\",\"itemListElement\":[{\"@type\":\"ListItem\",\"position\":1,\"name\":\"Home\",\"item\":\"https:\\\/\\\/www.koonings.com\\\/fr\\\/\"},{\"@type\":\"ListItem\",\"position\":2,\"name\":\"Poirier T-75417 Top | Uma\"}]},{\"@type\":\"WebSite\",\"@id\":\"https:\\\/\\\/www.koonings.com\\\/fr\\\/#website\",\"url\":\"https:\\\/\\\/www.koonings.com\\\/fr\\\/\",\"name\":\"Koonings\",\"description\":\"De grootste bruidsmodewinkel ter wereld\",\"publisher\":{\"@id\":\"https:\\\/\\\/www.koonings.com\\\/fr\\\/#organization\"},\"potentialAction\":[{\"@type\":\"SearchAction\",\"target\":{\"@type\":\"EntryPoint\",\"urlTemplate\":\"https:\\\/\\\/www.koonings.com\\\/fr\\\/?s={search_term_string}\"},\"query-input\":{\"@type\":\"PropertyValueSpecification\",\"valueRequired\":true,\"valueName\":\"search_term_string\"}}],\"inLanguage\":\"fr-FR\"},{\"@type\":\"Organization\",\"@id\":\"https:\\\/\\\/www.koonings.com\\\/fr\\\/#organization\",\"name\":\"Koonings\",\"url\":\"https:\\\/\\\/www.koonings.com\\\/fr\\\/\",\"logo\":{\"@type\":\"ImageObject\",\"inLanguage\":\"fr-FR\",\"@id\":\"https:\\\/\\\/www.koonings.com\\\/fr\\\/#\\\/schema\\\/logo\\\/image\\\/\",\"url\":\"https:\\\/\\\/www.koonings.com\\\/wp-content\\\/uploads\\\/2024\\\/07\\\/logo.png\",\"contentUrl\":\"https:\\\/\\\/www.koonings.com\\\/wp-content\\\/uploads\\\/2024\\\/07\\\/logo.png\",\"width\":600,\"height\":428,\"caption\":\"Koonings\"},\"image\":{\"@id\":\"https:\\\/\\\/www.koonings.com\\\/fr\\\/#\\\/schema\\\/logo\\\/image\\\/\"},\"sameAs\":[\"https:\\\/\\\/www.facebook.com\\\/kooningstheweddingpalace\",\"https:\\\/\\\/www.instagram.com\\\/kooningstheweddingpalace\",\"https:\\\/\\\/www.pinterest.com\\\/koonings\",\"https:\\\/\\\/www.youtube.com\\\/kooningstheweddingpalace\"]}]}<\/script>\n<!-- \/ Yoast SEO plugin. -->","yoast_head_json":{"title":"Poirier T-75417 Top | Uma | Koonings","description":"T-75417 - Luxueux top en tulle brod\u00e9 \u00e0 manches longues Top en tulle ivoire de la ligne Uma de Poirier. Manches longues. Motif floral brod\u00e9 rehauss\u00e9 de paillettes et de perles. Fermeture \u00e0 bouton au centre du dos. Tailles : XS, S, M, L, XL. Jupe SK-75345 et voile S75502-280\/1 assortis de la ligne Uma. !) Le top T-203 est disponible s\u00e9par\u00e9ment.","robots":{"index":"index","follow":"follow","max-snippet":"max-snippet:-1","max-image-preview":"max-image-preview:large","max-video-preview":"max-video-preview:-1"},"canonical":"https:\/\/www.koonings.com\/fr\/product\/poirier-t-75417-top-uma\/","og_locale":"fr_FR","og_type":"article","og_title":"Poirier T-75417 Top | Uma | Koonings","og_description":"T-75417 - Luxueux top en tulle brod\u00e9 \u00e0 manches longues Top en tulle ivoire de la ligne Uma de Poirier. Manches longues. Motif floral brod\u00e9 rehauss\u00e9 de paillettes et de perles. Fermeture \u00e0 bouton au centre du dos. Tailles : XS, S, M, L, XL. Jupe SK-75345 et voile S75502-280\/1 assortis de la ligne Uma. !) Le top T-203 est disponible s\u00e9par\u00e9ment.","og_url":"https:\/\/www.koonings.com\/fr\/product\/poirier-t-75417-top-uma\/","og_site_name":"Koonings","article_publisher":"https:\/\/www.facebook.com\/kooningstheweddingpalace","og_image":[{"width":1500,"height":2000,"url":"https:\/\/www.koonings.com\/wp-content\/uploads\/2025\/07\/50757_d3f9259292b4ae1715f64b9d869c6c55e35a10d0cf5d7de8805ca04e5791c52540098b39.jpeg","type":"image\/jpeg"}],"twitter_card":"summary_large_image","schema":{"@context":"https:\/\/schema.org","@graph":[{"@type":"WebPage","@id":"https:\/\/www.koonings.com\/fr\/product\/poirier-t-75417-top-uma\/","url":"https:\/\/www.koonings.com\/fr\/product\/poirier-t-75417-top-uma\/","name":"Poirier T-75417 Top | Uma | Koonings","isPartOf":{"@id":"https:\/\/www.koonings.com\/fr\/#website"},"primaryImageOfPage":{"@id":"https:\/\/www.koonings.com\/fr\/product\/poirier-t-75417-top-uma\/#primaryimage"},"image":{"@id":"https:\/\/www.koonings.com\/fr\/product\/poirier-t-75417-top-uma\/#primaryimage"},"thumbnailUrl":"https:\/\/www.koonings.com\/wp-content\/uploads\/2025\/07\/50757_d3f9259292b4ae1715f64b9d869c6c55e35a10d0cf5d7de8805ca04e5791c52540098b39.jpeg","datePublished":"2026-04-14T14:34:33+00:00","description":"T-75417 - Luxueux top en tulle brod\u00e9 \u00e0 manches longues Top en tulle ivoire de la ligne Uma de Poirier. Manches longues. Motif floral brod\u00e9 rehauss\u00e9 de paillettes et de perles. Fermeture \u00e0 bouton au centre du dos. Tailles : XS, S, M, L, XL. Jupe SK-75345 et voile S75502-280\/1 assortis de la ligne Uma. !) Le top T-203 est disponible s\u00e9par\u00e9ment.","breadcrumb":{"@id":"https:\/\/www.koonings.com\/fr\/product\/poirier-t-75417-top-uma\/#breadcrumb"},"inLanguage":"fr-FR","potentialAction":[{"@type":"ReadAction","target":["https:\/\/www.koonings.com\/fr\/product\/poirier-t-75417-top-uma\/"]}]},{"@type":"ImageObject","inLanguage":"fr-FR","@id":"https:\/\/www.koonings.com\/fr\/product\/poirier-t-75417-top-uma\/#primaryimage","url":"https:\/\/www.koonings.com\/wp-content\/uploads\/2025\/07\/50757_d3f9259292b4ae1715f64b9d869c6c55e35a10d0cf5d7de8805ca04e5791c52540098b39.jpeg","contentUrl":"https:\/\/www.koonings.com\/wp-content\/uploads\/2025\/07\/50757_d3f9259292b4ae1715f64b9d869c6c55e35a10d0cf5d7de8805ca04e5791c52540098b39.jpeg","width":1500,"height":2000},{"@type":"BreadcrumbList","@id":"https:\/\/www.koonings.com\/fr\/product\/poirier-t-75417-top-uma\/#breadcrumb","itemListElement":[{"@type":"ListItem","position":1,"name":"Home","item":"https:\/\/www.koonings.com\/fr\/"},{"@type":"ListItem","position":2,"name":"Poirier T-75417 Top | Uma"}]},{"@type":"WebSite","@id":"https:\/\/www.koonings.com\/fr\/#website","url":"https:\/\/www.koonings.com\/fr\/","name":"Koonings","description":"De grootste bruidsmodewinkel ter wereld","publisher":{"@id":"https:\/\/www.koonings.com\/fr\/#organization"},"potentialAction":[{"@type":"SearchAction","target":{"@type":"EntryPoint","urlTemplate":"https:\/\/www.koonings.com\/fr\/?s={search_term_string}"},"query-input":{"@type":"PropertyValueSpecification","valueRequired":true,"valueName":"search_term_string"}}],"inLanguage":"fr-FR"},{"@type":"Organization","@id":"https:\/\/www.koonings.com\/fr\/#organization","name":"Koonings","url":"https:\/\/www.koonings.com\/fr\/","logo":{"@type":"ImageObject","inLanguage":"fr-FR","@id":"https:\/\/www.koonings.com\/fr\/#\/schema\/logo\/image\/","url":"https:\/\/www.koonings.com\/wp-content\/uploads\/2024\/07\/logo.png","contentUrl":"https:\/\/www.koonings.com\/wp-content\/uploads\/2024\/07\/logo.png","width":600,"height":428,"caption":"Koonings"},"image":{"@id":"https:\/\/www.koonings.com\/fr\/#\/schema\/logo\/image\/"},"sameAs":["https:\/\/www.facebook.com\/kooningstheweddingpalace","https:\/\/www.instagram.com\/kooningstheweddingpalace","https:\/\/www.pinterest.com\/koonings","https:\/\/www.youtube.com\/kooningstheweddingpalace"]}]}},"_links":{"self":[{"href":"https:\/\/www.koonings.com\/fr\/wp-json\/wp\/v2\/product\/94470","targetHints":{"allow":["GET"]}}],"collection":[{"href":"https:\/\/www.koonings.com\/fr\/wp-json\/wp\/v2\/product"}],"about":[{"href":"https:\/\/www.koonings.com\/fr\/wp-json\/wp\/v2\/types\/product"}],"wp:featuredmedia":[{"embeddable":true,"href":"https:\/\/www.koonings.com\/fr\/wp-json\/wp\/v2\/media\/89774"}],"wp:attachment":[{"href":"https:\/\/www.koonings.com\/fr\/wp-json\/wp\/v2\/media?parent=94470"}],"wp:term":[{"taxonomy":"productdetails","embeddable":true,"href":"https:\/\/www.koonings.com\/fr\/wp-json\/wp\/v2\/productdetails?post=94470"},{"taxonomy":"productneck","embeddable":true,"href":"https:\/\/www.koonings.com\/fr\/wp-json\/wp\/v2\/productneck?post=94470"},{"taxonomy":"productcolor","embeddable":true,"href":"https:\/\/www.koonings.com\/fr\/wp-json\/wp\/v2\/productcolor?post=94470"},{"taxonomy":"maat","embeddable":true,"href":"https:\/\/www.koonings.com\/fr\/wp-json\/wp\/v2\/maat?post=94470"},{"taxonomy":"productsupplier","embeddable":true,"href":"https:\/\/www.koonings.com\/fr\/wp-json\/wp\/v2\/productsupplier?post=94470"},{"taxonomy":"productsleeve","embeddable":true,"href":"https:\/\/www.koonings.com\/fr\/wp-json\/wp\/v2\/productsleeve?post=94470"},{"taxonomy":"productcategory","embeddable":true,"href":"https:\/\/www.koonings.com\/fr\/wp-json\/wp\/v2\/productcategory?post=94470"},{"taxonomy":"productsilhouette","embeddable":true,"href":"https:\/\/www.koonings.com\/fr\/wp-json\/wp\/v2\/productsilhouette?post=94470"},{"taxonomy":"productstyle","embeddable":true,"href":"https:\/\/www.koonings.com\/fr\/wp-json\/wp\/v2\/productstyle?post=94470"}],"curies":[{"name":"wp","href":"https:\/\/api.w.org\/{rel}","templated":true}]}}