{"id":94448,"date":"2026-05-06T15:32:15","date_gmt":"2026-05-06T13:32:15","guid":{"rendered":"https:\/\/www.koonings.com\/product\/poirier-je-75222-boucles-doreilles-strass-et-perles\/"},"modified":"2026-04-14T15:59:30","modified_gmt":"2026-04-14T13:59:30","slug":"poirier-je-75222-boucles-doreilles-strass-et-perles","status":"publish","type":"product","link":"https:\/\/www.koonings.com\/fr\/product\/poirier-je-75222-boucles-doreilles-strass-et-perles\/","title":{"rendered":"Poirier JE-75222 Boucles d&#8217;oreilles | strass et perles"},"content":{"rendered":"<p>JE-75222 &#8211; Boucles d&#8217;oreilles\/pendentifs accrocheurs avec une base en or et d\u00e9cor\u00e9s d&#8217;une grosse perle avec de petits strass<br \/>\nType de boucle d&#8217;oreilles : pendentif avec un anneau en or comme base.<br \/>\nPlaqu\u00e9 or 14 carats avec une base en argent sterling 925.<br \/>\nGrosse perle d&#8217;eau douce d\u00e9cor\u00e9e de petits strass et d&#8217;une finition en or.<br \/>\nDe couleur ivoire.<br \/>\nJoliment assorti au collier JN-75278 et \u00e0 l&#8217;\u00e9pingle CB-75065.<\/p>\n","protected":false},"featured_media":90477,"template":"","meta":{"_acf_changed":false,"ghostkit_customizer_options":"","ghostkit_custom_css":"","ghostkit_custom_js_head":"","ghostkit_custom_js_foot":"","ghostkit_typography":""},"productdetails":[],"productneck":[],"productcolor":[],"maat":[],"productsupplier":[416],"productsleeve":[],"productcategory":[511],"productsilhouette":[],"productstyle":[],"class_list":["post-94448","product","type-product","status-publish","has-post-thumbnail","hentry","productsupplier-poirier","productcategory-sieraden"],"acf":[],"yoast_head":"<!-- This site is optimized with the Yoast SEO plugin v27.3 - https:\/\/yoast.com\/product\/yoast-seo-wordpress\/ -->\n<title>Poirier JE-75222 Boucles d&#039;oreilles | strass et perles | Koonings<\/title>\n<meta name=\"description\" content=\"JE-75222 - Boucles d&#039;oreilles\/pendentifs accrocheurs avec une base en or et d\u00e9cor\u00e9s d&#039;une grosse perle avec de petits strass Type de boucle d&#039;oreilles : pendentif avec un anneau en or comme base. Plaqu\u00e9 or 14 carats avec une base en argent sterling 925. Grosse perle d&#039;eau douce d\u00e9cor\u00e9e de petits strass et d&#039;une finition en or. De couleur ivoire. Joliment assorti au collier JN-75278 et \u00e0 l&#039;\u00e9pingle CB-75065.\" \/>\n<meta name=\"robots\" content=\"index, follow, max-snippet:-1, max-image-preview:large, max-video-preview:-1\" \/>\n<link rel=\"canonical\" href=\"https:\/\/www.koonings.com\/fr\/product\/poirier-je-75222-boucles-doreilles-strass-et-perles\/\" \/>\n<meta property=\"og:locale\" content=\"fr_FR\" \/>\n<meta property=\"og:type\" content=\"article\" \/>\n<meta property=\"og:title\" content=\"Poirier JE-75222 Boucles d&#039;oreilles | strass et perles | Koonings\" \/>\n<meta property=\"og:description\" content=\"JE-75222 - Boucles d&#039;oreilles\/pendentifs accrocheurs avec une base en or et d\u00e9cor\u00e9s d&#039;une grosse perle avec de petits strass Type de boucle d&#039;oreilles : pendentif avec un anneau en or comme base. Plaqu\u00e9 or 14 carats avec une base en argent sterling 925. Grosse perle d&#039;eau douce d\u00e9cor\u00e9e de petits strass et d&#039;une finition en or. De couleur ivoire. Joliment assorti au collier JN-75278 et \u00e0 l&#039;\u00e9pingle CB-75065.\" \/>\n<meta property=\"og:url\" content=\"https:\/\/www.koonings.com\/fr\/product\/poirier-je-75222-boucles-doreilles-strass-et-perles\/\" \/>\n<meta property=\"og:site_name\" content=\"Koonings\" \/>\n<meta property=\"article:publisher\" content=\"https:\/\/www.facebook.com\/kooningstheweddingpalace\" \/>\n<meta property=\"og:image\" content=\"https:\/\/www.koonings.com\/wp-content\/uploads\/2025\/08\/50550_a14cc3798425aa4d7c8a9ff14c60359962c94b12ec9e7d0c2161b67021008d43a43308d1.jpeg\" \/>\n\t<meta property=\"og:image:width\" content=\"1500\" \/>\n\t<meta property=\"og:image:height\" content=\"2000\" \/>\n\t<meta property=\"og:image:type\" content=\"image\/jpeg\" \/>\n<meta name=\"twitter:card\" content=\"summary_large_image\" \/>\n<script type=\"application\/ld+json\" class=\"yoast-schema-graph\">{\"@context\":\"https:\\\/\\\/schema.org\",\"@graph\":[{\"@type\":\"WebPage\",\"@id\":\"https:\\\/\\\/www.koonings.com\\\/fr\\\/product\\\/poirier-je-75222-boucles-doreilles-strass-et-perles\\\/\",\"url\":\"https:\\\/\\\/www.koonings.com\\\/fr\\\/product\\\/poirier-je-75222-boucles-doreilles-strass-et-perles\\\/\",\"name\":\"Poirier JE-75222 Boucles d'oreilles | strass et perles | Koonings\",\"isPartOf\":{\"@id\":\"https:\\\/\\\/www.koonings.com\\\/fr\\\/#website\"},\"primaryImageOfPage\":{\"@id\":\"https:\\\/\\\/www.koonings.com\\\/fr\\\/product\\\/poirier-je-75222-boucles-doreilles-strass-et-perles\\\/#primaryimage\"},\"image\":{\"@id\":\"https:\\\/\\\/www.koonings.com\\\/fr\\\/product\\\/poirier-je-75222-boucles-doreilles-strass-et-perles\\\/#primaryimage\"},\"thumbnailUrl\":\"https:\\\/\\\/www.koonings.com\\\/wp-content\\\/uploads\\\/2025\\\/08\\\/50550_a14cc3798425aa4d7c8a9ff14c60359962c94b12ec9e7d0c2161b67021008d43a43308d1.jpeg\",\"datePublished\":\"2026-05-06T13:32:15+00:00\",\"description\":\"JE-75222 - Boucles d'oreilles\\\/pendentifs accrocheurs avec une base en or et d\u00e9cor\u00e9s d'une grosse perle avec de petits strass Type de boucle d'oreilles : pendentif avec un anneau en or comme base. Plaqu\u00e9 or 14 carats avec une base en argent sterling 925. Grosse perle d'eau douce d\u00e9cor\u00e9e de petits strass et d'une finition en or. De couleur ivoire. Joliment assorti au collier JN-75278 et \u00e0 l'\u00e9pingle CB-75065.\",\"breadcrumb\":{\"@id\":\"https:\\\/\\\/www.koonings.com\\\/fr\\\/product\\\/poirier-je-75222-boucles-doreilles-strass-et-perles\\\/#breadcrumb\"},\"inLanguage\":\"fr-FR\",\"potentialAction\":[{\"@type\":\"ReadAction\",\"target\":[\"https:\\\/\\\/www.koonings.com\\\/fr\\\/product\\\/poirier-je-75222-boucles-doreilles-strass-et-perles\\\/\"]}]},{\"@type\":\"ImageObject\",\"inLanguage\":\"fr-FR\",\"@id\":\"https:\\\/\\\/www.koonings.com\\\/fr\\\/product\\\/poirier-je-75222-boucles-doreilles-strass-et-perles\\\/#primaryimage\",\"url\":\"https:\\\/\\\/www.koonings.com\\\/wp-content\\\/uploads\\\/2025\\\/08\\\/50550_a14cc3798425aa4d7c8a9ff14c60359962c94b12ec9e7d0c2161b67021008d43a43308d1.jpeg\",\"contentUrl\":\"https:\\\/\\\/www.koonings.com\\\/wp-content\\\/uploads\\\/2025\\\/08\\\/50550_a14cc3798425aa4d7c8a9ff14c60359962c94b12ec9e7d0c2161b67021008d43a43308d1.jpeg\",\"width\":1500,\"height\":2000},{\"@type\":\"BreadcrumbList\",\"@id\":\"https:\\\/\\\/www.koonings.com\\\/fr\\\/product\\\/poirier-je-75222-boucles-doreilles-strass-et-perles\\\/#breadcrumb\",\"itemListElement\":[{\"@type\":\"ListItem\",\"position\":1,\"name\":\"Home\",\"item\":\"https:\\\/\\\/www.koonings.com\\\/fr\\\/\"},{\"@type\":\"ListItem\",\"position\":2,\"name\":\"Poirier JE-75222 Boucles d&#8217;oreilles | strass et perles\"}]},{\"@type\":\"WebSite\",\"@id\":\"https:\\\/\\\/www.koonings.com\\\/fr\\\/#website\",\"url\":\"https:\\\/\\\/www.koonings.com\\\/fr\\\/\",\"name\":\"Koonings\",\"description\":\"De grootste bruidsmodewinkel ter wereld\",\"publisher\":{\"@id\":\"https:\\\/\\\/www.koonings.com\\\/fr\\\/#organization\"},\"potentialAction\":[{\"@type\":\"SearchAction\",\"target\":{\"@type\":\"EntryPoint\",\"urlTemplate\":\"https:\\\/\\\/www.koonings.com\\\/fr\\\/?s={search_term_string}\"},\"query-input\":{\"@type\":\"PropertyValueSpecification\",\"valueRequired\":true,\"valueName\":\"search_term_string\"}}],\"inLanguage\":\"fr-FR\"},{\"@type\":\"Organization\",\"@id\":\"https:\\\/\\\/www.koonings.com\\\/fr\\\/#organization\",\"name\":\"Koonings\",\"url\":\"https:\\\/\\\/www.koonings.com\\\/fr\\\/\",\"logo\":{\"@type\":\"ImageObject\",\"inLanguage\":\"fr-FR\",\"@id\":\"https:\\\/\\\/www.koonings.com\\\/fr\\\/#\\\/schema\\\/logo\\\/image\\\/\",\"url\":\"https:\\\/\\\/www.koonings.com\\\/wp-content\\\/uploads\\\/2024\\\/07\\\/logo.png\",\"contentUrl\":\"https:\\\/\\\/www.koonings.com\\\/wp-content\\\/uploads\\\/2024\\\/07\\\/logo.png\",\"width\":600,\"height\":428,\"caption\":\"Koonings\"},\"image\":{\"@id\":\"https:\\\/\\\/www.koonings.com\\\/fr\\\/#\\\/schema\\\/logo\\\/image\\\/\"},\"sameAs\":[\"https:\\\/\\\/www.facebook.com\\\/kooningstheweddingpalace\",\"https:\\\/\\\/www.instagram.com\\\/kooningstheweddingpalace\",\"https:\\\/\\\/www.pinterest.com\\\/koonings\",\"https:\\\/\\\/www.youtube.com\\\/kooningstheweddingpalace\"]}]}<\/script>\n<!-- \/ Yoast SEO plugin. -->","yoast_head_json":{"title":"Poirier JE-75222 Boucles d'oreilles | strass et perles | Koonings","description":"JE-75222 - Boucles d'oreilles\/pendentifs accrocheurs avec une base en or et d\u00e9cor\u00e9s d'une grosse perle avec de petits strass Type de boucle d'oreilles : pendentif avec un anneau en or comme base. Plaqu\u00e9 or 14 carats avec une base en argent sterling 925. Grosse perle d'eau douce d\u00e9cor\u00e9e de petits strass et d'une finition en or. De couleur ivoire. Joliment assorti au collier JN-75278 et \u00e0 l'\u00e9pingle CB-75065.","robots":{"index":"index","follow":"follow","max-snippet":"max-snippet:-1","max-image-preview":"max-image-preview:large","max-video-preview":"max-video-preview:-1"},"canonical":"https:\/\/www.koonings.com\/fr\/product\/poirier-je-75222-boucles-doreilles-strass-et-perles\/","og_locale":"fr_FR","og_type":"article","og_title":"Poirier JE-75222 Boucles d'oreilles | strass et perles | Koonings","og_description":"JE-75222 - Boucles d'oreilles\/pendentifs accrocheurs avec une base en or et d\u00e9cor\u00e9s d'une grosse perle avec de petits strass Type de boucle d'oreilles : pendentif avec un anneau en or comme base. Plaqu\u00e9 or 14 carats avec une base en argent sterling 925. Grosse perle d'eau douce d\u00e9cor\u00e9e de petits strass et d'une finition en or. De couleur ivoire. Joliment assorti au collier JN-75278 et \u00e0 l'\u00e9pingle CB-75065.","og_url":"https:\/\/www.koonings.com\/fr\/product\/poirier-je-75222-boucles-doreilles-strass-et-perles\/","og_site_name":"Koonings","article_publisher":"https:\/\/www.facebook.com\/kooningstheweddingpalace","og_image":[{"width":1500,"height":2000,"url":"https:\/\/www.koonings.com\/wp-content\/uploads\/2025\/08\/50550_a14cc3798425aa4d7c8a9ff14c60359962c94b12ec9e7d0c2161b67021008d43a43308d1.jpeg","type":"image\/jpeg"}],"twitter_card":"summary_large_image","schema":{"@context":"https:\/\/schema.org","@graph":[{"@type":"WebPage","@id":"https:\/\/www.koonings.com\/fr\/product\/poirier-je-75222-boucles-doreilles-strass-et-perles\/","url":"https:\/\/www.koonings.com\/fr\/product\/poirier-je-75222-boucles-doreilles-strass-et-perles\/","name":"Poirier JE-75222 Boucles d'oreilles | strass et perles | Koonings","isPartOf":{"@id":"https:\/\/www.koonings.com\/fr\/#website"},"primaryImageOfPage":{"@id":"https:\/\/www.koonings.com\/fr\/product\/poirier-je-75222-boucles-doreilles-strass-et-perles\/#primaryimage"},"image":{"@id":"https:\/\/www.koonings.com\/fr\/product\/poirier-je-75222-boucles-doreilles-strass-et-perles\/#primaryimage"},"thumbnailUrl":"https:\/\/www.koonings.com\/wp-content\/uploads\/2025\/08\/50550_a14cc3798425aa4d7c8a9ff14c60359962c94b12ec9e7d0c2161b67021008d43a43308d1.jpeg","datePublished":"2026-05-06T13:32:15+00:00","description":"JE-75222 - Boucles d'oreilles\/pendentifs accrocheurs avec une base en or et d\u00e9cor\u00e9s d'une grosse perle avec de petits strass Type de boucle d'oreilles : pendentif avec un anneau en or comme base. Plaqu\u00e9 or 14 carats avec une base en argent sterling 925. Grosse perle d'eau douce d\u00e9cor\u00e9e de petits strass et d'une finition en or. De couleur ivoire. Joliment assorti au collier JN-75278 et \u00e0 l'\u00e9pingle CB-75065.","breadcrumb":{"@id":"https:\/\/www.koonings.com\/fr\/product\/poirier-je-75222-boucles-doreilles-strass-et-perles\/#breadcrumb"},"inLanguage":"fr-FR","potentialAction":[{"@type":"ReadAction","target":["https:\/\/www.koonings.com\/fr\/product\/poirier-je-75222-boucles-doreilles-strass-et-perles\/"]}]},{"@type":"ImageObject","inLanguage":"fr-FR","@id":"https:\/\/www.koonings.com\/fr\/product\/poirier-je-75222-boucles-doreilles-strass-et-perles\/#primaryimage","url":"https:\/\/www.koonings.com\/wp-content\/uploads\/2025\/08\/50550_a14cc3798425aa4d7c8a9ff14c60359962c94b12ec9e7d0c2161b67021008d43a43308d1.jpeg","contentUrl":"https:\/\/www.koonings.com\/wp-content\/uploads\/2025\/08\/50550_a14cc3798425aa4d7c8a9ff14c60359962c94b12ec9e7d0c2161b67021008d43a43308d1.jpeg","width":1500,"height":2000},{"@type":"BreadcrumbList","@id":"https:\/\/www.koonings.com\/fr\/product\/poirier-je-75222-boucles-doreilles-strass-et-perles\/#breadcrumb","itemListElement":[{"@type":"ListItem","position":1,"name":"Home","item":"https:\/\/www.koonings.com\/fr\/"},{"@type":"ListItem","position":2,"name":"Poirier JE-75222 Boucles d&#8217;oreilles | strass et perles"}]},{"@type":"WebSite","@id":"https:\/\/www.koonings.com\/fr\/#website","url":"https:\/\/www.koonings.com\/fr\/","name":"Koonings","description":"De grootste bruidsmodewinkel ter wereld","publisher":{"@id":"https:\/\/www.koonings.com\/fr\/#organization"},"potentialAction":[{"@type":"SearchAction","target":{"@type":"EntryPoint","urlTemplate":"https:\/\/www.koonings.com\/fr\/?s={search_term_string}"},"query-input":{"@type":"PropertyValueSpecification","valueRequired":true,"valueName":"search_term_string"}}],"inLanguage":"fr-FR"},{"@type":"Organization","@id":"https:\/\/www.koonings.com\/fr\/#organization","name":"Koonings","url":"https:\/\/www.koonings.com\/fr\/","logo":{"@type":"ImageObject","inLanguage":"fr-FR","@id":"https:\/\/www.koonings.com\/fr\/#\/schema\/logo\/image\/","url":"https:\/\/www.koonings.com\/wp-content\/uploads\/2024\/07\/logo.png","contentUrl":"https:\/\/www.koonings.com\/wp-content\/uploads\/2024\/07\/logo.png","width":600,"height":428,"caption":"Koonings"},"image":{"@id":"https:\/\/www.koonings.com\/fr\/#\/schema\/logo\/image\/"},"sameAs":["https:\/\/www.facebook.com\/kooningstheweddingpalace","https:\/\/www.instagram.com\/kooningstheweddingpalace","https:\/\/www.pinterest.com\/koonings","https:\/\/www.youtube.com\/kooningstheweddingpalace"]}]}},"_links":{"self":[{"href":"https:\/\/www.koonings.com\/fr\/wp-json\/wp\/v2\/product\/94448","targetHints":{"allow":["GET"]}}],"collection":[{"href":"https:\/\/www.koonings.com\/fr\/wp-json\/wp\/v2\/product"}],"about":[{"href":"https:\/\/www.koonings.com\/fr\/wp-json\/wp\/v2\/types\/product"}],"wp:featuredmedia":[{"embeddable":true,"href":"https:\/\/www.koonings.com\/fr\/wp-json\/wp\/v2\/media\/90477"}],"wp:attachment":[{"href":"https:\/\/www.koonings.com\/fr\/wp-json\/wp\/v2\/media?parent=94448"}],"wp:term":[{"taxonomy":"productdetails","embeddable":true,"href":"https:\/\/www.koonings.com\/fr\/wp-json\/wp\/v2\/productdetails?post=94448"},{"taxonomy":"productneck","embeddable":true,"href":"https:\/\/www.koonings.com\/fr\/wp-json\/wp\/v2\/productneck?post=94448"},{"taxonomy":"productcolor","embeddable":true,"href":"https:\/\/www.koonings.com\/fr\/wp-json\/wp\/v2\/productcolor?post=94448"},{"taxonomy":"maat","embeddable":true,"href":"https:\/\/www.koonings.com\/fr\/wp-json\/wp\/v2\/maat?post=94448"},{"taxonomy":"productsupplier","embeddable":true,"href":"https:\/\/www.koonings.com\/fr\/wp-json\/wp\/v2\/productsupplier?post=94448"},{"taxonomy":"productsleeve","embeddable":true,"href":"https:\/\/www.koonings.com\/fr\/wp-json\/wp\/v2\/productsleeve?post=94448"},{"taxonomy":"productcategory","embeddable":true,"href":"https:\/\/www.koonings.com\/fr\/wp-json\/wp\/v2\/productcategory?post=94448"},{"taxonomy":"productsilhouette","embeddable":true,"href":"https:\/\/www.koonings.com\/fr\/wp-json\/wp\/v2\/productsilhouette?post=94448"},{"taxonomy":"productstyle","embeddable":true,"href":"https:\/\/www.koonings.com\/fr\/wp-json\/wp\/v2\/productstyle?post=94448"}],"curies":[{"name":"wp","href":"https:\/\/api.w.org\/{rel}","templated":true}]}}