{"id":94447,"date":"2026-05-06T15:32:22","date_gmt":"2026-05-06T13:32:22","guid":{"rendered":"https:\/\/www.koonings.com\/product\/poirier-jn-75274-collier-strass\/"},"modified":"2026-04-14T16:08:41","modified_gmt":"2026-04-14T14:08:41","slug":"poirier-jn-75274-collier-strass","status":"publish","type":"product","link":"https:\/\/www.koonings.com\/fr\/product\/poirier-jn-75274-collier-strass\/","title":{"rendered":"Poirier JN-75274 Collier | strass"},"content":{"rendered":"<p>JN-75274 &#8211; \u00c9l\u00e9gant collier en argent avec strass \u00e9tincelants reli\u00e9s<br \/>\nCollier de la collection Poirier.<br \/>\nStrass magnifiquement ex\u00e9cut\u00e9s.<br \/>\nUn r\u00e9gal pour les yeux.<\/p>\n","protected":false},"featured_media":90741,"template":"","meta":{"_acf_changed":false,"ghostkit_customizer_options":"","ghostkit_custom_css":"","ghostkit_custom_js_head":"","ghostkit_custom_js_foot":"","ghostkit_typography":""},"productdetails":[],"productneck":[],"productcolor":[],"maat":[],"productsupplier":[416],"productsleeve":[],"productcategory":[511],"productsilhouette":[],"productstyle":[],"class_list":["post-94447","product","type-product","status-publish","has-post-thumbnail","hentry","productsupplier-poirier","productcategory-sieraden"],"acf":[],"yoast_head":"<!-- This site is optimized with the Yoast SEO plugin v27.3 - https:\/\/yoast.com\/product\/yoast-seo-wordpress\/ -->\n<title>Poirier JN-75274 Collier | strass | Koonings<\/title>\n<meta name=\"description\" content=\"JN-75274 - \u00c9l\u00e9gant collier en argent avec strass \u00e9tincelants reli\u00e9s Collier de la collection Poirier. Strass magnifiquement ex\u00e9cut\u00e9s. Un r\u00e9gal pour les yeux.\" \/>\n<meta name=\"robots\" content=\"index, follow, max-snippet:-1, max-image-preview:large, max-video-preview:-1\" \/>\n<link rel=\"canonical\" href=\"https:\/\/www.koonings.com\/fr\/product\/poirier-jn-75274-collier-strass\/\" \/>\n<meta property=\"og:locale\" content=\"fr_FR\" \/>\n<meta property=\"og:type\" content=\"article\" \/>\n<meta property=\"og:title\" content=\"Poirier JN-75274 Collier | strass | Koonings\" \/>\n<meta property=\"og:description\" content=\"JN-75274 - \u00c9l\u00e9gant collier en argent avec strass \u00e9tincelants reli\u00e9s Collier de la collection Poirier. Strass magnifiquement ex\u00e9cut\u00e9s. Un r\u00e9gal pour les yeux.\" \/>\n<meta property=\"og:url\" content=\"https:\/\/www.koonings.com\/fr\/product\/poirier-jn-75274-collier-strass\/\" \/>\n<meta property=\"og:site_name\" content=\"Koonings\" \/>\n<meta property=\"article:publisher\" content=\"https:\/\/www.facebook.com\/kooningstheweddingpalace\" \/>\n<meta property=\"og:image\" content=\"https:\/\/www.koonings.com\/wp-content\/uploads\/2025\/08\/50592_cbcc6ec06aa8432635c4275df429baee2dbcbcf6fa5bba565173f968eee7e00f906f9abe.jpeg\" \/>\n\t<meta property=\"og:image:width\" content=\"1650\" \/>\n\t<meta property=\"og:image:height\" content=\"2200\" \/>\n\t<meta property=\"og:image:type\" content=\"image\/jpeg\" \/>\n<meta name=\"twitter:card\" content=\"summary_large_image\" \/>\n<script type=\"application\/ld+json\" class=\"yoast-schema-graph\">{\"@context\":\"https:\\\/\\\/schema.org\",\"@graph\":[{\"@type\":\"WebPage\",\"@id\":\"https:\\\/\\\/www.koonings.com\\\/fr\\\/product\\\/poirier-jn-75274-collier-strass\\\/\",\"url\":\"https:\\\/\\\/www.koonings.com\\\/fr\\\/product\\\/poirier-jn-75274-collier-strass\\\/\",\"name\":\"Poirier JN-75274 Collier | strass | Koonings\",\"isPartOf\":{\"@id\":\"https:\\\/\\\/www.koonings.com\\\/fr\\\/#website\"},\"primaryImageOfPage\":{\"@id\":\"https:\\\/\\\/www.koonings.com\\\/fr\\\/product\\\/poirier-jn-75274-collier-strass\\\/#primaryimage\"},\"image\":{\"@id\":\"https:\\\/\\\/www.koonings.com\\\/fr\\\/product\\\/poirier-jn-75274-collier-strass\\\/#primaryimage\"},\"thumbnailUrl\":\"https:\\\/\\\/www.koonings.com\\\/wp-content\\\/uploads\\\/2025\\\/08\\\/50592_cbcc6ec06aa8432635c4275df429baee2dbcbcf6fa5bba565173f968eee7e00f906f9abe.jpeg\",\"datePublished\":\"2026-05-06T13:32:22+00:00\",\"description\":\"JN-75274 - \u00c9l\u00e9gant collier en argent avec strass \u00e9tincelants reli\u00e9s Collier de la collection Poirier. Strass magnifiquement ex\u00e9cut\u00e9s. Un r\u00e9gal pour les yeux.\",\"breadcrumb\":{\"@id\":\"https:\\\/\\\/www.koonings.com\\\/fr\\\/product\\\/poirier-jn-75274-collier-strass\\\/#breadcrumb\"},\"inLanguage\":\"fr-FR\",\"potentialAction\":[{\"@type\":\"ReadAction\",\"target\":[\"https:\\\/\\\/www.koonings.com\\\/fr\\\/product\\\/poirier-jn-75274-collier-strass\\\/\"]}]},{\"@type\":\"ImageObject\",\"inLanguage\":\"fr-FR\",\"@id\":\"https:\\\/\\\/www.koonings.com\\\/fr\\\/product\\\/poirier-jn-75274-collier-strass\\\/#primaryimage\",\"url\":\"https:\\\/\\\/www.koonings.com\\\/wp-content\\\/uploads\\\/2025\\\/08\\\/50592_cbcc6ec06aa8432635c4275df429baee2dbcbcf6fa5bba565173f968eee7e00f906f9abe.jpeg\",\"contentUrl\":\"https:\\\/\\\/www.koonings.com\\\/wp-content\\\/uploads\\\/2025\\\/08\\\/50592_cbcc6ec06aa8432635c4275df429baee2dbcbcf6fa5bba565173f968eee7e00f906f9abe.jpeg\",\"width\":1650,\"height\":2200},{\"@type\":\"BreadcrumbList\",\"@id\":\"https:\\\/\\\/www.koonings.com\\\/fr\\\/product\\\/poirier-jn-75274-collier-strass\\\/#breadcrumb\",\"itemListElement\":[{\"@type\":\"ListItem\",\"position\":1,\"name\":\"Home\",\"item\":\"https:\\\/\\\/www.koonings.com\\\/fr\\\/\"},{\"@type\":\"ListItem\",\"position\":2,\"name\":\"Poirier JN-75274 Collier | strass\"}]},{\"@type\":\"WebSite\",\"@id\":\"https:\\\/\\\/www.koonings.com\\\/fr\\\/#website\",\"url\":\"https:\\\/\\\/www.koonings.com\\\/fr\\\/\",\"name\":\"Koonings\",\"description\":\"De grootste bruidsmodewinkel ter wereld\",\"publisher\":{\"@id\":\"https:\\\/\\\/www.koonings.com\\\/fr\\\/#organization\"},\"potentialAction\":[{\"@type\":\"SearchAction\",\"target\":{\"@type\":\"EntryPoint\",\"urlTemplate\":\"https:\\\/\\\/www.koonings.com\\\/fr\\\/?s={search_term_string}\"},\"query-input\":{\"@type\":\"PropertyValueSpecification\",\"valueRequired\":true,\"valueName\":\"search_term_string\"}}],\"inLanguage\":\"fr-FR\"},{\"@type\":\"Organization\",\"@id\":\"https:\\\/\\\/www.koonings.com\\\/fr\\\/#organization\",\"name\":\"Koonings\",\"url\":\"https:\\\/\\\/www.koonings.com\\\/fr\\\/\",\"logo\":{\"@type\":\"ImageObject\",\"inLanguage\":\"fr-FR\",\"@id\":\"https:\\\/\\\/www.koonings.com\\\/fr\\\/#\\\/schema\\\/logo\\\/image\\\/\",\"url\":\"https:\\\/\\\/www.koonings.com\\\/wp-content\\\/uploads\\\/2024\\\/07\\\/logo.png\",\"contentUrl\":\"https:\\\/\\\/www.koonings.com\\\/wp-content\\\/uploads\\\/2024\\\/07\\\/logo.png\",\"width\":600,\"height\":428,\"caption\":\"Koonings\"},\"image\":{\"@id\":\"https:\\\/\\\/www.koonings.com\\\/fr\\\/#\\\/schema\\\/logo\\\/image\\\/\"},\"sameAs\":[\"https:\\\/\\\/www.facebook.com\\\/kooningstheweddingpalace\",\"https:\\\/\\\/www.instagram.com\\\/kooningstheweddingpalace\",\"https:\\\/\\\/www.pinterest.com\\\/koonings\",\"https:\\\/\\\/www.youtube.com\\\/kooningstheweddingpalace\"]}]}<\/script>\n<!-- \/ Yoast SEO plugin. -->","yoast_head_json":{"title":"Poirier JN-75274 Collier | strass | Koonings","description":"JN-75274 - \u00c9l\u00e9gant collier en argent avec strass \u00e9tincelants reli\u00e9s Collier de la collection Poirier. Strass magnifiquement ex\u00e9cut\u00e9s. Un r\u00e9gal pour les yeux.","robots":{"index":"index","follow":"follow","max-snippet":"max-snippet:-1","max-image-preview":"max-image-preview:large","max-video-preview":"max-video-preview:-1"},"canonical":"https:\/\/www.koonings.com\/fr\/product\/poirier-jn-75274-collier-strass\/","og_locale":"fr_FR","og_type":"article","og_title":"Poirier JN-75274 Collier | strass | Koonings","og_description":"JN-75274 - \u00c9l\u00e9gant collier en argent avec strass \u00e9tincelants reli\u00e9s Collier de la collection Poirier. Strass magnifiquement ex\u00e9cut\u00e9s. Un r\u00e9gal pour les yeux.","og_url":"https:\/\/www.koonings.com\/fr\/product\/poirier-jn-75274-collier-strass\/","og_site_name":"Koonings","article_publisher":"https:\/\/www.facebook.com\/kooningstheweddingpalace","og_image":[{"width":1650,"height":2200,"url":"https:\/\/www.koonings.com\/wp-content\/uploads\/2025\/08\/50592_cbcc6ec06aa8432635c4275df429baee2dbcbcf6fa5bba565173f968eee7e00f906f9abe.jpeg","type":"image\/jpeg"}],"twitter_card":"summary_large_image","schema":{"@context":"https:\/\/schema.org","@graph":[{"@type":"WebPage","@id":"https:\/\/www.koonings.com\/fr\/product\/poirier-jn-75274-collier-strass\/","url":"https:\/\/www.koonings.com\/fr\/product\/poirier-jn-75274-collier-strass\/","name":"Poirier JN-75274 Collier | strass | Koonings","isPartOf":{"@id":"https:\/\/www.koonings.com\/fr\/#website"},"primaryImageOfPage":{"@id":"https:\/\/www.koonings.com\/fr\/product\/poirier-jn-75274-collier-strass\/#primaryimage"},"image":{"@id":"https:\/\/www.koonings.com\/fr\/product\/poirier-jn-75274-collier-strass\/#primaryimage"},"thumbnailUrl":"https:\/\/www.koonings.com\/wp-content\/uploads\/2025\/08\/50592_cbcc6ec06aa8432635c4275df429baee2dbcbcf6fa5bba565173f968eee7e00f906f9abe.jpeg","datePublished":"2026-05-06T13:32:22+00:00","description":"JN-75274 - \u00c9l\u00e9gant collier en argent avec strass \u00e9tincelants reli\u00e9s Collier de la collection Poirier. Strass magnifiquement ex\u00e9cut\u00e9s. Un r\u00e9gal pour les yeux.","breadcrumb":{"@id":"https:\/\/www.koonings.com\/fr\/product\/poirier-jn-75274-collier-strass\/#breadcrumb"},"inLanguage":"fr-FR","potentialAction":[{"@type":"ReadAction","target":["https:\/\/www.koonings.com\/fr\/product\/poirier-jn-75274-collier-strass\/"]}]},{"@type":"ImageObject","inLanguage":"fr-FR","@id":"https:\/\/www.koonings.com\/fr\/product\/poirier-jn-75274-collier-strass\/#primaryimage","url":"https:\/\/www.koonings.com\/wp-content\/uploads\/2025\/08\/50592_cbcc6ec06aa8432635c4275df429baee2dbcbcf6fa5bba565173f968eee7e00f906f9abe.jpeg","contentUrl":"https:\/\/www.koonings.com\/wp-content\/uploads\/2025\/08\/50592_cbcc6ec06aa8432635c4275df429baee2dbcbcf6fa5bba565173f968eee7e00f906f9abe.jpeg","width":1650,"height":2200},{"@type":"BreadcrumbList","@id":"https:\/\/www.koonings.com\/fr\/product\/poirier-jn-75274-collier-strass\/#breadcrumb","itemListElement":[{"@type":"ListItem","position":1,"name":"Home","item":"https:\/\/www.koonings.com\/fr\/"},{"@type":"ListItem","position":2,"name":"Poirier JN-75274 Collier | strass"}]},{"@type":"WebSite","@id":"https:\/\/www.koonings.com\/fr\/#website","url":"https:\/\/www.koonings.com\/fr\/","name":"Koonings","description":"De grootste bruidsmodewinkel ter wereld","publisher":{"@id":"https:\/\/www.koonings.com\/fr\/#organization"},"potentialAction":[{"@type":"SearchAction","target":{"@type":"EntryPoint","urlTemplate":"https:\/\/www.koonings.com\/fr\/?s={search_term_string}"},"query-input":{"@type":"PropertyValueSpecification","valueRequired":true,"valueName":"search_term_string"}}],"inLanguage":"fr-FR"},{"@type":"Organization","@id":"https:\/\/www.koonings.com\/fr\/#organization","name":"Koonings","url":"https:\/\/www.koonings.com\/fr\/","logo":{"@type":"ImageObject","inLanguage":"fr-FR","@id":"https:\/\/www.koonings.com\/fr\/#\/schema\/logo\/image\/","url":"https:\/\/www.koonings.com\/wp-content\/uploads\/2024\/07\/logo.png","contentUrl":"https:\/\/www.koonings.com\/wp-content\/uploads\/2024\/07\/logo.png","width":600,"height":428,"caption":"Koonings"},"image":{"@id":"https:\/\/www.koonings.com\/fr\/#\/schema\/logo\/image\/"},"sameAs":["https:\/\/www.facebook.com\/kooningstheweddingpalace","https:\/\/www.instagram.com\/kooningstheweddingpalace","https:\/\/www.pinterest.com\/koonings","https:\/\/www.youtube.com\/kooningstheweddingpalace"]}]}},"_links":{"self":[{"href":"https:\/\/www.koonings.com\/fr\/wp-json\/wp\/v2\/product\/94447","targetHints":{"allow":["GET"]}}],"collection":[{"href":"https:\/\/www.koonings.com\/fr\/wp-json\/wp\/v2\/product"}],"about":[{"href":"https:\/\/www.koonings.com\/fr\/wp-json\/wp\/v2\/types\/product"}],"wp:featuredmedia":[{"embeddable":true,"href":"https:\/\/www.koonings.com\/fr\/wp-json\/wp\/v2\/media\/90741"}],"wp:attachment":[{"href":"https:\/\/www.koonings.com\/fr\/wp-json\/wp\/v2\/media?parent=94447"}],"wp:term":[{"taxonomy":"productdetails","embeddable":true,"href":"https:\/\/www.koonings.com\/fr\/wp-json\/wp\/v2\/productdetails?post=94447"},{"taxonomy":"productneck","embeddable":true,"href":"https:\/\/www.koonings.com\/fr\/wp-json\/wp\/v2\/productneck?post=94447"},{"taxonomy":"productcolor","embeddable":true,"href":"https:\/\/www.koonings.com\/fr\/wp-json\/wp\/v2\/productcolor?post=94447"},{"taxonomy":"maat","embeddable":true,"href":"https:\/\/www.koonings.com\/fr\/wp-json\/wp\/v2\/maat?post=94447"},{"taxonomy":"productsupplier","embeddable":true,"href":"https:\/\/www.koonings.com\/fr\/wp-json\/wp\/v2\/productsupplier?post=94447"},{"taxonomy":"productsleeve","embeddable":true,"href":"https:\/\/www.koonings.com\/fr\/wp-json\/wp\/v2\/productsleeve?post=94447"},{"taxonomy":"productcategory","embeddable":true,"href":"https:\/\/www.koonings.com\/fr\/wp-json\/wp\/v2\/productcategory?post=94447"},{"taxonomy":"productsilhouette","embeddable":true,"href":"https:\/\/www.koonings.com\/fr\/wp-json\/wp\/v2\/productsilhouette?post=94447"},{"taxonomy":"productstyle","embeddable":true,"href":"https:\/\/www.koonings.com\/fr\/wp-json\/wp\/v2\/productstyle?post=94447"}],"curies":[{"name":"wp","href":"https:\/\/api.w.org\/{rel}","templated":true}]}}