{"id":94444,"date":"2026-04-14T16:34:41","date_gmt":"2026-04-14T14:34:41","guid":{"rendered":"https:\/\/www.koonings.com\/product\/poirier-ac-75600-chaine-telephonique-perles35cm\/"},"modified":"2026-04-14T15:50:14","modified_gmt":"2026-04-14T13:50:14","slug":"poirier-ac-75600-chaine-telephonique-perles35cm","status":"publish","type":"product","link":"https:\/\/www.koonings.com\/fr\/product\/poirier-ac-75600-chaine-telephonique-perles35cm\/","title":{"rendered":"Poirier AC-75600 Cha\u00eene t\u00e9l\u00e9phonique | perles|35cm"},"content":{"rendered":"<p>AC-75600 &#8211; Cha\u00eene de t\u00e9l\u00e9phone compos\u00e9e de perles mates et d&#8217;une sph\u00e8re orn\u00e9e de strass<br \/>\nCha\u00eene de t\u00e9l\u00e9phone universelle \u00e9l\u00e9gante.<br \/>\nMod\u00e8le court (longueur 35 cm), peut \u00eatre port\u00e9 \u00e0 la main.<br \/>\nEx\u00e9cut\u00e9 avec des perles mates et une sph\u00e8re orn\u00e9e de strass.<br \/>\nComprend une attache pour n&#8217;importe quel mod\u00e8le d&#8217;\u00e9tui de t\u00e9l\u00e9phone.<\/p>\n","protected":false},"featured_media":88534,"template":"","meta":{"_acf_changed":false,"ghostkit_customizer_options":"","ghostkit_custom_css":"","ghostkit_custom_js_head":"","ghostkit_custom_js_foot":"","ghostkit_typography":""},"productdetails":[],"productneck":[],"productcolor":[],"maat":[],"productsupplier":[416],"productsleeve":[],"productcategory":[509],"productsilhouette":[],"productstyle":[],"class_list":["post-94444","product","type-product","status-publish","has-post-thumbnail","hentry","productsupplier-poirier","productcategory-accessoires-bruid"],"acf":[],"yoast_head":"<!-- This site is optimized with the Yoast SEO plugin v27.3 - https:\/\/yoast.com\/product\/yoast-seo-wordpress\/ -->\n<title>Poirier AC-75600 Cha\u00eene t\u00e9l\u00e9phonique | perles|35cm | Koonings<\/title>\n<meta name=\"description\" content=\"AC-75600 - Cha\u00eene de t\u00e9l\u00e9phone compos\u00e9e de perles mates et d&#039;une sph\u00e8re orn\u00e9e de strass Cha\u00eene de t\u00e9l\u00e9phone universelle \u00e9l\u00e9gante. Mod\u00e8le court (longueur 35 cm), peut \u00eatre port\u00e9 \u00e0 la main. Ex\u00e9cut\u00e9 avec des perles mates et une sph\u00e8re orn\u00e9e de strass. Comprend une attache pour n&#039;importe quel mod\u00e8le d&#039;\u00e9tui de t\u00e9l\u00e9phone.\" \/>\n<meta name=\"robots\" content=\"index, follow, max-snippet:-1, max-image-preview:large, max-video-preview:-1\" \/>\n<link rel=\"canonical\" href=\"https:\/\/www.koonings.com\/fr\/product\/poirier-ac-75600-chaine-telephonique-perles35cm\/\" \/>\n<meta property=\"og:locale\" content=\"fr_FR\" \/>\n<meta property=\"og:type\" content=\"article\" \/>\n<meta property=\"og:title\" content=\"Poirier AC-75600 Cha\u00eene t\u00e9l\u00e9phonique | perles|35cm | Koonings\" \/>\n<meta property=\"og:description\" content=\"AC-75600 - Cha\u00eene de t\u00e9l\u00e9phone compos\u00e9e de perles mates et d&#039;une sph\u00e8re orn\u00e9e de strass Cha\u00eene de t\u00e9l\u00e9phone universelle \u00e9l\u00e9gante. Mod\u00e8le court (longueur 35 cm), peut \u00eatre port\u00e9 \u00e0 la main. Ex\u00e9cut\u00e9 avec des perles mates et une sph\u00e8re orn\u00e9e de strass. Comprend une attache pour n&#039;importe quel mod\u00e8le d&#039;\u00e9tui de t\u00e9l\u00e9phone.\" \/>\n<meta property=\"og:url\" content=\"https:\/\/www.koonings.com\/fr\/product\/poirier-ac-75600-chaine-telephonique-perles35cm\/\" \/>\n<meta property=\"og:site_name\" content=\"Koonings\" \/>\n<meta property=\"article:publisher\" content=\"https:\/\/www.facebook.com\/kooningstheweddingpalace\" \/>\n<meta property=\"og:image\" content=\"https:\/\/www.koonings.com\/wp-content\/uploads\/2025\/07\/50776_a1d364578efbf4b4b56291cc9bc6e4ee7e21135e4bee099da7c4e3413adf658877adcf9f.jpeg\" \/>\n\t<meta property=\"og:image:width\" content=\"1732\" \/>\n\t<meta property=\"og:image:height\" content=\"2309\" \/>\n\t<meta property=\"og:image:type\" content=\"image\/jpeg\" \/>\n<meta name=\"twitter:card\" content=\"summary_large_image\" \/>\n<script type=\"application\/ld+json\" class=\"yoast-schema-graph\">{\"@context\":\"https:\\\/\\\/schema.org\",\"@graph\":[{\"@type\":\"WebPage\",\"@id\":\"https:\\\/\\\/www.koonings.com\\\/fr\\\/product\\\/poirier-ac-75600-chaine-telephonique-perles35cm\\\/\",\"url\":\"https:\\\/\\\/www.koonings.com\\\/fr\\\/product\\\/poirier-ac-75600-chaine-telephonique-perles35cm\\\/\",\"name\":\"Poirier AC-75600 Cha\u00eene t\u00e9l\u00e9phonique | perles|35cm | Koonings\",\"isPartOf\":{\"@id\":\"https:\\\/\\\/www.koonings.com\\\/fr\\\/#website\"},\"primaryImageOfPage\":{\"@id\":\"https:\\\/\\\/www.koonings.com\\\/fr\\\/product\\\/poirier-ac-75600-chaine-telephonique-perles35cm\\\/#primaryimage\"},\"image\":{\"@id\":\"https:\\\/\\\/www.koonings.com\\\/fr\\\/product\\\/poirier-ac-75600-chaine-telephonique-perles35cm\\\/#primaryimage\"},\"thumbnailUrl\":\"https:\\\/\\\/www.koonings.com\\\/wp-content\\\/uploads\\\/2025\\\/07\\\/50776_a1d364578efbf4b4b56291cc9bc6e4ee7e21135e4bee099da7c4e3413adf658877adcf9f.jpeg\",\"datePublished\":\"2026-04-14T14:34:41+00:00\",\"description\":\"AC-75600 - Cha\u00eene de t\u00e9l\u00e9phone compos\u00e9e de perles mates et d'une sph\u00e8re orn\u00e9e de strass Cha\u00eene de t\u00e9l\u00e9phone universelle \u00e9l\u00e9gante. Mod\u00e8le court (longueur 35 cm), peut \u00eatre port\u00e9 \u00e0 la main. Ex\u00e9cut\u00e9 avec des perles mates et une sph\u00e8re orn\u00e9e de strass. Comprend une attache pour n'importe quel mod\u00e8le d'\u00e9tui de t\u00e9l\u00e9phone.\",\"breadcrumb\":{\"@id\":\"https:\\\/\\\/www.koonings.com\\\/fr\\\/product\\\/poirier-ac-75600-chaine-telephonique-perles35cm\\\/#breadcrumb\"},\"inLanguage\":\"fr-FR\",\"potentialAction\":[{\"@type\":\"ReadAction\",\"target\":[\"https:\\\/\\\/www.koonings.com\\\/fr\\\/product\\\/poirier-ac-75600-chaine-telephonique-perles35cm\\\/\"]}]},{\"@type\":\"ImageObject\",\"inLanguage\":\"fr-FR\",\"@id\":\"https:\\\/\\\/www.koonings.com\\\/fr\\\/product\\\/poirier-ac-75600-chaine-telephonique-perles35cm\\\/#primaryimage\",\"url\":\"https:\\\/\\\/www.koonings.com\\\/wp-content\\\/uploads\\\/2025\\\/07\\\/50776_a1d364578efbf4b4b56291cc9bc6e4ee7e21135e4bee099da7c4e3413adf658877adcf9f.jpeg\",\"contentUrl\":\"https:\\\/\\\/www.koonings.com\\\/wp-content\\\/uploads\\\/2025\\\/07\\\/50776_a1d364578efbf4b4b56291cc9bc6e4ee7e21135e4bee099da7c4e3413adf658877adcf9f.jpeg\",\"width\":1732,\"height\":2309},{\"@type\":\"BreadcrumbList\",\"@id\":\"https:\\\/\\\/www.koonings.com\\\/fr\\\/product\\\/poirier-ac-75600-chaine-telephonique-perles35cm\\\/#breadcrumb\",\"itemListElement\":[{\"@type\":\"ListItem\",\"position\":1,\"name\":\"Home\",\"item\":\"https:\\\/\\\/www.koonings.com\\\/fr\\\/\"},{\"@type\":\"ListItem\",\"position\":2,\"name\":\"Poirier AC-75600 Cha\u00eene t\u00e9l\u00e9phonique | perles|35cm\"}]},{\"@type\":\"WebSite\",\"@id\":\"https:\\\/\\\/www.koonings.com\\\/fr\\\/#website\",\"url\":\"https:\\\/\\\/www.koonings.com\\\/fr\\\/\",\"name\":\"Koonings\",\"description\":\"De grootste bruidsmodewinkel ter wereld\",\"publisher\":{\"@id\":\"https:\\\/\\\/www.koonings.com\\\/fr\\\/#organization\"},\"potentialAction\":[{\"@type\":\"SearchAction\",\"target\":{\"@type\":\"EntryPoint\",\"urlTemplate\":\"https:\\\/\\\/www.koonings.com\\\/fr\\\/?s={search_term_string}\"},\"query-input\":{\"@type\":\"PropertyValueSpecification\",\"valueRequired\":true,\"valueName\":\"search_term_string\"}}],\"inLanguage\":\"fr-FR\"},{\"@type\":\"Organization\",\"@id\":\"https:\\\/\\\/www.koonings.com\\\/fr\\\/#organization\",\"name\":\"Koonings\",\"url\":\"https:\\\/\\\/www.koonings.com\\\/fr\\\/\",\"logo\":{\"@type\":\"ImageObject\",\"inLanguage\":\"fr-FR\",\"@id\":\"https:\\\/\\\/www.koonings.com\\\/fr\\\/#\\\/schema\\\/logo\\\/image\\\/\",\"url\":\"https:\\\/\\\/www.koonings.com\\\/wp-content\\\/uploads\\\/2024\\\/07\\\/logo.png\",\"contentUrl\":\"https:\\\/\\\/www.koonings.com\\\/wp-content\\\/uploads\\\/2024\\\/07\\\/logo.png\",\"width\":600,\"height\":428,\"caption\":\"Koonings\"},\"image\":{\"@id\":\"https:\\\/\\\/www.koonings.com\\\/fr\\\/#\\\/schema\\\/logo\\\/image\\\/\"},\"sameAs\":[\"https:\\\/\\\/www.facebook.com\\\/kooningstheweddingpalace\",\"https:\\\/\\\/www.instagram.com\\\/kooningstheweddingpalace\",\"https:\\\/\\\/www.pinterest.com\\\/koonings\",\"https:\\\/\\\/www.youtube.com\\\/kooningstheweddingpalace\"]}]}<\/script>\n<!-- \/ Yoast SEO plugin. -->","yoast_head_json":{"title":"Poirier AC-75600 Cha\u00eene t\u00e9l\u00e9phonique | perles|35cm | Koonings","description":"AC-75600 - Cha\u00eene de t\u00e9l\u00e9phone compos\u00e9e de perles mates et d'une sph\u00e8re orn\u00e9e de strass Cha\u00eene de t\u00e9l\u00e9phone universelle \u00e9l\u00e9gante. Mod\u00e8le court (longueur 35 cm), peut \u00eatre port\u00e9 \u00e0 la main. Ex\u00e9cut\u00e9 avec des perles mates et une sph\u00e8re orn\u00e9e de strass. Comprend une attache pour n'importe quel mod\u00e8le d'\u00e9tui de t\u00e9l\u00e9phone.","robots":{"index":"index","follow":"follow","max-snippet":"max-snippet:-1","max-image-preview":"max-image-preview:large","max-video-preview":"max-video-preview:-1"},"canonical":"https:\/\/www.koonings.com\/fr\/product\/poirier-ac-75600-chaine-telephonique-perles35cm\/","og_locale":"fr_FR","og_type":"article","og_title":"Poirier AC-75600 Cha\u00eene t\u00e9l\u00e9phonique | perles|35cm | Koonings","og_description":"AC-75600 - Cha\u00eene de t\u00e9l\u00e9phone compos\u00e9e de perles mates et d'une sph\u00e8re orn\u00e9e de strass Cha\u00eene de t\u00e9l\u00e9phone universelle \u00e9l\u00e9gante. Mod\u00e8le court (longueur 35 cm), peut \u00eatre port\u00e9 \u00e0 la main. Ex\u00e9cut\u00e9 avec des perles mates et une sph\u00e8re orn\u00e9e de strass. Comprend une attache pour n'importe quel mod\u00e8le d'\u00e9tui de t\u00e9l\u00e9phone.","og_url":"https:\/\/www.koonings.com\/fr\/product\/poirier-ac-75600-chaine-telephonique-perles35cm\/","og_site_name":"Koonings","article_publisher":"https:\/\/www.facebook.com\/kooningstheweddingpalace","og_image":[{"width":1732,"height":2309,"url":"https:\/\/www.koonings.com\/wp-content\/uploads\/2025\/07\/50776_a1d364578efbf4b4b56291cc9bc6e4ee7e21135e4bee099da7c4e3413adf658877adcf9f.jpeg","type":"image\/jpeg"}],"twitter_card":"summary_large_image","schema":{"@context":"https:\/\/schema.org","@graph":[{"@type":"WebPage","@id":"https:\/\/www.koonings.com\/fr\/product\/poirier-ac-75600-chaine-telephonique-perles35cm\/","url":"https:\/\/www.koonings.com\/fr\/product\/poirier-ac-75600-chaine-telephonique-perles35cm\/","name":"Poirier AC-75600 Cha\u00eene t\u00e9l\u00e9phonique | perles|35cm | Koonings","isPartOf":{"@id":"https:\/\/www.koonings.com\/fr\/#website"},"primaryImageOfPage":{"@id":"https:\/\/www.koonings.com\/fr\/product\/poirier-ac-75600-chaine-telephonique-perles35cm\/#primaryimage"},"image":{"@id":"https:\/\/www.koonings.com\/fr\/product\/poirier-ac-75600-chaine-telephonique-perles35cm\/#primaryimage"},"thumbnailUrl":"https:\/\/www.koonings.com\/wp-content\/uploads\/2025\/07\/50776_a1d364578efbf4b4b56291cc9bc6e4ee7e21135e4bee099da7c4e3413adf658877adcf9f.jpeg","datePublished":"2026-04-14T14:34:41+00:00","description":"AC-75600 - Cha\u00eene de t\u00e9l\u00e9phone compos\u00e9e de perles mates et d'une sph\u00e8re orn\u00e9e de strass Cha\u00eene de t\u00e9l\u00e9phone universelle \u00e9l\u00e9gante. Mod\u00e8le court (longueur 35 cm), peut \u00eatre port\u00e9 \u00e0 la main. Ex\u00e9cut\u00e9 avec des perles mates et une sph\u00e8re orn\u00e9e de strass. Comprend une attache pour n'importe quel mod\u00e8le d'\u00e9tui de t\u00e9l\u00e9phone.","breadcrumb":{"@id":"https:\/\/www.koonings.com\/fr\/product\/poirier-ac-75600-chaine-telephonique-perles35cm\/#breadcrumb"},"inLanguage":"fr-FR","potentialAction":[{"@type":"ReadAction","target":["https:\/\/www.koonings.com\/fr\/product\/poirier-ac-75600-chaine-telephonique-perles35cm\/"]}]},{"@type":"ImageObject","inLanguage":"fr-FR","@id":"https:\/\/www.koonings.com\/fr\/product\/poirier-ac-75600-chaine-telephonique-perles35cm\/#primaryimage","url":"https:\/\/www.koonings.com\/wp-content\/uploads\/2025\/07\/50776_a1d364578efbf4b4b56291cc9bc6e4ee7e21135e4bee099da7c4e3413adf658877adcf9f.jpeg","contentUrl":"https:\/\/www.koonings.com\/wp-content\/uploads\/2025\/07\/50776_a1d364578efbf4b4b56291cc9bc6e4ee7e21135e4bee099da7c4e3413adf658877adcf9f.jpeg","width":1732,"height":2309},{"@type":"BreadcrumbList","@id":"https:\/\/www.koonings.com\/fr\/product\/poirier-ac-75600-chaine-telephonique-perles35cm\/#breadcrumb","itemListElement":[{"@type":"ListItem","position":1,"name":"Home","item":"https:\/\/www.koonings.com\/fr\/"},{"@type":"ListItem","position":2,"name":"Poirier AC-75600 Cha\u00eene t\u00e9l\u00e9phonique | perles|35cm"}]},{"@type":"WebSite","@id":"https:\/\/www.koonings.com\/fr\/#website","url":"https:\/\/www.koonings.com\/fr\/","name":"Koonings","description":"De grootste bruidsmodewinkel ter wereld","publisher":{"@id":"https:\/\/www.koonings.com\/fr\/#organization"},"potentialAction":[{"@type":"SearchAction","target":{"@type":"EntryPoint","urlTemplate":"https:\/\/www.koonings.com\/fr\/?s={search_term_string}"},"query-input":{"@type":"PropertyValueSpecification","valueRequired":true,"valueName":"search_term_string"}}],"inLanguage":"fr-FR"},{"@type":"Organization","@id":"https:\/\/www.koonings.com\/fr\/#organization","name":"Koonings","url":"https:\/\/www.koonings.com\/fr\/","logo":{"@type":"ImageObject","inLanguage":"fr-FR","@id":"https:\/\/www.koonings.com\/fr\/#\/schema\/logo\/image\/","url":"https:\/\/www.koonings.com\/wp-content\/uploads\/2024\/07\/logo.png","contentUrl":"https:\/\/www.koonings.com\/wp-content\/uploads\/2024\/07\/logo.png","width":600,"height":428,"caption":"Koonings"},"image":{"@id":"https:\/\/www.koonings.com\/fr\/#\/schema\/logo\/image\/"},"sameAs":["https:\/\/www.facebook.com\/kooningstheweddingpalace","https:\/\/www.instagram.com\/kooningstheweddingpalace","https:\/\/www.pinterest.com\/koonings","https:\/\/www.youtube.com\/kooningstheweddingpalace"]}]}},"_links":{"self":[{"href":"https:\/\/www.koonings.com\/fr\/wp-json\/wp\/v2\/product\/94444","targetHints":{"allow":["GET"]}}],"collection":[{"href":"https:\/\/www.koonings.com\/fr\/wp-json\/wp\/v2\/product"}],"about":[{"href":"https:\/\/www.koonings.com\/fr\/wp-json\/wp\/v2\/types\/product"}],"wp:featuredmedia":[{"embeddable":true,"href":"https:\/\/www.koonings.com\/fr\/wp-json\/wp\/v2\/media\/88534"}],"wp:attachment":[{"href":"https:\/\/www.koonings.com\/fr\/wp-json\/wp\/v2\/media?parent=94444"}],"wp:term":[{"taxonomy":"productdetails","embeddable":true,"href":"https:\/\/www.koonings.com\/fr\/wp-json\/wp\/v2\/productdetails?post=94444"},{"taxonomy":"productneck","embeddable":true,"href":"https:\/\/www.koonings.com\/fr\/wp-json\/wp\/v2\/productneck?post=94444"},{"taxonomy":"productcolor","embeddable":true,"href":"https:\/\/www.koonings.com\/fr\/wp-json\/wp\/v2\/productcolor?post=94444"},{"taxonomy":"maat","embeddable":true,"href":"https:\/\/www.koonings.com\/fr\/wp-json\/wp\/v2\/maat?post=94444"},{"taxonomy":"productsupplier","embeddable":true,"href":"https:\/\/www.koonings.com\/fr\/wp-json\/wp\/v2\/productsupplier?post=94444"},{"taxonomy":"productsleeve","embeddable":true,"href":"https:\/\/www.koonings.com\/fr\/wp-json\/wp\/v2\/productsleeve?post=94444"},{"taxonomy":"productcategory","embeddable":true,"href":"https:\/\/www.koonings.com\/fr\/wp-json\/wp\/v2\/productcategory?post=94444"},{"taxonomy":"productsilhouette","embeddable":true,"href":"https:\/\/www.koonings.com\/fr\/wp-json\/wp\/v2\/productsilhouette?post=94444"},{"taxonomy":"productstyle","embeddable":true,"href":"https:\/\/www.koonings.com\/fr\/wp-json\/wp\/v2\/productstyle?post=94444"}],"curies":[{"name":"wp","href":"https:\/\/api.w.org\/{rel}","templated":true}]}}