{"id":94443,"date":"2026-04-14T16:34:50","date_gmt":"2026-04-14T14:34:50","guid":{"rendered":"https:\/\/www.koonings.com\/product\/poirier-c-7671-ceinture-2\/"},"modified":"2026-04-14T15:45:34","modified_gmt":"2026-04-14T13:45:34","slug":"poirier-c-7671-ceinture-2","status":"publish","type":"product","link":"https:\/\/www.koonings.com\/fr\/product\/poirier-c-7671-ceinture-2\/","title":{"rendered":"Poirier C-7671 Ceinture"},"content":{"rendered":"<p>Ceinture d\u00e9cor\u00e9e de perles et de strass | longueur : 210 cm | application : 70 cm | 2 couleurs diff\u00e9rentes<br \/>\nCeinture de la collection Festival de Poirier.<br \/>\nCombinez cette ceinture avec d&#8217;autres \u00e9l\u00e9ments de votre look nuptial, comme votre robe de mari\u00e9e.<br \/>\nD\u00e9cor\u00e9e de perles brillantes et de strass \u00e9blouissants.<br \/>\nFacile \u00e0 nouer.<br \/>\nLongueur : 210 cm, application : 70 cm.<br \/>\n2 Diff\u00e9rentes couleurs : ivoire ET or.<br \/>\nOptez pour le look free festival avec les articles sp\u00e9ciaux de Poirier.<\/p>\n","protected":false},"featured_media":88443,"template":"","meta":{"_acf_changed":false,"ghostkit_customizer_options":"","ghostkit_custom_css":"","ghostkit_custom_js_head":"","ghostkit_custom_js_foot":"","ghostkit_typography":""},"productdetails":[],"productneck":[],"productcolor":[],"maat":[],"productsupplier":[416],"productsleeve":[],"productcategory":[509],"productsilhouette":[],"productstyle":[],"class_list":["post-94443","product","type-product","status-publish","has-post-thumbnail","hentry","productsupplier-poirier","productcategory-accessoires-bruid"],"acf":[],"yoast_head":"<!-- This site is optimized with the Yoast SEO plugin v27.3 - https:\/\/yoast.com\/product\/yoast-seo-wordpress\/ -->\n<title>Poirier C-7671 Ceinture | Koonings<\/title>\n<meta name=\"description\" content=\"Ceinture d\u00e9cor\u00e9e de perles et de strass | longueur : 210 cm | application : 70 cm | 2 couleurs diff\u00e9rentes Ceinture de la collection Festival de Poirier. Combinez cette ceinture avec d&#039;autres \u00e9l\u00e9ments de votre look nuptial, comme votre robe de mari\u00e9e. D\u00e9cor\u00e9e de perles brillantes et de strass \u00e9blouissants. Facile \u00e0 nouer. Longueur : 210 cm, application : 70 cm. 2 Diff\u00e9rentes couleurs : ivoire ET or. Optez pour le look free festival avec les articles sp\u00e9ciaux de Poirier.\" \/>\n<meta name=\"robots\" content=\"index, follow, max-snippet:-1, max-image-preview:large, max-video-preview:-1\" \/>\n<link rel=\"canonical\" href=\"https:\/\/www.koonings.com\/fr\/product\/poirier-c-7671-ceinture-2\/\" \/>\n<meta property=\"og:locale\" content=\"fr_FR\" \/>\n<meta property=\"og:type\" content=\"article\" \/>\n<meta property=\"og:title\" content=\"Poirier C-7671 Ceinture | Koonings\" \/>\n<meta property=\"og:description\" content=\"Ceinture d\u00e9cor\u00e9e de perles et de strass | longueur : 210 cm | application : 70 cm | 2 couleurs diff\u00e9rentes Ceinture de la collection Festival de Poirier. Combinez cette ceinture avec d&#039;autres \u00e9l\u00e9ments de votre look nuptial, comme votre robe de mari\u00e9e. D\u00e9cor\u00e9e de perles brillantes et de strass \u00e9blouissants. Facile \u00e0 nouer. Longueur : 210 cm, application : 70 cm. 2 Diff\u00e9rentes couleurs : ivoire ET or. Optez pour le look free festival avec les articles sp\u00e9ciaux de Poirier.\" \/>\n<meta property=\"og:url\" content=\"https:\/\/www.koonings.com\/fr\/product\/poirier-c-7671-ceinture-2\/\" \/>\n<meta property=\"og:site_name\" content=\"Koonings\" \/>\n<meta property=\"article:publisher\" content=\"https:\/\/www.facebook.com\/kooningstheweddingpalace\" \/>\n<meta property=\"og:image\" content=\"https:\/\/www.koonings.com\/wp-content\/uploads\/2025\/07\/50795_c58774fa4af507c50af049a75613bed070edc8cfe1db96c0130c452513243eeef004d699.jpeg\" \/>\n\t<meta property=\"og:image:width\" content=\"800\" \/>\n\t<meta property=\"og:image:height\" content=\"1064\" \/>\n\t<meta property=\"og:image:type\" content=\"image\/jpeg\" \/>\n<meta name=\"twitter:card\" content=\"summary_large_image\" \/>\n<script type=\"application\/ld+json\" class=\"yoast-schema-graph\">{\"@context\":\"https:\\\/\\\/schema.org\",\"@graph\":[{\"@type\":\"WebPage\",\"@id\":\"https:\\\/\\\/www.koonings.com\\\/fr\\\/product\\\/poirier-c-7671-ceinture-2\\\/\",\"url\":\"https:\\\/\\\/www.koonings.com\\\/fr\\\/product\\\/poirier-c-7671-ceinture-2\\\/\",\"name\":\"Poirier C-7671 Ceinture | Koonings\",\"isPartOf\":{\"@id\":\"https:\\\/\\\/www.koonings.com\\\/fr\\\/#website\"},\"primaryImageOfPage\":{\"@id\":\"https:\\\/\\\/www.koonings.com\\\/fr\\\/product\\\/poirier-c-7671-ceinture-2\\\/#primaryimage\"},\"image\":{\"@id\":\"https:\\\/\\\/www.koonings.com\\\/fr\\\/product\\\/poirier-c-7671-ceinture-2\\\/#primaryimage\"},\"thumbnailUrl\":\"https:\\\/\\\/www.koonings.com\\\/wp-content\\\/uploads\\\/2025\\\/07\\\/50795_c58774fa4af507c50af049a75613bed070edc8cfe1db96c0130c452513243eeef004d699.jpeg\",\"datePublished\":\"2026-04-14T14:34:50+00:00\",\"description\":\"Ceinture d\u00e9cor\u00e9e de perles et de strass | longueur : 210 cm | application : 70 cm | 2 couleurs diff\u00e9rentes Ceinture de la collection Festival de Poirier. Combinez cette ceinture avec d'autres \u00e9l\u00e9ments de votre look nuptial, comme votre robe de mari\u00e9e. D\u00e9cor\u00e9e de perles brillantes et de strass \u00e9blouissants. Facile \u00e0 nouer. Longueur : 210 cm, application : 70 cm. 2 Diff\u00e9rentes couleurs : ivoire ET or. Optez pour le look free festival avec les articles sp\u00e9ciaux de Poirier.\",\"breadcrumb\":{\"@id\":\"https:\\\/\\\/www.koonings.com\\\/fr\\\/product\\\/poirier-c-7671-ceinture-2\\\/#breadcrumb\"},\"inLanguage\":\"fr-FR\",\"potentialAction\":[{\"@type\":\"ReadAction\",\"target\":[\"https:\\\/\\\/www.koonings.com\\\/fr\\\/product\\\/poirier-c-7671-ceinture-2\\\/\"]}]},{\"@type\":\"ImageObject\",\"inLanguage\":\"fr-FR\",\"@id\":\"https:\\\/\\\/www.koonings.com\\\/fr\\\/product\\\/poirier-c-7671-ceinture-2\\\/#primaryimage\",\"url\":\"https:\\\/\\\/www.koonings.com\\\/wp-content\\\/uploads\\\/2025\\\/07\\\/50795_c58774fa4af507c50af049a75613bed070edc8cfe1db96c0130c452513243eeef004d699.jpeg\",\"contentUrl\":\"https:\\\/\\\/www.koonings.com\\\/wp-content\\\/uploads\\\/2025\\\/07\\\/50795_c58774fa4af507c50af049a75613bed070edc8cfe1db96c0130c452513243eeef004d699.jpeg\",\"width\":800,\"height\":1064},{\"@type\":\"BreadcrumbList\",\"@id\":\"https:\\\/\\\/www.koonings.com\\\/fr\\\/product\\\/poirier-c-7671-ceinture-2\\\/#breadcrumb\",\"itemListElement\":[{\"@type\":\"ListItem\",\"position\":1,\"name\":\"Home\",\"item\":\"https:\\\/\\\/www.koonings.com\\\/fr\\\/\"},{\"@type\":\"ListItem\",\"position\":2,\"name\":\"Poirier C-7671 Ceinture\"}]},{\"@type\":\"WebSite\",\"@id\":\"https:\\\/\\\/www.koonings.com\\\/fr\\\/#website\",\"url\":\"https:\\\/\\\/www.koonings.com\\\/fr\\\/\",\"name\":\"Koonings\",\"description\":\"De grootste bruidsmodewinkel ter wereld\",\"publisher\":{\"@id\":\"https:\\\/\\\/www.koonings.com\\\/fr\\\/#organization\"},\"potentialAction\":[{\"@type\":\"SearchAction\",\"target\":{\"@type\":\"EntryPoint\",\"urlTemplate\":\"https:\\\/\\\/www.koonings.com\\\/fr\\\/?s={search_term_string}\"},\"query-input\":{\"@type\":\"PropertyValueSpecification\",\"valueRequired\":true,\"valueName\":\"search_term_string\"}}],\"inLanguage\":\"fr-FR\"},{\"@type\":\"Organization\",\"@id\":\"https:\\\/\\\/www.koonings.com\\\/fr\\\/#organization\",\"name\":\"Koonings\",\"url\":\"https:\\\/\\\/www.koonings.com\\\/fr\\\/\",\"logo\":{\"@type\":\"ImageObject\",\"inLanguage\":\"fr-FR\",\"@id\":\"https:\\\/\\\/www.koonings.com\\\/fr\\\/#\\\/schema\\\/logo\\\/image\\\/\",\"url\":\"https:\\\/\\\/www.koonings.com\\\/wp-content\\\/uploads\\\/2024\\\/07\\\/logo.png\",\"contentUrl\":\"https:\\\/\\\/www.koonings.com\\\/wp-content\\\/uploads\\\/2024\\\/07\\\/logo.png\",\"width\":600,\"height\":428,\"caption\":\"Koonings\"},\"image\":{\"@id\":\"https:\\\/\\\/www.koonings.com\\\/fr\\\/#\\\/schema\\\/logo\\\/image\\\/\"},\"sameAs\":[\"https:\\\/\\\/www.facebook.com\\\/kooningstheweddingpalace\",\"https:\\\/\\\/www.instagram.com\\\/kooningstheweddingpalace\",\"https:\\\/\\\/www.pinterest.com\\\/koonings\",\"https:\\\/\\\/www.youtube.com\\\/kooningstheweddingpalace\"]}]}<\/script>\n<!-- \/ Yoast SEO plugin. -->","yoast_head_json":{"title":"Poirier C-7671 Ceinture | Koonings","description":"Ceinture d\u00e9cor\u00e9e de perles et de strass | longueur : 210 cm | application : 70 cm | 2 couleurs diff\u00e9rentes Ceinture de la collection Festival de Poirier. Combinez cette ceinture avec d'autres \u00e9l\u00e9ments de votre look nuptial, comme votre robe de mari\u00e9e. D\u00e9cor\u00e9e de perles brillantes et de strass \u00e9blouissants. Facile \u00e0 nouer. Longueur : 210 cm, application : 70 cm. 2 Diff\u00e9rentes couleurs : ivoire ET or. Optez pour le look free festival avec les articles sp\u00e9ciaux de Poirier.","robots":{"index":"index","follow":"follow","max-snippet":"max-snippet:-1","max-image-preview":"max-image-preview:large","max-video-preview":"max-video-preview:-1"},"canonical":"https:\/\/www.koonings.com\/fr\/product\/poirier-c-7671-ceinture-2\/","og_locale":"fr_FR","og_type":"article","og_title":"Poirier C-7671 Ceinture | Koonings","og_description":"Ceinture d\u00e9cor\u00e9e de perles et de strass | longueur : 210 cm | application : 70 cm | 2 couleurs diff\u00e9rentes Ceinture de la collection Festival de Poirier. Combinez cette ceinture avec d'autres \u00e9l\u00e9ments de votre look nuptial, comme votre robe de mari\u00e9e. D\u00e9cor\u00e9e de perles brillantes et de strass \u00e9blouissants. Facile \u00e0 nouer. Longueur : 210 cm, application : 70 cm. 2 Diff\u00e9rentes couleurs : ivoire ET or. Optez pour le look free festival avec les articles sp\u00e9ciaux de Poirier.","og_url":"https:\/\/www.koonings.com\/fr\/product\/poirier-c-7671-ceinture-2\/","og_site_name":"Koonings","article_publisher":"https:\/\/www.facebook.com\/kooningstheweddingpalace","og_image":[{"width":800,"height":1064,"url":"https:\/\/www.koonings.com\/wp-content\/uploads\/2025\/07\/50795_c58774fa4af507c50af049a75613bed070edc8cfe1db96c0130c452513243eeef004d699.jpeg","type":"image\/jpeg"}],"twitter_card":"summary_large_image","schema":{"@context":"https:\/\/schema.org","@graph":[{"@type":"WebPage","@id":"https:\/\/www.koonings.com\/fr\/product\/poirier-c-7671-ceinture-2\/","url":"https:\/\/www.koonings.com\/fr\/product\/poirier-c-7671-ceinture-2\/","name":"Poirier C-7671 Ceinture | Koonings","isPartOf":{"@id":"https:\/\/www.koonings.com\/fr\/#website"},"primaryImageOfPage":{"@id":"https:\/\/www.koonings.com\/fr\/product\/poirier-c-7671-ceinture-2\/#primaryimage"},"image":{"@id":"https:\/\/www.koonings.com\/fr\/product\/poirier-c-7671-ceinture-2\/#primaryimage"},"thumbnailUrl":"https:\/\/www.koonings.com\/wp-content\/uploads\/2025\/07\/50795_c58774fa4af507c50af049a75613bed070edc8cfe1db96c0130c452513243eeef004d699.jpeg","datePublished":"2026-04-14T14:34:50+00:00","description":"Ceinture d\u00e9cor\u00e9e de perles et de strass | longueur : 210 cm | application : 70 cm | 2 couleurs diff\u00e9rentes Ceinture de la collection Festival de Poirier. Combinez cette ceinture avec d'autres \u00e9l\u00e9ments de votre look nuptial, comme votre robe de mari\u00e9e. D\u00e9cor\u00e9e de perles brillantes et de strass \u00e9blouissants. Facile \u00e0 nouer. Longueur : 210 cm, application : 70 cm. 2 Diff\u00e9rentes couleurs : ivoire ET or. Optez pour le look free festival avec les articles sp\u00e9ciaux de Poirier.","breadcrumb":{"@id":"https:\/\/www.koonings.com\/fr\/product\/poirier-c-7671-ceinture-2\/#breadcrumb"},"inLanguage":"fr-FR","potentialAction":[{"@type":"ReadAction","target":["https:\/\/www.koonings.com\/fr\/product\/poirier-c-7671-ceinture-2\/"]}]},{"@type":"ImageObject","inLanguage":"fr-FR","@id":"https:\/\/www.koonings.com\/fr\/product\/poirier-c-7671-ceinture-2\/#primaryimage","url":"https:\/\/www.koonings.com\/wp-content\/uploads\/2025\/07\/50795_c58774fa4af507c50af049a75613bed070edc8cfe1db96c0130c452513243eeef004d699.jpeg","contentUrl":"https:\/\/www.koonings.com\/wp-content\/uploads\/2025\/07\/50795_c58774fa4af507c50af049a75613bed070edc8cfe1db96c0130c452513243eeef004d699.jpeg","width":800,"height":1064},{"@type":"BreadcrumbList","@id":"https:\/\/www.koonings.com\/fr\/product\/poirier-c-7671-ceinture-2\/#breadcrumb","itemListElement":[{"@type":"ListItem","position":1,"name":"Home","item":"https:\/\/www.koonings.com\/fr\/"},{"@type":"ListItem","position":2,"name":"Poirier C-7671 Ceinture"}]},{"@type":"WebSite","@id":"https:\/\/www.koonings.com\/fr\/#website","url":"https:\/\/www.koonings.com\/fr\/","name":"Koonings","description":"De grootste bruidsmodewinkel ter wereld","publisher":{"@id":"https:\/\/www.koonings.com\/fr\/#organization"},"potentialAction":[{"@type":"SearchAction","target":{"@type":"EntryPoint","urlTemplate":"https:\/\/www.koonings.com\/fr\/?s={search_term_string}"},"query-input":{"@type":"PropertyValueSpecification","valueRequired":true,"valueName":"search_term_string"}}],"inLanguage":"fr-FR"},{"@type":"Organization","@id":"https:\/\/www.koonings.com\/fr\/#organization","name":"Koonings","url":"https:\/\/www.koonings.com\/fr\/","logo":{"@type":"ImageObject","inLanguage":"fr-FR","@id":"https:\/\/www.koonings.com\/fr\/#\/schema\/logo\/image\/","url":"https:\/\/www.koonings.com\/wp-content\/uploads\/2024\/07\/logo.png","contentUrl":"https:\/\/www.koonings.com\/wp-content\/uploads\/2024\/07\/logo.png","width":600,"height":428,"caption":"Koonings"},"image":{"@id":"https:\/\/www.koonings.com\/fr\/#\/schema\/logo\/image\/"},"sameAs":["https:\/\/www.facebook.com\/kooningstheweddingpalace","https:\/\/www.instagram.com\/kooningstheweddingpalace","https:\/\/www.pinterest.com\/koonings","https:\/\/www.youtube.com\/kooningstheweddingpalace"]}]}},"_links":{"self":[{"href":"https:\/\/www.koonings.com\/fr\/wp-json\/wp\/v2\/product\/94443","targetHints":{"allow":["GET"]}}],"collection":[{"href":"https:\/\/www.koonings.com\/fr\/wp-json\/wp\/v2\/product"}],"about":[{"href":"https:\/\/www.koonings.com\/fr\/wp-json\/wp\/v2\/types\/product"}],"wp:featuredmedia":[{"embeddable":true,"href":"https:\/\/www.koonings.com\/fr\/wp-json\/wp\/v2\/media\/88443"}],"wp:attachment":[{"href":"https:\/\/www.koonings.com\/fr\/wp-json\/wp\/v2\/media?parent=94443"}],"wp:term":[{"taxonomy":"productdetails","embeddable":true,"href":"https:\/\/www.koonings.com\/fr\/wp-json\/wp\/v2\/productdetails?post=94443"},{"taxonomy":"productneck","embeddable":true,"href":"https:\/\/www.koonings.com\/fr\/wp-json\/wp\/v2\/productneck?post=94443"},{"taxonomy":"productcolor","embeddable":true,"href":"https:\/\/www.koonings.com\/fr\/wp-json\/wp\/v2\/productcolor?post=94443"},{"taxonomy":"maat","embeddable":true,"href":"https:\/\/www.koonings.com\/fr\/wp-json\/wp\/v2\/maat?post=94443"},{"taxonomy":"productsupplier","embeddable":true,"href":"https:\/\/www.koonings.com\/fr\/wp-json\/wp\/v2\/productsupplier?post=94443"},{"taxonomy":"productsleeve","embeddable":true,"href":"https:\/\/www.koonings.com\/fr\/wp-json\/wp\/v2\/productsleeve?post=94443"},{"taxonomy":"productcategory","embeddable":true,"href":"https:\/\/www.koonings.com\/fr\/wp-json\/wp\/v2\/productcategory?post=94443"},{"taxonomy":"productsilhouette","embeddable":true,"href":"https:\/\/www.koonings.com\/fr\/wp-json\/wp\/v2\/productsilhouette?post=94443"},{"taxonomy":"productstyle","embeddable":true,"href":"https:\/\/www.koonings.com\/fr\/wp-json\/wp\/v2\/productstyle?post=94443"}],"curies":[{"name":"wp","href":"https:\/\/api.w.org\/{rel}","templated":true}]}}