{"id":94410,"date":"2026-04-14T16:34:23","date_gmt":"2026-04-14T14:34:23","guid":{"rendered":"https:\/\/www.koonings.com\/product\/poirier-t-200-jacket-craape-gem-dana\/"},"modified":"2026-04-14T15:47:34","modified_gmt":"2026-04-14T13:47:34","slug":"poirier-t-200-jacket-craape-gem-dana","status":"publish","type":"product","link":"https:\/\/www.koonings.com\/fr\/product\/poirier-t-200-jacket-craape-gem-dana\/","title":{"rendered":"Poirier T-200 Jacket cr\u00c3\u00aape | Gem | Dana"},"content":{"rendered":"<p>Blazer de mari\u00e9e en cr\u00eape ivoire avec boutons en tissu aux poignets | Version de luxe | Collection GEM | Ligne Dana<br \/>\nBlazer de mari\u00e9e de la Collection Trend de Poirier.<br \/>\nLes articles de la ligne Dana sont en cr\u00eape ivoire.<br \/>\nVersion de luxe.<br \/>\nEn cr\u00eape ivoire.<br \/>\nAvec boutons en tissu aux poignets.<br \/>\nFermeture centrale \u00e0 boutons en tissu sur le devant.<br \/>\nDisponible dans les tailles XS \u00e0 XL : XS \u00e0 XL.<br \/>\nChoisissez les produits assortis de la ligne Dana : haut de mari\u00e9e T-203 et pantalon de mari\u00e9e T-201.<br \/>\nAvec les produits de la ligne Dana de la collection GEM, vous choisissez un look de mariage \u00e0 la mode.<\/p>\n","protected":false},"featured_media":89376,"template":"","meta":{"_acf_changed":false,"ghostkit_customizer_options":"","ghostkit_custom_css":"","ghostkit_custom_js_head":"","ghostkit_custom_js_foot":"","ghostkit_typography":""},"productdetails":[],"productneck":[],"productcolor":[],"maat":[],"productsupplier":[416],"productsleeve":[],"productcategory":[509],"productsilhouette":[],"productstyle":[],"class_list":["post-94410","product","type-product","status-publish","has-post-thumbnail","hentry","productsupplier-poirier","productcategory-accessoires-bruid"],"acf":[],"yoast_head":"<!-- This site is optimized with the Yoast SEO plugin v27.3 - https:\/\/yoast.com\/product\/yoast-seo-wordpress\/ -->\n<title>Poirier T-200 Jacket cr\u00c3\u00aape | Gem | Dana | Koonings<\/title>\n<meta name=\"description\" content=\"Blazer de mari\u00e9e en cr\u00eape ivoire avec boutons en tissu aux poignets | Version de luxe | Collection GEM | Ligne Dana Blazer de mari\u00e9e de la Collection Trend de Poirier. Les articles de la ligne Dana sont en cr\u00eape ivoire. Version de luxe. En cr\u00eape ivoire. Avec boutons en tissu aux poignets. Fermeture centrale \u00e0 boutons en tissu sur le devant. Disponible dans les tailles XS \u00e0 XL : XS \u00e0 XL. Choisissez les produits assortis de la ligne Dana : haut de mari\u00e9e T-203 et pantalon de mari\u00e9e T-201. Avec les produits de la ligne Dana de la collection GEM, vous choisissez un look de mariage \u00e0 la mode.\" \/>\n<meta name=\"robots\" content=\"index, follow, max-snippet:-1, max-image-preview:large, max-video-preview:-1\" \/>\n<link rel=\"canonical\" href=\"https:\/\/www.koonings.com\/fr\/product\/poirier-t-200-jacket-craape-gem-dana\/\" \/>\n<meta property=\"og:locale\" content=\"fr_FR\" \/>\n<meta property=\"og:type\" content=\"article\" \/>\n<meta property=\"og:title\" content=\"Poirier T-200 Jacket cr\u00c3\u00aape | Gem | Dana | Koonings\" \/>\n<meta property=\"og:description\" content=\"Blazer de mari\u00e9e en cr\u00eape ivoire avec boutons en tissu aux poignets | Version de luxe | Collection GEM | Ligne Dana Blazer de mari\u00e9e de la Collection Trend de Poirier. Les articles de la ligne Dana sont en cr\u00eape ivoire. Version de luxe. En cr\u00eape ivoire. Avec boutons en tissu aux poignets. Fermeture centrale \u00e0 boutons en tissu sur le devant. Disponible dans les tailles XS \u00e0 XL : XS \u00e0 XL. Choisissez les produits assortis de la ligne Dana : haut de mari\u00e9e T-203 et pantalon de mari\u00e9e T-201. Avec les produits de la ligne Dana de la collection GEM, vous choisissez un look de mariage \u00e0 la mode.\" \/>\n<meta property=\"og:url\" content=\"https:\/\/www.koonings.com\/fr\/product\/poirier-t-200-jacket-craape-gem-dana\/\" \/>\n<meta property=\"og:site_name\" content=\"Koonings\" \/>\n<meta property=\"article:publisher\" content=\"https:\/\/www.facebook.com\/kooningstheweddingpalace\" \/>\n<meta property=\"og:image\" content=\"https:\/\/www.koonings.com\/wp-content\/uploads\/2025\/07\/50735_7827cea1cbeb529ef34643b1d5ffa99683181dada58c0067d031ac2d928be5ee4bfa63a5.jpeg\" \/>\n\t<meta property=\"og:image:width\" content=\"1731\" \/>\n\t<meta property=\"og:image:height\" content=\"2309\" \/>\n\t<meta property=\"og:image:type\" content=\"image\/jpeg\" \/>\n<meta name=\"twitter:card\" content=\"summary_large_image\" \/>\n<meta name=\"twitter:label1\" content=\"Dur\u00e9e de lecture estim\u00e9e\" \/>\n\t<meta name=\"twitter:data1\" content=\"1 minute\" \/>\n<script type=\"application\/ld+json\" class=\"yoast-schema-graph\">{\"@context\":\"https:\\\/\\\/schema.org\",\"@graph\":[{\"@type\":\"WebPage\",\"@id\":\"https:\\\/\\\/www.koonings.com\\\/fr\\\/product\\\/poirier-t-200-jacket-craape-gem-dana\\\/\",\"url\":\"https:\\\/\\\/www.koonings.com\\\/fr\\\/product\\\/poirier-t-200-jacket-craape-gem-dana\\\/\",\"name\":\"Poirier T-200 Jacket cr\u00c3\u00aape | Gem | Dana | Koonings\",\"isPartOf\":{\"@id\":\"https:\\\/\\\/www.koonings.com\\\/fr\\\/#website\"},\"primaryImageOfPage\":{\"@id\":\"https:\\\/\\\/www.koonings.com\\\/fr\\\/product\\\/poirier-t-200-jacket-craape-gem-dana\\\/#primaryimage\"},\"image\":{\"@id\":\"https:\\\/\\\/www.koonings.com\\\/fr\\\/product\\\/poirier-t-200-jacket-craape-gem-dana\\\/#primaryimage\"},\"thumbnailUrl\":\"https:\\\/\\\/www.koonings.com\\\/wp-content\\\/uploads\\\/2025\\\/07\\\/50735_7827cea1cbeb529ef34643b1d5ffa99683181dada58c0067d031ac2d928be5ee4bfa63a5.jpeg\",\"datePublished\":\"2026-04-14T14:34:23+00:00\",\"description\":\"Blazer de mari\u00e9e en cr\u00eape ivoire avec boutons en tissu aux poignets | Version de luxe | Collection GEM | Ligne Dana Blazer de mari\u00e9e de la Collection Trend de Poirier. Les articles de la ligne Dana sont en cr\u00eape ivoire. Version de luxe. En cr\u00eape ivoire. Avec boutons en tissu aux poignets. Fermeture centrale \u00e0 boutons en tissu sur le devant. Disponible dans les tailles XS \u00e0 XL : XS \u00e0 XL. Choisissez les produits assortis de la ligne Dana : haut de mari\u00e9e T-203 et pantalon de mari\u00e9e T-201. Avec les produits de la ligne Dana de la collection GEM, vous choisissez un look de mariage \u00e0 la mode.\",\"breadcrumb\":{\"@id\":\"https:\\\/\\\/www.koonings.com\\\/fr\\\/product\\\/poirier-t-200-jacket-craape-gem-dana\\\/#breadcrumb\"},\"inLanguage\":\"fr-FR\",\"potentialAction\":[{\"@type\":\"ReadAction\",\"target\":[\"https:\\\/\\\/www.koonings.com\\\/fr\\\/product\\\/poirier-t-200-jacket-craape-gem-dana\\\/\"]}]},{\"@type\":\"ImageObject\",\"inLanguage\":\"fr-FR\",\"@id\":\"https:\\\/\\\/www.koonings.com\\\/fr\\\/product\\\/poirier-t-200-jacket-craape-gem-dana\\\/#primaryimage\",\"url\":\"https:\\\/\\\/www.koonings.com\\\/wp-content\\\/uploads\\\/2025\\\/07\\\/50735_7827cea1cbeb529ef34643b1d5ffa99683181dada58c0067d031ac2d928be5ee4bfa63a5.jpeg\",\"contentUrl\":\"https:\\\/\\\/www.koonings.com\\\/wp-content\\\/uploads\\\/2025\\\/07\\\/50735_7827cea1cbeb529ef34643b1d5ffa99683181dada58c0067d031ac2d928be5ee4bfa63a5.jpeg\",\"width\":1731,\"height\":2309},{\"@type\":\"BreadcrumbList\",\"@id\":\"https:\\\/\\\/www.koonings.com\\\/fr\\\/product\\\/poirier-t-200-jacket-craape-gem-dana\\\/#breadcrumb\",\"itemListElement\":[{\"@type\":\"ListItem\",\"position\":1,\"name\":\"Home\",\"item\":\"https:\\\/\\\/www.koonings.com\\\/fr\\\/\"},{\"@type\":\"ListItem\",\"position\":2,\"name\":\"Poirier T-200 Jacket cr\u00c3\u00aape | Gem | Dana\"}]},{\"@type\":\"WebSite\",\"@id\":\"https:\\\/\\\/www.koonings.com\\\/fr\\\/#website\",\"url\":\"https:\\\/\\\/www.koonings.com\\\/fr\\\/\",\"name\":\"Koonings\",\"description\":\"De grootste bruidsmodewinkel ter wereld\",\"publisher\":{\"@id\":\"https:\\\/\\\/www.koonings.com\\\/fr\\\/#organization\"},\"potentialAction\":[{\"@type\":\"SearchAction\",\"target\":{\"@type\":\"EntryPoint\",\"urlTemplate\":\"https:\\\/\\\/www.koonings.com\\\/fr\\\/?s={search_term_string}\"},\"query-input\":{\"@type\":\"PropertyValueSpecification\",\"valueRequired\":true,\"valueName\":\"search_term_string\"}}],\"inLanguage\":\"fr-FR\"},{\"@type\":\"Organization\",\"@id\":\"https:\\\/\\\/www.koonings.com\\\/fr\\\/#organization\",\"name\":\"Koonings\",\"url\":\"https:\\\/\\\/www.koonings.com\\\/fr\\\/\",\"logo\":{\"@type\":\"ImageObject\",\"inLanguage\":\"fr-FR\",\"@id\":\"https:\\\/\\\/www.koonings.com\\\/fr\\\/#\\\/schema\\\/logo\\\/image\\\/\",\"url\":\"https:\\\/\\\/www.koonings.com\\\/wp-content\\\/uploads\\\/2024\\\/07\\\/logo.png\",\"contentUrl\":\"https:\\\/\\\/www.koonings.com\\\/wp-content\\\/uploads\\\/2024\\\/07\\\/logo.png\",\"width\":600,\"height\":428,\"caption\":\"Koonings\"},\"image\":{\"@id\":\"https:\\\/\\\/www.koonings.com\\\/fr\\\/#\\\/schema\\\/logo\\\/image\\\/\"},\"sameAs\":[\"https:\\\/\\\/www.facebook.com\\\/kooningstheweddingpalace\",\"https:\\\/\\\/www.instagram.com\\\/kooningstheweddingpalace\",\"https:\\\/\\\/www.pinterest.com\\\/koonings\",\"https:\\\/\\\/www.youtube.com\\\/kooningstheweddingpalace\"]}]}<\/script>\n<!-- \/ Yoast SEO plugin. -->","yoast_head_json":{"title":"Poirier T-200 Jacket cr\u00c3\u00aape | Gem | Dana | Koonings","description":"Blazer de mari\u00e9e en cr\u00eape ivoire avec boutons en tissu aux poignets | Version de luxe | Collection GEM | Ligne Dana Blazer de mari\u00e9e de la Collection Trend de Poirier. Les articles de la ligne Dana sont en cr\u00eape ivoire. Version de luxe. En cr\u00eape ivoire. Avec boutons en tissu aux poignets. Fermeture centrale \u00e0 boutons en tissu sur le devant. Disponible dans les tailles XS \u00e0 XL : XS \u00e0 XL. Choisissez les produits assortis de la ligne Dana : haut de mari\u00e9e T-203 et pantalon de mari\u00e9e T-201. Avec les produits de la ligne Dana de la collection GEM, vous choisissez un look de mariage \u00e0 la mode.","robots":{"index":"index","follow":"follow","max-snippet":"max-snippet:-1","max-image-preview":"max-image-preview:large","max-video-preview":"max-video-preview:-1"},"canonical":"https:\/\/www.koonings.com\/fr\/product\/poirier-t-200-jacket-craape-gem-dana\/","og_locale":"fr_FR","og_type":"article","og_title":"Poirier T-200 Jacket cr\u00c3\u00aape | Gem | Dana | Koonings","og_description":"Blazer de mari\u00e9e en cr\u00eape ivoire avec boutons en tissu aux poignets | Version de luxe | Collection GEM | Ligne Dana Blazer de mari\u00e9e de la Collection Trend de Poirier. Les articles de la ligne Dana sont en cr\u00eape ivoire. Version de luxe. En cr\u00eape ivoire. Avec boutons en tissu aux poignets. Fermeture centrale \u00e0 boutons en tissu sur le devant. Disponible dans les tailles XS \u00e0 XL : XS \u00e0 XL. Choisissez les produits assortis de la ligne Dana : haut de mari\u00e9e T-203 et pantalon de mari\u00e9e T-201. Avec les produits de la ligne Dana de la collection GEM, vous choisissez un look de mariage \u00e0 la mode.","og_url":"https:\/\/www.koonings.com\/fr\/product\/poirier-t-200-jacket-craape-gem-dana\/","og_site_name":"Koonings","article_publisher":"https:\/\/www.facebook.com\/kooningstheweddingpalace","og_image":[{"width":1731,"height":2309,"url":"https:\/\/www.koonings.com\/wp-content\/uploads\/2025\/07\/50735_7827cea1cbeb529ef34643b1d5ffa99683181dada58c0067d031ac2d928be5ee4bfa63a5.jpeg","type":"image\/jpeg"}],"twitter_card":"summary_large_image","twitter_misc":{"Dur\u00e9e de lecture estim\u00e9e":"1 minute"},"schema":{"@context":"https:\/\/schema.org","@graph":[{"@type":"WebPage","@id":"https:\/\/www.koonings.com\/fr\/product\/poirier-t-200-jacket-craape-gem-dana\/","url":"https:\/\/www.koonings.com\/fr\/product\/poirier-t-200-jacket-craape-gem-dana\/","name":"Poirier T-200 Jacket cr\u00c3\u00aape | Gem | Dana | Koonings","isPartOf":{"@id":"https:\/\/www.koonings.com\/fr\/#website"},"primaryImageOfPage":{"@id":"https:\/\/www.koonings.com\/fr\/product\/poirier-t-200-jacket-craape-gem-dana\/#primaryimage"},"image":{"@id":"https:\/\/www.koonings.com\/fr\/product\/poirier-t-200-jacket-craape-gem-dana\/#primaryimage"},"thumbnailUrl":"https:\/\/www.koonings.com\/wp-content\/uploads\/2025\/07\/50735_7827cea1cbeb529ef34643b1d5ffa99683181dada58c0067d031ac2d928be5ee4bfa63a5.jpeg","datePublished":"2026-04-14T14:34:23+00:00","description":"Blazer de mari\u00e9e en cr\u00eape ivoire avec boutons en tissu aux poignets | Version de luxe | Collection GEM | Ligne Dana Blazer de mari\u00e9e de la Collection Trend de Poirier. Les articles de la ligne Dana sont en cr\u00eape ivoire. Version de luxe. En cr\u00eape ivoire. Avec boutons en tissu aux poignets. Fermeture centrale \u00e0 boutons en tissu sur le devant. Disponible dans les tailles XS \u00e0 XL : XS \u00e0 XL. Choisissez les produits assortis de la ligne Dana : haut de mari\u00e9e T-203 et pantalon de mari\u00e9e T-201. Avec les produits de la ligne Dana de la collection GEM, vous choisissez un look de mariage \u00e0 la mode.","breadcrumb":{"@id":"https:\/\/www.koonings.com\/fr\/product\/poirier-t-200-jacket-craape-gem-dana\/#breadcrumb"},"inLanguage":"fr-FR","potentialAction":[{"@type":"ReadAction","target":["https:\/\/www.koonings.com\/fr\/product\/poirier-t-200-jacket-craape-gem-dana\/"]}]},{"@type":"ImageObject","inLanguage":"fr-FR","@id":"https:\/\/www.koonings.com\/fr\/product\/poirier-t-200-jacket-craape-gem-dana\/#primaryimage","url":"https:\/\/www.koonings.com\/wp-content\/uploads\/2025\/07\/50735_7827cea1cbeb529ef34643b1d5ffa99683181dada58c0067d031ac2d928be5ee4bfa63a5.jpeg","contentUrl":"https:\/\/www.koonings.com\/wp-content\/uploads\/2025\/07\/50735_7827cea1cbeb529ef34643b1d5ffa99683181dada58c0067d031ac2d928be5ee4bfa63a5.jpeg","width":1731,"height":2309},{"@type":"BreadcrumbList","@id":"https:\/\/www.koonings.com\/fr\/product\/poirier-t-200-jacket-craape-gem-dana\/#breadcrumb","itemListElement":[{"@type":"ListItem","position":1,"name":"Home","item":"https:\/\/www.koonings.com\/fr\/"},{"@type":"ListItem","position":2,"name":"Poirier T-200 Jacket cr\u00c3\u00aape | Gem | Dana"}]},{"@type":"WebSite","@id":"https:\/\/www.koonings.com\/fr\/#website","url":"https:\/\/www.koonings.com\/fr\/","name":"Koonings","description":"De grootste bruidsmodewinkel ter wereld","publisher":{"@id":"https:\/\/www.koonings.com\/fr\/#organization"},"potentialAction":[{"@type":"SearchAction","target":{"@type":"EntryPoint","urlTemplate":"https:\/\/www.koonings.com\/fr\/?s={search_term_string}"},"query-input":{"@type":"PropertyValueSpecification","valueRequired":true,"valueName":"search_term_string"}}],"inLanguage":"fr-FR"},{"@type":"Organization","@id":"https:\/\/www.koonings.com\/fr\/#organization","name":"Koonings","url":"https:\/\/www.koonings.com\/fr\/","logo":{"@type":"ImageObject","inLanguage":"fr-FR","@id":"https:\/\/www.koonings.com\/fr\/#\/schema\/logo\/image\/","url":"https:\/\/www.koonings.com\/wp-content\/uploads\/2024\/07\/logo.png","contentUrl":"https:\/\/www.koonings.com\/wp-content\/uploads\/2024\/07\/logo.png","width":600,"height":428,"caption":"Koonings"},"image":{"@id":"https:\/\/www.koonings.com\/fr\/#\/schema\/logo\/image\/"},"sameAs":["https:\/\/www.facebook.com\/kooningstheweddingpalace","https:\/\/www.instagram.com\/kooningstheweddingpalace","https:\/\/www.pinterest.com\/koonings","https:\/\/www.youtube.com\/kooningstheweddingpalace"]}]}},"_links":{"self":[{"href":"https:\/\/www.koonings.com\/fr\/wp-json\/wp\/v2\/product\/94410","targetHints":{"allow":["GET"]}}],"collection":[{"href":"https:\/\/www.koonings.com\/fr\/wp-json\/wp\/v2\/product"}],"about":[{"href":"https:\/\/www.koonings.com\/fr\/wp-json\/wp\/v2\/types\/product"}],"wp:featuredmedia":[{"embeddable":true,"href":"https:\/\/www.koonings.com\/fr\/wp-json\/wp\/v2\/media\/89376"}],"wp:attachment":[{"href":"https:\/\/www.koonings.com\/fr\/wp-json\/wp\/v2\/media?parent=94410"}],"wp:term":[{"taxonomy":"productdetails","embeddable":true,"href":"https:\/\/www.koonings.com\/fr\/wp-json\/wp\/v2\/productdetails?post=94410"},{"taxonomy":"productneck","embeddable":true,"href":"https:\/\/www.koonings.com\/fr\/wp-json\/wp\/v2\/productneck?post=94410"},{"taxonomy":"productcolor","embeddable":true,"href":"https:\/\/www.koonings.com\/fr\/wp-json\/wp\/v2\/productcolor?post=94410"},{"taxonomy":"maat","embeddable":true,"href":"https:\/\/www.koonings.com\/fr\/wp-json\/wp\/v2\/maat?post=94410"},{"taxonomy":"productsupplier","embeddable":true,"href":"https:\/\/www.koonings.com\/fr\/wp-json\/wp\/v2\/productsupplier?post=94410"},{"taxonomy":"productsleeve","embeddable":true,"href":"https:\/\/www.koonings.com\/fr\/wp-json\/wp\/v2\/productsleeve?post=94410"},{"taxonomy":"productcategory","embeddable":true,"href":"https:\/\/www.koonings.com\/fr\/wp-json\/wp\/v2\/productcategory?post=94410"},{"taxonomy":"productsilhouette","embeddable":true,"href":"https:\/\/www.koonings.com\/fr\/wp-json\/wp\/v2\/productsilhouette?post=94410"},{"taxonomy":"productstyle","embeddable":true,"href":"https:\/\/www.koonings.com\/fr\/wp-json\/wp\/v2\/productstyle?post=94410"}],"curies":[{"name":"wp","href":"https:\/\/api.w.org\/{rel}","templated":true}]}}