{"id":94398,"date":"2026-05-06T15:32:33","date_gmt":"2026-05-06T13:32:33","guid":{"rendered":"https:\/\/www.koonings.com\/product\/boucles-doreilles-poirier-nc-7650\/"},"modified":"2026-04-14T15:58:47","modified_gmt":"2026-04-14T13:58:47","slug":"boucles-doreilles-poirier-nc-7650","status":"publish","type":"product","link":"https:\/\/www.koonings.com\/fr\/product\/boucles-doreilles-poirier-nc-7650\/","title":{"rendered":"Boucles d&#8217;oreilles Poirier NC-7650"},"content":{"rendered":"<p>Boucles d&#8217;oreilles avec perles | pendentifs &#8211; bouchons<br \/>\nBoucles d&#8217;oreilles de la collection romantique de Poirier.<br \/>\nPendentifs &#8211; bouchons.<br \/>\nDisponible en 2 variantes : base dor\u00e9e orn\u00e9e de perles roses ET base argent\u00e9e orn\u00e9e de perles ivoires.<br \/>\nCombinez ces boucles d&#8217;oreilles avec le diad\u00e8me BB-7615.<br \/>\nLongueur : 4 cm.<br \/>\nOptez pour le romantisme comme jamais auparavant avec les articles sp\u00e9ciaux de Poirier.<\/p>\n","protected":false},"featured_media":88878,"template":"","meta":{"_acf_changed":false,"ghostkit_customizer_options":"","ghostkit_custom_css":"","ghostkit_custom_js_head":"","ghostkit_custom_js_foot":"","ghostkit_typography":""},"productdetails":[],"productneck":[],"productcolor":[],"maat":[],"productsupplier":[416],"productsleeve":[],"productcategory":[511],"productsilhouette":[],"productstyle":[],"class_list":["post-94398","product","type-product","status-publish","has-post-thumbnail","hentry","productsupplier-poirier","productcategory-sieraden"],"acf":[],"yoast_head":"<!-- This site is optimized with the Yoast SEO plugin v27.3 - https:\/\/yoast.com\/product\/yoast-seo-wordpress\/ -->\n<title>Boucles d&#039;oreilles Poirier NC-7650 | Koonings<\/title>\n<meta name=\"description\" content=\"Boucles d&#039;oreilles avec perles | pendentifs - bouchons Boucles d&#039;oreilles de la collection romantique de Poirier. Pendentifs - bouchons. Disponible en 2 variantes : base dor\u00e9e orn\u00e9e de perles roses ET base argent\u00e9e orn\u00e9e de perles ivoires. Combinez ces boucles d&#039;oreilles avec le diad\u00e8me BB-7615. Longueur : 4 cm. Optez pour le romantisme comme jamais auparavant avec les articles sp\u00e9ciaux de Poirier.\" \/>\n<meta name=\"robots\" content=\"index, follow, max-snippet:-1, max-image-preview:large, max-video-preview:-1\" \/>\n<link rel=\"canonical\" href=\"https:\/\/www.koonings.com\/fr\/product\/boucles-doreilles-poirier-nc-7650\/\" \/>\n<meta property=\"og:locale\" content=\"fr_FR\" \/>\n<meta property=\"og:type\" content=\"article\" \/>\n<meta property=\"og:title\" content=\"Boucles d&#039;oreilles Poirier NC-7650 | Koonings\" \/>\n<meta property=\"og:description\" content=\"Boucles d&#039;oreilles avec perles | pendentifs - bouchons Boucles d&#039;oreilles de la collection romantique de Poirier. Pendentifs - bouchons. Disponible en 2 variantes : base dor\u00e9e orn\u00e9e de perles roses ET base argent\u00e9e orn\u00e9e de perles ivoires. Combinez ces boucles d&#039;oreilles avec le diad\u00e8me BB-7615. Longueur : 4 cm. Optez pour le romantisme comme jamais auparavant avec les articles sp\u00e9ciaux de Poirier.\" \/>\n<meta property=\"og:url\" content=\"https:\/\/www.koonings.com\/fr\/product\/boucles-doreilles-poirier-nc-7650\/\" \/>\n<meta property=\"og:site_name\" content=\"Koonings\" \/>\n<meta property=\"article:publisher\" content=\"https:\/\/www.facebook.com\/kooningstheweddingpalace\" \/>\n<meta property=\"og:image\" content=\"https:\/\/www.koonings.com\/wp-content\/uploads\/2025\/07\/50647_8e22e8b828ec454952053418e4a3169b1cf15dac1c07e4889213d84cc3a5aa3f5410f02c.jpeg\" \/>\n\t<meta property=\"og:image:width\" content=\"800\" \/>\n\t<meta property=\"og:image:height\" content=\"1064\" \/>\n\t<meta property=\"og:image:type\" content=\"image\/jpeg\" \/>\n<meta name=\"twitter:card\" content=\"summary_large_image\" \/>\n<script type=\"application\/ld+json\" class=\"yoast-schema-graph\">{\"@context\":\"https:\\\/\\\/schema.org\",\"@graph\":[{\"@type\":\"WebPage\",\"@id\":\"https:\\\/\\\/www.koonings.com\\\/fr\\\/product\\\/boucles-doreilles-poirier-nc-7650\\\/\",\"url\":\"https:\\\/\\\/www.koonings.com\\\/fr\\\/product\\\/boucles-doreilles-poirier-nc-7650\\\/\",\"name\":\"Boucles d'oreilles Poirier NC-7650 | Koonings\",\"isPartOf\":{\"@id\":\"https:\\\/\\\/www.koonings.com\\\/fr\\\/#website\"},\"primaryImageOfPage\":{\"@id\":\"https:\\\/\\\/www.koonings.com\\\/fr\\\/product\\\/boucles-doreilles-poirier-nc-7650\\\/#primaryimage\"},\"image\":{\"@id\":\"https:\\\/\\\/www.koonings.com\\\/fr\\\/product\\\/boucles-doreilles-poirier-nc-7650\\\/#primaryimage\"},\"thumbnailUrl\":\"https:\\\/\\\/www.koonings.com\\\/wp-content\\\/uploads\\\/2025\\\/07\\\/50647_8e22e8b828ec454952053418e4a3169b1cf15dac1c07e4889213d84cc3a5aa3f5410f02c.jpeg\",\"datePublished\":\"2026-05-06T13:32:33+00:00\",\"description\":\"Boucles d'oreilles avec perles | pendentifs - bouchons Boucles d'oreilles de la collection romantique de Poirier. Pendentifs - bouchons. Disponible en 2 variantes : base dor\u00e9e orn\u00e9e de perles roses ET base argent\u00e9e orn\u00e9e de perles ivoires. Combinez ces boucles d'oreilles avec le diad\u00e8me BB-7615. Longueur : 4 cm. Optez pour le romantisme comme jamais auparavant avec les articles sp\u00e9ciaux de Poirier.\",\"breadcrumb\":{\"@id\":\"https:\\\/\\\/www.koonings.com\\\/fr\\\/product\\\/boucles-doreilles-poirier-nc-7650\\\/#breadcrumb\"},\"inLanguage\":\"fr-FR\",\"potentialAction\":[{\"@type\":\"ReadAction\",\"target\":[\"https:\\\/\\\/www.koonings.com\\\/fr\\\/product\\\/boucles-doreilles-poirier-nc-7650\\\/\"]}]},{\"@type\":\"ImageObject\",\"inLanguage\":\"fr-FR\",\"@id\":\"https:\\\/\\\/www.koonings.com\\\/fr\\\/product\\\/boucles-doreilles-poirier-nc-7650\\\/#primaryimage\",\"url\":\"https:\\\/\\\/www.koonings.com\\\/wp-content\\\/uploads\\\/2025\\\/07\\\/50647_8e22e8b828ec454952053418e4a3169b1cf15dac1c07e4889213d84cc3a5aa3f5410f02c.jpeg\",\"contentUrl\":\"https:\\\/\\\/www.koonings.com\\\/wp-content\\\/uploads\\\/2025\\\/07\\\/50647_8e22e8b828ec454952053418e4a3169b1cf15dac1c07e4889213d84cc3a5aa3f5410f02c.jpeg\",\"width\":800,\"height\":1064},{\"@type\":\"BreadcrumbList\",\"@id\":\"https:\\\/\\\/www.koonings.com\\\/fr\\\/product\\\/boucles-doreilles-poirier-nc-7650\\\/#breadcrumb\",\"itemListElement\":[{\"@type\":\"ListItem\",\"position\":1,\"name\":\"Home\",\"item\":\"https:\\\/\\\/www.koonings.com\\\/fr\\\/\"},{\"@type\":\"ListItem\",\"position\":2,\"name\":\"Boucles d&#8217;oreilles Poirier NC-7650\"}]},{\"@type\":\"WebSite\",\"@id\":\"https:\\\/\\\/www.koonings.com\\\/fr\\\/#website\",\"url\":\"https:\\\/\\\/www.koonings.com\\\/fr\\\/\",\"name\":\"Koonings\",\"description\":\"De grootste bruidsmodewinkel ter wereld\",\"publisher\":{\"@id\":\"https:\\\/\\\/www.koonings.com\\\/fr\\\/#organization\"},\"potentialAction\":[{\"@type\":\"SearchAction\",\"target\":{\"@type\":\"EntryPoint\",\"urlTemplate\":\"https:\\\/\\\/www.koonings.com\\\/fr\\\/?s={search_term_string}\"},\"query-input\":{\"@type\":\"PropertyValueSpecification\",\"valueRequired\":true,\"valueName\":\"search_term_string\"}}],\"inLanguage\":\"fr-FR\"},{\"@type\":\"Organization\",\"@id\":\"https:\\\/\\\/www.koonings.com\\\/fr\\\/#organization\",\"name\":\"Koonings\",\"url\":\"https:\\\/\\\/www.koonings.com\\\/fr\\\/\",\"logo\":{\"@type\":\"ImageObject\",\"inLanguage\":\"fr-FR\",\"@id\":\"https:\\\/\\\/www.koonings.com\\\/fr\\\/#\\\/schema\\\/logo\\\/image\\\/\",\"url\":\"https:\\\/\\\/www.koonings.com\\\/wp-content\\\/uploads\\\/2024\\\/07\\\/logo.png\",\"contentUrl\":\"https:\\\/\\\/www.koonings.com\\\/wp-content\\\/uploads\\\/2024\\\/07\\\/logo.png\",\"width\":600,\"height\":428,\"caption\":\"Koonings\"},\"image\":{\"@id\":\"https:\\\/\\\/www.koonings.com\\\/fr\\\/#\\\/schema\\\/logo\\\/image\\\/\"},\"sameAs\":[\"https:\\\/\\\/www.facebook.com\\\/kooningstheweddingpalace\",\"https:\\\/\\\/www.instagram.com\\\/kooningstheweddingpalace\",\"https:\\\/\\\/www.pinterest.com\\\/koonings\",\"https:\\\/\\\/www.youtube.com\\\/kooningstheweddingpalace\"]}]}<\/script>\n<!-- \/ Yoast SEO plugin. -->","yoast_head_json":{"title":"Boucles d'oreilles Poirier NC-7650 | Koonings","description":"Boucles d'oreilles avec perles | pendentifs - bouchons Boucles d'oreilles de la collection romantique de Poirier. Pendentifs - bouchons. Disponible en 2 variantes : base dor\u00e9e orn\u00e9e de perles roses ET base argent\u00e9e orn\u00e9e de perles ivoires. Combinez ces boucles d'oreilles avec le diad\u00e8me BB-7615. Longueur : 4 cm. Optez pour le romantisme comme jamais auparavant avec les articles sp\u00e9ciaux de Poirier.","robots":{"index":"index","follow":"follow","max-snippet":"max-snippet:-1","max-image-preview":"max-image-preview:large","max-video-preview":"max-video-preview:-1"},"canonical":"https:\/\/www.koonings.com\/fr\/product\/boucles-doreilles-poirier-nc-7650\/","og_locale":"fr_FR","og_type":"article","og_title":"Boucles d'oreilles Poirier NC-7650 | Koonings","og_description":"Boucles d'oreilles avec perles | pendentifs - bouchons Boucles d'oreilles de la collection romantique de Poirier. Pendentifs - bouchons. Disponible en 2 variantes : base dor\u00e9e orn\u00e9e de perles roses ET base argent\u00e9e orn\u00e9e de perles ivoires. Combinez ces boucles d'oreilles avec le diad\u00e8me BB-7615. Longueur : 4 cm. Optez pour le romantisme comme jamais auparavant avec les articles sp\u00e9ciaux de Poirier.","og_url":"https:\/\/www.koonings.com\/fr\/product\/boucles-doreilles-poirier-nc-7650\/","og_site_name":"Koonings","article_publisher":"https:\/\/www.facebook.com\/kooningstheweddingpalace","og_image":[{"width":800,"height":1064,"url":"https:\/\/www.koonings.com\/wp-content\/uploads\/2025\/07\/50647_8e22e8b828ec454952053418e4a3169b1cf15dac1c07e4889213d84cc3a5aa3f5410f02c.jpeg","type":"image\/jpeg"}],"twitter_card":"summary_large_image","schema":{"@context":"https:\/\/schema.org","@graph":[{"@type":"WebPage","@id":"https:\/\/www.koonings.com\/fr\/product\/boucles-doreilles-poirier-nc-7650\/","url":"https:\/\/www.koonings.com\/fr\/product\/boucles-doreilles-poirier-nc-7650\/","name":"Boucles d'oreilles Poirier NC-7650 | Koonings","isPartOf":{"@id":"https:\/\/www.koonings.com\/fr\/#website"},"primaryImageOfPage":{"@id":"https:\/\/www.koonings.com\/fr\/product\/boucles-doreilles-poirier-nc-7650\/#primaryimage"},"image":{"@id":"https:\/\/www.koonings.com\/fr\/product\/boucles-doreilles-poirier-nc-7650\/#primaryimage"},"thumbnailUrl":"https:\/\/www.koonings.com\/wp-content\/uploads\/2025\/07\/50647_8e22e8b828ec454952053418e4a3169b1cf15dac1c07e4889213d84cc3a5aa3f5410f02c.jpeg","datePublished":"2026-05-06T13:32:33+00:00","description":"Boucles d'oreilles avec perles | pendentifs - bouchons Boucles d'oreilles de la collection romantique de Poirier. Pendentifs - bouchons. Disponible en 2 variantes : base dor\u00e9e orn\u00e9e de perles roses ET base argent\u00e9e orn\u00e9e de perles ivoires. Combinez ces boucles d'oreilles avec le diad\u00e8me BB-7615. Longueur : 4 cm. Optez pour le romantisme comme jamais auparavant avec les articles sp\u00e9ciaux de Poirier.","breadcrumb":{"@id":"https:\/\/www.koonings.com\/fr\/product\/boucles-doreilles-poirier-nc-7650\/#breadcrumb"},"inLanguage":"fr-FR","potentialAction":[{"@type":"ReadAction","target":["https:\/\/www.koonings.com\/fr\/product\/boucles-doreilles-poirier-nc-7650\/"]}]},{"@type":"ImageObject","inLanguage":"fr-FR","@id":"https:\/\/www.koonings.com\/fr\/product\/boucles-doreilles-poirier-nc-7650\/#primaryimage","url":"https:\/\/www.koonings.com\/wp-content\/uploads\/2025\/07\/50647_8e22e8b828ec454952053418e4a3169b1cf15dac1c07e4889213d84cc3a5aa3f5410f02c.jpeg","contentUrl":"https:\/\/www.koonings.com\/wp-content\/uploads\/2025\/07\/50647_8e22e8b828ec454952053418e4a3169b1cf15dac1c07e4889213d84cc3a5aa3f5410f02c.jpeg","width":800,"height":1064},{"@type":"BreadcrumbList","@id":"https:\/\/www.koonings.com\/fr\/product\/boucles-doreilles-poirier-nc-7650\/#breadcrumb","itemListElement":[{"@type":"ListItem","position":1,"name":"Home","item":"https:\/\/www.koonings.com\/fr\/"},{"@type":"ListItem","position":2,"name":"Boucles d&#8217;oreilles Poirier NC-7650"}]},{"@type":"WebSite","@id":"https:\/\/www.koonings.com\/fr\/#website","url":"https:\/\/www.koonings.com\/fr\/","name":"Koonings","description":"De grootste bruidsmodewinkel ter wereld","publisher":{"@id":"https:\/\/www.koonings.com\/fr\/#organization"},"potentialAction":[{"@type":"SearchAction","target":{"@type":"EntryPoint","urlTemplate":"https:\/\/www.koonings.com\/fr\/?s={search_term_string}"},"query-input":{"@type":"PropertyValueSpecification","valueRequired":true,"valueName":"search_term_string"}}],"inLanguage":"fr-FR"},{"@type":"Organization","@id":"https:\/\/www.koonings.com\/fr\/#organization","name":"Koonings","url":"https:\/\/www.koonings.com\/fr\/","logo":{"@type":"ImageObject","inLanguage":"fr-FR","@id":"https:\/\/www.koonings.com\/fr\/#\/schema\/logo\/image\/","url":"https:\/\/www.koonings.com\/wp-content\/uploads\/2024\/07\/logo.png","contentUrl":"https:\/\/www.koonings.com\/wp-content\/uploads\/2024\/07\/logo.png","width":600,"height":428,"caption":"Koonings"},"image":{"@id":"https:\/\/www.koonings.com\/fr\/#\/schema\/logo\/image\/"},"sameAs":["https:\/\/www.facebook.com\/kooningstheweddingpalace","https:\/\/www.instagram.com\/kooningstheweddingpalace","https:\/\/www.pinterest.com\/koonings","https:\/\/www.youtube.com\/kooningstheweddingpalace"]}]}},"_links":{"self":[{"href":"https:\/\/www.koonings.com\/fr\/wp-json\/wp\/v2\/product\/94398","targetHints":{"allow":["GET"]}}],"collection":[{"href":"https:\/\/www.koonings.com\/fr\/wp-json\/wp\/v2\/product"}],"about":[{"href":"https:\/\/www.koonings.com\/fr\/wp-json\/wp\/v2\/types\/product"}],"wp:featuredmedia":[{"embeddable":true,"href":"https:\/\/www.koonings.com\/fr\/wp-json\/wp\/v2\/media\/88878"}],"wp:attachment":[{"href":"https:\/\/www.koonings.com\/fr\/wp-json\/wp\/v2\/media?parent=94398"}],"wp:term":[{"taxonomy":"productdetails","embeddable":true,"href":"https:\/\/www.koonings.com\/fr\/wp-json\/wp\/v2\/productdetails?post=94398"},{"taxonomy":"productneck","embeddable":true,"href":"https:\/\/www.koonings.com\/fr\/wp-json\/wp\/v2\/productneck?post=94398"},{"taxonomy":"productcolor","embeddable":true,"href":"https:\/\/www.koonings.com\/fr\/wp-json\/wp\/v2\/productcolor?post=94398"},{"taxonomy":"maat","embeddable":true,"href":"https:\/\/www.koonings.com\/fr\/wp-json\/wp\/v2\/maat?post=94398"},{"taxonomy":"productsupplier","embeddable":true,"href":"https:\/\/www.koonings.com\/fr\/wp-json\/wp\/v2\/productsupplier?post=94398"},{"taxonomy":"productsleeve","embeddable":true,"href":"https:\/\/www.koonings.com\/fr\/wp-json\/wp\/v2\/productsleeve?post=94398"},{"taxonomy":"productcategory","embeddable":true,"href":"https:\/\/www.koonings.com\/fr\/wp-json\/wp\/v2\/productcategory?post=94398"},{"taxonomy":"productsilhouette","embeddable":true,"href":"https:\/\/www.koonings.com\/fr\/wp-json\/wp\/v2\/productsilhouette?post=94398"},{"taxonomy":"productstyle","embeddable":true,"href":"https:\/\/www.koonings.com\/fr\/wp-json\/wp\/v2\/productstyle?post=94398"}],"curies":[{"name":"wp","href":"https:\/\/api.w.org\/{rel}","templated":true}]}}