{"id":94387,"date":"2026-04-14T16:34:24","date_gmt":"2026-04-14T14:34:24","guid":{"rendered":"https:\/\/www.koonings.com\/product\/poirier-t-210-colbert-mat-satine-gemlucia\/"},"modified":"2026-04-14T16:07:15","modified_gmt":"2026-04-14T14:07:15","slug":"poirier-t-210-colbert-mat-satine-gemlucia","status":"publish","type":"product","link":"https:\/\/www.koonings.com\/fr\/product\/poirier-t-210-colbert-mat-satine-gemlucia\/","title":{"rendered":"Poirier T-210 Colbert mat satin\u00e9 | Gem|Lucia"},"content":{"rendered":"<p>Blazer de mari\u00e9e en satin mat ivoire | Version de luxe | Collection GEM | Ligne Lucia<br \/>\nBlazer de mari\u00e9e de la collection Trend de Poirier.<br \/>\nLes produits de la ligne Lucia sont toujours fabriqu\u00e9s dans un beau satin mat ivoire.<br \/>\nVersion de luxe.<br \/>\nBoutons en tissu ivoire sur les manches.<br \/>\nFermeture centrale sur le devant avec un bouton en satin.<br \/>\nDisponible dans les tailles XS \u00e0 XL : XS \u00e0 XL.<br \/>\nChoisissez les produits assortis de la ligne Lucia : pantalon de mari\u00e9e T-211.<br \/>\nAvec les produits de la ligne Lucia de la collection GEM, vous choisissez un look de mari\u00e9e \u00e0 la mode.<\/p>\n","protected":false},"featured_media":89431,"template":"","meta":{"_acf_changed":false,"ghostkit_customizer_options":"","ghostkit_custom_css":"","ghostkit_custom_js_head":"","ghostkit_custom_js_foot":"","ghostkit_typography":""},"productdetails":[],"productneck":[],"productcolor":[],"maat":[],"productsupplier":[416],"productsleeve":[],"productcategory":[509],"productsilhouette":[],"productstyle":[],"class_list":["post-94387","product","type-product","status-publish","has-post-thumbnail","hentry","productsupplier-poirier","productcategory-accessoires-bruid"],"acf":[],"yoast_head":"<!-- This site is optimized with the Yoast SEO plugin v27.3 - https:\/\/yoast.com\/product\/yoast-seo-wordpress\/ -->\n<title>Poirier T-210 Colbert mat satin\u00e9 | Gem|Lucia | Koonings<\/title>\n<meta name=\"description\" content=\"Blazer de mari\u00e9e en satin mat ivoire | Version de luxe | Collection GEM | Ligne Lucia Blazer de mari\u00e9e de la collection Trend de Poirier. Les produits de la ligne Lucia sont toujours fabriqu\u00e9s dans un beau satin mat ivoire. Version de luxe. Boutons en tissu ivoire sur les manches. Fermeture centrale sur le devant avec un bouton en satin. Disponible dans les tailles XS \u00e0 XL : XS \u00e0 XL. Choisissez les produits assortis de la ligne Lucia : pantalon de mari\u00e9e T-211. Avec les produits de la ligne Lucia de la collection GEM, vous choisissez un look de mari\u00e9e \u00e0 la mode.\" \/>\n<meta name=\"robots\" content=\"index, follow, max-snippet:-1, max-image-preview:large, max-video-preview:-1\" \/>\n<link rel=\"canonical\" href=\"https:\/\/www.koonings.com\/fr\/product\/poirier-t-210-colbert-mat-satine-gemlucia\/\" \/>\n<meta property=\"og:locale\" content=\"fr_FR\" \/>\n<meta property=\"og:type\" content=\"article\" \/>\n<meta property=\"og:title\" content=\"Poirier T-210 Colbert mat satin\u00e9 | Gem|Lucia | Koonings\" \/>\n<meta property=\"og:description\" content=\"Blazer de mari\u00e9e en satin mat ivoire | Version de luxe | Collection GEM | Ligne Lucia Blazer de mari\u00e9e de la collection Trend de Poirier. Les produits de la ligne Lucia sont toujours fabriqu\u00e9s dans un beau satin mat ivoire. Version de luxe. Boutons en tissu ivoire sur les manches. Fermeture centrale sur le devant avec un bouton en satin. Disponible dans les tailles XS \u00e0 XL : XS \u00e0 XL. Choisissez les produits assortis de la ligne Lucia : pantalon de mari\u00e9e T-211. Avec les produits de la ligne Lucia de la collection GEM, vous choisissez un look de mari\u00e9e \u00e0 la mode.\" \/>\n<meta property=\"og:url\" content=\"https:\/\/www.koonings.com\/fr\/product\/poirier-t-210-colbert-mat-satine-gemlucia\/\" \/>\n<meta property=\"og:site_name\" content=\"Koonings\" \/>\n<meta property=\"article:publisher\" content=\"https:\/\/www.facebook.com\/kooningstheweddingpalace\" \/>\n<meta property=\"og:image\" content=\"https:\/\/www.koonings.com\/wp-content\/uploads\/2025\/07\/50738_12086dcd45cb0a2230d4a3f1719ff01bd856f5a327c8673fc5744cdb68c14729d43827ab.jpeg\" \/>\n\t<meta property=\"og:image:width\" content=\"1732\" \/>\n\t<meta property=\"og:image:height\" content=\"2309\" \/>\n\t<meta property=\"og:image:type\" content=\"image\/jpeg\" \/>\n<meta name=\"twitter:card\" content=\"summary_large_image\" \/>\n<meta name=\"twitter:label1\" content=\"Dur\u00e9e de lecture estim\u00e9e\" \/>\n\t<meta name=\"twitter:data1\" content=\"1 minute\" \/>\n<script type=\"application\/ld+json\" class=\"yoast-schema-graph\">{\"@context\":\"https:\\\/\\\/schema.org\",\"@graph\":[{\"@type\":\"WebPage\",\"@id\":\"https:\\\/\\\/www.koonings.com\\\/fr\\\/product\\\/poirier-t-210-colbert-mat-satine-gemlucia\\\/\",\"url\":\"https:\\\/\\\/www.koonings.com\\\/fr\\\/product\\\/poirier-t-210-colbert-mat-satine-gemlucia\\\/\",\"name\":\"Poirier T-210 Colbert mat satin\u00e9 | Gem|Lucia | Koonings\",\"isPartOf\":{\"@id\":\"https:\\\/\\\/www.koonings.com\\\/fr\\\/#website\"},\"primaryImageOfPage\":{\"@id\":\"https:\\\/\\\/www.koonings.com\\\/fr\\\/product\\\/poirier-t-210-colbert-mat-satine-gemlucia\\\/#primaryimage\"},\"image\":{\"@id\":\"https:\\\/\\\/www.koonings.com\\\/fr\\\/product\\\/poirier-t-210-colbert-mat-satine-gemlucia\\\/#primaryimage\"},\"thumbnailUrl\":\"https:\\\/\\\/www.koonings.com\\\/wp-content\\\/uploads\\\/2025\\\/07\\\/50738_12086dcd45cb0a2230d4a3f1719ff01bd856f5a327c8673fc5744cdb68c14729d43827ab.jpeg\",\"datePublished\":\"2026-04-14T14:34:24+00:00\",\"description\":\"Blazer de mari\u00e9e en satin mat ivoire | Version de luxe | Collection GEM | Ligne Lucia Blazer de mari\u00e9e de la collection Trend de Poirier. Les produits de la ligne Lucia sont toujours fabriqu\u00e9s dans un beau satin mat ivoire. Version de luxe. Boutons en tissu ivoire sur les manches. Fermeture centrale sur le devant avec un bouton en satin. Disponible dans les tailles XS \u00e0 XL : XS \u00e0 XL. Choisissez les produits assortis de la ligne Lucia : pantalon de mari\u00e9e T-211. Avec les produits de la ligne Lucia de la collection GEM, vous choisissez un look de mari\u00e9e \u00e0 la mode.\",\"breadcrumb\":{\"@id\":\"https:\\\/\\\/www.koonings.com\\\/fr\\\/product\\\/poirier-t-210-colbert-mat-satine-gemlucia\\\/#breadcrumb\"},\"inLanguage\":\"fr-FR\",\"potentialAction\":[{\"@type\":\"ReadAction\",\"target\":[\"https:\\\/\\\/www.koonings.com\\\/fr\\\/product\\\/poirier-t-210-colbert-mat-satine-gemlucia\\\/\"]}]},{\"@type\":\"ImageObject\",\"inLanguage\":\"fr-FR\",\"@id\":\"https:\\\/\\\/www.koonings.com\\\/fr\\\/product\\\/poirier-t-210-colbert-mat-satine-gemlucia\\\/#primaryimage\",\"url\":\"https:\\\/\\\/www.koonings.com\\\/wp-content\\\/uploads\\\/2025\\\/07\\\/50738_12086dcd45cb0a2230d4a3f1719ff01bd856f5a327c8673fc5744cdb68c14729d43827ab.jpeg\",\"contentUrl\":\"https:\\\/\\\/www.koonings.com\\\/wp-content\\\/uploads\\\/2025\\\/07\\\/50738_12086dcd45cb0a2230d4a3f1719ff01bd856f5a327c8673fc5744cdb68c14729d43827ab.jpeg\",\"width\":1732,\"height\":2309},{\"@type\":\"BreadcrumbList\",\"@id\":\"https:\\\/\\\/www.koonings.com\\\/fr\\\/product\\\/poirier-t-210-colbert-mat-satine-gemlucia\\\/#breadcrumb\",\"itemListElement\":[{\"@type\":\"ListItem\",\"position\":1,\"name\":\"Home\",\"item\":\"https:\\\/\\\/www.koonings.com\\\/fr\\\/\"},{\"@type\":\"ListItem\",\"position\":2,\"name\":\"Poirier T-210 Colbert mat satin\u00e9 | Gem|Lucia\"}]},{\"@type\":\"WebSite\",\"@id\":\"https:\\\/\\\/www.koonings.com\\\/fr\\\/#website\",\"url\":\"https:\\\/\\\/www.koonings.com\\\/fr\\\/\",\"name\":\"Koonings\",\"description\":\"De grootste bruidsmodewinkel ter wereld\",\"publisher\":{\"@id\":\"https:\\\/\\\/www.koonings.com\\\/fr\\\/#organization\"},\"potentialAction\":[{\"@type\":\"SearchAction\",\"target\":{\"@type\":\"EntryPoint\",\"urlTemplate\":\"https:\\\/\\\/www.koonings.com\\\/fr\\\/?s={search_term_string}\"},\"query-input\":{\"@type\":\"PropertyValueSpecification\",\"valueRequired\":true,\"valueName\":\"search_term_string\"}}],\"inLanguage\":\"fr-FR\"},{\"@type\":\"Organization\",\"@id\":\"https:\\\/\\\/www.koonings.com\\\/fr\\\/#organization\",\"name\":\"Koonings\",\"url\":\"https:\\\/\\\/www.koonings.com\\\/fr\\\/\",\"logo\":{\"@type\":\"ImageObject\",\"inLanguage\":\"fr-FR\",\"@id\":\"https:\\\/\\\/www.koonings.com\\\/fr\\\/#\\\/schema\\\/logo\\\/image\\\/\",\"url\":\"https:\\\/\\\/www.koonings.com\\\/wp-content\\\/uploads\\\/2024\\\/07\\\/logo.png\",\"contentUrl\":\"https:\\\/\\\/www.koonings.com\\\/wp-content\\\/uploads\\\/2024\\\/07\\\/logo.png\",\"width\":600,\"height\":428,\"caption\":\"Koonings\"},\"image\":{\"@id\":\"https:\\\/\\\/www.koonings.com\\\/fr\\\/#\\\/schema\\\/logo\\\/image\\\/\"},\"sameAs\":[\"https:\\\/\\\/www.facebook.com\\\/kooningstheweddingpalace\",\"https:\\\/\\\/www.instagram.com\\\/kooningstheweddingpalace\",\"https:\\\/\\\/www.pinterest.com\\\/koonings\",\"https:\\\/\\\/www.youtube.com\\\/kooningstheweddingpalace\"]}]}<\/script>\n<!-- \/ Yoast SEO plugin. -->","yoast_head_json":{"title":"Poirier T-210 Colbert mat satin\u00e9 | Gem|Lucia | Koonings","description":"Blazer de mari\u00e9e en satin mat ivoire | Version de luxe | Collection GEM | Ligne Lucia Blazer de mari\u00e9e de la collection Trend de Poirier. Les produits de la ligne Lucia sont toujours fabriqu\u00e9s dans un beau satin mat ivoire. Version de luxe. Boutons en tissu ivoire sur les manches. Fermeture centrale sur le devant avec un bouton en satin. Disponible dans les tailles XS \u00e0 XL : XS \u00e0 XL. Choisissez les produits assortis de la ligne Lucia : pantalon de mari\u00e9e T-211. Avec les produits de la ligne Lucia de la collection GEM, vous choisissez un look de mari\u00e9e \u00e0 la mode.","robots":{"index":"index","follow":"follow","max-snippet":"max-snippet:-1","max-image-preview":"max-image-preview:large","max-video-preview":"max-video-preview:-1"},"canonical":"https:\/\/www.koonings.com\/fr\/product\/poirier-t-210-colbert-mat-satine-gemlucia\/","og_locale":"fr_FR","og_type":"article","og_title":"Poirier T-210 Colbert mat satin\u00e9 | Gem|Lucia | Koonings","og_description":"Blazer de mari\u00e9e en satin mat ivoire | Version de luxe | Collection GEM | Ligne Lucia Blazer de mari\u00e9e de la collection Trend de Poirier. Les produits de la ligne Lucia sont toujours fabriqu\u00e9s dans un beau satin mat ivoire. Version de luxe. Boutons en tissu ivoire sur les manches. Fermeture centrale sur le devant avec un bouton en satin. Disponible dans les tailles XS \u00e0 XL : XS \u00e0 XL. Choisissez les produits assortis de la ligne Lucia : pantalon de mari\u00e9e T-211. Avec les produits de la ligne Lucia de la collection GEM, vous choisissez un look de mari\u00e9e \u00e0 la mode.","og_url":"https:\/\/www.koonings.com\/fr\/product\/poirier-t-210-colbert-mat-satine-gemlucia\/","og_site_name":"Koonings","article_publisher":"https:\/\/www.facebook.com\/kooningstheweddingpalace","og_image":[{"width":1732,"height":2309,"url":"https:\/\/www.koonings.com\/wp-content\/uploads\/2025\/07\/50738_12086dcd45cb0a2230d4a3f1719ff01bd856f5a327c8673fc5744cdb68c14729d43827ab.jpeg","type":"image\/jpeg"}],"twitter_card":"summary_large_image","twitter_misc":{"Dur\u00e9e de lecture estim\u00e9e":"1 minute"},"schema":{"@context":"https:\/\/schema.org","@graph":[{"@type":"WebPage","@id":"https:\/\/www.koonings.com\/fr\/product\/poirier-t-210-colbert-mat-satine-gemlucia\/","url":"https:\/\/www.koonings.com\/fr\/product\/poirier-t-210-colbert-mat-satine-gemlucia\/","name":"Poirier T-210 Colbert mat satin\u00e9 | Gem|Lucia | Koonings","isPartOf":{"@id":"https:\/\/www.koonings.com\/fr\/#website"},"primaryImageOfPage":{"@id":"https:\/\/www.koonings.com\/fr\/product\/poirier-t-210-colbert-mat-satine-gemlucia\/#primaryimage"},"image":{"@id":"https:\/\/www.koonings.com\/fr\/product\/poirier-t-210-colbert-mat-satine-gemlucia\/#primaryimage"},"thumbnailUrl":"https:\/\/www.koonings.com\/wp-content\/uploads\/2025\/07\/50738_12086dcd45cb0a2230d4a3f1719ff01bd856f5a327c8673fc5744cdb68c14729d43827ab.jpeg","datePublished":"2026-04-14T14:34:24+00:00","description":"Blazer de mari\u00e9e en satin mat ivoire | Version de luxe | Collection GEM | Ligne Lucia Blazer de mari\u00e9e de la collection Trend de Poirier. Les produits de la ligne Lucia sont toujours fabriqu\u00e9s dans un beau satin mat ivoire. Version de luxe. Boutons en tissu ivoire sur les manches. Fermeture centrale sur le devant avec un bouton en satin. Disponible dans les tailles XS \u00e0 XL : XS \u00e0 XL. Choisissez les produits assortis de la ligne Lucia : pantalon de mari\u00e9e T-211. Avec les produits de la ligne Lucia de la collection GEM, vous choisissez un look de mari\u00e9e \u00e0 la mode.","breadcrumb":{"@id":"https:\/\/www.koonings.com\/fr\/product\/poirier-t-210-colbert-mat-satine-gemlucia\/#breadcrumb"},"inLanguage":"fr-FR","potentialAction":[{"@type":"ReadAction","target":["https:\/\/www.koonings.com\/fr\/product\/poirier-t-210-colbert-mat-satine-gemlucia\/"]}]},{"@type":"ImageObject","inLanguage":"fr-FR","@id":"https:\/\/www.koonings.com\/fr\/product\/poirier-t-210-colbert-mat-satine-gemlucia\/#primaryimage","url":"https:\/\/www.koonings.com\/wp-content\/uploads\/2025\/07\/50738_12086dcd45cb0a2230d4a3f1719ff01bd856f5a327c8673fc5744cdb68c14729d43827ab.jpeg","contentUrl":"https:\/\/www.koonings.com\/wp-content\/uploads\/2025\/07\/50738_12086dcd45cb0a2230d4a3f1719ff01bd856f5a327c8673fc5744cdb68c14729d43827ab.jpeg","width":1732,"height":2309},{"@type":"BreadcrumbList","@id":"https:\/\/www.koonings.com\/fr\/product\/poirier-t-210-colbert-mat-satine-gemlucia\/#breadcrumb","itemListElement":[{"@type":"ListItem","position":1,"name":"Home","item":"https:\/\/www.koonings.com\/fr\/"},{"@type":"ListItem","position":2,"name":"Poirier T-210 Colbert mat satin\u00e9 | Gem|Lucia"}]},{"@type":"WebSite","@id":"https:\/\/www.koonings.com\/fr\/#website","url":"https:\/\/www.koonings.com\/fr\/","name":"Koonings","description":"De grootste bruidsmodewinkel ter wereld","publisher":{"@id":"https:\/\/www.koonings.com\/fr\/#organization"},"potentialAction":[{"@type":"SearchAction","target":{"@type":"EntryPoint","urlTemplate":"https:\/\/www.koonings.com\/fr\/?s={search_term_string}"},"query-input":{"@type":"PropertyValueSpecification","valueRequired":true,"valueName":"search_term_string"}}],"inLanguage":"fr-FR"},{"@type":"Organization","@id":"https:\/\/www.koonings.com\/fr\/#organization","name":"Koonings","url":"https:\/\/www.koonings.com\/fr\/","logo":{"@type":"ImageObject","inLanguage":"fr-FR","@id":"https:\/\/www.koonings.com\/fr\/#\/schema\/logo\/image\/","url":"https:\/\/www.koonings.com\/wp-content\/uploads\/2024\/07\/logo.png","contentUrl":"https:\/\/www.koonings.com\/wp-content\/uploads\/2024\/07\/logo.png","width":600,"height":428,"caption":"Koonings"},"image":{"@id":"https:\/\/www.koonings.com\/fr\/#\/schema\/logo\/image\/"},"sameAs":["https:\/\/www.facebook.com\/kooningstheweddingpalace","https:\/\/www.instagram.com\/kooningstheweddingpalace","https:\/\/www.pinterest.com\/koonings","https:\/\/www.youtube.com\/kooningstheweddingpalace"]}]}},"_links":{"self":[{"href":"https:\/\/www.koonings.com\/fr\/wp-json\/wp\/v2\/product\/94387","targetHints":{"allow":["GET"]}}],"collection":[{"href":"https:\/\/www.koonings.com\/fr\/wp-json\/wp\/v2\/product"}],"about":[{"href":"https:\/\/www.koonings.com\/fr\/wp-json\/wp\/v2\/types\/product"}],"wp:featuredmedia":[{"embeddable":true,"href":"https:\/\/www.koonings.com\/fr\/wp-json\/wp\/v2\/media\/89431"}],"wp:attachment":[{"href":"https:\/\/www.koonings.com\/fr\/wp-json\/wp\/v2\/media?parent=94387"}],"wp:term":[{"taxonomy":"productdetails","embeddable":true,"href":"https:\/\/www.koonings.com\/fr\/wp-json\/wp\/v2\/productdetails?post=94387"},{"taxonomy":"productneck","embeddable":true,"href":"https:\/\/www.koonings.com\/fr\/wp-json\/wp\/v2\/productneck?post=94387"},{"taxonomy":"productcolor","embeddable":true,"href":"https:\/\/www.koonings.com\/fr\/wp-json\/wp\/v2\/productcolor?post=94387"},{"taxonomy":"maat","embeddable":true,"href":"https:\/\/www.koonings.com\/fr\/wp-json\/wp\/v2\/maat?post=94387"},{"taxonomy":"productsupplier","embeddable":true,"href":"https:\/\/www.koonings.com\/fr\/wp-json\/wp\/v2\/productsupplier?post=94387"},{"taxonomy":"productsleeve","embeddable":true,"href":"https:\/\/www.koonings.com\/fr\/wp-json\/wp\/v2\/productsleeve?post=94387"},{"taxonomy":"productcategory","embeddable":true,"href":"https:\/\/www.koonings.com\/fr\/wp-json\/wp\/v2\/productcategory?post=94387"},{"taxonomy":"productsilhouette","embeddable":true,"href":"https:\/\/www.koonings.com\/fr\/wp-json\/wp\/v2\/productsilhouette?post=94387"},{"taxonomy":"productstyle","embeddable":true,"href":"https:\/\/www.koonings.com\/fr\/wp-json\/wp\/v2\/productstyle?post=94387"}],"curies":[{"name":"wp","href":"https:\/\/api.w.org\/{rel}","templated":true}]}}