{"id":94374,"date":"2026-05-06T15:32:20","date_gmt":"2026-05-06T13:32:20","guid":{"rendered":"https:\/\/www.koonings.com\/product\/poirier-jn-75271-collier\/"},"modified":"2026-04-14T16:09:15","modified_gmt":"2026-04-14T14:09:15","slug":"poirier-jn-75271-collier","status":"publish","type":"product","link":"https:\/\/www.koonings.com\/fr\/product\/poirier-jn-75271-collier\/","title":{"rendered":"Poirier JN-75271 Collier"},"content":{"rendered":"<p>JN-75271 &#8211; Collier de cou et de dos tendance en argent avec strass fins traversant le dos<br \/>\nBase argent\u00e9e au niveau du cou.<br \/>\nCe collier unique de strass passe par le dos.<br \/>\nDes rang\u00e9es de strass fins rendent cet article unique.<br \/>\nFermeture par cha\u00eenette.<\/p>\n","protected":false},"featured_media":90686,"template":"","meta":{"_acf_changed":false,"ghostkit_customizer_options":"","ghostkit_custom_css":"","ghostkit_custom_js_head":"","ghostkit_custom_js_foot":"","ghostkit_typography":""},"productdetails":[],"productneck":[],"productcolor":[],"maat":[],"productsupplier":[416],"productsleeve":[],"productcategory":[511],"productsilhouette":[],"productstyle":[],"class_list":["post-94374","product","type-product","status-publish","has-post-thumbnail","hentry","productsupplier-poirier","productcategory-sieraden"],"acf":[],"yoast_head":"<!-- This site is optimized with the Yoast SEO plugin v27.3 - https:\/\/yoast.com\/product\/yoast-seo-wordpress\/ -->\n<title>Poirier JN-75271 Collier | Koonings<\/title>\n<meta name=\"description\" content=\"JN-75271 - Collier de cou et de dos tendance en argent avec strass fins traversant le dos Base argent\u00e9e au niveau du cou. Ce collier unique de strass passe par le dos. Des rang\u00e9es de strass fins rendent cet article unique. Fermeture par cha\u00eenette.\" \/>\n<meta name=\"robots\" content=\"index, follow, max-snippet:-1, max-image-preview:large, max-video-preview:-1\" \/>\n<link rel=\"canonical\" href=\"https:\/\/www.koonings.com\/fr\/product\/poirier-jn-75271-collier\/\" \/>\n<meta property=\"og:locale\" content=\"fr_FR\" \/>\n<meta property=\"og:type\" content=\"article\" \/>\n<meta property=\"og:title\" content=\"Poirier JN-75271 Collier | Koonings\" \/>\n<meta property=\"og:description\" content=\"JN-75271 - Collier de cou et de dos tendance en argent avec strass fins traversant le dos Base argent\u00e9e au niveau du cou. Ce collier unique de strass passe par le dos. Des rang\u00e9es de strass fins rendent cet article unique. Fermeture par cha\u00eenette.\" \/>\n<meta property=\"og:url\" content=\"https:\/\/www.koonings.com\/fr\/product\/poirier-jn-75271-collier\/\" \/>\n<meta property=\"og:site_name\" content=\"Koonings\" \/>\n<meta property=\"article:publisher\" content=\"https:\/\/www.facebook.com\/kooningstheweddingpalace\" \/>\n<meta property=\"og:image\" content=\"https:\/\/www.koonings.com\/wp-content\/uploads\/2025\/08\/50589_79e6e47df89f79786de4eeeff2e685906bcdb3474cf9a89707c7a9f44265b6d22951957e.jpeg\" \/>\n\t<meta property=\"og:image:width\" content=\"1500\" \/>\n\t<meta property=\"og:image:height\" content=\"2000\" \/>\n\t<meta property=\"og:image:type\" content=\"image\/jpeg\" \/>\n<meta name=\"twitter:card\" content=\"summary_large_image\" \/>\n<script type=\"application\/ld+json\" class=\"yoast-schema-graph\">{\"@context\":\"https:\\\/\\\/schema.org\",\"@graph\":[{\"@type\":\"WebPage\",\"@id\":\"https:\\\/\\\/www.koonings.com\\\/fr\\\/product\\\/poirier-jn-75271-collier\\\/\",\"url\":\"https:\\\/\\\/www.koonings.com\\\/fr\\\/product\\\/poirier-jn-75271-collier\\\/\",\"name\":\"Poirier JN-75271 Collier | Koonings\",\"isPartOf\":{\"@id\":\"https:\\\/\\\/www.koonings.com\\\/fr\\\/#website\"},\"primaryImageOfPage\":{\"@id\":\"https:\\\/\\\/www.koonings.com\\\/fr\\\/product\\\/poirier-jn-75271-collier\\\/#primaryimage\"},\"image\":{\"@id\":\"https:\\\/\\\/www.koonings.com\\\/fr\\\/product\\\/poirier-jn-75271-collier\\\/#primaryimage\"},\"thumbnailUrl\":\"https:\\\/\\\/www.koonings.com\\\/wp-content\\\/uploads\\\/2025\\\/08\\\/50589_79e6e47df89f79786de4eeeff2e685906bcdb3474cf9a89707c7a9f44265b6d22951957e.jpeg\",\"datePublished\":\"2026-05-06T13:32:20+00:00\",\"description\":\"JN-75271 - Collier de cou et de dos tendance en argent avec strass fins traversant le dos Base argent\u00e9e au niveau du cou. Ce collier unique de strass passe par le dos. Des rang\u00e9es de strass fins rendent cet article unique. Fermeture par cha\u00eenette.\",\"breadcrumb\":{\"@id\":\"https:\\\/\\\/www.koonings.com\\\/fr\\\/product\\\/poirier-jn-75271-collier\\\/#breadcrumb\"},\"inLanguage\":\"fr-FR\",\"potentialAction\":[{\"@type\":\"ReadAction\",\"target\":[\"https:\\\/\\\/www.koonings.com\\\/fr\\\/product\\\/poirier-jn-75271-collier\\\/\"]}]},{\"@type\":\"ImageObject\",\"inLanguage\":\"fr-FR\",\"@id\":\"https:\\\/\\\/www.koonings.com\\\/fr\\\/product\\\/poirier-jn-75271-collier\\\/#primaryimage\",\"url\":\"https:\\\/\\\/www.koonings.com\\\/wp-content\\\/uploads\\\/2025\\\/08\\\/50589_79e6e47df89f79786de4eeeff2e685906bcdb3474cf9a89707c7a9f44265b6d22951957e.jpeg\",\"contentUrl\":\"https:\\\/\\\/www.koonings.com\\\/wp-content\\\/uploads\\\/2025\\\/08\\\/50589_79e6e47df89f79786de4eeeff2e685906bcdb3474cf9a89707c7a9f44265b6d22951957e.jpeg\",\"width\":1500,\"height\":2000},{\"@type\":\"BreadcrumbList\",\"@id\":\"https:\\\/\\\/www.koonings.com\\\/fr\\\/product\\\/poirier-jn-75271-collier\\\/#breadcrumb\",\"itemListElement\":[{\"@type\":\"ListItem\",\"position\":1,\"name\":\"Home\",\"item\":\"https:\\\/\\\/www.koonings.com\\\/fr\\\/\"},{\"@type\":\"ListItem\",\"position\":2,\"name\":\"Poirier JN-75271 Collier\"}]},{\"@type\":\"WebSite\",\"@id\":\"https:\\\/\\\/www.koonings.com\\\/fr\\\/#website\",\"url\":\"https:\\\/\\\/www.koonings.com\\\/fr\\\/\",\"name\":\"Koonings\",\"description\":\"De grootste bruidsmodewinkel ter wereld\",\"publisher\":{\"@id\":\"https:\\\/\\\/www.koonings.com\\\/fr\\\/#organization\"},\"potentialAction\":[{\"@type\":\"SearchAction\",\"target\":{\"@type\":\"EntryPoint\",\"urlTemplate\":\"https:\\\/\\\/www.koonings.com\\\/fr\\\/?s={search_term_string}\"},\"query-input\":{\"@type\":\"PropertyValueSpecification\",\"valueRequired\":true,\"valueName\":\"search_term_string\"}}],\"inLanguage\":\"fr-FR\"},{\"@type\":\"Organization\",\"@id\":\"https:\\\/\\\/www.koonings.com\\\/fr\\\/#organization\",\"name\":\"Koonings\",\"url\":\"https:\\\/\\\/www.koonings.com\\\/fr\\\/\",\"logo\":{\"@type\":\"ImageObject\",\"inLanguage\":\"fr-FR\",\"@id\":\"https:\\\/\\\/www.koonings.com\\\/fr\\\/#\\\/schema\\\/logo\\\/image\\\/\",\"url\":\"https:\\\/\\\/www.koonings.com\\\/wp-content\\\/uploads\\\/2024\\\/07\\\/logo.png\",\"contentUrl\":\"https:\\\/\\\/www.koonings.com\\\/wp-content\\\/uploads\\\/2024\\\/07\\\/logo.png\",\"width\":600,\"height\":428,\"caption\":\"Koonings\"},\"image\":{\"@id\":\"https:\\\/\\\/www.koonings.com\\\/fr\\\/#\\\/schema\\\/logo\\\/image\\\/\"},\"sameAs\":[\"https:\\\/\\\/www.facebook.com\\\/kooningstheweddingpalace\",\"https:\\\/\\\/www.instagram.com\\\/kooningstheweddingpalace\",\"https:\\\/\\\/www.pinterest.com\\\/koonings\",\"https:\\\/\\\/www.youtube.com\\\/kooningstheweddingpalace\"]}]}<\/script>\n<!-- \/ Yoast SEO plugin. -->","yoast_head_json":{"title":"Poirier JN-75271 Collier | Koonings","description":"JN-75271 - Collier de cou et de dos tendance en argent avec strass fins traversant le dos Base argent\u00e9e au niveau du cou. Ce collier unique de strass passe par le dos. Des rang\u00e9es de strass fins rendent cet article unique. Fermeture par cha\u00eenette.","robots":{"index":"index","follow":"follow","max-snippet":"max-snippet:-1","max-image-preview":"max-image-preview:large","max-video-preview":"max-video-preview:-1"},"canonical":"https:\/\/www.koonings.com\/fr\/product\/poirier-jn-75271-collier\/","og_locale":"fr_FR","og_type":"article","og_title":"Poirier JN-75271 Collier | Koonings","og_description":"JN-75271 - Collier de cou et de dos tendance en argent avec strass fins traversant le dos Base argent\u00e9e au niveau du cou. Ce collier unique de strass passe par le dos. Des rang\u00e9es de strass fins rendent cet article unique. Fermeture par cha\u00eenette.","og_url":"https:\/\/www.koonings.com\/fr\/product\/poirier-jn-75271-collier\/","og_site_name":"Koonings","article_publisher":"https:\/\/www.facebook.com\/kooningstheweddingpalace","og_image":[{"width":1500,"height":2000,"url":"https:\/\/www.koonings.com\/wp-content\/uploads\/2025\/08\/50589_79e6e47df89f79786de4eeeff2e685906bcdb3474cf9a89707c7a9f44265b6d22951957e.jpeg","type":"image\/jpeg"}],"twitter_card":"summary_large_image","schema":{"@context":"https:\/\/schema.org","@graph":[{"@type":"WebPage","@id":"https:\/\/www.koonings.com\/fr\/product\/poirier-jn-75271-collier\/","url":"https:\/\/www.koonings.com\/fr\/product\/poirier-jn-75271-collier\/","name":"Poirier JN-75271 Collier | Koonings","isPartOf":{"@id":"https:\/\/www.koonings.com\/fr\/#website"},"primaryImageOfPage":{"@id":"https:\/\/www.koonings.com\/fr\/product\/poirier-jn-75271-collier\/#primaryimage"},"image":{"@id":"https:\/\/www.koonings.com\/fr\/product\/poirier-jn-75271-collier\/#primaryimage"},"thumbnailUrl":"https:\/\/www.koonings.com\/wp-content\/uploads\/2025\/08\/50589_79e6e47df89f79786de4eeeff2e685906bcdb3474cf9a89707c7a9f44265b6d22951957e.jpeg","datePublished":"2026-05-06T13:32:20+00:00","description":"JN-75271 - Collier de cou et de dos tendance en argent avec strass fins traversant le dos Base argent\u00e9e au niveau du cou. Ce collier unique de strass passe par le dos. Des rang\u00e9es de strass fins rendent cet article unique. Fermeture par cha\u00eenette.","breadcrumb":{"@id":"https:\/\/www.koonings.com\/fr\/product\/poirier-jn-75271-collier\/#breadcrumb"},"inLanguage":"fr-FR","potentialAction":[{"@type":"ReadAction","target":["https:\/\/www.koonings.com\/fr\/product\/poirier-jn-75271-collier\/"]}]},{"@type":"ImageObject","inLanguage":"fr-FR","@id":"https:\/\/www.koonings.com\/fr\/product\/poirier-jn-75271-collier\/#primaryimage","url":"https:\/\/www.koonings.com\/wp-content\/uploads\/2025\/08\/50589_79e6e47df89f79786de4eeeff2e685906bcdb3474cf9a89707c7a9f44265b6d22951957e.jpeg","contentUrl":"https:\/\/www.koonings.com\/wp-content\/uploads\/2025\/08\/50589_79e6e47df89f79786de4eeeff2e685906bcdb3474cf9a89707c7a9f44265b6d22951957e.jpeg","width":1500,"height":2000},{"@type":"BreadcrumbList","@id":"https:\/\/www.koonings.com\/fr\/product\/poirier-jn-75271-collier\/#breadcrumb","itemListElement":[{"@type":"ListItem","position":1,"name":"Home","item":"https:\/\/www.koonings.com\/fr\/"},{"@type":"ListItem","position":2,"name":"Poirier JN-75271 Collier"}]},{"@type":"WebSite","@id":"https:\/\/www.koonings.com\/fr\/#website","url":"https:\/\/www.koonings.com\/fr\/","name":"Koonings","description":"De grootste bruidsmodewinkel ter wereld","publisher":{"@id":"https:\/\/www.koonings.com\/fr\/#organization"},"potentialAction":[{"@type":"SearchAction","target":{"@type":"EntryPoint","urlTemplate":"https:\/\/www.koonings.com\/fr\/?s={search_term_string}"},"query-input":{"@type":"PropertyValueSpecification","valueRequired":true,"valueName":"search_term_string"}}],"inLanguage":"fr-FR"},{"@type":"Organization","@id":"https:\/\/www.koonings.com\/fr\/#organization","name":"Koonings","url":"https:\/\/www.koonings.com\/fr\/","logo":{"@type":"ImageObject","inLanguage":"fr-FR","@id":"https:\/\/www.koonings.com\/fr\/#\/schema\/logo\/image\/","url":"https:\/\/www.koonings.com\/wp-content\/uploads\/2024\/07\/logo.png","contentUrl":"https:\/\/www.koonings.com\/wp-content\/uploads\/2024\/07\/logo.png","width":600,"height":428,"caption":"Koonings"},"image":{"@id":"https:\/\/www.koonings.com\/fr\/#\/schema\/logo\/image\/"},"sameAs":["https:\/\/www.facebook.com\/kooningstheweddingpalace","https:\/\/www.instagram.com\/kooningstheweddingpalace","https:\/\/www.pinterest.com\/koonings","https:\/\/www.youtube.com\/kooningstheweddingpalace"]}]}},"_links":{"self":[{"href":"https:\/\/www.koonings.com\/fr\/wp-json\/wp\/v2\/product\/94374","targetHints":{"allow":["GET"]}}],"collection":[{"href":"https:\/\/www.koonings.com\/fr\/wp-json\/wp\/v2\/product"}],"about":[{"href":"https:\/\/www.koonings.com\/fr\/wp-json\/wp\/v2\/types\/product"}],"wp:featuredmedia":[{"embeddable":true,"href":"https:\/\/www.koonings.com\/fr\/wp-json\/wp\/v2\/media\/90686"}],"wp:attachment":[{"href":"https:\/\/www.koonings.com\/fr\/wp-json\/wp\/v2\/media?parent=94374"}],"wp:term":[{"taxonomy":"productdetails","embeddable":true,"href":"https:\/\/www.koonings.com\/fr\/wp-json\/wp\/v2\/productdetails?post=94374"},{"taxonomy":"productneck","embeddable":true,"href":"https:\/\/www.koonings.com\/fr\/wp-json\/wp\/v2\/productneck?post=94374"},{"taxonomy":"productcolor","embeddable":true,"href":"https:\/\/www.koonings.com\/fr\/wp-json\/wp\/v2\/productcolor?post=94374"},{"taxonomy":"maat","embeddable":true,"href":"https:\/\/www.koonings.com\/fr\/wp-json\/wp\/v2\/maat?post=94374"},{"taxonomy":"productsupplier","embeddable":true,"href":"https:\/\/www.koonings.com\/fr\/wp-json\/wp\/v2\/productsupplier?post=94374"},{"taxonomy":"productsleeve","embeddable":true,"href":"https:\/\/www.koonings.com\/fr\/wp-json\/wp\/v2\/productsleeve?post=94374"},{"taxonomy":"productcategory","embeddable":true,"href":"https:\/\/www.koonings.com\/fr\/wp-json\/wp\/v2\/productcategory?post=94374"},{"taxonomy":"productsilhouette","embeddable":true,"href":"https:\/\/www.koonings.com\/fr\/wp-json\/wp\/v2\/productsilhouette?post=94374"},{"taxonomy":"productstyle","embeddable":true,"href":"https:\/\/www.koonings.com\/fr\/wp-json\/wp\/v2\/productstyle?post=94374"}],"curies":[{"name":"wp","href":"https:\/\/api.w.org\/{rel}","templated":true}]}}