{"id":94357,"date":"2026-04-14T16:34:16","date_gmt":"2026-04-14T14:34:16","guid":{"rendered":"https:\/\/www.koonings.com\/product\/poirier-sk-75340-jupe-satin-gem-lucia\/"},"modified":"2026-04-14T16:11:25","modified_gmt":"2026-04-14T14:11:25","slug":"poirier-sk-75340-jupe-satin-gem-lucia","status":"publish","type":"product","link":"https:\/\/www.koonings.com\/fr\/product\/poirier-sk-75340-jupe-satin-gem-lucia\/","title":{"rendered":"Poirier SK-75340 Jupe | Satin | Gem | Lucia"},"content":{"rendered":"<p>SK-75340 &#8211; Jupe pliss\u00e9e \u00e9l\u00e9gante avec fente en satin mat ivoire<br \/>\nJupe en satin mat de la ligne Lucia de la collection GEM.<br \/>\nAvec une fente sur le devant \u00e0 gauche.<br \/>\nIvoire.<br \/>\nAvec tra\u00eene.<br \/>\nLa jupe est finie avec une doublure int\u00e9rieure pour plus de confort.<br \/>\nL&#8217;utilisation de trois couches de tulle doux pour un effet volumateur subtil et un look naturel.<br \/>\nTailles : XS, S, M, L, XL.<br \/>\nTop assorti T-75402 de la ligne Lucia.<\/p>\n","protected":false},"featured_media":89099,"template":"","meta":{"_acf_changed":false,"ghostkit_customizer_options":"","ghostkit_custom_css":"","ghostkit_custom_js_head":"","ghostkit_custom_js_foot":"","ghostkit_typography":""},"productdetails":[],"productneck":[],"productcolor":[],"maat":[],"productsupplier":[416],"productsleeve":[],"productcategory":[509],"productsilhouette":[],"productstyle":[],"class_list":["post-94357","product","type-product","status-publish","has-post-thumbnail","hentry","productsupplier-poirier","productcategory-accessoires-bruid"],"acf":[],"yoast_head":"<!-- This site is optimized with the Yoast SEO plugin v27.3 - https:\/\/yoast.com\/product\/yoast-seo-wordpress\/ -->\n<title>Poirier SK-75340 Jupe | Satin | Gem | Lucia | Koonings<\/title>\n<meta name=\"description\" content=\"SK-75340 - Jupe pliss\u00e9e \u00e9l\u00e9gante avec fente en satin mat ivoire Jupe en satin mat de la ligne Lucia de la collection GEM. Avec une fente sur le devant \u00e0 gauche. Ivoire. Avec tra\u00eene. La jupe est finie avec une doublure int\u00e9rieure pour plus de confort. L&#039;utilisation de trois couches de tulle doux pour un effet volumateur subtil et un look naturel. Tailles : XS, S, M, L, XL. Top assorti T-75402 de la ligne Lucia.\" \/>\n<meta name=\"robots\" content=\"index, follow, max-snippet:-1, max-image-preview:large, max-video-preview:-1\" \/>\n<link rel=\"canonical\" href=\"https:\/\/www.koonings.com\/fr\/product\/poirier-sk-75340-jupe-satin-gem-lucia\/\" \/>\n<meta property=\"og:locale\" content=\"fr_FR\" \/>\n<meta property=\"og:type\" content=\"article\" \/>\n<meta property=\"og:title\" content=\"Poirier SK-75340 Jupe | Satin | Gem | Lucia | Koonings\" \/>\n<meta property=\"og:description\" content=\"SK-75340 - Jupe pliss\u00e9e \u00e9l\u00e9gante avec fente en satin mat ivoire Jupe en satin mat de la ligne Lucia de la collection GEM. Avec une fente sur le devant \u00e0 gauche. Ivoire. Avec tra\u00eene. La jupe est finie avec une doublure int\u00e9rieure pour plus de confort. L&#039;utilisation de trois couches de tulle doux pour un effet volumateur subtil et un look naturel. Tailles : XS, S, M, L, XL. Top assorti T-75402 de la ligne Lucia.\" \/>\n<meta property=\"og:url\" content=\"https:\/\/www.koonings.com\/fr\/product\/poirier-sk-75340-jupe-satin-gem-lucia\/\" \/>\n<meta property=\"og:site_name\" content=\"Koonings\" \/>\n<meta property=\"article:publisher\" content=\"https:\/\/www.facebook.com\/kooningstheweddingpalace\" \/>\n<meta property=\"og:image\" content=\"https:\/\/www.koonings.com\/wp-content\/uploads\/2025\/07\/50718_c0dbc78d7be2c47f0c4f5ad9fcbcdb334ca2abab76dab7c4beb2083db06a4ce593000ac4.jpeg\" \/>\n\t<meta property=\"og:image:width\" content=\"1732\" \/>\n\t<meta property=\"og:image:height\" content=\"2309\" \/>\n\t<meta property=\"og:image:type\" content=\"image\/jpeg\" \/>\n<meta name=\"twitter:card\" content=\"summary_large_image\" \/>\n<script type=\"application\/ld+json\" class=\"yoast-schema-graph\">{\"@context\":\"https:\\\/\\\/schema.org\",\"@graph\":[{\"@type\":\"WebPage\",\"@id\":\"https:\\\/\\\/www.koonings.com\\\/fr\\\/product\\\/poirier-sk-75340-jupe-satin-gem-lucia\\\/\",\"url\":\"https:\\\/\\\/www.koonings.com\\\/fr\\\/product\\\/poirier-sk-75340-jupe-satin-gem-lucia\\\/\",\"name\":\"Poirier SK-75340 Jupe | Satin | Gem | Lucia | Koonings\",\"isPartOf\":{\"@id\":\"https:\\\/\\\/www.koonings.com\\\/fr\\\/#website\"},\"primaryImageOfPage\":{\"@id\":\"https:\\\/\\\/www.koonings.com\\\/fr\\\/product\\\/poirier-sk-75340-jupe-satin-gem-lucia\\\/#primaryimage\"},\"image\":{\"@id\":\"https:\\\/\\\/www.koonings.com\\\/fr\\\/product\\\/poirier-sk-75340-jupe-satin-gem-lucia\\\/#primaryimage\"},\"thumbnailUrl\":\"https:\\\/\\\/www.koonings.com\\\/wp-content\\\/uploads\\\/2025\\\/07\\\/50718_c0dbc78d7be2c47f0c4f5ad9fcbcdb334ca2abab76dab7c4beb2083db06a4ce593000ac4.jpeg\",\"datePublished\":\"2026-04-14T14:34:16+00:00\",\"description\":\"SK-75340 - Jupe pliss\u00e9e \u00e9l\u00e9gante avec fente en satin mat ivoire Jupe en satin mat de la ligne Lucia de la collection GEM. Avec une fente sur le devant \u00e0 gauche. Ivoire. Avec tra\u00eene. La jupe est finie avec une doublure int\u00e9rieure pour plus de confort. L'utilisation de trois couches de tulle doux pour un effet volumateur subtil et un look naturel. Tailles : XS, S, M, L, XL. Top assorti T-75402 de la ligne Lucia.\",\"breadcrumb\":{\"@id\":\"https:\\\/\\\/www.koonings.com\\\/fr\\\/product\\\/poirier-sk-75340-jupe-satin-gem-lucia\\\/#breadcrumb\"},\"inLanguage\":\"fr-FR\",\"potentialAction\":[{\"@type\":\"ReadAction\",\"target\":[\"https:\\\/\\\/www.koonings.com\\\/fr\\\/product\\\/poirier-sk-75340-jupe-satin-gem-lucia\\\/\"]}]},{\"@type\":\"ImageObject\",\"inLanguage\":\"fr-FR\",\"@id\":\"https:\\\/\\\/www.koonings.com\\\/fr\\\/product\\\/poirier-sk-75340-jupe-satin-gem-lucia\\\/#primaryimage\",\"url\":\"https:\\\/\\\/www.koonings.com\\\/wp-content\\\/uploads\\\/2025\\\/07\\\/50718_c0dbc78d7be2c47f0c4f5ad9fcbcdb334ca2abab76dab7c4beb2083db06a4ce593000ac4.jpeg\",\"contentUrl\":\"https:\\\/\\\/www.koonings.com\\\/wp-content\\\/uploads\\\/2025\\\/07\\\/50718_c0dbc78d7be2c47f0c4f5ad9fcbcdb334ca2abab76dab7c4beb2083db06a4ce593000ac4.jpeg\",\"width\":1732,\"height\":2309},{\"@type\":\"BreadcrumbList\",\"@id\":\"https:\\\/\\\/www.koonings.com\\\/fr\\\/product\\\/poirier-sk-75340-jupe-satin-gem-lucia\\\/#breadcrumb\",\"itemListElement\":[{\"@type\":\"ListItem\",\"position\":1,\"name\":\"Home\",\"item\":\"https:\\\/\\\/www.koonings.com\\\/fr\\\/\"},{\"@type\":\"ListItem\",\"position\":2,\"name\":\"Poirier SK-75340 Jupe | Satin | Gem | Lucia\"}]},{\"@type\":\"WebSite\",\"@id\":\"https:\\\/\\\/www.koonings.com\\\/fr\\\/#website\",\"url\":\"https:\\\/\\\/www.koonings.com\\\/fr\\\/\",\"name\":\"Koonings\",\"description\":\"De grootste bruidsmodewinkel ter wereld\",\"publisher\":{\"@id\":\"https:\\\/\\\/www.koonings.com\\\/fr\\\/#organization\"},\"potentialAction\":[{\"@type\":\"SearchAction\",\"target\":{\"@type\":\"EntryPoint\",\"urlTemplate\":\"https:\\\/\\\/www.koonings.com\\\/fr\\\/?s={search_term_string}\"},\"query-input\":{\"@type\":\"PropertyValueSpecification\",\"valueRequired\":true,\"valueName\":\"search_term_string\"}}],\"inLanguage\":\"fr-FR\"},{\"@type\":\"Organization\",\"@id\":\"https:\\\/\\\/www.koonings.com\\\/fr\\\/#organization\",\"name\":\"Koonings\",\"url\":\"https:\\\/\\\/www.koonings.com\\\/fr\\\/\",\"logo\":{\"@type\":\"ImageObject\",\"inLanguage\":\"fr-FR\",\"@id\":\"https:\\\/\\\/www.koonings.com\\\/fr\\\/#\\\/schema\\\/logo\\\/image\\\/\",\"url\":\"https:\\\/\\\/www.koonings.com\\\/wp-content\\\/uploads\\\/2024\\\/07\\\/logo.png\",\"contentUrl\":\"https:\\\/\\\/www.koonings.com\\\/wp-content\\\/uploads\\\/2024\\\/07\\\/logo.png\",\"width\":600,\"height\":428,\"caption\":\"Koonings\"},\"image\":{\"@id\":\"https:\\\/\\\/www.koonings.com\\\/fr\\\/#\\\/schema\\\/logo\\\/image\\\/\"},\"sameAs\":[\"https:\\\/\\\/www.facebook.com\\\/kooningstheweddingpalace\",\"https:\\\/\\\/www.instagram.com\\\/kooningstheweddingpalace\",\"https:\\\/\\\/www.pinterest.com\\\/koonings\",\"https:\\\/\\\/www.youtube.com\\\/kooningstheweddingpalace\"]}]}<\/script>\n<!-- \/ Yoast SEO plugin. -->","yoast_head_json":{"title":"Poirier SK-75340 Jupe | Satin | Gem | Lucia | Koonings","description":"SK-75340 - Jupe pliss\u00e9e \u00e9l\u00e9gante avec fente en satin mat ivoire Jupe en satin mat de la ligne Lucia de la collection GEM. Avec une fente sur le devant \u00e0 gauche. Ivoire. Avec tra\u00eene. La jupe est finie avec une doublure int\u00e9rieure pour plus de confort. L'utilisation de trois couches de tulle doux pour un effet volumateur subtil et un look naturel. Tailles : XS, S, M, L, XL. Top assorti T-75402 de la ligne Lucia.","robots":{"index":"index","follow":"follow","max-snippet":"max-snippet:-1","max-image-preview":"max-image-preview:large","max-video-preview":"max-video-preview:-1"},"canonical":"https:\/\/www.koonings.com\/fr\/product\/poirier-sk-75340-jupe-satin-gem-lucia\/","og_locale":"fr_FR","og_type":"article","og_title":"Poirier SK-75340 Jupe | Satin | Gem | Lucia | Koonings","og_description":"SK-75340 - Jupe pliss\u00e9e \u00e9l\u00e9gante avec fente en satin mat ivoire Jupe en satin mat de la ligne Lucia de la collection GEM. Avec une fente sur le devant \u00e0 gauche. Ivoire. Avec tra\u00eene. La jupe est finie avec une doublure int\u00e9rieure pour plus de confort. L'utilisation de trois couches de tulle doux pour un effet volumateur subtil et un look naturel. Tailles : XS, S, M, L, XL. Top assorti T-75402 de la ligne Lucia.","og_url":"https:\/\/www.koonings.com\/fr\/product\/poirier-sk-75340-jupe-satin-gem-lucia\/","og_site_name":"Koonings","article_publisher":"https:\/\/www.facebook.com\/kooningstheweddingpalace","og_image":[{"width":1732,"height":2309,"url":"https:\/\/www.koonings.com\/wp-content\/uploads\/2025\/07\/50718_c0dbc78d7be2c47f0c4f5ad9fcbcdb334ca2abab76dab7c4beb2083db06a4ce593000ac4.jpeg","type":"image\/jpeg"}],"twitter_card":"summary_large_image","schema":{"@context":"https:\/\/schema.org","@graph":[{"@type":"WebPage","@id":"https:\/\/www.koonings.com\/fr\/product\/poirier-sk-75340-jupe-satin-gem-lucia\/","url":"https:\/\/www.koonings.com\/fr\/product\/poirier-sk-75340-jupe-satin-gem-lucia\/","name":"Poirier SK-75340 Jupe | Satin | Gem | Lucia | Koonings","isPartOf":{"@id":"https:\/\/www.koonings.com\/fr\/#website"},"primaryImageOfPage":{"@id":"https:\/\/www.koonings.com\/fr\/product\/poirier-sk-75340-jupe-satin-gem-lucia\/#primaryimage"},"image":{"@id":"https:\/\/www.koonings.com\/fr\/product\/poirier-sk-75340-jupe-satin-gem-lucia\/#primaryimage"},"thumbnailUrl":"https:\/\/www.koonings.com\/wp-content\/uploads\/2025\/07\/50718_c0dbc78d7be2c47f0c4f5ad9fcbcdb334ca2abab76dab7c4beb2083db06a4ce593000ac4.jpeg","datePublished":"2026-04-14T14:34:16+00:00","description":"SK-75340 - Jupe pliss\u00e9e \u00e9l\u00e9gante avec fente en satin mat ivoire Jupe en satin mat de la ligne Lucia de la collection GEM. Avec une fente sur le devant \u00e0 gauche. Ivoire. Avec tra\u00eene. La jupe est finie avec une doublure int\u00e9rieure pour plus de confort. L'utilisation de trois couches de tulle doux pour un effet volumateur subtil et un look naturel. Tailles : XS, S, M, L, XL. Top assorti T-75402 de la ligne Lucia.","breadcrumb":{"@id":"https:\/\/www.koonings.com\/fr\/product\/poirier-sk-75340-jupe-satin-gem-lucia\/#breadcrumb"},"inLanguage":"fr-FR","potentialAction":[{"@type":"ReadAction","target":["https:\/\/www.koonings.com\/fr\/product\/poirier-sk-75340-jupe-satin-gem-lucia\/"]}]},{"@type":"ImageObject","inLanguage":"fr-FR","@id":"https:\/\/www.koonings.com\/fr\/product\/poirier-sk-75340-jupe-satin-gem-lucia\/#primaryimage","url":"https:\/\/www.koonings.com\/wp-content\/uploads\/2025\/07\/50718_c0dbc78d7be2c47f0c4f5ad9fcbcdb334ca2abab76dab7c4beb2083db06a4ce593000ac4.jpeg","contentUrl":"https:\/\/www.koonings.com\/wp-content\/uploads\/2025\/07\/50718_c0dbc78d7be2c47f0c4f5ad9fcbcdb334ca2abab76dab7c4beb2083db06a4ce593000ac4.jpeg","width":1732,"height":2309},{"@type":"BreadcrumbList","@id":"https:\/\/www.koonings.com\/fr\/product\/poirier-sk-75340-jupe-satin-gem-lucia\/#breadcrumb","itemListElement":[{"@type":"ListItem","position":1,"name":"Home","item":"https:\/\/www.koonings.com\/fr\/"},{"@type":"ListItem","position":2,"name":"Poirier SK-75340 Jupe | Satin | Gem | Lucia"}]},{"@type":"WebSite","@id":"https:\/\/www.koonings.com\/fr\/#website","url":"https:\/\/www.koonings.com\/fr\/","name":"Koonings","description":"De grootste bruidsmodewinkel ter wereld","publisher":{"@id":"https:\/\/www.koonings.com\/fr\/#organization"},"potentialAction":[{"@type":"SearchAction","target":{"@type":"EntryPoint","urlTemplate":"https:\/\/www.koonings.com\/fr\/?s={search_term_string}"},"query-input":{"@type":"PropertyValueSpecification","valueRequired":true,"valueName":"search_term_string"}}],"inLanguage":"fr-FR"},{"@type":"Organization","@id":"https:\/\/www.koonings.com\/fr\/#organization","name":"Koonings","url":"https:\/\/www.koonings.com\/fr\/","logo":{"@type":"ImageObject","inLanguage":"fr-FR","@id":"https:\/\/www.koonings.com\/fr\/#\/schema\/logo\/image\/","url":"https:\/\/www.koonings.com\/wp-content\/uploads\/2024\/07\/logo.png","contentUrl":"https:\/\/www.koonings.com\/wp-content\/uploads\/2024\/07\/logo.png","width":600,"height":428,"caption":"Koonings"},"image":{"@id":"https:\/\/www.koonings.com\/fr\/#\/schema\/logo\/image\/"},"sameAs":["https:\/\/www.facebook.com\/kooningstheweddingpalace","https:\/\/www.instagram.com\/kooningstheweddingpalace","https:\/\/www.pinterest.com\/koonings","https:\/\/www.youtube.com\/kooningstheweddingpalace"]}]}},"_links":{"self":[{"href":"https:\/\/www.koonings.com\/fr\/wp-json\/wp\/v2\/product\/94357","targetHints":{"allow":["GET"]}}],"collection":[{"href":"https:\/\/www.koonings.com\/fr\/wp-json\/wp\/v2\/product"}],"about":[{"href":"https:\/\/www.koonings.com\/fr\/wp-json\/wp\/v2\/types\/product"}],"wp:featuredmedia":[{"embeddable":true,"href":"https:\/\/www.koonings.com\/fr\/wp-json\/wp\/v2\/media\/89099"}],"wp:attachment":[{"href":"https:\/\/www.koonings.com\/fr\/wp-json\/wp\/v2\/media?parent=94357"}],"wp:term":[{"taxonomy":"productdetails","embeddable":true,"href":"https:\/\/www.koonings.com\/fr\/wp-json\/wp\/v2\/productdetails?post=94357"},{"taxonomy":"productneck","embeddable":true,"href":"https:\/\/www.koonings.com\/fr\/wp-json\/wp\/v2\/productneck?post=94357"},{"taxonomy":"productcolor","embeddable":true,"href":"https:\/\/www.koonings.com\/fr\/wp-json\/wp\/v2\/productcolor?post=94357"},{"taxonomy":"maat","embeddable":true,"href":"https:\/\/www.koonings.com\/fr\/wp-json\/wp\/v2\/maat?post=94357"},{"taxonomy":"productsupplier","embeddable":true,"href":"https:\/\/www.koonings.com\/fr\/wp-json\/wp\/v2\/productsupplier?post=94357"},{"taxonomy":"productsleeve","embeddable":true,"href":"https:\/\/www.koonings.com\/fr\/wp-json\/wp\/v2\/productsleeve?post=94357"},{"taxonomy":"productcategory","embeddable":true,"href":"https:\/\/www.koonings.com\/fr\/wp-json\/wp\/v2\/productcategory?post=94357"},{"taxonomy":"productsilhouette","embeddable":true,"href":"https:\/\/www.koonings.com\/fr\/wp-json\/wp\/v2\/productsilhouette?post=94357"},{"taxonomy":"productstyle","embeddable":true,"href":"https:\/\/www.koonings.com\/fr\/wp-json\/wp\/v2\/productstyle?post=94357"}],"curies":[{"name":"wp","href":"https:\/\/api.w.org\/{rel}","templated":true}]}}