{"id":94356,"date":"2026-04-21T18:34:09","date_gmt":"2026-04-21T16:34:09","guid":{"rendered":"https:\/\/www.koonings.com\/product\/boucles-doreilles-poirier-nc-1347\/"},"modified":"2026-04-14T16:06:59","modified_gmt":"2026-04-14T14:06:59","slug":"boucles-doreilles-poirier-nc-1347","status":"publish","type":"product","link":"https:\/\/www.koonings.com\/fr\/product\/boucles-doreilles-poirier-nc-1347\/","title":{"rendered":"Boucles d&#8217;oreilles Poirier NC-1347"},"content":{"rendered":"<p>Boucles d&#8217;oreilles avec p\u00e9tales de roses en organza ivoire<br \/>\nBoucles d&#8217;oreilles de la Collection Festival de Poirier<br \/>\nBase d&#8217;un anneau argent\u00e9 avec un p\u00e9tale de rose en organza ivoire attach\u00e9<br \/>\nChoisissez des boucles d&#8217;oreilles avec des fleurs<br \/>\nCes boucles d&#8217;oreilles peuvent \u00eatre combin\u00e9es avec plusieurs types de looks de mari\u00e9e<br \/>\nVous souhaitez porter des boucles d&#8217;oreilles avec des fleurs lors de votre grand jour ?<br \/>\nSi vous souhaitez porter des boucles d&#8217;oreilles avec des fleurs lors de votre grand jour, choisissez ces boucles d&#8217;oreilles de la collection Festival de Poirier. Ces boucles d&#8217;oreilles sont compos\u00e9es d&#8217;un anneau argent\u00e9 et de p\u00e9tales de roses en organza ivoire. La couleur neutre de ces boucles d&#8217;oreilles peut \u00eatre combin\u00e9e avec plusieurs types de tenues de mari\u00e9e.  <\/p>\n<p>Avec les produits sp\u00e9ciaux de la collection Festival de Poirier, choisissez un look et une ambiance uniques pour votre grand jour. Cette collection se compose d&#8217;\u00e9l\u00e9ments naturels et de formes que l&#8217;on retrouve dans la nature, mais aussi, bien s\u00fbr, de l&#8217;\u00e9l\u00e9gance qui caract\u00e9rise Poirier. <\/p>\n<p>Associez ces boucles d&#8217;oreilles uniques \u00e0 d&#8217;autres articles de la collection Festival de Poirier.<\/p>\n<p>Faites corps avec la nature gr\u00e2ce aux produits Poirier.<br \/>\nCaract\u00e9ristiques :<br \/>\nProduit : NC-1347 &#8211; boucles d&#8217;oreilles avec p\u00e9tales de roses en organza ivoire<br \/>\nCaract\u00e9ristiques : anneau argent\u00e9, p\u00e9tales de roses en organza ivoire<br \/>\nUtilisation : &#8211; \u00e0 porter \u00e0 l&#8217;oreille<\/p>\n","protected":false},"featured_media":90182,"template":"","meta":{"_acf_changed":false,"ghostkit_customizer_options":"","ghostkit_custom_css":"","ghostkit_custom_js_head":"","ghostkit_custom_js_foot":"","ghostkit_typography":""},"productdetails":[],"productneck":[],"productcolor":[],"maat":[],"productsupplier":[416],"productsleeve":[],"productcategory":[511],"productsilhouette":[],"productstyle":[],"class_list":["post-94356","product","type-product","status-publish","has-post-thumbnail","hentry","productsupplier-poirier","productcategory-sieraden"],"acf":[],"yoast_head":"<!-- This site is optimized with the Yoast SEO plugin v27.3 - https:\/\/yoast.com\/product\/yoast-seo-wordpress\/ -->\n<title>Boucles d&#039;oreilles Poirier NC-1347 | Koonings<\/title>\n<meta name=\"description\" content=\"Boucles d&#039;oreilles avec p\u00e9tales de roses en organza ivoire Boucles d&#039;oreilles de la Collection Festival de Poirier Base d&#039;un anneau argent\u00e9 avec un p\u00e9tale de rose en organza ivoire attach\u00e9 Choisissez des boucles d&#039;oreilles avec des fleurs Ces boucles d&#039;oreilles peuvent \u00eatre combin\u00e9es avec plusieurs types de looks de mari\u00e9e Vous souhaitez porter des boucles d&#039;oreilles avec des fleurs lors de votre grand jour ? Si vous souhaitez porter des boucles d&#039;oreilles avec des fleurs lors de votre grand jour, choisissez ces boucles d&#039;oreilles de la collection Festival de Poirier. Ces boucles d&#039;oreilles sont compos\u00e9es d&#039;un anneau argent\u00e9 et de p\u00e9tales de roses en organza ivoire. La couleur neutre de ces boucles d&#039;oreilles peut \u00eatre combin\u00e9e avec plusieurs types de tenues de mari\u00e9e. Avec les produits sp\u00e9ciaux de la collection Festival de Poirier, choisissez un look et une ambiance uniques pour votre grand jour. Cette collection se compose d&#039;\u00e9l\u00e9ments naturels et de formes que l&#039;on retrouve dans la nature, mais aussi, bien s\u00fbr, de l&#039;\u00e9l\u00e9gance qui caract\u00e9rise Poirier. Associez ces boucles d&#039;oreilles uniques \u00e0 d&#039;autres articles de la collection Festival de Poirier. Faites corps avec la nature gr\u00e2ce aux produits Poirier. Caract\u00e9ristiques : Produit : NC-1347 - boucles d&#039;oreilles avec p\u00e9tales de roses en organza ivoire Caract\u00e9ristiques : anneau argent\u00e9, p\u00e9tales de roses en organza ivoire Utilisation : - \u00e0 porter \u00e0 l&#039;oreille\" \/>\n<meta name=\"robots\" content=\"index, follow, max-snippet:-1, max-image-preview:large, max-video-preview:-1\" \/>\n<link rel=\"canonical\" href=\"https:\/\/www.koonings.com\/fr\/product\/boucles-doreilles-poirier-nc-1347\/\" \/>\n<meta property=\"og:locale\" content=\"fr_FR\" \/>\n<meta property=\"og:type\" content=\"article\" \/>\n<meta property=\"og:title\" content=\"Boucles d&#039;oreilles Poirier NC-1347 | Koonings\" \/>\n<meta property=\"og:description\" content=\"Boucles d&#039;oreilles avec p\u00e9tales de roses en organza ivoire Boucles d&#039;oreilles de la Collection Festival de Poirier Base d&#039;un anneau argent\u00e9 avec un p\u00e9tale de rose en organza ivoire attach\u00e9 Choisissez des boucles d&#039;oreilles avec des fleurs Ces boucles d&#039;oreilles peuvent \u00eatre combin\u00e9es avec plusieurs types de looks de mari\u00e9e Vous souhaitez porter des boucles d&#039;oreilles avec des fleurs lors de votre grand jour ? Si vous souhaitez porter des boucles d&#039;oreilles avec des fleurs lors de votre grand jour, choisissez ces boucles d&#039;oreilles de la collection Festival de Poirier. Ces boucles d&#039;oreilles sont compos\u00e9es d&#039;un anneau argent\u00e9 et de p\u00e9tales de roses en organza ivoire. La couleur neutre de ces boucles d&#039;oreilles peut \u00eatre combin\u00e9e avec plusieurs types de tenues de mari\u00e9e. Avec les produits sp\u00e9ciaux de la collection Festival de Poirier, choisissez un look et une ambiance uniques pour votre grand jour. Cette collection se compose d&#039;\u00e9l\u00e9ments naturels et de formes que l&#039;on retrouve dans la nature, mais aussi, bien s\u00fbr, de l&#039;\u00e9l\u00e9gance qui caract\u00e9rise Poirier. Associez ces boucles d&#039;oreilles uniques \u00e0 d&#039;autres articles de la collection Festival de Poirier. Faites corps avec la nature gr\u00e2ce aux produits Poirier. Caract\u00e9ristiques : Produit : NC-1347 - boucles d&#039;oreilles avec p\u00e9tales de roses en organza ivoire Caract\u00e9ristiques : anneau argent\u00e9, p\u00e9tales de roses en organza ivoire Utilisation : - \u00e0 porter \u00e0 l&#039;oreille\" \/>\n<meta property=\"og:url\" content=\"https:\/\/www.koonings.com\/fr\/product\/boucles-doreilles-poirier-nc-1347\/\" \/>\n<meta property=\"og:site_name\" content=\"Koonings\" \/>\n<meta property=\"article:publisher\" content=\"https:\/\/www.facebook.com\/kooningstheweddingpalace\" \/>\n<meta property=\"og:image\" content=\"https:\/\/www.koonings.com\/wp-content\/uploads\/2025\/08\/50633_bcdc6ccee105f7c5ef090c8805cb6f55002a886cfbc0204ddc3ea4edc7a9611fa21e7cba.jpeg\" \/>\n\t<meta property=\"og:image:width\" content=\"1204\" \/>\n\t<meta property=\"og:image:height\" content=\"1600\" \/>\n\t<meta property=\"og:image:type\" content=\"image\/jpeg\" \/>\n<meta name=\"twitter:card\" content=\"summary_large_image\" \/>\n<meta name=\"twitter:label1\" content=\"Dur\u00e9e de lecture estim\u00e9e\" \/>\n\t<meta name=\"twitter:data1\" content=\"1 minute\" \/>\n<script type=\"application\/ld+json\" class=\"yoast-schema-graph\">{\"@context\":\"https:\\\/\\\/schema.org\",\"@graph\":[{\"@type\":\"WebPage\",\"@id\":\"https:\\\/\\\/www.koonings.com\\\/fr\\\/product\\\/boucles-doreilles-poirier-nc-1347\\\/\",\"url\":\"https:\\\/\\\/www.koonings.com\\\/fr\\\/product\\\/boucles-doreilles-poirier-nc-1347\\\/\",\"name\":\"Boucles d'oreilles Poirier NC-1347 | Koonings\",\"isPartOf\":{\"@id\":\"https:\\\/\\\/www.koonings.com\\\/fr\\\/#website\"},\"primaryImageOfPage\":{\"@id\":\"https:\\\/\\\/www.koonings.com\\\/fr\\\/product\\\/boucles-doreilles-poirier-nc-1347\\\/#primaryimage\"},\"image\":{\"@id\":\"https:\\\/\\\/www.koonings.com\\\/fr\\\/product\\\/boucles-doreilles-poirier-nc-1347\\\/#primaryimage\"},\"thumbnailUrl\":\"https:\\\/\\\/www.koonings.com\\\/wp-content\\\/uploads\\\/2025\\\/08\\\/50633_bcdc6ccee105f7c5ef090c8805cb6f55002a886cfbc0204ddc3ea4edc7a9611fa21e7cba.jpeg\",\"datePublished\":\"2026-04-21T16:34:09+00:00\",\"description\":\"Boucles d'oreilles avec p\u00e9tales de roses en organza ivoire Boucles d'oreilles de la Collection Festival de Poirier Base d'un anneau argent\u00e9 avec un p\u00e9tale de rose en organza ivoire attach\u00e9 Choisissez des boucles d'oreilles avec des fleurs Ces boucles d'oreilles peuvent \u00eatre combin\u00e9es avec plusieurs types de looks de mari\u00e9e Vous souhaitez porter des boucles d'oreilles avec des fleurs lors de votre grand jour ? Si vous souhaitez porter des boucles d'oreilles avec des fleurs lors de votre grand jour, choisissez ces boucles d'oreilles de la collection Festival de Poirier. Ces boucles d'oreilles sont compos\u00e9es d'un anneau argent\u00e9 et de p\u00e9tales de roses en organza ivoire. La couleur neutre de ces boucles d'oreilles peut \u00eatre combin\u00e9e avec plusieurs types de tenues de mari\u00e9e. Avec les produits sp\u00e9ciaux de la collection Festival de Poirier, choisissez un look et une ambiance uniques pour votre grand jour. Cette collection se compose d'\u00e9l\u00e9ments naturels et de formes que l'on retrouve dans la nature, mais aussi, bien s\u00fbr, de l'\u00e9l\u00e9gance qui caract\u00e9rise Poirier. Associez ces boucles d'oreilles uniques \u00e0 d'autres articles de la collection Festival de Poirier. Faites corps avec la nature gr\u00e2ce aux produits Poirier. Caract\u00e9ristiques : Produit : NC-1347 - boucles d'oreilles avec p\u00e9tales de roses en organza ivoire Caract\u00e9ristiques : anneau argent\u00e9, p\u00e9tales de roses en organza ivoire Utilisation : - \u00e0 porter \u00e0 l'oreille\",\"breadcrumb\":{\"@id\":\"https:\\\/\\\/www.koonings.com\\\/fr\\\/product\\\/boucles-doreilles-poirier-nc-1347\\\/#breadcrumb\"},\"inLanguage\":\"fr-FR\",\"potentialAction\":[{\"@type\":\"ReadAction\",\"target\":[\"https:\\\/\\\/www.koonings.com\\\/fr\\\/product\\\/boucles-doreilles-poirier-nc-1347\\\/\"]}]},{\"@type\":\"ImageObject\",\"inLanguage\":\"fr-FR\",\"@id\":\"https:\\\/\\\/www.koonings.com\\\/fr\\\/product\\\/boucles-doreilles-poirier-nc-1347\\\/#primaryimage\",\"url\":\"https:\\\/\\\/www.koonings.com\\\/wp-content\\\/uploads\\\/2025\\\/08\\\/50633_bcdc6ccee105f7c5ef090c8805cb6f55002a886cfbc0204ddc3ea4edc7a9611fa21e7cba.jpeg\",\"contentUrl\":\"https:\\\/\\\/www.koonings.com\\\/wp-content\\\/uploads\\\/2025\\\/08\\\/50633_bcdc6ccee105f7c5ef090c8805cb6f55002a886cfbc0204ddc3ea4edc7a9611fa21e7cba.jpeg\",\"width\":1204,\"height\":1600},{\"@type\":\"BreadcrumbList\",\"@id\":\"https:\\\/\\\/www.koonings.com\\\/fr\\\/product\\\/boucles-doreilles-poirier-nc-1347\\\/#breadcrumb\",\"itemListElement\":[{\"@type\":\"ListItem\",\"position\":1,\"name\":\"Home\",\"item\":\"https:\\\/\\\/www.koonings.com\\\/fr\\\/\"},{\"@type\":\"ListItem\",\"position\":2,\"name\":\"Boucles d&#8217;oreilles Poirier NC-1347\"}]},{\"@type\":\"WebSite\",\"@id\":\"https:\\\/\\\/www.koonings.com\\\/fr\\\/#website\",\"url\":\"https:\\\/\\\/www.koonings.com\\\/fr\\\/\",\"name\":\"Koonings\",\"description\":\"De grootste bruidsmodewinkel ter wereld\",\"publisher\":{\"@id\":\"https:\\\/\\\/www.koonings.com\\\/fr\\\/#organization\"},\"potentialAction\":[{\"@type\":\"SearchAction\",\"target\":{\"@type\":\"EntryPoint\",\"urlTemplate\":\"https:\\\/\\\/www.koonings.com\\\/fr\\\/?s={search_term_string}\"},\"query-input\":{\"@type\":\"PropertyValueSpecification\",\"valueRequired\":true,\"valueName\":\"search_term_string\"}}],\"inLanguage\":\"fr-FR\"},{\"@type\":\"Organization\",\"@id\":\"https:\\\/\\\/www.koonings.com\\\/fr\\\/#organization\",\"name\":\"Koonings\",\"url\":\"https:\\\/\\\/www.koonings.com\\\/fr\\\/\",\"logo\":{\"@type\":\"ImageObject\",\"inLanguage\":\"fr-FR\",\"@id\":\"https:\\\/\\\/www.koonings.com\\\/fr\\\/#\\\/schema\\\/logo\\\/image\\\/\",\"url\":\"https:\\\/\\\/www.koonings.com\\\/wp-content\\\/uploads\\\/2024\\\/07\\\/logo.png\",\"contentUrl\":\"https:\\\/\\\/www.koonings.com\\\/wp-content\\\/uploads\\\/2024\\\/07\\\/logo.png\",\"width\":600,\"height\":428,\"caption\":\"Koonings\"},\"image\":{\"@id\":\"https:\\\/\\\/www.koonings.com\\\/fr\\\/#\\\/schema\\\/logo\\\/image\\\/\"},\"sameAs\":[\"https:\\\/\\\/www.facebook.com\\\/kooningstheweddingpalace\",\"https:\\\/\\\/www.instagram.com\\\/kooningstheweddingpalace\",\"https:\\\/\\\/www.pinterest.com\\\/koonings\",\"https:\\\/\\\/www.youtube.com\\\/kooningstheweddingpalace\"]}]}<\/script>\n<!-- \/ Yoast SEO plugin. -->","yoast_head_json":{"title":"Boucles d'oreilles Poirier NC-1347 | Koonings","description":"Boucles d'oreilles avec p\u00e9tales de roses en organza ivoire Boucles d'oreilles de la Collection Festival de Poirier Base d'un anneau argent\u00e9 avec un p\u00e9tale de rose en organza ivoire attach\u00e9 Choisissez des boucles d'oreilles avec des fleurs Ces boucles d'oreilles peuvent \u00eatre combin\u00e9es avec plusieurs types de looks de mari\u00e9e Vous souhaitez porter des boucles d'oreilles avec des fleurs lors de votre grand jour ? Si vous souhaitez porter des boucles d'oreilles avec des fleurs lors de votre grand jour, choisissez ces boucles d'oreilles de la collection Festival de Poirier. Ces boucles d'oreilles sont compos\u00e9es d'un anneau argent\u00e9 et de p\u00e9tales de roses en organza ivoire. La couleur neutre de ces boucles d'oreilles peut \u00eatre combin\u00e9e avec plusieurs types de tenues de mari\u00e9e. Avec les produits sp\u00e9ciaux de la collection Festival de Poirier, choisissez un look et une ambiance uniques pour votre grand jour. Cette collection se compose d'\u00e9l\u00e9ments naturels et de formes que l'on retrouve dans la nature, mais aussi, bien s\u00fbr, de l'\u00e9l\u00e9gance qui caract\u00e9rise Poirier. Associez ces boucles d'oreilles uniques \u00e0 d'autres articles de la collection Festival de Poirier. Faites corps avec la nature gr\u00e2ce aux produits Poirier. Caract\u00e9ristiques : Produit : NC-1347 - boucles d'oreilles avec p\u00e9tales de roses en organza ivoire Caract\u00e9ristiques : anneau argent\u00e9, p\u00e9tales de roses en organza ivoire Utilisation : - \u00e0 porter \u00e0 l'oreille","robots":{"index":"index","follow":"follow","max-snippet":"max-snippet:-1","max-image-preview":"max-image-preview:large","max-video-preview":"max-video-preview:-1"},"canonical":"https:\/\/www.koonings.com\/fr\/product\/boucles-doreilles-poirier-nc-1347\/","og_locale":"fr_FR","og_type":"article","og_title":"Boucles d'oreilles Poirier NC-1347 | Koonings","og_description":"Boucles d'oreilles avec p\u00e9tales de roses en organza ivoire Boucles d'oreilles de la Collection Festival de Poirier Base d'un anneau argent\u00e9 avec un p\u00e9tale de rose en organza ivoire attach\u00e9 Choisissez des boucles d'oreilles avec des fleurs Ces boucles d'oreilles peuvent \u00eatre combin\u00e9es avec plusieurs types de looks de mari\u00e9e Vous souhaitez porter des boucles d'oreilles avec des fleurs lors de votre grand jour ? Si vous souhaitez porter des boucles d'oreilles avec des fleurs lors de votre grand jour, choisissez ces boucles d'oreilles de la collection Festival de Poirier. Ces boucles d'oreilles sont compos\u00e9es d'un anneau argent\u00e9 et de p\u00e9tales de roses en organza ivoire. La couleur neutre de ces boucles d'oreilles peut \u00eatre combin\u00e9e avec plusieurs types de tenues de mari\u00e9e. Avec les produits sp\u00e9ciaux de la collection Festival de Poirier, choisissez un look et une ambiance uniques pour votre grand jour. Cette collection se compose d'\u00e9l\u00e9ments naturels et de formes que l'on retrouve dans la nature, mais aussi, bien s\u00fbr, de l'\u00e9l\u00e9gance qui caract\u00e9rise Poirier. Associez ces boucles d'oreilles uniques \u00e0 d'autres articles de la collection Festival de Poirier. Faites corps avec la nature gr\u00e2ce aux produits Poirier. Caract\u00e9ristiques : Produit : NC-1347 - boucles d'oreilles avec p\u00e9tales de roses en organza ivoire Caract\u00e9ristiques : anneau argent\u00e9, p\u00e9tales de roses en organza ivoire Utilisation : - \u00e0 porter \u00e0 l'oreille","og_url":"https:\/\/www.koonings.com\/fr\/product\/boucles-doreilles-poirier-nc-1347\/","og_site_name":"Koonings","article_publisher":"https:\/\/www.facebook.com\/kooningstheweddingpalace","og_image":[{"width":1204,"height":1600,"url":"https:\/\/www.koonings.com\/wp-content\/uploads\/2025\/08\/50633_bcdc6ccee105f7c5ef090c8805cb6f55002a886cfbc0204ddc3ea4edc7a9611fa21e7cba.jpeg","type":"image\/jpeg"}],"twitter_card":"summary_large_image","twitter_misc":{"Dur\u00e9e de lecture estim\u00e9e":"1 minute"},"schema":{"@context":"https:\/\/schema.org","@graph":[{"@type":"WebPage","@id":"https:\/\/www.koonings.com\/fr\/product\/boucles-doreilles-poirier-nc-1347\/","url":"https:\/\/www.koonings.com\/fr\/product\/boucles-doreilles-poirier-nc-1347\/","name":"Boucles d'oreilles Poirier NC-1347 | Koonings","isPartOf":{"@id":"https:\/\/www.koonings.com\/fr\/#website"},"primaryImageOfPage":{"@id":"https:\/\/www.koonings.com\/fr\/product\/boucles-doreilles-poirier-nc-1347\/#primaryimage"},"image":{"@id":"https:\/\/www.koonings.com\/fr\/product\/boucles-doreilles-poirier-nc-1347\/#primaryimage"},"thumbnailUrl":"https:\/\/www.koonings.com\/wp-content\/uploads\/2025\/08\/50633_bcdc6ccee105f7c5ef090c8805cb6f55002a886cfbc0204ddc3ea4edc7a9611fa21e7cba.jpeg","datePublished":"2026-04-21T16:34:09+00:00","description":"Boucles d'oreilles avec p\u00e9tales de roses en organza ivoire Boucles d'oreilles de la Collection Festival de Poirier Base d'un anneau argent\u00e9 avec un p\u00e9tale de rose en organza ivoire attach\u00e9 Choisissez des boucles d'oreilles avec des fleurs Ces boucles d'oreilles peuvent \u00eatre combin\u00e9es avec plusieurs types de looks de mari\u00e9e Vous souhaitez porter des boucles d'oreilles avec des fleurs lors de votre grand jour ? Si vous souhaitez porter des boucles d'oreilles avec des fleurs lors de votre grand jour, choisissez ces boucles d'oreilles de la collection Festival de Poirier. Ces boucles d'oreilles sont compos\u00e9es d'un anneau argent\u00e9 et de p\u00e9tales de roses en organza ivoire. La couleur neutre de ces boucles d'oreilles peut \u00eatre combin\u00e9e avec plusieurs types de tenues de mari\u00e9e. Avec les produits sp\u00e9ciaux de la collection Festival de Poirier, choisissez un look et une ambiance uniques pour votre grand jour. Cette collection se compose d'\u00e9l\u00e9ments naturels et de formes que l'on retrouve dans la nature, mais aussi, bien s\u00fbr, de l'\u00e9l\u00e9gance qui caract\u00e9rise Poirier. Associez ces boucles d'oreilles uniques \u00e0 d'autres articles de la collection Festival de Poirier. Faites corps avec la nature gr\u00e2ce aux produits Poirier. Caract\u00e9ristiques : Produit : NC-1347 - boucles d'oreilles avec p\u00e9tales de roses en organza ivoire Caract\u00e9ristiques : anneau argent\u00e9, p\u00e9tales de roses en organza ivoire Utilisation : - \u00e0 porter \u00e0 l'oreille","breadcrumb":{"@id":"https:\/\/www.koonings.com\/fr\/product\/boucles-doreilles-poirier-nc-1347\/#breadcrumb"},"inLanguage":"fr-FR","potentialAction":[{"@type":"ReadAction","target":["https:\/\/www.koonings.com\/fr\/product\/boucles-doreilles-poirier-nc-1347\/"]}]},{"@type":"ImageObject","inLanguage":"fr-FR","@id":"https:\/\/www.koonings.com\/fr\/product\/boucles-doreilles-poirier-nc-1347\/#primaryimage","url":"https:\/\/www.koonings.com\/wp-content\/uploads\/2025\/08\/50633_bcdc6ccee105f7c5ef090c8805cb6f55002a886cfbc0204ddc3ea4edc7a9611fa21e7cba.jpeg","contentUrl":"https:\/\/www.koonings.com\/wp-content\/uploads\/2025\/08\/50633_bcdc6ccee105f7c5ef090c8805cb6f55002a886cfbc0204ddc3ea4edc7a9611fa21e7cba.jpeg","width":1204,"height":1600},{"@type":"BreadcrumbList","@id":"https:\/\/www.koonings.com\/fr\/product\/boucles-doreilles-poirier-nc-1347\/#breadcrumb","itemListElement":[{"@type":"ListItem","position":1,"name":"Home","item":"https:\/\/www.koonings.com\/fr\/"},{"@type":"ListItem","position":2,"name":"Boucles d&#8217;oreilles Poirier NC-1347"}]},{"@type":"WebSite","@id":"https:\/\/www.koonings.com\/fr\/#website","url":"https:\/\/www.koonings.com\/fr\/","name":"Koonings","description":"De grootste bruidsmodewinkel ter wereld","publisher":{"@id":"https:\/\/www.koonings.com\/fr\/#organization"},"potentialAction":[{"@type":"SearchAction","target":{"@type":"EntryPoint","urlTemplate":"https:\/\/www.koonings.com\/fr\/?s={search_term_string}"},"query-input":{"@type":"PropertyValueSpecification","valueRequired":true,"valueName":"search_term_string"}}],"inLanguage":"fr-FR"},{"@type":"Organization","@id":"https:\/\/www.koonings.com\/fr\/#organization","name":"Koonings","url":"https:\/\/www.koonings.com\/fr\/","logo":{"@type":"ImageObject","inLanguage":"fr-FR","@id":"https:\/\/www.koonings.com\/fr\/#\/schema\/logo\/image\/","url":"https:\/\/www.koonings.com\/wp-content\/uploads\/2024\/07\/logo.png","contentUrl":"https:\/\/www.koonings.com\/wp-content\/uploads\/2024\/07\/logo.png","width":600,"height":428,"caption":"Koonings"},"image":{"@id":"https:\/\/www.koonings.com\/fr\/#\/schema\/logo\/image\/"},"sameAs":["https:\/\/www.facebook.com\/kooningstheweddingpalace","https:\/\/www.instagram.com\/kooningstheweddingpalace","https:\/\/www.pinterest.com\/koonings","https:\/\/www.youtube.com\/kooningstheweddingpalace"]}]}},"_links":{"self":[{"href":"https:\/\/www.koonings.com\/fr\/wp-json\/wp\/v2\/product\/94356","targetHints":{"allow":["GET"]}}],"collection":[{"href":"https:\/\/www.koonings.com\/fr\/wp-json\/wp\/v2\/product"}],"about":[{"href":"https:\/\/www.koonings.com\/fr\/wp-json\/wp\/v2\/types\/product"}],"wp:featuredmedia":[{"embeddable":true,"href":"https:\/\/www.koonings.com\/fr\/wp-json\/wp\/v2\/media\/90182"}],"wp:attachment":[{"href":"https:\/\/www.koonings.com\/fr\/wp-json\/wp\/v2\/media?parent=94356"}],"wp:term":[{"taxonomy":"productdetails","embeddable":true,"href":"https:\/\/www.koonings.com\/fr\/wp-json\/wp\/v2\/productdetails?post=94356"},{"taxonomy":"productneck","embeddable":true,"href":"https:\/\/www.koonings.com\/fr\/wp-json\/wp\/v2\/productneck?post=94356"},{"taxonomy":"productcolor","embeddable":true,"href":"https:\/\/www.koonings.com\/fr\/wp-json\/wp\/v2\/productcolor?post=94356"},{"taxonomy":"maat","embeddable":true,"href":"https:\/\/www.koonings.com\/fr\/wp-json\/wp\/v2\/maat?post=94356"},{"taxonomy":"productsupplier","embeddable":true,"href":"https:\/\/www.koonings.com\/fr\/wp-json\/wp\/v2\/productsupplier?post=94356"},{"taxonomy":"productsleeve","embeddable":true,"href":"https:\/\/www.koonings.com\/fr\/wp-json\/wp\/v2\/productsleeve?post=94356"},{"taxonomy":"productcategory","embeddable":true,"href":"https:\/\/www.koonings.com\/fr\/wp-json\/wp\/v2\/productcategory?post=94356"},{"taxonomy":"productsilhouette","embeddable":true,"href":"https:\/\/www.koonings.com\/fr\/wp-json\/wp\/v2\/productsilhouette?post=94356"},{"taxonomy":"productstyle","embeddable":true,"href":"https:\/\/www.koonings.com\/fr\/wp-json\/wp\/v2\/productstyle?post=94356"}],"curies":[{"name":"wp","href":"https:\/\/api.w.org\/{rel}","templated":true}]}}