{"id":94351,"date":"2026-04-14T16:34:36","date_gmt":"2026-04-14T14:34:36","guid":{"rendered":"https:\/\/www.koonings.com\/product\/poirier-t-75422-top-paillettes\/"},"modified":"2026-04-14T15:50:35","modified_gmt":"2026-04-14T13:50:35","slug":"poirier-t-75422-top-paillettes","status":"publish","type":"product","link":"https:\/\/www.koonings.com\/fr\/product\/poirier-t-75422-top-paillettes\/","title":{"rendered":"Poirier T-75422 Top | Paillettes"},"content":{"rendered":"<p>T-75422 &#8211; El\u00e9gant top court en tulle avec paillettes et perles en forme de diamant<br \/>\nTop en tulle de la collection Poirier.<br \/>\nOrn\u00e9 de paillettes et de perles en forme de diamant.<br \/>\nBretelles \u00e9troites.<br \/>\nBonnets pr\u00e9form\u00e9s.<br \/>\nCouleur ivoire.<br \/>\nFermeture \u00e0 glissi\u00e8re au centre du dos.<br \/>\nTailles : XS, S, M, L, XL.<br \/>\nA combiner avec l&#8217;\u00e9tole ST-75324.<\/p>\n","protected":false},"featured_media":89863,"template":"","meta":{"_acf_changed":false,"ghostkit_customizer_options":"","ghostkit_custom_css":"","ghostkit_custom_js_head":"","ghostkit_custom_js_foot":"","ghostkit_typography":""},"productdetails":[],"productneck":[],"productcolor":[],"maat":[],"productsupplier":[416],"productsleeve":[],"productcategory":[509],"productsilhouette":[],"productstyle":[],"class_list":["post-94351","product","type-product","status-publish","has-post-thumbnail","hentry","productsupplier-poirier","productcategory-accessoires-bruid"],"acf":[],"yoast_head":"<!-- This site is optimized with the Yoast SEO plugin v27.3 - https:\/\/yoast.com\/product\/yoast-seo-wordpress\/ -->\n<title>Poirier T-75422 Top | Paillettes | Koonings<\/title>\n<meta name=\"description\" content=\"T-75422 - El\u00e9gant top court en tulle avec paillettes et perles en forme de diamant Top en tulle de la collection Poirier. Orn\u00e9 de paillettes et de perles en forme de diamant. Bretelles \u00e9troites. Bonnets pr\u00e9form\u00e9s. Couleur ivoire. Fermeture \u00e0 glissi\u00e8re au centre du dos. Tailles : XS, S, M, L, XL. A combiner avec l&#039;\u00e9tole ST-75324.\" \/>\n<meta name=\"robots\" content=\"index, follow, max-snippet:-1, max-image-preview:large, max-video-preview:-1\" \/>\n<link rel=\"canonical\" href=\"https:\/\/www.koonings.com\/fr\/product\/poirier-t-75422-top-paillettes\/\" \/>\n<meta property=\"og:locale\" content=\"fr_FR\" \/>\n<meta property=\"og:type\" content=\"article\" \/>\n<meta property=\"og:title\" content=\"Poirier T-75422 Top | Paillettes | Koonings\" \/>\n<meta property=\"og:description\" content=\"T-75422 - El\u00e9gant top court en tulle avec paillettes et perles en forme de diamant Top en tulle de la collection Poirier. Orn\u00e9 de paillettes et de perles en forme de diamant. Bretelles \u00e9troites. Bonnets pr\u00e9form\u00e9s. Couleur ivoire. Fermeture \u00e0 glissi\u00e8re au centre du dos. Tailles : XS, S, M, L, XL. A combiner avec l&#039;\u00e9tole ST-75324.\" \/>\n<meta property=\"og:url\" content=\"https:\/\/www.koonings.com\/fr\/product\/poirier-t-75422-top-paillettes\/\" \/>\n<meta property=\"og:site_name\" content=\"Koonings\" \/>\n<meta property=\"article:publisher\" content=\"https:\/\/www.facebook.com\/kooningstheweddingpalace\" \/>\n<meta property=\"og:image\" content=\"https:\/\/www.koonings.com\/wp-content\/uploads\/2025\/07\/50762_d4aca80010138fae8f96287a0556057a32c602ee47a0ce8d574ac7c1fb2108bacce188c5.jpeg\" \/>\n\t<meta property=\"og:image:width\" content=\"1732\" \/>\n\t<meta property=\"og:image:height\" content=\"2309\" \/>\n\t<meta property=\"og:image:type\" content=\"image\/jpeg\" \/>\n<meta name=\"twitter:card\" content=\"summary_large_image\" \/>\n<script type=\"application\/ld+json\" class=\"yoast-schema-graph\">{\"@context\":\"https:\\\/\\\/schema.org\",\"@graph\":[{\"@type\":\"WebPage\",\"@id\":\"https:\\\/\\\/www.koonings.com\\\/fr\\\/product\\\/poirier-t-75422-top-paillettes\\\/\",\"url\":\"https:\\\/\\\/www.koonings.com\\\/fr\\\/product\\\/poirier-t-75422-top-paillettes\\\/\",\"name\":\"Poirier T-75422 Top | Paillettes | Koonings\",\"isPartOf\":{\"@id\":\"https:\\\/\\\/www.koonings.com\\\/fr\\\/#website\"},\"primaryImageOfPage\":{\"@id\":\"https:\\\/\\\/www.koonings.com\\\/fr\\\/product\\\/poirier-t-75422-top-paillettes\\\/#primaryimage\"},\"image\":{\"@id\":\"https:\\\/\\\/www.koonings.com\\\/fr\\\/product\\\/poirier-t-75422-top-paillettes\\\/#primaryimage\"},\"thumbnailUrl\":\"https:\\\/\\\/www.koonings.com\\\/wp-content\\\/uploads\\\/2025\\\/07\\\/50762_d4aca80010138fae8f96287a0556057a32c602ee47a0ce8d574ac7c1fb2108bacce188c5.jpeg\",\"datePublished\":\"2026-04-14T14:34:36+00:00\",\"description\":\"T-75422 - El\u00e9gant top court en tulle avec paillettes et perles en forme de diamant Top en tulle de la collection Poirier. Orn\u00e9 de paillettes et de perles en forme de diamant. Bretelles \u00e9troites. Bonnets pr\u00e9form\u00e9s. Couleur ivoire. Fermeture \u00e0 glissi\u00e8re au centre du dos. Tailles : XS, S, M, L, XL. A combiner avec l'\u00e9tole ST-75324.\",\"breadcrumb\":{\"@id\":\"https:\\\/\\\/www.koonings.com\\\/fr\\\/product\\\/poirier-t-75422-top-paillettes\\\/#breadcrumb\"},\"inLanguage\":\"fr-FR\",\"potentialAction\":[{\"@type\":\"ReadAction\",\"target\":[\"https:\\\/\\\/www.koonings.com\\\/fr\\\/product\\\/poirier-t-75422-top-paillettes\\\/\"]}]},{\"@type\":\"ImageObject\",\"inLanguage\":\"fr-FR\",\"@id\":\"https:\\\/\\\/www.koonings.com\\\/fr\\\/product\\\/poirier-t-75422-top-paillettes\\\/#primaryimage\",\"url\":\"https:\\\/\\\/www.koonings.com\\\/wp-content\\\/uploads\\\/2025\\\/07\\\/50762_d4aca80010138fae8f96287a0556057a32c602ee47a0ce8d574ac7c1fb2108bacce188c5.jpeg\",\"contentUrl\":\"https:\\\/\\\/www.koonings.com\\\/wp-content\\\/uploads\\\/2025\\\/07\\\/50762_d4aca80010138fae8f96287a0556057a32c602ee47a0ce8d574ac7c1fb2108bacce188c5.jpeg\",\"width\":1732,\"height\":2309},{\"@type\":\"BreadcrumbList\",\"@id\":\"https:\\\/\\\/www.koonings.com\\\/fr\\\/product\\\/poirier-t-75422-top-paillettes\\\/#breadcrumb\",\"itemListElement\":[{\"@type\":\"ListItem\",\"position\":1,\"name\":\"Home\",\"item\":\"https:\\\/\\\/www.koonings.com\\\/fr\\\/\"},{\"@type\":\"ListItem\",\"position\":2,\"name\":\"Poirier T-75422 Top | Paillettes\"}]},{\"@type\":\"WebSite\",\"@id\":\"https:\\\/\\\/www.koonings.com\\\/fr\\\/#website\",\"url\":\"https:\\\/\\\/www.koonings.com\\\/fr\\\/\",\"name\":\"Koonings\",\"description\":\"De grootste bruidsmodewinkel ter wereld\",\"publisher\":{\"@id\":\"https:\\\/\\\/www.koonings.com\\\/fr\\\/#organization\"},\"potentialAction\":[{\"@type\":\"SearchAction\",\"target\":{\"@type\":\"EntryPoint\",\"urlTemplate\":\"https:\\\/\\\/www.koonings.com\\\/fr\\\/?s={search_term_string}\"},\"query-input\":{\"@type\":\"PropertyValueSpecification\",\"valueRequired\":true,\"valueName\":\"search_term_string\"}}],\"inLanguage\":\"fr-FR\"},{\"@type\":\"Organization\",\"@id\":\"https:\\\/\\\/www.koonings.com\\\/fr\\\/#organization\",\"name\":\"Koonings\",\"url\":\"https:\\\/\\\/www.koonings.com\\\/fr\\\/\",\"logo\":{\"@type\":\"ImageObject\",\"inLanguage\":\"fr-FR\",\"@id\":\"https:\\\/\\\/www.koonings.com\\\/fr\\\/#\\\/schema\\\/logo\\\/image\\\/\",\"url\":\"https:\\\/\\\/www.koonings.com\\\/wp-content\\\/uploads\\\/2024\\\/07\\\/logo.png\",\"contentUrl\":\"https:\\\/\\\/www.koonings.com\\\/wp-content\\\/uploads\\\/2024\\\/07\\\/logo.png\",\"width\":600,\"height\":428,\"caption\":\"Koonings\"},\"image\":{\"@id\":\"https:\\\/\\\/www.koonings.com\\\/fr\\\/#\\\/schema\\\/logo\\\/image\\\/\"},\"sameAs\":[\"https:\\\/\\\/www.facebook.com\\\/kooningstheweddingpalace\",\"https:\\\/\\\/www.instagram.com\\\/kooningstheweddingpalace\",\"https:\\\/\\\/www.pinterest.com\\\/koonings\",\"https:\\\/\\\/www.youtube.com\\\/kooningstheweddingpalace\"]}]}<\/script>\n<!-- \/ Yoast SEO plugin. -->","yoast_head_json":{"title":"Poirier T-75422 Top | Paillettes | Koonings","description":"T-75422 - El\u00e9gant top court en tulle avec paillettes et perles en forme de diamant Top en tulle de la collection Poirier. Orn\u00e9 de paillettes et de perles en forme de diamant. Bretelles \u00e9troites. Bonnets pr\u00e9form\u00e9s. Couleur ivoire. Fermeture \u00e0 glissi\u00e8re au centre du dos. Tailles : XS, S, M, L, XL. A combiner avec l'\u00e9tole ST-75324.","robots":{"index":"index","follow":"follow","max-snippet":"max-snippet:-1","max-image-preview":"max-image-preview:large","max-video-preview":"max-video-preview:-1"},"canonical":"https:\/\/www.koonings.com\/fr\/product\/poirier-t-75422-top-paillettes\/","og_locale":"fr_FR","og_type":"article","og_title":"Poirier T-75422 Top | Paillettes | Koonings","og_description":"T-75422 - El\u00e9gant top court en tulle avec paillettes et perles en forme de diamant Top en tulle de la collection Poirier. Orn\u00e9 de paillettes et de perles en forme de diamant. Bretelles \u00e9troites. Bonnets pr\u00e9form\u00e9s. Couleur ivoire. Fermeture \u00e0 glissi\u00e8re au centre du dos. Tailles : XS, S, M, L, XL. A combiner avec l'\u00e9tole ST-75324.","og_url":"https:\/\/www.koonings.com\/fr\/product\/poirier-t-75422-top-paillettes\/","og_site_name":"Koonings","article_publisher":"https:\/\/www.facebook.com\/kooningstheweddingpalace","og_image":[{"width":1732,"height":2309,"url":"https:\/\/www.koonings.com\/wp-content\/uploads\/2025\/07\/50762_d4aca80010138fae8f96287a0556057a32c602ee47a0ce8d574ac7c1fb2108bacce188c5.jpeg","type":"image\/jpeg"}],"twitter_card":"summary_large_image","schema":{"@context":"https:\/\/schema.org","@graph":[{"@type":"WebPage","@id":"https:\/\/www.koonings.com\/fr\/product\/poirier-t-75422-top-paillettes\/","url":"https:\/\/www.koonings.com\/fr\/product\/poirier-t-75422-top-paillettes\/","name":"Poirier T-75422 Top | Paillettes | Koonings","isPartOf":{"@id":"https:\/\/www.koonings.com\/fr\/#website"},"primaryImageOfPage":{"@id":"https:\/\/www.koonings.com\/fr\/product\/poirier-t-75422-top-paillettes\/#primaryimage"},"image":{"@id":"https:\/\/www.koonings.com\/fr\/product\/poirier-t-75422-top-paillettes\/#primaryimage"},"thumbnailUrl":"https:\/\/www.koonings.com\/wp-content\/uploads\/2025\/07\/50762_d4aca80010138fae8f96287a0556057a32c602ee47a0ce8d574ac7c1fb2108bacce188c5.jpeg","datePublished":"2026-04-14T14:34:36+00:00","description":"T-75422 - El\u00e9gant top court en tulle avec paillettes et perles en forme de diamant Top en tulle de la collection Poirier. Orn\u00e9 de paillettes et de perles en forme de diamant. Bretelles \u00e9troites. Bonnets pr\u00e9form\u00e9s. Couleur ivoire. Fermeture \u00e0 glissi\u00e8re au centre du dos. Tailles : XS, S, M, L, XL. A combiner avec l'\u00e9tole ST-75324.","breadcrumb":{"@id":"https:\/\/www.koonings.com\/fr\/product\/poirier-t-75422-top-paillettes\/#breadcrumb"},"inLanguage":"fr-FR","potentialAction":[{"@type":"ReadAction","target":["https:\/\/www.koonings.com\/fr\/product\/poirier-t-75422-top-paillettes\/"]}]},{"@type":"ImageObject","inLanguage":"fr-FR","@id":"https:\/\/www.koonings.com\/fr\/product\/poirier-t-75422-top-paillettes\/#primaryimage","url":"https:\/\/www.koonings.com\/wp-content\/uploads\/2025\/07\/50762_d4aca80010138fae8f96287a0556057a32c602ee47a0ce8d574ac7c1fb2108bacce188c5.jpeg","contentUrl":"https:\/\/www.koonings.com\/wp-content\/uploads\/2025\/07\/50762_d4aca80010138fae8f96287a0556057a32c602ee47a0ce8d574ac7c1fb2108bacce188c5.jpeg","width":1732,"height":2309},{"@type":"BreadcrumbList","@id":"https:\/\/www.koonings.com\/fr\/product\/poirier-t-75422-top-paillettes\/#breadcrumb","itemListElement":[{"@type":"ListItem","position":1,"name":"Home","item":"https:\/\/www.koonings.com\/fr\/"},{"@type":"ListItem","position":2,"name":"Poirier T-75422 Top | Paillettes"}]},{"@type":"WebSite","@id":"https:\/\/www.koonings.com\/fr\/#website","url":"https:\/\/www.koonings.com\/fr\/","name":"Koonings","description":"De grootste bruidsmodewinkel ter wereld","publisher":{"@id":"https:\/\/www.koonings.com\/fr\/#organization"},"potentialAction":[{"@type":"SearchAction","target":{"@type":"EntryPoint","urlTemplate":"https:\/\/www.koonings.com\/fr\/?s={search_term_string}"},"query-input":{"@type":"PropertyValueSpecification","valueRequired":true,"valueName":"search_term_string"}}],"inLanguage":"fr-FR"},{"@type":"Organization","@id":"https:\/\/www.koonings.com\/fr\/#organization","name":"Koonings","url":"https:\/\/www.koonings.com\/fr\/","logo":{"@type":"ImageObject","inLanguage":"fr-FR","@id":"https:\/\/www.koonings.com\/fr\/#\/schema\/logo\/image\/","url":"https:\/\/www.koonings.com\/wp-content\/uploads\/2024\/07\/logo.png","contentUrl":"https:\/\/www.koonings.com\/wp-content\/uploads\/2024\/07\/logo.png","width":600,"height":428,"caption":"Koonings"},"image":{"@id":"https:\/\/www.koonings.com\/fr\/#\/schema\/logo\/image\/"},"sameAs":["https:\/\/www.facebook.com\/kooningstheweddingpalace","https:\/\/www.instagram.com\/kooningstheweddingpalace","https:\/\/www.pinterest.com\/koonings","https:\/\/www.youtube.com\/kooningstheweddingpalace"]}]}},"_links":{"self":[{"href":"https:\/\/www.koonings.com\/fr\/wp-json\/wp\/v2\/product\/94351","targetHints":{"allow":["GET"]}}],"collection":[{"href":"https:\/\/www.koonings.com\/fr\/wp-json\/wp\/v2\/product"}],"about":[{"href":"https:\/\/www.koonings.com\/fr\/wp-json\/wp\/v2\/types\/product"}],"wp:featuredmedia":[{"embeddable":true,"href":"https:\/\/www.koonings.com\/fr\/wp-json\/wp\/v2\/media\/89863"}],"wp:attachment":[{"href":"https:\/\/www.koonings.com\/fr\/wp-json\/wp\/v2\/media?parent=94351"}],"wp:term":[{"taxonomy":"productdetails","embeddable":true,"href":"https:\/\/www.koonings.com\/fr\/wp-json\/wp\/v2\/productdetails?post=94351"},{"taxonomy":"productneck","embeddable":true,"href":"https:\/\/www.koonings.com\/fr\/wp-json\/wp\/v2\/productneck?post=94351"},{"taxonomy":"productcolor","embeddable":true,"href":"https:\/\/www.koonings.com\/fr\/wp-json\/wp\/v2\/productcolor?post=94351"},{"taxonomy":"maat","embeddable":true,"href":"https:\/\/www.koonings.com\/fr\/wp-json\/wp\/v2\/maat?post=94351"},{"taxonomy":"productsupplier","embeddable":true,"href":"https:\/\/www.koonings.com\/fr\/wp-json\/wp\/v2\/productsupplier?post=94351"},{"taxonomy":"productsleeve","embeddable":true,"href":"https:\/\/www.koonings.com\/fr\/wp-json\/wp\/v2\/productsleeve?post=94351"},{"taxonomy":"productcategory","embeddable":true,"href":"https:\/\/www.koonings.com\/fr\/wp-json\/wp\/v2\/productcategory?post=94351"},{"taxonomy":"productsilhouette","embeddable":true,"href":"https:\/\/www.koonings.com\/fr\/wp-json\/wp\/v2\/productsilhouette?post=94351"},{"taxonomy":"productstyle","embeddable":true,"href":"https:\/\/www.koonings.com\/fr\/wp-json\/wp\/v2\/productstyle?post=94351"}],"curies":[{"name":"wp","href":"https:\/\/api.w.org\/{rel}","templated":true}]}}