{"id":94345,"date":"2026-04-14T16:34:32","date_gmt":"2026-04-14T14:34:32","guid":{"rendered":"https:\/\/www.koonings.com\/product\/poirier-t-75414-colbert-gem-armelle\/"},"modified":"2026-04-14T16:07:16","modified_gmt":"2026-04-14T14:07:16","slug":"poirier-t-75414-colbert-gem-armelle","status":"publish","type":"product","link":"https:\/\/www.koonings.com\/fr\/product\/poirier-t-75414-colbert-gem-armelle\/","title":{"rendered":"Poirier T-75414 Colbert | Gem | Armelle"},"content":{"rendered":"<p>T-75414 &#8211; Veste \u00e9l\u00e9gante en tissu cr\u00eap\u00e9 ivoire et tulle d\u00e9cor\u00e9 de perles, de paillettes et de perles | Ligne Armelle de GEM Collection<br \/>\nVeste de la ligne Armelle de GEM Collection.<br \/>\nEn tissu cr\u00eap\u00e9 ivoire.<br \/>\nTulle d\u00e9cor\u00e9 de paillettes, de perles et de perles sur le devant et le dos.<br \/>\nDisponible dans les tailles XS, S, M, L et XL.<\/p>\n","protected":false},"featured_media":89744,"template":"","meta":{"_acf_changed":false,"ghostkit_customizer_options":"","ghostkit_custom_css":"","ghostkit_custom_js_head":"","ghostkit_custom_js_foot":"","ghostkit_typography":""},"productdetails":[],"productneck":[],"productcolor":[],"maat":[],"productsupplier":[416],"productsleeve":[],"productcategory":[509],"productsilhouette":[],"productstyle":[],"class_list":["post-94345","product","type-product","status-publish","has-post-thumbnail","hentry","productsupplier-poirier","productcategory-accessoires-bruid"],"acf":[],"yoast_head":"<!-- This site is optimized with the Yoast SEO plugin v27.3 - https:\/\/yoast.com\/product\/yoast-seo-wordpress\/ -->\n<title>Poirier T-75414 Colbert | Gem | Armelle | Koonings<\/title>\n<meta name=\"description\" content=\"T-75414 - Veste \u00e9l\u00e9gante en tissu cr\u00eap\u00e9 ivoire et tulle d\u00e9cor\u00e9 de perles, de paillettes et de perles | Ligne Armelle de GEM Collection Veste de la ligne Armelle de GEM Collection. En tissu cr\u00eap\u00e9 ivoire. Tulle d\u00e9cor\u00e9 de paillettes, de perles et de perles sur le devant et le dos. Disponible dans les tailles XS, S, M, L et XL.\" \/>\n<meta name=\"robots\" content=\"index, follow, max-snippet:-1, max-image-preview:large, max-video-preview:-1\" \/>\n<link rel=\"canonical\" href=\"https:\/\/www.koonings.com\/fr\/product\/poirier-t-75414-colbert-gem-armelle\/\" \/>\n<meta property=\"og:locale\" content=\"fr_FR\" \/>\n<meta property=\"og:type\" content=\"article\" \/>\n<meta property=\"og:title\" content=\"Poirier T-75414 Colbert | Gem | Armelle | Koonings\" \/>\n<meta property=\"og:description\" content=\"T-75414 - Veste \u00e9l\u00e9gante en tissu cr\u00eap\u00e9 ivoire et tulle d\u00e9cor\u00e9 de perles, de paillettes et de perles | Ligne Armelle de GEM Collection Veste de la ligne Armelle de GEM Collection. En tissu cr\u00eap\u00e9 ivoire. Tulle d\u00e9cor\u00e9 de paillettes, de perles et de perles sur le devant et le dos. Disponible dans les tailles XS, S, M, L et XL.\" \/>\n<meta property=\"og:url\" content=\"https:\/\/www.koonings.com\/fr\/product\/poirier-t-75414-colbert-gem-armelle\/\" \/>\n<meta property=\"og:site_name\" content=\"Koonings\" \/>\n<meta property=\"article:publisher\" content=\"https:\/\/www.facebook.com\/kooningstheweddingpalace\" \/>\n<meta property=\"og:image\" content=\"https:\/\/www.koonings.com\/wp-content\/uploads\/2025\/07\/50755_df0eacb541a9d9126735eb54ad66f85eb4e9c383903595dfa93761f2269298b12e43d1cf.jpeg\" \/>\n\t<meta property=\"og:image:width\" content=\"1650\" \/>\n\t<meta property=\"og:image:height\" content=\"2200\" \/>\n\t<meta property=\"og:image:type\" content=\"image\/jpeg\" \/>\n<meta name=\"twitter:card\" content=\"summary_large_image\" \/>\n<script type=\"application\/ld+json\" class=\"yoast-schema-graph\">{\"@context\":\"https:\\\/\\\/schema.org\",\"@graph\":[{\"@type\":\"WebPage\",\"@id\":\"https:\\\/\\\/www.koonings.com\\\/fr\\\/product\\\/poirier-t-75414-colbert-gem-armelle\\\/\",\"url\":\"https:\\\/\\\/www.koonings.com\\\/fr\\\/product\\\/poirier-t-75414-colbert-gem-armelle\\\/\",\"name\":\"Poirier T-75414 Colbert | Gem | Armelle | Koonings\",\"isPartOf\":{\"@id\":\"https:\\\/\\\/www.koonings.com\\\/fr\\\/#website\"},\"primaryImageOfPage\":{\"@id\":\"https:\\\/\\\/www.koonings.com\\\/fr\\\/product\\\/poirier-t-75414-colbert-gem-armelle\\\/#primaryimage\"},\"image\":{\"@id\":\"https:\\\/\\\/www.koonings.com\\\/fr\\\/product\\\/poirier-t-75414-colbert-gem-armelle\\\/#primaryimage\"},\"thumbnailUrl\":\"https:\\\/\\\/www.koonings.com\\\/wp-content\\\/uploads\\\/2025\\\/07\\\/50755_df0eacb541a9d9126735eb54ad66f85eb4e9c383903595dfa93761f2269298b12e43d1cf.jpeg\",\"datePublished\":\"2026-04-14T14:34:32+00:00\",\"description\":\"T-75414 - Veste \u00e9l\u00e9gante en tissu cr\u00eap\u00e9 ivoire et tulle d\u00e9cor\u00e9 de perles, de paillettes et de perles | Ligne Armelle de GEM Collection Veste de la ligne Armelle de GEM Collection. En tissu cr\u00eap\u00e9 ivoire. Tulle d\u00e9cor\u00e9 de paillettes, de perles et de perles sur le devant et le dos. Disponible dans les tailles XS, S, M, L et XL.\",\"breadcrumb\":{\"@id\":\"https:\\\/\\\/www.koonings.com\\\/fr\\\/product\\\/poirier-t-75414-colbert-gem-armelle\\\/#breadcrumb\"},\"inLanguage\":\"fr-FR\",\"potentialAction\":[{\"@type\":\"ReadAction\",\"target\":[\"https:\\\/\\\/www.koonings.com\\\/fr\\\/product\\\/poirier-t-75414-colbert-gem-armelle\\\/\"]}]},{\"@type\":\"ImageObject\",\"inLanguage\":\"fr-FR\",\"@id\":\"https:\\\/\\\/www.koonings.com\\\/fr\\\/product\\\/poirier-t-75414-colbert-gem-armelle\\\/#primaryimage\",\"url\":\"https:\\\/\\\/www.koonings.com\\\/wp-content\\\/uploads\\\/2025\\\/07\\\/50755_df0eacb541a9d9126735eb54ad66f85eb4e9c383903595dfa93761f2269298b12e43d1cf.jpeg\",\"contentUrl\":\"https:\\\/\\\/www.koonings.com\\\/wp-content\\\/uploads\\\/2025\\\/07\\\/50755_df0eacb541a9d9126735eb54ad66f85eb4e9c383903595dfa93761f2269298b12e43d1cf.jpeg\",\"width\":1650,\"height\":2200},{\"@type\":\"BreadcrumbList\",\"@id\":\"https:\\\/\\\/www.koonings.com\\\/fr\\\/product\\\/poirier-t-75414-colbert-gem-armelle\\\/#breadcrumb\",\"itemListElement\":[{\"@type\":\"ListItem\",\"position\":1,\"name\":\"Home\",\"item\":\"https:\\\/\\\/www.koonings.com\\\/fr\\\/\"},{\"@type\":\"ListItem\",\"position\":2,\"name\":\"Poirier T-75414 Colbert | Gem | Armelle\"}]},{\"@type\":\"WebSite\",\"@id\":\"https:\\\/\\\/www.koonings.com\\\/fr\\\/#website\",\"url\":\"https:\\\/\\\/www.koonings.com\\\/fr\\\/\",\"name\":\"Koonings\",\"description\":\"De grootste bruidsmodewinkel ter wereld\",\"publisher\":{\"@id\":\"https:\\\/\\\/www.koonings.com\\\/fr\\\/#organization\"},\"potentialAction\":[{\"@type\":\"SearchAction\",\"target\":{\"@type\":\"EntryPoint\",\"urlTemplate\":\"https:\\\/\\\/www.koonings.com\\\/fr\\\/?s={search_term_string}\"},\"query-input\":{\"@type\":\"PropertyValueSpecification\",\"valueRequired\":true,\"valueName\":\"search_term_string\"}}],\"inLanguage\":\"fr-FR\"},{\"@type\":\"Organization\",\"@id\":\"https:\\\/\\\/www.koonings.com\\\/fr\\\/#organization\",\"name\":\"Koonings\",\"url\":\"https:\\\/\\\/www.koonings.com\\\/fr\\\/\",\"logo\":{\"@type\":\"ImageObject\",\"inLanguage\":\"fr-FR\",\"@id\":\"https:\\\/\\\/www.koonings.com\\\/fr\\\/#\\\/schema\\\/logo\\\/image\\\/\",\"url\":\"https:\\\/\\\/www.koonings.com\\\/wp-content\\\/uploads\\\/2024\\\/07\\\/logo.png\",\"contentUrl\":\"https:\\\/\\\/www.koonings.com\\\/wp-content\\\/uploads\\\/2024\\\/07\\\/logo.png\",\"width\":600,\"height\":428,\"caption\":\"Koonings\"},\"image\":{\"@id\":\"https:\\\/\\\/www.koonings.com\\\/fr\\\/#\\\/schema\\\/logo\\\/image\\\/\"},\"sameAs\":[\"https:\\\/\\\/www.facebook.com\\\/kooningstheweddingpalace\",\"https:\\\/\\\/www.instagram.com\\\/kooningstheweddingpalace\",\"https:\\\/\\\/www.pinterest.com\\\/koonings\",\"https:\\\/\\\/www.youtube.com\\\/kooningstheweddingpalace\"]}]}<\/script>\n<!-- \/ Yoast SEO plugin. -->","yoast_head_json":{"title":"Poirier T-75414 Colbert | Gem | Armelle | Koonings","description":"T-75414 - Veste \u00e9l\u00e9gante en tissu cr\u00eap\u00e9 ivoire et tulle d\u00e9cor\u00e9 de perles, de paillettes et de perles | Ligne Armelle de GEM Collection Veste de la ligne Armelle de GEM Collection. En tissu cr\u00eap\u00e9 ivoire. Tulle d\u00e9cor\u00e9 de paillettes, de perles et de perles sur le devant et le dos. Disponible dans les tailles XS, S, M, L et XL.","robots":{"index":"index","follow":"follow","max-snippet":"max-snippet:-1","max-image-preview":"max-image-preview:large","max-video-preview":"max-video-preview:-1"},"canonical":"https:\/\/www.koonings.com\/fr\/product\/poirier-t-75414-colbert-gem-armelle\/","og_locale":"fr_FR","og_type":"article","og_title":"Poirier T-75414 Colbert | Gem | Armelle | Koonings","og_description":"T-75414 - Veste \u00e9l\u00e9gante en tissu cr\u00eap\u00e9 ivoire et tulle d\u00e9cor\u00e9 de perles, de paillettes et de perles | Ligne Armelle de GEM Collection Veste de la ligne Armelle de GEM Collection. En tissu cr\u00eap\u00e9 ivoire. Tulle d\u00e9cor\u00e9 de paillettes, de perles et de perles sur le devant et le dos. Disponible dans les tailles XS, S, M, L et XL.","og_url":"https:\/\/www.koonings.com\/fr\/product\/poirier-t-75414-colbert-gem-armelle\/","og_site_name":"Koonings","article_publisher":"https:\/\/www.facebook.com\/kooningstheweddingpalace","og_image":[{"width":1650,"height":2200,"url":"https:\/\/www.koonings.com\/wp-content\/uploads\/2025\/07\/50755_df0eacb541a9d9126735eb54ad66f85eb4e9c383903595dfa93761f2269298b12e43d1cf.jpeg","type":"image\/jpeg"}],"twitter_card":"summary_large_image","schema":{"@context":"https:\/\/schema.org","@graph":[{"@type":"WebPage","@id":"https:\/\/www.koonings.com\/fr\/product\/poirier-t-75414-colbert-gem-armelle\/","url":"https:\/\/www.koonings.com\/fr\/product\/poirier-t-75414-colbert-gem-armelle\/","name":"Poirier T-75414 Colbert | Gem | Armelle | Koonings","isPartOf":{"@id":"https:\/\/www.koonings.com\/fr\/#website"},"primaryImageOfPage":{"@id":"https:\/\/www.koonings.com\/fr\/product\/poirier-t-75414-colbert-gem-armelle\/#primaryimage"},"image":{"@id":"https:\/\/www.koonings.com\/fr\/product\/poirier-t-75414-colbert-gem-armelle\/#primaryimage"},"thumbnailUrl":"https:\/\/www.koonings.com\/wp-content\/uploads\/2025\/07\/50755_df0eacb541a9d9126735eb54ad66f85eb4e9c383903595dfa93761f2269298b12e43d1cf.jpeg","datePublished":"2026-04-14T14:34:32+00:00","description":"T-75414 - Veste \u00e9l\u00e9gante en tissu cr\u00eap\u00e9 ivoire et tulle d\u00e9cor\u00e9 de perles, de paillettes et de perles | Ligne Armelle de GEM Collection Veste de la ligne Armelle de GEM Collection. En tissu cr\u00eap\u00e9 ivoire. Tulle d\u00e9cor\u00e9 de paillettes, de perles et de perles sur le devant et le dos. Disponible dans les tailles XS, S, M, L et XL.","breadcrumb":{"@id":"https:\/\/www.koonings.com\/fr\/product\/poirier-t-75414-colbert-gem-armelle\/#breadcrumb"},"inLanguage":"fr-FR","potentialAction":[{"@type":"ReadAction","target":["https:\/\/www.koonings.com\/fr\/product\/poirier-t-75414-colbert-gem-armelle\/"]}]},{"@type":"ImageObject","inLanguage":"fr-FR","@id":"https:\/\/www.koonings.com\/fr\/product\/poirier-t-75414-colbert-gem-armelle\/#primaryimage","url":"https:\/\/www.koonings.com\/wp-content\/uploads\/2025\/07\/50755_df0eacb541a9d9126735eb54ad66f85eb4e9c383903595dfa93761f2269298b12e43d1cf.jpeg","contentUrl":"https:\/\/www.koonings.com\/wp-content\/uploads\/2025\/07\/50755_df0eacb541a9d9126735eb54ad66f85eb4e9c383903595dfa93761f2269298b12e43d1cf.jpeg","width":1650,"height":2200},{"@type":"BreadcrumbList","@id":"https:\/\/www.koonings.com\/fr\/product\/poirier-t-75414-colbert-gem-armelle\/#breadcrumb","itemListElement":[{"@type":"ListItem","position":1,"name":"Home","item":"https:\/\/www.koonings.com\/fr\/"},{"@type":"ListItem","position":2,"name":"Poirier T-75414 Colbert | Gem | Armelle"}]},{"@type":"WebSite","@id":"https:\/\/www.koonings.com\/fr\/#website","url":"https:\/\/www.koonings.com\/fr\/","name":"Koonings","description":"De grootste bruidsmodewinkel ter wereld","publisher":{"@id":"https:\/\/www.koonings.com\/fr\/#organization"},"potentialAction":[{"@type":"SearchAction","target":{"@type":"EntryPoint","urlTemplate":"https:\/\/www.koonings.com\/fr\/?s={search_term_string}"},"query-input":{"@type":"PropertyValueSpecification","valueRequired":true,"valueName":"search_term_string"}}],"inLanguage":"fr-FR"},{"@type":"Organization","@id":"https:\/\/www.koonings.com\/fr\/#organization","name":"Koonings","url":"https:\/\/www.koonings.com\/fr\/","logo":{"@type":"ImageObject","inLanguage":"fr-FR","@id":"https:\/\/www.koonings.com\/fr\/#\/schema\/logo\/image\/","url":"https:\/\/www.koonings.com\/wp-content\/uploads\/2024\/07\/logo.png","contentUrl":"https:\/\/www.koonings.com\/wp-content\/uploads\/2024\/07\/logo.png","width":600,"height":428,"caption":"Koonings"},"image":{"@id":"https:\/\/www.koonings.com\/fr\/#\/schema\/logo\/image\/"},"sameAs":["https:\/\/www.facebook.com\/kooningstheweddingpalace","https:\/\/www.instagram.com\/kooningstheweddingpalace","https:\/\/www.pinterest.com\/koonings","https:\/\/www.youtube.com\/kooningstheweddingpalace"]}]}},"_links":{"self":[{"href":"https:\/\/www.koonings.com\/fr\/wp-json\/wp\/v2\/product\/94345","targetHints":{"allow":["GET"]}}],"collection":[{"href":"https:\/\/www.koonings.com\/fr\/wp-json\/wp\/v2\/product"}],"about":[{"href":"https:\/\/www.koonings.com\/fr\/wp-json\/wp\/v2\/types\/product"}],"wp:featuredmedia":[{"embeddable":true,"href":"https:\/\/www.koonings.com\/fr\/wp-json\/wp\/v2\/media\/89744"}],"wp:attachment":[{"href":"https:\/\/www.koonings.com\/fr\/wp-json\/wp\/v2\/media?parent=94345"}],"wp:term":[{"taxonomy":"productdetails","embeddable":true,"href":"https:\/\/www.koonings.com\/fr\/wp-json\/wp\/v2\/productdetails?post=94345"},{"taxonomy":"productneck","embeddable":true,"href":"https:\/\/www.koonings.com\/fr\/wp-json\/wp\/v2\/productneck?post=94345"},{"taxonomy":"productcolor","embeddable":true,"href":"https:\/\/www.koonings.com\/fr\/wp-json\/wp\/v2\/productcolor?post=94345"},{"taxonomy":"maat","embeddable":true,"href":"https:\/\/www.koonings.com\/fr\/wp-json\/wp\/v2\/maat?post=94345"},{"taxonomy":"productsupplier","embeddable":true,"href":"https:\/\/www.koonings.com\/fr\/wp-json\/wp\/v2\/productsupplier?post=94345"},{"taxonomy":"productsleeve","embeddable":true,"href":"https:\/\/www.koonings.com\/fr\/wp-json\/wp\/v2\/productsleeve?post=94345"},{"taxonomy":"productcategory","embeddable":true,"href":"https:\/\/www.koonings.com\/fr\/wp-json\/wp\/v2\/productcategory?post=94345"},{"taxonomy":"productsilhouette","embeddable":true,"href":"https:\/\/www.koonings.com\/fr\/wp-json\/wp\/v2\/productsilhouette?post=94345"},{"taxonomy":"productstyle","embeddable":true,"href":"https:\/\/www.koonings.com\/fr\/wp-json\/wp\/v2\/productstyle?post=94345"}],"curies":[{"name":"wp","href":"https:\/\/api.w.org\/{rel}","templated":true}]}}