{"id":94327,"date":"2026-03-27T16:30:13","date_gmt":"2026-03-27T15:30:13","guid":{"rendered":"https:\/\/www.koonings.com\/product\/poirier-bb-8593-bijoux-de-cheveux\/"},"modified":"2026-02-17T12:12:23","modified_gmt":"2026-02-17T11:12:23","slug":"poirier-bb-8593-bijoux-de-cheveux","status":"publish","type":"product","link":"https:\/\/www.koonings.com\/fr\/product\/poirier-bb-8593-bijoux-de-cheveux\/","title":{"rendered":"Poirier BB-8593 Bijoux de cheveux"},"content":{"rendered":"<p>Parure de cheveux extra longue avec fleurs, perles et strass<br \/>\nCr\u00e9ez votre look de mariage id\u00e9al<br \/>\nParure de cheveux extra longue de couleur argent ou or avec fleurs de couleur argent ou or, perles de couleur ivoire ou blush et strass<br \/>\nLa longueur de cette parure de cheveux est de 51 cm<br \/>\nLe look de mari\u00e9e dont vous avez toujours r\u00eav\u00e9<br \/>\nVoulez-vous cr\u00e9er le look de mari\u00e9e romantique dont vous avez toujours r\u00eav\u00e9 ?<br \/>\nChoisissez cette magnifique parure de cheveux de la collection romantique de Poirier lorsque vous souhaitez cr\u00e9er le look de mari\u00e9e romantique dont vous avez toujours r\u00eav\u00e9.<\/p>\n<p>Cette parure de cheveux est disponible en 2 variantes :<br \/>\n&#8211; Parure de cheveux extra longue de couleur argent\u00e9e avec des fleurs de couleur argent\u00e9e,<br \/>\n perles et strass de couleur ivoire (51 cm)<br \/>\n&#8211; Parure de cheveux extra longue de couleur dor\u00e9e avec des fleurs de couleur dor\u00e9e,<br \/>\n perles et strass de couleur blush (51 cm)<\/p>\n<p>Avec Poirier, vous pouvez composer votre look de mariage romantique parfait afin de briller le jour le plus beau.<\/p>\n<p>Avec Poirier, vous choisissez la perfection.<br \/>\nCaract\u00e9ristiques :<br \/>\nProduit : BB-8593 &#8211; ornement de cheveux extra long avec fleurs, perles et strass<br \/>\nCaract\u00e9ristiques : ornement de cheveux extra long de couleur argent ou or, fleurs de couleur argent ou or, perles de couleur ivoire ou blush, strass<br \/>\nUtilisation : &#8211; \u00e0 incorporer dans diff\u00e9rents types de coiffures de mari\u00e9es romantiques<br \/>\n &#8211; la longueur de cet ornement de cheveux est de 51 cm.<\/p>\n","protected":false},"featured_media":89086,"template":"","meta":{"_acf_changed":false,"ghostkit_customizer_options":"","ghostkit_custom_css":"","ghostkit_custom_js_head":"","ghostkit_custom_js_foot":"","ghostkit_typography":""},"productdetails":[],"productneck":[],"productcolor":[],"maat":[],"productsupplier":[416],"productsleeve":[],"productcategory":[512],"productsilhouette":[],"productstyle":[],"class_list":["post-94327","product","type-product","status-publish","has-post-thumbnail","hentry","productsupplier-poirier","productcategory-haar-accessoires"],"acf":[],"yoast_head":"<!-- This site is optimized with the Yoast SEO plugin v26.8 - https:\/\/yoast.com\/product\/yoast-seo-wordpress\/ -->\n<title>Poirier BB-8593 Bijoux de cheveux | Koonings<\/title>\n<meta name=\"description\" content=\"Parure de cheveux extra longue avec fleurs, perles et strass Cr\u00e9ez votre look de mariage id\u00e9al Parure de cheveux extra longue de couleur argent ou or avec fleurs de couleur argent ou or, perles de couleur ivoire ou blush et strass La longueur de cette parure de cheveux est de 51 cm Le look de mari\u00e9e dont vous avez toujours r\u00eav\u00e9 Voulez-vous cr\u00e9er le look de mari\u00e9e romantique dont vous avez toujours r\u00eav\u00e9 ? Choisissez cette magnifique parure de cheveux de la collection romantique de Poirier lorsque vous souhaitez cr\u00e9er le look de mari\u00e9e romantique dont vous avez toujours r\u00eav\u00e9. Cette parure de cheveux est disponible en 2 variantes : - Parure de cheveux extra longue de couleur argent\u00e9e avec des fleurs de couleur argent\u00e9e, perles et strass de couleur ivoire (51 cm) - Parure de cheveux extra longue de couleur dor\u00e9e avec des fleurs de couleur dor\u00e9e, perles et strass de couleur blush (51 cm) Avec Poirier, vous pouvez composer votre look de mariage romantique parfait afin de briller le jour le plus beau. Avec Poirier, vous choisissez la perfection. Caract\u00e9ristiques : Produit : BB-8593 - ornement de cheveux extra long avec fleurs, perles et strass Caract\u00e9ristiques : ornement de cheveux extra long de couleur argent ou or, fleurs de couleur argent ou or, perles de couleur ivoire ou blush, strass Utilisation : - \u00e0 incorporer dans diff\u00e9rents types de coiffures de mari\u00e9es romantiques - la longueur de cet ornement de cheveux est de 51 cm.\" \/>\n<meta name=\"robots\" content=\"index, follow, max-snippet:-1, max-image-preview:large, max-video-preview:-1\" \/>\n<link rel=\"canonical\" href=\"https:\/\/www.koonings.com\/fr\/product\/poirier-bb-8593-bijoux-de-cheveux\/\" \/>\n<meta property=\"og:locale\" content=\"fr_FR\" \/>\n<meta property=\"og:type\" content=\"article\" \/>\n<meta property=\"og:title\" content=\"Poirier BB-8593 Bijoux de cheveux | Koonings\" \/>\n<meta property=\"og:description\" content=\"Parure de cheveux extra longue avec fleurs, perles et strass Cr\u00e9ez votre look de mariage id\u00e9al Parure de cheveux extra longue de couleur argent ou or avec fleurs de couleur argent ou or, perles de couleur ivoire ou blush et strass La longueur de cette parure de cheveux est de 51 cm Le look de mari\u00e9e dont vous avez toujours r\u00eav\u00e9 Voulez-vous cr\u00e9er le look de mari\u00e9e romantique dont vous avez toujours r\u00eav\u00e9 ? Choisissez cette magnifique parure de cheveux de la collection romantique de Poirier lorsque vous souhaitez cr\u00e9er le look de mari\u00e9e romantique dont vous avez toujours r\u00eav\u00e9. Cette parure de cheveux est disponible en 2 variantes : - Parure de cheveux extra longue de couleur argent\u00e9e avec des fleurs de couleur argent\u00e9e, perles et strass de couleur ivoire (51 cm) - Parure de cheveux extra longue de couleur dor\u00e9e avec des fleurs de couleur dor\u00e9e, perles et strass de couleur blush (51 cm) Avec Poirier, vous pouvez composer votre look de mariage romantique parfait afin de briller le jour le plus beau. Avec Poirier, vous choisissez la perfection. Caract\u00e9ristiques : Produit : BB-8593 - ornement de cheveux extra long avec fleurs, perles et strass Caract\u00e9ristiques : ornement de cheveux extra long de couleur argent ou or, fleurs de couleur argent ou or, perles de couleur ivoire ou blush, strass Utilisation : - \u00e0 incorporer dans diff\u00e9rents types de coiffures de mari\u00e9es romantiques - la longueur de cet ornement de cheveux est de 51 cm.\" \/>\n<meta property=\"og:url\" content=\"https:\/\/www.koonings.com\/fr\/product\/poirier-bb-8593-bijoux-de-cheveux\/\" \/>\n<meta property=\"og:site_name\" content=\"Koonings\" \/>\n<meta property=\"article:publisher\" content=\"https:\/\/www.facebook.com\/kooningstheweddingpalace\" \/>\n<meta property=\"og:image\" content=\"https:\/\/www.koonings.com\/wp-content\/uploads\/2025\/07\/50717_e6429e2baad73cdd27ca6b1141ac5149f5dd50a0fa79e1f010ad288ea549061de7af533d.jpeg\" \/>\n\t<meta property=\"og:image:width\" content=\"800\" \/>\n\t<meta property=\"og:image:height\" content=\"1064\" \/>\n\t<meta property=\"og:image:type\" content=\"image\/jpeg\" \/>\n<meta name=\"twitter:card\" content=\"summary_large_image\" \/>\n<meta name=\"twitter:label1\" content=\"Dur\u00e9e de lecture estim\u00e9e\" \/>\n\t<meta name=\"twitter:data1\" content=\"1 minute\" \/>\n<script type=\"application\/ld+json\" class=\"yoast-schema-graph\">{\"@context\":\"https:\/\/schema.org\",\"@graph\":[{\"@type\":\"WebPage\",\"@id\":\"https:\/\/www.koonings.com\/fr\/product\/poirier-bb-8593-bijoux-de-cheveux\/\",\"url\":\"https:\/\/www.koonings.com\/fr\/product\/poirier-bb-8593-bijoux-de-cheveux\/\",\"name\":\"Poirier BB-8593 Bijoux de cheveux | Koonings\",\"isPartOf\":{\"@id\":\"https:\/\/www.koonings.com\/fr\/#website\"},\"primaryImageOfPage\":{\"@id\":\"https:\/\/www.koonings.com\/fr\/product\/poirier-bb-8593-bijoux-de-cheveux\/#primaryimage\"},\"image\":{\"@id\":\"https:\/\/www.koonings.com\/fr\/product\/poirier-bb-8593-bijoux-de-cheveux\/#primaryimage\"},\"thumbnailUrl\":\"https:\/\/www.koonings.com\/wp-content\/uploads\/2025\/07\/50717_e6429e2baad73cdd27ca6b1141ac5149f5dd50a0fa79e1f010ad288ea549061de7af533d.jpeg\",\"datePublished\":\"2026-03-27T15:30:13+00:00\",\"description\":\"Parure de cheveux extra longue avec fleurs, perles et strass Cr\u00e9ez votre look de mariage id\u00e9al Parure de cheveux extra longue de couleur argent ou or avec fleurs de couleur argent ou or, perles de couleur ivoire ou blush et strass La longueur de cette parure de cheveux est de 51 cm Le look de mari\u00e9e dont vous avez toujours r\u00eav\u00e9 Voulez-vous cr\u00e9er le look de mari\u00e9e romantique dont vous avez toujours r\u00eav\u00e9 ? Choisissez cette magnifique parure de cheveux de la collection romantique de Poirier lorsque vous souhaitez cr\u00e9er le look de mari\u00e9e romantique dont vous avez toujours r\u00eav\u00e9. Cette parure de cheveux est disponible en 2 variantes : - Parure de cheveux extra longue de couleur argent\u00e9e avec des fleurs de couleur argent\u00e9e, perles et strass de couleur ivoire (51 cm) - Parure de cheveux extra longue de couleur dor\u00e9e avec des fleurs de couleur dor\u00e9e, perles et strass de couleur blush (51 cm) Avec Poirier, vous pouvez composer votre look de mariage romantique parfait afin de briller le jour le plus beau. Avec Poirier, vous choisissez la perfection. Caract\u00e9ristiques : Produit : BB-8593 - ornement de cheveux extra long avec fleurs, perles et strass Caract\u00e9ristiques : ornement de cheveux extra long de couleur argent ou or, fleurs de couleur argent ou or, perles de couleur ivoire ou blush, strass Utilisation : - \u00e0 incorporer dans diff\u00e9rents types de coiffures de mari\u00e9es romantiques - la longueur de cet ornement de cheveux est de 51 cm.\",\"breadcrumb\":{\"@id\":\"https:\/\/www.koonings.com\/fr\/product\/poirier-bb-8593-bijoux-de-cheveux\/#breadcrumb\"},\"inLanguage\":\"fr-FR\",\"potentialAction\":[{\"@type\":\"ReadAction\",\"target\":[\"https:\/\/www.koonings.com\/fr\/product\/poirier-bb-8593-bijoux-de-cheveux\/\"]}]},{\"@type\":\"ImageObject\",\"inLanguage\":\"fr-FR\",\"@id\":\"https:\/\/www.koonings.com\/fr\/product\/poirier-bb-8593-bijoux-de-cheveux\/#primaryimage\",\"url\":\"https:\/\/www.koonings.com\/wp-content\/uploads\/2025\/07\/50717_e6429e2baad73cdd27ca6b1141ac5149f5dd50a0fa79e1f010ad288ea549061de7af533d.jpeg\",\"contentUrl\":\"https:\/\/www.koonings.com\/wp-content\/uploads\/2025\/07\/50717_e6429e2baad73cdd27ca6b1141ac5149f5dd50a0fa79e1f010ad288ea549061de7af533d.jpeg\",\"width\":800,\"height\":1064},{\"@type\":\"BreadcrumbList\",\"@id\":\"https:\/\/www.koonings.com\/fr\/product\/poirier-bb-8593-bijoux-de-cheveux\/#breadcrumb\",\"itemListElement\":[{\"@type\":\"ListItem\",\"position\":1,\"name\":\"Home\",\"item\":\"https:\/\/www.koonings.com\/fr\/\"},{\"@type\":\"ListItem\",\"position\":2,\"name\":\"Poirier BB-8593 Bijoux de cheveux\"}]},{\"@type\":\"WebSite\",\"@id\":\"https:\/\/www.koonings.com\/fr\/#website\",\"url\":\"https:\/\/www.koonings.com\/fr\/\",\"name\":\"Koonings\",\"description\":\"De grootste bruidsmodewinkel ter wereld\",\"publisher\":{\"@id\":\"https:\/\/www.koonings.com\/fr\/#organization\"},\"potentialAction\":[{\"@type\":\"SearchAction\",\"target\":{\"@type\":\"EntryPoint\",\"urlTemplate\":\"https:\/\/www.koonings.com\/fr\/?s={search_term_string}\"},\"query-input\":{\"@type\":\"PropertyValueSpecification\",\"valueRequired\":true,\"valueName\":\"search_term_string\"}}],\"inLanguage\":\"fr-FR\"},{\"@type\":\"Organization\",\"@id\":\"https:\/\/www.koonings.com\/fr\/#organization\",\"name\":\"Koonings\",\"url\":\"https:\/\/www.koonings.com\/fr\/\",\"logo\":{\"@type\":\"ImageObject\",\"inLanguage\":\"fr-FR\",\"@id\":\"https:\/\/www.koonings.com\/fr\/#\/schema\/logo\/image\/\",\"url\":\"https:\/\/www.koonings.com\/wp-content\/uploads\/2024\/07\/logo.png\",\"contentUrl\":\"https:\/\/www.koonings.com\/wp-content\/uploads\/2024\/07\/logo.png\",\"width\":600,\"height\":428,\"caption\":\"Koonings\"},\"image\":{\"@id\":\"https:\/\/www.koonings.com\/fr\/#\/schema\/logo\/image\/\"},\"sameAs\":[\"https:\/\/www.facebook.com\/kooningstheweddingpalace\",\"https:\/\/www.instagram.com\/kooningstheweddingpalace\",\"https:\/\/www.pinterest.com\/koonings\",\"https:\/\/www.youtube.com\/kooningstheweddingpalace\"]}]}<\/script>\n<!-- \/ Yoast SEO plugin. -->","yoast_head_json":{"title":"Poirier BB-8593 Bijoux de cheveux | Koonings","description":"Parure de cheveux extra longue avec fleurs, perles et strass Cr\u00e9ez votre look de mariage id\u00e9al Parure de cheveux extra longue de couleur argent ou or avec fleurs de couleur argent ou or, perles de couleur ivoire ou blush et strass La longueur de cette parure de cheveux est de 51 cm Le look de mari\u00e9e dont vous avez toujours r\u00eav\u00e9 Voulez-vous cr\u00e9er le look de mari\u00e9e romantique dont vous avez toujours r\u00eav\u00e9 ? Choisissez cette magnifique parure de cheveux de la collection romantique de Poirier lorsque vous souhaitez cr\u00e9er le look de mari\u00e9e romantique dont vous avez toujours r\u00eav\u00e9. Cette parure de cheveux est disponible en 2 variantes : - Parure de cheveux extra longue de couleur argent\u00e9e avec des fleurs de couleur argent\u00e9e, perles et strass de couleur ivoire (51 cm) - Parure de cheveux extra longue de couleur dor\u00e9e avec des fleurs de couleur dor\u00e9e, perles et strass de couleur blush (51 cm) Avec Poirier, vous pouvez composer votre look de mariage romantique parfait afin de briller le jour le plus beau. Avec Poirier, vous choisissez la perfection. Caract\u00e9ristiques : Produit : BB-8593 - ornement de cheveux extra long avec fleurs, perles et strass Caract\u00e9ristiques : ornement de cheveux extra long de couleur argent ou or, fleurs de couleur argent ou or, perles de couleur ivoire ou blush, strass Utilisation : - \u00e0 incorporer dans diff\u00e9rents types de coiffures de mari\u00e9es romantiques - la longueur de cet ornement de cheveux est de 51 cm.","robots":{"index":"index","follow":"follow","max-snippet":"max-snippet:-1","max-image-preview":"max-image-preview:large","max-video-preview":"max-video-preview:-1"},"canonical":"https:\/\/www.koonings.com\/fr\/product\/poirier-bb-8593-bijoux-de-cheveux\/","og_locale":"fr_FR","og_type":"article","og_title":"Poirier BB-8593 Bijoux de cheveux | Koonings","og_description":"Parure de cheveux extra longue avec fleurs, perles et strass Cr\u00e9ez votre look de mariage id\u00e9al Parure de cheveux extra longue de couleur argent ou or avec fleurs de couleur argent ou or, perles de couleur ivoire ou blush et strass La longueur de cette parure de cheveux est de 51 cm Le look de mari\u00e9e dont vous avez toujours r\u00eav\u00e9 Voulez-vous cr\u00e9er le look de mari\u00e9e romantique dont vous avez toujours r\u00eav\u00e9 ? Choisissez cette magnifique parure de cheveux de la collection romantique de Poirier lorsque vous souhaitez cr\u00e9er le look de mari\u00e9e romantique dont vous avez toujours r\u00eav\u00e9. Cette parure de cheveux est disponible en 2 variantes : - Parure de cheveux extra longue de couleur argent\u00e9e avec des fleurs de couleur argent\u00e9e, perles et strass de couleur ivoire (51 cm) - Parure de cheveux extra longue de couleur dor\u00e9e avec des fleurs de couleur dor\u00e9e, perles et strass de couleur blush (51 cm) Avec Poirier, vous pouvez composer votre look de mariage romantique parfait afin de briller le jour le plus beau. Avec Poirier, vous choisissez la perfection. Caract\u00e9ristiques : Produit : BB-8593 - ornement de cheveux extra long avec fleurs, perles et strass Caract\u00e9ristiques : ornement de cheveux extra long de couleur argent ou or, fleurs de couleur argent ou or, perles de couleur ivoire ou blush, strass Utilisation : - \u00e0 incorporer dans diff\u00e9rents types de coiffures de mari\u00e9es romantiques - la longueur de cet ornement de cheveux est de 51 cm.","og_url":"https:\/\/www.koonings.com\/fr\/product\/poirier-bb-8593-bijoux-de-cheveux\/","og_site_name":"Koonings","article_publisher":"https:\/\/www.facebook.com\/kooningstheweddingpalace","og_image":[{"width":800,"height":1064,"url":"https:\/\/www.koonings.com\/wp-content\/uploads\/2025\/07\/50717_e6429e2baad73cdd27ca6b1141ac5149f5dd50a0fa79e1f010ad288ea549061de7af533d.jpeg","type":"image\/jpeg"}],"twitter_card":"summary_large_image","twitter_misc":{"Dur\u00e9e de lecture estim\u00e9e":"1 minute"},"schema":{"@context":"https:\/\/schema.org","@graph":[{"@type":"WebPage","@id":"https:\/\/www.koonings.com\/fr\/product\/poirier-bb-8593-bijoux-de-cheveux\/","url":"https:\/\/www.koonings.com\/fr\/product\/poirier-bb-8593-bijoux-de-cheveux\/","name":"Poirier BB-8593 Bijoux de cheveux | Koonings","isPartOf":{"@id":"https:\/\/www.koonings.com\/fr\/#website"},"primaryImageOfPage":{"@id":"https:\/\/www.koonings.com\/fr\/product\/poirier-bb-8593-bijoux-de-cheveux\/#primaryimage"},"image":{"@id":"https:\/\/www.koonings.com\/fr\/product\/poirier-bb-8593-bijoux-de-cheveux\/#primaryimage"},"thumbnailUrl":"https:\/\/www.koonings.com\/wp-content\/uploads\/2025\/07\/50717_e6429e2baad73cdd27ca6b1141ac5149f5dd50a0fa79e1f010ad288ea549061de7af533d.jpeg","datePublished":"2026-03-27T15:30:13+00:00","description":"Parure de cheveux extra longue avec fleurs, perles et strass Cr\u00e9ez votre look de mariage id\u00e9al Parure de cheveux extra longue de couleur argent ou or avec fleurs de couleur argent ou or, perles de couleur ivoire ou blush et strass La longueur de cette parure de cheveux est de 51 cm Le look de mari\u00e9e dont vous avez toujours r\u00eav\u00e9 Voulez-vous cr\u00e9er le look de mari\u00e9e romantique dont vous avez toujours r\u00eav\u00e9 ? Choisissez cette magnifique parure de cheveux de la collection romantique de Poirier lorsque vous souhaitez cr\u00e9er le look de mari\u00e9e romantique dont vous avez toujours r\u00eav\u00e9. Cette parure de cheveux est disponible en 2 variantes : - Parure de cheveux extra longue de couleur argent\u00e9e avec des fleurs de couleur argent\u00e9e, perles et strass de couleur ivoire (51 cm) - Parure de cheveux extra longue de couleur dor\u00e9e avec des fleurs de couleur dor\u00e9e, perles et strass de couleur blush (51 cm) Avec Poirier, vous pouvez composer votre look de mariage romantique parfait afin de briller le jour le plus beau. Avec Poirier, vous choisissez la perfection. Caract\u00e9ristiques : Produit : BB-8593 - ornement de cheveux extra long avec fleurs, perles et strass Caract\u00e9ristiques : ornement de cheveux extra long de couleur argent ou or, fleurs de couleur argent ou or, perles de couleur ivoire ou blush, strass Utilisation : - \u00e0 incorporer dans diff\u00e9rents types de coiffures de mari\u00e9es romantiques - la longueur de cet ornement de cheveux est de 51 cm.","breadcrumb":{"@id":"https:\/\/www.koonings.com\/fr\/product\/poirier-bb-8593-bijoux-de-cheveux\/#breadcrumb"},"inLanguage":"fr-FR","potentialAction":[{"@type":"ReadAction","target":["https:\/\/www.koonings.com\/fr\/product\/poirier-bb-8593-bijoux-de-cheveux\/"]}]},{"@type":"ImageObject","inLanguage":"fr-FR","@id":"https:\/\/www.koonings.com\/fr\/product\/poirier-bb-8593-bijoux-de-cheveux\/#primaryimage","url":"https:\/\/www.koonings.com\/wp-content\/uploads\/2025\/07\/50717_e6429e2baad73cdd27ca6b1141ac5149f5dd50a0fa79e1f010ad288ea549061de7af533d.jpeg","contentUrl":"https:\/\/www.koonings.com\/wp-content\/uploads\/2025\/07\/50717_e6429e2baad73cdd27ca6b1141ac5149f5dd50a0fa79e1f010ad288ea549061de7af533d.jpeg","width":800,"height":1064},{"@type":"BreadcrumbList","@id":"https:\/\/www.koonings.com\/fr\/product\/poirier-bb-8593-bijoux-de-cheveux\/#breadcrumb","itemListElement":[{"@type":"ListItem","position":1,"name":"Home","item":"https:\/\/www.koonings.com\/fr\/"},{"@type":"ListItem","position":2,"name":"Poirier BB-8593 Bijoux de cheveux"}]},{"@type":"WebSite","@id":"https:\/\/www.koonings.com\/fr\/#website","url":"https:\/\/www.koonings.com\/fr\/","name":"Koonings","description":"De grootste bruidsmodewinkel ter wereld","publisher":{"@id":"https:\/\/www.koonings.com\/fr\/#organization"},"potentialAction":[{"@type":"SearchAction","target":{"@type":"EntryPoint","urlTemplate":"https:\/\/www.koonings.com\/fr\/?s={search_term_string}"},"query-input":{"@type":"PropertyValueSpecification","valueRequired":true,"valueName":"search_term_string"}}],"inLanguage":"fr-FR"},{"@type":"Organization","@id":"https:\/\/www.koonings.com\/fr\/#organization","name":"Koonings","url":"https:\/\/www.koonings.com\/fr\/","logo":{"@type":"ImageObject","inLanguage":"fr-FR","@id":"https:\/\/www.koonings.com\/fr\/#\/schema\/logo\/image\/","url":"https:\/\/www.koonings.com\/wp-content\/uploads\/2024\/07\/logo.png","contentUrl":"https:\/\/www.koonings.com\/wp-content\/uploads\/2024\/07\/logo.png","width":600,"height":428,"caption":"Koonings"},"image":{"@id":"https:\/\/www.koonings.com\/fr\/#\/schema\/logo\/image\/"},"sameAs":["https:\/\/www.facebook.com\/kooningstheweddingpalace","https:\/\/www.instagram.com\/kooningstheweddingpalace","https:\/\/www.pinterest.com\/koonings","https:\/\/www.youtube.com\/kooningstheweddingpalace"]}]}},"_links":{"self":[{"href":"https:\/\/www.koonings.com\/fr\/wp-json\/wp\/v2\/product\/94327","targetHints":{"allow":["GET"]}}],"collection":[{"href":"https:\/\/www.koonings.com\/fr\/wp-json\/wp\/v2\/product"}],"about":[{"href":"https:\/\/www.koonings.com\/fr\/wp-json\/wp\/v2\/types\/product"}],"wp:featuredmedia":[{"embeddable":true,"href":"https:\/\/www.koonings.com\/fr\/wp-json\/wp\/v2\/media\/89086"}],"wp:attachment":[{"href":"https:\/\/www.koonings.com\/fr\/wp-json\/wp\/v2\/media?parent=94327"}],"wp:term":[{"taxonomy":"productdetails","embeddable":true,"href":"https:\/\/www.koonings.com\/fr\/wp-json\/wp\/v2\/productdetails?post=94327"},{"taxonomy":"productneck","embeddable":true,"href":"https:\/\/www.koonings.com\/fr\/wp-json\/wp\/v2\/productneck?post=94327"},{"taxonomy":"productcolor","embeddable":true,"href":"https:\/\/www.koonings.com\/fr\/wp-json\/wp\/v2\/productcolor?post=94327"},{"taxonomy":"maat","embeddable":true,"href":"https:\/\/www.koonings.com\/fr\/wp-json\/wp\/v2\/maat?post=94327"},{"taxonomy":"productsupplier","embeddable":true,"href":"https:\/\/www.koonings.com\/fr\/wp-json\/wp\/v2\/productsupplier?post=94327"},{"taxonomy":"productsleeve","embeddable":true,"href":"https:\/\/www.koonings.com\/fr\/wp-json\/wp\/v2\/productsleeve?post=94327"},{"taxonomy":"productcategory","embeddable":true,"href":"https:\/\/www.koonings.com\/fr\/wp-json\/wp\/v2\/productcategory?post=94327"},{"taxonomy":"productsilhouette","embeddable":true,"href":"https:\/\/www.koonings.com\/fr\/wp-json\/wp\/v2\/productsilhouette?post=94327"},{"taxonomy":"productstyle","embeddable":true,"href":"https:\/\/www.koonings.com\/fr\/wp-json\/wp\/v2\/productstyle?post=94327"}],"curies":[{"name":"wp","href":"https:\/\/api.w.org\/{rel}","templated":true}]}}