{"id":94325,"date":"2026-04-14T16:34:20","date_gmt":"2026-04-14T14:34:20","guid":{"rendered":"https:\/\/www.koonings.com\/product\/poirier-st-75320-etole-camille\/"},"modified":"2026-04-14T15:47:40","modified_gmt":"2026-04-14T13:47:40","slug":"poirier-st-75320-etole-camille","status":"publish","type":"product","link":"https:\/\/www.koonings.com\/fr\/product\/poirier-st-75320-etole-camille\/","title":{"rendered":"Poirier ST-75320 Etole | Camille"},"content":{"rendered":"<p>ST-75320 &#8211; \u00c9tole \u00e9l\u00e9gante, semi-transparente avec perles et paillettes | Ligne Camille<br \/>\n\u00c9tole de la ligne Camille de la collection Poirier.<br \/>\nOrn\u00e9e de perles et de paillettes de diff\u00e9rentes tailles.<br \/>\nIvoire.<br \/>\nTaille : 200 x 50 cm.<br \/>\nTop Camille assorti : T-75419.<\/p>\n","protected":false},"featured_media":89269,"template":"","meta":{"_acf_changed":false,"ghostkit_customizer_options":"","ghostkit_custom_css":"","ghostkit_custom_js_head":"","ghostkit_custom_js_foot":"","ghostkit_typography":""},"productdetails":[],"productneck":[],"productcolor":[],"maat":[],"productsupplier":[416],"productsleeve":[],"productcategory":[509],"productsilhouette":[],"productstyle":[],"class_list":["post-94325","product","type-product","status-publish","has-post-thumbnail","hentry","productsupplier-poirier","productcategory-accessoires-bruid"],"acf":[],"yoast_head":"<!-- This site is optimized with the Yoast SEO plugin v27.3 - https:\/\/yoast.com\/product\/yoast-seo-wordpress\/ -->\n<title>Poirier ST-75320 Etole | Camille | Koonings<\/title>\n<meta name=\"description\" content=\"ST-75320 - \u00c9tole \u00e9l\u00e9gante, semi-transparente avec perles et paillettes | Ligne Camille \u00c9tole de la ligne Camille de la collection Poirier. Orn\u00e9e de perles et de paillettes de diff\u00e9rentes tailles. Ivoire. Taille : 200 x 50 cm. Top Camille assorti : T-75419.\" \/>\n<meta name=\"robots\" content=\"index, follow, max-snippet:-1, max-image-preview:large, max-video-preview:-1\" \/>\n<link rel=\"canonical\" href=\"https:\/\/www.koonings.com\/fr\/product\/poirier-st-75320-etole-camille\/\" \/>\n<meta property=\"og:locale\" content=\"fr_FR\" \/>\n<meta property=\"og:type\" content=\"article\" \/>\n<meta property=\"og:title\" content=\"Poirier ST-75320 Etole | Camille | Koonings\" \/>\n<meta property=\"og:description\" content=\"ST-75320 - \u00c9tole \u00e9l\u00e9gante, semi-transparente avec perles et paillettes | Ligne Camille \u00c9tole de la ligne Camille de la collection Poirier. Orn\u00e9e de perles et de paillettes de diff\u00e9rentes tailles. Ivoire. Taille : 200 x 50 cm. Top Camille assorti : T-75419.\" \/>\n<meta property=\"og:url\" content=\"https:\/\/www.koonings.com\/fr\/product\/poirier-st-75320-etole-camille\/\" \/>\n<meta property=\"og:site_name\" content=\"Koonings\" \/>\n<meta property=\"article:publisher\" content=\"https:\/\/www.facebook.com\/kooningstheweddingpalace\" \/>\n<meta property=\"og:image\" content=\"https:\/\/www.koonings.com\/wp-content\/uploads\/2025\/07\/50728_936487d30ca4fe2d1d24e67cd8d2da8e07f87ba0ea57ea274cece4cddca7ff60cc5c19ed.jpeg\" \/>\n\t<meta property=\"og:image:width\" content=\"1500\" \/>\n\t<meta property=\"og:image:height\" content=\"2000\" \/>\n\t<meta property=\"og:image:type\" content=\"image\/jpeg\" \/>\n<meta name=\"twitter:card\" content=\"summary_large_image\" \/>\n<script type=\"application\/ld+json\" class=\"yoast-schema-graph\">{\"@context\":\"https:\\\/\\\/schema.org\",\"@graph\":[{\"@type\":\"WebPage\",\"@id\":\"https:\\\/\\\/www.koonings.com\\\/fr\\\/product\\\/poirier-st-75320-etole-camille\\\/\",\"url\":\"https:\\\/\\\/www.koonings.com\\\/fr\\\/product\\\/poirier-st-75320-etole-camille\\\/\",\"name\":\"Poirier ST-75320 Etole | Camille | Koonings\",\"isPartOf\":{\"@id\":\"https:\\\/\\\/www.koonings.com\\\/fr\\\/#website\"},\"primaryImageOfPage\":{\"@id\":\"https:\\\/\\\/www.koonings.com\\\/fr\\\/product\\\/poirier-st-75320-etole-camille\\\/#primaryimage\"},\"image\":{\"@id\":\"https:\\\/\\\/www.koonings.com\\\/fr\\\/product\\\/poirier-st-75320-etole-camille\\\/#primaryimage\"},\"thumbnailUrl\":\"https:\\\/\\\/www.koonings.com\\\/wp-content\\\/uploads\\\/2025\\\/07\\\/50728_936487d30ca4fe2d1d24e67cd8d2da8e07f87ba0ea57ea274cece4cddca7ff60cc5c19ed.jpeg\",\"datePublished\":\"2026-04-14T14:34:20+00:00\",\"description\":\"ST-75320 - \u00c9tole \u00e9l\u00e9gante, semi-transparente avec perles et paillettes | Ligne Camille \u00c9tole de la ligne Camille de la collection Poirier. Orn\u00e9e de perles et de paillettes de diff\u00e9rentes tailles. Ivoire. Taille : 200 x 50 cm. Top Camille assorti : T-75419.\",\"breadcrumb\":{\"@id\":\"https:\\\/\\\/www.koonings.com\\\/fr\\\/product\\\/poirier-st-75320-etole-camille\\\/#breadcrumb\"},\"inLanguage\":\"fr-FR\",\"potentialAction\":[{\"@type\":\"ReadAction\",\"target\":[\"https:\\\/\\\/www.koonings.com\\\/fr\\\/product\\\/poirier-st-75320-etole-camille\\\/\"]}]},{\"@type\":\"ImageObject\",\"inLanguage\":\"fr-FR\",\"@id\":\"https:\\\/\\\/www.koonings.com\\\/fr\\\/product\\\/poirier-st-75320-etole-camille\\\/#primaryimage\",\"url\":\"https:\\\/\\\/www.koonings.com\\\/wp-content\\\/uploads\\\/2025\\\/07\\\/50728_936487d30ca4fe2d1d24e67cd8d2da8e07f87ba0ea57ea274cece4cddca7ff60cc5c19ed.jpeg\",\"contentUrl\":\"https:\\\/\\\/www.koonings.com\\\/wp-content\\\/uploads\\\/2025\\\/07\\\/50728_936487d30ca4fe2d1d24e67cd8d2da8e07f87ba0ea57ea274cece4cddca7ff60cc5c19ed.jpeg\",\"width\":1500,\"height\":2000},{\"@type\":\"BreadcrumbList\",\"@id\":\"https:\\\/\\\/www.koonings.com\\\/fr\\\/product\\\/poirier-st-75320-etole-camille\\\/#breadcrumb\",\"itemListElement\":[{\"@type\":\"ListItem\",\"position\":1,\"name\":\"Home\",\"item\":\"https:\\\/\\\/www.koonings.com\\\/fr\\\/\"},{\"@type\":\"ListItem\",\"position\":2,\"name\":\"Poirier ST-75320 Etole | Camille\"}]},{\"@type\":\"WebSite\",\"@id\":\"https:\\\/\\\/www.koonings.com\\\/fr\\\/#website\",\"url\":\"https:\\\/\\\/www.koonings.com\\\/fr\\\/\",\"name\":\"Koonings\",\"description\":\"De grootste bruidsmodewinkel ter wereld\",\"publisher\":{\"@id\":\"https:\\\/\\\/www.koonings.com\\\/fr\\\/#organization\"},\"potentialAction\":[{\"@type\":\"SearchAction\",\"target\":{\"@type\":\"EntryPoint\",\"urlTemplate\":\"https:\\\/\\\/www.koonings.com\\\/fr\\\/?s={search_term_string}\"},\"query-input\":{\"@type\":\"PropertyValueSpecification\",\"valueRequired\":true,\"valueName\":\"search_term_string\"}}],\"inLanguage\":\"fr-FR\"},{\"@type\":\"Organization\",\"@id\":\"https:\\\/\\\/www.koonings.com\\\/fr\\\/#organization\",\"name\":\"Koonings\",\"url\":\"https:\\\/\\\/www.koonings.com\\\/fr\\\/\",\"logo\":{\"@type\":\"ImageObject\",\"inLanguage\":\"fr-FR\",\"@id\":\"https:\\\/\\\/www.koonings.com\\\/fr\\\/#\\\/schema\\\/logo\\\/image\\\/\",\"url\":\"https:\\\/\\\/www.koonings.com\\\/wp-content\\\/uploads\\\/2024\\\/07\\\/logo.png\",\"contentUrl\":\"https:\\\/\\\/www.koonings.com\\\/wp-content\\\/uploads\\\/2024\\\/07\\\/logo.png\",\"width\":600,\"height\":428,\"caption\":\"Koonings\"},\"image\":{\"@id\":\"https:\\\/\\\/www.koonings.com\\\/fr\\\/#\\\/schema\\\/logo\\\/image\\\/\"},\"sameAs\":[\"https:\\\/\\\/www.facebook.com\\\/kooningstheweddingpalace\",\"https:\\\/\\\/www.instagram.com\\\/kooningstheweddingpalace\",\"https:\\\/\\\/www.pinterest.com\\\/koonings\",\"https:\\\/\\\/www.youtube.com\\\/kooningstheweddingpalace\"]}]}<\/script>\n<!-- \/ Yoast SEO plugin. -->","yoast_head_json":{"title":"Poirier ST-75320 Etole | Camille | Koonings","description":"ST-75320 - \u00c9tole \u00e9l\u00e9gante, semi-transparente avec perles et paillettes | Ligne Camille \u00c9tole de la ligne Camille de la collection Poirier. Orn\u00e9e de perles et de paillettes de diff\u00e9rentes tailles. Ivoire. Taille : 200 x 50 cm. Top Camille assorti : T-75419.","robots":{"index":"index","follow":"follow","max-snippet":"max-snippet:-1","max-image-preview":"max-image-preview:large","max-video-preview":"max-video-preview:-1"},"canonical":"https:\/\/www.koonings.com\/fr\/product\/poirier-st-75320-etole-camille\/","og_locale":"fr_FR","og_type":"article","og_title":"Poirier ST-75320 Etole | Camille | Koonings","og_description":"ST-75320 - \u00c9tole \u00e9l\u00e9gante, semi-transparente avec perles et paillettes | Ligne Camille \u00c9tole de la ligne Camille de la collection Poirier. Orn\u00e9e de perles et de paillettes de diff\u00e9rentes tailles. Ivoire. Taille : 200 x 50 cm. Top Camille assorti : T-75419.","og_url":"https:\/\/www.koonings.com\/fr\/product\/poirier-st-75320-etole-camille\/","og_site_name":"Koonings","article_publisher":"https:\/\/www.facebook.com\/kooningstheweddingpalace","og_image":[{"width":1500,"height":2000,"url":"https:\/\/www.koonings.com\/wp-content\/uploads\/2025\/07\/50728_936487d30ca4fe2d1d24e67cd8d2da8e07f87ba0ea57ea274cece4cddca7ff60cc5c19ed.jpeg","type":"image\/jpeg"}],"twitter_card":"summary_large_image","schema":{"@context":"https:\/\/schema.org","@graph":[{"@type":"WebPage","@id":"https:\/\/www.koonings.com\/fr\/product\/poirier-st-75320-etole-camille\/","url":"https:\/\/www.koonings.com\/fr\/product\/poirier-st-75320-etole-camille\/","name":"Poirier ST-75320 Etole | Camille | Koonings","isPartOf":{"@id":"https:\/\/www.koonings.com\/fr\/#website"},"primaryImageOfPage":{"@id":"https:\/\/www.koonings.com\/fr\/product\/poirier-st-75320-etole-camille\/#primaryimage"},"image":{"@id":"https:\/\/www.koonings.com\/fr\/product\/poirier-st-75320-etole-camille\/#primaryimage"},"thumbnailUrl":"https:\/\/www.koonings.com\/wp-content\/uploads\/2025\/07\/50728_936487d30ca4fe2d1d24e67cd8d2da8e07f87ba0ea57ea274cece4cddca7ff60cc5c19ed.jpeg","datePublished":"2026-04-14T14:34:20+00:00","description":"ST-75320 - \u00c9tole \u00e9l\u00e9gante, semi-transparente avec perles et paillettes | Ligne Camille \u00c9tole de la ligne Camille de la collection Poirier. Orn\u00e9e de perles et de paillettes de diff\u00e9rentes tailles. Ivoire. Taille : 200 x 50 cm. Top Camille assorti : T-75419.","breadcrumb":{"@id":"https:\/\/www.koonings.com\/fr\/product\/poirier-st-75320-etole-camille\/#breadcrumb"},"inLanguage":"fr-FR","potentialAction":[{"@type":"ReadAction","target":["https:\/\/www.koonings.com\/fr\/product\/poirier-st-75320-etole-camille\/"]}]},{"@type":"ImageObject","inLanguage":"fr-FR","@id":"https:\/\/www.koonings.com\/fr\/product\/poirier-st-75320-etole-camille\/#primaryimage","url":"https:\/\/www.koonings.com\/wp-content\/uploads\/2025\/07\/50728_936487d30ca4fe2d1d24e67cd8d2da8e07f87ba0ea57ea274cece4cddca7ff60cc5c19ed.jpeg","contentUrl":"https:\/\/www.koonings.com\/wp-content\/uploads\/2025\/07\/50728_936487d30ca4fe2d1d24e67cd8d2da8e07f87ba0ea57ea274cece4cddca7ff60cc5c19ed.jpeg","width":1500,"height":2000},{"@type":"BreadcrumbList","@id":"https:\/\/www.koonings.com\/fr\/product\/poirier-st-75320-etole-camille\/#breadcrumb","itemListElement":[{"@type":"ListItem","position":1,"name":"Home","item":"https:\/\/www.koonings.com\/fr\/"},{"@type":"ListItem","position":2,"name":"Poirier ST-75320 Etole | Camille"}]},{"@type":"WebSite","@id":"https:\/\/www.koonings.com\/fr\/#website","url":"https:\/\/www.koonings.com\/fr\/","name":"Koonings","description":"De grootste bruidsmodewinkel ter wereld","publisher":{"@id":"https:\/\/www.koonings.com\/fr\/#organization"},"potentialAction":[{"@type":"SearchAction","target":{"@type":"EntryPoint","urlTemplate":"https:\/\/www.koonings.com\/fr\/?s={search_term_string}"},"query-input":{"@type":"PropertyValueSpecification","valueRequired":true,"valueName":"search_term_string"}}],"inLanguage":"fr-FR"},{"@type":"Organization","@id":"https:\/\/www.koonings.com\/fr\/#organization","name":"Koonings","url":"https:\/\/www.koonings.com\/fr\/","logo":{"@type":"ImageObject","inLanguage":"fr-FR","@id":"https:\/\/www.koonings.com\/fr\/#\/schema\/logo\/image\/","url":"https:\/\/www.koonings.com\/wp-content\/uploads\/2024\/07\/logo.png","contentUrl":"https:\/\/www.koonings.com\/wp-content\/uploads\/2024\/07\/logo.png","width":600,"height":428,"caption":"Koonings"},"image":{"@id":"https:\/\/www.koonings.com\/fr\/#\/schema\/logo\/image\/"},"sameAs":["https:\/\/www.facebook.com\/kooningstheweddingpalace","https:\/\/www.instagram.com\/kooningstheweddingpalace","https:\/\/www.pinterest.com\/koonings","https:\/\/www.youtube.com\/kooningstheweddingpalace"]}]}},"_links":{"self":[{"href":"https:\/\/www.koonings.com\/fr\/wp-json\/wp\/v2\/product\/94325","targetHints":{"allow":["GET"]}}],"collection":[{"href":"https:\/\/www.koonings.com\/fr\/wp-json\/wp\/v2\/product"}],"about":[{"href":"https:\/\/www.koonings.com\/fr\/wp-json\/wp\/v2\/types\/product"}],"wp:featuredmedia":[{"embeddable":true,"href":"https:\/\/www.koonings.com\/fr\/wp-json\/wp\/v2\/media\/89269"}],"wp:attachment":[{"href":"https:\/\/www.koonings.com\/fr\/wp-json\/wp\/v2\/media?parent=94325"}],"wp:term":[{"taxonomy":"productdetails","embeddable":true,"href":"https:\/\/www.koonings.com\/fr\/wp-json\/wp\/v2\/productdetails?post=94325"},{"taxonomy":"productneck","embeddable":true,"href":"https:\/\/www.koonings.com\/fr\/wp-json\/wp\/v2\/productneck?post=94325"},{"taxonomy":"productcolor","embeddable":true,"href":"https:\/\/www.koonings.com\/fr\/wp-json\/wp\/v2\/productcolor?post=94325"},{"taxonomy":"maat","embeddable":true,"href":"https:\/\/www.koonings.com\/fr\/wp-json\/wp\/v2\/maat?post=94325"},{"taxonomy":"productsupplier","embeddable":true,"href":"https:\/\/www.koonings.com\/fr\/wp-json\/wp\/v2\/productsupplier?post=94325"},{"taxonomy":"productsleeve","embeddable":true,"href":"https:\/\/www.koonings.com\/fr\/wp-json\/wp\/v2\/productsleeve?post=94325"},{"taxonomy":"productcategory","embeddable":true,"href":"https:\/\/www.koonings.com\/fr\/wp-json\/wp\/v2\/productcategory?post=94325"},{"taxonomy":"productsilhouette","embeddable":true,"href":"https:\/\/www.koonings.com\/fr\/wp-json\/wp\/v2\/productsilhouette?post=94325"},{"taxonomy":"productstyle","embeddable":true,"href":"https:\/\/www.koonings.com\/fr\/wp-json\/wp\/v2\/productstyle?post=94325"}],"curies":[{"name":"wp","href":"https:\/\/api.w.org\/{rel}","templated":true}]}}