{"id":94322,"date":"2026-04-14T16:34:18","date_gmt":"2026-04-14T14:34:18","guid":{"rendered":"https:\/\/www.koonings.com\/product\/poirier-sk-75344-jupe-uma\/"},"modified":"2026-04-14T16:07:59","modified_gmt":"2026-04-14T14:07:59","slug":"poirier-sk-75344-jupe-uma","status":"publish","type":"product","link":"https:\/\/www.koonings.com\/fr\/product\/poirier-sk-75344-jupe-uma\/","title":{"rendered":"Poirier SK-75344 Jupe | Uma"},"content":{"rendered":"<p>SK-75344 &#8211; Surjupe en tulle avec une magnifique broderie florale.<br \/>\nJupe de la ligne Uma de Poirier.<br \/>\nMotif floral en tulle brod\u00e9, agr\u00e9ment\u00e9 de paillettes et de perles.<br \/>\nPetit slip.<br \/>\nA porter sur une robe de mari\u00e9e ou un pantalon.<br \/>\nCet article est livr\u00e9 avec un bas en cr\u00eape.<br \/>\nTailles : XS, S, M, L, XL.<br \/>\nA combiner avec le top T-75417 et le voile S75502-280\/1 de la ligne Uma.<\/p>\n","protected":false},"featured_media":89159,"template":"","meta":{"_acf_changed":false,"ghostkit_customizer_options":"","ghostkit_custom_css":"","ghostkit_custom_js_head":"","ghostkit_custom_js_foot":"","ghostkit_typography":""},"productdetails":[],"productneck":[],"productcolor":[],"maat":[],"productsupplier":[416],"productsleeve":[],"productcategory":[509],"productsilhouette":[],"productstyle":[],"class_list":["post-94322","product","type-product","status-publish","has-post-thumbnail","hentry","productsupplier-poirier","productcategory-accessoires-bruid"],"acf":[],"yoast_head":"<!-- This site is optimized with the Yoast SEO plugin v27.3 - https:\/\/yoast.com\/product\/yoast-seo-wordpress\/ -->\n<title>Poirier SK-75344 Jupe | Uma | Koonings<\/title>\n<meta name=\"description\" content=\"SK-75344 - Surjupe en tulle avec une magnifique broderie florale. Jupe de la ligne Uma de Poirier. Motif floral en tulle brod\u00e9, agr\u00e9ment\u00e9 de paillettes et de perles. Petit slip. A porter sur une robe de mari\u00e9e ou un pantalon. Cet article est livr\u00e9 avec un bas en cr\u00eape. Tailles : XS, S, M, L, XL. A combiner avec le top T-75417 et le voile S75502-280\/1 de la ligne Uma.\" \/>\n<meta name=\"robots\" content=\"index, follow, max-snippet:-1, max-image-preview:large, max-video-preview:-1\" \/>\n<link rel=\"canonical\" href=\"https:\/\/www.koonings.com\/fr\/product\/poirier-sk-75344-jupe-uma\/\" \/>\n<meta property=\"og:locale\" content=\"fr_FR\" \/>\n<meta property=\"og:type\" content=\"article\" \/>\n<meta property=\"og:title\" content=\"Poirier SK-75344 Jupe | Uma | Koonings\" \/>\n<meta property=\"og:description\" content=\"SK-75344 - Surjupe en tulle avec une magnifique broderie florale. Jupe de la ligne Uma de Poirier. Motif floral en tulle brod\u00e9, agr\u00e9ment\u00e9 de paillettes et de perles. Petit slip. A porter sur une robe de mari\u00e9e ou un pantalon. Cet article est livr\u00e9 avec un bas en cr\u00eape. Tailles : XS, S, M, L, XL. A combiner avec le top T-75417 et le voile S75502-280\/1 de la ligne Uma.\" \/>\n<meta property=\"og:url\" content=\"https:\/\/www.koonings.com\/fr\/product\/poirier-sk-75344-jupe-uma\/\" \/>\n<meta property=\"og:site_name\" content=\"Koonings\" \/>\n<meta property=\"article:publisher\" content=\"https:\/\/www.facebook.com\/kooningstheweddingpalace\" \/>\n<meta property=\"og:image\" content=\"https:\/\/www.koonings.com\/wp-content\/uploads\/2025\/07\/50722_00c8d8067b8930ca4ac8a76796966d5bf3508b15df73ad43dc3b3ed0220cf5f34b19f9bf.jpeg\" \/>\n\t<meta property=\"og:image:width\" content=\"1732\" \/>\n\t<meta property=\"og:image:height\" content=\"2309\" \/>\n\t<meta property=\"og:image:type\" content=\"image\/jpeg\" \/>\n<meta name=\"twitter:card\" content=\"summary_large_image\" \/>\n<script type=\"application\/ld+json\" class=\"yoast-schema-graph\">{\"@context\":\"https:\\\/\\\/schema.org\",\"@graph\":[{\"@type\":\"WebPage\",\"@id\":\"https:\\\/\\\/www.koonings.com\\\/fr\\\/product\\\/poirier-sk-75344-jupe-uma\\\/\",\"url\":\"https:\\\/\\\/www.koonings.com\\\/fr\\\/product\\\/poirier-sk-75344-jupe-uma\\\/\",\"name\":\"Poirier SK-75344 Jupe | Uma | Koonings\",\"isPartOf\":{\"@id\":\"https:\\\/\\\/www.koonings.com\\\/fr\\\/#website\"},\"primaryImageOfPage\":{\"@id\":\"https:\\\/\\\/www.koonings.com\\\/fr\\\/product\\\/poirier-sk-75344-jupe-uma\\\/#primaryimage\"},\"image\":{\"@id\":\"https:\\\/\\\/www.koonings.com\\\/fr\\\/product\\\/poirier-sk-75344-jupe-uma\\\/#primaryimage\"},\"thumbnailUrl\":\"https:\\\/\\\/www.koonings.com\\\/wp-content\\\/uploads\\\/2025\\\/07\\\/50722_00c8d8067b8930ca4ac8a76796966d5bf3508b15df73ad43dc3b3ed0220cf5f34b19f9bf.jpeg\",\"datePublished\":\"2026-04-14T14:34:18+00:00\",\"description\":\"SK-75344 - Surjupe en tulle avec une magnifique broderie florale. Jupe de la ligne Uma de Poirier. Motif floral en tulle brod\u00e9, agr\u00e9ment\u00e9 de paillettes et de perles. Petit slip. A porter sur une robe de mari\u00e9e ou un pantalon. Cet article est livr\u00e9 avec un bas en cr\u00eape. Tailles : XS, S, M, L, XL. A combiner avec le top T-75417 et le voile S75502-280\\\/1 de la ligne Uma.\",\"breadcrumb\":{\"@id\":\"https:\\\/\\\/www.koonings.com\\\/fr\\\/product\\\/poirier-sk-75344-jupe-uma\\\/#breadcrumb\"},\"inLanguage\":\"fr-FR\",\"potentialAction\":[{\"@type\":\"ReadAction\",\"target\":[\"https:\\\/\\\/www.koonings.com\\\/fr\\\/product\\\/poirier-sk-75344-jupe-uma\\\/\"]}]},{\"@type\":\"ImageObject\",\"inLanguage\":\"fr-FR\",\"@id\":\"https:\\\/\\\/www.koonings.com\\\/fr\\\/product\\\/poirier-sk-75344-jupe-uma\\\/#primaryimage\",\"url\":\"https:\\\/\\\/www.koonings.com\\\/wp-content\\\/uploads\\\/2025\\\/07\\\/50722_00c8d8067b8930ca4ac8a76796966d5bf3508b15df73ad43dc3b3ed0220cf5f34b19f9bf.jpeg\",\"contentUrl\":\"https:\\\/\\\/www.koonings.com\\\/wp-content\\\/uploads\\\/2025\\\/07\\\/50722_00c8d8067b8930ca4ac8a76796966d5bf3508b15df73ad43dc3b3ed0220cf5f34b19f9bf.jpeg\",\"width\":1732,\"height\":2309},{\"@type\":\"BreadcrumbList\",\"@id\":\"https:\\\/\\\/www.koonings.com\\\/fr\\\/product\\\/poirier-sk-75344-jupe-uma\\\/#breadcrumb\",\"itemListElement\":[{\"@type\":\"ListItem\",\"position\":1,\"name\":\"Home\",\"item\":\"https:\\\/\\\/www.koonings.com\\\/fr\\\/\"},{\"@type\":\"ListItem\",\"position\":2,\"name\":\"Poirier SK-75344 Jupe | Uma\"}]},{\"@type\":\"WebSite\",\"@id\":\"https:\\\/\\\/www.koonings.com\\\/fr\\\/#website\",\"url\":\"https:\\\/\\\/www.koonings.com\\\/fr\\\/\",\"name\":\"Koonings\",\"description\":\"De grootste bruidsmodewinkel ter wereld\",\"publisher\":{\"@id\":\"https:\\\/\\\/www.koonings.com\\\/fr\\\/#organization\"},\"potentialAction\":[{\"@type\":\"SearchAction\",\"target\":{\"@type\":\"EntryPoint\",\"urlTemplate\":\"https:\\\/\\\/www.koonings.com\\\/fr\\\/?s={search_term_string}\"},\"query-input\":{\"@type\":\"PropertyValueSpecification\",\"valueRequired\":true,\"valueName\":\"search_term_string\"}}],\"inLanguage\":\"fr-FR\"},{\"@type\":\"Organization\",\"@id\":\"https:\\\/\\\/www.koonings.com\\\/fr\\\/#organization\",\"name\":\"Koonings\",\"url\":\"https:\\\/\\\/www.koonings.com\\\/fr\\\/\",\"logo\":{\"@type\":\"ImageObject\",\"inLanguage\":\"fr-FR\",\"@id\":\"https:\\\/\\\/www.koonings.com\\\/fr\\\/#\\\/schema\\\/logo\\\/image\\\/\",\"url\":\"https:\\\/\\\/www.koonings.com\\\/wp-content\\\/uploads\\\/2024\\\/07\\\/logo.png\",\"contentUrl\":\"https:\\\/\\\/www.koonings.com\\\/wp-content\\\/uploads\\\/2024\\\/07\\\/logo.png\",\"width\":600,\"height\":428,\"caption\":\"Koonings\"},\"image\":{\"@id\":\"https:\\\/\\\/www.koonings.com\\\/fr\\\/#\\\/schema\\\/logo\\\/image\\\/\"},\"sameAs\":[\"https:\\\/\\\/www.facebook.com\\\/kooningstheweddingpalace\",\"https:\\\/\\\/www.instagram.com\\\/kooningstheweddingpalace\",\"https:\\\/\\\/www.pinterest.com\\\/koonings\",\"https:\\\/\\\/www.youtube.com\\\/kooningstheweddingpalace\"]}]}<\/script>\n<!-- \/ Yoast SEO plugin. -->","yoast_head_json":{"title":"Poirier SK-75344 Jupe | Uma | Koonings","description":"SK-75344 - Surjupe en tulle avec une magnifique broderie florale. Jupe de la ligne Uma de Poirier. Motif floral en tulle brod\u00e9, agr\u00e9ment\u00e9 de paillettes et de perles. Petit slip. A porter sur une robe de mari\u00e9e ou un pantalon. Cet article est livr\u00e9 avec un bas en cr\u00eape. Tailles : XS, S, M, L, XL. A combiner avec le top T-75417 et le voile S75502-280\/1 de la ligne Uma.","robots":{"index":"index","follow":"follow","max-snippet":"max-snippet:-1","max-image-preview":"max-image-preview:large","max-video-preview":"max-video-preview:-1"},"canonical":"https:\/\/www.koonings.com\/fr\/product\/poirier-sk-75344-jupe-uma\/","og_locale":"fr_FR","og_type":"article","og_title":"Poirier SK-75344 Jupe | Uma | Koonings","og_description":"SK-75344 - Surjupe en tulle avec une magnifique broderie florale. Jupe de la ligne Uma de Poirier. Motif floral en tulle brod\u00e9, agr\u00e9ment\u00e9 de paillettes et de perles. Petit slip. A porter sur une robe de mari\u00e9e ou un pantalon. Cet article est livr\u00e9 avec un bas en cr\u00eape. Tailles : XS, S, M, L, XL. A combiner avec le top T-75417 et le voile S75502-280\/1 de la ligne Uma.","og_url":"https:\/\/www.koonings.com\/fr\/product\/poirier-sk-75344-jupe-uma\/","og_site_name":"Koonings","article_publisher":"https:\/\/www.facebook.com\/kooningstheweddingpalace","og_image":[{"width":1732,"height":2309,"url":"https:\/\/www.koonings.com\/wp-content\/uploads\/2025\/07\/50722_00c8d8067b8930ca4ac8a76796966d5bf3508b15df73ad43dc3b3ed0220cf5f34b19f9bf.jpeg","type":"image\/jpeg"}],"twitter_card":"summary_large_image","schema":{"@context":"https:\/\/schema.org","@graph":[{"@type":"WebPage","@id":"https:\/\/www.koonings.com\/fr\/product\/poirier-sk-75344-jupe-uma\/","url":"https:\/\/www.koonings.com\/fr\/product\/poirier-sk-75344-jupe-uma\/","name":"Poirier SK-75344 Jupe | Uma | Koonings","isPartOf":{"@id":"https:\/\/www.koonings.com\/fr\/#website"},"primaryImageOfPage":{"@id":"https:\/\/www.koonings.com\/fr\/product\/poirier-sk-75344-jupe-uma\/#primaryimage"},"image":{"@id":"https:\/\/www.koonings.com\/fr\/product\/poirier-sk-75344-jupe-uma\/#primaryimage"},"thumbnailUrl":"https:\/\/www.koonings.com\/wp-content\/uploads\/2025\/07\/50722_00c8d8067b8930ca4ac8a76796966d5bf3508b15df73ad43dc3b3ed0220cf5f34b19f9bf.jpeg","datePublished":"2026-04-14T14:34:18+00:00","description":"SK-75344 - Surjupe en tulle avec une magnifique broderie florale. Jupe de la ligne Uma de Poirier. Motif floral en tulle brod\u00e9, agr\u00e9ment\u00e9 de paillettes et de perles. Petit slip. A porter sur une robe de mari\u00e9e ou un pantalon. Cet article est livr\u00e9 avec un bas en cr\u00eape. Tailles : XS, S, M, L, XL. A combiner avec le top T-75417 et le voile S75502-280\/1 de la ligne Uma.","breadcrumb":{"@id":"https:\/\/www.koonings.com\/fr\/product\/poirier-sk-75344-jupe-uma\/#breadcrumb"},"inLanguage":"fr-FR","potentialAction":[{"@type":"ReadAction","target":["https:\/\/www.koonings.com\/fr\/product\/poirier-sk-75344-jupe-uma\/"]}]},{"@type":"ImageObject","inLanguage":"fr-FR","@id":"https:\/\/www.koonings.com\/fr\/product\/poirier-sk-75344-jupe-uma\/#primaryimage","url":"https:\/\/www.koonings.com\/wp-content\/uploads\/2025\/07\/50722_00c8d8067b8930ca4ac8a76796966d5bf3508b15df73ad43dc3b3ed0220cf5f34b19f9bf.jpeg","contentUrl":"https:\/\/www.koonings.com\/wp-content\/uploads\/2025\/07\/50722_00c8d8067b8930ca4ac8a76796966d5bf3508b15df73ad43dc3b3ed0220cf5f34b19f9bf.jpeg","width":1732,"height":2309},{"@type":"BreadcrumbList","@id":"https:\/\/www.koonings.com\/fr\/product\/poirier-sk-75344-jupe-uma\/#breadcrumb","itemListElement":[{"@type":"ListItem","position":1,"name":"Home","item":"https:\/\/www.koonings.com\/fr\/"},{"@type":"ListItem","position":2,"name":"Poirier SK-75344 Jupe | Uma"}]},{"@type":"WebSite","@id":"https:\/\/www.koonings.com\/fr\/#website","url":"https:\/\/www.koonings.com\/fr\/","name":"Koonings","description":"De grootste bruidsmodewinkel ter wereld","publisher":{"@id":"https:\/\/www.koonings.com\/fr\/#organization"},"potentialAction":[{"@type":"SearchAction","target":{"@type":"EntryPoint","urlTemplate":"https:\/\/www.koonings.com\/fr\/?s={search_term_string}"},"query-input":{"@type":"PropertyValueSpecification","valueRequired":true,"valueName":"search_term_string"}}],"inLanguage":"fr-FR"},{"@type":"Organization","@id":"https:\/\/www.koonings.com\/fr\/#organization","name":"Koonings","url":"https:\/\/www.koonings.com\/fr\/","logo":{"@type":"ImageObject","inLanguage":"fr-FR","@id":"https:\/\/www.koonings.com\/fr\/#\/schema\/logo\/image\/","url":"https:\/\/www.koonings.com\/wp-content\/uploads\/2024\/07\/logo.png","contentUrl":"https:\/\/www.koonings.com\/wp-content\/uploads\/2024\/07\/logo.png","width":600,"height":428,"caption":"Koonings"},"image":{"@id":"https:\/\/www.koonings.com\/fr\/#\/schema\/logo\/image\/"},"sameAs":["https:\/\/www.facebook.com\/kooningstheweddingpalace","https:\/\/www.instagram.com\/kooningstheweddingpalace","https:\/\/www.pinterest.com\/koonings","https:\/\/www.youtube.com\/kooningstheweddingpalace"]}]}},"_links":{"self":[{"href":"https:\/\/www.koonings.com\/fr\/wp-json\/wp\/v2\/product\/94322","targetHints":{"allow":["GET"]}}],"collection":[{"href":"https:\/\/www.koonings.com\/fr\/wp-json\/wp\/v2\/product"}],"about":[{"href":"https:\/\/www.koonings.com\/fr\/wp-json\/wp\/v2\/types\/product"}],"wp:featuredmedia":[{"embeddable":true,"href":"https:\/\/www.koonings.com\/fr\/wp-json\/wp\/v2\/media\/89159"}],"wp:attachment":[{"href":"https:\/\/www.koonings.com\/fr\/wp-json\/wp\/v2\/media?parent=94322"}],"wp:term":[{"taxonomy":"productdetails","embeddable":true,"href":"https:\/\/www.koonings.com\/fr\/wp-json\/wp\/v2\/productdetails?post=94322"},{"taxonomy":"productneck","embeddable":true,"href":"https:\/\/www.koonings.com\/fr\/wp-json\/wp\/v2\/productneck?post=94322"},{"taxonomy":"productcolor","embeddable":true,"href":"https:\/\/www.koonings.com\/fr\/wp-json\/wp\/v2\/productcolor?post=94322"},{"taxonomy":"maat","embeddable":true,"href":"https:\/\/www.koonings.com\/fr\/wp-json\/wp\/v2\/maat?post=94322"},{"taxonomy":"productsupplier","embeddable":true,"href":"https:\/\/www.koonings.com\/fr\/wp-json\/wp\/v2\/productsupplier?post=94322"},{"taxonomy":"productsleeve","embeddable":true,"href":"https:\/\/www.koonings.com\/fr\/wp-json\/wp\/v2\/productsleeve?post=94322"},{"taxonomy":"productcategory","embeddable":true,"href":"https:\/\/www.koonings.com\/fr\/wp-json\/wp\/v2\/productcategory?post=94322"},{"taxonomy":"productsilhouette","embeddable":true,"href":"https:\/\/www.koonings.com\/fr\/wp-json\/wp\/v2\/productsilhouette?post=94322"},{"taxonomy":"productstyle","embeddable":true,"href":"https:\/\/www.koonings.com\/fr\/wp-json\/wp\/v2\/productstyle?post=94322"}],"curies":[{"name":"wp","href":"https:\/\/api.w.org\/{rel}","templated":true}]}}