{"id":94307,"date":"2026-04-14T16:34:27","date_gmt":"2026-04-14T14:34:27","guid":{"rendered":"https:\/\/www.koonings.com\/product\/poirier-t-75403-top-satin-pearl-gem-lucia\/"},"modified":"2026-04-14T16:08:09","modified_gmt":"2026-04-14T14:08:09","slug":"poirier-t-75403-top-satin-pearl-gem-lucia","status":"publish","type":"product","link":"https:\/\/www.koonings.com\/fr\/product\/poirier-t-75403-top-satin-pearl-gem-lucia\/","title":{"rendered":"Poirier T-75403 Top Satin Pearl | Gem |Lucia"},"content":{"rendered":"<p>T-75403 &#8211; Top cascade en satin mat orn\u00e9 de perles<br \/>\nTop cascade en satin mat de la ligne Lucia de la collection GEM.<br \/>\nOrn\u00e9 de perles.<br \/>\nCouleur ivoire.<br \/>\nFermeture zipp\u00e9e sur le c\u00f4t\u00e9.<br \/>\nTailles : XS, S, M, L, XL.<\/p>\n","protected":false},"featured_media":89541,"template":"","meta":{"_acf_changed":false,"ghostkit_customizer_options":"","ghostkit_custom_css":"","ghostkit_custom_js_head":"","ghostkit_custom_js_foot":"","ghostkit_typography":""},"productdetails":[],"productneck":[],"productcolor":[],"maat":[],"productsupplier":[416],"productsleeve":[],"productcategory":[509],"productsilhouette":[],"productstyle":[],"class_list":["post-94307","product","type-product","status-publish","has-post-thumbnail","hentry","productsupplier-poirier","productcategory-accessoires-bruid"],"acf":[],"yoast_head":"<!-- This site is optimized with the Yoast SEO plugin v27.3 - https:\/\/yoast.com\/product\/yoast-seo-wordpress\/ -->\n<title>Poirier T-75403 Top Satin Pearl | Gem |Lucia | Koonings<\/title>\n<meta name=\"description\" content=\"T-75403 - Top cascade en satin mat orn\u00e9 de perles Top cascade en satin mat de la ligne Lucia de la collection GEM. Orn\u00e9 de perles. Couleur ivoire. Fermeture zipp\u00e9e sur le c\u00f4t\u00e9. Tailles : XS, S, M, L, XL.\" \/>\n<meta name=\"robots\" content=\"index, follow, max-snippet:-1, max-image-preview:large, max-video-preview:-1\" \/>\n<link rel=\"canonical\" href=\"https:\/\/www.koonings.com\/fr\/product\/poirier-t-75403-top-satin-pearl-gem-lucia\/\" \/>\n<meta property=\"og:locale\" content=\"fr_FR\" \/>\n<meta property=\"og:type\" content=\"article\" \/>\n<meta property=\"og:title\" content=\"Poirier T-75403 Top Satin Pearl | Gem |Lucia | Koonings\" \/>\n<meta property=\"og:description\" content=\"T-75403 - Top cascade en satin mat orn\u00e9 de perles Top cascade en satin mat de la ligne Lucia de la collection GEM. Orn\u00e9 de perles. Couleur ivoire. Fermeture zipp\u00e9e sur le c\u00f4t\u00e9. Tailles : XS, S, M, L, XL.\" \/>\n<meta property=\"og:url\" content=\"https:\/\/www.koonings.com\/fr\/product\/poirier-t-75403-top-satin-pearl-gem-lucia\/\" \/>\n<meta property=\"og:site_name\" content=\"Koonings\" \/>\n<meta property=\"article:publisher\" content=\"https:\/\/www.facebook.com\/kooningstheweddingpalace\" \/>\n<meta property=\"og:image\" content=\"https:\/\/www.koonings.com\/wp-content\/uploads\/2025\/07\/50744_89c7a0cd30442f8ba3a809bc10baeb0b35d9418e339344225083806e0890a8a9e9516d59.jpeg\" \/>\n\t<meta property=\"og:image:width\" content=\"1732\" \/>\n\t<meta property=\"og:image:height\" content=\"2309\" \/>\n\t<meta property=\"og:image:type\" content=\"image\/jpeg\" \/>\n<meta name=\"twitter:card\" content=\"summary_large_image\" \/>\n<script type=\"application\/ld+json\" class=\"yoast-schema-graph\">{\"@context\":\"https:\\\/\\\/schema.org\",\"@graph\":[{\"@type\":\"WebPage\",\"@id\":\"https:\\\/\\\/www.koonings.com\\\/fr\\\/product\\\/poirier-t-75403-top-satin-pearl-gem-lucia\\\/\",\"url\":\"https:\\\/\\\/www.koonings.com\\\/fr\\\/product\\\/poirier-t-75403-top-satin-pearl-gem-lucia\\\/\",\"name\":\"Poirier T-75403 Top Satin Pearl | Gem |Lucia | Koonings\",\"isPartOf\":{\"@id\":\"https:\\\/\\\/www.koonings.com\\\/fr\\\/#website\"},\"primaryImageOfPage\":{\"@id\":\"https:\\\/\\\/www.koonings.com\\\/fr\\\/product\\\/poirier-t-75403-top-satin-pearl-gem-lucia\\\/#primaryimage\"},\"image\":{\"@id\":\"https:\\\/\\\/www.koonings.com\\\/fr\\\/product\\\/poirier-t-75403-top-satin-pearl-gem-lucia\\\/#primaryimage\"},\"thumbnailUrl\":\"https:\\\/\\\/www.koonings.com\\\/wp-content\\\/uploads\\\/2025\\\/07\\\/50744_89c7a0cd30442f8ba3a809bc10baeb0b35d9418e339344225083806e0890a8a9e9516d59.jpeg\",\"datePublished\":\"2026-04-14T14:34:27+00:00\",\"description\":\"T-75403 - Top cascade en satin mat orn\u00e9 de perles Top cascade en satin mat de la ligne Lucia de la collection GEM. Orn\u00e9 de perles. Couleur ivoire. Fermeture zipp\u00e9e sur le c\u00f4t\u00e9. Tailles : XS, S, M, L, XL.\",\"breadcrumb\":{\"@id\":\"https:\\\/\\\/www.koonings.com\\\/fr\\\/product\\\/poirier-t-75403-top-satin-pearl-gem-lucia\\\/#breadcrumb\"},\"inLanguage\":\"fr-FR\",\"potentialAction\":[{\"@type\":\"ReadAction\",\"target\":[\"https:\\\/\\\/www.koonings.com\\\/fr\\\/product\\\/poirier-t-75403-top-satin-pearl-gem-lucia\\\/\"]}]},{\"@type\":\"ImageObject\",\"inLanguage\":\"fr-FR\",\"@id\":\"https:\\\/\\\/www.koonings.com\\\/fr\\\/product\\\/poirier-t-75403-top-satin-pearl-gem-lucia\\\/#primaryimage\",\"url\":\"https:\\\/\\\/www.koonings.com\\\/wp-content\\\/uploads\\\/2025\\\/07\\\/50744_89c7a0cd30442f8ba3a809bc10baeb0b35d9418e339344225083806e0890a8a9e9516d59.jpeg\",\"contentUrl\":\"https:\\\/\\\/www.koonings.com\\\/wp-content\\\/uploads\\\/2025\\\/07\\\/50744_89c7a0cd30442f8ba3a809bc10baeb0b35d9418e339344225083806e0890a8a9e9516d59.jpeg\",\"width\":1732,\"height\":2309},{\"@type\":\"BreadcrumbList\",\"@id\":\"https:\\\/\\\/www.koonings.com\\\/fr\\\/product\\\/poirier-t-75403-top-satin-pearl-gem-lucia\\\/#breadcrumb\",\"itemListElement\":[{\"@type\":\"ListItem\",\"position\":1,\"name\":\"Home\",\"item\":\"https:\\\/\\\/www.koonings.com\\\/fr\\\/\"},{\"@type\":\"ListItem\",\"position\":2,\"name\":\"Poirier T-75403 Top Satin Pearl | Gem |Lucia\"}]},{\"@type\":\"WebSite\",\"@id\":\"https:\\\/\\\/www.koonings.com\\\/fr\\\/#website\",\"url\":\"https:\\\/\\\/www.koonings.com\\\/fr\\\/\",\"name\":\"Koonings\",\"description\":\"De grootste bruidsmodewinkel ter wereld\",\"publisher\":{\"@id\":\"https:\\\/\\\/www.koonings.com\\\/fr\\\/#organization\"},\"potentialAction\":[{\"@type\":\"SearchAction\",\"target\":{\"@type\":\"EntryPoint\",\"urlTemplate\":\"https:\\\/\\\/www.koonings.com\\\/fr\\\/?s={search_term_string}\"},\"query-input\":{\"@type\":\"PropertyValueSpecification\",\"valueRequired\":true,\"valueName\":\"search_term_string\"}}],\"inLanguage\":\"fr-FR\"},{\"@type\":\"Organization\",\"@id\":\"https:\\\/\\\/www.koonings.com\\\/fr\\\/#organization\",\"name\":\"Koonings\",\"url\":\"https:\\\/\\\/www.koonings.com\\\/fr\\\/\",\"logo\":{\"@type\":\"ImageObject\",\"inLanguage\":\"fr-FR\",\"@id\":\"https:\\\/\\\/www.koonings.com\\\/fr\\\/#\\\/schema\\\/logo\\\/image\\\/\",\"url\":\"https:\\\/\\\/www.koonings.com\\\/wp-content\\\/uploads\\\/2024\\\/07\\\/logo.png\",\"contentUrl\":\"https:\\\/\\\/www.koonings.com\\\/wp-content\\\/uploads\\\/2024\\\/07\\\/logo.png\",\"width\":600,\"height\":428,\"caption\":\"Koonings\"},\"image\":{\"@id\":\"https:\\\/\\\/www.koonings.com\\\/fr\\\/#\\\/schema\\\/logo\\\/image\\\/\"},\"sameAs\":[\"https:\\\/\\\/www.facebook.com\\\/kooningstheweddingpalace\",\"https:\\\/\\\/www.instagram.com\\\/kooningstheweddingpalace\",\"https:\\\/\\\/www.pinterest.com\\\/koonings\",\"https:\\\/\\\/www.youtube.com\\\/kooningstheweddingpalace\"]}]}<\/script>\n<!-- \/ Yoast SEO plugin. -->","yoast_head_json":{"title":"Poirier T-75403 Top Satin Pearl | Gem |Lucia | Koonings","description":"T-75403 - Top cascade en satin mat orn\u00e9 de perles Top cascade en satin mat de la ligne Lucia de la collection GEM. Orn\u00e9 de perles. Couleur ivoire. Fermeture zipp\u00e9e sur le c\u00f4t\u00e9. Tailles : XS, S, M, L, XL.","robots":{"index":"index","follow":"follow","max-snippet":"max-snippet:-1","max-image-preview":"max-image-preview:large","max-video-preview":"max-video-preview:-1"},"canonical":"https:\/\/www.koonings.com\/fr\/product\/poirier-t-75403-top-satin-pearl-gem-lucia\/","og_locale":"fr_FR","og_type":"article","og_title":"Poirier T-75403 Top Satin Pearl | Gem |Lucia | Koonings","og_description":"T-75403 - Top cascade en satin mat orn\u00e9 de perles Top cascade en satin mat de la ligne Lucia de la collection GEM. Orn\u00e9 de perles. Couleur ivoire. Fermeture zipp\u00e9e sur le c\u00f4t\u00e9. Tailles : XS, S, M, L, XL.","og_url":"https:\/\/www.koonings.com\/fr\/product\/poirier-t-75403-top-satin-pearl-gem-lucia\/","og_site_name":"Koonings","article_publisher":"https:\/\/www.facebook.com\/kooningstheweddingpalace","og_image":[{"width":1732,"height":2309,"url":"https:\/\/www.koonings.com\/wp-content\/uploads\/2025\/07\/50744_89c7a0cd30442f8ba3a809bc10baeb0b35d9418e339344225083806e0890a8a9e9516d59.jpeg","type":"image\/jpeg"}],"twitter_card":"summary_large_image","schema":{"@context":"https:\/\/schema.org","@graph":[{"@type":"WebPage","@id":"https:\/\/www.koonings.com\/fr\/product\/poirier-t-75403-top-satin-pearl-gem-lucia\/","url":"https:\/\/www.koonings.com\/fr\/product\/poirier-t-75403-top-satin-pearl-gem-lucia\/","name":"Poirier T-75403 Top Satin Pearl | Gem |Lucia | Koonings","isPartOf":{"@id":"https:\/\/www.koonings.com\/fr\/#website"},"primaryImageOfPage":{"@id":"https:\/\/www.koonings.com\/fr\/product\/poirier-t-75403-top-satin-pearl-gem-lucia\/#primaryimage"},"image":{"@id":"https:\/\/www.koonings.com\/fr\/product\/poirier-t-75403-top-satin-pearl-gem-lucia\/#primaryimage"},"thumbnailUrl":"https:\/\/www.koonings.com\/wp-content\/uploads\/2025\/07\/50744_89c7a0cd30442f8ba3a809bc10baeb0b35d9418e339344225083806e0890a8a9e9516d59.jpeg","datePublished":"2026-04-14T14:34:27+00:00","description":"T-75403 - Top cascade en satin mat orn\u00e9 de perles Top cascade en satin mat de la ligne Lucia de la collection GEM. Orn\u00e9 de perles. Couleur ivoire. Fermeture zipp\u00e9e sur le c\u00f4t\u00e9. Tailles : XS, S, M, L, XL.","breadcrumb":{"@id":"https:\/\/www.koonings.com\/fr\/product\/poirier-t-75403-top-satin-pearl-gem-lucia\/#breadcrumb"},"inLanguage":"fr-FR","potentialAction":[{"@type":"ReadAction","target":["https:\/\/www.koonings.com\/fr\/product\/poirier-t-75403-top-satin-pearl-gem-lucia\/"]}]},{"@type":"ImageObject","inLanguage":"fr-FR","@id":"https:\/\/www.koonings.com\/fr\/product\/poirier-t-75403-top-satin-pearl-gem-lucia\/#primaryimage","url":"https:\/\/www.koonings.com\/wp-content\/uploads\/2025\/07\/50744_89c7a0cd30442f8ba3a809bc10baeb0b35d9418e339344225083806e0890a8a9e9516d59.jpeg","contentUrl":"https:\/\/www.koonings.com\/wp-content\/uploads\/2025\/07\/50744_89c7a0cd30442f8ba3a809bc10baeb0b35d9418e339344225083806e0890a8a9e9516d59.jpeg","width":1732,"height":2309},{"@type":"BreadcrumbList","@id":"https:\/\/www.koonings.com\/fr\/product\/poirier-t-75403-top-satin-pearl-gem-lucia\/#breadcrumb","itemListElement":[{"@type":"ListItem","position":1,"name":"Home","item":"https:\/\/www.koonings.com\/fr\/"},{"@type":"ListItem","position":2,"name":"Poirier T-75403 Top Satin Pearl | Gem |Lucia"}]},{"@type":"WebSite","@id":"https:\/\/www.koonings.com\/fr\/#website","url":"https:\/\/www.koonings.com\/fr\/","name":"Koonings","description":"De grootste bruidsmodewinkel ter wereld","publisher":{"@id":"https:\/\/www.koonings.com\/fr\/#organization"},"potentialAction":[{"@type":"SearchAction","target":{"@type":"EntryPoint","urlTemplate":"https:\/\/www.koonings.com\/fr\/?s={search_term_string}"},"query-input":{"@type":"PropertyValueSpecification","valueRequired":true,"valueName":"search_term_string"}}],"inLanguage":"fr-FR"},{"@type":"Organization","@id":"https:\/\/www.koonings.com\/fr\/#organization","name":"Koonings","url":"https:\/\/www.koonings.com\/fr\/","logo":{"@type":"ImageObject","inLanguage":"fr-FR","@id":"https:\/\/www.koonings.com\/fr\/#\/schema\/logo\/image\/","url":"https:\/\/www.koonings.com\/wp-content\/uploads\/2024\/07\/logo.png","contentUrl":"https:\/\/www.koonings.com\/wp-content\/uploads\/2024\/07\/logo.png","width":600,"height":428,"caption":"Koonings"},"image":{"@id":"https:\/\/www.koonings.com\/fr\/#\/schema\/logo\/image\/"},"sameAs":["https:\/\/www.facebook.com\/kooningstheweddingpalace","https:\/\/www.instagram.com\/kooningstheweddingpalace","https:\/\/www.pinterest.com\/koonings","https:\/\/www.youtube.com\/kooningstheweddingpalace"]}]}},"_links":{"self":[{"href":"https:\/\/www.koonings.com\/fr\/wp-json\/wp\/v2\/product\/94307","targetHints":{"allow":["GET"]}}],"collection":[{"href":"https:\/\/www.koonings.com\/fr\/wp-json\/wp\/v2\/product"}],"about":[{"href":"https:\/\/www.koonings.com\/fr\/wp-json\/wp\/v2\/types\/product"}],"wp:featuredmedia":[{"embeddable":true,"href":"https:\/\/www.koonings.com\/fr\/wp-json\/wp\/v2\/media\/89541"}],"wp:attachment":[{"href":"https:\/\/www.koonings.com\/fr\/wp-json\/wp\/v2\/media?parent=94307"}],"wp:term":[{"taxonomy":"productdetails","embeddable":true,"href":"https:\/\/www.koonings.com\/fr\/wp-json\/wp\/v2\/productdetails?post=94307"},{"taxonomy":"productneck","embeddable":true,"href":"https:\/\/www.koonings.com\/fr\/wp-json\/wp\/v2\/productneck?post=94307"},{"taxonomy":"productcolor","embeddable":true,"href":"https:\/\/www.koonings.com\/fr\/wp-json\/wp\/v2\/productcolor?post=94307"},{"taxonomy":"maat","embeddable":true,"href":"https:\/\/www.koonings.com\/fr\/wp-json\/wp\/v2\/maat?post=94307"},{"taxonomy":"productsupplier","embeddable":true,"href":"https:\/\/www.koonings.com\/fr\/wp-json\/wp\/v2\/productsupplier?post=94307"},{"taxonomy":"productsleeve","embeddable":true,"href":"https:\/\/www.koonings.com\/fr\/wp-json\/wp\/v2\/productsleeve?post=94307"},{"taxonomy":"productcategory","embeddable":true,"href":"https:\/\/www.koonings.com\/fr\/wp-json\/wp\/v2\/productcategory?post=94307"},{"taxonomy":"productsilhouette","embeddable":true,"href":"https:\/\/www.koonings.com\/fr\/wp-json\/wp\/v2\/productsilhouette?post=94307"},{"taxonomy":"productstyle","embeddable":true,"href":"https:\/\/www.koonings.com\/fr\/wp-json\/wp\/v2\/productstyle?post=94307"}],"curies":[{"name":"wp","href":"https:\/\/api.w.org\/{rel}","templated":true}]}}