{"id":94303,"date":"2026-04-14T16:34:29","date_gmt":"2026-04-14T14:34:29","guid":{"rendered":"https:\/\/www.koonings.com\/product\/poirier-t-75407-veste-craape-pearls-gisa%c2%a8le\/"},"modified":"2026-04-14T16:09:01","modified_gmt":"2026-04-14T14:09:01","slug":"poirier-t-75407-veste-craape-pearls-gisa%c2%a8le","status":"publish","type":"product","link":"https:\/\/www.koonings.com\/fr\/product\/poirier-t-75407-veste-craape-pearls-gisa%c2%a8le\/","title":{"rendered":"Poirier T-75407 Veste | Cr\u00c3\u00aape Pearls | Gis\u00c3\u00a8le"},"content":{"rendered":"<p>T-75407 &#8211; \u00c9l\u00e9gante veste en tissu cr\u00eap\u00e9 orn\u00e9e de perles sur le revers Ligne Gis\u00e8le<br \/>\nVeste de luxe en tissu cr\u00eap\u00e9 ivoire de la ligne Gis\u00e8le de la collection GEM.<br \/>\nOrn\u00e9e de rang\u00e9es de perles de diff\u00e9rentes tailles.<br \/>\nFermeture \u00e0 bouton sur le milieu du devant.<br \/>\nDisponible dans les tailles XS, S, M, L et XL.<br \/>\nTop T-75404 et pantalon TR-75451 de la ligne Gis\u00e8le assortis.<\/p>\n","protected":false},"featured_media":89621,"template":"","meta":{"_acf_changed":false,"ghostkit_customizer_options":"","ghostkit_custom_css":"","ghostkit_custom_js_head":"","ghostkit_custom_js_foot":"","ghostkit_typography":""},"productdetails":[],"productneck":[],"productcolor":[],"maat":[],"productsupplier":[416],"productsleeve":[],"productcategory":[509],"productsilhouette":[],"productstyle":[],"class_list":["post-94303","product","type-product","status-publish","has-post-thumbnail","hentry","productsupplier-poirier","productcategory-accessoires-bruid"],"acf":[],"yoast_head":"<!-- This site is optimized with the Yoast SEO plugin v27.3 - https:\/\/yoast.com\/product\/yoast-seo-wordpress\/ -->\n<title>Poirier T-75407 Veste | Cr\u00c3\u00aape Pearls | Gis\u00c3\u00a8le | Koonings<\/title>\n<meta name=\"description\" content=\"T-75407 - \u00c9l\u00e9gante veste en tissu cr\u00eap\u00e9 orn\u00e9e de perles sur le revers Ligne Gis\u00e8le Veste de luxe en tissu cr\u00eap\u00e9 ivoire de la ligne Gis\u00e8le de la collection GEM. Orn\u00e9e de rang\u00e9es de perles de diff\u00e9rentes tailles. Fermeture \u00e0 bouton sur le milieu du devant. Disponible dans les tailles XS, S, M, L et XL. Top T-75404 et pantalon TR-75451 de la ligne Gis\u00e8le assortis.\" \/>\n<meta name=\"robots\" content=\"index, follow, max-snippet:-1, max-image-preview:large, max-video-preview:-1\" \/>\n<link rel=\"canonical\" href=\"https:\/\/www.koonings.com\/fr\/product\/poirier-t-75407-veste-craape-pearls-gisa%c2%a8le\/\" \/>\n<meta property=\"og:locale\" content=\"fr_FR\" \/>\n<meta property=\"og:type\" content=\"article\" \/>\n<meta property=\"og:title\" content=\"Poirier T-75407 Veste | Cr\u00c3\u00aape Pearls | Gis\u00c3\u00a8le | Koonings\" \/>\n<meta property=\"og:description\" content=\"T-75407 - \u00c9l\u00e9gante veste en tissu cr\u00eap\u00e9 orn\u00e9e de perles sur le revers Ligne Gis\u00e8le Veste de luxe en tissu cr\u00eap\u00e9 ivoire de la ligne Gis\u00e8le de la collection GEM. Orn\u00e9e de rang\u00e9es de perles de diff\u00e9rentes tailles. Fermeture \u00e0 bouton sur le milieu du devant. Disponible dans les tailles XS, S, M, L et XL. Top T-75404 et pantalon TR-75451 de la ligne Gis\u00e8le assortis.\" \/>\n<meta property=\"og:url\" content=\"https:\/\/www.koonings.com\/fr\/product\/poirier-t-75407-veste-craape-pearls-gisa%c2%a8le\/\" \/>\n<meta property=\"og:site_name\" content=\"Koonings\" \/>\n<meta property=\"article:publisher\" content=\"https:\/\/www.facebook.com\/kooningstheweddingpalace\" \/>\n<meta property=\"og:image\" content=\"https:\/\/www.koonings.com\/wp-content\/uploads\/2025\/07\/50748_b71b51291008786659c36e354eb415bf943f1facb5a4ce231d7c2afb6841cc88315d142d.jpeg\" \/>\n\t<meta property=\"og:image:width\" content=\"1650\" \/>\n\t<meta property=\"og:image:height\" content=\"2200\" \/>\n\t<meta property=\"og:image:type\" content=\"image\/jpeg\" \/>\n<meta name=\"twitter:card\" content=\"summary_large_image\" \/>\n<script type=\"application\/ld+json\" class=\"yoast-schema-graph\">{\"@context\":\"https:\\\/\\\/schema.org\",\"@graph\":[{\"@type\":\"WebPage\",\"@id\":\"https:\\\/\\\/www.koonings.com\\\/fr\\\/product\\\/poirier-t-75407-veste-craape-pearls-gisa%c2%a8le\\\/\",\"url\":\"https:\\\/\\\/www.koonings.com\\\/fr\\\/product\\\/poirier-t-75407-veste-craape-pearls-gisa%c2%a8le\\\/\",\"name\":\"Poirier T-75407 Veste | Cr\u00c3\u00aape Pearls | Gis\u00c3\u00a8le | Koonings\",\"isPartOf\":{\"@id\":\"https:\\\/\\\/www.koonings.com\\\/fr\\\/#website\"},\"primaryImageOfPage\":{\"@id\":\"https:\\\/\\\/www.koonings.com\\\/fr\\\/product\\\/poirier-t-75407-veste-craape-pearls-gisa%c2%a8le\\\/#primaryimage\"},\"image\":{\"@id\":\"https:\\\/\\\/www.koonings.com\\\/fr\\\/product\\\/poirier-t-75407-veste-craape-pearls-gisa%c2%a8le\\\/#primaryimage\"},\"thumbnailUrl\":\"https:\\\/\\\/www.koonings.com\\\/wp-content\\\/uploads\\\/2025\\\/07\\\/50748_b71b51291008786659c36e354eb415bf943f1facb5a4ce231d7c2afb6841cc88315d142d.jpeg\",\"datePublished\":\"2026-04-14T14:34:29+00:00\",\"description\":\"T-75407 - \u00c9l\u00e9gante veste en tissu cr\u00eap\u00e9 orn\u00e9e de perles sur le revers Ligne Gis\u00e8le Veste de luxe en tissu cr\u00eap\u00e9 ivoire de la ligne Gis\u00e8le de la collection GEM. Orn\u00e9e de rang\u00e9es de perles de diff\u00e9rentes tailles. Fermeture \u00e0 bouton sur le milieu du devant. Disponible dans les tailles XS, S, M, L et XL. Top T-75404 et pantalon TR-75451 de la ligne Gis\u00e8le assortis.\",\"breadcrumb\":{\"@id\":\"https:\\\/\\\/www.koonings.com\\\/fr\\\/product\\\/poirier-t-75407-veste-craape-pearls-gisa%c2%a8le\\\/#breadcrumb\"},\"inLanguage\":\"fr-FR\",\"potentialAction\":[{\"@type\":\"ReadAction\",\"target\":[\"https:\\\/\\\/www.koonings.com\\\/fr\\\/product\\\/poirier-t-75407-veste-craape-pearls-gisa%c2%a8le\\\/\"]}]},{\"@type\":\"ImageObject\",\"inLanguage\":\"fr-FR\",\"@id\":\"https:\\\/\\\/www.koonings.com\\\/fr\\\/product\\\/poirier-t-75407-veste-craape-pearls-gisa%c2%a8le\\\/#primaryimage\",\"url\":\"https:\\\/\\\/www.koonings.com\\\/wp-content\\\/uploads\\\/2025\\\/07\\\/50748_b71b51291008786659c36e354eb415bf943f1facb5a4ce231d7c2afb6841cc88315d142d.jpeg\",\"contentUrl\":\"https:\\\/\\\/www.koonings.com\\\/wp-content\\\/uploads\\\/2025\\\/07\\\/50748_b71b51291008786659c36e354eb415bf943f1facb5a4ce231d7c2afb6841cc88315d142d.jpeg\",\"width\":1650,\"height\":2200},{\"@type\":\"BreadcrumbList\",\"@id\":\"https:\\\/\\\/www.koonings.com\\\/fr\\\/product\\\/poirier-t-75407-veste-craape-pearls-gisa%c2%a8le\\\/#breadcrumb\",\"itemListElement\":[{\"@type\":\"ListItem\",\"position\":1,\"name\":\"Home\",\"item\":\"https:\\\/\\\/www.koonings.com\\\/fr\\\/\"},{\"@type\":\"ListItem\",\"position\":2,\"name\":\"Poirier T-75407 Veste | Cr\u00c3\u00aape Pearls | Gis\u00c3\u00a8le\"}]},{\"@type\":\"WebSite\",\"@id\":\"https:\\\/\\\/www.koonings.com\\\/fr\\\/#website\",\"url\":\"https:\\\/\\\/www.koonings.com\\\/fr\\\/\",\"name\":\"Koonings\",\"description\":\"De grootste bruidsmodewinkel ter wereld\",\"publisher\":{\"@id\":\"https:\\\/\\\/www.koonings.com\\\/fr\\\/#organization\"},\"potentialAction\":[{\"@type\":\"SearchAction\",\"target\":{\"@type\":\"EntryPoint\",\"urlTemplate\":\"https:\\\/\\\/www.koonings.com\\\/fr\\\/?s={search_term_string}\"},\"query-input\":{\"@type\":\"PropertyValueSpecification\",\"valueRequired\":true,\"valueName\":\"search_term_string\"}}],\"inLanguage\":\"fr-FR\"},{\"@type\":\"Organization\",\"@id\":\"https:\\\/\\\/www.koonings.com\\\/fr\\\/#organization\",\"name\":\"Koonings\",\"url\":\"https:\\\/\\\/www.koonings.com\\\/fr\\\/\",\"logo\":{\"@type\":\"ImageObject\",\"inLanguage\":\"fr-FR\",\"@id\":\"https:\\\/\\\/www.koonings.com\\\/fr\\\/#\\\/schema\\\/logo\\\/image\\\/\",\"url\":\"https:\\\/\\\/www.koonings.com\\\/wp-content\\\/uploads\\\/2024\\\/07\\\/logo.png\",\"contentUrl\":\"https:\\\/\\\/www.koonings.com\\\/wp-content\\\/uploads\\\/2024\\\/07\\\/logo.png\",\"width\":600,\"height\":428,\"caption\":\"Koonings\"},\"image\":{\"@id\":\"https:\\\/\\\/www.koonings.com\\\/fr\\\/#\\\/schema\\\/logo\\\/image\\\/\"},\"sameAs\":[\"https:\\\/\\\/www.facebook.com\\\/kooningstheweddingpalace\",\"https:\\\/\\\/www.instagram.com\\\/kooningstheweddingpalace\",\"https:\\\/\\\/www.pinterest.com\\\/koonings\",\"https:\\\/\\\/www.youtube.com\\\/kooningstheweddingpalace\"]}]}<\/script>\n<!-- \/ Yoast SEO plugin. -->","yoast_head_json":{"title":"Poirier T-75407 Veste | Cr\u00c3\u00aape Pearls | Gis\u00c3\u00a8le | Koonings","description":"T-75407 - \u00c9l\u00e9gante veste en tissu cr\u00eap\u00e9 orn\u00e9e de perles sur le revers Ligne Gis\u00e8le Veste de luxe en tissu cr\u00eap\u00e9 ivoire de la ligne Gis\u00e8le de la collection GEM. Orn\u00e9e de rang\u00e9es de perles de diff\u00e9rentes tailles. Fermeture \u00e0 bouton sur le milieu du devant. Disponible dans les tailles XS, S, M, L et XL. Top T-75404 et pantalon TR-75451 de la ligne Gis\u00e8le assortis.","robots":{"index":"index","follow":"follow","max-snippet":"max-snippet:-1","max-image-preview":"max-image-preview:large","max-video-preview":"max-video-preview:-1"},"canonical":"https:\/\/www.koonings.com\/fr\/product\/poirier-t-75407-veste-craape-pearls-gisa%c2%a8le\/","og_locale":"fr_FR","og_type":"article","og_title":"Poirier T-75407 Veste | Cr\u00c3\u00aape Pearls | Gis\u00c3\u00a8le | Koonings","og_description":"T-75407 - \u00c9l\u00e9gante veste en tissu cr\u00eap\u00e9 orn\u00e9e de perles sur le revers Ligne Gis\u00e8le Veste de luxe en tissu cr\u00eap\u00e9 ivoire de la ligne Gis\u00e8le de la collection GEM. Orn\u00e9e de rang\u00e9es de perles de diff\u00e9rentes tailles. Fermeture \u00e0 bouton sur le milieu du devant. Disponible dans les tailles XS, S, M, L et XL. Top T-75404 et pantalon TR-75451 de la ligne Gis\u00e8le assortis.","og_url":"https:\/\/www.koonings.com\/fr\/product\/poirier-t-75407-veste-craape-pearls-gisa%c2%a8le\/","og_site_name":"Koonings","article_publisher":"https:\/\/www.facebook.com\/kooningstheweddingpalace","og_image":[{"width":1650,"height":2200,"url":"https:\/\/www.koonings.com\/wp-content\/uploads\/2025\/07\/50748_b71b51291008786659c36e354eb415bf943f1facb5a4ce231d7c2afb6841cc88315d142d.jpeg","type":"image\/jpeg"}],"twitter_card":"summary_large_image","schema":{"@context":"https:\/\/schema.org","@graph":[{"@type":"WebPage","@id":"https:\/\/www.koonings.com\/fr\/product\/poirier-t-75407-veste-craape-pearls-gisa%c2%a8le\/","url":"https:\/\/www.koonings.com\/fr\/product\/poirier-t-75407-veste-craape-pearls-gisa%c2%a8le\/","name":"Poirier T-75407 Veste | Cr\u00c3\u00aape Pearls | Gis\u00c3\u00a8le | Koonings","isPartOf":{"@id":"https:\/\/www.koonings.com\/fr\/#website"},"primaryImageOfPage":{"@id":"https:\/\/www.koonings.com\/fr\/product\/poirier-t-75407-veste-craape-pearls-gisa%c2%a8le\/#primaryimage"},"image":{"@id":"https:\/\/www.koonings.com\/fr\/product\/poirier-t-75407-veste-craape-pearls-gisa%c2%a8le\/#primaryimage"},"thumbnailUrl":"https:\/\/www.koonings.com\/wp-content\/uploads\/2025\/07\/50748_b71b51291008786659c36e354eb415bf943f1facb5a4ce231d7c2afb6841cc88315d142d.jpeg","datePublished":"2026-04-14T14:34:29+00:00","description":"T-75407 - \u00c9l\u00e9gante veste en tissu cr\u00eap\u00e9 orn\u00e9e de perles sur le revers Ligne Gis\u00e8le Veste de luxe en tissu cr\u00eap\u00e9 ivoire de la ligne Gis\u00e8le de la collection GEM. Orn\u00e9e de rang\u00e9es de perles de diff\u00e9rentes tailles. Fermeture \u00e0 bouton sur le milieu du devant. Disponible dans les tailles XS, S, M, L et XL. Top T-75404 et pantalon TR-75451 de la ligne Gis\u00e8le assortis.","breadcrumb":{"@id":"https:\/\/www.koonings.com\/fr\/product\/poirier-t-75407-veste-craape-pearls-gisa%c2%a8le\/#breadcrumb"},"inLanguage":"fr-FR","potentialAction":[{"@type":"ReadAction","target":["https:\/\/www.koonings.com\/fr\/product\/poirier-t-75407-veste-craape-pearls-gisa%c2%a8le\/"]}]},{"@type":"ImageObject","inLanguage":"fr-FR","@id":"https:\/\/www.koonings.com\/fr\/product\/poirier-t-75407-veste-craape-pearls-gisa%c2%a8le\/#primaryimage","url":"https:\/\/www.koonings.com\/wp-content\/uploads\/2025\/07\/50748_b71b51291008786659c36e354eb415bf943f1facb5a4ce231d7c2afb6841cc88315d142d.jpeg","contentUrl":"https:\/\/www.koonings.com\/wp-content\/uploads\/2025\/07\/50748_b71b51291008786659c36e354eb415bf943f1facb5a4ce231d7c2afb6841cc88315d142d.jpeg","width":1650,"height":2200},{"@type":"BreadcrumbList","@id":"https:\/\/www.koonings.com\/fr\/product\/poirier-t-75407-veste-craape-pearls-gisa%c2%a8le\/#breadcrumb","itemListElement":[{"@type":"ListItem","position":1,"name":"Home","item":"https:\/\/www.koonings.com\/fr\/"},{"@type":"ListItem","position":2,"name":"Poirier T-75407 Veste | Cr\u00c3\u00aape Pearls | Gis\u00c3\u00a8le"}]},{"@type":"WebSite","@id":"https:\/\/www.koonings.com\/fr\/#website","url":"https:\/\/www.koonings.com\/fr\/","name":"Koonings","description":"De grootste bruidsmodewinkel ter wereld","publisher":{"@id":"https:\/\/www.koonings.com\/fr\/#organization"},"potentialAction":[{"@type":"SearchAction","target":{"@type":"EntryPoint","urlTemplate":"https:\/\/www.koonings.com\/fr\/?s={search_term_string}"},"query-input":{"@type":"PropertyValueSpecification","valueRequired":true,"valueName":"search_term_string"}}],"inLanguage":"fr-FR"},{"@type":"Organization","@id":"https:\/\/www.koonings.com\/fr\/#organization","name":"Koonings","url":"https:\/\/www.koonings.com\/fr\/","logo":{"@type":"ImageObject","inLanguage":"fr-FR","@id":"https:\/\/www.koonings.com\/fr\/#\/schema\/logo\/image\/","url":"https:\/\/www.koonings.com\/wp-content\/uploads\/2024\/07\/logo.png","contentUrl":"https:\/\/www.koonings.com\/wp-content\/uploads\/2024\/07\/logo.png","width":600,"height":428,"caption":"Koonings"},"image":{"@id":"https:\/\/www.koonings.com\/fr\/#\/schema\/logo\/image\/"},"sameAs":["https:\/\/www.facebook.com\/kooningstheweddingpalace","https:\/\/www.instagram.com\/kooningstheweddingpalace","https:\/\/www.pinterest.com\/koonings","https:\/\/www.youtube.com\/kooningstheweddingpalace"]}]}},"_links":{"self":[{"href":"https:\/\/www.koonings.com\/fr\/wp-json\/wp\/v2\/product\/94303","targetHints":{"allow":["GET"]}}],"collection":[{"href":"https:\/\/www.koonings.com\/fr\/wp-json\/wp\/v2\/product"}],"about":[{"href":"https:\/\/www.koonings.com\/fr\/wp-json\/wp\/v2\/types\/product"}],"wp:featuredmedia":[{"embeddable":true,"href":"https:\/\/www.koonings.com\/fr\/wp-json\/wp\/v2\/media\/89621"}],"wp:attachment":[{"href":"https:\/\/www.koonings.com\/fr\/wp-json\/wp\/v2\/media?parent=94303"}],"wp:term":[{"taxonomy":"productdetails","embeddable":true,"href":"https:\/\/www.koonings.com\/fr\/wp-json\/wp\/v2\/productdetails?post=94303"},{"taxonomy":"productneck","embeddable":true,"href":"https:\/\/www.koonings.com\/fr\/wp-json\/wp\/v2\/productneck?post=94303"},{"taxonomy":"productcolor","embeddable":true,"href":"https:\/\/www.koonings.com\/fr\/wp-json\/wp\/v2\/productcolor?post=94303"},{"taxonomy":"maat","embeddable":true,"href":"https:\/\/www.koonings.com\/fr\/wp-json\/wp\/v2\/maat?post=94303"},{"taxonomy":"productsupplier","embeddable":true,"href":"https:\/\/www.koonings.com\/fr\/wp-json\/wp\/v2\/productsupplier?post=94303"},{"taxonomy":"productsleeve","embeddable":true,"href":"https:\/\/www.koonings.com\/fr\/wp-json\/wp\/v2\/productsleeve?post=94303"},{"taxonomy":"productcategory","embeddable":true,"href":"https:\/\/www.koonings.com\/fr\/wp-json\/wp\/v2\/productcategory?post=94303"},{"taxonomy":"productsilhouette","embeddable":true,"href":"https:\/\/www.koonings.com\/fr\/wp-json\/wp\/v2\/productsilhouette?post=94303"},{"taxonomy":"productstyle","embeddable":true,"href":"https:\/\/www.koonings.com\/fr\/wp-json\/wp\/v2\/productstyle?post=94303"}],"curies":[{"name":"wp","href":"https:\/\/api.w.org\/{rel}","templated":true}]}}