{"id":94299,"date":"2026-04-28T18:32:21","date_gmt":"2026-04-28T16:32:21","guid":{"rendered":"https:\/\/www.koonings.com\/product\/boucles-doreilles-poirier-nc-1403-2\/"},"modified":"2026-04-14T16:06:55","modified_gmt":"2026-04-14T14:06:55","slug":"boucles-doreilles-poirier-nc-1403-2","status":"publish","type":"product","link":"https:\/\/www.koonings.com\/fr\/product\/boucles-doreilles-poirier-nc-1403-2\/","title":{"rendered":"Boucles d&#8217;oreilles Poirier NC-1403"},"content":{"rendered":"<p>Boucles d&#8217;oreilles avec strass<br \/>\nBoucles d&#8217;oreilles de la collection Poirier&#8217;s Fine Jewelry.<br \/>\nBoucles d&#8217;oreilles avec strass.<br \/>\nDisponible dans les couleurs : argent, or OU or rose.<br \/>\n1 paire (compos\u00e9e de 2 boucles d&#8217;oreilles).<br \/>\nOptez \u00e9galement pour le diad\u00e8me assorti BB-227.<\/p>\n","protected":false},"featured_media":90225,"template":"","meta":{"_acf_changed":false,"ghostkit_customizer_options":"","ghostkit_custom_css":"","ghostkit_custom_js_head":"","ghostkit_custom_js_foot":"","ghostkit_typography":""},"productdetails":[],"productneck":[],"productcolor":[],"maat":[],"productsupplier":[416],"productsleeve":[],"productcategory":[511],"productsilhouette":[],"productstyle":[],"class_list":["post-94299","product","type-product","status-publish","has-post-thumbnail","hentry","productsupplier-poirier","productcategory-sieraden"],"acf":[],"yoast_head":"<!-- This site is optimized with the Yoast SEO plugin v27.3 - https:\/\/yoast.com\/product\/yoast-seo-wordpress\/ -->\n<title>Boucles d&#039;oreilles Poirier NC-1403 | Koonings<\/title>\n<meta name=\"description\" content=\"Boucles d&#039;oreilles avec strass Boucles d&#039;oreilles de la collection Poirier&#039;s Fine Jewelry. Boucles d&#039;oreilles avec strass. Disponible dans les couleurs : argent, or OU or rose. 1 paire (compos\u00e9e de 2 boucles d&#039;oreilles). Optez \u00e9galement pour le diad\u00e8me assorti BB-227.\" \/>\n<meta name=\"robots\" content=\"index, follow, max-snippet:-1, max-image-preview:large, max-video-preview:-1\" \/>\n<link rel=\"canonical\" href=\"https:\/\/www.koonings.com\/fr\/product\/boucles-doreilles-poirier-nc-1403-2\/\" \/>\n<meta property=\"og:locale\" content=\"fr_FR\" \/>\n<meta property=\"og:type\" content=\"article\" \/>\n<meta property=\"og:title\" content=\"Boucles d&#039;oreilles Poirier NC-1403 | Koonings\" \/>\n<meta property=\"og:description\" content=\"Boucles d&#039;oreilles avec strass Boucles d&#039;oreilles de la collection Poirier&#039;s Fine Jewelry. Boucles d&#039;oreilles avec strass. Disponible dans les couleurs : argent, or OU or rose. 1 paire (compos\u00e9e de 2 boucles d&#039;oreilles). Optez \u00e9galement pour le diad\u00e8me assorti BB-227.\" \/>\n<meta property=\"og:url\" content=\"https:\/\/www.koonings.com\/fr\/product\/boucles-doreilles-poirier-nc-1403-2\/\" \/>\n<meta property=\"og:site_name\" content=\"Koonings\" \/>\n<meta property=\"article:publisher\" content=\"https:\/\/www.facebook.com\/kooningstheweddingpalace\" \/>\n<meta property=\"og:image\" content=\"https:\/\/www.koonings.com\/wp-content\/uploads\/2025\/08\/50637_9ae9a0071be7c51d8856cd18d6bc280e8e7cc7a24b8f585e07221596d89cd097a86441dc.jpeg\" \/>\n\t<meta property=\"og:image:width\" content=\"800\" \/>\n\t<meta property=\"og:image:height\" content=\"1064\" \/>\n\t<meta property=\"og:image:type\" content=\"image\/jpeg\" \/>\n<meta name=\"twitter:card\" content=\"summary_large_image\" \/>\n<script type=\"application\/ld+json\" class=\"yoast-schema-graph\">{\"@context\":\"https:\\\/\\\/schema.org\",\"@graph\":[{\"@type\":\"WebPage\",\"@id\":\"https:\\\/\\\/www.koonings.com\\\/fr\\\/product\\\/boucles-doreilles-poirier-nc-1403-2\\\/\",\"url\":\"https:\\\/\\\/www.koonings.com\\\/fr\\\/product\\\/boucles-doreilles-poirier-nc-1403-2\\\/\",\"name\":\"Boucles d'oreilles Poirier NC-1403 | Koonings\",\"isPartOf\":{\"@id\":\"https:\\\/\\\/www.koonings.com\\\/fr\\\/#website\"},\"primaryImageOfPage\":{\"@id\":\"https:\\\/\\\/www.koonings.com\\\/fr\\\/product\\\/boucles-doreilles-poirier-nc-1403-2\\\/#primaryimage\"},\"image\":{\"@id\":\"https:\\\/\\\/www.koonings.com\\\/fr\\\/product\\\/boucles-doreilles-poirier-nc-1403-2\\\/#primaryimage\"},\"thumbnailUrl\":\"https:\\\/\\\/www.koonings.com\\\/wp-content\\\/uploads\\\/2025\\\/08\\\/50637_9ae9a0071be7c51d8856cd18d6bc280e8e7cc7a24b8f585e07221596d89cd097a86441dc.jpeg\",\"datePublished\":\"2026-04-28T16:32:21+00:00\",\"description\":\"Boucles d'oreilles avec strass Boucles d'oreilles de la collection Poirier's Fine Jewelry. Boucles d'oreilles avec strass. Disponible dans les couleurs : argent, or OU or rose. 1 paire (compos\u00e9e de 2 boucles d'oreilles). Optez \u00e9galement pour le diad\u00e8me assorti BB-227.\",\"breadcrumb\":{\"@id\":\"https:\\\/\\\/www.koonings.com\\\/fr\\\/product\\\/boucles-doreilles-poirier-nc-1403-2\\\/#breadcrumb\"},\"inLanguage\":\"fr-FR\",\"potentialAction\":[{\"@type\":\"ReadAction\",\"target\":[\"https:\\\/\\\/www.koonings.com\\\/fr\\\/product\\\/boucles-doreilles-poirier-nc-1403-2\\\/\"]}]},{\"@type\":\"ImageObject\",\"inLanguage\":\"fr-FR\",\"@id\":\"https:\\\/\\\/www.koonings.com\\\/fr\\\/product\\\/boucles-doreilles-poirier-nc-1403-2\\\/#primaryimage\",\"url\":\"https:\\\/\\\/www.koonings.com\\\/wp-content\\\/uploads\\\/2025\\\/08\\\/50637_9ae9a0071be7c51d8856cd18d6bc280e8e7cc7a24b8f585e07221596d89cd097a86441dc.jpeg\",\"contentUrl\":\"https:\\\/\\\/www.koonings.com\\\/wp-content\\\/uploads\\\/2025\\\/08\\\/50637_9ae9a0071be7c51d8856cd18d6bc280e8e7cc7a24b8f585e07221596d89cd097a86441dc.jpeg\",\"width\":800,\"height\":1064},{\"@type\":\"BreadcrumbList\",\"@id\":\"https:\\\/\\\/www.koonings.com\\\/fr\\\/product\\\/boucles-doreilles-poirier-nc-1403-2\\\/#breadcrumb\",\"itemListElement\":[{\"@type\":\"ListItem\",\"position\":1,\"name\":\"Home\",\"item\":\"https:\\\/\\\/www.koonings.com\\\/fr\\\/\"},{\"@type\":\"ListItem\",\"position\":2,\"name\":\"Boucles d&#8217;oreilles Poirier NC-1403\"}]},{\"@type\":\"WebSite\",\"@id\":\"https:\\\/\\\/www.koonings.com\\\/fr\\\/#website\",\"url\":\"https:\\\/\\\/www.koonings.com\\\/fr\\\/\",\"name\":\"Koonings\",\"description\":\"De grootste bruidsmodewinkel ter wereld\",\"publisher\":{\"@id\":\"https:\\\/\\\/www.koonings.com\\\/fr\\\/#organization\"},\"potentialAction\":[{\"@type\":\"SearchAction\",\"target\":{\"@type\":\"EntryPoint\",\"urlTemplate\":\"https:\\\/\\\/www.koonings.com\\\/fr\\\/?s={search_term_string}\"},\"query-input\":{\"@type\":\"PropertyValueSpecification\",\"valueRequired\":true,\"valueName\":\"search_term_string\"}}],\"inLanguage\":\"fr-FR\"},{\"@type\":\"Organization\",\"@id\":\"https:\\\/\\\/www.koonings.com\\\/fr\\\/#organization\",\"name\":\"Koonings\",\"url\":\"https:\\\/\\\/www.koonings.com\\\/fr\\\/\",\"logo\":{\"@type\":\"ImageObject\",\"inLanguage\":\"fr-FR\",\"@id\":\"https:\\\/\\\/www.koonings.com\\\/fr\\\/#\\\/schema\\\/logo\\\/image\\\/\",\"url\":\"https:\\\/\\\/www.koonings.com\\\/wp-content\\\/uploads\\\/2024\\\/07\\\/logo.png\",\"contentUrl\":\"https:\\\/\\\/www.koonings.com\\\/wp-content\\\/uploads\\\/2024\\\/07\\\/logo.png\",\"width\":600,\"height\":428,\"caption\":\"Koonings\"},\"image\":{\"@id\":\"https:\\\/\\\/www.koonings.com\\\/fr\\\/#\\\/schema\\\/logo\\\/image\\\/\"},\"sameAs\":[\"https:\\\/\\\/www.facebook.com\\\/kooningstheweddingpalace\",\"https:\\\/\\\/www.instagram.com\\\/kooningstheweddingpalace\",\"https:\\\/\\\/www.pinterest.com\\\/koonings\",\"https:\\\/\\\/www.youtube.com\\\/kooningstheweddingpalace\"]}]}<\/script>\n<!-- \/ Yoast SEO plugin. -->","yoast_head_json":{"title":"Boucles d'oreilles Poirier NC-1403 | Koonings","description":"Boucles d'oreilles avec strass Boucles d'oreilles de la collection Poirier's Fine Jewelry. Boucles d'oreilles avec strass. Disponible dans les couleurs : argent, or OU or rose. 1 paire (compos\u00e9e de 2 boucles d'oreilles). Optez \u00e9galement pour le diad\u00e8me assorti BB-227.","robots":{"index":"index","follow":"follow","max-snippet":"max-snippet:-1","max-image-preview":"max-image-preview:large","max-video-preview":"max-video-preview:-1"},"canonical":"https:\/\/www.koonings.com\/fr\/product\/boucles-doreilles-poirier-nc-1403-2\/","og_locale":"fr_FR","og_type":"article","og_title":"Boucles d'oreilles Poirier NC-1403 | Koonings","og_description":"Boucles d'oreilles avec strass Boucles d'oreilles de la collection Poirier's Fine Jewelry. Boucles d'oreilles avec strass. Disponible dans les couleurs : argent, or OU or rose. 1 paire (compos\u00e9e de 2 boucles d'oreilles). Optez \u00e9galement pour le diad\u00e8me assorti BB-227.","og_url":"https:\/\/www.koonings.com\/fr\/product\/boucles-doreilles-poirier-nc-1403-2\/","og_site_name":"Koonings","article_publisher":"https:\/\/www.facebook.com\/kooningstheweddingpalace","og_image":[{"width":800,"height":1064,"url":"https:\/\/www.koonings.com\/wp-content\/uploads\/2025\/08\/50637_9ae9a0071be7c51d8856cd18d6bc280e8e7cc7a24b8f585e07221596d89cd097a86441dc.jpeg","type":"image\/jpeg"}],"twitter_card":"summary_large_image","schema":{"@context":"https:\/\/schema.org","@graph":[{"@type":"WebPage","@id":"https:\/\/www.koonings.com\/fr\/product\/boucles-doreilles-poirier-nc-1403-2\/","url":"https:\/\/www.koonings.com\/fr\/product\/boucles-doreilles-poirier-nc-1403-2\/","name":"Boucles d'oreilles Poirier NC-1403 | Koonings","isPartOf":{"@id":"https:\/\/www.koonings.com\/fr\/#website"},"primaryImageOfPage":{"@id":"https:\/\/www.koonings.com\/fr\/product\/boucles-doreilles-poirier-nc-1403-2\/#primaryimage"},"image":{"@id":"https:\/\/www.koonings.com\/fr\/product\/boucles-doreilles-poirier-nc-1403-2\/#primaryimage"},"thumbnailUrl":"https:\/\/www.koonings.com\/wp-content\/uploads\/2025\/08\/50637_9ae9a0071be7c51d8856cd18d6bc280e8e7cc7a24b8f585e07221596d89cd097a86441dc.jpeg","datePublished":"2026-04-28T16:32:21+00:00","description":"Boucles d'oreilles avec strass Boucles d'oreilles de la collection Poirier's Fine Jewelry. Boucles d'oreilles avec strass. Disponible dans les couleurs : argent, or OU or rose. 1 paire (compos\u00e9e de 2 boucles d'oreilles). Optez \u00e9galement pour le diad\u00e8me assorti BB-227.","breadcrumb":{"@id":"https:\/\/www.koonings.com\/fr\/product\/boucles-doreilles-poirier-nc-1403-2\/#breadcrumb"},"inLanguage":"fr-FR","potentialAction":[{"@type":"ReadAction","target":["https:\/\/www.koonings.com\/fr\/product\/boucles-doreilles-poirier-nc-1403-2\/"]}]},{"@type":"ImageObject","inLanguage":"fr-FR","@id":"https:\/\/www.koonings.com\/fr\/product\/boucles-doreilles-poirier-nc-1403-2\/#primaryimage","url":"https:\/\/www.koonings.com\/wp-content\/uploads\/2025\/08\/50637_9ae9a0071be7c51d8856cd18d6bc280e8e7cc7a24b8f585e07221596d89cd097a86441dc.jpeg","contentUrl":"https:\/\/www.koonings.com\/wp-content\/uploads\/2025\/08\/50637_9ae9a0071be7c51d8856cd18d6bc280e8e7cc7a24b8f585e07221596d89cd097a86441dc.jpeg","width":800,"height":1064},{"@type":"BreadcrumbList","@id":"https:\/\/www.koonings.com\/fr\/product\/boucles-doreilles-poirier-nc-1403-2\/#breadcrumb","itemListElement":[{"@type":"ListItem","position":1,"name":"Home","item":"https:\/\/www.koonings.com\/fr\/"},{"@type":"ListItem","position":2,"name":"Boucles d&#8217;oreilles Poirier NC-1403"}]},{"@type":"WebSite","@id":"https:\/\/www.koonings.com\/fr\/#website","url":"https:\/\/www.koonings.com\/fr\/","name":"Koonings","description":"De grootste bruidsmodewinkel ter wereld","publisher":{"@id":"https:\/\/www.koonings.com\/fr\/#organization"},"potentialAction":[{"@type":"SearchAction","target":{"@type":"EntryPoint","urlTemplate":"https:\/\/www.koonings.com\/fr\/?s={search_term_string}"},"query-input":{"@type":"PropertyValueSpecification","valueRequired":true,"valueName":"search_term_string"}}],"inLanguage":"fr-FR"},{"@type":"Organization","@id":"https:\/\/www.koonings.com\/fr\/#organization","name":"Koonings","url":"https:\/\/www.koonings.com\/fr\/","logo":{"@type":"ImageObject","inLanguage":"fr-FR","@id":"https:\/\/www.koonings.com\/fr\/#\/schema\/logo\/image\/","url":"https:\/\/www.koonings.com\/wp-content\/uploads\/2024\/07\/logo.png","contentUrl":"https:\/\/www.koonings.com\/wp-content\/uploads\/2024\/07\/logo.png","width":600,"height":428,"caption":"Koonings"},"image":{"@id":"https:\/\/www.koonings.com\/fr\/#\/schema\/logo\/image\/"},"sameAs":["https:\/\/www.facebook.com\/kooningstheweddingpalace","https:\/\/www.instagram.com\/kooningstheweddingpalace","https:\/\/www.pinterest.com\/koonings","https:\/\/www.youtube.com\/kooningstheweddingpalace"]}]}},"_links":{"self":[{"href":"https:\/\/www.koonings.com\/fr\/wp-json\/wp\/v2\/product\/94299","targetHints":{"allow":["GET"]}}],"collection":[{"href":"https:\/\/www.koonings.com\/fr\/wp-json\/wp\/v2\/product"}],"about":[{"href":"https:\/\/www.koonings.com\/fr\/wp-json\/wp\/v2\/types\/product"}],"wp:featuredmedia":[{"embeddable":true,"href":"https:\/\/www.koonings.com\/fr\/wp-json\/wp\/v2\/media\/90225"}],"wp:attachment":[{"href":"https:\/\/www.koonings.com\/fr\/wp-json\/wp\/v2\/media?parent=94299"}],"wp:term":[{"taxonomy":"productdetails","embeddable":true,"href":"https:\/\/www.koonings.com\/fr\/wp-json\/wp\/v2\/productdetails?post=94299"},{"taxonomy":"productneck","embeddable":true,"href":"https:\/\/www.koonings.com\/fr\/wp-json\/wp\/v2\/productneck?post=94299"},{"taxonomy":"productcolor","embeddable":true,"href":"https:\/\/www.koonings.com\/fr\/wp-json\/wp\/v2\/productcolor?post=94299"},{"taxonomy":"maat","embeddable":true,"href":"https:\/\/www.koonings.com\/fr\/wp-json\/wp\/v2\/maat?post=94299"},{"taxonomy":"productsupplier","embeddable":true,"href":"https:\/\/www.koonings.com\/fr\/wp-json\/wp\/v2\/productsupplier?post=94299"},{"taxonomy":"productsleeve","embeddable":true,"href":"https:\/\/www.koonings.com\/fr\/wp-json\/wp\/v2\/productsleeve?post=94299"},{"taxonomy":"productcategory","embeddable":true,"href":"https:\/\/www.koonings.com\/fr\/wp-json\/wp\/v2\/productcategory?post=94299"},{"taxonomy":"productsilhouette","embeddable":true,"href":"https:\/\/www.koonings.com\/fr\/wp-json\/wp\/v2\/productsilhouette?post=94299"},{"taxonomy":"productstyle","embeddable":true,"href":"https:\/\/www.koonings.com\/fr\/wp-json\/wp\/v2\/productstyle?post=94299"}],"curies":[{"name":"wp","href":"https:\/\/api.w.org\/{rel}","templated":true}]}}