{"id":94288,"date":"2026-04-14T16:34:37","date_gmt":"2026-04-14T14:34:37","guid":{"rendered":"https:\/\/www.koonings.com\/product\/poirier-t-75427-bandeaufleursyvette\/"},"modified":"2026-04-14T16:07:30","modified_gmt":"2026-04-14T14:07:30","slug":"poirier-t-75427-bandeaufleursyvette","status":"publish","type":"product","link":"https:\/\/www.koonings.com\/fr\/product\/poirier-t-75427-bandeaufleursyvette\/","title":{"rendered":"Poirier T-75427 Bandeau|Fleurs|Yvette"},"content":{"rendered":"<p>T-75427 &#8211; Bandeau mode orn\u00e9 de fleurs avec strass<br \/>\nBandeau en satin de la ligne Yvette de la collection GEM.<br \/>\nOrnementation de fleurs avec strass sur le devant.<br \/>\nIvoire.<br \/>\nFermeture \u00e0 glissi\u00e8re sur le c\u00f4t\u00e9.<br \/>\nTailles : XS, S, M, L, XL.<\/p>\n","protected":false},"featured_media":89927,"template":"","meta":{"_acf_changed":false,"ghostkit_customizer_options":"","ghostkit_custom_css":"","ghostkit_custom_js_head":"","ghostkit_custom_js_foot":"","ghostkit_typography":""},"productdetails":[],"productneck":[],"productcolor":[],"maat":[],"productsupplier":[416],"productsleeve":[],"productcategory":[509],"productsilhouette":[],"productstyle":[],"class_list":["post-94288","product","type-product","status-publish","has-post-thumbnail","hentry","productsupplier-poirier","productcategory-accessoires-bruid"],"acf":[],"yoast_head":"<!-- This site is optimized with the Yoast SEO plugin v27.3 - https:\/\/yoast.com\/product\/yoast-seo-wordpress\/ -->\n<title>Poirier T-75427 Bandeau|Fleurs|Yvette | Koonings<\/title>\n<meta name=\"description\" content=\"T-75427 - Bandeau mode orn\u00e9 de fleurs avec strass Bandeau en satin de la ligne Yvette de la collection GEM. Ornementation de fleurs avec strass sur le devant. Ivoire. Fermeture \u00e0 glissi\u00e8re sur le c\u00f4t\u00e9. Tailles : XS, S, M, L, XL.\" \/>\n<meta name=\"robots\" content=\"index, follow, max-snippet:-1, max-image-preview:large, max-video-preview:-1\" \/>\n<link rel=\"canonical\" href=\"https:\/\/www.koonings.com\/fr\/product\/poirier-t-75427-bandeaufleursyvette\/\" \/>\n<meta property=\"og:locale\" content=\"fr_FR\" \/>\n<meta property=\"og:type\" content=\"article\" \/>\n<meta property=\"og:title\" content=\"Poirier T-75427 Bandeau|Fleurs|Yvette | Koonings\" \/>\n<meta property=\"og:description\" content=\"T-75427 - Bandeau mode orn\u00e9 de fleurs avec strass Bandeau en satin de la ligne Yvette de la collection GEM. Ornementation de fleurs avec strass sur le devant. Ivoire. Fermeture \u00e0 glissi\u00e8re sur le c\u00f4t\u00e9. Tailles : XS, S, M, L, XL.\" \/>\n<meta property=\"og:url\" content=\"https:\/\/www.koonings.com\/fr\/product\/poirier-t-75427-bandeaufleursyvette\/\" \/>\n<meta property=\"og:site_name\" content=\"Koonings\" \/>\n<meta property=\"article:publisher\" content=\"https:\/\/www.facebook.com\/kooningstheweddingpalace\" \/>\n<meta property=\"og:image\" content=\"https:\/\/www.koonings.com\/wp-content\/uploads\/2025\/07\/50766_a6a58872b01473723e8c10121afa697f9f5ed79a983c32a0fd916836ea53ea22623cb098.jpeg\" \/>\n\t<meta property=\"og:image:width\" content=\"1650\" \/>\n\t<meta property=\"og:image:height\" content=\"2200\" \/>\n\t<meta property=\"og:image:type\" content=\"image\/jpeg\" \/>\n<meta name=\"twitter:card\" content=\"summary_large_image\" \/>\n<script type=\"application\/ld+json\" class=\"yoast-schema-graph\">{\"@context\":\"https:\\\/\\\/schema.org\",\"@graph\":[{\"@type\":\"WebPage\",\"@id\":\"https:\\\/\\\/www.koonings.com\\\/fr\\\/product\\\/poirier-t-75427-bandeaufleursyvette\\\/\",\"url\":\"https:\\\/\\\/www.koonings.com\\\/fr\\\/product\\\/poirier-t-75427-bandeaufleursyvette\\\/\",\"name\":\"Poirier T-75427 Bandeau|Fleurs|Yvette | Koonings\",\"isPartOf\":{\"@id\":\"https:\\\/\\\/www.koonings.com\\\/fr\\\/#website\"},\"primaryImageOfPage\":{\"@id\":\"https:\\\/\\\/www.koonings.com\\\/fr\\\/product\\\/poirier-t-75427-bandeaufleursyvette\\\/#primaryimage\"},\"image\":{\"@id\":\"https:\\\/\\\/www.koonings.com\\\/fr\\\/product\\\/poirier-t-75427-bandeaufleursyvette\\\/#primaryimage\"},\"thumbnailUrl\":\"https:\\\/\\\/www.koonings.com\\\/wp-content\\\/uploads\\\/2025\\\/07\\\/50766_a6a58872b01473723e8c10121afa697f9f5ed79a983c32a0fd916836ea53ea22623cb098.jpeg\",\"datePublished\":\"2026-04-14T14:34:37+00:00\",\"description\":\"T-75427 - Bandeau mode orn\u00e9 de fleurs avec strass Bandeau en satin de la ligne Yvette de la collection GEM. Ornementation de fleurs avec strass sur le devant. Ivoire. Fermeture \u00e0 glissi\u00e8re sur le c\u00f4t\u00e9. Tailles : XS, S, M, L, XL.\",\"breadcrumb\":{\"@id\":\"https:\\\/\\\/www.koonings.com\\\/fr\\\/product\\\/poirier-t-75427-bandeaufleursyvette\\\/#breadcrumb\"},\"inLanguage\":\"fr-FR\",\"potentialAction\":[{\"@type\":\"ReadAction\",\"target\":[\"https:\\\/\\\/www.koonings.com\\\/fr\\\/product\\\/poirier-t-75427-bandeaufleursyvette\\\/\"]}]},{\"@type\":\"ImageObject\",\"inLanguage\":\"fr-FR\",\"@id\":\"https:\\\/\\\/www.koonings.com\\\/fr\\\/product\\\/poirier-t-75427-bandeaufleursyvette\\\/#primaryimage\",\"url\":\"https:\\\/\\\/www.koonings.com\\\/wp-content\\\/uploads\\\/2025\\\/07\\\/50766_a6a58872b01473723e8c10121afa697f9f5ed79a983c32a0fd916836ea53ea22623cb098.jpeg\",\"contentUrl\":\"https:\\\/\\\/www.koonings.com\\\/wp-content\\\/uploads\\\/2025\\\/07\\\/50766_a6a58872b01473723e8c10121afa697f9f5ed79a983c32a0fd916836ea53ea22623cb098.jpeg\",\"width\":1650,\"height\":2200},{\"@type\":\"BreadcrumbList\",\"@id\":\"https:\\\/\\\/www.koonings.com\\\/fr\\\/product\\\/poirier-t-75427-bandeaufleursyvette\\\/#breadcrumb\",\"itemListElement\":[{\"@type\":\"ListItem\",\"position\":1,\"name\":\"Home\",\"item\":\"https:\\\/\\\/www.koonings.com\\\/fr\\\/\"},{\"@type\":\"ListItem\",\"position\":2,\"name\":\"Poirier T-75427 Bandeau|Fleurs|Yvette\"}]},{\"@type\":\"WebSite\",\"@id\":\"https:\\\/\\\/www.koonings.com\\\/fr\\\/#website\",\"url\":\"https:\\\/\\\/www.koonings.com\\\/fr\\\/\",\"name\":\"Koonings\",\"description\":\"De grootste bruidsmodewinkel ter wereld\",\"publisher\":{\"@id\":\"https:\\\/\\\/www.koonings.com\\\/fr\\\/#organization\"},\"potentialAction\":[{\"@type\":\"SearchAction\",\"target\":{\"@type\":\"EntryPoint\",\"urlTemplate\":\"https:\\\/\\\/www.koonings.com\\\/fr\\\/?s={search_term_string}\"},\"query-input\":{\"@type\":\"PropertyValueSpecification\",\"valueRequired\":true,\"valueName\":\"search_term_string\"}}],\"inLanguage\":\"fr-FR\"},{\"@type\":\"Organization\",\"@id\":\"https:\\\/\\\/www.koonings.com\\\/fr\\\/#organization\",\"name\":\"Koonings\",\"url\":\"https:\\\/\\\/www.koonings.com\\\/fr\\\/\",\"logo\":{\"@type\":\"ImageObject\",\"inLanguage\":\"fr-FR\",\"@id\":\"https:\\\/\\\/www.koonings.com\\\/fr\\\/#\\\/schema\\\/logo\\\/image\\\/\",\"url\":\"https:\\\/\\\/www.koonings.com\\\/wp-content\\\/uploads\\\/2024\\\/07\\\/logo.png\",\"contentUrl\":\"https:\\\/\\\/www.koonings.com\\\/wp-content\\\/uploads\\\/2024\\\/07\\\/logo.png\",\"width\":600,\"height\":428,\"caption\":\"Koonings\"},\"image\":{\"@id\":\"https:\\\/\\\/www.koonings.com\\\/fr\\\/#\\\/schema\\\/logo\\\/image\\\/\"},\"sameAs\":[\"https:\\\/\\\/www.facebook.com\\\/kooningstheweddingpalace\",\"https:\\\/\\\/www.instagram.com\\\/kooningstheweddingpalace\",\"https:\\\/\\\/www.pinterest.com\\\/koonings\",\"https:\\\/\\\/www.youtube.com\\\/kooningstheweddingpalace\"]}]}<\/script>\n<!-- \/ Yoast SEO plugin. -->","yoast_head_json":{"title":"Poirier T-75427 Bandeau|Fleurs|Yvette | Koonings","description":"T-75427 - Bandeau mode orn\u00e9 de fleurs avec strass Bandeau en satin de la ligne Yvette de la collection GEM. Ornementation de fleurs avec strass sur le devant. Ivoire. Fermeture \u00e0 glissi\u00e8re sur le c\u00f4t\u00e9. Tailles : XS, S, M, L, XL.","robots":{"index":"index","follow":"follow","max-snippet":"max-snippet:-1","max-image-preview":"max-image-preview:large","max-video-preview":"max-video-preview:-1"},"canonical":"https:\/\/www.koonings.com\/fr\/product\/poirier-t-75427-bandeaufleursyvette\/","og_locale":"fr_FR","og_type":"article","og_title":"Poirier T-75427 Bandeau|Fleurs|Yvette | Koonings","og_description":"T-75427 - Bandeau mode orn\u00e9 de fleurs avec strass Bandeau en satin de la ligne Yvette de la collection GEM. Ornementation de fleurs avec strass sur le devant. Ivoire. Fermeture \u00e0 glissi\u00e8re sur le c\u00f4t\u00e9. Tailles : XS, S, M, L, XL.","og_url":"https:\/\/www.koonings.com\/fr\/product\/poirier-t-75427-bandeaufleursyvette\/","og_site_name":"Koonings","article_publisher":"https:\/\/www.facebook.com\/kooningstheweddingpalace","og_image":[{"width":1650,"height":2200,"url":"https:\/\/www.koonings.com\/wp-content\/uploads\/2025\/07\/50766_a6a58872b01473723e8c10121afa697f9f5ed79a983c32a0fd916836ea53ea22623cb098.jpeg","type":"image\/jpeg"}],"twitter_card":"summary_large_image","schema":{"@context":"https:\/\/schema.org","@graph":[{"@type":"WebPage","@id":"https:\/\/www.koonings.com\/fr\/product\/poirier-t-75427-bandeaufleursyvette\/","url":"https:\/\/www.koonings.com\/fr\/product\/poirier-t-75427-bandeaufleursyvette\/","name":"Poirier T-75427 Bandeau|Fleurs|Yvette | Koonings","isPartOf":{"@id":"https:\/\/www.koonings.com\/fr\/#website"},"primaryImageOfPage":{"@id":"https:\/\/www.koonings.com\/fr\/product\/poirier-t-75427-bandeaufleursyvette\/#primaryimage"},"image":{"@id":"https:\/\/www.koonings.com\/fr\/product\/poirier-t-75427-bandeaufleursyvette\/#primaryimage"},"thumbnailUrl":"https:\/\/www.koonings.com\/wp-content\/uploads\/2025\/07\/50766_a6a58872b01473723e8c10121afa697f9f5ed79a983c32a0fd916836ea53ea22623cb098.jpeg","datePublished":"2026-04-14T14:34:37+00:00","description":"T-75427 - Bandeau mode orn\u00e9 de fleurs avec strass Bandeau en satin de la ligne Yvette de la collection GEM. Ornementation de fleurs avec strass sur le devant. Ivoire. Fermeture \u00e0 glissi\u00e8re sur le c\u00f4t\u00e9. Tailles : XS, S, M, L, XL.","breadcrumb":{"@id":"https:\/\/www.koonings.com\/fr\/product\/poirier-t-75427-bandeaufleursyvette\/#breadcrumb"},"inLanguage":"fr-FR","potentialAction":[{"@type":"ReadAction","target":["https:\/\/www.koonings.com\/fr\/product\/poirier-t-75427-bandeaufleursyvette\/"]}]},{"@type":"ImageObject","inLanguage":"fr-FR","@id":"https:\/\/www.koonings.com\/fr\/product\/poirier-t-75427-bandeaufleursyvette\/#primaryimage","url":"https:\/\/www.koonings.com\/wp-content\/uploads\/2025\/07\/50766_a6a58872b01473723e8c10121afa697f9f5ed79a983c32a0fd916836ea53ea22623cb098.jpeg","contentUrl":"https:\/\/www.koonings.com\/wp-content\/uploads\/2025\/07\/50766_a6a58872b01473723e8c10121afa697f9f5ed79a983c32a0fd916836ea53ea22623cb098.jpeg","width":1650,"height":2200},{"@type":"BreadcrumbList","@id":"https:\/\/www.koonings.com\/fr\/product\/poirier-t-75427-bandeaufleursyvette\/#breadcrumb","itemListElement":[{"@type":"ListItem","position":1,"name":"Home","item":"https:\/\/www.koonings.com\/fr\/"},{"@type":"ListItem","position":2,"name":"Poirier T-75427 Bandeau|Fleurs|Yvette"}]},{"@type":"WebSite","@id":"https:\/\/www.koonings.com\/fr\/#website","url":"https:\/\/www.koonings.com\/fr\/","name":"Koonings","description":"De grootste bruidsmodewinkel ter wereld","publisher":{"@id":"https:\/\/www.koonings.com\/fr\/#organization"},"potentialAction":[{"@type":"SearchAction","target":{"@type":"EntryPoint","urlTemplate":"https:\/\/www.koonings.com\/fr\/?s={search_term_string}"},"query-input":{"@type":"PropertyValueSpecification","valueRequired":true,"valueName":"search_term_string"}}],"inLanguage":"fr-FR"},{"@type":"Organization","@id":"https:\/\/www.koonings.com\/fr\/#organization","name":"Koonings","url":"https:\/\/www.koonings.com\/fr\/","logo":{"@type":"ImageObject","inLanguage":"fr-FR","@id":"https:\/\/www.koonings.com\/fr\/#\/schema\/logo\/image\/","url":"https:\/\/www.koonings.com\/wp-content\/uploads\/2024\/07\/logo.png","contentUrl":"https:\/\/www.koonings.com\/wp-content\/uploads\/2024\/07\/logo.png","width":600,"height":428,"caption":"Koonings"},"image":{"@id":"https:\/\/www.koonings.com\/fr\/#\/schema\/logo\/image\/"},"sameAs":["https:\/\/www.facebook.com\/kooningstheweddingpalace","https:\/\/www.instagram.com\/kooningstheweddingpalace","https:\/\/www.pinterest.com\/koonings","https:\/\/www.youtube.com\/kooningstheweddingpalace"]}]}},"_links":{"self":[{"href":"https:\/\/www.koonings.com\/fr\/wp-json\/wp\/v2\/product\/94288","targetHints":{"allow":["GET"]}}],"collection":[{"href":"https:\/\/www.koonings.com\/fr\/wp-json\/wp\/v2\/product"}],"about":[{"href":"https:\/\/www.koonings.com\/fr\/wp-json\/wp\/v2\/types\/product"}],"wp:featuredmedia":[{"embeddable":true,"href":"https:\/\/www.koonings.com\/fr\/wp-json\/wp\/v2\/media\/89927"}],"wp:attachment":[{"href":"https:\/\/www.koonings.com\/fr\/wp-json\/wp\/v2\/media?parent=94288"}],"wp:term":[{"taxonomy":"productdetails","embeddable":true,"href":"https:\/\/www.koonings.com\/fr\/wp-json\/wp\/v2\/productdetails?post=94288"},{"taxonomy":"productneck","embeddable":true,"href":"https:\/\/www.koonings.com\/fr\/wp-json\/wp\/v2\/productneck?post=94288"},{"taxonomy":"productcolor","embeddable":true,"href":"https:\/\/www.koonings.com\/fr\/wp-json\/wp\/v2\/productcolor?post=94288"},{"taxonomy":"maat","embeddable":true,"href":"https:\/\/www.koonings.com\/fr\/wp-json\/wp\/v2\/maat?post=94288"},{"taxonomy":"productsupplier","embeddable":true,"href":"https:\/\/www.koonings.com\/fr\/wp-json\/wp\/v2\/productsupplier?post=94288"},{"taxonomy":"productsleeve","embeddable":true,"href":"https:\/\/www.koonings.com\/fr\/wp-json\/wp\/v2\/productsleeve?post=94288"},{"taxonomy":"productcategory","embeddable":true,"href":"https:\/\/www.koonings.com\/fr\/wp-json\/wp\/v2\/productcategory?post=94288"},{"taxonomy":"productsilhouette","embeddable":true,"href":"https:\/\/www.koonings.com\/fr\/wp-json\/wp\/v2\/productsilhouette?post=94288"},{"taxonomy":"productstyle","embeddable":true,"href":"https:\/\/www.koonings.com\/fr\/wp-json\/wp\/v2\/productstyle?post=94288"}],"curies":[{"name":"wp","href":"https:\/\/api.w.org\/{rel}","templated":true}]}}