{"id":94276,"date":"2026-04-14T16:34:30","date_gmt":"2026-04-14T14:34:30","guid":{"rendered":"https:\/\/www.koonings.com\/product\/poirier-t-75408-top-strass-gem-gabrielle\/"},"modified":"2026-04-14T16:09:00","modified_gmt":"2026-04-14T14:09:00","slug":"poirier-t-75408-top-strass-gem-gabrielle","status":"publish","type":"product","link":"https:\/\/www.koonings.com\/fr\/product\/poirier-t-75408-top-strass-gem-gabrielle\/","title":{"rendered":"Poirier T-75408 Top Strass | Gem | Gabrielle"},"content":{"rendered":"<p>T-75408 &#8211; Top orn\u00e9 en tulle et satin mat de la ligne Gabrielle de la Collection GEM, orn\u00e9 de strass<br \/>\nEn tulle souple et satin mat.<br \/>\nOrn\u00e9 de strass de diff\u00e9rentes formes et tailles.<br \/>\nCouleur ivoire.<br \/>\nManches courtes sur l&#8217;\u00e9paule.<br \/>\nFermeture zipp\u00e9e au centre du dos.<br \/>\nTailles : XS, S, M, L, XL.<br \/>\nAssortis : veste et pantalon de la ligne Gabrielle de la collection GEM.<\/p>\n","protected":false},"featured_media":89642,"template":"","meta":{"_acf_changed":false,"ghostkit_customizer_options":"","ghostkit_custom_css":"","ghostkit_custom_js_head":"","ghostkit_custom_js_foot":"","ghostkit_typography":""},"productdetails":[],"productneck":[],"productcolor":[],"maat":[],"productsupplier":[416],"productsleeve":[],"productcategory":[509],"productsilhouette":[],"productstyle":[],"class_list":["post-94276","product","type-product","status-publish","has-post-thumbnail","hentry","productsupplier-poirier","productcategory-accessoires-bruid"],"acf":[],"yoast_head":"<!-- This site is optimized with the Yoast SEO plugin v27.3 - https:\/\/yoast.com\/product\/yoast-seo-wordpress\/ -->\n<title>Poirier T-75408 Top Strass | Gem | Gabrielle | Koonings<\/title>\n<meta name=\"description\" content=\"T-75408 - Top orn\u00e9 en tulle et satin mat de la ligne Gabrielle de la Collection GEM, orn\u00e9 de strass En tulle souple et satin mat. Orn\u00e9 de strass de diff\u00e9rentes formes et tailles. Couleur ivoire. Manches courtes sur l&#039;\u00e9paule. Fermeture zipp\u00e9e au centre du dos. Tailles : XS, S, M, L, XL. Assortis : veste et pantalon de la ligne Gabrielle de la collection GEM.\" \/>\n<meta name=\"robots\" content=\"index, follow, max-snippet:-1, max-image-preview:large, max-video-preview:-1\" \/>\n<link rel=\"canonical\" href=\"https:\/\/www.koonings.com\/fr\/product\/poirier-t-75408-top-strass-gem-gabrielle\/\" \/>\n<meta property=\"og:locale\" content=\"fr_FR\" \/>\n<meta property=\"og:type\" content=\"article\" \/>\n<meta property=\"og:title\" content=\"Poirier T-75408 Top Strass | Gem | Gabrielle | Koonings\" \/>\n<meta property=\"og:description\" content=\"T-75408 - Top orn\u00e9 en tulle et satin mat de la ligne Gabrielle de la Collection GEM, orn\u00e9 de strass En tulle souple et satin mat. Orn\u00e9 de strass de diff\u00e9rentes formes et tailles. Couleur ivoire. Manches courtes sur l&#039;\u00e9paule. Fermeture zipp\u00e9e au centre du dos. Tailles : XS, S, M, L, XL. Assortis : veste et pantalon de la ligne Gabrielle de la collection GEM.\" \/>\n<meta property=\"og:url\" content=\"https:\/\/www.koonings.com\/fr\/product\/poirier-t-75408-top-strass-gem-gabrielle\/\" \/>\n<meta property=\"og:site_name\" content=\"Koonings\" \/>\n<meta property=\"article:publisher\" content=\"https:\/\/www.facebook.com\/kooningstheweddingpalace\" \/>\n<meta property=\"og:image\" content=\"https:\/\/www.koonings.com\/wp-content\/uploads\/2025\/07\/50749_3339699a8ca8e304c8edf74f5205150b015620daf4ca6229108c50e7cd8c76cfb5ab053e.jpeg\" \/>\n\t<meta property=\"og:image:width\" content=\"1732\" \/>\n\t<meta property=\"og:image:height\" content=\"2309\" \/>\n\t<meta property=\"og:image:type\" content=\"image\/jpeg\" \/>\n<meta name=\"twitter:card\" content=\"summary_large_image\" \/>\n<script type=\"application\/ld+json\" class=\"yoast-schema-graph\">{\"@context\":\"https:\\\/\\\/schema.org\",\"@graph\":[{\"@type\":\"WebPage\",\"@id\":\"https:\\\/\\\/www.koonings.com\\\/fr\\\/product\\\/poirier-t-75408-top-strass-gem-gabrielle\\\/\",\"url\":\"https:\\\/\\\/www.koonings.com\\\/fr\\\/product\\\/poirier-t-75408-top-strass-gem-gabrielle\\\/\",\"name\":\"Poirier T-75408 Top Strass | Gem | Gabrielle | Koonings\",\"isPartOf\":{\"@id\":\"https:\\\/\\\/www.koonings.com\\\/fr\\\/#website\"},\"primaryImageOfPage\":{\"@id\":\"https:\\\/\\\/www.koonings.com\\\/fr\\\/product\\\/poirier-t-75408-top-strass-gem-gabrielle\\\/#primaryimage\"},\"image\":{\"@id\":\"https:\\\/\\\/www.koonings.com\\\/fr\\\/product\\\/poirier-t-75408-top-strass-gem-gabrielle\\\/#primaryimage\"},\"thumbnailUrl\":\"https:\\\/\\\/www.koonings.com\\\/wp-content\\\/uploads\\\/2025\\\/07\\\/50749_3339699a8ca8e304c8edf74f5205150b015620daf4ca6229108c50e7cd8c76cfb5ab053e.jpeg\",\"datePublished\":\"2026-04-14T14:34:30+00:00\",\"description\":\"T-75408 - Top orn\u00e9 en tulle et satin mat de la ligne Gabrielle de la Collection GEM, orn\u00e9 de strass En tulle souple et satin mat. Orn\u00e9 de strass de diff\u00e9rentes formes et tailles. Couleur ivoire. Manches courtes sur l'\u00e9paule. Fermeture zipp\u00e9e au centre du dos. Tailles : XS, S, M, L, XL. Assortis : veste et pantalon de la ligne Gabrielle de la collection GEM.\",\"breadcrumb\":{\"@id\":\"https:\\\/\\\/www.koonings.com\\\/fr\\\/product\\\/poirier-t-75408-top-strass-gem-gabrielle\\\/#breadcrumb\"},\"inLanguage\":\"fr-FR\",\"potentialAction\":[{\"@type\":\"ReadAction\",\"target\":[\"https:\\\/\\\/www.koonings.com\\\/fr\\\/product\\\/poirier-t-75408-top-strass-gem-gabrielle\\\/\"]}]},{\"@type\":\"ImageObject\",\"inLanguage\":\"fr-FR\",\"@id\":\"https:\\\/\\\/www.koonings.com\\\/fr\\\/product\\\/poirier-t-75408-top-strass-gem-gabrielle\\\/#primaryimage\",\"url\":\"https:\\\/\\\/www.koonings.com\\\/wp-content\\\/uploads\\\/2025\\\/07\\\/50749_3339699a8ca8e304c8edf74f5205150b015620daf4ca6229108c50e7cd8c76cfb5ab053e.jpeg\",\"contentUrl\":\"https:\\\/\\\/www.koonings.com\\\/wp-content\\\/uploads\\\/2025\\\/07\\\/50749_3339699a8ca8e304c8edf74f5205150b015620daf4ca6229108c50e7cd8c76cfb5ab053e.jpeg\",\"width\":1732,\"height\":2309},{\"@type\":\"BreadcrumbList\",\"@id\":\"https:\\\/\\\/www.koonings.com\\\/fr\\\/product\\\/poirier-t-75408-top-strass-gem-gabrielle\\\/#breadcrumb\",\"itemListElement\":[{\"@type\":\"ListItem\",\"position\":1,\"name\":\"Home\",\"item\":\"https:\\\/\\\/www.koonings.com\\\/fr\\\/\"},{\"@type\":\"ListItem\",\"position\":2,\"name\":\"Poirier T-75408 Top Strass | Gem | Gabrielle\"}]},{\"@type\":\"WebSite\",\"@id\":\"https:\\\/\\\/www.koonings.com\\\/fr\\\/#website\",\"url\":\"https:\\\/\\\/www.koonings.com\\\/fr\\\/\",\"name\":\"Koonings\",\"description\":\"De grootste bruidsmodewinkel ter wereld\",\"publisher\":{\"@id\":\"https:\\\/\\\/www.koonings.com\\\/fr\\\/#organization\"},\"potentialAction\":[{\"@type\":\"SearchAction\",\"target\":{\"@type\":\"EntryPoint\",\"urlTemplate\":\"https:\\\/\\\/www.koonings.com\\\/fr\\\/?s={search_term_string}\"},\"query-input\":{\"@type\":\"PropertyValueSpecification\",\"valueRequired\":true,\"valueName\":\"search_term_string\"}}],\"inLanguage\":\"fr-FR\"},{\"@type\":\"Organization\",\"@id\":\"https:\\\/\\\/www.koonings.com\\\/fr\\\/#organization\",\"name\":\"Koonings\",\"url\":\"https:\\\/\\\/www.koonings.com\\\/fr\\\/\",\"logo\":{\"@type\":\"ImageObject\",\"inLanguage\":\"fr-FR\",\"@id\":\"https:\\\/\\\/www.koonings.com\\\/fr\\\/#\\\/schema\\\/logo\\\/image\\\/\",\"url\":\"https:\\\/\\\/www.koonings.com\\\/wp-content\\\/uploads\\\/2024\\\/07\\\/logo.png\",\"contentUrl\":\"https:\\\/\\\/www.koonings.com\\\/wp-content\\\/uploads\\\/2024\\\/07\\\/logo.png\",\"width\":600,\"height\":428,\"caption\":\"Koonings\"},\"image\":{\"@id\":\"https:\\\/\\\/www.koonings.com\\\/fr\\\/#\\\/schema\\\/logo\\\/image\\\/\"},\"sameAs\":[\"https:\\\/\\\/www.facebook.com\\\/kooningstheweddingpalace\",\"https:\\\/\\\/www.instagram.com\\\/kooningstheweddingpalace\",\"https:\\\/\\\/www.pinterest.com\\\/koonings\",\"https:\\\/\\\/www.youtube.com\\\/kooningstheweddingpalace\"]}]}<\/script>\n<!-- \/ Yoast SEO plugin. -->","yoast_head_json":{"title":"Poirier T-75408 Top Strass | Gem | Gabrielle | Koonings","description":"T-75408 - Top orn\u00e9 en tulle et satin mat de la ligne Gabrielle de la Collection GEM, orn\u00e9 de strass En tulle souple et satin mat. Orn\u00e9 de strass de diff\u00e9rentes formes et tailles. Couleur ivoire. Manches courtes sur l'\u00e9paule. Fermeture zipp\u00e9e au centre du dos. Tailles : XS, S, M, L, XL. Assortis : veste et pantalon de la ligne Gabrielle de la collection GEM.","robots":{"index":"index","follow":"follow","max-snippet":"max-snippet:-1","max-image-preview":"max-image-preview:large","max-video-preview":"max-video-preview:-1"},"canonical":"https:\/\/www.koonings.com\/fr\/product\/poirier-t-75408-top-strass-gem-gabrielle\/","og_locale":"fr_FR","og_type":"article","og_title":"Poirier T-75408 Top Strass | Gem | Gabrielle | Koonings","og_description":"T-75408 - Top orn\u00e9 en tulle et satin mat de la ligne Gabrielle de la Collection GEM, orn\u00e9 de strass En tulle souple et satin mat. Orn\u00e9 de strass de diff\u00e9rentes formes et tailles. Couleur ivoire. Manches courtes sur l'\u00e9paule. Fermeture zipp\u00e9e au centre du dos. Tailles : XS, S, M, L, XL. Assortis : veste et pantalon de la ligne Gabrielle de la collection GEM.","og_url":"https:\/\/www.koonings.com\/fr\/product\/poirier-t-75408-top-strass-gem-gabrielle\/","og_site_name":"Koonings","article_publisher":"https:\/\/www.facebook.com\/kooningstheweddingpalace","og_image":[{"width":1732,"height":2309,"url":"https:\/\/www.koonings.com\/wp-content\/uploads\/2025\/07\/50749_3339699a8ca8e304c8edf74f5205150b015620daf4ca6229108c50e7cd8c76cfb5ab053e.jpeg","type":"image\/jpeg"}],"twitter_card":"summary_large_image","schema":{"@context":"https:\/\/schema.org","@graph":[{"@type":"WebPage","@id":"https:\/\/www.koonings.com\/fr\/product\/poirier-t-75408-top-strass-gem-gabrielle\/","url":"https:\/\/www.koonings.com\/fr\/product\/poirier-t-75408-top-strass-gem-gabrielle\/","name":"Poirier T-75408 Top Strass | Gem | Gabrielle | Koonings","isPartOf":{"@id":"https:\/\/www.koonings.com\/fr\/#website"},"primaryImageOfPage":{"@id":"https:\/\/www.koonings.com\/fr\/product\/poirier-t-75408-top-strass-gem-gabrielle\/#primaryimage"},"image":{"@id":"https:\/\/www.koonings.com\/fr\/product\/poirier-t-75408-top-strass-gem-gabrielle\/#primaryimage"},"thumbnailUrl":"https:\/\/www.koonings.com\/wp-content\/uploads\/2025\/07\/50749_3339699a8ca8e304c8edf74f5205150b015620daf4ca6229108c50e7cd8c76cfb5ab053e.jpeg","datePublished":"2026-04-14T14:34:30+00:00","description":"T-75408 - Top orn\u00e9 en tulle et satin mat de la ligne Gabrielle de la Collection GEM, orn\u00e9 de strass En tulle souple et satin mat. Orn\u00e9 de strass de diff\u00e9rentes formes et tailles. Couleur ivoire. Manches courtes sur l'\u00e9paule. Fermeture zipp\u00e9e au centre du dos. Tailles : XS, S, M, L, XL. Assortis : veste et pantalon de la ligne Gabrielle de la collection GEM.","breadcrumb":{"@id":"https:\/\/www.koonings.com\/fr\/product\/poirier-t-75408-top-strass-gem-gabrielle\/#breadcrumb"},"inLanguage":"fr-FR","potentialAction":[{"@type":"ReadAction","target":["https:\/\/www.koonings.com\/fr\/product\/poirier-t-75408-top-strass-gem-gabrielle\/"]}]},{"@type":"ImageObject","inLanguage":"fr-FR","@id":"https:\/\/www.koonings.com\/fr\/product\/poirier-t-75408-top-strass-gem-gabrielle\/#primaryimage","url":"https:\/\/www.koonings.com\/wp-content\/uploads\/2025\/07\/50749_3339699a8ca8e304c8edf74f5205150b015620daf4ca6229108c50e7cd8c76cfb5ab053e.jpeg","contentUrl":"https:\/\/www.koonings.com\/wp-content\/uploads\/2025\/07\/50749_3339699a8ca8e304c8edf74f5205150b015620daf4ca6229108c50e7cd8c76cfb5ab053e.jpeg","width":1732,"height":2309},{"@type":"BreadcrumbList","@id":"https:\/\/www.koonings.com\/fr\/product\/poirier-t-75408-top-strass-gem-gabrielle\/#breadcrumb","itemListElement":[{"@type":"ListItem","position":1,"name":"Home","item":"https:\/\/www.koonings.com\/fr\/"},{"@type":"ListItem","position":2,"name":"Poirier T-75408 Top Strass | Gem | Gabrielle"}]},{"@type":"WebSite","@id":"https:\/\/www.koonings.com\/fr\/#website","url":"https:\/\/www.koonings.com\/fr\/","name":"Koonings","description":"De grootste bruidsmodewinkel ter wereld","publisher":{"@id":"https:\/\/www.koonings.com\/fr\/#organization"},"potentialAction":[{"@type":"SearchAction","target":{"@type":"EntryPoint","urlTemplate":"https:\/\/www.koonings.com\/fr\/?s={search_term_string}"},"query-input":{"@type":"PropertyValueSpecification","valueRequired":true,"valueName":"search_term_string"}}],"inLanguage":"fr-FR"},{"@type":"Organization","@id":"https:\/\/www.koonings.com\/fr\/#organization","name":"Koonings","url":"https:\/\/www.koonings.com\/fr\/","logo":{"@type":"ImageObject","inLanguage":"fr-FR","@id":"https:\/\/www.koonings.com\/fr\/#\/schema\/logo\/image\/","url":"https:\/\/www.koonings.com\/wp-content\/uploads\/2024\/07\/logo.png","contentUrl":"https:\/\/www.koonings.com\/wp-content\/uploads\/2024\/07\/logo.png","width":600,"height":428,"caption":"Koonings"},"image":{"@id":"https:\/\/www.koonings.com\/fr\/#\/schema\/logo\/image\/"},"sameAs":["https:\/\/www.facebook.com\/kooningstheweddingpalace","https:\/\/www.instagram.com\/kooningstheweddingpalace","https:\/\/www.pinterest.com\/koonings","https:\/\/www.youtube.com\/kooningstheweddingpalace"]}]}},"_links":{"self":[{"href":"https:\/\/www.koonings.com\/fr\/wp-json\/wp\/v2\/product\/94276","targetHints":{"allow":["GET"]}}],"collection":[{"href":"https:\/\/www.koonings.com\/fr\/wp-json\/wp\/v2\/product"}],"about":[{"href":"https:\/\/www.koonings.com\/fr\/wp-json\/wp\/v2\/types\/product"}],"wp:featuredmedia":[{"embeddable":true,"href":"https:\/\/www.koonings.com\/fr\/wp-json\/wp\/v2\/media\/89642"}],"wp:attachment":[{"href":"https:\/\/www.koonings.com\/fr\/wp-json\/wp\/v2\/media?parent=94276"}],"wp:term":[{"taxonomy":"productdetails","embeddable":true,"href":"https:\/\/www.koonings.com\/fr\/wp-json\/wp\/v2\/productdetails?post=94276"},{"taxonomy":"productneck","embeddable":true,"href":"https:\/\/www.koonings.com\/fr\/wp-json\/wp\/v2\/productneck?post=94276"},{"taxonomy":"productcolor","embeddable":true,"href":"https:\/\/www.koonings.com\/fr\/wp-json\/wp\/v2\/productcolor?post=94276"},{"taxonomy":"maat","embeddable":true,"href":"https:\/\/www.koonings.com\/fr\/wp-json\/wp\/v2\/maat?post=94276"},{"taxonomy":"productsupplier","embeddable":true,"href":"https:\/\/www.koonings.com\/fr\/wp-json\/wp\/v2\/productsupplier?post=94276"},{"taxonomy":"productsleeve","embeddable":true,"href":"https:\/\/www.koonings.com\/fr\/wp-json\/wp\/v2\/productsleeve?post=94276"},{"taxonomy":"productcategory","embeddable":true,"href":"https:\/\/www.koonings.com\/fr\/wp-json\/wp\/v2\/productcategory?post=94276"},{"taxonomy":"productsilhouette","embeddable":true,"href":"https:\/\/www.koonings.com\/fr\/wp-json\/wp\/v2\/productsilhouette?post=94276"},{"taxonomy":"productstyle","embeddable":true,"href":"https:\/\/www.koonings.com\/fr\/wp-json\/wp\/v2\/productstyle?post=94276"}],"curies":[{"name":"wp","href":"https:\/\/api.w.org\/{rel}","templated":true}]}}