{"id":94269,"date":"2026-04-14T16:34:28","date_gmt":"2026-04-14T14:34:28","guid":{"rendered":"https:\/\/www.koonings.com\/product\/poirier-t-75405-top-craape-pearls-gisa%c2%a8le\/"},"modified":"2026-04-14T16:08:12","modified_gmt":"2026-04-14T14:08:12","slug":"poirier-t-75405-top-craape-pearls-gisa%c2%a8le","status":"publish","type":"product","link":"https:\/\/www.koonings.com\/fr\/product\/poirier-t-75405-top-craape-pearls-gisa%c2%a8le\/","title":{"rendered":"Poirier T-75405 Top | Cr\u00c3\u00aape Pearls | Gis\u00c3\u00a8le"},"content":{"rendered":"<p>T-75405 &#8211; Top en tulle de luxe orn\u00e9 de perles &#8211; Ligne Gis\u00e8le<br \/>\nTop de la ligne Gis\u00e8le de la collection GEM.<br \/>\nTulle orn\u00e9 de perles.<br \/>\nCouleur ivoire.<br \/>\nManches courtes.<br \/>\nFermeture zipp\u00e9e au milieu du dos.<br \/>\nTailles : XS, S, M, L, XL.<br \/>\nJoliment assortis : veste T-75407 et pantalon TR-75451 de la ligne Gis\u00e8le.<\/p>\n","protected":false},"featured_media":89583,"template":"","meta":{"_acf_changed":false,"ghostkit_customizer_options":"","ghostkit_custom_css":"","ghostkit_custom_js_head":"","ghostkit_custom_js_foot":"","ghostkit_typography":""},"productdetails":[],"productneck":[],"productcolor":[],"maat":[],"productsupplier":[416],"productsleeve":[],"productcategory":[509],"productsilhouette":[],"productstyle":[],"class_list":["post-94269","product","type-product","status-publish","has-post-thumbnail","hentry","productsupplier-poirier","productcategory-accessoires-bruid"],"acf":[],"yoast_head":"<!-- This site is optimized with the Yoast SEO plugin v27.3 - https:\/\/yoast.com\/product\/yoast-seo-wordpress\/ -->\n<title>Poirier T-75405 Top | Cr\u00c3\u00aape Pearls | Gis\u00c3\u00a8le | Koonings<\/title>\n<meta name=\"description\" content=\"T-75405 - Top en tulle de luxe orn\u00e9 de perles - Ligne Gis\u00e8le Top de la ligne Gis\u00e8le de la collection GEM. Tulle orn\u00e9 de perles. Couleur ivoire. Manches courtes. Fermeture zipp\u00e9e au milieu du dos. Tailles : XS, S, M, L, XL. Joliment assortis : veste T-75407 et pantalon TR-75451 de la ligne Gis\u00e8le.\" \/>\n<meta name=\"robots\" content=\"index, follow, max-snippet:-1, max-image-preview:large, max-video-preview:-1\" \/>\n<link rel=\"canonical\" href=\"https:\/\/www.koonings.com\/fr\/product\/poirier-t-75405-top-craape-pearls-gisa%c2%a8le\/\" \/>\n<meta property=\"og:locale\" content=\"fr_FR\" \/>\n<meta property=\"og:type\" content=\"article\" \/>\n<meta property=\"og:title\" content=\"Poirier T-75405 Top | Cr\u00c3\u00aape Pearls | Gis\u00c3\u00a8le | Koonings\" \/>\n<meta property=\"og:description\" content=\"T-75405 - Top en tulle de luxe orn\u00e9 de perles - Ligne Gis\u00e8le Top de la ligne Gis\u00e8le de la collection GEM. Tulle orn\u00e9 de perles. Couleur ivoire. Manches courtes. Fermeture zipp\u00e9e au milieu du dos. Tailles : XS, S, M, L, XL. Joliment assortis : veste T-75407 et pantalon TR-75451 de la ligne Gis\u00e8le.\" \/>\n<meta property=\"og:url\" content=\"https:\/\/www.koonings.com\/fr\/product\/poirier-t-75405-top-craape-pearls-gisa%c2%a8le\/\" \/>\n<meta property=\"og:site_name\" content=\"Koonings\" \/>\n<meta property=\"article:publisher\" content=\"https:\/\/www.facebook.com\/kooningstheweddingpalace\" \/>\n<meta property=\"og:image\" content=\"https:\/\/www.koonings.com\/wp-content\/uploads\/2025\/07\/50746_b3ade3a146dce76e704b5c8cfeed0ac0b877145b4bc34846be3a9df9ce16dd78ae717bfc.jpeg\" \/>\n\t<meta property=\"og:image:width\" content=\"1732\" \/>\n\t<meta property=\"og:image:height\" content=\"2309\" \/>\n\t<meta property=\"og:image:type\" content=\"image\/jpeg\" \/>\n<meta name=\"twitter:card\" content=\"summary_large_image\" \/>\n<script type=\"application\/ld+json\" class=\"yoast-schema-graph\">{\"@context\":\"https:\\\/\\\/schema.org\",\"@graph\":[{\"@type\":\"WebPage\",\"@id\":\"https:\\\/\\\/www.koonings.com\\\/fr\\\/product\\\/poirier-t-75405-top-craape-pearls-gisa%c2%a8le\\\/\",\"url\":\"https:\\\/\\\/www.koonings.com\\\/fr\\\/product\\\/poirier-t-75405-top-craape-pearls-gisa%c2%a8le\\\/\",\"name\":\"Poirier T-75405 Top | Cr\u00c3\u00aape Pearls | Gis\u00c3\u00a8le | Koonings\",\"isPartOf\":{\"@id\":\"https:\\\/\\\/www.koonings.com\\\/fr\\\/#website\"},\"primaryImageOfPage\":{\"@id\":\"https:\\\/\\\/www.koonings.com\\\/fr\\\/product\\\/poirier-t-75405-top-craape-pearls-gisa%c2%a8le\\\/#primaryimage\"},\"image\":{\"@id\":\"https:\\\/\\\/www.koonings.com\\\/fr\\\/product\\\/poirier-t-75405-top-craape-pearls-gisa%c2%a8le\\\/#primaryimage\"},\"thumbnailUrl\":\"https:\\\/\\\/www.koonings.com\\\/wp-content\\\/uploads\\\/2025\\\/07\\\/50746_b3ade3a146dce76e704b5c8cfeed0ac0b877145b4bc34846be3a9df9ce16dd78ae717bfc.jpeg\",\"datePublished\":\"2026-04-14T14:34:28+00:00\",\"description\":\"T-75405 - Top en tulle de luxe orn\u00e9 de perles - Ligne Gis\u00e8le Top de la ligne Gis\u00e8le de la collection GEM. Tulle orn\u00e9 de perles. Couleur ivoire. Manches courtes. Fermeture zipp\u00e9e au milieu du dos. Tailles : XS, S, M, L, XL. Joliment assortis : veste T-75407 et pantalon TR-75451 de la ligne Gis\u00e8le.\",\"breadcrumb\":{\"@id\":\"https:\\\/\\\/www.koonings.com\\\/fr\\\/product\\\/poirier-t-75405-top-craape-pearls-gisa%c2%a8le\\\/#breadcrumb\"},\"inLanguage\":\"fr-FR\",\"potentialAction\":[{\"@type\":\"ReadAction\",\"target\":[\"https:\\\/\\\/www.koonings.com\\\/fr\\\/product\\\/poirier-t-75405-top-craape-pearls-gisa%c2%a8le\\\/\"]}]},{\"@type\":\"ImageObject\",\"inLanguage\":\"fr-FR\",\"@id\":\"https:\\\/\\\/www.koonings.com\\\/fr\\\/product\\\/poirier-t-75405-top-craape-pearls-gisa%c2%a8le\\\/#primaryimage\",\"url\":\"https:\\\/\\\/www.koonings.com\\\/wp-content\\\/uploads\\\/2025\\\/07\\\/50746_b3ade3a146dce76e704b5c8cfeed0ac0b877145b4bc34846be3a9df9ce16dd78ae717bfc.jpeg\",\"contentUrl\":\"https:\\\/\\\/www.koonings.com\\\/wp-content\\\/uploads\\\/2025\\\/07\\\/50746_b3ade3a146dce76e704b5c8cfeed0ac0b877145b4bc34846be3a9df9ce16dd78ae717bfc.jpeg\",\"width\":1732,\"height\":2309},{\"@type\":\"BreadcrumbList\",\"@id\":\"https:\\\/\\\/www.koonings.com\\\/fr\\\/product\\\/poirier-t-75405-top-craape-pearls-gisa%c2%a8le\\\/#breadcrumb\",\"itemListElement\":[{\"@type\":\"ListItem\",\"position\":1,\"name\":\"Home\",\"item\":\"https:\\\/\\\/www.koonings.com\\\/fr\\\/\"},{\"@type\":\"ListItem\",\"position\":2,\"name\":\"Poirier T-75405 Top | Cr\u00c3\u00aape Pearls | Gis\u00c3\u00a8le\"}]},{\"@type\":\"WebSite\",\"@id\":\"https:\\\/\\\/www.koonings.com\\\/fr\\\/#website\",\"url\":\"https:\\\/\\\/www.koonings.com\\\/fr\\\/\",\"name\":\"Koonings\",\"description\":\"De grootste bruidsmodewinkel ter wereld\",\"publisher\":{\"@id\":\"https:\\\/\\\/www.koonings.com\\\/fr\\\/#organization\"},\"potentialAction\":[{\"@type\":\"SearchAction\",\"target\":{\"@type\":\"EntryPoint\",\"urlTemplate\":\"https:\\\/\\\/www.koonings.com\\\/fr\\\/?s={search_term_string}\"},\"query-input\":{\"@type\":\"PropertyValueSpecification\",\"valueRequired\":true,\"valueName\":\"search_term_string\"}}],\"inLanguage\":\"fr-FR\"},{\"@type\":\"Organization\",\"@id\":\"https:\\\/\\\/www.koonings.com\\\/fr\\\/#organization\",\"name\":\"Koonings\",\"url\":\"https:\\\/\\\/www.koonings.com\\\/fr\\\/\",\"logo\":{\"@type\":\"ImageObject\",\"inLanguage\":\"fr-FR\",\"@id\":\"https:\\\/\\\/www.koonings.com\\\/fr\\\/#\\\/schema\\\/logo\\\/image\\\/\",\"url\":\"https:\\\/\\\/www.koonings.com\\\/wp-content\\\/uploads\\\/2024\\\/07\\\/logo.png\",\"contentUrl\":\"https:\\\/\\\/www.koonings.com\\\/wp-content\\\/uploads\\\/2024\\\/07\\\/logo.png\",\"width\":600,\"height\":428,\"caption\":\"Koonings\"},\"image\":{\"@id\":\"https:\\\/\\\/www.koonings.com\\\/fr\\\/#\\\/schema\\\/logo\\\/image\\\/\"},\"sameAs\":[\"https:\\\/\\\/www.facebook.com\\\/kooningstheweddingpalace\",\"https:\\\/\\\/www.instagram.com\\\/kooningstheweddingpalace\",\"https:\\\/\\\/www.pinterest.com\\\/koonings\",\"https:\\\/\\\/www.youtube.com\\\/kooningstheweddingpalace\"]}]}<\/script>\n<!-- \/ Yoast SEO plugin. -->","yoast_head_json":{"title":"Poirier T-75405 Top | Cr\u00c3\u00aape Pearls | Gis\u00c3\u00a8le | Koonings","description":"T-75405 - Top en tulle de luxe orn\u00e9 de perles - Ligne Gis\u00e8le Top de la ligne Gis\u00e8le de la collection GEM. Tulle orn\u00e9 de perles. Couleur ivoire. Manches courtes. Fermeture zipp\u00e9e au milieu du dos. Tailles : XS, S, M, L, XL. Joliment assortis : veste T-75407 et pantalon TR-75451 de la ligne Gis\u00e8le.","robots":{"index":"index","follow":"follow","max-snippet":"max-snippet:-1","max-image-preview":"max-image-preview:large","max-video-preview":"max-video-preview:-1"},"canonical":"https:\/\/www.koonings.com\/fr\/product\/poirier-t-75405-top-craape-pearls-gisa%c2%a8le\/","og_locale":"fr_FR","og_type":"article","og_title":"Poirier T-75405 Top | Cr\u00c3\u00aape Pearls | Gis\u00c3\u00a8le | Koonings","og_description":"T-75405 - Top en tulle de luxe orn\u00e9 de perles - Ligne Gis\u00e8le Top de la ligne Gis\u00e8le de la collection GEM. Tulle orn\u00e9 de perles. Couleur ivoire. Manches courtes. Fermeture zipp\u00e9e au milieu du dos. Tailles : XS, S, M, L, XL. Joliment assortis : veste T-75407 et pantalon TR-75451 de la ligne Gis\u00e8le.","og_url":"https:\/\/www.koonings.com\/fr\/product\/poirier-t-75405-top-craape-pearls-gisa%c2%a8le\/","og_site_name":"Koonings","article_publisher":"https:\/\/www.facebook.com\/kooningstheweddingpalace","og_image":[{"width":1732,"height":2309,"url":"https:\/\/www.koonings.com\/wp-content\/uploads\/2025\/07\/50746_b3ade3a146dce76e704b5c8cfeed0ac0b877145b4bc34846be3a9df9ce16dd78ae717bfc.jpeg","type":"image\/jpeg"}],"twitter_card":"summary_large_image","schema":{"@context":"https:\/\/schema.org","@graph":[{"@type":"WebPage","@id":"https:\/\/www.koonings.com\/fr\/product\/poirier-t-75405-top-craape-pearls-gisa%c2%a8le\/","url":"https:\/\/www.koonings.com\/fr\/product\/poirier-t-75405-top-craape-pearls-gisa%c2%a8le\/","name":"Poirier T-75405 Top | Cr\u00c3\u00aape Pearls | Gis\u00c3\u00a8le | Koonings","isPartOf":{"@id":"https:\/\/www.koonings.com\/fr\/#website"},"primaryImageOfPage":{"@id":"https:\/\/www.koonings.com\/fr\/product\/poirier-t-75405-top-craape-pearls-gisa%c2%a8le\/#primaryimage"},"image":{"@id":"https:\/\/www.koonings.com\/fr\/product\/poirier-t-75405-top-craape-pearls-gisa%c2%a8le\/#primaryimage"},"thumbnailUrl":"https:\/\/www.koonings.com\/wp-content\/uploads\/2025\/07\/50746_b3ade3a146dce76e704b5c8cfeed0ac0b877145b4bc34846be3a9df9ce16dd78ae717bfc.jpeg","datePublished":"2026-04-14T14:34:28+00:00","description":"T-75405 - Top en tulle de luxe orn\u00e9 de perles - Ligne Gis\u00e8le Top de la ligne Gis\u00e8le de la collection GEM. Tulle orn\u00e9 de perles. Couleur ivoire. Manches courtes. Fermeture zipp\u00e9e au milieu du dos. Tailles : XS, S, M, L, XL. Joliment assortis : veste T-75407 et pantalon TR-75451 de la ligne Gis\u00e8le.","breadcrumb":{"@id":"https:\/\/www.koonings.com\/fr\/product\/poirier-t-75405-top-craape-pearls-gisa%c2%a8le\/#breadcrumb"},"inLanguage":"fr-FR","potentialAction":[{"@type":"ReadAction","target":["https:\/\/www.koonings.com\/fr\/product\/poirier-t-75405-top-craape-pearls-gisa%c2%a8le\/"]}]},{"@type":"ImageObject","inLanguage":"fr-FR","@id":"https:\/\/www.koonings.com\/fr\/product\/poirier-t-75405-top-craape-pearls-gisa%c2%a8le\/#primaryimage","url":"https:\/\/www.koonings.com\/wp-content\/uploads\/2025\/07\/50746_b3ade3a146dce76e704b5c8cfeed0ac0b877145b4bc34846be3a9df9ce16dd78ae717bfc.jpeg","contentUrl":"https:\/\/www.koonings.com\/wp-content\/uploads\/2025\/07\/50746_b3ade3a146dce76e704b5c8cfeed0ac0b877145b4bc34846be3a9df9ce16dd78ae717bfc.jpeg","width":1732,"height":2309},{"@type":"BreadcrumbList","@id":"https:\/\/www.koonings.com\/fr\/product\/poirier-t-75405-top-craape-pearls-gisa%c2%a8le\/#breadcrumb","itemListElement":[{"@type":"ListItem","position":1,"name":"Home","item":"https:\/\/www.koonings.com\/fr\/"},{"@type":"ListItem","position":2,"name":"Poirier T-75405 Top | Cr\u00c3\u00aape Pearls | Gis\u00c3\u00a8le"}]},{"@type":"WebSite","@id":"https:\/\/www.koonings.com\/fr\/#website","url":"https:\/\/www.koonings.com\/fr\/","name":"Koonings","description":"De grootste bruidsmodewinkel ter wereld","publisher":{"@id":"https:\/\/www.koonings.com\/fr\/#organization"},"potentialAction":[{"@type":"SearchAction","target":{"@type":"EntryPoint","urlTemplate":"https:\/\/www.koonings.com\/fr\/?s={search_term_string}"},"query-input":{"@type":"PropertyValueSpecification","valueRequired":true,"valueName":"search_term_string"}}],"inLanguage":"fr-FR"},{"@type":"Organization","@id":"https:\/\/www.koonings.com\/fr\/#organization","name":"Koonings","url":"https:\/\/www.koonings.com\/fr\/","logo":{"@type":"ImageObject","inLanguage":"fr-FR","@id":"https:\/\/www.koonings.com\/fr\/#\/schema\/logo\/image\/","url":"https:\/\/www.koonings.com\/wp-content\/uploads\/2024\/07\/logo.png","contentUrl":"https:\/\/www.koonings.com\/wp-content\/uploads\/2024\/07\/logo.png","width":600,"height":428,"caption":"Koonings"},"image":{"@id":"https:\/\/www.koonings.com\/fr\/#\/schema\/logo\/image\/"},"sameAs":["https:\/\/www.facebook.com\/kooningstheweddingpalace","https:\/\/www.instagram.com\/kooningstheweddingpalace","https:\/\/www.pinterest.com\/koonings","https:\/\/www.youtube.com\/kooningstheweddingpalace"]}]}},"_links":{"self":[{"href":"https:\/\/www.koonings.com\/fr\/wp-json\/wp\/v2\/product\/94269","targetHints":{"allow":["GET"]}}],"collection":[{"href":"https:\/\/www.koonings.com\/fr\/wp-json\/wp\/v2\/product"}],"about":[{"href":"https:\/\/www.koonings.com\/fr\/wp-json\/wp\/v2\/types\/product"}],"wp:featuredmedia":[{"embeddable":true,"href":"https:\/\/www.koonings.com\/fr\/wp-json\/wp\/v2\/media\/89583"}],"wp:attachment":[{"href":"https:\/\/www.koonings.com\/fr\/wp-json\/wp\/v2\/media?parent=94269"}],"wp:term":[{"taxonomy":"productdetails","embeddable":true,"href":"https:\/\/www.koonings.com\/fr\/wp-json\/wp\/v2\/productdetails?post=94269"},{"taxonomy":"productneck","embeddable":true,"href":"https:\/\/www.koonings.com\/fr\/wp-json\/wp\/v2\/productneck?post=94269"},{"taxonomy":"productcolor","embeddable":true,"href":"https:\/\/www.koonings.com\/fr\/wp-json\/wp\/v2\/productcolor?post=94269"},{"taxonomy":"maat","embeddable":true,"href":"https:\/\/www.koonings.com\/fr\/wp-json\/wp\/v2\/maat?post=94269"},{"taxonomy":"productsupplier","embeddable":true,"href":"https:\/\/www.koonings.com\/fr\/wp-json\/wp\/v2\/productsupplier?post=94269"},{"taxonomy":"productsleeve","embeddable":true,"href":"https:\/\/www.koonings.com\/fr\/wp-json\/wp\/v2\/productsleeve?post=94269"},{"taxonomy":"productcategory","embeddable":true,"href":"https:\/\/www.koonings.com\/fr\/wp-json\/wp\/v2\/productcategory?post=94269"},{"taxonomy":"productsilhouette","embeddable":true,"href":"https:\/\/www.koonings.com\/fr\/wp-json\/wp\/v2\/productsilhouette?post=94269"},{"taxonomy":"productstyle","embeddable":true,"href":"https:\/\/www.koonings.com\/fr\/wp-json\/wp\/v2\/productstyle?post=94269"}],"curies":[{"name":"wp","href":"https:\/\/api.w.org\/{rel}","templated":true}]}}