{"id":94200,"date":"2026-04-14T16:34:44","date_gmt":"2026-04-14T14:34:44","guid":{"rendered":"https:\/\/www.koonings.com\/product\/poirier-bol-04-vol-de-plumes-dautruche\/"},"modified":"2026-04-14T15:49:43","modified_gmt":"2026-04-14T13:49:43","slug":"poirier-bol-04-vol-de-plumes-dautruche","status":"publish","type":"product","link":"https:\/\/www.koonings.com\/fr\/product\/poirier-bol-04-vol-de-plumes-dautruche\/","title":{"rendered":"Poirier BOL-04 Vol de plumes d&#8217;autruche"},"content":{"rendered":"<p>BOL-04 &#8211; Etole en plumes d&#8217;autruche<br \/>\nEtole en plumes d&#8217;autruche.<br \/>\nLargeur : 19 cm.<br \/>\nAu centre de l&#8217;\u00e9tole se trouve une fermeture \u00e0 crochet.<br \/>\nA combiner avec diff\u00e9rents types de robes de mari\u00e9e.<\/p>\n","protected":false},"featured_media":88632,"template":"","meta":{"_acf_changed":false,"ghostkit_customizer_options":"","ghostkit_custom_css":"","ghostkit_custom_js_head":"","ghostkit_custom_js_foot":"","ghostkit_typography":""},"productdetails":[],"productneck":[],"productcolor":[],"maat":[],"productsupplier":[416],"productsleeve":[],"productcategory":[509],"productsilhouette":[],"productstyle":[],"class_list":["post-94200","product","type-product","status-publish","has-post-thumbnail","hentry","productsupplier-poirier","productcategory-accessoires-bruid"],"acf":[],"yoast_head":"<!-- This site is optimized with the Yoast SEO plugin v27.3 - https:\/\/yoast.com\/product\/yoast-seo-wordpress\/ -->\n<title>Poirier BOL-04 Vol de plumes d&#039;autruche | Koonings<\/title>\n<meta name=\"description\" content=\"BOL-04 - Etole en plumes d&#039;autruche Etole en plumes d&#039;autruche. Largeur : 19 cm. Au centre de l&#039;\u00e9tole se trouve une fermeture \u00e0 crochet. A combiner avec diff\u00e9rents types de robes de mari\u00e9e.\" \/>\n<meta name=\"robots\" content=\"index, follow, max-snippet:-1, max-image-preview:large, max-video-preview:-1\" \/>\n<link rel=\"canonical\" href=\"https:\/\/www.koonings.com\/fr\/product\/poirier-bol-04-vol-de-plumes-dautruche\/\" \/>\n<meta property=\"og:locale\" content=\"fr_FR\" \/>\n<meta property=\"og:type\" content=\"article\" \/>\n<meta property=\"og:title\" content=\"Poirier BOL-04 Vol de plumes d&#039;autruche | Koonings\" \/>\n<meta property=\"og:description\" content=\"BOL-04 - Etole en plumes d&#039;autruche Etole en plumes d&#039;autruche. Largeur : 19 cm. Au centre de l&#039;\u00e9tole se trouve une fermeture \u00e0 crochet. A combiner avec diff\u00e9rents types de robes de mari\u00e9e.\" \/>\n<meta property=\"og:url\" content=\"https:\/\/www.koonings.com\/fr\/product\/poirier-bol-04-vol-de-plumes-dautruche\/\" \/>\n<meta property=\"og:site_name\" content=\"Koonings\" \/>\n<meta property=\"article:publisher\" content=\"https:\/\/www.facebook.com\/kooningstheweddingpalace\" \/>\n<meta property=\"og:image\" content=\"https:\/\/www.koonings.com\/wp-content\/uploads\/2025\/07\/50782_98f1bd0e1c55b7e96460ea8dd665dbc4c9dbb133bd4384f5a0d53e7c5d71463286de4c51.jpeg\" \/>\n\t<meta property=\"og:image:width\" content=\"1203\" \/>\n\t<meta property=\"og:image:height\" content=\"1600\" \/>\n\t<meta property=\"og:image:type\" content=\"image\/jpeg\" \/>\n<meta name=\"twitter:card\" content=\"summary_large_image\" \/>\n<script type=\"application\/ld+json\" class=\"yoast-schema-graph\">{\"@context\":\"https:\\\/\\\/schema.org\",\"@graph\":[{\"@type\":\"WebPage\",\"@id\":\"https:\\\/\\\/www.koonings.com\\\/fr\\\/product\\\/poirier-bol-04-vol-de-plumes-dautruche\\\/\",\"url\":\"https:\\\/\\\/www.koonings.com\\\/fr\\\/product\\\/poirier-bol-04-vol-de-plumes-dautruche\\\/\",\"name\":\"Poirier BOL-04 Vol de plumes d'autruche | Koonings\",\"isPartOf\":{\"@id\":\"https:\\\/\\\/www.koonings.com\\\/fr\\\/#website\"},\"primaryImageOfPage\":{\"@id\":\"https:\\\/\\\/www.koonings.com\\\/fr\\\/product\\\/poirier-bol-04-vol-de-plumes-dautruche\\\/#primaryimage\"},\"image\":{\"@id\":\"https:\\\/\\\/www.koonings.com\\\/fr\\\/product\\\/poirier-bol-04-vol-de-plumes-dautruche\\\/#primaryimage\"},\"thumbnailUrl\":\"https:\\\/\\\/www.koonings.com\\\/wp-content\\\/uploads\\\/2025\\\/07\\\/50782_98f1bd0e1c55b7e96460ea8dd665dbc4c9dbb133bd4384f5a0d53e7c5d71463286de4c51.jpeg\",\"datePublished\":\"2026-04-14T14:34:44+00:00\",\"description\":\"BOL-04 - Etole en plumes d'autruche Etole en plumes d'autruche. Largeur : 19 cm. Au centre de l'\u00e9tole se trouve une fermeture \u00e0 crochet. A combiner avec diff\u00e9rents types de robes de mari\u00e9e.\",\"breadcrumb\":{\"@id\":\"https:\\\/\\\/www.koonings.com\\\/fr\\\/product\\\/poirier-bol-04-vol-de-plumes-dautruche\\\/#breadcrumb\"},\"inLanguage\":\"fr-FR\",\"potentialAction\":[{\"@type\":\"ReadAction\",\"target\":[\"https:\\\/\\\/www.koonings.com\\\/fr\\\/product\\\/poirier-bol-04-vol-de-plumes-dautruche\\\/\"]}]},{\"@type\":\"ImageObject\",\"inLanguage\":\"fr-FR\",\"@id\":\"https:\\\/\\\/www.koonings.com\\\/fr\\\/product\\\/poirier-bol-04-vol-de-plumes-dautruche\\\/#primaryimage\",\"url\":\"https:\\\/\\\/www.koonings.com\\\/wp-content\\\/uploads\\\/2025\\\/07\\\/50782_98f1bd0e1c55b7e96460ea8dd665dbc4c9dbb133bd4384f5a0d53e7c5d71463286de4c51.jpeg\",\"contentUrl\":\"https:\\\/\\\/www.koonings.com\\\/wp-content\\\/uploads\\\/2025\\\/07\\\/50782_98f1bd0e1c55b7e96460ea8dd665dbc4c9dbb133bd4384f5a0d53e7c5d71463286de4c51.jpeg\",\"width\":1203,\"height\":1600},{\"@type\":\"BreadcrumbList\",\"@id\":\"https:\\\/\\\/www.koonings.com\\\/fr\\\/product\\\/poirier-bol-04-vol-de-plumes-dautruche\\\/#breadcrumb\",\"itemListElement\":[{\"@type\":\"ListItem\",\"position\":1,\"name\":\"Home\",\"item\":\"https:\\\/\\\/www.koonings.com\\\/fr\\\/\"},{\"@type\":\"ListItem\",\"position\":2,\"name\":\"Poirier BOL-04 Vol de plumes d&#8217;autruche\"}]},{\"@type\":\"WebSite\",\"@id\":\"https:\\\/\\\/www.koonings.com\\\/fr\\\/#website\",\"url\":\"https:\\\/\\\/www.koonings.com\\\/fr\\\/\",\"name\":\"Koonings\",\"description\":\"De grootste bruidsmodewinkel ter wereld\",\"publisher\":{\"@id\":\"https:\\\/\\\/www.koonings.com\\\/fr\\\/#organization\"},\"potentialAction\":[{\"@type\":\"SearchAction\",\"target\":{\"@type\":\"EntryPoint\",\"urlTemplate\":\"https:\\\/\\\/www.koonings.com\\\/fr\\\/?s={search_term_string}\"},\"query-input\":{\"@type\":\"PropertyValueSpecification\",\"valueRequired\":true,\"valueName\":\"search_term_string\"}}],\"inLanguage\":\"fr-FR\"},{\"@type\":\"Organization\",\"@id\":\"https:\\\/\\\/www.koonings.com\\\/fr\\\/#organization\",\"name\":\"Koonings\",\"url\":\"https:\\\/\\\/www.koonings.com\\\/fr\\\/\",\"logo\":{\"@type\":\"ImageObject\",\"inLanguage\":\"fr-FR\",\"@id\":\"https:\\\/\\\/www.koonings.com\\\/fr\\\/#\\\/schema\\\/logo\\\/image\\\/\",\"url\":\"https:\\\/\\\/www.koonings.com\\\/wp-content\\\/uploads\\\/2024\\\/07\\\/logo.png\",\"contentUrl\":\"https:\\\/\\\/www.koonings.com\\\/wp-content\\\/uploads\\\/2024\\\/07\\\/logo.png\",\"width\":600,\"height\":428,\"caption\":\"Koonings\"},\"image\":{\"@id\":\"https:\\\/\\\/www.koonings.com\\\/fr\\\/#\\\/schema\\\/logo\\\/image\\\/\"},\"sameAs\":[\"https:\\\/\\\/www.facebook.com\\\/kooningstheweddingpalace\",\"https:\\\/\\\/www.instagram.com\\\/kooningstheweddingpalace\",\"https:\\\/\\\/www.pinterest.com\\\/koonings\",\"https:\\\/\\\/www.youtube.com\\\/kooningstheweddingpalace\"]}]}<\/script>\n<!-- \/ Yoast SEO plugin. -->","yoast_head_json":{"title":"Poirier BOL-04 Vol de plumes d'autruche | Koonings","description":"BOL-04 - Etole en plumes d'autruche Etole en plumes d'autruche. Largeur : 19 cm. Au centre de l'\u00e9tole se trouve une fermeture \u00e0 crochet. A combiner avec diff\u00e9rents types de robes de mari\u00e9e.","robots":{"index":"index","follow":"follow","max-snippet":"max-snippet:-1","max-image-preview":"max-image-preview:large","max-video-preview":"max-video-preview:-1"},"canonical":"https:\/\/www.koonings.com\/fr\/product\/poirier-bol-04-vol-de-plumes-dautruche\/","og_locale":"fr_FR","og_type":"article","og_title":"Poirier BOL-04 Vol de plumes d'autruche | Koonings","og_description":"BOL-04 - Etole en plumes d'autruche Etole en plumes d'autruche. Largeur : 19 cm. Au centre de l'\u00e9tole se trouve une fermeture \u00e0 crochet. A combiner avec diff\u00e9rents types de robes de mari\u00e9e.","og_url":"https:\/\/www.koonings.com\/fr\/product\/poirier-bol-04-vol-de-plumes-dautruche\/","og_site_name":"Koonings","article_publisher":"https:\/\/www.facebook.com\/kooningstheweddingpalace","og_image":[{"width":1203,"height":1600,"url":"https:\/\/www.koonings.com\/wp-content\/uploads\/2025\/07\/50782_98f1bd0e1c55b7e96460ea8dd665dbc4c9dbb133bd4384f5a0d53e7c5d71463286de4c51.jpeg","type":"image\/jpeg"}],"twitter_card":"summary_large_image","schema":{"@context":"https:\/\/schema.org","@graph":[{"@type":"WebPage","@id":"https:\/\/www.koonings.com\/fr\/product\/poirier-bol-04-vol-de-plumes-dautruche\/","url":"https:\/\/www.koonings.com\/fr\/product\/poirier-bol-04-vol-de-plumes-dautruche\/","name":"Poirier BOL-04 Vol de plumes d'autruche | Koonings","isPartOf":{"@id":"https:\/\/www.koonings.com\/fr\/#website"},"primaryImageOfPage":{"@id":"https:\/\/www.koonings.com\/fr\/product\/poirier-bol-04-vol-de-plumes-dautruche\/#primaryimage"},"image":{"@id":"https:\/\/www.koonings.com\/fr\/product\/poirier-bol-04-vol-de-plumes-dautruche\/#primaryimage"},"thumbnailUrl":"https:\/\/www.koonings.com\/wp-content\/uploads\/2025\/07\/50782_98f1bd0e1c55b7e96460ea8dd665dbc4c9dbb133bd4384f5a0d53e7c5d71463286de4c51.jpeg","datePublished":"2026-04-14T14:34:44+00:00","description":"BOL-04 - Etole en plumes d'autruche Etole en plumes d'autruche. Largeur : 19 cm. Au centre de l'\u00e9tole se trouve une fermeture \u00e0 crochet. A combiner avec diff\u00e9rents types de robes de mari\u00e9e.","breadcrumb":{"@id":"https:\/\/www.koonings.com\/fr\/product\/poirier-bol-04-vol-de-plumes-dautruche\/#breadcrumb"},"inLanguage":"fr-FR","potentialAction":[{"@type":"ReadAction","target":["https:\/\/www.koonings.com\/fr\/product\/poirier-bol-04-vol-de-plumes-dautruche\/"]}]},{"@type":"ImageObject","inLanguage":"fr-FR","@id":"https:\/\/www.koonings.com\/fr\/product\/poirier-bol-04-vol-de-plumes-dautruche\/#primaryimage","url":"https:\/\/www.koonings.com\/wp-content\/uploads\/2025\/07\/50782_98f1bd0e1c55b7e96460ea8dd665dbc4c9dbb133bd4384f5a0d53e7c5d71463286de4c51.jpeg","contentUrl":"https:\/\/www.koonings.com\/wp-content\/uploads\/2025\/07\/50782_98f1bd0e1c55b7e96460ea8dd665dbc4c9dbb133bd4384f5a0d53e7c5d71463286de4c51.jpeg","width":1203,"height":1600},{"@type":"BreadcrumbList","@id":"https:\/\/www.koonings.com\/fr\/product\/poirier-bol-04-vol-de-plumes-dautruche\/#breadcrumb","itemListElement":[{"@type":"ListItem","position":1,"name":"Home","item":"https:\/\/www.koonings.com\/fr\/"},{"@type":"ListItem","position":2,"name":"Poirier BOL-04 Vol de plumes d&#8217;autruche"}]},{"@type":"WebSite","@id":"https:\/\/www.koonings.com\/fr\/#website","url":"https:\/\/www.koonings.com\/fr\/","name":"Koonings","description":"De grootste bruidsmodewinkel ter wereld","publisher":{"@id":"https:\/\/www.koonings.com\/fr\/#organization"},"potentialAction":[{"@type":"SearchAction","target":{"@type":"EntryPoint","urlTemplate":"https:\/\/www.koonings.com\/fr\/?s={search_term_string}"},"query-input":{"@type":"PropertyValueSpecification","valueRequired":true,"valueName":"search_term_string"}}],"inLanguage":"fr-FR"},{"@type":"Organization","@id":"https:\/\/www.koonings.com\/fr\/#organization","name":"Koonings","url":"https:\/\/www.koonings.com\/fr\/","logo":{"@type":"ImageObject","inLanguage":"fr-FR","@id":"https:\/\/www.koonings.com\/fr\/#\/schema\/logo\/image\/","url":"https:\/\/www.koonings.com\/wp-content\/uploads\/2024\/07\/logo.png","contentUrl":"https:\/\/www.koonings.com\/wp-content\/uploads\/2024\/07\/logo.png","width":600,"height":428,"caption":"Koonings"},"image":{"@id":"https:\/\/www.koonings.com\/fr\/#\/schema\/logo\/image\/"},"sameAs":["https:\/\/www.facebook.com\/kooningstheweddingpalace","https:\/\/www.instagram.com\/kooningstheweddingpalace","https:\/\/www.pinterest.com\/koonings","https:\/\/www.youtube.com\/kooningstheweddingpalace"]}]}},"_links":{"self":[{"href":"https:\/\/www.koonings.com\/fr\/wp-json\/wp\/v2\/product\/94200","targetHints":{"allow":["GET"]}}],"collection":[{"href":"https:\/\/www.koonings.com\/fr\/wp-json\/wp\/v2\/product"}],"about":[{"href":"https:\/\/www.koonings.com\/fr\/wp-json\/wp\/v2\/types\/product"}],"wp:featuredmedia":[{"embeddable":true,"href":"https:\/\/www.koonings.com\/fr\/wp-json\/wp\/v2\/media\/88632"}],"wp:attachment":[{"href":"https:\/\/www.koonings.com\/fr\/wp-json\/wp\/v2\/media?parent=94200"}],"wp:term":[{"taxonomy":"productdetails","embeddable":true,"href":"https:\/\/www.koonings.com\/fr\/wp-json\/wp\/v2\/productdetails?post=94200"},{"taxonomy":"productneck","embeddable":true,"href":"https:\/\/www.koonings.com\/fr\/wp-json\/wp\/v2\/productneck?post=94200"},{"taxonomy":"productcolor","embeddable":true,"href":"https:\/\/www.koonings.com\/fr\/wp-json\/wp\/v2\/productcolor?post=94200"},{"taxonomy":"maat","embeddable":true,"href":"https:\/\/www.koonings.com\/fr\/wp-json\/wp\/v2\/maat?post=94200"},{"taxonomy":"productsupplier","embeddable":true,"href":"https:\/\/www.koonings.com\/fr\/wp-json\/wp\/v2\/productsupplier?post=94200"},{"taxonomy":"productsleeve","embeddable":true,"href":"https:\/\/www.koonings.com\/fr\/wp-json\/wp\/v2\/productsleeve?post=94200"},{"taxonomy":"productcategory","embeddable":true,"href":"https:\/\/www.koonings.com\/fr\/wp-json\/wp\/v2\/productcategory?post=94200"},{"taxonomy":"productsilhouette","embeddable":true,"href":"https:\/\/www.koonings.com\/fr\/wp-json\/wp\/v2\/productsilhouette?post=94200"},{"taxonomy":"productstyle","embeddable":true,"href":"https:\/\/www.koonings.com\/fr\/wp-json\/wp\/v2\/productstyle?post=94200"}],"curies":[{"name":"wp","href":"https:\/\/api.w.org\/{rel}","templated":true}]}}