{"id":94193,"date":"2026-04-14T16:34:39","date_gmt":"2026-04-14T14:34:39","guid":{"rendered":"https:\/\/www.koonings.com\/product\/poirier-t-76032-top\/"},"modified":"2026-04-14T16:07:37","modified_gmt":"2026-04-14T14:07:37","slug":"poirier-t-76032-top","status":"publish","type":"product","link":"https:\/\/www.koonings.com\/fr\/product\/poirier-t-76032-top\/","title":{"rendered":"Poirier T-76032 Top"},"content":{"rendered":"<p>Top compos\u00e9 de fils avec perles et d&#8217;un col orn\u00e9 de strass, de perles et de perles<br \/>\nTop de la collection Trend de Poirier.<br \/>\nCompos\u00e9 de fils avec des perles de couleur ivoire.<br \/>\nAvec un col orn\u00e9 de strass, de perles et de perles de couleur ivoire.<br \/>\nSe dirige vers le bas.<br \/>\nFermeture auto-agrippante au centre du devant.<br \/>\nDimensions : environ 61 cm (devant et derri\u00e8re).<br \/>\nSe combine parfaitement avec tous les hauts de la collection GEM de Poirier.<br \/>\nAvec ce haut, vous optez pour un look de mariage original.<br \/>\nChoisissez les beaux hauts de Poirier pour &#8220;compl\u00e9ter&#8221; votre tenue de mari\u00e9e. <\/p>\n","protected":false},"featured_media":89973,"template":"","meta":{"_acf_changed":false,"ghostkit_customizer_options":"","ghostkit_custom_css":"","ghostkit_custom_js_head":"","ghostkit_custom_js_foot":"","ghostkit_typography":""},"productdetails":[],"productneck":[],"productcolor":[],"maat":[],"productsupplier":[416],"productsleeve":[],"productcategory":[509],"productsilhouette":[],"productstyle":[],"class_list":["post-94193","product","type-product","status-publish","has-post-thumbnail","hentry","productsupplier-poirier","productcategory-accessoires-bruid"],"acf":[],"yoast_head":"<!-- This site is optimized with the Yoast SEO plugin v27.3 - https:\/\/yoast.com\/product\/yoast-seo-wordpress\/ -->\n<title>Poirier T-76032 Top | Koonings<\/title>\n<meta name=\"description\" content=\"Top compos\u00e9 de fils avec perles et d&#039;un col orn\u00e9 de strass, de perles et de perles Top de la collection Trend de Poirier. Compos\u00e9 de fils avec des perles de couleur ivoire. Avec un col orn\u00e9 de strass, de perles et de perles de couleur ivoire. Se dirige vers le bas. Fermeture auto-agrippante au centre du devant. Dimensions : environ 61 cm (devant et derri\u00e8re). Se combine parfaitement avec tous les hauts de la collection GEM de Poirier. Avec ce haut, vous optez pour un look de mariage original. Choisissez les beaux hauts de Poirier pour &quot;compl\u00e9ter&quot; votre tenue de mari\u00e9e.\" \/>\n<meta name=\"robots\" content=\"index, follow, max-snippet:-1, max-image-preview:large, max-video-preview:-1\" \/>\n<link rel=\"canonical\" href=\"https:\/\/www.koonings.com\/fr\/product\/poirier-t-76032-top\/\" \/>\n<meta property=\"og:locale\" content=\"fr_FR\" \/>\n<meta property=\"og:type\" content=\"article\" \/>\n<meta property=\"og:title\" content=\"Poirier T-76032 Top | Koonings\" \/>\n<meta property=\"og:description\" content=\"Top compos\u00e9 de fils avec perles et d&#039;un col orn\u00e9 de strass, de perles et de perles Top de la collection Trend de Poirier. Compos\u00e9 de fils avec des perles de couleur ivoire. Avec un col orn\u00e9 de strass, de perles et de perles de couleur ivoire. Se dirige vers le bas. Fermeture auto-agrippante au centre du devant. Dimensions : environ 61 cm (devant et derri\u00e8re). Se combine parfaitement avec tous les hauts de la collection GEM de Poirier. Avec ce haut, vous optez pour un look de mariage original. Choisissez les beaux hauts de Poirier pour &quot;compl\u00e9ter&quot; votre tenue de mari\u00e9e.\" \/>\n<meta property=\"og:url\" content=\"https:\/\/www.koonings.com\/fr\/product\/poirier-t-76032-top\/\" \/>\n<meta property=\"og:site_name\" content=\"Koonings\" \/>\n<meta property=\"article:publisher\" content=\"https:\/\/www.facebook.com\/kooningstheweddingpalace\" \/>\n<meta property=\"og:image\" content=\"https:\/\/www.koonings.com\/wp-content\/uploads\/2025\/07\/50768_8c6935006b3f576e313347de8e55c07173efb2009bebf13139d9d5935561134aa9f6f732.jpeg\" \/>\n\t<meta property=\"og:image:width\" content=\"1734\" \/>\n\t<meta property=\"og:image:height\" content=\"2306\" \/>\n\t<meta property=\"og:image:type\" content=\"image\/jpeg\" \/>\n<meta name=\"twitter:card\" content=\"summary_large_image\" \/>\n<meta name=\"twitter:label1\" content=\"Dur\u00e9e de lecture estim\u00e9e\" \/>\n\t<meta name=\"twitter:data1\" content=\"1 minute\" \/>\n<script type=\"application\/ld+json\" class=\"yoast-schema-graph\">{\"@context\":\"https:\\\/\\\/schema.org\",\"@graph\":[{\"@type\":\"WebPage\",\"@id\":\"https:\\\/\\\/www.koonings.com\\\/fr\\\/product\\\/poirier-t-76032-top\\\/\",\"url\":\"https:\\\/\\\/www.koonings.com\\\/fr\\\/product\\\/poirier-t-76032-top\\\/\",\"name\":\"Poirier T-76032 Top | Koonings\",\"isPartOf\":{\"@id\":\"https:\\\/\\\/www.koonings.com\\\/fr\\\/#website\"},\"primaryImageOfPage\":{\"@id\":\"https:\\\/\\\/www.koonings.com\\\/fr\\\/product\\\/poirier-t-76032-top\\\/#primaryimage\"},\"image\":{\"@id\":\"https:\\\/\\\/www.koonings.com\\\/fr\\\/product\\\/poirier-t-76032-top\\\/#primaryimage\"},\"thumbnailUrl\":\"https:\\\/\\\/www.koonings.com\\\/wp-content\\\/uploads\\\/2025\\\/07\\\/50768_8c6935006b3f576e313347de8e55c07173efb2009bebf13139d9d5935561134aa9f6f732.jpeg\",\"datePublished\":\"2026-04-14T14:34:39+00:00\",\"description\":\"Top compos\u00e9 de fils avec perles et d'un col orn\u00e9 de strass, de perles et de perles Top de la collection Trend de Poirier. Compos\u00e9 de fils avec des perles de couleur ivoire. Avec un col orn\u00e9 de strass, de perles et de perles de couleur ivoire. Se dirige vers le bas. Fermeture auto-agrippante au centre du devant. Dimensions : environ 61 cm (devant et derri\u00e8re). Se combine parfaitement avec tous les hauts de la collection GEM de Poirier. Avec ce haut, vous optez pour un look de mariage original. Choisissez les beaux hauts de Poirier pour \\\"compl\u00e9ter\\\" votre tenue de mari\u00e9e.\",\"breadcrumb\":{\"@id\":\"https:\\\/\\\/www.koonings.com\\\/fr\\\/product\\\/poirier-t-76032-top\\\/#breadcrumb\"},\"inLanguage\":\"fr-FR\",\"potentialAction\":[{\"@type\":\"ReadAction\",\"target\":[\"https:\\\/\\\/www.koonings.com\\\/fr\\\/product\\\/poirier-t-76032-top\\\/\"]}]},{\"@type\":\"ImageObject\",\"inLanguage\":\"fr-FR\",\"@id\":\"https:\\\/\\\/www.koonings.com\\\/fr\\\/product\\\/poirier-t-76032-top\\\/#primaryimage\",\"url\":\"https:\\\/\\\/www.koonings.com\\\/wp-content\\\/uploads\\\/2025\\\/07\\\/50768_8c6935006b3f576e313347de8e55c07173efb2009bebf13139d9d5935561134aa9f6f732.jpeg\",\"contentUrl\":\"https:\\\/\\\/www.koonings.com\\\/wp-content\\\/uploads\\\/2025\\\/07\\\/50768_8c6935006b3f576e313347de8e55c07173efb2009bebf13139d9d5935561134aa9f6f732.jpeg\",\"width\":1734,\"height\":2306},{\"@type\":\"BreadcrumbList\",\"@id\":\"https:\\\/\\\/www.koonings.com\\\/fr\\\/product\\\/poirier-t-76032-top\\\/#breadcrumb\",\"itemListElement\":[{\"@type\":\"ListItem\",\"position\":1,\"name\":\"Home\",\"item\":\"https:\\\/\\\/www.koonings.com\\\/fr\\\/\"},{\"@type\":\"ListItem\",\"position\":2,\"name\":\"Poirier T-76032 Top\"}]},{\"@type\":\"WebSite\",\"@id\":\"https:\\\/\\\/www.koonings.com\\\/fr\\\/#website\",\"url\":\"https:\\\/\\\/www.koonings.com\\\/fr\\\/\",\"name\":\"Koonings\",\"description\":\"De grootste bruidsmodewinkel ter wereld\",\"publisher\":{\"@id\":\"https:\\\/\\\/www.koonings.com\\\/fr\\\/#organization\"},\"potentialAction\":[{\"@type\":\"SearchAction\",\"target\":{\"@type\":\"EntryPoint\",\"urlTemplate\":\"https:\\\/\\\/www.koonings.com\\\/fr\\\/?s={search_term_string}\"},\"query-input\":{\"@type\":\"PropertyValueSpecification\",\"valueRequired\":true,\"valueName\":\"search_term_string\"}}],\"inLanguage\":\"fr-FR\"},{\"@type\":\"Organization\",\"@id\":\"https:\\\/\\\/www.koonings.com\\\/fr\\\/#organization\",\"name\":\"Koonings\",\"url\":\"https:\\\/\\\/www.koonings.com\\\/fr\\\/\",\"logo\":{\"@type\":\"ImageObject\",\"inLanguage\":\"fr-FR\",\"@id\":\"https:\\\/\\\/www.koonings.com\\\/fr\\\/#\\\/schema\\\/logo\\\/image\\\/\",\"url\":\"https:\\\/\\\/www.koonings.com\\\/wp-content\\\/uploads\\\/2024\\\/07\\\/logo.png\",\"contentUrl\":\"https:\\\/\\\/www.koonings.com\\\/wp-content\\\/uploads\\\/2024\\\/07\\\/logo.png\",\"width\":600,\"height\":428,\"caption\":\"Koonings\"},\"image\":{\"@id\":\"https:\\\/\\\/www.koonings.com\\\/fr\\\/#\\\/schema\\\/logo\\\/image\\\/\"},\"sameAs\":[\"https:\\\/\\\/www.facebook.com\\\/kooningstheweddingpalace\",\"https:\\\/\\\/www.instagram.com\\\/kooningstheweddingpalace\",\"https:\\\/\\\/www.pinterest.com\\\/koonings\",\"https:\\\/\\\/www.youtube.com\\\/kooningstheweddingpalace\"]}]}<\/script>\n<!-- \/ Yoast SEO plugin. -->","yoast_head_json":{"title":"Poirier T-76032 Top | Koonings","description":"Top compos\u00e9 de fils avec perles et d'un col orn\u00e9 de strass, de perles et de perles Top de la collection Trend de Poirier. Compos\u00e9 de fils avec des perles de couleur ivoire. Avec un col orn\u00e9 de strass, de perles et de perles de couleur ivoire. Se dirige vers le bas. Fermeture auto-agrippante au centre du devant. Dimensions : environ 61 cm (devant et derri\u00e8re). Se combine parfaitement avec tous les hauts de la collection GEM de Poirier. Avec ce haut, vous optez pour un look de mariage original. Choisissez les beaux hauts de Poirier pour \"compl\u00e9ter\" votre tenue de mari\u00e9e.","robots":{"index":"index","follow":"follow","max-snippet":"max-snippet:-1","max-image-preview":"max-image-preview:large","max-video-preview":"max-video-preview:-1"},"canonical":"https:\/\/www.koonings.com\/fr\/product\/poirier-t-76032-top\/","og_locale":"fr_FR","og_type":"article","og_title":"Poirier T-76032 Top | Koonings","og_description":"Top compos\u00e9 de fils avec perles et d'un col orn\u00e9 de strass, de perles et de perles Top de la collection Trend de Poirier. Compos\u00e9 de fils avec des perles de couleur ivoire. Avec un col orn\u00e9 de strass, de perles et de perles de couleur ivoire. Se dirige vers le bas. Fermeture auto-agrippante au centre du devant. Dimensions : environ 61 cm (devant et derri\u00e8re). Se combine parfaitement avec tous les hauts de la collection GEM de Poirier. Avec ce haut, vous optez pour un look de mariage original. Choisissez les beaux hauts de Poirier pour \"compl\u00e9ter\" votre tenue de mari\u00e9e.","og_url":"https:\/\/www.koonings.com\/fr\/product\/poirier-t-76032-top\/","og_site_name":"Koonings","article_publisher":"https:\/\/www.facebook.com\/kooningstheweddingpalace","og_image":[{"width":1734,"height":2306,"url":"https:\/\/www.koonings.com\/wp-content\/uploads\/2025\/07\/50768_8c6935006b3f576e313347de8e55c07173efb2009bebf13139d9d5935561134aa9f6f732.jpeg","type":"image\/jpeg"}],"twitter_card":"summary_large_image","twitter_misc":{"Dur\u00e9e de lecture estim\u00e9e":"1 minute"},"schema":{"@context":"https:\/\/schema.org","@graph":[{"@type":"WebPage","@id":"https:\/\/www.koonings.com\/fr\/product\/poirier-t-76032-top\/","url":"https:\/\/www.koonings.com\/fr\/product\/poirier-t-76032-top\/","name":"Poirier T-76032 Top | Koonings","isPartOf":{"@id":"https:\/\/www.koonings.com\/fr\/#website"},"primaryImageOfPage":{"@id":"https:\/\/www.koonings.com\/fr\/product\/poirier-t-76032-top\/#primaryimage"},"image":{"@id":"https:\/\/www.koonings.com\/fr\/product\/poirier-t-76032-top\/#primaryimage"},"thumbnailUrl":"https:\/\/www.koonings.com\/wp-content\/uploads\/2025\/07\/50768_8c6935006b3f576e313347de8e55c07173efb2009bebf13139d9d5935561134aa9f6f732.jpeg","datePublished":"2026-04-14T14:34:39+00:00","description":"Top compos\u00e9 de fils avec perles et d'un col orn\u00e9 de strass, de perles et de perles Top de la collection Trend de Poirier. Compos\u00e9 de fils avec des perles de couleur ivoire. Avec un col orn\u00e9 de strass, de perles et de perles de couleur ivoire. Se dirige vers le bas. Fermeture auto-agrippante au centre du devant. Dimensions : environ 61 cm (devant et derri\u00e8re). Se combine parfaitement avec tous les hauts de la collection GEM de Poirier. Avec ce haut, vous optez pour un look de mariage original. Choisissez les beaux hauts de Poirier pour \"compl\u00e9ter\" votre tenue de mari\u00e9e.","breadcrumb":{"@id":"https:\/\/www.koonings.com\/fr\/product\/poirier-t-76032-top\/#breadcrumb"},"inLanguage":"fr-FR","potentialAction":[{"@type":"ReadAction","target":["https:\/\/www.koonings.com\/fr\/product\/poirier-t-76032-top\/"]}]},{"@type":"ImageObject","inLanguage":"fr-FR","@id":"https:\/\/www.koonings.com\/fr\/product\/poirier-t-76032-top\/#primaryimage","url":"https:\/\/www.koonings.com\/wp-content\/uploads\/2025\/07\/50768_8c6935006b3f576e313347de8e55c07173efb2009bebf13139d9d5935561134aa9f6f732.jpeg","contentUrl":"https:\/\/www.koonings.com\/wp-content\/uploads\/2025\/07\/50768_8c6935006b3f576e313347de8e55c07173efb2009bebf13139d9d5935561134aa9f6f732.jpeg","width":1734,"height":2306},{"@type":"BreadcrumbList","@id":"https:\/\/www.koonings.com\/fr\/product\/poirier-t-76032-top\/#breadcrumb","itemListElement":[{"@type":"ListItem","position":1,"name":"Home","item":"https:\/\/www.koonings.com\/fr\/"},{"@type":"ListItem","position":2,"name":"Poirier T-76032 Top"}]},{"@type":"WebSite","@id":"https:\/\/www.koonings.com\/fr\/#website","url":"https:\/\/www.koonings.com\/fr\/","name":"Koonings","description":"De grootste bruidsmodewinkel ter wereld","publisher":{"@id":"https:\/\/www.koonings.com\/fr\/#organization"},"potentialAction":[{"@type":"SearchAction","target":{"@type":"EntryPoint","urlTemplate":"https:\/\/www.koonings.com\/fr\/?s={search_term_string}"},"query-input":{"@type":"PropertyValueSpecification","valueRequired":true,"valueName":"search_term_string"}}],"inLanguage":"fr-FR"},{"@type":"Organization","@id":"https:\/\/www.koonings.com\/fr\/#organization","name":"Koonings","url":"https:\/\/www.koonings.com\/fr\/","logo":{"@type":"ImageObject","inLanguage":"fr-FR","@id":"https:\/\/www.koonings.com\/fr\/#\/schema\/logo\/image\/","url":"https:\/\/www.koonings.com\/wp-content\/uploads\/2024\/07\/logo.png","contentUrl":"https:\/\/www.koonings.com\/wp-content\/uploads\/2024\/07\/logo.png","width":600,"height":428,"caption":"Koonings"},"image":{"@id":"https:\/\/www.koonings.com\/fr\/#\/schema\/logo\/image\/"},"sameAs":["https:\/\/www.facebook.com\/kooningstheweddingpalace","https:\/\/www.instagram.com\/kooningstheweddingpalace","https:\/\/www.pinterest.com\/koonings","https:\/\/www.youtube.com\/kooningstheweddingpalace"]}]}},"_links":{"self":[{"href":"https:\/\/www.koonings.com\/fr\/wp-json\/wp\/v2\/product\/94193","targetHints":{"allow":["GET"]}}],"collection":[{"href":"https:\/\/www.koonings.com\/fr\/wp-json\/wp\/v2\/product"}],"about":[{"href":"https:\/\/www.koonings.com\/fr\/wp-json\/wp\/v2\/types\/product"}],"wp:featuredmedia":[{"embeddable":true,"href":"https:\/\/www.koonings.com\/fr\/wp-json\/wp\/v2\/media\/89973"}],"wp:attachment":[{"href":"https:\/\/www.koonings.com\/fr\/wp-json\/wp\/v2\/media?parent=94193"}],"wp:term":[{"taxonomy":"productdetails","embeddable":true,"href":"https:\/\/www.koonings.com\/fr\/wp-json\/wp\/v2\/productdetails?post=94193"},{"taxonomy":"productneck","embeddable":true,"href":"https:\/\/www.koonings.com\/fr\/wp-json\/wp\/v2\/productneck?post=94193"},{"taxonomy":"productcolor","embeddable":true,"href":"https:\/\/www.koonings.com\/fr\/wp-json\/wp\/v2\/productcolor?post=94193"},{"taxonomy":"maat","embeddable":true,"href":"https:\/\/www.koonings.com\/fr\/wp-json\/wp\/v2\/maat?post=94193"},{"taxonomy":"productsupplier","embeddable":true,"href":"https:\/\/www.koonings.com\/fr\/wp-json\/wp\/v2\/productsupplier?post=94193"},{"taxonomy":"productsleeve","embeddable":true,"href":"https:\/\/www.koonings.com\/fr\/wp-json\/wp\/v2\/productsleeve?post=94193"},{"taxonomy":"productcategory","embeddable":true,"href":"https:\/\/www.koonings.com\/fr\/wp-json\/wp\/v2\/productcategory?post=94193"},{"taxonomy":"productsilhouette","embeddable":true,"href":"https:\/\/www.koonings.com\/fr\/wp-json\/wp\/v2\/productsilhouette?post=94193"},{"taxonomy":"productstyle","embeddable":true,"href":"https:\/\/www.koonings.com\/fr\/wp-json\/wp\/v2\/productstyle?post=94193"}],"curies":[{"name":"wp","href":"https:\/\/api.w.org\/{rel}","templated":true}]}}