{"id":94185,"date":"2026-04-21T18:34:50","date_gmt":"2026-04-21T16:34:50","guid":{"rendered":"https:\/\/www.koonings.com\/product\/poirier-b-75081-ceinture-gem-armelle\/"},"modified":"2026-04-14T15:49:58","modified_gmt":"2026-04-14T13:49:58","slug":"poirier-b-75081-ceinture-gem-armelle","status":"publish","type":"product","link":"https:\/\/www.koonings.com\/fr\/product\/poirier-b-75081-ceinture-gem-armelle\/","title":{"rendered":"Poirier B-75081 Ceinture | Gem | Armelle"},"content":{"rendered":"<p>B-75081 &#8211; Ceinture \u00e9l\u00e9gante en dentelle orn\u00e9e de paillettes, de perles et de perles<br \/>\nCeinture de la ligne Armelle de la Collection GEM.<br \/>\nEn cr\u00eape et dentelle.<br \/>\nOrn\u00e9e de paillettes, de perles et de perles.<br \/>\nIvoire.<br \/>\nLongueur : 210 cm.<\/p>\n","protected":false},"featured_media":88589,"template":"","meta":{"_acf_changed":false,"ghostkit_customizer_options":"","ghostkit_custom_css":"","ghostkit_custom_js_head":"","ghostkit_custom_js_foot":"","ghostkit_typography":""},"productdetails":[],"productneck":[],"productcolor":[],"maat":[],"productsupplier":[416],"productsleeve":[],"productcategory":[509],"productsilhouette":[],"productstyle":[],"class_list":["post-94185","product","type-product","status-publish","has-post-thumbnail","hentry","productsupplier-poirier","productcategory-accessoires-bruid"],"acf":[],"yoast_head":"<!-- This site is optimized with the Yoast SEO plugin v27.3 - https:\/\/yoast.com\/product\/yoast-seo-wordpress\/ -->\n<title>Poirier B-75081 Ceinture | Gem | Armelle | Koonings<\/title>\n<meta name=\"description\" content=\"B-75081 - Ceinture \u00e9l\u00e9gante en dentelle orn\u00e9e de paillettes, de perles et de perles Ceinture de la ligne Armelle de la Collection GEM. En cr\u00eape et dentelle. Orn\u00e9e de paillettes, de perles et de perles. Ivoire. Longueur : 210 cm.\" \/>\n<meta name=\"robots\" content=\"index, follow, max-snippet:-1, max-image-preview:large, max-video-preview:-1\" \/>\n<link rel=\"canonical\" href=\"https:\/\/www.koonings.com\/fr\/product\/poirier-b-75081-ceinture-gem-armelle\/\" \/>\n<meta property=\"og:locale\" content=\"fr_FR\" \/>\n<meta property=\"og:type\" content=\"article\" \/>\n<meta property=\"og:title\" content=\"Poirier B-75081 Ceinture | Gem | Armelle | Koonings\" \/>\n<meta property=\"og:description\" content=\"B-75081 - Ceinture \u00e9l\u00e9gante en dentelle orn\u00e9e de paillettes, de perles et de perles Ceinture de la ligne Armelle de la Collection GEM. En cr\u00eape et dentelle. Orn\u00e9e de paillettes, de perles et de perles. Ivoire. Longueur : 210 cm.\" \/>\n<meta property=\"og:url\" content=\"https:\/\/www.koonings.com\/fr\/product\/poirier-b-75081-ceinture-gem-armelle\/\" \/>\n<meta property=\"og:site_name\" content=\"Koonings\" \/>\n<meta property=\"article:publisher\" content=\"https:\/\/www.facebook.com\/kooningstheweddingpalace\" \/>\n<meta property=\"og:image\" content=\"https:\/\/www.koonings.com\/wp-content\/uploads\/2025\/07\/50779_a3e6c963e6b2286f039ca8d489c987e8a86f0743eaac8b55fc3d6375615f8f040464c651.jpeg\" \/>\n\t<meta property=\"og:image:width\" content=\"1500\" \/>\n\t<meta property=\"og:image:height\" content=\"2000\" \/>\n\t<meta property=\"og:image:type\" content=\"image\/jpeg\" \/>\n<meta name=\"twitter:card\" content=\"summary_large_image\" \/>\n<script type=\"application\/ld+json\" class=\"yoast-schema-graph\">{\"@context\":\"https:\\\/\\\/schema.org\",\"@graph\":[{\"@type\":\"WebPage\",\"@id\":\"https:\\\/\\\/www.koonings.com\\\/fr\\\/product\\\/poirier-b-75081-ceinture-gem-armelle\\\/\",\"url\":\"https:\\\/\\\/www.koonings.com\\\/fr\\\/product\\\/poirier-b-75081-ceinture-gem-armelle\\\/\",\"name\":\"Poirier B-75081 Ceinture | Gem | Armelle | Koonings\",\"isPartOf\":{\"@id\":\"https:\\\/\\\/www.koonings.com\\\/fr\\\/#website\"},\"primaryImageOfPage\":{\"@id\":\"https:\\\/\\\/www.koonings.com\\\/fr\\\/product\\\/poirier-b-75081-ceinture-gem-armelle\\\/#primaryimage\"},\"image\":{\"@id\":\"https:\\\/\\\/www.koonings.com\\\/fr\\\/product\\\/poirier-b-75081-ceinture-gem-armelle\\\/#primaryimage\"},\"thumbnailUrl\":\"https:\\\/\\\/www.koonings.com\\\/wp-content\\\/uploads\\\/2025\\\/07\\\/50779_a3e6c963e6b2286f039ca8d489c987e8a86f0743eaac8b55fc3d6375615f8f040464c651.jpeg\",\"datePublished\":\"2026-04-21T16:34:50+00:00\",\"description\":\"B-75081 - Ceinture \u00e9l\u00e9gante en dentelle orn\u00e9e de paillettes, de perles et de perles Ceinture de la ligne Armelle de la Collection GEM. En cr\u00eape et dentelle. Orn\u00e9e de paillettes, de perles et de perles. Ivoire. Longueur : 210 cm.\",\"breadcrumb\":{\"@id\":\"https:\\\/\\\/www.koonings.com\\\/fr\\\/product\\\/poirier-b-75081-ceinture-gem-armelle\\\/#breadcrumb\"},\"inLanguage\":\"fr-FR\",\"potentialAction\":[{\"@type\":\"ReadAction\",\"target\":[\"https:\\\/\\\/www.koonings.com\\\/fr\\\/product\\\/poirier-b-75081-ceinture-gem-armelle\\\/\"]}]},{\"@type\":\"ImageObject\",\"inLanguage\":\"fr-FR\",\"@id\":\"https:\\\/\\\/www.koonings.com\\\/fr\\\/product\\\/poirier-b-75081-ceinture-gem-armelle\\\/#primaryimage\",\"url\":\"https:\\\/\\\/www.koonings.com\\\/wp-content\\\/uploads\\\/2025\\\/07\\\/50779_a3e6c963e6b2286f039ca8d489c987e8a86f0743eaac8b55fc3d6375615f8f040464c651.jpeg\",\"contentUrl\":\"https:\\\/\\\/www.koonings.com\\\/wp-content\\\/uploads\\\/2025\\\/07\\\/50779_a3e6c963e6b2286f039ca8d489c987e8a86f0743eaac8b55fc3d6375615f8f040464c651.jpeg\",\"width\":1500,\"height\":2000},{\"@type\":\"BreadcrumbList\",\"@id\":\"https:\\\/\\\/www.koonings.com\\\/fr\\\/product\\\/poirier-b-75081-ceinture-gem-armelle\\\/#breadcrumb\",\"itemListElement\":[{\"@type\":\"ListItem\",\"position\":1,\"name\":\"Home\",\"item\":\"https:\\\/\\\/www.koonings.com\\\/fr\\\/\"},{\"@type\":\"ListItem\",\"position\":2,\"name\":\"Poirier B-75081 Ceinture | Gem | Armelle\"}]},{\"@type\":\"WebSite\",\"@id\":\"https:\\\/\\\/www.koonings.com\\\/fr\\\/#website\",\"url\":\"https:\\\/\\\/www.koonings.com\\\/fr\\\/\",\"name\":\"Koonings\",\"description\":\"De grootste bruidsmodewinkel ter wereld\",\"publisher\":{\"@id\":\"https:\\\/\\\/www.koonings.com\\\/fr\\\/#organization\"},\"potentialAction\":[{\"@type\":\"SearchAction\",\"target\":{\"@type\":\"EntryPoint\",\"urlTemplate\":\"https:\\\/\\\/www.koonings.com\\\/fr\\\/?s={search_term_string}\"},\"query-input\":{\"@type\":\"PropertyValueSpecification\",\"valueRequired\":true,\"valueName\":\"search_term_string\"}}],\"inLanguage\":\"fr-FR\"},{\"@type\":\"Organization\",\"@id\":\"https:\\\/\\\/www.koonings.com\\\/fr\\\/#organization\",\"name\":\"Koonings\",\"url\":\"https:\\\/\\\/www.koonings.com\\\/fr\\\/\",\"logo\":{\"@type\":\"ImageObject\",\"inLanguage\":\"fr-FR\",\"@id\":\"https:\\\/\\\/www.koonings.com\\\/fr\\\/#\\\/schema\\\/logo\\\/image\\\/\",\"url\":\"https:\\\/\\\/www.koonings.com\\\/wp-content\\\/uploads\\\/2024\\\/07\\\/logo.png\",\"contentUrl\":\"https:\\\/\\\/www.koonings.com\\\/wp-content\\\/uploads\\\/2024\\\/07\\\/logo.png\",\"width\":600,\"height\":428,\"caption\":\"Koonings\"},\"image\":{\"@id\":\"https:\\\/\\\/www.koonings.com\\\/fr\\\/#\\\/schema\\\/logo\\\/image\\\/\"},\"sameAs\":[\"https:\\\/\\\/www.facebook.com\\\/kooningstheweddingpalace\",\"https:\\\/\\\/www.instagram.com\\\/kooningstheweddingpalace\",\"https:\\\/\\\/www.pinterest.com\\\/koonings\",\"https:\\\/\\\/www.youtube.com\\\/kooningstheweddingpalace\"]}]}<\/script>\n<!-- \/ Yoast SEO plugin. -->","yoast_head_json":{"title":"Poirier B-75081 Ceinture | Gem | Armelle | Koonings","description":"B-75081 - Ceinture \u00e9l\u00e9gante en dentelle orn\u00e9e de paillettes, de perles et de perles Ceinture de la ligne Armelle de la Collection GEM. En cr\u00eape et dentelle. Orn\u00e9e de paillettes, de perles et de perles. Ivoire. Longueur : 210 cm.","robots":{"index":"index","follow":"follow","max-snippet":"max-snippet:-1","max-image-preview":"max-image-preview:large","max-video-preview":"max-video-preview:-1"},"canonical":"https:\/\/www.koonings.com\/fr\/product\/poirier-b-75081-ceinture-gem-armelle\/","og_locale":"fr_FR","og_type":"article","og_title":"Poirier B-75081 Ceinture | Gem | Armelle | Koonings","og_description":"B-75081 - Ceinture \u00e9l\u00e9gante en dentelle orn\u00e9e de paillettes, de perles et de perles Ceinture de la ligne Armelle de la Collection GEM. En cr\u00eape et dentelle. Orn\u00e9e de paillettes, de perles et de perles. Ivoire. Longueur : 210 cm.","og_url":"https:\/\/www.koonings.com\/fr\/product\/poirier-b-75081-ceinture-gem-armelle\/","og_site_name":"Koonings","article_publisher":"https:\/\/www.facebook.com\/kooningstheweddingpalace","og_image":[{"width":1500,"height":2000,"url":"https:\/\/www.koonings.com\/wp-content\/uploads\/2025\/07\/50779_a3e6c963e6b2286f039ca8d489c987e8a86f0743eaac8b55fc3d6375615f8f040464c651.jpeg","type":"image\/jpeg"}],"twitter_card":"summary_large_image","schema":{"@context":"https:\/\/schema.org","@graph":[{"@type":"WebPage","@id":"https:\/\/www.koonings.com\/fr\/product\/poirier-b-75081-ceinture-gem-armelle\/","url":"https:\/\/www.koonings.com\/fr\/product\/poirier-b-75081-ceinture-gem-armelle\/","name":"Poirier B-75081 Ceinture | Gem | Armelle | Koonings","isPartOf":{"@id":"https:\/\/www.koonings.com\/fr\/#website"},"primaryImageOfPage":{"@id":"https:\/\/www.koonings.com\/fr\/product\/poirier-b-75081-ceinture-gem-armelle\/#primaryimage"},"image":{"@id":"https:\/\/www.koonings.com\/fr\/product\/poirier-b-75081-ceinture-gem-armelle\/#primaryimage"},"thumbnailUrl":"https:\/\/www.koonings.com\/wp-content\/uploads\/2025\/07\/50779_a3e6c963e6b2286f039ca8d489c987e8a86f0743eaac8b55fc3d6375615f8f040464c651.jpeg","datePublished":"2026-04-21T16:34:50+00:00","description":"B-75081 - Ceinture \u00e9l\u00e9gante en dentelle orn\u00e9e de paillettes, de perles et de perles Ceinture de la ligne Armelle de la Collection GEM. En cr\u00eape et dentelle. Orn\u00e9e de paillettes, de perles et de perles. Ivoire. Longueur : 210 cm.","breadcrumb":{"@id":"https:\/\/www.koonings.com\/fr\/product\/poirier-b-75081-ceinture-gem-armelle\/#breadcrumb"},"inLanguage":"fr-FR","potentialAction":[{"@type":"ReadAction","target":["https:\/\/www.koonings.com\/fr\/product\/poirier-b-75081-ceinture-gem-armelle\/"]}]},{"@type":"ImageObject","inLanguage":"fr-FR","@id":"https:\/\/www.koonings.com\/fr\/product\/poirier-b-75081-ceinture-gem-armelle\/#primaryimage","url":"https:\/\/www.koonings.com\/wp-content\/uploads\/2025\/07\/50779_a3e6c963e6b2286f039ca8d489c987e8a86f0743eaac8b55fc3d6375615f8f040464c651.jpeg","contentUrl":"https:\/\/www.koonings.com\/wp-content\/uploads\/2025\/07\/50779_a3e6c963e6b2286f039ca8d489c987e8a86f0743eaac8b55fc3d6375615f8f040464c651.jpeg","width":1500,"height":2000},{"@type":"BreadcrumbList","@id":"https:\/\/www.koonings.com\/fr\/product\/poirier-b-75081-ceinture-gem-armelle\/#breadcrumb","itemListElement":[{"@type":"ListItem","position":1,"name":"Home","item":"https:\/\/www.koonings.com\/fr\/"},{"@type":"ListItem","position":2,"name":"Poirier B-75081 Ceinture | Gem | Armelle"}]},{"@type":"WebSite","@id":"https:\/\/www.koonings.com\/fr\/#website","url":"https:\/\/www.koonings.com\/fr\/","name":"Koonings","description":"De grootste bruidsmodewinkel ter wereld","publisher":{"@id":"https:\/\/www.koonings.com\/fr\/#organization"},"potentialAction":[{"@type":"SearchAction","target":{"@type":"EntryPoint","urlTemplate":"https:\/\/www.koonings.com\/fr\/?s={search_term_string}"},"query-input":{"@type":"PropertyValueSpecification","valueRequired":true,"valueName":"search_term_string"}}],"inLanguage":"fr-FR"},{"@type":"Organization","@id":"https:\/\/www.koonings.com\/fr\/#organization","name":"Koonings","url":"https:\/\/www.koonings.com\/fr\/","logo":{"@type":"ImageObject","inLanguage":"fr-FR","@id":"https:\/\/www.koonings.com\/fr\/#\/schema\/logo\/image\/","url":"https:\/\/www.koonings.com\/wp-content\/uploads\/2024\/07\/logo.png","contentUrl":"https:\/\/www.koonings.com\/wp-content\/uploads\/2024\/07\/logo.png","width":600,"height":428,"caption":"Koonings"},"image":{"@id":"https:\/\/www.koonings.com\/fr\/#\/schema\/logo\/image\/"},"sameAs":["https:\/\/www.facebook.com\/kooningstheweddingpalace","https:\/\/www.instagram.com\/kooningstheweddingpalace","https:\/\/www.pinterest.com\/koonings","https:\/\/www.youtube.com\/kooningstheweddingpalace"]}]}},"_links":{"self":[{"href":"https:\/\/www.koonings.com\/fr\/wp-json\/wp\/v2\/product\/94185","targetHints":{"allow":["GET"]}}],"collection":[{"href":"https:\/\/www.koonings.com\/fr\/wp-json\/wp\/v2\/product"}],"about":[{"href":"https:\/\/www.koonings.com\/fr\/wp-json\/wp\/v2\/types\/product"}],"wp:featuredmedia":[{"embeddable":true,"href":"https:\/\/www.koonings.com\/fr\/wp-json\/wp\/v2\/media\/88589"}],"wp:attachment":[{"href":"https:\/\/www.koonings.com\/fr\/wp-json\/wp\/v2\/media?parent=94185"}],"wp:term":[{"taxonomy":"productdetails","embeddable":true,"href":"https:\/\/www.koonings.com\/fr\/wp-json\/wp\/v2\/productdetails?post=94185"},{"taxonomy":"productneck","embeddable":true,"href":"https:\/\/www.koonings.com\/fr\/wp-json\/wp\/v2\/productneck?post=94185"},{"taxonomy":"productcolor","embeddable":true,"href":"https:\/\/www.koonings.com\/fr\/wp-json\/wp\/v2\/productcolor?post=94185"},{"taxonomy":"maat","embeddable":true,"href":"https:\/\/www.koonings.com\/fr\/wp-json\/wp\/v2\/maat?post=94185"},{"taxonomy":"productsupplier","embeddable":true,"href":"https:\/\/www.koonings.com\/fr\/wp-json\/wp\/v2\/productsupplier?post=94185"},{"taxonomy":"productsleeve","embeddable":true,"href":"https:\/\/www.koonings.com\/fr\/wp-json\/wp\/v2\/productsleeve?post=94185"},{"taxonomy":"productcategory","embeddable":true,"href":"https:\/\/www.koonings.com\/fr\/wp-json\/wp\/v2\/productcategory?post=94185"},{"taxonomy":"productsilhouette","embeddable":true,"href":"https:\/\/www.koonings.com\/fr\/wp-json\/wp\/v2\/productsilhouette?post=94185"},{"taxonomy":"productstyle","embeddable":true,"href":"https:\/\/www.koonings.com\/fr\/wp-json\/wp\/v2\/productstyle?post=94185"}],"curies":[{"name":"wp","href":"https:\/\/api.w.org\/{rel}","templated":true}]}}