{"id":94184,"date":"2026-04-14T16:34:46","date_gmt":"2026-04-14T14:34:46","guid":{"rendered":"https:\/\/www.koonings.com\/product\/poirier-c-75101-cape-gem-armelle-150cm\/"},"modified":"2026-04-14T15:49:26","modified_gmt":"2026-04-14T13:49:26","slug":"poirier-c-75101-cape-gem-armelle-150cm","status":"publish","type":"product","link":"https:\/\/www.koonings.com\/fr\/product\/poirier-c-75101-cape-gem-armelle-150cm\/","title":{"rendered":"Poirier C-75101 Cape | Gem | Armelle | 150cm"},"content":{"rendered":"<p>C-75101 &#8211; Cape en tulle richement d\u00e9cor\u00e9e et orn\u00e9e de paillettes, de perles et de perles.<br \/>\nCape \u00e0 col montant de la ligne Armelle de la collection GEM.<br \/>\nEn tulle ivoire.<br \/>\nOrn\u00e9e de paillettes, de perles et de perles.<br \/>\nLongueur : 150 cm.<br \/>\nFermeture au milieu du devant \u00e0 l&#8217;aide d&#8217;un bouton.<\/p>\n","protected":false},"featured_media":88697,"template":"","meta":{"_acf_changed":false,"ghostkit_customizer_options":"","ghostkit_custom_css":"","ghostkit_custom_js_head":"","ghostkit_custom_js_foot":"","ghostkit_typography":""},"productdetails":[],"productneck":[],"productcolor":[],"maat":[],"productsupplier":[416],"productsleeve":[],"productcategory":[509],"productsilhouette":[],"productstyle":[],"class_list":["post-94184","product","type-product","status-publish","has-post-thumbnail","hentry","productsupplier-poirier","productcategory-accessoires-bruid"],"acf":[],"yoast_head":"<!-- This site is optimized with the Yoast SEO plugin v27.3 - https:\/\/yoast.com\/product\/yoast-seo-wordpress\/ -->\n<title>Poirier C-75101 Cape | Gem | Armelle | 150cm | Koonings<\/title>\n<meta name=\"description\" content=\"C-75101 - Cape en tulle richement d\u00e9cor\u00e9e et orn\u00e9e de paillettes, de perles et de perles. Cape \u00e0 col montant de la ligne Armelle de la collection GEM. En tulle ivoire. Orn\u00e9e de paillettes, de perles et de perles. Longueur : 150 cm. Fermeture au milieu du devant \u00e0 l&#039;aide d&#039;un bouton.\" \/>\n<meta name=\"robots\" content=\"index, follow, max-snippet:-1, max-image-preview:large, max-video-preview:-1\" \/>\n<link rel=\"canonical\" href=\"https:\/\/www.koonings.com\/fr\/product\/poirier-c-75101-cape-gem-armelle-150cm\/\" \/>\n<meta property=\"og:locale\" content=\"fr_FR\" \/>\n<meta property=\"og:type\" content=\"article\" \/>\n<meta property=\"og:title\" content=\"Poirier C-75101 Cape | Gem | Armelle | 150cm | Koonings\" \/>\n<meta property=\"og:description\" content=\"C-75101 - Cape en tulle richement d\u00e9cor\u00e9e et orn\u00e9e de paillettes, de perles et de perles. Cape \u00e0 col montant de la ligne Armelle de la collection GEM. En tulle ivoire. Orn\u00e9e de paillettes, de perles et de perles. Longueur : 150 cm. Fermeture au milieu du devant \u00e0 l&#039;aide d&#039;un bouton.\" \/>\n<meta property=\"og:url\" content=\"https:\/\/www.koonings.com\/fr\/product\/poirier-c-75101-cape-gem-armelle-150cm\/\" \/>\n<meta property=\"og:site_name\" content=\"Koonings\" \/>\n<meta property=\"article:publisher\" content=\"https:\/\/www.facebook.com\/kooningstheweddingpalace\" \/>\n<meta property=\"og:image\" content=\"https:\/\/www.koonings.com\/wp-content\/uploads\/2025\/07\/50787_1dfd1482ad12129f07434d5775a0f1f60fff0b1e8b8dd2fbe96aad4794d7b9c404640ce6.jpeg\" \/>\n\t<meta property=\"og:image:width\" content=\"1732\" \/>\n\t<meta property=\"og:image:height\" content=\"2309\" \/>\n\t<meta property=\"og:image:type\" content=\"image\/jpeg\" \/>\n<meta name=\"twitter:card\" content=\"summary_large_image\" \/>\n<script type=\"application\/ld+json\" class=\"yoast-schema-graph\">{\"@context\":\"https:\\\/\\\/schema.org\",\"@graph\":[{\"@type\":\"WebPage\",\"@id\":\"https:\\\/\\\/www.koonings.com\\\/fr\\\/product\\\/poirier-c-75101-cape-gem-armelle-150cm\\\/\",\"url\":\"https:\\\/\\\/www.koonings.com\\\/fr\\\/product\\\/poirier-c-75101-cape-gem-armelle-150cm\\\/\",\"name\":\"Poirier C-75101 Cape | Gem | Armelle | 150cm | Koonings\",\"isPartOf\":{\"@id\":\"https:\\\/\\\/www.koonings.com\\\/fr\\\/#website\"},\"primaryImageOfPage\":{\"@id\":\"https:\\\/\\\/www.koonings.com\\\/fr\\\/product\\\/poirier-c-75101-cape-gem-armelle-150cm\\\/#primaryimage\"},\"image\":{\"@id\":\"https:\\\/\\\/www.koonings.com\\\/fr\\\/product\\\/poirier-c-75101-cape-gem-armelle-150cm\\\/#primaryimage\"},\"thumbnailUrl\":\"https:\\\/\\\/www.koonings.com\\\/wp-content\\\/uploads\\\/2025\\\/07\\\/50787_1dfd1482ad12129f07434d5775a0f1f60fff0b1e8b8dd2fbe96aad4794d7b9c404640ce6.jpeg\",\"datePublished\":\"2026-04-14T14:34:46+00:00\",\"description\":\"C-75101 - Cape en tulle richement d\u00e9cor\u00e9e et orn\u00e9e de paillettes, de perles et de perles. Cape \u00e0 col montant de la ligne Armelle de la collection GEM. En tulle ivoire. Orn\u00e9e de paillettes, de perles et de perles. Longueur : 150 cm. Fermeture au milieu du devant \u00e0 l'aide d'un bouton.\",\"breadcrumb\":{\"@id\":\"https:\\\/\\\/www.koonings.com\\\/fr\\\/product\\\/poirier-c-75101-cape-gem-armelle-150cm\\\/#breadcrumb\"},\"inLanguage\":\"fr-FR\",\"potentialAction\":[{\"@type\":\"ReadAction\",\"target\":[\"https:\\\/\\\/www.koonings.com\\\/fr\\\/product\\\/poirier-c-75101-cape-gem-armelle-150cm\\\/\"]}]},{\"@type\":\"ImageObject\",\"inLanguage\":\"fr-FR\",\"@id\":\"https:\\\/\\\/www.koonings.com\\\/fr\\\/product\\\/poirier-c-75101-cape-gem-armelle-150cm\\\/#primaryimage\",\"url\":\"https:\\\/\\\/www.koonings.com\\\/wp-content\\\/uploads\\\/2025\\\/07\\\/50787_1dfd1482ad12129f07434d5775a0f1f60fff0b1e8b8dd2fbe96aad4794d7b9c404640ce6.jpeg\",\"contentUrl\":\"https:\\\/\\\/www.koonings.com\\\/wp-content\\\/uploads\\\/2025\\\/07\\\/50787_1dfd1482ad12129f07434d5775a0f1f60fff0b1e8b8dd2fbe96aad4794d7b9c404640ce6.jpeg\",\"width\":1732,\"height\":2309},{\"@type\":\"BreadcrumbList\",\"@id\":\"https:\\\/\\\/www.koonings.com\\\/fr\\\/product\\\/poirier-c-75101-cape-gem-armelle-150cm\\\/#breadcrumb\",\"itemListElement\":[{\"@type\":\"ListItem\",\"position\":1,\"name\":\"Home\",\"item\":\"https:\\\/\\\/www.koonings.com\\\/fr\\\/\"},{\"@type\":\"ListItem\",\"position\":2,\"name\":\"Poirier C-75101 Cape | Gem | Armelle | 150cm\"}]},{\"@type\":\"WebSite\",\"@id\":\"https:\\\/\\\/www.koonings.com\\\/fr\\\/#website\",\"url\":\"https:\\\/\\\/www.koonings.com\\\/fr\\\/\",\"name\":\"Koonings\",\"description\":\"De grootste bruidsmodewinkel ter wereld\",\"publisher\":{\"@id\":\"https:\\\/\\\/www.koonings.com\\\/fr\\\/#organization\"},\"potentialAction\":[{\"@type\":\"SearchAction\",\"target\":{\"@type\":\"EntryPoint\",\"urlTemplate\":\"https:\\\/\\\/www.koonings.com\\\/fr\\\/?s={search_term_string}\"},\"query-input\":{\"@type\":\"PropertyValueSpecification\",\"valueRequired\":true,\"valueName\":\"search_term_string\"}}],\"inLanguage\":\"fr-FR\"},{\"@type\":\"Organization\",\"@id\":\"https:\\\/\\\/www.koonings.com\\\/fr\\\/#organization\",\"name\":\"Koonings\",\"url\":\"https:\\\/\\\/www.koonings.com\\\/fr\\\/\",\"logo\":{\"@type\":\"ImageObject\",\"inLanguage\":\"fr-FR\",\"@id\":\"https:\\\/\\\/www.koonings.com\\\/fr\\\/#\\\/schema\\\/logo\\\/image\\\/\",\"url\":\"https:\\\/\\\/www.koonings.com\\\/wp-content\\\/uploads\\\/2024\\\/07\\\/logo.png\",\"contentUrl\":\"https:\\\/\\\/www.koonings.com\\\/wp-content\\\/uploads\\\/2024\\\/07\\\/logo.png\",\"width\":600,\"height\":428,\"caption\":\"Koonings\"},\"image\":{\"@id\":\"https:\\\/\\\/www.koonings.com\\\/fr\\\/#\\\/schema\\\/logo\\\/image\\\/\"},\"sameAs\":[\"https:\\\/\\\/www.facebook.com\\\/kooningstheweddingpalace\",\"https:\\\/\\\/www.instagram.com\\\/kooningstheweddingpalace\",\"https:\\\/\\\/www.pinterest.com\\\/koonings\",\"https:\\\/\\\/www.youtube.com\\\/kooningstheweddingpalace\"]}]}<\/script>\n<!-- \/ Yoast SEO plugin. -->","yoast_head_json":{"title":"Poirier C-75101 Cape | Gem | Armelle | 150cm | Koonings","description":"C-75101 - Cape en tulle richement d\u00e9cor\u00e9e et orn\u00e9e de paillettes, de perles et de perles. Cape \u00e0 col montant de la ligne Armelle de la collection GEM. En tulle ivoire. Orn\u00e9e de paillettes, de perles et de perles. Longueur : 150 cm. Fermeture au milieu du devant \u00e0 l'aide d'un bouton.","robots":{"index":"index","follow":"follow","max-snippet":"max-snippet:-1","max-image-preview":"max-image-preview:large","max-video-preview":"max-video-preview:-1"},"canonical":"https:\/\/www.koonings.com\/fr\/product\/poirier-c-75101-cape-gem-armelle-150cm\/","og_locale":"fr_FR","og_type":"article","og_title":"Poirier C-75101 Cape | Gem | Armelle | 150cm | Koonings","og_description":"C-75101 - Cape en tulle richement d\u00e9cor\u00e9e et orn\u00e9e de paillettes, de perles et de perles. Cape \u00e0 col montant de la ligne Armelle de la collection GEM. En tulle ivoire. Orn\u00e9e de paillettes, de perles et de perles. Longueur : 150 cm. Fermeture au milieu du devant \u00e0 l'aide d'un bouton.","og_url":"https:\/\/www.koonings.com\/fr\/product\/poirier-c-75101-cape-gem-armelle-150cm\/","og_site_name":"Koonings","article_publisher":"https:\/\/www.facebook.com\/kooningstheweddingpalace","og_image":[{"width":1732,"height":2309,"url":"https:\/\/www.koonings.com\/wp-content\/uploads\/2025\/07\/50787_1dfd1482ad12129f07434d5775a0f1f60fff0b1e8b8dd2fbe96aad4794d7b9c404640ce6.jpeg","type":"image\/jpeg"}],"twitter_card":"summary_large_image","schema":{"@context":"https:\/\/schema.org","@graph":[{"@type":"WebPage","@id":"https:\/\/www.koonings.com\/fr\/product\/poirier-c-75101-cape-gem-armelle-150cm\/","url":"https:\/\/www.koonings.com\/fr\/product\/poirier-c-75101-cape-gem-armelle-150cm\/","name":"Poirier C-75101 Cape | Gem | Armelle | 150cm | Koonings","isPartOf":{"@id":"https:\/\/www.koonings.com\/fr\/#website"},"primaryImageOfPage":{"@id":"https:\/\/www.koonings.com\/fr\/product\/poirier-c-75101-cape-gem-armelle-150cm\/#primaryimage"},"image":{"@id":"https:\/\/www.koonings.com\/fr\/product\/poirier-c-75101-cape-gem-armelle-150cm\/#primaryimage"},"thumbnailUrl":"https:\/\/www.koonings.com\/wp-content\/uploads\/2025\/07\/50787_1dfd1482ad12129f07434d5775a0f1f60fff0b1e8b8dd2fbe96aad4794d7b9c404640ce6.jpeg","datePublished":"2026-04-14T14:34:46+00:00","description":"C-75101 - Cape en tulle richement d\u00e9cor\u00e9e et orn\u00e9e de paillettes, de perles et de perles. Cape \u00e0 col montant de la ligne Armelle de la collection GEM. En tulle ivoire. Orn\u00e9e de paillettes, de perles et de perles. Longueur : 150 cm. Fermeture au milieu du devant \u00e0 l'aide d'un bouton.","breadcrumb":{"@id":"https:\/\/www.koonings.com\/fr\/product\/poirier-c-75101-cape-gem-armelle-150cm\/#breadcrumb"},"inLanguage":"fr-FR","potentialAction":[{"@type":"ReadAction","target":["https:\/\/www.koonings.com\/fr\/product\/poirier-c-75101-cape-gem-armelle-150cm\/"]}]},{"@type":"ImageObject","inLanguage":"fr-FR","@id":"https:\/\/www.koonings.com\/fr\/product\/poirier-c-75101-cape-gem-armelle-150cm\/#primaryimage","url":"https:\/\/www.koonings.com\/wp-content\/uploads\/2025\/07\/50787_1dfd1482ad12129f07434d5775a0f1f60fff0b1e8b8dd2fbe96aad4794d7b9c404640ce6.jpeg","contentUrl":"https:\/\/www.koonings.com\/wp-content\/uploads\/2025\/07\/50787_1dfd1482ad12129f07434d5775a0f1f60fff0b1e8b8dd2fbe96aad4794d7b9c404640ce6.jpeg","width":1732,"height":2309},{"@type":"BreadcrumbList","@id":"https:\/\/www.koonings.com\/fr\/product\/poirier-c-75101-cape-gem-armelle-150cm\/#breadcrumb","itemListElement":[{"@type":"ListItem","position":1,"name":"Home","item":"https:\/\/www.koonings.com\/fr\/"},{"@type":"ListItem","position":2,"name":"Poirier C-75101 Cape | Gem | Armelle | 150cm"}]},{"@type":"WebSite","@id":"https:\/\/www.koonings.com\/fr\/#website","url":"https:\/\/www.koonings.com\/fr\/","name":"Koonings","description":"De grootste bruidsmodewinkel ter wereld","publisher":{"@id":"https:\/\/www.koonings.com\/fr\/#organization"},"potentialAction":[{"@type":"SearchAction","target":{"@type":"EntryPoint","urlTemplate":"https:\/\/www.koonings.com\/fr\/?s={search_term_string}"},"query-input":{"@type":"PropertyValueSpecification","valueRequired":true,"valueName":"search_term_string"}}],"inLanguage":"fr-FR"},{"@type":"Organization","@id":"https:\/\/www.koonings.com\/fr\/#organization","name":"Koonings","url":"https:\/\/www.koonings.com\/fr\/","logo":{"@type":"ImageObject","inLanguage":"fr-FR","@id":"https:\/\/www.koonings.com\/fr\/#\/schema\/logo\/image\/","url":"https:\/\/www.koonings.com\/wp-content\/uploads\/2024\/07\/logo.png","contentUrl":"https:\/\/www.koonings.com\/wp-content\/uploads\/2024\/07\/logo.png","width":600,"height":428,"caption":"Koonings"},"image":{"@id":"https:\/\/www.koonings.com\/fr\/#\/schema\/logo\/image\/"},"sameAs":["https:\/\/www.facebook.com\/kooningstheweddingpalace","https:\/\/www.instagram.com\/kooningstheweddingpalace","https:\/\/www.pinterest.com\/koonings","https:\/\/www.youtube.com\/kooningstheweddingpalace"]}]}},"_links":{"self":[{"href":"https:\/\/www.koonings.com\/fr\/wp-json\/wp\/v2\/product\/94184","targetHints":{"allow":["GET"]}}],"collection":[{"href":"https:\/\/www.koonings.com\/fr\/wp-json\/wp\/v2\/product"}],"about":[{"href":"https:\/\/www.koonings.com\/fr\/wp-json\/wp\/v2\/types\/product"}],"wp:featuredmedia":[{"embeddable":true,"href":"https:\/\/www.koonings.com\/fr\/wp-json\/wp\/v2\/media\/88697"}],"wp:attachment":[{"href":"https:\/\/www.koonings.com\/fr\/wp-json\/wp\/v2\/media?parent=94184"}],"wp:term":[{"taxonomy":"productdetails","embeddable":true,"href":"https:\/\/www.koonings.com\/fr\/wp-json\/wp\/v2\/productdetails?post=94184"},{"taxonomy":"productneck","embeddable":true,"href":"https:\/\/www.koonings.com\/fr\/wp-json\/wp\/v2\/productneck?post=94184"},{"taxonomy":"productcolor","embeddable":true,"href":"https:\/\/www.koonings.com\/fr\/wp-json\/wp\/v2\/productcolor?post=94184"},{"taxonomy":"maat","embeddable":true,"href":"https:\/\/www.koonings.com\/fr\/wp-json\/wp\/v2\/maat?post=94184"},{"taxonomy":"productsupplier","embeddable":true,"href":"https:\/\/www.koonings.com\/fr\/wp-json\/wp\/v2\/productsupplier?post=94184"},{"taxonomy":"productsleeve","embeddable":true,"href":"https:\/\/www.koonings.com\/fr\/wp-json\/wp\/v2\/productsleeve?post=94184"},{"taxonomy":"productcategory","embeddable":true,"href":"https:\/\/www.koonings.com\/fr\/wp-json\/wp\/v2\/productcategory?post=94184"},{"taxonomy":"productsilhouette","embeddable":true,"href":"https:\/\/www.koonings.com\/fr\/wp-json\/wp\/v2\/productsilhouette?post=94184"},{"taxonomy":"productstyle","embeddable":true,"href":"https:\/\/www.koonings.com\/fr\/wp-json\/wp\/v2\/productstyle?post=94184"}],"curies":[{"name":"wp","href":"https:\/\/api.w.org\/{rel}","templated":true}]}}