{"id":94155,"date":"2026-05-06T15:34:36","date_gmt":"2026-05-06T13:34:36","guid":{"rendered":"https:\/\/www.koonings.com\/product\/poirier-18-300-torselet-sans-couturepure-love\/"},"modified":"2026-04-14T15:43:45","modified_gmt":"2026-04-14T13:43:45","slug":"poirier-18-300-torselet-sans-couturepure-love","status":"publish","type":"product","link":"https:\/\/www.koonings.com\/fr\/product\/poirier-18-300-torselet-sans-couturepure-love\/","title":{"rendered":"Poirier 18 300 Torselet | sans couture|Pure Love"},"content":{"rendered":"<p>Torselet sans bretelles et sans coutures avec des qualit\u00e9s galbantes jusqu&#8217;aux hanches | Collection Pure Love<br \/>\nTorselet de la Collection Pure Love de Poirier<br \/>\nSans bretelles<br \/>\nDos profond et d\u00e9collet\u00e9 profond<br \/>\nBonnets souples et pr\u00e9form\u00e9s<br \/>\nA des propri\u00e9t\u00e9s galbantes<br \/>\nSans coutures, donc invisible sous votre robe de mari\u00e9e<br \/>\nDisponible en ivoire, blush et nude<br \/>\nPeut \u00eatre combin\u00e9 avec d&#8217;autres articles de lingerie Poirier<br \/>\nChoisissez les magnifiques articles de lingerie Poirier pour donner \u00e0 votre tenue de mari\u00e9e le look ultime<br \/>\nAvec quels articles de lingerie Poirier puis-je combiner ce torselet ?<br \/>\nVous pouvez combiner le torselet 18 300 avec les autres articles de lingerie Poirier suivants :<\/p>\n<p>Slip 18 915, disponible en couleurs ivoire, blush et nude<br \/>\nHipster 18 920, disponible en couleurs ivoire, blush et nude<br \/>\nString 18 910, disponible en couleurs ivoire, blush et nude<\/p>\n","protected":false},"featured_media":87674,"template":"","meta":{"_acf_changed":false,"ghostkit_customizer_options":"","ghostkit_custom_css":"","ghostkit_custom_js_head":"","ghostkit_custom_js_foot":"","ghostkit_typography":""},"productdetails":[],"productneck":[],"productcolor":[],"maat":[],"productsupplier":[416],"productsleeve":[],"productcategory":[417],"productsilhouette":[],"productstyle":[],"class_list":["post-94155","product","type-product","status-publish","has-post-thumbnail","hentry","productsupplier-poirier","productcategory-lingerie"],"acf":[],"yoast_head":"<!-- This site is optimized with the Yoast SEO plugin v27.3 - https:\/\/yoast.com\/product\/yoast-seo-wordpress\/ -->\n<title>Poirier 18 300 Torselet | sans couture|Pure Love | Koonings<\/title>\n<meta name=\"description\" content=\"Torselet sans bretelles et sans coutures avec des qualit\u00e9s galbantes jusqu&#039;aux hanches | Collection Pure Love Torselet de la Collection Pure Love de Poirier Sans bretelles Dos profond et d\u00e9collet\u00e9 profond Bonnets souples et pr\u00e9form\u00e9s A des propri\u00e9t\u00e9s galbantes Sans coutures, donc invisible sous votre robe de mari\u00e9e Disponible en ivoire, blush et nude Peut \u00eatre combin\u00e9 avec d&#039;autres articles de lingerie Poirier Choisissez les magnifiques articles de lingerie Poirier pour donner \u00e0 votre tenue de mari\u00e9e le look ultime Avec quels articles de lingerie Poirier puis-je combiner ce torselet ? Vous pouvez combiner le torselet 18 300 avec les autres articles de lingerie Poirier suivants : Slip 18 915, disponible en couleurs ivoire, blush et nude Hipster 18 920, disponible en couleurs ivoire, blush et nude String 18 910, disponible en couleurs ivoire, blush et nude\" \/>\n<meta name=\"robots\" content=\"index, follow, max-snippet:-1, max-image-preview:large, max-video-preview:-1\" \/>\n<link rel=\"canonical\" href=\"https:\/\/www.koonings.com\/fr\/product\/poirier-18-300-torselet-sans-couturepure-love\/\" \/>\n<meta property=\"og:locale\" content=\"fr_FR\" \/>\n<meta property=\"og:type\" content=\"article\" \/>\n<meta property=\"og:title\" content=\"Poirier 18 300 Torselet | sans couture|Pure Love | Koonings\" \/>\n<meta property=\"og:description\" content=\"Torselet sans bretelles et sans coutures avec des qualit\u00e9s galbantes jusqu&#039;aux hanches | Collection Pure Love Torselet de la Collection Pure Love de Poirier Sans bretelles Dos profond et d\u00e9collet\u00e9 profond Bonnets souples et pr\u00e9form\u00e9s A des propri\u00e9t\u00e9s galbantes Sans coutures, donc invisible sous votre robe de mari\u00e9e Disponible en ivoire, blush et nude Peut \u00eatre combin\u00e9 avec d&#039;autres articles de lingerie Poirier Choisissez les magnifiques articles de lingerie Poirier pour donner \u00e0 votre tenue de mari\u00e9e le look ultime Avec quels articles de lingerie Poirier puis-je combiner ce torselet ? Vous pouvez combiner le torselet 18 300 avec les autres articles de lingerie Poirier suivants : Slip 18 915, disponible en couleurs ivoire, blush et nude Hipster 18 920, disponible en couleurs ivoire, blush et nude String 18 910, disponible en couleurs ivoire, blush et nude\" \/>\n<meta property=\"og:url\" content=\"https:\/\/www.koonings.com\/fr\/product\/poirier-18-300-torselet-sans-couturepure-love\/\" \/>\n<meta property=\"og:site_name\" content=\"Koonings\" \/>\n<meta property=\"article:publisher\" content=\"https:\/\/www.facebook.com\/kooningstheweddingpalace\" \/>\n<meta property=\"og:image\" content=\"https:\/\/www.koonings.com\/wp-content\/uploads\/2025\/07\/50923_752f7a2351a9e50c1bff583970e59aa8ad0e12d703c6837ecba8481899db93f1f68d88e8.jpeg\" \/>\n\t<meta property=\"og:image:width\" content=\"1199\" \/>\n\t<meta property=\"og:image:height\" content=\"1600\" \/>\n\t<meta property=\"og:image:type\" content=\"image\/jpeg\" \/>\n<meta name=\"twitter:card\" content=\"summary_large_image\" \/>\n<meta name=\"twitter:label1\" content=\"Dur\u00e9e de lecture estim\u00e9e\" \/>\n\t<meta name=\"twitter:data1\" content=\"1 minute\" \/>\n<script type=\"application\/ld+json\" class=\"yoast-schema-graph\">{\"@context\":\"https:\\\/\\\/schema.org\",\"@graph\":[{\"@type\":\"WebPage\",\"@id\":\"https:\\\/\\\/www.koonings.com\\\/fr\\\/product\\\/poirier-18-300-torselet-sans-couturepure-love\\\/\",\"url\":\"https:\\\/\\\/www.koonings.com\\\/fr\\\/product\\\/poirier-18-300-torselet-sans-couturepure-love\\\/\",\"name\":\"Poirier 18 300 Torselet | sans couture|Pure Love | Koonings\",\"isPartOf\":{\"@id\":\"https:\\\/\\\/www.koonings.com\\\/fr\\\/#website\"},\"primaryImageOfPage\":{\"@id\":\"https:\\\/\\\/www.koonings.com\\\/fr\\\/product\\\/poirier-18-300-torselet-sans-couturepure-love\\\/#primaryimage\"},\"image\":{\"@id\":\"https:\\\/\\\/www.koonings.com\\\/fr\\\/product\\\/poirier-18-300-torselet-sans-couturepure-love\\\/#primaryimage\"},\"thumbnailUrl\":\"https:\\\/\\\/www.koonings.com\\\/wp-content\\\/uploads\\\/2025\\\/07\\\/50923_752f7a2351a9e50c1bff583970e59aa8ad0e12d703c6837ecba8481899db93f1f68d88e8.jpeg\",\"datePublished\":\"2026-05-06T13:34:36+00:00\",\"description\":\"Torselet sans bretelles et sans coutures avec des qualit\u00e9s galbantes jusqu'aux hanches | Collection Pure Love Torselet de la Collection Pure Love de Poirier Sans bretelles Dos profond et d\u00e9collet\u00e9 profond Bonnets souples et pr\u00e9form\u00e9s A des propri\u00e9t\u00e9s galbantes Sans coutures, donc invisible sous votre robe de mari\u00e9e Disponible en ivoire, blush et nude Peut \u00eatre combin\u00e9 avec d'autres articles de lingerie Poirier Choisissez les magnifiques articles de lingerie Poirier pour donner \u00e0 votre tenue de mari\u00e9e le look ultime Avec quels articles de lingerie Poirier puis-je combiner ce torselet ? Vous pouvez combiner le torselet 18 300 avec les autres articles de lingerie Poirier suivants : Slip 18 915, disponible en couleurs ivoire, blush et nude Hipster 18 920, disponible en couleurs ivoire, blush et nude String 18 910, disponible en couleurs ivoire, blush et nude\",\"breadcrumb\":{\"@id\":\"https:\\\/\\\/www.koonings.com\\\/fr\\\/product\\\/poirier-18-300-torselet-sans-couturepure-love\\\/#breadcrumb\"},\"inLanguage\":\"fr-FR\",\"potentialAction\":[{\"@type\":\"ReadAction\",\"target\":[\"https:\\\/\\\/www.koonings.com\\\/fr\\\/product\\\/poirier-18-300-torselet-sans-couturepure-love\\\/\"]}]},{\"@type\":\"ImageObject\",\"inLanguage\":\"fr-FR\",\"@id\":\"https:\\\/\\\/www.koonings.com\\\/fr\\\/product\\\/poirier-18-300-torselet-sans-couturepure-love\\\/#primaryimage\",\"url\":\"https:\\\/\\\/www.koonings.com\\\/wp-content\\\/uploads\\\/2025\\\/07\\\/50923_752f7a2351a9e50c1bff583970e59aa8ad0e12d703c6837ecba8481899db93f1f68d88e8.jpeg\",\"contentUrl\":\"https:\\\/\\\/www.koonings.com\\\/wp-content\\\/uploads\\\/2025\\\/07\\\/50923_752f7a2351a9e50c1bff583970e59aa8ad0e12d703c6837ecba8481899db93f1f68d88e8.jpeg\",\"width\":1199,\"height\":1600},{\"@type\":\"BreadcrumbList\",\"@id\":\"https:\\\/\\\/www.koonings.com\\\/fr\\\/product\\\/poirier-18-300-torselet-sans-couturepure-love\\\/#breadcrumb\",\"itemListElement\":[{\"@type\":\"ListItem\",\"position\":1,\"name\":\"Home\",\"item\":\"https:\\\/\\\/www.koonings.com\\\/fr\\\/\"},{\"@type\":\"ListItem\",\"position\":2,\"name\":\"Poirier 18 300 Torselet | sans couture|Pure Love\"}]},{\"@type\":\"WebSite\",\"@id\":\"https:\\\/\\\/www.koonings.com\\\/fr\\\/#website\",\"url\":\"https:\\\/\\\/www.koonings.com\\\/fr\\\/\",\"name\":\"Koonings\",\"description\":\"De grootste bruidsmodewinkel ter wereld\",\"publisher\":{\"@id\":\"https:\\\/\\\/www.koonings.com\\\/fr\\\/#organization\"},\"potentialAction\":[{\"@type\":\"SearchAction\",\"target\":{\"@type\":\"EntryPoint\",\"urlTemplate\":\"https:\\\/\\\/www.koonings.com\\\/fr\\\/?s={search_term_string}\"},\"query-input\":{\"@type\":\"PropertyValueSpecification\",\"valueRequired\":true,\"valueName\":\"search_term_string\"}}],\"inLanguage\":\"fr-FR\"},{\"@type\":\"Organization\",\"@id\":\"https:\\\/\\\/www.koonings.com\\\/fr\\\/#organization\",\"name\":\"Koonings\",\"url\":\"https:\\\/\\\/www.koonings.com\\\/fr\\\/\",\"logo\":{\"@type\":\"ImageObject\",\"inLanguage\":\"fr-FR\",\"@id\":\"https:\\\/\\\/www.koonings.com\\\/fr\\\/#\\\/schema\\\/logo\\\/image\\\/\",\"url\":\"https:\\\/\\\/www.koonings.com\\\/wp-content\\\/uploads\\\/2024\\\/07\\\/logo.png\",\"contentUrl\":\"https:\\\/\\\/www.koonings.com\\\/wp-content\\\/uploads\\\/2024\\\/07\\\/logo.png\",\"width\":600,\"height\":428,\"caption\":\"Koonings\"},\"image\":{\"@id\":\"https:\\\/\\\/www.koonings.com\\\/fr\\\/#\\\/schema\\\/logo\\\/image\\\/\"},\"sameAs\":[\"https:\\\/\\\/www.facebook.com\\\/kooningstheweddingpalace\",\"https:\\\/\\\/www.instagram.com\\\/kooningstheweddingpalace\",\"https:\\\/\\\/www.pinterest.com\\\/koonings\",\"https:\\\/\\\/www.youtube.com\\\/kooningstheweddingpalace\"]}]}<\/script>\n<!-- \/ Yoast SEO plugin. -->","yoast_head_json":{"title":"Poirier 18 300 Torselet | sans couture|Pure Love | Koonings","description":"Torselet sans bretelles et sans coutures avec des qualit\u00e9s galbantes jusqu'aux hanches | Collection Pure Love Torselet de la Collection Pure Love de Poirier Sans bretelles Dos profond et d\u00e9collet\u00e9 profond Bonnets souples et pr\u00e9form\u00e9s A des propri\u00e9t\u00e9s galbantes Sans coutures, donc invisible sous votre robe de mari\u00e9e Disponible en ivoire, blush et nude Peut \u00eatre combin\u00e9 avec d'autres articles de lingerie Poirier Choisissez les magnifiques articles de lingerie Poirier pour donner \u00e0 votre tenue de mari\u00e9e le look ultime Avec quels articles de lingerie Poirier puis-je combiner ce torselet ? Vous pouvez combiner le torselet 18 300 avec les autres articles de lingerie Poirier suivants : Slip 18 915, disponible en couleurs ivoire, blush et nude Hipster 18 920, disponible en couleurs ivoire, blush et nude String 18 910, disponible en couleurs ivoire, blush et nude","robots":{"index":"index","follow":"follow","max-snippet":"max-snippet:-1","max-image-preview":"max-image-preview:large","max-video-preview":"max-video-preview:-1"},"canonical":"https:\/\/www.koonings.com\/fr\/product\/poirier-18-300-torselet-sans-couturepure-love\/","og_locale":"fr_FR","og_type":"article","og_title":"Poirier 18 300 Torselet | sans couture|Pure Love | Koonings","og_description":"Torselet sans bretelles et sans coutures avec des qualit\u00e9s galbantes jusqu'aux hanches | Collection Pure Love Torselet de la Collection Pure Love de Poirier Sans bretelles Dos profond et d\u00e9collet\u00e9 profond Bonnets souples et pr\u00e9form\u00e9s A des propri\u00e9t\u00e9s galbantes Sans coutures, donc invisible sous votre robe de mari\u00e9e Disponible en ivoire, blush et nude Peut \u00eatre combin\u00e9 avec d'autres articles de lingerie Poirier Choisissez les magnifiques articles de lingerie Poirier pour donner \u00e0 votre tenue de mari\u00e9e le look ultime Avec quels articles de lingerie Poirier puis-je combiner ce torselet ? Vous pouvez combiner le torselet 18 300 avec les autres articles de lingerie Poirier suivants : Slip 18 915, disponible en couleurs ivoire, blush et nude Hipster 18 920, disponible en couleurs ivoire, blush et nude String 18 910, disponible en couleurs ivoire, blush et nude","og_url":"https:\/\/www.koonings.com\/fr\/product\/poirier-18-300-torselet-sans-couturepure-love\/","og_site_name":"Koonings","article_publisher":"https:\/\/www.facebook.com\/kooningstheweddingpalace","og_image":[{"width":1199,"height":1600,"url":"https:\/\/www.koonings.com\/wp-content\/uploads\/2025\/07\/50923_752f7a2351a9e50c1bff583970e59aa8ad0e12d703c6837ecba8481899db93f1f68d88e8.jpeg","type":"image\/jpeg"}],"twitter_card":"summary_large_image","twitter_misc":{"Dur\u00e9e de lecture estim\u00e9e":"1 minute"},"schema":{"@context":"https:\/\/schema.org","@graph":[{"@type":"WebPage","@id":"https:\/\/www.koonings.com\/fr\/product\/poirier-18-300-torselet-sans-couturepure-love\/","url":"https:\/\/www.koonings.com\/fr\/product\/poirier-18-300-torselet-sans-couturepure-love\/","name":"Poirier 18 300 Torselet | sans couture|Pure Love | Koonings","isPartOf":{"@id":"https:\/\/www.koonings.com\/fr\/#website"},"primaryImageOfPage":{"@id":"https:\/\/www.koonings.com\/fr\/product\/poirier-18-300-torselet-sans-couturepure-love\/#primaryimage"},"image":{"@id":"https:\/\/www.koonings.com\/fr\/product\/poirier-18-300-torselet-sans-couturepure-love\/#primaryimage"},"thumbnailUrl":"https:\/\/www.koonings.com\/wp-content\/uploads\/2025\/07\/50923_752f7a2351a9e50c1bff583970e59aa8ad0e12d703c6837ecba8481899db93f1f68d88e8.jpeg","datePublished":"2026-05-06T13:34:36+00:00","description":"Torselet sans bretelles et sans coutures avec des qualit\u00e9s galbantes jusqu'aux hanches | Collection Pure Love Torselet de la Collection Pure Love de Poirier Sans bretelles Dos profond et d\u00e9collet\u00e9 profond Bonnets souples et pr\u00e9form\u00e9s A des propri\u00e9t\u00e9s galbantes Sans coutures, donc invisible sous votre robe de mari\u00e9e Disponible en ivoire, blush et nude Peut \u00eatre combin\u00e9 avec d'autres articles de lingerie Poirier Choisissez les magnifiques articles de lingerie Poirier pour donner \u00e0 votre tenue de mari\u00e9e le look ultime Avec quels articles de lingerie Poirier puis-je combiner ce torselet ? Vous pouvez combiner le torselet 18 300 avec les autres articles de lingerie Poirier suivants : Slip 18 915, disponible en couleurs ivoire, blush et nude Hipster 18 920, disponible en couleurs ivoire, blush et nude String 18 910, disponible en couleurs ivoire, blush et nude","breadcrumb":{"@id":"https:\/\/www.koonings.com\/fr\/product\/poirier-18-300-torselet-sans-couturepure-love\/#breadcrumb"},"inLanguage":"fr-FR","potentialAction":[{"@type":"ReadAction","target":["https:\/\/www.koonings.com\/fr\/product\/poirier-18-300-torselet-sans-couturepure-love\/"]}]},{"@type":"ImageObject","inLanguage":"fr-FR","@id":"https:\/\/www.koonings.com\/fr\/product\/poirier-18-300-torselet-sans-couturepure-love\/#primaryimage","url":"https:\/\/www.koonings.com\/wp-content\/uploads\/2025\/07\/50923_752f7a2351a9e50c1bff583970e59aa8ad0e12d703c6837ecba8481899db93f1f68d88e8.jpeg","contentUrl":"https:\/\/www.koonings.com\/wp-content\/uploads\/2025\/07\/50923_752f7a2351a9e50c1bff583970e59aa8ad0e12d703c6837ecba8481899db93f1f68d88e8.jpeg","width":1199,"height":1600},{"@type":"BreadcrumbList","@id":"https:\/\/www.koonings.com\/fr\/product\/poirier-18-300-torselet-sans-couturepure-love\/#breadcrumb","itemListElement":[{"@type":"ListItem","position":1,"name":"Home","item":"https:\/\/www.koonings.com\/fr\/"},{"@type":"ListItem","position":2,"name":"Poirier 18 300 Torselet | sans couture|Pure Love"}]},{"@type":"WebSite","@id":"https:\/\/www.koonings.com\/fr\/#website","url":"https:\/\/www.koonings.com\/fr\/","name":"Koonings","description":"De grootste bruidsmodewinkel ter wereld","publisher":{"@id":"https:\/\/www.koonings.com\/fr\/#organization"},"potentialAction":[{"@type":"SearchAction","target":{"@type":"EntryPoint","urlTemplate":"https:\/\/www.koonings.com\/fr\/?s={search_term_string}"},"query-input":{"@type":"PropertyValueSpecification","valueRequired":true,"valueName":"search_term_string"}}],"inLanguage":"fr-FR"},{"@type":"Organization","@id":"https:\/\/www.koonings.com\/fr\/#organization","name":"Koonings","url":"https:\/\/www.koonings.com\/fr\/","logo":{"@type":"ImageObject","inLanguage":"fr-FR","@id":"https:\/\/www.koonings.com\/fr\/#\/schema\/logo\/image\/","url":"https:\/\/www.koonings.com\/wp-content\/uploads\/2024\/07\/logo.png","contentUrl":"https:\/\/www.koonings.com\/wp-content\/uploads\/2024\/07\/logo.png","width":600,"height":428,"caption":"Koonings"},"image":{"@id":"https:\/\/www.koonings.com\/fr\/#\/schema\/logo\/image\/"},"sameAs":["https:\/\/www.facebook.com\/kooningstheweddingpalace","https:\/\/www.instagram.com\/kooningstheweddingpalace","https:\/\/www.pinterest.com\/koonings","https:\/\/www.youtube.com\/kooningstheweddingpalace"]}]}},"_links":{"self":[{"href":"https:\/\/www.koonings.com\/fr\/wp-json\/wp\/v2\/product\/94155","targetHints":{"allow":["GET"]}}],"collection":[{"href":"https:\/\/www.koonings.com\/fr\/wp-json\/wp\/v2\/product"}],"about":[{"href":"https:\/\/www.koonings.com\/fr\/wp-json\/wp\/v2\/types\/product"}],"wp:featuredmedia":[{"embeddable":true,"href":"https:\/\/www.koonings.com\/fr\/wp-json\/wp\/v2\/media\/87674"}],"wp:attachment":[{"href":"https:\/\/www.koonings.com\/fr\/wp-json\/wp\/v2\/media?parent=94155"}],"wp:term":[{"taxonomy":"productdetails","embeddable":true,"href":"https:\/\/www.koonings.com\/fr\/wp-json\/wp\/v2\/productdetails?post=94155"},{"taxonomy":"productneck","embeddable":true,"href":"https:\/\/www.koonings.com\/fr\/wp-json\/wp\/v2\/productneck?post=94155"},{"taxonomy":"productcolor","embeddable":true,"href":"https:\/\/www.koonings.com\/fr\/wp-json\/wp\/v2\/productcolor?post=94155"},{"taxonomy":"maat","embeddable":true,"href":"https:\/\/www.koonings.com\/fr\/wp-json\/wp\/v2\/maat?post=94155"},{"taxonomy":"productsupplier","embeddable":true,"href":"https:\/\/www.koonings.com\/fr\/wp-json\/wp\/v2\/productsupplier?post=94155"},{"taxonomy":"productsleeve","embeddable":true,"href":"https:\/\/www.koonings.com\/fr\/wp-json\/wp\/v2\/productsleeve?post=94155"},{"taxonomy":"productcategory","embeddable":true,"href":"https:\/\/www.koonings.com\/fr\/wp-json\/wp\/v2\/productcategory?post=94155"},{"taxonomy":"productsilhouette","embeddable":true,"href":"https:\/\/www.koonings.com\/fr\/wp-json\/wp\/v2\/productsilhouette?post=94155"},{"taxonomy":"productstyle","embeddable":true,"href":"https:\/\/www.koonings.com\/fr\/wp-json\/wp\/v2\/productstyle?post=94155"}],"curies":[{"name":"wp","href":"https:\/\/api.w.org\/{rel}","templated":true}]}}