{"id":94109,"date":"2026-04-14T16:34:59","date_gmt":"2026-04-14T14:34:59","guid":{"rendered":"https:\/\/www.koonings.com\/product\/poirier-gl-76010-gant-perles-24cm\/"},"modified":"2026-04-14T15:45:53","modified_gmt":"2026-04-14T13:45:53","slug":"poirier-gl-76010-gant-perles-24cm","status":"publish","type":"product","link":"https:\/\/www.koonings.com\/fr\/product\/poirier-gl-76010-gant-perles-24cm\/","title":{"rendered":"Poirier GL-76010 Gant | Perles | 24cm"},"content":{"rendered":"<p>Gants en tulle souple orn\u00e9s de perles de diff\u00e9rentes tailles | Longueur : 25 cm | Disponible en plusieurs longueurs<br \/>\nGants de la collection romantique de Poirier.<br \/>\nEn tulle souple de couleur ivoire, orn\u00e9s de perles de diff\u00e9rentes tailles.<br \/>\nD\u00e9cor\u00e9s de perles de diff\u00e9rentes tailles.<br \/>\nLongueur : 25 cm.<br \/>\nDisponible en plusieurs longueurs : 40 cm (GL-76011) ET 60 cm (GL-76012).<br \/>\nChoisissez des gants pour compl\u00e9ter votre look de mari\u00e9e.<br \/>\nLes gants de Poirier ajoutent du style \u00e0 votre look de mari\u00e9e.<\/p>\n","protected":false},"featured_media":87339,"template":"","meta":{"_acf_changed":false,"ghostkit_customizer_options":"","ghostkit_custom_css":"","ghostkit_custom_js_head":"","ghostkit_custom_js_foot":"","ghostkit_typography":""},"productdetails":[],"productneck":[],"productcolor":[],"maat":[],"productsupplier":[416],"productsleeve":[],"productcategory":[509],"productsilhouette":[],"productstyle":[],"class_list":["post-94109","product","type-product","status-publish","has-post-thumbnail","hentry","productsupplier-poirier","productcategory-accessoires-bruid"],"acf":[],"yoast_head":"<!-- This site is optimized with the Yoast SEO plugin v27.3 - https:\/\/yoast.com\/product\/yoast-seo-wordpress\/ -->\n<title>Poirier GL-76010 Gant | Perles | 24cm | Koonings<\/title>\n<meta name=\"description\" content=\"Gants en tulle souple orn\u00e9s de perles de diff\u00e9rentes tailles | Longueur : 25 cm | Disponible en plusieurs longueurs Gants de la collection romantique de Poirier. En tulle souple de couleur ivoire, orn\u00e9s de perles de diff\u00e9rentes tailles. D\u00e9cor\u00e9s de perles de diff\u00e9rentes tailles. Longueur : 25 cm. Disponible en plusieurs longueurs : 40 cm (GL-76011) ET 60 cm (GL-76012). Choisissez des gants pour compl\u00e9ter votre look de mari\u00e9e. Les gants de Poirier ajoutent du style \u00e0 votre look de mari\u00e9e.\" \/>\n<meta name=\"robots\" content=\"index, follow, max-snippet:-1, max-image-preview:large, max-video-preview:-1\" \/>\n<link rel=\"canonical\" href=\"https:\/\/www.koonings.com\/fr\/product\/poirier-gl-76010-gant-perles-24cm\/\" \/>\n<meta property=\"og:locale\" content=\"fr_FR\" \/>\n<meta property=\"og:type\" content=\"article\" \/>\n<meta property=\"og:title\" content=\"Poirier GL-76010 Gant | Perles | 24cm | Koonings\" \/>\n<meta property=\"og:description\" content=\"Gants en tulle souple orn\u00e9s de perles de diff\u00e9rentes tailles | Longueur : 25 cm | Disponible en plusieurs longueurs Gants de la collection romantique de Poirier. En tulle souple de couleur ivoire, orn\u00e9s de perles de diff\u00e9rentes tailles. D\u00e9cor\u00e9s de perles de diff\u00e9rentes tailles. Longueur : 25 cm. Disponible en plusieurs longueurs : 40 cm (GL-76011) ET 60 cm (GL-76012). Choisissez des gants pour compl\u00e9ter votre look de mari\u00e9e. Les gants de Poirier ajoutent du style \u00e0 votre look de mari\u00e9e.\" \/>\n<meta property=\"og:url\" content=\"https:\/\/www.koonings.com\/fr\/product\/poirier-gl-76010-gant-perles-24cm\/\" \/>\n<meta property=\"og:site_name\" content=\"Koonings\" \/>\n<meta property=\"article:publisher\" content=\"https:\/\/www.facebook.com\/kooningstheweddingpalace\" \/>\n<meta property=\"og:image\" content=\"https:\/\/www.koonings.com\/wp-content\/uploads\/2025\/07\/50816_bc2dba65d990530bf57d832d2e102f5c1099365a2b26bba0dc28eb4c1f5fb86b092bcda7.jpeg\" \/>\n\t<meta property=\"og:image:width\" content=\"1734\" \/>\n\t<meta property=\"og:image:height\" content=\"2306\" \/>\n\t<meta property=\"og:image:type\" content=\"image\/jpeg\" \/>\n<meta name=\"twitter:card\" content=\"summary_large_image\" \/>\n<script type=\"application\/ld+json\" class=\"yoast-schema-graph\">{\"@context\":\"https:\\\/\\\/schema.org\",\"@graph\":[{\"@type\":\"WebPage\",\"@id\":\"https:\\\/\\\/www.koonings.com\\\/fr\\\/product\\\/poirier-gl-76010-gant-perles-24cm\\\/\",\"url\":\"https:\\\/\\\/www.koonings.com\\\/fr\\\/product\\\/poirier-gl-76010-gant-perles-24cm\\\/\",\"name\":\"Poirier GL-76010 Gant | Perles | 24cm | Koonings\",\"isPartOf\":{\"@id\":\"https:\\\/\\\/www.koonings.com\\\/fr\\\/#website\"},\"primaryImageOfPage\":{\"@id\":\"https:\\\/\\\/www.koonings.com\\\/fr\\\/product\\\/poirier-gl-76010-gant-perles-24cm\\\/#primaryimage\"},\"image\":{\"@id\":\"https:\\\/\\\/www.koonings.com\\\/fr\\\/product\\\/poirier-gl-76010-gant-perles-24cm\\\/#primaryimage\"},\"thumbnailUrl\":\"https:\\\/\\\/www.koonings.com\\\/wp-content\\\/uploads\\\/2025\\\/07\\\/50816_bc2dba65d990530bf57d832d2e102f5c1099365a2b26bba0dc28eb4c1f5fb86b092bcda7.jpeg\",\"datePublished\":\"2026-04-14T14:34:59+00:00\",\"description\":\"Gants en tulle souple orn\u00e9s de perles de diff\u00e9rentes tailles | Longueur : 25 cm | Disponible en plusieurs longueurs Gants de la collection romantique de Poirier. En tulle souple de couleur ivoire, orn\u00e9s de perles de diff\u00e9rentes tailles. D\u00e9cor\u00e9s de perles de diff\u00e9rentes tailles. Longueur : 25 cm. Disponible en plusieurs longueurs : 40 cm (GL-76011) ET 60 cm (GL-76012). Choisissez des gants pour compl\u00e9ter votre look de mari\u00e9e. Les gants de Poirier ajoutent du style \u00e0 votre look de mari\u00e9e.\",\"breadcrumb\":{\"@id\":\"https:\\\/\\\/www.koonings.com\\\/fr\\\/product\\\/poirier-gl-76010-gant-perles-24cm\\\/#breadcrumb\"},\"inLanguage\":\"fr-FR\",\"potentialAction\":[{\"@type\":\"ReadAction\",\"target\":[\"https:\\\/\\\/www.koonings.com\\\/fr\\\/product\\\/poirier-gl-76010-gant-perles-24cm\\\/\"]}]},{\"@type\":\"ImageObject\",\"inLanguage\":\"fr-FR\",\"@id\":\"https:\\\/\\\/www.koonings.com\\\/fr\\\/product\\\/poirier-gl-76010-gant-perles-24cm\\\/#primaryimage\",\"url\":\"https:\\\/\\\/www.koonings.com\\\/wp-content\\\/uploads\\\/2025\\\/07\\\/50816_bc2dba65d990530bf57d832d2e102f5c1099365a2b26bba0dc28eb4c1f5fb86b092bcda7.jpeg\",\"contentUrl\":\"https:\\\/\\\/www.koonings.com\\\/wp-content\\\/uploads\\\/2025\\\/07\\\/50816_bc2dba65d990530bf57d832d2e102f5c1099365a2b26bba0dc28eb4c1f5fb86b092bcda7.jpeg\",\"width\":1734,\"height\":2306},{\"@type\":\"BreadcrumbList\",\"@id\":\"https:\\\/\\\/www.koonings.com\\\/fr\\\/product\\\/poirier-gl-76010-gant-perles-24cm\\\/#breadcrumb\",\"itemListElement\":[{\"@type\":\"ListItem\",\"position\":1,\"name\":\"Home\",\"item\":\"https:\\\/\\\/www.koonings.com\\\/fr\\\/\"},{\"@type\":\"ListItem\",\"position\":2,\"name\":\"Poirier GL-76010 Gant | Perles | 24cm\"}]},{\"@type\":\"WebSite\",\"@id\":\"https:\\\/\\\/www.koonings.com\\\/fr\\\/#website\",\"url\":\"https:\\\/\\\/www.koonings.com\\\/fr\\\/\",\"name\":\"Koonings\",\"description\":\"De grootste bruidsmodewinkel ter wereld\",\"publisher\":{\"@id\":\"https:\\\/\\\/www.koonings.com\\\/fr\\\/#organization\"},\"potentialAction\":[{\"@type\":\"SearchAction\",\"target\":{\"@type\":\"EntryPoint\",\"urlTemplate\":\"https:\\\/\\\/www.koonings.com\\\/fr\\\/?s={search_term_string}\"},\"query-input\":{\"@type\":\"PropertyValueSpecification\",\"valueRequired\":true,\"valueName\":\"search_term_string\"}}],\"inLanguage\":\"fr-FR\"},{\"@type\":\"Organization\",\"@id\":\"https:\\\/\\\/www.koonings.com\\\/fr\\\/#organization\",\"name\":\"Koonings\",\"url\":\"https:\\\/\\\/www.koonings.com\\\/fr\\\/\",\"logo\":{\"@type\":\"ImageObject\",\"inLanguage\":\"fr-FR\",\"@id\":\"https:\\\/\\\/www.koonings.com\\\/fr\\\/#\\\/schema\\\/logo\\\/image\\\/\",\"url\":\"https:\\\/\\\/www.koonings.com\\\/wp-content\\\/uploads\\\/2024\\\/07\\\/logo.png\",\"contentUrl\":\"https:\\\/\\\/www.koonings.com\\\/wp-content\\\/uploads\\\/2024\\\/07\\\/logo.png\",\"width\":600,\"height\":428,\"caption\":\"Koonings\"},\"image\":{\"@id\":\"https:\\\/\\\/www.koonings.com\\\/fr\\\/#\\\/schema\\\/logo\\\/image\\\/\"},\"sameAs\":[\"https:\\\/\\\/www.facebook.com\\\/kooningstheweddingpalace\",\"https:\\\/\\\/www.instagram.com\\\/kooningstheweddingpalace\",\"https:\\\/\\\/www.pinterest.com\\\/koonings\",\"https:\\\/\\\/www.youtube.com\\\/kooningstheweddingpalace\"]}]}<\/script>\n<!-- \/ Yoast SEO plugin. -->","yoast_head_json":{"title":"Poirier GL-76010 Gant | Perles | 24cm | Koonings","description":"Gants en tulle souple orn\u00e9s de perles de diff\u00e9rentes tailles | Longueur : 25 cm | Disponible en plusieurs longueurs Gants de la collection romantique de Poirier. En tulle souple de couleur ivoire, orn\u00e9s de perles de diff\u00e9rentes tailles. D\u00e9cor\u00e9s de perles de diff\u00e9rentes tailles. Longueur : 25 cm. Disponible en plusieurs longueurs : 40 cm (GL-76011) ET 60 cm (GL-76012). Choisissez des gants pour compl\u00e9ter votre look de mari\u00e9e. Les gants de Poirier ajoutent du style \u00e0 votre look de mari\u00e9e.","robots":{"index":"index","follow":"follow","max-snippet":"max-snippet:-1","max-image-preview":"max-image-preview:large","max-video-preview":"max-video-preview:-1"},"canonical":"https:\/\/www.koonings.com\/fr\/product\/poirier-gl-76010-gant-perles-24cm\/","og_locale":"fr_FR","og_type":"article","og_title":"Poirier GL-76010 Gant | Perles | 24cm | Koonings","og_description":"Gants en tulle souple orn\u00e9s de perles de diff\u00e9rentes tailles | Longueur : 25 cm | Disponible en plusieurs longueurs Gants de la collection romantique de Poirier. En tulle souple de couleur ivoire, orn\u00e9s de perles de diff\u00e9rentes tailles. D\u00e9cor\u00e9s de perles de diff\u00e9rentes tailles. Longueur : 25 cm. Disponible en plusieurs longueurs : 40 cm (GL-76011) ET 60 cm (GL-76012). Choisissez des gants pour compl\u00e9ter votre look de mari\u00e9e. Les gants de Poirier ajoutent du style \u00e0 votre look de mari\u00e9e.","og_url":"https:\/\/www.koonings.com\/fr\/product\/poirier-gl-76010-gant-perles-24cm\/","og_site_name":"Koonings","article_publisher":"https:\/\/www.facebook.com\/kooningstheweddingpalace","og_image":[{"width":1734,"height":2306,"url":"https:\/\/www.koonings.com\/wp-content\/uploads\/2025\/07\/50816_bc2dba65d990530bf57d832d2e102f5c1099365a2b26bba0dc28eb4c1f5fb86b092bcda7.jpeg","type":"image\/jpeg"}],"twitter_card":"summary_large_image","schema":{"@context":"https:\/\/schema.org","@graph":[{"@type":"WebPage","@id":"https:\/\/www.koonings.com\/fr\/product\/poirier-gl-76010-gant-perles-24cm\/","url":"https:\/\/www.koonings.com\/fr\/product\/poirier-gl-76010-gant-perles-24cm\/","name":"Poirier GL-76010 Gant | Perles | 24cm | Koonings","isPartOf":{"@id":"https:\/\/www.koonings.com\/fr\/#website"},"primaryImageOfPage":{"@id":"https:\/\/www.koonings.com\/fr\/product\/poirier-gl-76010-gant-perles-24cm\/#primaryimage"},"image":{"@id":"https:\/\/www.koonings.com\/fr\/product\/poirier-gl-76010-gant-perles-24cm\/#primaryimage"},"thumbnailUrl":"https:\/\/www.koonings.com\/wp-content\/uploads\/2025\/07\/50816_bc2dba65d990530bf57d832d2e102f5c1099365a2b26bba0dc28eb4c1f5fb86b092bcda7.jpeg","datePublished":"2026-04-14T14:34:59+00:00","description":"Gants en tulle souple orn\u00e9s de perles de diff\u00e9rentes tailles | Longueur : 25 cm | Disponible en plusieurs longueurs Gants de la collection romantique de Poirier. En tulle souple de couleur ivoire, orn\u00e9s de perles de diff\u00e9rentes tailles. D\u00e9cor\u00e9s de perles de diff\u00e9rentes tailles. Longueur : 25 cm. Disponible en plusieurs longueurs : 40 cm (GL-76011) ET 60 cm (GL-76012). Choisissez des gants pour compl\u00e9ter votre look de mari\u00e9e. Les gants de Poirier ajoutent du style \u00e0 votre look de mari\u00e9e.","breadcrumb":{"@id":"https:\/\/www.koonings.com\/fr\/product\/poirier-gl-76010-gant-perles-24cm\/#breadcrumb"},"inLanguage":"fr-FR","potentialAction":[{"@type":"ReadAction","target":["https:\/\/www.koonings.com\/fr\/product\/poirier-gl-76010-gant-perles-24cm\/"]}]},{"@type":"ImageObject","inLanguage":"fr-FR","@id":"https:\/\/www.koonings.com\/fr\/product\/poirier-gl-76010-gant-perles-24cm\/#primaryimage","url":"https:\/\/www.koonings.com\/wp-content\/uploads\/2025\/07\/50816_bc2dba65d990530bf57d832d2e102f5c1099365a2b26bba0dc28eb4c1f5fb86b092bcda7.jpeg","contentUrl":"https:\/\/www.koonings.com\/wp-content\/uploads\/2025\/07\/50816_bc2dba65d990530bf57d832d2e102f5c1099365a2b26bba0dc28eb4c1f5fb86b092bcda7.jpeg","width":1734,"height":2306},{"@type":"BreadcrumbList","@id":"https:\/\/www.koonings.com\/fr\/product\/poirier-gl-76010-gant-perles-24cm\/#breadcrumb","itemListElement":[{"@type":"ListItem","position":1,"name":"Home","item":"https:\/\/www.koonings.com\/fr\/"},{"@type":"ListItem","position":2,"name":"Poirier GL-76010 Gant | Perles | 24cm"}]},{"@type":"WebSite","@id":"https:\/\/www.koonings.com\/fr\/#website","url":"https:\/\/www.koonings.com\/fr\/","name":"Koonings","description":"De grootste bruidsmodewinkel ter wereld","publisher":{"@id":"https:\/\/www.koonings.com\/fr\/#organization"},"potentialAction":[{"@type":"SearchAction","target":{"@type":"EntryPoint","urlTemplate":"https:\/\/www.koonings.com\/fr\/?s={search_term_string}"},"query-input":{"@type":"PropertyValueSpecification","valueRequired":true,"valueName":"search_term_string"}}],"inLanguage":"fr-FR"},{"@type":"Organization","@id":"https:\/\/www.koonings.com\/fr\/#organization","name":"Koonings","url":"https:\/\/www.koonings.com\/fr\/","logo":{"@type":"ImageObject","inLanguage":"fr-FR","@id":"https:\/\/www.koonings.com\/fr\/#\/schema\/logo\/image\/","url":"https:\/\/www.koonings.com\/wp-content\/uploads\/2024\/07\/logo.png","contentUrl":"https:\/\/www.koonings.com\/wp-content\/uploads\/2024\/07\/logo.png","width":600,"height":428,"caption":"Koonings"},"image":{"@id":"https:\/\/www.koonings.com\/fr\/#\/schema\/logo\/image\/"},"sameAs":["https:\/\/www.facebook.com\/kooningstheweddingpalace","https:\/\/www.instagram.com\/kooningstheweddingpalace","https:\/\/www.pinterest.com\/koonings","https:\/\/www.youtube.com\/kooningstheweddingpalace"]}]}},"_links":{"self":[{"href":"https:\/\/www.koonings.com\/fr\/wp-json\/wp\/v2\/product\/94109","targetHints":{"allow":["GET"]}}],"collection":[{"href":"https:\/\/www.koonings.com\/fr\/wp-json\/wp\/v2\/product"}],"about":[{"href":"https:\/\/www.koonings.com\/fr\/wp-json\/wp\/v2\/types\/product"}],"wp:featuredmedia":[{"embeddable":true,"href":"https:\/\/www.koonings.com\/fr\/wp-json\/wp\/v2\/media\/87339"}],"wp:attachment":[{"href":"https:\/\/www.koonings.com\/fr\/wp-json\/wp\/v2\/media?parent=94109"}],"wp:term":[{"taxonomy":"productdetails","embeddable":true,"href":"https:\/\/www.koonings.com\/fr\/wp-json\/wp\/v2\/productdetails?post=94109"},{"taxonomy":"productneck","embeddable":true,"href":"https:\/\/www.koonings.com\/fr\/wp-json\/wp\/v2\/productneck?post=94109"},{"taxonomy":"productcolor","embeddable":true,"href":"https:\/\/www.koonings.com\/fr\/wp-json\/wp\/v2\/productcolor?post=94109"},{"taxonomy":"maat","embeddable":true,"href":"https:\/\/www.koonings.com\/fr\/wp-json\/wp\/v2\/maat?post=94109"},{"taxonomy":"productsupplier","embeddable":true,"href":"https:\/\/www.koonings.com\/fr\/wp-json\/wp\/v2\/productsupplier?post=94109"},{"taxonomy":"productsleeve","embeddable":true,"href":"https:\/\/www.koonings.com\/fr\/wp-json\/wp\/v2\/productsleeve?post=94109"},{"taxonomy":"productcategory","embeddable":true,"href":"https:\/\/www.koonings.com\/fr\/wp-json\/wp\/v2\/productcategory?post=94109"},{"taxonomy":"productsilhouette","embeddable":true,"href":"https:\/\/www.koonings.com\/fr\/wp-json\/wp\/v2\/productsilhouette?post=94109"},{"taxonomy":"productstyle","embeddable":true,"href":"https:\/\/www.koonings.com\/fr\/wp-json\/wp\/v2\/productstyle?post=94109"}],"curies":[{"name":"wp","href":"https:\/\/api.w.org\/{rel}","templated":true}]}}