{"id":94078,"date":"2026-04-14T16:34:36","date_gmt":"2026-04-14T14:34:36","guid":{"rendered":"https:\/\/www.koonings.com\/product\/poirier-t-75423-top-paillettes\/"},"modified":"2026-04-14T16:07:26","modified_gmt":"2026-04-14T14:07:26","slug":"poirier-t-75423-top-paillettes","status":"publish","type":"product","link":"https:\/\/www.koonings.com\/fr\/product\/poirier-t-75423-top-paillettes\/","title":{"rendered":"Poirier T-75423 Top | Paillettes"},"content":{"rendered":"<p>T-75423 &#8211; Magnifique top en tulle couleur bronze orn\u00e9 de paillettes et de perles<br \/>\nTop en tulle de la collection Poirier.<br \/>\nOrn\u00e9 de paillettes et de perles en forme de triangle.<br \/>\nBonnets pr\u00e9form\u00e9s.<br \/>\nBretelles \u00e9troites.<br \/>\nCouleur bronze.<br \/>\nFermeture \u00e0 glissi\u00e8re au milieu du dos.<br \/>\nTailles : XS, S, M, L, XL.<br \/>\nEgalement disponible en ivoire (top T-75422).<br \/>\nSe combine parfaitement avec l&#8217;\u00e9tole ST-75325.<\/p>\n","protected":false},"featured_media":89880,"template":"","meta":{"_acf_changed":false,"ghostkit_customizer_options":"","ghostkit_custom_css":"","ghostkit_custom_js_head":"","ghostkit_custom_js_foot":"","ghostkit_typography":""},"productdetails":[],"productneck":[],"productcolor":[],"maat":[],"productsupplier":[416],"productsleeve":[],"productcategory":[509],"productsilhouette":[],"productstyle":[],"class_list":["post-94078","product","type-product","status-publish","has-post-thumbnail","hentry","productsupplier-poirier","productcategory-accessoires-bruid"],"acf":[],"yoast_head":"<!-- This site is optimized with the Yoast SEO plugin v27.3 - https:\/\/yoast.com\/product\/yoast-seo-wordpress\/ -->\n<title>Poirier T-75423 Top | Paillettes | Koonings<\/title>\n<meta name=\"description\" content=\"T-75423 - Magnifique top en tulle couleur bronze orn\u00e9 de paillettes et de perles Top en tulle de la collection Poirier. Orn\u00e9 de paillettes et de perles en forme de triangle. Bonnets pr\u00e9form\u00e9s. Bretelles \u00e9troites. Couleur bronze. Fermeture \u00e0 glissi\u00e8re au milieu du dos. Tailles : XS, S, M, L, XL. Egalement disponible en ivoire (top T-75422). Se combine parfaitement avec l&#039;\u00e9tole ST-75325.\" \/>\n<meta name=\"robots\" content=\"index, follow, max-snippet:-1, max-image-preview:large, max-video-preview:-1\" \/>\n<link rel=\"canonical\" href=\"https:\/\/www.koonings.com\/fr\/product\/poirier-t-75423-top-paillettes\/\" \/>\n<meta property=\"og:locale\" content=\"fr_FR\" \/>\n<meta property=\"og:type\" content=\"article\" \/>\n<meta property=\"og:title\" content=\"Poirier T-75423 Top | Paillettes | Koonings\" \/>\n<meta property=\"og:description\" content=\"T-75423 - Magnifique top en tulle couleur bronze orn\u00e9 de paillettes et de perles Top en tulle de la collection Poirier. Orn\u00e9 de paillettes et de perles en forme de triangle. Bonnets pr\u00e9form\u00e9s. Bretelles \u00e9troites. Couleur bronze. Fermeture \u00e0 glissi\u00e8re au milieu du dos. Tailles : XS, S, M, L, XL. Egalement disponible en ivoire (top T-75422). Se combine parfaitement avec l&#039;\u00e9tole ST-75325.\" \/>\n<meta property=\"og:url\" content=\"https:\/\/www.koonings.com\/fr\/product\/poirier-t-75423-top-paillettes\/\" \/>\n<meta property=\"og:site_name\" content=\"Koonings\" \/>\n<meta property=\"article:publisher\" content=\"https:\/\/www.facebook.com\/kooningstheweddingpalace\" \/>\n<meta property=\"og:image\" content=\"https:\/\/www.koonings.com\/wp-content\/uploads\/2025\/07\/50763_145537f520f60da9f2b4705ae02177102b9b89bc3359316a9ac8b3443d8a2a23b4f22a34.jpeg\" \/>\n\t<meta property=\"og:image:width\" content=\"1499\" \/>\n\t<meta property=\"og:image:height\" content=\"2000\" \/>\n\t<meta property=\"og:image:type\" content=\"image\/jpeg\" \/>\n<meta name=\"twitter:card\" content=\"summary_large_image\" \/>\n<script type=\"application\/ld+json\" class=\"yoast-schema-graph\">{\"@context\":\"https:\\\/\\\/schema.org\",\"@graph\":[{\"@type\":\"WebPage\",\"@id\":\"https:\\\/\\\/www.koonings.com\\\/fr\\\/product\\\/poirier-t-75423-top-paillettes\\\/\",\"url\":\"https:\\\/\\\/www.koonings.com\\\/fr\\\/product\\\/poirier-t-75423-top-paillettes\\\/\",\"name\":\"Poirier T-75423 Top | Paillettes | Koonings\",\"isPartOf\":{\"@id\":\"https:\\\/\\\/www.koonings.com\\\/fr\\\/#website\"},\"primaryImageOfPage\":{\"@id\":\"https:\\\/\\\/www.koonings.com\\\/fr\\\/product\\\/poirier-t-75423-top-paillettes\\\/#primaryimage\"},\"image\":{\"@id\":\"https:\\\/\\\/www.koonings.com\\\/fr\\\/product\\\/poirier-t-75423-top-paillettes\\\/#primaryimage\"},\"thumbnailUrl\":\"https:\\\/\\\/www.koonings.com\\\/wp-content\\\/uploads\\\/2025\\\/07\\\/50763_145537f520f60da9f2b4705ae02177102b9b89bc3359316a9ac8b3443d8a2a23b4f22a34.jpeg\",\"datePublished\":\"2026-04-14T14:34:36+00:00\",\"description\":\"T-75423 - Magnifique top en tulle couleur bronze orn\u00e9 de paillettes et de perles Top en tulle de la collection Poirier. Orn\u00e9 de paillettes et de perles en forme de triangle. Bonnets pr\u00e9form\u00e9s. Bretelles \u00e9troites. Couleur bronze. Fermeture \u00e0 glissi\u00e8re au milieu du dos. Tailles : XS, S, M, L, XL. Egalement disponible en ivoire (top T-75422). Se combine parfaitement avec l'\u00e9tole ST-75325.\",\"breadcrumb\":{\"@id\":\"https:\\\/\\\/www.koonings.com\\\/fr\\\/product\\\/poirier-t-75423-top-paillettes\\\/#breadcrumb\"},\"inLanguage\":\"fr-FR\",\"potentialAction\":[{\"@type\":\"ReadAction\",\"target\":[\"https:\\\/\\\/www.koonings.com\\\/fr\\\/product\\\/poirier-t-75423-top-paillettes\\\/\"]}]},{\"@type\":\"ImageObject\",\"inLanguage\":\"fr-FR\",\"@id\":\"https:\\\/\\\/www.koonings.com\\\/fr\\\/product\\\/poirier-t-75423-top-paillettes\\\/#primaryimage\",\"url\":\"https:\\\/\\\/www.koonings.com\\\/wp-content\\\/uploads\\\/2025\\\/07\\\/50763_145537f520f60da9f2b4705ae02177102b9b89bc3359316a9ac8b3443d8a2a23b4f22a34.jpeg\",\"contentUrl\":\"https:\\\/\\\/www.koonings.com\\\/wp-content\\\/uploads\\\/2025\\\/07\\\/50763_145537f520f60da9f2b4705ae02177102b9b89bc3359316a9ac8b3443d8a2a23b4f22a34.jpeg\",\"width\":1499,\"height\":2000},{\"@type\":\"BreadcrumbList\",\"@id\":\"https:\\\/\\\/www.koonings.com\\\/fr\\\/product\\\/poirier-t-75423-top-paillettes\\\/#breadcrumb\",\"itemListElement\":[{\"@type\":\"ListItem\",\"position\":1,\"name\":\"Home\",\"item\":\"https:\\\/\\\/www.koonings.com\\\/fr\\\/\"},{\"@type\":\"ListItem\",\"position\":2,\"name\":\"Poirier T-75423 Top | Paillettes\"}]},{\"@type\":\"WebSite\",\"@id\":\"https:\\\/\\\/www.koonings.com\\\/fr\\\/#website\",\"url\":\"https:\\\/\\\/www.koonings.com\\\/fr\\\/\",\"name\":\"Koonings\",\"description\":\"De grootste bruidsmodewinkel ter wereld\",\"publisher\":{\"@id\":\"https:\\\/\\\/www.koonings.com\\\/fr\\\/#organization\"},\"potentialAction\":[{\"@type\":\"SearchAction\",\"target\":{\"@type\":\"EntryPoint\",\"urlTemplate\":\"https:\\\/\\\/www.koonings.com\\\/fr\\\/?s={search_term_string}\"},\"query-input\":{\"@type\":\"PropertyValueSpecification\",\"valueRequired\":true,\"valueName\":\"search_term_string\"}}],\"inLanguage\":\"fr-FR\"},{\"@type\":\"Organization\",\"@id\":\"https:\\\/\\\/www.koonings.com\\\/fr\\\/#organization\",\"name\":\"Koonings\",\"url\":\"https:\\\/\\\/www.koonings.com\\\/fr\\\/\",\"logo\":{\"@type\":\"ImageObject\",\"inLanguage\":\"fr-FR\",\"@id\":\"https:\\\/\\\/www.koonings.com\\\/fr\\\/#\\\/schema\\\/logo\\\/image\\\/\",\"url\":\"https:\\\/\\\/www.koonings.com\\\/wp-content\\\/uploads\\\/2024\\\/07\\\/logo.png\",\"contentUrl\":\"https:\\\/\\\/www.koonings.com\\\/wp-content\\\/uploads\\\/2024\\\/07\\\/logo.png\",\"width\":600,\"height\":428,\"caption\":\"Koonings\"},\"image\":{\"@id\":\"https:\\\/\\\/www.koonings.com\\\/fr\\\/#\\\/schema\\\/logo\\\/image\\\/\"},\"sameAs\":[\"https:\\\/\\\/www.facebook.com\\\/kooningstheweddingpalace\",\"https:\\\/\\\/www.instagram.com\\\/kooningstheweddingpalace\",\"https:\\\/\\\/www.pinterest.com\\\/koonings\",\"https:\\\/\\\/www.youtube.com\\\/kooningstheweddingpalace\"]}]}<\/script>\n<!-- \/ Yoast SEO plugin. -->","yoast_head_json":{"title":"Poirier T-75423 Top | Paillettes | Koonings","description":"T-75423 - Magnifique top en tulle couleur bronze orn\u00e9 de paillettes et de perles Top en tulle de la collection Poirier. Orn\u00e9 de paillettes et de perles en forme de triangle. Bonnets pr\u00e9form\u00e9s. Bretelles \u00e9troites. Couleur bronze. Fermeture \u00e0 glissi\u00e8re au milieu du dos. Tailles : XS, S, M, L, XL. Egalement disponible en ivoire (top T-75422). Se combine parfaitement avec l'\u00e9tole ST-75325.","robots":{"index":"index","follow":"follow","max-snippet":"max-snippet:-1","max-image-preview":"max-image-preview:large","max-video-preview":"max-video-preview:-1"},"canonical":"https:\/\/www.koonings.com\/fr\/product\/poirier-t-75423-top-paillettes\/","og_locale":"fr_FR","og_type":"article","og_title":"Poirier T-75423 Top | Paillettes | Koonings","og_description":"T-75423 - Magnifique top en tulle couleur bronze orn\u00e9 de paillettes et de perles Top en tulle de la collection Poirier. Orn\u00e9 de paillettes et de perles en forme de triangle. Bonnets pr\u00e9form\u00e9s. Bretelles \u00e9troites. Couleur bronze. Fermeture \u00e0 glissi\u00e8re au milieu du dos. Tailles : XS, S, M, L, XL. Egalement disponible en ivoire (top T-75422). Se combine parfaitement avec l'\u00e9tole ST-75325.","og_url":"https:\/\/www.koonings.com\/fr\/product\/poirier-t-75423-top-paillettes\/","og_site_name":"Koonings","article_publisher":"https:\/\/www.facebook.com\/kooningstheweddingpalace","og_image":[{"width":1499,"height":2000,"url":"https:\/\/www.koonings.com\/wp-content\/uploads\/2025\/07\/50763_145537f520f60da9f2b4705ae02177102b9b89bc3359316a9ac8b3443d8a2a23b4f22a34.jpeg","type":"image\/jpeg"}],"twitter_card":"summary_large_image","schema":{"@context":"https:\/\/schema.org","@graph":[{"@type":"WebPage","@id":"https:\/\/www.koonings.com\/fr\/product\/poirier-t-75423-top-paillettes\/","url":"https:\/\/www.koonings.com\/fr\/product\/poirier-t-75423-top-paillettes\/","name":"Poirier T-75423 Top | Paillettes | Koonings","isPartOf":{"@id":"https:\/\/www.koonings.com\/fr\/#website"},"primaryImageOfPage":{"@id":"https:\/\/www.koonings.com\/fr\/product\/poirier-t-75423-top-paillettes\/#primaryimage"},"image":{"@id":"https:\/\/www.koonings.com\/fr\/product\/poirier-t-75423-top-paillettes\/#primaryimage"},"thumbnailUrl":"https:\/\/www.koonings.com\/wp-content\/uploads\/2025\/07\/50763_145537f520f60da9f2b4705ae02177102b9b89bc3359316a9ac8b3443d8a2a23b4f22a34.jpeg","datePublished":"2026-04-14T14:34:36+00:00","description":"T-75423 - Magnifique top en tulle couleur bronze orn\u00e9 de paillettes et de perles Top en tulle de la collection Poirier. Orn\u00e9 de paillettes et de perles en forme de triangle. Bonnets pr\u00e9form\u00e9s. Bretelles \u00e9troites. Couleur bronze. Fermeture \u00e0 glissi\u00e8re au milieu du dos. Tailles : XS, S, M, L, XL. Egalement disponible en ivoire (top T-75422). Se combine parfaitement avec l'\u00e9tole ST-75325.","breadcrumb":{"@id":"https:\/\/www.koonings.com\/fr\/product\/poirier-t-75423-top-paillettes\/#breadcrumb"},"inLanguage":"fr-FR","potentialAction":[{"@type":"ReadAction","target":["https:\/\/www.koonings.com\/fr\/product\/poirier-t-75423-top-paillettes\/"]}]},{"@type":"ImageObject","inLanguage":"fr-FR","@id":"https:\/\/www.koonings.com\/fr\/product\/poirier-t-75423-top-paillettes\/#primaryimage","url":"https:\/\/www.koonings.com\/wp-content\/uploads\/2025\/07\/50763_145537f520f60da9f2b4705ae02177102b9b89bc3359316a9ac8b3443d8a2a23b4f22a34.jpeg","contentUrl":"https:\/\/www.koonings.com\/wp-content\/uploads\/2025\/07\/50763_145537f520f60da9f2b4705ae02177102b9b89bc3359316a9ac8b3443d8a2a23b4f22a34.jpeg","width":1499,"height":2000},{"@type":"BreadcrumbList","@id":"https:\/\/www.koonings.com\/fr\/product\/poirier-t-75423-top-paillettes\/#breadcrumb","itemListElement":[{"@type":"ListItem","position":1,"name":"Home","item":"https:\/\/www.koonings.com\/fr\/"},{"@type":"ListItem","position":2,"name":"Poirier T-75423 Top | Paillettes"}]},{"@type":"WebSite","@id":"https:\/\/www.koonings.com\/fr\/#website","url":"https:\/\/www.koonings.com\/fr\/","name":"Koonings","description":"De grootste bruidsmodewinkel ter wereld","publisher":{"@id":"https:\/\/www.koonings.com\/fr\/#organization"},"potentialAction":[{"@type":"SearchAction","target":{"@type":"EntryPoint","urlTemplate":"https:\/\/www.koonings.com\/fr\/?s={search_term_string}"},"query-input":{"@type":"PropertyValueSpecification","valueRequired":true,"valueName":"search_term_string"}}],"inLanguage":"fr-FR"},{"@type":"Organization","@id":"https:\/\/www.koonings.com\/fr\/#organization","name":"Koonings","url":"https:\/\/www.koonings.com\/fr\/","logo":{"@type":"ImageObject","inLanguage":"fr-FR","@id":"https:\/\/www.koonings.com\/fr\/#\/schema\/logo\/image\/","url":"https:\/\/www.koonings.com\/wp-content\/uploads\/2024\/07\/logo.png","contentUrl":"https:\/\/www.koonings.com\/wp-content\/uploads\/2024\/07\/logo.png","width":600,"height":428,"caption":"Koonings"},"image":{"@id":"https:\/\/www.koonings.com\/fr\/#\/schema\/logo\/image\/"},"sameAs":["https:\/\/www.facebook.com\/kooningstheweddingpalace","https:\/\/www.instagram.com\/kooningstheweddingpalace","https:\/\/www.pinterest.com\/koonings","https:\/\/www.youtube.com\/kooningstheweddingpalace"]}]}},"_links":{"self":[{"href":"https:\/\/www.koonings.com\/fr\/wp-json\/wp\/v2\/product\/94078","targetHints":{"allow":["GET"]}}],"collection":[{"href":"https:\/\/www.koonings.com\/fr\/wp-json\/wp\/v2\/product"}],"about":[{"href":"https:\/\/www.koonings.com\/fr\/wp-json\/wp\/v2\/types\/product"}],"wp:featuredmedia":[{"embeddable":true,"href":"https:\/\/www.koonings.com\/fr\/wp-json\/wp\/v2\/media\/89880"}],"wp:attachment":[{"href":"https:\/\/www.koonings.com\/fr\/wp-json\/wp\/v2\/media?parent=94078"}],"wp:term":[{"taxonomy":"productdetails","embeddable":true,"href":"https:\/\/www.koonings.com\/fr\/wp-json\/wp\/v2\/productdetails?post=94078"},{"taxonomy":"productneck","embeddable":true,"href":"https:\/\/www.koonings.com\/fr\/wp-json\/wp\/v2\/productneck?post=94078"},{"taxonomy":"productcolor","embeddable":true,"href":"https:\/\/www.koonings.com\/fr\/wp-json\/wp\/v2\/productcolor?post=94078"},{"taxonomy":"maat","embeddable":true,"href":"https:\/\/www.koonings.com\/fr\/wp-json\/wp\/v2\/maat?post=94078"},{"taxonomy":"productsupplier","embeddable":true,"href":"https:\/\/www.koonings.com\/fr\/wp-json\/wp\/v2\/productsupplier?post=94078"},{"taxonomy":"productsleeve","embeddable":true,"href":"https:\/\/www.koonings.com\/fr\/wp-json\/wp\/v2\/productsleeve?post=94078"},{"taxonomy":"productcategory","embeddable":true,"href":"https:\/\/www.koonings.com\/fr\/wp-json\/wp\/v2\/productcategory?post=94078"},{"taxonomy":"productsilhouette","embeddable":true,"href":"https:\/\/www.koonings.com\/fr\/wp-json\/wp\/v2\/productsilhouette?post=94078"},{"taxonomy":"productstyle","embeddable":true,"href":"https:\/\/www.koonings.com\/fr\/wp-json\/wp\/v2\/productstyle?post=94078"}],"curies":[{"name":"wp","href":"https:\/\/api.w.org\/{rel}","templated":true}]}}