{"id":94077,"date":"2026-04-14T16:34:35","date_gmt":"2026-04-14T14:34:35","guid":{"rendered":"https:\/\/www.koonings.com\/product\/poirier-t-75420-top-strass-gem-gabrielle\/"},"modified":"2026-04-14T16:07:22","modified_gmt":"2026-04-14T14:07:22","slug":"poirier-t-75420-top-strass-gem-gabrielle","status":"publish","type":"product","link":"https:\/\/www.koonings.com\/fr\/product\/poirier-t-75420-top-strass-gem-gabrielle\/","title":{"rendered":"Poirier T-75420 Top Strass | Gem | Gabrielle"},"content":{"rendered":"<p>T-75420 &#8211; Top drap\u00e9 en satin mat de la ligne Gabrielle, richement orn\u00e9 de strass<br \/>\nTop de la ligne Gabrielle de la collection GEM.<br \/>\nEn satin mat.<br \/>\nOrn\u00e9 de strass de diff\u00e9rentes formes et tailles.<br \/>\nIvoire.<br \/>\nFermeture zipp\u00e9e sur le c\u00f4t\u00e9.<br \/>\nTailles : XS, S, M, L, XL.<br \/>\nAssortis de la ligne Gabrielle : veste T-75410 et pantalon TR-75452.<\/p>\n","protected":false},"featured_media":89817,"template":"","meta":{"_acf_changed":false,"ghostkit_customizer_options":"","ghostkit_custom_css":"","ghostkit_custom_js_head":"","ghostkit_custom_js_foot":"","ghostkit_typography":""},"productdetails":[],"productneck":[],"productcolor":[],"maat":[],"productsupplier":[416],"productsleeve":[],"productcategory":[509],"productsilhouette":[],"productstyle":[],"class_list":["post-94077","product","type-product","status-publish","has-post-thumbnail","hentry","productsupplier-poirier","productcategory-accessoires-bruid"],"acf":[],"yoast_head":"<!-- This site is optimized with the Yoast SEO plugin v27.3 - https:\/\/yoast.com\/product\/yoast-seo-wordpress\/ -->\n<title>Poirier T-75420 Top Strass | Gem | Gabrielle | Koonings<\/title>\n<meta name=\"description\" content=\"T-75420 - Top drap\u00e9 en satin mat de la ligne Gabrielle, richement orn\u00e9 de strass Top de la ligne Gabrielle de la collection GEM. En satin mat. Orn\u00e9 de strass de diff\u00e9rentes formes et tailles. Ivoire. Fermeture zipp\u00e9e sur le c\u00f4t\u00e9. Tailles : XS, S, M, L, XL. Assortis de la ligne Gabrielle : veste T-75410 et pantalon TR-75452.\" \/>\n<meta name=\"robots\" content=\"index, follow, max-snippet:-1, max-image-preview:large, max-video-preview:-1\" \/>\n<link rel=\"canonical\" href=\"https:\/\/www.koonings.com\/fr\/product\/poirier-t-75420-top-strass-gem-gabrielle\/\" \/>\n<meta property=\"og:locale\" content=\"fr_FR\" \/>\n<meta property=\"og:type\" content=\"article\" \/>\n<meta property=\"og:title\" content=\"Poirier T-75420 Top Strass | Gem | Gabrielle | Koonings\" \/>\n<meta property=\"og:description\" content=\"T-75420 - Top drap\u00e9 en satin mat de la ligne Gabrielle, richement orn\u00e9 de strass Top de la ligne Gabrielle de la collection GEM. En satin mat. Orn\u00e9 de strass de diff\u00e9rentes formes et tailles. Ivoire. Fermeture zipp\u00e9e sur le c\u00f4t\u00e9. Tailles : XS, S, M, L, XL. Assortis de la ligne Gabrielle : veste T-75410 et pantalon TR-75452.\" \/>\n<meta property=\"og:url\" content=\"https:\/\/www.koonings.com\/fr\/product\/poirier-t-75420-top-strass-gem-gabrielle\/\" \/>\n<meta property=\"og:site_name\" content=\"Koonings\" \/>\n<meta property=\"article:publisher\" content=\"https:\/\/www.facebook.com\/kooningstheweddingpalace\" \/>\n<meta property=\"og:image\" content=\"https:\/\/www.koonings.com\/wp-content\/uploads\/2025\/07\/50760_ca503e028e1abe75a07cfae7afb2424a6e764f361c746ba68db5ed211e4c822c3cbf4f16.jpeg\" \/>\n\t<meta property=\"og:image:width\" content=\"1732\" \/>\n\t<meta property=\"og:image:height\" content=\"2309\" \/>\n\t<meta property=\"og:image:type\" content=\"image\/jpeg\" \/>\n<meta name=\"twitter:card\" content=\"summary_large_image\" \/>\n<script type=\"application\/ld+json\" class=\"yoast-schema-graph\">{\"@context\":\"https:\\\/\\\/schema.org\",\"@graph\":[{\"@type\":\"WebPage\",\"@id\":\"https:\\\/\\\/www.koonings.com\\\/fr\\\/product\\\/poirier-t-75420-top-strass-gem-gabrielle\\\/\",\"url\":\"https:\\\/\\\/www.koonings.com\\\/fr\\\/product\\\/poirier-t-75420-top-strass-gem-gabrielle\\\/\",\"name\":\"Poirier T-75420 Top Strass | Gem | Gabrielle | Koonings\",\"isPartOf\":{\"@id\":\"https:\\\/\\\/www.koonings.com\\\/fr\\\/#website\"},\"primaryImageOfPage\":{\"@id\":\"https:\\\/\\\/www.koonings.com\\\/fr\\\/product\\\/poirier-t-75420-top-strass-gem-gabrielle\\\/#primaryimage\"},\"image\":{\"@id\":\"https:\\\/\\\/www.koonings.com\\\/fr\\\/product\\\/poirier-t-75420-top-strass-gem-gabrielle\\\/#primaryimage\"},\"thumbnailUrl\":\"https:\\\/\\\/www.koonings.com\\\/wp-content\\\/uploads\\\/2025\\\/07\\\/50760_ca503e028e1abe75a07cfae7afb2424a6e764f361c746ba68db5ed211e4c822c3cbf4f16.jpeg\",\"datePublished\":\"2026-04-14T14:34:35+00:00\",\"description\":\"T-75420 - Top drap\u00e9 en satin mat de la ligne Gabrielle, richement orn\u00e9 de strass Top de la ligne Gabrielle de la collection GEM. En satin mat. Orn\u00e9 de strass de diff\u00e9rentes formes et tailles. Ivoire. Fermeture zipp\u00e9e sur le c\u00f4t\u00e9. Tailles : XS, S, M, L, XL. Assortis de la ligne Gabrielle : veste T-75410 et pantalon TR-75452.\",\"breadcrumb\":{\"@id\":\"https:\\\/\\\/www.koonings.com\\\/fr\\\/product\\\/poirier-t-75420-top-strass-gem-gabrielle\\\/#breadcrumb\"},\"inLanguage\":\"fr-FR\",\"potentialAction\":[{\"@type\":\"ReadAction\",\"target\":[\"https:\\\/\\\/www.koonings.com\\\/fr\\\/product\\\/poirier-t-75420-top-strass-gem-gabrielle\\\/\"]}]},{\"@type\":\"ImageObject\",\"inLanguage\":\"fr-FR\",\"@id\":\"https:\\\/\\\/www.koonings.com\\\/fr\\\/product\\\/poirier-t-75420-top-strass-gem-gabrielle\\\/#primaryimage\",\"url\":\"https:\\\/\\\/www.koonings.com\\\/wp-content\\\/uploads\\\/2025\\\/07\\\/50760_ca503e028e1abe75a07cfae7afb2424a6e764f361c746ba68db5ed211e4c822c3cbf4f16.jpeg\",\"contentUrl\":\"https:\\\/\\\/www.koonings.com\\\/wp-content\\\/uploads\\\/2025\\\/07\\\/50760_ca503e028e1abe75a07cfae7afb2424a6e764f361c746ba68db5ed211e4c822c3cbf4f16.jpeg\",\"width\":1732,\"height\":2309},{\"@type\":\"BreadcrumbList\",\"@id\":\"https:\\\/\\\/www.koonings.com\\\/fr\\\/product\\\/poirier-t-75420-top-strass-gem-gabrielle\\\/#breadcrumb\",\"itemListElement\":[{\"@type\":\"ListItem\",\"position\":1,\"name\":\"Home\",\"item\":\"https:\\\/\\\/www.koonings.com\\\/fr\\\/\"},{\"@type\":\"ListItem\",\"position\":2,\"name\":\"Poirier T-75420 Top Strass | Gem | Gabrielle\"}]},{\"@type\":\"WebSite\",\"@id\":\"https:\\\/\\\/www.koonings.com\\\/fr\\\/#website\",\"url\":\"https:\\\/\\\/www.koonings.com\\\/fr\\\/\",\"name\":\"Koonings\",\"description\":\"De grootste bruidsmodewinkel ter wereld\",\"publisher\":{\"@id\":\"https:\\\/\\\/www.koonings.com\\\/fr\\\/#organization\"},\"potentialAction\":[{\"@type\":\"SearchAction\",\"target\":{\"@type\":\"EntryPoint\",\"urlTemplate\":\"https:\\\/\\\/www.koonings.com\\\/fr\\\/?s={search_term_string}\"},\"query-input\":{\"@type\":\"PropertyValueSpecification\",\"valueRequired\":true,\"valueName\":\"search_term_string\"}}],\"inLanguage\":\"fr-FR\"},{\"@type\":\"Organization\",\"@id\":\"https:\\\/\\\/www.koonings.com\\\/fr\\\/#organization\",\"name\":\"Koonings\",\"url\":\"https:\\\/\\\/www.koonings.com\\\/fr\\\/\",\"logo\":{\"@type\":\"ImageObject\",\"inLanguage\":\"fr-FR\",\"@id\":\"https:\\\/\\\/www.koonings.com\\\/fr\\\/#\\\/schema\\\/logo\\\/image\\\/\",\"url\":\"https:\\\/\\\/www.koonings.com\\\/wp-content\\\/uploads\\\/2024\\\/07\\\/logo.png\",\"contentUrl\":\"https:\\\/\\\/www.koonings.com\\\/wp-content\\\/uploads\\\/2024\\\/07\\\/logo.png\",\"width\":600,\"height\":428,\"caption\":\"Koonings\"},\"image\":{\"@id\":\"https:\\\/\\\/www.koonings.com\\\/fr\\\/#\\\/schema\\\/logo\\\/image\\\/\"},\"sameAs\":[\"https:\\\/\\\/www.facebook.com\\\/kooningstheweddingpalace\",\"https:\\\/\\\/www.instagram.com\\\/kooningstheweddingpalace\",\"https:\\\/\\\/www.pinterest.com\\\/koonings\",\"https:\\\/\\\/www.youtube.com\\\/kooningstheweddingpalace\"]}]}<\/script>\n<!-- \/ Yoast SEO plugin. -->","yoast_head_json":{"title":"Poirier T-75420 Top Strass | Gem | Gabrielle | Koonings","description":"T-75420 - Top drap\u00e9 en satin mat de la ligne Gabrielle, richement orn\u00e9 de strass Top de la ligne Gabrielle de la collection GEM. En satin mat. Orn\u00e9 de strass de diff\u00e9rentes formes et tailles. Ivoire. Fermeture zipp\u00e9e sur le c\u00f4t\u00e9. Tailles : XS, S, M, L, XL. Assortis de la ligne Gabrielle : veste T-75410 et pantalon TR-75452.","robots":{"index":"index","follow":"follow","max-snippet":"max-snippet:-1","max-image-preview":"max-image-preview:large","max-video-preview":"max-video-preview:-1"},"canonical":"https:\/\/www.koonings.com\/fr\/product\/poirier-t-75420-top-strass-gem-gabrielle\/","og_locale":"fr_FR","og_type":"article","og_title":"Poirier T-75420 Top Strass | Gem | Gabrielle | Koonings","og_description":"T-75420 - Top drap\u00e9 en satin mat de la ligne Gabrielle, richement orn\u00e9 de strass Top de la ligne Gabrielle de la collection GEM. En satin mat. Orn\u00e9 de strass de diff\u00e9rentes formes et tailles. Ivoire. Fermeture zipp\u00e9e sur le c\u00f4t\u00e9. Tailles : XS, S, M, L, XL. Assortis de la ligne Gabrielle : veste T-75410 et pantalon TR-75452.","og_url":"https:\/\/www.koonings.com\/fr\/product\/poirier-t-75420-top-strass-gem-gabrielle\/","og_site_name":"Koonings","article_publisher":"https:\/\/www.facebook.com\/kooningstheweddingpalace","og_image":[{"width":1732,"height":2309,"url":"https:\/\/www.koonings.com\/wp-content\/uploads\/2025\/07\/50760_ca503e028e1abe75a07cfae7afb2424a6e764f361c746ba68db5ed211e4c822c3cbf4f16.jpeg","type":"image\/jpeg"}],"twitter_card":"summary_large_image","schema":{"@context":"https:\/\/schema.org","@graph":[{"@type":"WebPage","@id":"https:\/\/www.koonings.com\/fr\/product\/poirier-t-75420-top-strass-gem-gabrielle\/","url":"https:\/\/www.koonings.com\/fr\/product\/poirier-t-75420-top-strass-gem-gabrielle\/","name":"Poirier T-75420 Top Strass | Gem | Gabrielle | Koonings","isPartOf":{"@id":"https:\/\/www.koonings.com\/fr\/#website"},"primaryImageOfPage":{"@id":"https:\/\/www.koonings.com\/fr\/product\/poirier-t-75420-top-strass-gem-gabrielle\/#primaryimage"},"image":{"@id":"https:\/\/www.koonings.com\/fr\/product\/poirier-t-75420-top-strass-gem-gabrielle\/#primaryimage"},"thumbnailUrl":"https:\/\/www.koonings.com\/wp-content\/uploads\/2025\/07\/50760_ca503e028e1abe75a07cfae7afb2424a6e764f361c746ba68db5ed211e4c822c3cbf4f16.jpeg","datePublished":"2026-04-14T14:34:35+00:00","description":"T-75420 - Top drap\u00e9 en satin mat de la ligne Gabrielle, richement orn\u00e9 de strass Top de la ligne Gabrielle de la collection GEM. En satin mat. Orn\u00e9 de strass de diff\u00e9rentes formes et tailles. Ivoire. Fermeture zipp\u00e9e sur le c\u00f4t\u00e9. Tailles : XS, S, M, L, XL. Assortis de la ligne Gabrielle : veste T-75410 et pantalon TR-75452.","breadcrumb":{"@id":"https:\/\/www.koonings.com\/fr\/product\/poirier-t-75420-top-strass-gem-gabrielle\/#breadcrumb"},"inLanguage":"fr-FR","potentialAction":[{"@type":"ReadAction","target":["https:\/\/www.koonings.com\/fr\/product\/poirier-t-75420-top-strass-gem-gabrielle\/"]}]},{"@type":"ImageObject","inLanguage":"fr-FR","@id":"https:\/\/www.koonings.com\/fr\/product\/poirier-t-75420-top-strass-gem-gabrielle\/#primaryimage","url":"https:\/\/www.koonings.com\/wp-content\/uploads\/2025\/07\/50760_ca503e028e1abe75a07cfae7afb2424a6e764f361c746ba68db5ed211e4c822c3cbf4f16.jpeg","contentUrl":"https:\/\/www.koonings.com\/wp-content\/uploads\/2025\/07\/50760_ca503e028e1abe75a07cfae7afb2424a6e764f361c746ba68db5ed211e4c822c3cbf4f16.jpeg","width":1732,"height":2309},{"@type":"BreadcrumbList","@id":"https:\/\/www.koonings.com\/fr\/product\/poirier-t-75420-top-strass-gem-gabrielle\/#breadcrumb","itemListElement":[{"@type":"ListItem","position":1,"name":"Home","item":"https:\/\/www.koonings.com\/fr\/"},{"@type":"ListItem","position":2,"name":"Poirier T-75420 Top Strass | Gem | Gabrielle"}]},{"@type":"WebSite","@id":"https:\/\/www.koonings.com\/fr\/#website","url":"https:\/\/www.koonings.com\/fr\/","name":"Koonings","description":"De grootste bruidsmodewinkel ter wereld","publisher":{"@id":"https:\/\/www.koonings.com\/fr\/#organization"},"potentialAction":[{"@type":"SearchAction","target":{"@type":"EntryPoint","urlTemplate":"https:\/\/www.koonings.com\/fr\/?s={search_term_string}"},"query-input":{"@type":"PropertyValueSpecification","valueRequired":true,"valueName":"search_term_string"}}],"inLanguage":"fr-FR"},{"@type":"Organization","@id":"https:\/\/www.koonings.com\/fr\/#organization","name":"Koonings","url":"https:\/\/www.koonings.com\/fr\/","logo":{"@type":"ImageObject","inLanguage":"fr-FR","@id":"https:\/\/www.koonings.com\/fr\/#\/schema\/logo\/image\/","url":"https:\/\/www.koonings.com\/wp-content\/uploads\/2024\/07\/logo.png","contentUrl":"https:\/\/www.koonings.com\/wp-content\/uploads\/2024\/07\/logo.png","width":600,"height":428,"caption":"Koonings"},"image":{"@id":"https:\/\/www.koonings.com\/fr\/#\/schema\/logo\/image\/"},"sameAs":["https:\/\/www.facebook.com\/kooningstheweddingpalace","https:\/\/www.instagram.com\/kooningstheweddingpalace","https:\/\/www.pinterest.com\/koonings","https:\/\/www.youtube.com\/kooningstheweddingpalace"]}]}},"_links":{"self":[{"href":"https:\/\/www.koonings.com\/fr\/wp-json\/wp\/v2\/product\/94077","targetHints":{"allow":["GET"]}}],"collection":[{"href":"https:\/\/www.koonings.com\/fr\/wp-json\/wp\/v2\/product"}],"about":[{"href":"https:\/\/www.koonings.com\/fr\/wp-json\/wp\/v2\/types\/product"}],"wp:featuredmedia":[{"embeddable":true,"href":"https:\/\/www.koonings.com\/fr\/wp-json\/wp\/v2\/media\/89817"}],"wp:attachment":[{"href":"https:\/\/www.koonings.com\/fr\/wp-json\/wp\/v2\/media?parent=94077"}],"wp:term":[{"taxonomy":"productdetails","embeddable":true,"href":"https:\/\/www.koonings.com\/fr\/wp-json\/wp\/v2\/productdetails?post=94077"},{"taxonomy":"productneck","embeddable":true,"href":"https:\/\/www.koonings.com\/fr\/wp-json\/wp\/v2\/productneck?post=94077"},{"taxonomy":"productcolor","embeddable":true,"href":"https:\/\/www.koonings.com\/fr\/wp-json\/wp\/v2\/productcolor?post=94077"},{"taxonomy":"maat","embeddable":true,"href":"https:\/\/www.koonings.com\/fr\/wp-json\/wp\/v2\/maat?post=94077"},{"taxonomy":"productsupplier","embeddable":true,"href":"https:\/\/www.koonings.com\/fr\/wp-json\/wp\/v2\/productsupplier?post=94077"},{"taxonomy":"productsleeve","embeddable":true,"href":"https:\/\/www.koonings.com\/fr\/wp-json\/wp\/v2\/productsleeve?post=94077"},{"taxonomy":"productcategory","embeddable":true,"href":"https:\/\/www.koonings.com\/fr\/wp-json\/wp\/v2\/productcategory?post=94077"},{"taxonomy":"productsilhouette","embeddable":true,"href":"https:\/\/www.koonings.com\/fr\/wp-json\/wp\/v2\/productsilhouette?post=94077"},{"taxonomy":"productstyle","embeddable":true,"href":"https:\/\/www.koonings.com\/fr\/wp-json\/wp\/v2\/productstyle?post=94077"}],"curies":[{"name":"wp","href":"https:\/\/api.w.org\/{rel}","templated":true}]}}