{"id":94047,"date":"2026-05-06T15:34:49","date_gmt":"2026-05-06T13:34:49","guid":{"rendered":"https:\/\/www.koonings.com\/product\/poirier-s75503-080-1-sf-voile-80cm-simple-souple\/"},"modified":"2026-04-14T15:41:04","modified_gmt":"2026-04-14T13:41:04","slug":"poirier-s75503-080-1-sf-voile-80cm-simple-souple","status":"publish","type":"product","link":"https:\/\/www.koonings.com\/fr\/product\/poirier-s75503-080-1-sf-voile-80cm-simple-souple\/","title":{"rendered":"Poirier S75503-080\/1\/SF Voile | 80cm | Simple | Souple"},"content":{"rendered":"<p>S75503-080\/1\/SF &#8211; Voile en tulle souple \u00e0 une couche avec des fleurs en 3D<br \/>\nFabriqu\u00e9 en tulle souple \u00e0 une couche.<br \/>\nOrn\u00e9 de fleurs en 3D avec des strass jusqu&#8217;au peigne.<br \/>\nDe couleur ivoire.<br \/>\nPeigne de couleur argent\u00e9e.<\/p>\n","protected":false},"featured_media":88125,"template":"","meta":{"_acf_changed":false,"ghostkit_customizer_options":"","ghostkit_custom_css":"","ghostkit_custom_js_head":"","ghostkit_custom_js_foot":"","ghostkit_typography":""},"productdetails":[],"productneck":[],"productcolor":[],"maat":[],"productsupplier":[416],"productsleeve":[],"productcategory":[423],"productsilhouette":[],"productstyle":[],"class_list":["post-94047","product","type-product","status-publish","has-post-thumbnail","hentry","productsupplier-poirier","productcategory-sluiers"],"acf":[],"yoast_head":"<!-- This site is optimized with the Yoast SEO plugin v27.3 - https:\/\/yoast.com\/product\/yoast-seo-wordpress\/ -->\n<title>Poirier S75503-080\/1\/SF Voile | 80cm | Simple | Souple | Koonings<\/title>\n<meta name=\"description\" content=\"S75503-080\/1\/SF - Voile en tulle souple \u00e0 une couche avec des fleurs en 3D Fabriqu\u00e9 en tulle souple \u00e0 une couche. Orn\u00e9 de fleurs en 3D avec des strass jusqu&#039;au peigne. De couleur ivoire. Peigne de couleur argent\u00e9e.\" \/>\n<meta name=\"robots\" content=\"index, follow, max-snippet:-1, max-image-preview:large, max-video-preview:-1\" \/>\n<link rel=\"canonical\" href=\"https:\/\/www.koonings.com\/fr\/product\/poirier-s75503-080-1-sf-voile-80cm-simple-souple\/\" \/>\n<meta property=\"og:locale\" content=\"fr_FR\" \/>\n<meta property=\"og:type\" content=\"article\" \/>\n<meta property=\"og:title\" content=\"Poirier S75503-080\/1\/SF Voile | 80cm | Simple | Souple | Koonings\" \/>\n<meta property=\"og:description\" content=\"S75503-080\/1\/SF - Voile en tulle souple \u00e0 une couche avec des fleurs en 3D Fabriqu\u00e9 en tulle souple \u00e0 une couche. Orn\u00e9 de fleurs en 3D avec des strass jusqu&#039;au peigne. De couleur ivoire. Peigne de couleur argent\u00e9e.\" \/>\n<meta property=\"og:url\" content=\"https:\/\/www.koonings.com\/fr\/product\/poirier-s75503-080-1-sf-voile-80cm-simple-souple\/\" \/>\n<meta property=\"og:site_name\" content=\"Koonings\" \/>\n<meta property=\"article:publisher\" content=\"https:\/\/www.facebook.com\/kooningstheweddingpalace\" \/>\n<meta property=\"og:image\" content=\"https:\/\/www.koonings.com\/wp-content\/uploads\/2025\/07\/51006_6f3e24f5c8984abff72386b8198f5520795b7864e8208d36a80fdeaff7982b99bb556929.jpeg\" \/>\n\t<meta property=\"og:image:width\" content=\"1350\" \/>\n\t<meta property=\"og:image:height\" content=\"1800\" \/>\n\t<meta property=\"og:image:type\" content=\"image\/jpeg\" \/>\n<meta name=\"twitter:card\" content=\"summary_large_image\" \/>\n<script type=\"application\/ld+json\" class=\"yoast-schema-graph\">{\"@context\":\"https:\\\/\\\/schema.org\",\"@graph\":[{\"@type\":\"WebPage\",\"@id\":\"https:\\\/\\\/www.koonings.com\\\/fr\\\/product\\\/poirier-s75503-080-1-sf-voile-80cm-simple-souple\\\/\",\"url\":\"https:\\\/\\\/www.koonings.com\\\/fr\\\/product\\\/poirier-s75503-080-1-sf-voile-80cm-simple-souple\\\/\",\"name\":\"Poirier S75503-080\\\/1\\\/SF Voile | 80cm | Simple | Souple | Koonings\",\"isPartOf\":{\"@id\":\"https:\\\/\\\/www.koonings.com\\\/fr\\\/#website\"},\"primaryImageOfPage\":{\"@id\":\"https:\\\/\\\/www.koonings.com\\\/fr\\\/product\\\/poirier-s75503-080-1-sf-voile-80cm-simple-souple\\\/#primaryimage\"},\"image\":{\"@id\":\"https:\\\/\\\/www.koonings.com\\\/fr\\\/product\\\/poirier-s75503-080-1-sf-voile-80cm-simple-souple\\\/#primaryimage\"},\"thumbnailUrl\":\"https:\\\/\\\/www.koonings.com\\\/wp-content\\\/uploads\\\/2025\\\/07\\\/51006_6f3e24f5c8984abff72386b8198f5520795b7864e8208d36a80fdeaff7982b99bb556929.jpeg\",\"datePublished\":\"2026-05-06T13:34:49+00:00\",\"description\":\"S75503-080\\\/1\\\/SF - Voile en tulle souple \u00e0 une couche avec des fleurs en 3D Fabriqu\u00e9 en tulle souple \u00e0 une couche. Orn\u00e9 de fleurs en 3D avec des strass jusqu'au peigne. De couleur ivoire. Peigne de couleur argent\u00e9e.\",\"breadcrumb\":{\"@id\":\"https:\\\/\\\/www.koonings.com\\\/fr\\\/product\\\/poirier-s75503-080-1-sf-voile-80cm-simple-souple\\\/#breadcrumb\"},\"inLanguage\":\"fr-FR\",\"potentialAction\":[{\"@type\":\"ReadAction\",\"target\":[\"https:\\\/\\\/www.koonings.com\\\/fr\\\/product\\\/poirier-s75503-080-1-sf-voile-80cm-simple-souple\\\/\"]}]},{\"@type\":\"ImageObject\",\"inLanguage\":\"fr-FR\",\"@id\":\"https:\\\/\\\/www.koonings.com\\\/fr\\\/product\\\/poirier-s75503-080-1-sf-voile-80cm-simple-souple\\\/#primaryimage\",\"url\":\"https:\\\/\\\/www.koonings.com\\\/wp-content\\\/uploads\\\/2025\\\/07\\\/51006_6f3e24f5c8984abff72386b8198f5520795b7864e8208d36a80fdeaff7982b99bb556929.jpeg\",\"contentUrl\":\"https:\\\/\\\/www.koonings.com\\\/wp-content\\\/uploads\\\/2025\\\/07\\\/51006_6f3e24f5c8984abff72386b8198f5520795b7864e8208d36a80fdeaff7982b99bb556929.jpeg\",\"width\":1350,\"height\":1800},{\"@type\":\"BreadcrumbList\",\"@id\":\"https:\\\/\\\/www.koonings.com\\\/fr\\\/product\\\/poirier-s75503-080-1-sf-voile-80cm-simple-souple\\\/#breadcrumb\",\"itemListElement\":[{\"@type\":\"ListItem\",\"position\":1,\"name\":\"Home\",\"item\":\"https:\\\/\\\/www.koonings.com\\\/fr\\\/\"},{\"@type\":\"ListItem\",\"position\":2,\"name\":\"Poirier S75503-080\\\/1\\\/SF Voile | 80cm | Simple | Souple\"}]},{\"@type\":\"WebSite\",\"@id\":\"https:\\\/\\\/www.koonings.com\\\/fr\\\/#website\",\"url\":\"https:\\\/\\\/www.koonings.com\\\/fr\\\/\",\"name\":\"Koonings\",\"description\":\"De grootste bruidsmodewinkel ter wereld\",\"publisher\":{\"@id\":\"https:\\\/\\\/www.koonings.com\\\/fr\\\/#organization\"},\"potentialAction\":[{\"@type\":\"SearchAction\",\"target\":{\"@type\":\"EntryPoint\",\"urlTemplate\":\"https:\\\/\\\/www.koonings.com\\\/fr\\\/?s={search_term_string}\"},\"query-input\":{\"@type\":\"PropertyValueSpecification\",\"valueRequired\":true,\"valueName\":\"search_term_string\"}}],\"inLanguage\":\"fr-FR\"},{\"@type\":\"Organization\",\"@id\":\"https:\\\/\\\/www.koonings.com\\\/fr\\\/#organization\",\"name\":\"Koonings\",\"url\":\"https:\\\/\\\/www.koonings.com\\\/fr\\\/\",\"logo\":{\"@type\":\"ImageObject\",\"inLanguage\":\"fr-FR\",\"@id\":\"https:\\\/\\\/www.koonings.com\\\/fr\\\/#\\\/schema\\\/logo\\\/image\\\/\",\"url\":\"https:\\\/\\\/www.koonings.com\\\/wp-content\\\/uploads\\\/2024\\\/07\\\/logo.png\",\"contentUrl\":\"https:\\\/\\\/www.koonings.com\\\/wp-content\\\/uploads\\\/2024\\\/07\\\/logo.png\",\"width\":600,\"height\":428,\"caption\":\"Koonings\"},\"image\":{\"@id\":\"https:\\\/\\\/www.koonings.com\\\/fr\\\/#\\\/schema\\\/logo\\\/image\\\/\"},\"sameAs\":[\"https:\\\/\\\/www.facebook.com\\\/kooningstheweddingpalace\",\"https:\\\/\\\/www.instagram.com\\\/kooningstheweddingpalace\",\"https:\\\/\\\/www.pinterest.com\\\/koonings\",\"https:\\\/\\\/www.youtube.com\\\/kooningstheweddingpalace\"]}]}<\/script>\n<!-- \/ Yoast SEO plugin. -->","yoast_head_json":{"title":"Poirier S75503-080\/1\/SF Voile | 80cm | Simple | Souple | Koonings","description":"S75503-080\/1\/SF - Voile en tulle souple \u00e0 une couche avec des fleurs en 3D Fabriqu\u00e9 en tulle souple \u00e0 une couche. Orn\u00e9 de fleurs en 3D avec des strass jusqu'au peigne. De couleur ivoire. Peigne de couleur argent\u00e9e.","robots":{"index":"index","follow":"follow","max-snippet":"max-snippet:-1","max-image-preview":"max-image-preview:large","max-video-preview":"max-video-preview:-1"},"canonical":"https:\/\/www.koonings.com\/fr\/product\/poirier-s75503-080-1-sf-voile-80cm-simple-souple\/","og_locale":"fr_FR","og_type":"article","og_title":"Poirier S75503-080\/1\/SF Voile | 80cm | Simple | Souple | Koonings","og_description":"S75503-080\/1\/SF - Voile en tulle souple \u00e0 une couche avec des fleurs en 3D Fabriqu\u00e9 en tulle souple \u00e0 une couche. Orn\u00e9 de fleurs en 3D avec des strass jusqu'au peigne. De couleur ivoire. Peigne de couleur argent\u00e9e.","og_url":"https:\/\/www.koonings.com\/fr\/product\/poirier-s75503-080-1-sf-voile-80cm-simple-souple\/","og_site_name":"Koonings","article_publisher":"https:\/\/www.facebook.com\/kooningstheweddingpalace","og_image":[{"width":1350,"height":1800,"url":"https:\/\/www.koonings.com\/wp-content\/uploads\/2025\/07\/51006_6f3e24f5c8984abff72386b8198f5520795b7864e8208d36a80fdeaff7982b99bb556929.jpeg","type":"image\/jpeg"}],"twitter_card":"summary_large_image","schema":{"@context":"https:\/\/schema.org","@graph":[{"@type":"WebPage","@id":"https:\/\/www.koonings.com\/fr\/product\/poirier-s75503-080-1-sf-voile-80cm-simple-souple\/","url":"https:\/\/www.koonings.com\/fr\/product\/poirier-s75503-080-1-sf-voile-80cm-simple-souple\/","name":"Poirier S75503-080\/1\/SF Voile | 80cm | Simple | Souple | Koonings","isPartOf":{"@id":"https:\/\/www.koonings.com\/fr\/#website"},"primaryImageOfPage":{"@id":"https:\/\/www.koonings.com\/fr\/product\/poirier-s75503-080-1-sf-voile-80cm-simple-souple\/#primaryimage"},"image":{"@id":"https:\/\/www.koonings.com\/fr\/product\/poirier-s75503-080-1-sf-voile-80cm-simple-souple\/#primaryimage"},"thumbnailUrl":"https:\/\/www.koonings.com\/wp-content\/uploads\/2025\/07\/51006_6f3e24f5c8984abff72386b8198f5520795b7864e8208d36a80fdeaff7982b99bb556929.jpeg","datePublished":"2026-05-06T13:34:49+00:00","description":"S75503-080\/1\/SF - Voile en tulle souple \u00e0 une couche avec des fleurs en 3D Fabriqu\u00e9 en tulle souple \u00e0 une couche. Orn\u00e9 de fleurs en 3D avec des strass jusqu'au peigne. De couleur ivoire. Peigne de couleur argent\u00e9e.","breadcrumb":{"@id":"https:\/\/www.koonings.com\/fr\/product\/poirier-s75503-080-1-sf-voile-80cm-simple-souple\/#breadcrumb"},"inLanguage":"fr-FR","potentialAction":[{"@type":"ReadAction","target":["https:\/\/www.koonings.com\/fr\/product\/poirier-s75503-080-1-sf-voile-80cm-simple-souple\/"]}]},{"@type":"ImageObject","inLanguage":"fr-FR","@id":"https:\/\/www.koonings.com\/fr\/product\/poirier-s75503-080-1-sf-voile-80cm-simple-souple\/#primaryimage","url":"https:\/\/www.koonings.com\/wp-content\/uploads\/2025\/07\/51006_6f3e24f5c8984abff72386b8198f5520795b7864e8208d36a80fdeaff7982b99bb556929.jpeg","contentUrl":"https:\/\/www.koonings.com\/wp-content\/uploads\/2025\/07\/51006_6f3e24f5c8984abff72386b8198f5520795b7864e8208d36a80fdeaff7982b99bb556929.jpeg","width":1350,"height":1800},{"@type":"BreadcrumbList","@id":"https:\/\/www.koonings.com\/fr\/product\/poirier-s75503-080-1-sf-voile-80cm-simple-souple\/#breadcrumb","itemListElement":[{"@type":"ListItem","position":1,"name":"Home","item":"https:\/\/www.koonings.com\/fr\/"},{"@type":"ListItem","position":2,"name":"Poirier S75503-080\/1\/SF Voile | 80cm | Simple | Souple"}]},{"@type":"WebSite","@id":"https:\/\/www.koonings.com\/fr\/#website","url":"https:\/\/www.koonings.com\/fr\/","name":"Koonings","description":"De grootste bruidsmodewinkel ter wereld","publisher":{"@id":"https:\/\/www.koonings.com\/fr\/#organization"},"potentialAction":[{"@type":"SearchAction","target":{"@type":"EntryPoint","urlTemplate":"https:\/\/www.koonings.com\/fr\/?s={search_term_string}"},"query-input":{"@type":"PropertyValueSpecification","valueRequired":true,"valueName":"search_term_string"}}],"inLanguage":"fr-FR"},{"@type":"Organization","@id":"https:\/\/www.koonings.com\/fr\/#organization","name":"Koonings","url":"https:\/\/www.koonings.com\/fr\/","logo":{"@type":"ImageObject","inLanguage":"fr-FR","@id":"https:\/\/www.koonings.com\/fr\/#\/schema\/logo\/image\/","url":"https:\/\/www.koonings.com\/wp-content\/uploads\/2024\/07\/logo.png","contentUrl":"https:\/\/www.koonings.com\/wp-content\/uploads\/2024\/07\/logo.png","width":600,"height":428,"caption":"Koonings"},"image":{"@id":"https:\/\/www.koonings.com\/fr\/#\/schema\/logo\/image\/"},"sameAs":["https:\/\/www.facebook.com\/kooningstheweddingpalace","https:\/\/www.instagram.com\/kooningstheweddingpalace","https:\/\/www.pinterest.com\/koonings","https:\/\/www.youtube.com\/kooningstheweddingpalace"]}]}},"_links":{"self":[{"href":"https:\/\/www.koonings.com\/fr\/wp-json\/wp\/v2\/product\/94047","targetHints":{"allow":["GET"]}}],"collection":[{"href":"https:\/\/www.koonings.com\/fr\/wp-json\/wp\/v2\/product"}],"about":[{"href":"https:\/\/www.koonings.com\/fr\/wp-json\/wp\/v2\/types\/product"}],"wp:featuredmedia":[{"embeddable":true,"href":"https:\/\/www.koonings.com\/fr\/wp-json\/wp\/v2\/media\/88125"}],"wp:attachment":[{"href":"https:\/\/www.koonings.com\/fr\/wp-json\/wp\/v2\/media?parent=94047"}],"wp:term":[{"taxonomy":"productdetails","embeddable":true,"href":"https:\/\/www.koonings.com\/fr\/wp-json\/wp\/v2\/productdetails?post=94047"},{"taxonomy":"productneck","embeddable":true,"href":"https:\/\/www.koonings.com\/fr\/wp-json\/wp\/v2\/productneck?post=94047"},{"taxonomy":"productcolor","embeddable":true,"href":"https:\/\/www.koonings.com\/fr\/wp-json\/wp\/v2\/productcolor?post=94047"},{"taxonomy":"maat","embeddable":true,"href":"https:\/\/www.koonings.com\/fr\/wp-json\/wp\/v2\/maat?post=94047"},{"taxonomy":"productsupplier","embeddable":true,"href":"https:\/\/www.koonings.com\/fr\/wp-json\/wp\/v2\/productsupplier?post=94047"},{"taxonomy":"productsleeve","embeddable":true,"href":"https:\/\/www.koonings.com\/fr\/wp-json\/wp\/v2\/productsleeve?post=94047"},{"taxonomy":"productcategory","embeddable":true,"href":"https:\/\/www.koonings.com\/fr\/wp-json\/wp\/v2\/productcategory?post=94047"},{"taxonomy":"productsilhouette","embeddable":true,"href":"https:\/\/www.koonings.com\/fr\/wp-json\/wp\/v2\/productsilhouette?post=94047"},{"taxonomy":"productstyle","embeddable":true,"href":"https:\/\/www.koonings.com\/fr\/wp-json\/wp\/v2\/productstyle?post=94047"}],"curies":[{"name":"wp","href":"https:\/\/api.w.org\/{rel}","templated":true}]}}