{"id":94034,"date":"2026-05-06T15:34:44","date_gmt":"2026-05-06T13:34:44","guid":{"rendered":"https:\/\/www.koonings.com\/product\/poirier-s442-210-1-soft-voile-210cm-simple-souple\/"},"modified":"2026-04-14T15:44:35","modified_gmt":"2026-04-14T13:44:35","slug":"poirier-s442-210-1-soft-voile-210cm-simple-souple","status":"publish","type":"product","link":"https:\/\/www.koonings.com\/fr\/product\/poirier-s442-210-1-soft-voile-210cm-simple-souple\/","title":{"rendered":"Poirier S442-210\/1\/SOFT Voile | 210cm | Simple | Souple"},"content":{"rendered":"<p>Voile en tulle souple monocouche orn\u00e9 de perles de diff\u00e9rentes tailles sur le bord | longueur : 210 cm | plusieurs longueurs disponibles<br \/>\nVoile de la Collection Essentielle Poirier.<br \/>\nEn tulle souple monocouche de couleur ivoire.<br \/>\nOrn\u00e9 de perles de diff\u00e9rentes tailles sur le bord \u00e0 partir du peigne.<br \/>\nLongueur : 210 cm.<br \/>\nPlusieurs longueurs disponibles : 75 cm (S442-75\/1\/SOFT), 120 cm (S442-120\/1\/SOFT) et 300 cm (S442-300\/1\/SOFT).<br \/>\nFacile \u00e0 fixer dans la coiffure de la mari\u00e9e \u00e0 l&#8217;aide d&#8217;un peigne \u00e0 cheveux.<br \/>\nPour un look de mari\u00e9e complet.<br \/>\nAvec les voiles Poirier, vous pouvez cr\u00e9er un look de mariage qui impressionne.<\/p>\n","protected":false},"featured_media":87989,"template":"","meta":{"_acf_changed":false,"ghostkit_customizer_options":"","ghostkit_custom_css":"","ghostkit_custom_js_head":"","ghostkit_custom_js_foot":"","ghostkit_typography":""},"productdetails":[],"productneck":[],"productcolor":[],"maat":[],"productsupplier":[416],"productsleeve":[],"productcategory":[423],"productsilhouette":[],"productstyle":[],"class_list":["post-94034","product","type-product","status-publish","has-post-thumbnail","hentry","productsupplier-poirier","productcategory-sluiers"],"acf":[],"yoast_head":"<!-- This site is optimized with the Yoast SEO plugin v27.3 - https:\/\/yoast.com\/product\/yoast-seo-wordpress\/ -->\n<title>Poirier S442-210\/1\/SOFT Voile | 210cm | Simple | Souple | Koonings<\/title>\n<meta name=\"description\" content=\"Voile en tulle souple monocouche orn\u00e9 de perles de diff\u00e9rentes tailles sur le bord | longueur : 210 cm | plusieurs longueurs disponibles Voile de la Collection Essentielle Poirier. En tulle souple monocouche de couleur ivoire. Orn\u00e9 de perles de diff\u00e9rentes tailles sur le bord \u00e0 partir du peigne. Longueur : 210 cm. Plusieurs longueurs disponibles : 75 cm (S442-75\/1\/SOFT), 120 cm (S442-120\/1\/SOFT) et 300 cm (S442-300\/1\/SOFT). Facile \u00e0 fixer dans la coiffure de la mari\u00e9e \u00e0 l&#039;aide d&#039;un peigne \u00e0 cheveux. Pour un look de mari\u00e9e complet. Avec les voiles Poirier, vous pouvez cr\u00e9er un look de mariage qui impressionne.\" \/>\n<meta name=\"robots\" content=\"index, follow, max-snippet:-1, max-image-preview:large, max-video-preview:-1\" \/>\n<link rel=\"canonical\" href=\"https:\/\/www.koonings.com\/fr\/product\/poirier-s442-210-1-soft-voile-210cm-simple-souple\/\" \/>\n<meta property=\"og:locale\" content=\"fr_FR\" \/>\n<meta property=\"og:type\" content=\"article\" \/>\n<meta property=\"og:title\" content=\"Poirier S442-210\/1\/SOFT Voile | 210cm | Simple | Souple | Koonings\" \/>\n<meta property=\"og:description\" content=\"Voile en tulle souple monocouche orn\u00e9 de perles de diff\u00e9rentes tailles sur le bord | longueur : 210 cm | plusieurs longueurs disponibles Voile de la Collection Essentielle Poirier. En tulle souple monocouche de couleur ivoire. Orn\u00e9 de perles de diff\u00e9rentes tailles sur le bord \u00e0 partir du peigne. Longueur : 210 cm. Plusieurs longueurs disponibles : 75 cm (S442-75\/1\/SOFT), 120 cm (S442-120\/1\/SOFT) et 300 cm (S442-300\/1\/SOFT). Facile \u00e0 fixer dans la coiffure de la mari\u00e9e \u00e0 l&#039;aide d&#039;un peigne \u00e0 cheveux. Pour un look de mari\u00e9e complet. Avec les voiles Poirier, vous pouvez cr\u00e9er un look de mariage qui impressionne.\" \/>\n<meta property=\"og:url\" content=\"https:\/\/www.koonings.com\/fr\/product\/poirier-s442-210-1-soft-voile-210cm-simple-souple\/\" \/>\n<meta property=\"og:site_name\" content=\"Koonings\" \/>\n<meta property=\"article:publisher\" content=\"https:\/\/www.facebook.com\/kooningstheweddingpalace\" \/>\n<meta property=\"og:image\" content=\"https:\/\/www.koonings.com\/wp-content\/uploads\/2025\/07\/50998_5661dc5a91a013f4193e8332496befcaa25e0cc16cd10e78d478e60f2eaf47f3ff635476.jpeg\" \/>\n\t<meta property=\"og:image:width\" content=\"1734\" \/>\n\t<meta property=\"og:image:height\" content=\"2306\" \/>\n\t<meta property=\"og:image:type\" content=\"image\/jpeg\" \/>\n<meta name=\"twitter:card\" content=\"summary_large_image\" \/>\n<script type=\"application\/ld+json\" class=\"yoast-schema-graph\">{\"@context\":\"https:\\\/\\\/schema.org\",\"@graph\":[{\"@type\":\"WebPage\",\"@id\":\"https:\\\/\\\/www.koonings.com\\\/fr\\\/product\\\/poirier-s442-210-1-soft-voile-210cm-simple-souple\\\/\",\"url\":\"https:\\\/\\\/www.koonings.com\\\/fr\\\/product\\\/poirier-s442-210-1-soft-voile-210cm-simple-souple\\\/\",\"name\":\"Poirier S442-210\\\/1\\\/SOFT Voile | 210cm | Simple | Souple | Koonings\",\"isPartOf\":{\"@id\":\"https:\\\/\\\/www.koonings.com\\\/fr\\\/#website\"},\"primaryImageOfPage\":{\"@id\":\"https:\\\/\\\/www.koonings.com\\\/fr\\\/product\\\/poirier-s442-210-1-soft-voile-210cm-simple-souple\\\/#primaryimage\"},\"image\":{\"@id\":\"https:\\\/\\\/www.koonings.com\\\/fr\\\/product\\\/poirier-s442-210-1-soft-voile-210cm-simple-souple\\\/#primaryimage\"},\"thumbnailUrl\":\"https:\\\/\\\/www.koonings.com\\\/wp-content\\\/uploads\\\/2025\\\/07\\\/50998_5661dc5a91a013f4193e8332496befcaa25e0cc16cd10e78d478e60f2eaf47f3ff635476.jpeg\",\"datePublished\":\"2026-05-06T13:34:44+00:00\",\"description\":\"Voile en tulle souple monocouche orn\u00e9 de perles de diff\u00e9rentes tailles sur le bord | longueur : 210 cm | plusieurs longueurs disponibles Voile de la Collection Essentielle Poirier. En tulle souple monocouche de couleur ivoire. Orn\u00e9 de perles de diff\u00e9rentes tailles sur le bord \u00e0 partir du peigne. Longueur : 210 cm. Plusieurs longueurs disponibles : 75 cm (S442-75\\\/1\\\/SOFT), 120 cm (S442-120\\\/1\\\/SOFT) et 300 cm (S442-300\\\/1\\\/SOFT). Facile \u00e0 fixer dans la coiffure de la mari\u00e9e \u00e0 l'aide d'un peigne \u00e0 cheveux. Pour un look de mari\u00e9e complet. Avec les voiles Poirier, vous pouvez cr\u00e9er un look de mariage qui impressionne.\",\"breadcrumb\":{\"@id\":\"https:\\\/\\\/www.koonings.com\\\/fr\\\/product\\\/poirier-s442-210-1-soft-voile-210cm-simple-souple\\\/#breadcrumb\"},\"inLanguage\":\"fr-FR\",\"potentialAction\":[{\"@type\":\"ReadAction\",\"target\":[\"https:\\\/\\\/www.koonings.com\\\/fr\\\/product\\\/poirier-s442-210-1-soft-voile-210cm-simple-souple\\\/\"]}]},{\"@type\":\"ImageObject\",\"inLanguage\":\"fr-FR\",\"@id\":\"https:\\\/\\\/www.koonings.com\\\/fr\\\/product\\\/poirier-s442-210-1-soft-voile-210cm-simple-souple\\\/#primaryimage\",\"url\":\"https:\\\/\\\/www.koonings.com\\\/wp-content\\\/uploads\\\/2025\\\/07\\\/50998_5661dc5a91a013f4193e8332496befcaa25e0cc16cd10e78d478e60f2eaf47f3ff635476.jpeg\",\"contentUrl\":\"https:\\\/\\\/www.koonings.com\\\/wp-content\\\/uploads\\\/2025\\\/07\\\/50998_5661dc5a91a013f4193e8332496befcaa25e0cc16cd10e78d478e60f2eaf47f3ff635476.jpeg\",\"width\":1734,\"height\":2306},{\"@type\":\"BreadcrumbList\",\"@id\":\"https:\\\/\\\/www.koonings.com\\\/fr\\\/product\\\/poirier-s442-210-1-soft-voile-210cm-simple-souple\\\/#breadcrumb\",\"itemListElement\":[{\"@type\":\"ListItem\",\"position\":1,\"name\":\"Home\",\"item\":\"https:\\\/\\\/www.koonings.com\\\/fr\\\/\"},{\"@type\":\"ListItem\",\"position\":2,\"name\":\"Poirier S442-210\\\/1\\\/SOFT Voile | 210cm | Simple | Souple\"}]},{\"@type\":\"WebSite\",\"@id\":\"https:\\\/\\\/www.koonings.com\\\/fr\\\/#website\",\"url\":\"https:\\\/\\\/www.koonings.com\\\/fr\\\/\",\"name\":\"Koonings\",\"description\":\"De grootste bruidsmodewinkel ter wereld\",\"publisher\":{\"@id\":\"https:\\\/\\\/www.koonings.com\\\/fr\\\/#organization\"},\"potentialAction\":[{\"@type\":\"SearchAction\",\"target\":{\"@type\":\"EntryPoint\",\"urlTemplate\":\"https:\\\/\\\/www.koonings.com\\\/fr\\\/?s={search_term_string}\"},\"query-input\":{\"@type\":\"PropertyValueSpecification\",\"valueRequired\":true,\"valueName\":\"search_term_string\"}}],\"inLanguage\":\"fr-FR\"},{\"@type\":\"Organization\",\"@id\":\"https:\\\/\\\/www.koonings.com\\\/fr\\\/#organization\",\"name\":\"Koonings\",\"url\":\"https:\\\/\\\/www.koonings.com\\\/fr\\\/\",\"logo\":{\"@type\":\"ImageObject\",\"inLanguage\":\"fr-FR\",\"@id\":\"https:\\\/\\\/www.koonings.com\\\/fr\\\/#\\\/schema\\\/logo\\\/image\\\/\",\"url\":\"https:\\\/\\\/www.koonings.com\\\/wp-content\\\/uploads\\\/2024\\\/07\\\/logo.png\",\"contentUrl\":\"https:\\\/\\\/www.koonings.com\\\/wp-content\\\/uploads\\\/2024\\\/07\\\/logo.png\",\"width\":600,\"height\":428,\"caption\":\"Koonings\"},\"image\":{\"@id\":\"https:\\\/\\\/www.koonings.com\\\/fr\\\/#\\\/schema\\\/logo\\\/image\\\/\"},\"sameAs\":[\"https:\\\/\\\/www.facebook.com\\\/kooningstheweddingpalace\",\"https:\\\/\\\/www.instagram.com\\\/kooningstheweddingpalace\",\"https:\\\/\\\/www.pinterest.com\\\/koonings\",\"https:\\\/\\\/www.youtube.com\\\/kooningstheweddingpalace\"]}]}<\/script>\n<!-- \/ Yoast SEO plugin. -->","yoast_head_json":{"title":"Poirier S442-210\/1\/SOFT Voile | 210cm | Simple | Souple | Koonings","description":"Voile en tulle souple monocouche orn\u00e9 de perles de diff\u00e9rentes tailles sur le bord | longueur : 210 cm | plusieurs longueurs disponibles Voile de la Collection Essentielle Poirier. En tulle souple monocouche de couleur ivoire. Orn\u00e9 de perles de diff\u00e9rentes tailles sur le bord \u00e0 partir du peigne. Longueur : 210 cm. Plusieurs longueurs disponibles : 75 cm (S442-75\/1\/SOFT), 120 cm (S442-120\/1\/SOFT) et 300 cm (S442-300\/1\/SOFT). Facile \u00e0 fixer dans la coiffure de la mari\u00e9e \u00e0 l'aide d'un peigne \u00e0 cheveux. Pour un look de mari\u00e9e complet. Avec les voiles Poirier, vous pouvez cr\u00e9er un look de mariage qui impressionne.","robots":{"index":"index","follow":"follow","max-snippet":"max-snippet:-1","max-image-preview":"max-image-preview:large","max-video-preview":"max-video-preview:-1"},"canonical":"https:\/\/www.koonings.com\/fr\/product\/poirier-s442-210-1-soft-voile-210cm-simple-souple\/","og_locale":"fr_FR","og_type":"article","og_title":"Poirier S442-210\/1\/SOFT Voile | 210cm | Simple | Souple | Koonings","og_description":"Voile en tulle souple monocouche orn\u00e9 de perles de diff\u00e9rentes tailles sur le bord | longueur : 210 cm | plusieurs longueurs disponibles Voile de la Collection Essentielle Poirier. En tulle souple monocouche de couleur ivoire. Orn\u00e9 de perles de diff\u00e9rentes tailles sur le bord \u00e0 partir du peigne. Longueur : 210 cm. Plusieurs longueurs disponibles : 75 cm (S442-75\/1\/SOFT), 120 cm (S442-120\/1\/SOFT) et 300 cm (S442-300\/1\/SOFT). Facile \u00e0 fixer dans la coiffure de la mari\u00e9e \u00e0 l'aide d'un peigne \u00e0 cheveux. Pour un look de mari\u00e9e complet. Avec les voiles Poirier, vous pouvez cr\u00e9er un look de mariage qui impressionne.","og_url":"https:\/\/www.koonings.com\/fr\/product\/poirier-s442-210-1-soft-voile-210cm-simple-souple\/","og_site_name":"Koonings","article_publisher":"https:\/\/www.facebook.com\/kooningstheweddingpalace","og_image":[{"width":1734,"height":2306,"url":"https:\/\/www.koonings.com\/wp-content\/uploads\/2025\/07\/50998_5661dc5a91a013f4193e8332496befcaa25e0cc16cd10e78d478e60f2eaf47f3ff635476.jpeg","type":"image\/jpeg"}],"twitter_card":"summary_large_image","schema":{"@context":"https:\/\/schema.org","@graph":[{"@type":"WebPage","@id":"https:\/\/www.koonings.com\/fr\/product\/poirier-s442-210-1-soft-voile-210cm-simple-souple\/","url":"https:\/\/www.koonings.com\/fr\/product\/poirier-s442-210-1-soft-voile-210cm-simple-souple\/","name":"Poirier S442-210\/1\/SOFT Voile | 210cm | Simple | Souple | Koonings","isPartOf":{"@id":"https:\/\/www.koonings.com\/fr\/#website"},"primaryImageOfPage":{"@id":"https:\/\/www.koonings.com\/fr\/product\/poirier-s442-210-1-soft-voile-210cm-simple-souple\/#primaryimage"},"image":{"@id":"https:\/\/www.koonings.com\/fr\/product\/poirier-s442-210-1-soft-voile-210cm-simple-souple\/#primaryimage"},"thumbnailUrl":"https:\/\/www.koonings.com\/wp-content\/uploads\/2025\/07\/50998_5661dc5a91a013f4193e8332496befcaa25e0cc16cd10e78d478e60f2eaf47f3ff635476.jpeg","datePublished":"2026-05-06T13:34:44+00:00","description":"Voile en tulle souple monocouche orn\u00e9 de perles de diff\u00e9rentes tailles sur le bord | longueur : 210 cm | plusieurs longueurs disponibles Voile de la Collection Essentielle Poirier. En tulle souple monocouche de couleur ivoire. Orn\u00e9 de perles de diff\u00e9rentes tailles sur le bord \u00e0 partir du peigne. Longueur : 210 cm. Plusieurs longueurs disponibles : 75 cm (S442-75\/1\/SOFT), 120 cm (S442-120\/1\/SOFT) et 300 cm (S442-300\/1\/SOFT). Facile \u00e0 fixer dans la coiffure de la mari\u00e9e \u00e0 l'aide d'un peigne \u00e0 cheveux. Pour un look de mari\u00e9e complet. Avec les voiles Poirier, vous pouvez cr\u00e9er un look de mariage qui impressionne.","breadcrumb":{"@id":"https:\/\/www.koonings.com\/fr\/product\/poirier-s442-210-1-soft-voile-210cm-simple-souple\/#breadcrumb"},"inLanguage":"fr-FR","potentialAction":[{"@type":"ReadAction","target":["https:\/\/www.koonings.com\/fr\/product\/poirier-s442-210-1-soft-voile-210cm-simple-souple\/"]}]},{"@type":"ImageObject","inLanguage":"fr-FR","@id":"https:\/\/www.koonings.com\/fr\/product\/poirier-s442-210-1-soft-voile-210cm-simple-souple\/#primaryimage","url":"https:\/\/www.koonings.com\/wp-content\/uploads\/2025\/07\/50998_5661dc5a91a013f4193e8332496befcaa25e0cc16cd10e78d478e60f2eaf47f3ff635476.jpeg","contentUrl":"https:\/\/www.koonings.com\/wp-content\/uploads\/2025\/07\/50998_5661dc5a91a013f4193e8332496befcaa25e0cc16cd10e78d478e60f2eaf47f3ff635476.jpeg","width":1734,"height":2306},{"@type":"BreadcrumbList","@id":"https:\/\/www.koonings.com\/fr\/product\/poirier-s442-210-1-soft-voile-210cm-simple-souple\/#breadcrumb","itemListElement":[{"@type":"ListItem","position":1,"name":"Home","item":"https:\/\/www.koonings.com\/fr\/"},{"@type":"ListItem","position":2,"name":"Poirier S442-210\/1\/SOFT Voile | 210cm | Simple | Souple"}]},{"@type":"WebSite","@id":"https:\/\/www.koonings.com\/fr\/#website","url":"https:\/\/www.koonings.com\/fr\/","name":"Koonings","description":"De grootste bruidsmodewinkel ter wereld","publisher":{"@id":"https:\/\/www.koonings.com\/fr\/#organization"},"potentialAction":[{"@type":"SearchAction","target":{"@type":"EntryPoint","urlTemplate":"https:\/\/www.koonings.com\/fr\/?s={search_term_string}"},"query-input":{"@type":"PropertyValueSpecification","valueRequired":true,"valueName":"search_term_string"}}],"inLanguage":"fr-FR"},{"@type":"Organization","@id":"https:\/\/www.koonings.com\/fr\/#organization","name":"Koonings","url":"https:\/\/www.koonings.com\/fr\/","logo":{"@type":"ImageObject","inLanguage":"fr-FR","@id":"https:\/\/www.koonings.com\/fr\/#\/schema\/logo\/image\/","url":"https:\/\/www.koonings.com\/wp-content\/uploads\/2024\/07\/logo.png","contentUrl":"https:\/\/www.koonings.com\/wp-content\/uploads\/2024\/07\/logo.png","width":600,"height":428,"caption":"Koonings"},"image":{"@id":"https:\/\/www.koonings.com\/fr\/#\/schema\/logo\/image\/"},"sameAs":["https:\/\/www.facebook.com\/kooningstheweddingpalace","https:\/\/www.instagram.com\/kooningstheweddingpalace","https:\/\/www.pinterest.com\/koonings","https:\/\/www.youtube.com\/kooningstheweddingpalace"]}]}},"_links":{"self":[{"href":"https:\/\/www.koonings.com\/fr\/wp-json\/wp\/v2\/product\/94034","targetHints":{"allow":["GET"]}}],"collection":[{"href":"https:\/\/www.koonings.com\/fr\/wp-json\/wp\/v2\/product"}],"about":[{"href":"https:\/\/www.koonings.com\/fr\/wp-json\/wp\/v2\/types\/product"}],"wp:featuredmedia":[{"embeddable":true,"href":"https:\/\/www.koonings.com\/fr\/wp-json\/wp\/v2\/media\/87989"}],"wp:attachment":[{"href":"https:\/\/www.koonings.com\/fr\/wp-json\/wp\/v2\/media?parent=94034"}],"wp:term":[{"taxonomy":"productdetails","embeddable":true,"href":"https:\/\/www.koonings.com\/fr\/wp-json\/wp\/v2\/productdetails?post=94034"},{"taxonomy":"productneck","embeddable":true,"href":"https:\/\/www.koonings.com\/fr\/wp-json\/wp\/v2\/productneck?post=94034"},{"taxonomy":"productcolor","embeddable":true,"href":"https:\/\/www.koonings.com\/fr\/wp-json\/wp\/v2\/productcolor?post=94034"},{"taxonomy":"maat","embeddable":true,"href":"https:\/\/www.koonings.com\/fr\/wp-json\/wp\/v2\/maat?post=94034"},{"taxonomy":"productsupplier","embeddable":true,"href":"https:\/\/www.koonings.com\/fr\/wp-json\/wp\/v2\/productsupplier?post=94034"},{"taxonomy":"productsleeve","embeddable":true,"href":"https:\/\/www.koonings.com\/fr\/wp-json\/wp\/v2\/productsleeve?post=94034"},{"taxonomy":"productcategory","embeddable":true,"href":"https:\/\/www.koonings.com\/fr\/wp-json\/wp\/v2\/productcategory?post=94034"},{"taxonomy":"productsilhouette","embeddable":true,"href":"https:\/\/www.koonings.com\/fr\/wp-json\/wp\/v2\/productsilhouette?post=94034"},{"taxonomy":"productstyle","embeddable":true,"href":"https:\/\/www.koonings.com\/fr\/wp-json\/wp\/v2\/productstyle?post=94034"}],"curies":[{"name":"wp","href":"https:\/\/api.w.org\/{rel}","templated":true}]}}