{"id":94022,"date":"2026-05-06T15:34:42","date_gmt":"2026-05-06T13:34:42","guid":{"rendered":"https:\/\/www.koonings.com\/product\/poirier-s220-080-1-med-voile-80cm-simple-moyen\/"},"modified":"2026-04-14T15:44:43","modified_gmt":"2026-04-14T13:44:43","slug":"poirier-s220-080-1-med-voile-80cm-simple-moyen","status":"publish","type":"product","link":"https:\/\/www.koonings.com\/fr\/product\/poirier-s220-080-1-med-voile-80cm-simple-moyen\/","title":{"rendered":"Poirier S220-080\/1\/MED Voile | 80cm | Simple | Moyen"},"content":{"rendered":"<p>Voile en tulle moyen monocouche d\u00e9cor\u00e9 de grosses perles<br \/>\nVoile de la Collection Romantique de Poirier<br \/>\nEn tulle moyen monocouche<br \/>\nD\u00e9cor\u00e9 de grosses perles<br \/>\nD&#8217;une longueur de 80 cm<br \/>\nDisponible en couleur ivoire<br \/>\nAssortissez ce voile \u00e0 votre robe de mari\u00e9e<br \/>\nVous cherchez un voile avec un embellissement subtil ?<br \/>\nSi vous cherchez un voile avec un embellissement subtil, choisissez le voile S220-080\/1\/Med de la Collection Romantique de Poirier. Ce voile est compos\u00e9 d&#8217;une seule couche de tulle moyen et est orn\u00e9 de grosses perles. Le voile de mari\u00e9e a une longueur de 80 cm et est disponible en couleur ivoire. Assortissez ce voile \u00e0 votre robe de mari\u00e9e.   <\/p>\n<p>Choisissez un voile avec un embellissement subtil de la collection romantique de Poirier.<br \/>\nCaract\u00e9ristiques :<br \/>\nProduit : S220-080\/1\/Med &#8211; Voile en tulle moyen monocouche rehauss\u00e9 de grosses perles<br \/>\nCaract\u00e9ristiques : voile en tulle moyen monocouche rehauss\u00e9 de grosses perles, longueur de 80 cm, ivoire<br \/>\nUtilisation : &#8211; Assortissez ce voile \u00e0 votre robe de mari\u00e9e.<\/p>\n","protected":false},"featured_media":87921,"template":"","meta":{"_acf_changed":false,"ghostkit_customizer_options":"","ghostkit_custom_css":"","ghostkit_custom_js_head":"","ghostkit_custom_js_foot":"","ghostkit_typography":""},"productdetails":[],"productneck":[],"productcolor":[],"maat":[],"productsupplier":[416],"productsleeve":[],"productcategory":[423],"productsilhouette":[],"productstyle":[],"class_list":["post-94022","product","type-product","status-publish","has-post-thumbnail","hentry","productsupplier-poirier","productcategory-sluiers"],"acf":[],"yoast_head":"<!-- This site is optimized with the Yoast SEO plugin v27.3 - https:\/\/yoast.com\/product\/yoast-seo-wordpress\/ -->\n<title>Poirier S220-080\/1\/MED Voile | 80cm | Simple | Moyen | Koonings<\/title>\n<meta name=\"description\" content=\"Voile en tulle moyen monocouche d\u00e9cor\u00e9 de grosses perles Voile de la Collection Romantique de Poirier En tulle moyen monocouche D\u00e9cor\u00e9 de grosses perles D&#039;une longueur de 80 cm Disponible en couleur ivoire Assortissez ce voile \u00e0 votre robe de mari\u00e9e Vous cherchez un voile avec un embellissement subtil ? Si vous cherchez un voile avec un embellissement subtil, choisissez le voile S220-080\/1\/Med de la Collection Romantique de Poirier. Ce voile est compos\u00e9 d&#039;une seule couche de tulle moyen et est orn\u00e9 de grosses perles. Le voile de mari\u00e9e a une longueur de 80 cm et est disponible en couleur ivoire. Assortissez ce voile \u00e0 votre robe de mari\u00e9e. Choisissez un voile avec un embellissement subtil de la collection romantique de Poirier. Caract\u00e9ristiques : Produit : S220-080\/1\/Med - Voile en tulle moyen monocouche rehauss\u00e9 de grosses perles Caract\u00e9ristiques : voile en tulle moyen monocouche rehauss\u00e9 de grosses perles, longueur de 80 cm, ivoire Utilisation : - Assortissez ce voile \u00e0 votre robe de mari\u00e9e.\" \/>\n<meta name=\"robots\" content=\"index, follow, max-snippet:-1, max-image-preview:large, max-video-preview:-1\" \/>\n<link rel=\"canonical\" href=\"https:\/\/www.koonings.com\/fr\/product\/poirier-s220-080-1-med-voile-80cm-simple-moyen\/\" \/>\n<meta property=\"og:locale\" content=\"fr_FR\" \/>\n<meta property=\"og:type\" content=\"article\" \/>\n<meta property=\"og:title\" content=\"Poirier S220-080\/1\/MED Voile | 80cm | Simple | Moyen | Koonings\" \/>\n<meta property=\"og:description\" content=\"Voile en tulle moyen monocouche d\u00e9cor\u00e9 de grosses perles Voile de la Collection Romantique de Poirier En tulle moyen monocouche D\u00e9cor\u00e9 de grosses perles D&#039;une longueur de 80 cm Disponible en couleur ivoire Assortissez ce voile \u00e0 votre robe de mari\u00e9e Vous cherchez un voile avec un embellissement subtil ? Si vous cherchez un voile avec un embellissement subtil, choisissez le voile S220-080\/1\/Med de la Collection Romantique de Poirier. Ce voile est compos\u00e9 d&#039;une seule couche de tulle moyen et est orn\u00e9 de grosses perles. Le voile de mari\u00e9e a une longueur de 80 cm et est disponible en couleur ivoire. Assortissez ce voile \u00e0 votre robe de mari\u00e9e. Choisissez un voile avec un embellissement subtil de la collection romantique de Poirier. Caract\u00e9ristiques : Produit : S220-080\/1\/Med - Voile en tulle moyen monocouche rehauss\u00e9 de grosses perles Caract\u00e9ristiques : voile en tulle moyen monocouche rehauss\u00e9 de grosses perles, longueur de 80 cm, ivoire Utilisation : - Assortissez ce voile \u00e0 votre robe de mari\u00e9e.\" \/>\n<meta property=\"og:url\" content=\"https:\/\/www.koonings.com\/fr\/product\/poirier-s220-080-1-med-voile-80cm-simple-moyen\/\" \/>\n<meta property=\"og:site_name\" content=\"Koonings\" \/>\n<meta property=\"article:publisher\" content=\"https:\/\/www.facebook.com\/kooningstheweddingpalace\" \/>\n<meta property=\"og:image\" content=\"https:\/\/www.koonings.com\/wp-content\/uploads\/2025\/07\/50994_c9f5b5d72844fdf8fe912a402e11d999388738c6d676e0b0095068102ac841563f25cc6a.jpeg\" \/>\n\t<meta property=\"og:image:width\" content=\"1000\" \/>\n\t<meta property=\"og:image:height\" content=\"1330\" \/>\n\t<meta property=\"og:image:type\" content=\"image\/jpeg\" \/>\n<meta name=\"twitter:card\" content=\"summary_large_image\" \/>\n<meta name=\"twitter:label1\" content=\"Dur\u00e9e de lecture estim\u00e9e\" \/>\n\t<meta name=\"twitter:data1\" content=\"1 minute\" \/>\n<script type=\"application\/ld+json\" class=\"yoast-schema-graph\">{\"@context\":\"https:\\\/\\\/schema.org\",\"@graph\":[{\"@type\":\"WebPage\",\"@id\":\"https:\\\/\\\/www.koonings.com\\\/fr\\\/product\\\/poirier-s220-080-1-med-voile-80cm-simple-moyen\\\/\",\"url\":\"https:\\\/\\\/www.koonings.com\\\/fr\\\/product\\\/poirier-s220-080-1-med-voile-80cm-simple-moyen\\\/\",\"name\":\"Poirier S220-080\\\/1\\\/MED Voile | 80cm | Simple | Moyen | Koonings\",\"isPartOf\":{\"@id\":\"https:\\\/\\\/www.koonings.com\\\/fr\\\/#website\"},\"primaryImageOfPage\":{\"@id\":\"https:\\\/\\\/www.koonings.com\\\/fr\\\/product\\\/poirier-s220-080-1-med-voile-80cm-simple-moyen\\\/#primaryimage\"},\"image\":{\"@id\":\"https:\\\/\\\/www.koonings.com\\\/fr\\\/product\\\/poirier-s220-080-1-med-voile-80cm-simple-moyen\\\/#primaryimage\"},\"thumbnailUrl\":\"https:\\\/\\\/www.koonings.com\\\/wp-content\\\/uploads\\\/2025\\\/07\\\/50994_c9f5b5d72844fdf8fe912a402e11d999388738c6d676e0b0095068102ac841563f25cc6a.jpeg\",\"datePublished\":\"2026-05-06T13:34:42+00:00\",\"description\":\"Voile en tulle moyen monocouche d\u00e9cor\u00e9 de grosses perles Voile de la Collection Romantique de Poirier En tulle moyen monocouche D\u00e9cor\u00e9 de grosses perles D'une longueur de 80 cm Disponible en couleur ivoire Assortissez ce voile \u00e0 votre robe de mari\u00e9e Vous cherchez un voile avec un embellissement subtil ? Si vous cherchez un voile avec un embellissement subtil, choisissez le voile S220-080\\\/1\\\/Med de la Collection Romantique de Poirier. Ce voile est compos\u00e9 d'une seule couche de tulle moyen et est orn\u00e9 de grosses perles. Le voile de mari\u00e9e a une longueur de 80 cm et est disponible en couleur ivoire. Assortissez ce voile \u00e0 votre robe de mari\u00e9e. Choisissez un voile avec un embellissement subtil de la collection romantique de Poirier. Caract\u00e9ristiques : Produit : S220-080\\\/1\\\/Med - Voile en tulle moyen monocouche rehauss\u00e9 de grosses perles Caract\u00e9ristiques : voile en tulle moyen monocouche rehauss\u00e9 de grosses perles, longueur de 80 cm, ivoire Utilisation : - Assortissez ce voile \u00e0 votre robe de mari\u00e9e.\",\"breadcrumb\":{\"@id\":\"https:\\\/\\\/www.koonings.com\\\/fr\\\/product\\\/poirier-s220-080-1-med-voile-80cm-simple-moyen\\\/#breadcrumb\"},\"inLanguage\":\"fr-FR\",\"potentialAction\":[{\"@type\":\"ReadAction\",\"target\":[\"https:\\\/\\\/www.koonings.com\\\/fr\\\/product\\\/poirier-s220-080-1-med-voile-80cm-simple-moyen\\\/\"]}]},{\"@type\":\"ImageObject\",\"inLanguage\":\"fr-FR\",\"@id\":\"https:\\\/\\\/www.koonings.com\\\/fr\\\/product\\\/poirier-s220-080-1-med-voile-80cm-simple-moyen\\\/#primaryimage\",\"url\":\"https:\\\/\\\/www.koonings.com\\\/wp-content\\\/uploads\\\/2025\\\/07\\\/50994_c9f5b5d72844fdf8fe912a402e11d999388738c6d676e0b0095068102ac841563f25cc6a.jpeg\",\"contentUrl\":\"https:\\\/\\\/www.koonings.com\\\/wp-content\\\/uploads\\\/2025\\\/07\\\/50994_c9f5b5d72844fdf8fe912a402e11d999388738c6d676e0b0095068102ac841563f25cc6a.jpeg\",\"width\":1000,\"height\":1330},{\"@type\":\"BreadcrumbList\",\"@id\":\"https:\\\/\\\/www.koonings.com\\\/fr\\\/product\\\/poirier-s220-080-1-med-voile-80cm-simple-moyen\\\/#breadcrumb\",\"itemListElement\":[{\"@type\":\"ListItem\",\"position\":1,\"name\":\"Home\",\"item\":\"https:\\\/\\\/www.koonings.com\\\/fr\\\/\"},{\"@type\":\"ListItem\",\"position\":2,\"name\":\"Poirier S220-080\\\/1\\\/MED Voile | 80cm | Simple | Moyen\"}]},{\"@type\":\"WebSite\",\"@id\":\"https:\\\/\\\/www.koonings.com\\\/fr\\\/#website\",\"url\":\"https:\\\/\\\/www.koonings.com\\\/fr\\\/\",\"name\":\"Koonings\",\"description\":\"De grootste bruidsmodewinkel ter wereld\",\"publisher\":{\"@id\":\"https:\\\/\\\/www.koonings.com\\\/fr\\\/#organization\"},\"potentialAction\":[{\"@type\":\"SearchAction\",\"target\":{\"@type\":\"EntryPoint\",\"urlTemplate\":\"https:\\\/\\\/www.koonings.com\\\/fr\\\/?s={search_term_string}\"},\"query-input\":{\"@type\":\"PropertyValueSpecification\",\"valueRequired\":true,\"valueName\":\"search_term_string\"}}],\"inLanguage\":\"fr-FR\"},{\"@type\":\"Organization\",\"@id\":\"https:\\\/\\\/www.koonings.com\\\/fr\\\/#organization\",\"name\":\"Koonings\",\"url\":\"https:\\\/\\\/www.koonings.com\\\/fr\\\/\",\"logo\":{\"@type\":\"ImageObject\",\"inLanguage\":\"fr-FR\",\"@id\":\"https:\\\/\\\/www.koonings.com\\\/fr\\\/#\\\/schema\\\/logo\\\/image\\\/\",\"url\":\"https:\\\/\\\/www.koonings.com\\\/wp-content\\\/uploads\\\/2024\\\/07\\\/logo.png\",\"contentUrl\":\"https:\\\/\\\/www.koonings.com\\\/wp-content\\\/uploads\\\/2024\\\/07\\\/logo.png\",\"width\":600,\"height\":428,\"caption\":\"Koonings\"},\"image\":{\"@id\":\"https:\\\/\\\/www.koonings.com\\\/fr\\\/#\\\/schema\\\/logo\\\/image\\\/\"},\"sameAs\":[\"https:\\\/\\\/www.facebook.com\\\/kooningstheweddingpalace\",\"https:\\\/\\\/www.instagram.com\\\/kooningstheweddingpalace\",\"https:\\\/\\\/www.pinterest.com\\\/koonings\",\"https:\\\/\\\/www.youtube.com\\\/kooningstheweddingpalace\"]}]}<\/script>\n<!-- \/ Yoast SEO plugin. -->","yoast_head_json":{"title":"Poirier S220-080\/1\/MED Voile | 80cm | Simple | Moyen | Koonings","description":"Voile en tulle moyen monocouche d\u00e9cor\u00e9 de grosses perles Voile de la Collection Romantique de Poirier En tulle moyen monocouche D\u00e9cor\u00e9 de grosses perles D'une longueur de 80 cm Disponible en couleur ivoire Assortissez ce voile \u00e0 votre robe de mari\u00e9e Vous cherchez un voile avec un embellissement subtil ? Si vous cherchez un voile avec un embellissement subtil, choisissez le voile S220-080\/1\/Med de la Collection Romantique de Poirier. Ce voile est compos\u00e9 d'une seule couche de tulle moyen et est orn\u00e9 de grosses perles. Le voile de mari\u00e9e a une longueur de 80 cm et est disponible en couleur ivoire. Assortissez ce voile \u00e0 votre robe de mari\u00e9e. Choisissez un voile avec un embellissement subtil de la collection romantique de Poirier. Caract\u00e9ristiques : Produit : S220-080\/1\/Med - Voile en tulle moyen monocouche rehauss\u00e9 de grosses perles Caract\u00e9ristiques : voile en tulle moyen monocouche rehauss\u00e9 de grosses perles, longueur de 80 cm, ivoire Utilisation : - Assortissez ce voile \u00e0 votre robe de mari\u00e9e.","robots":{"index":"index","follow":"follow","max-snippet":"max-snippet:-1","max-image-preview":"max-image-preview:large","max-video-preview":"max-video-preview:-1"},"canonical":"https:\/\/www.koonings.com\/fr\/product\/poirier-s220-080-1-med-voile-80cm-simple-moyen\/","og_locale":"fr_FR","og_type":"article","og_title":"Poirier S220-080\/1\/MED Voile | 80cm | Simple | Moyen | Koonings","og_description":"Voile en tulle moyen monocouche d\u00e9cor\u00e9 de grosses perles Voile de la Collection Romantique de Poirier En tulle moyen monocouche D\u00e9cor\u00e9 de grosses perles D'une longueur de 80 cm Disponible en couleur ivoire Assortissez ce voile \u00e0 votre robe de mari\u00e9e Vous cherchez un voile avec un embellissement subtil ? Si vous cherchez un voile avec un embellissement subtil, choisissez le voile S220-080\/1\/Med de la Collection Romantique de Poirier. Ce voile est compos\u00e9 d'une seule couche de tulle moyen et est orn\u00e9 de grosses perles. Le voile de mari\u00e9e a une longueur de 80 cm et est disponible en couleur ivoire. Assortissez ce voile \u00e0 votre robe de mari\u00e9e. Choisissez un voile avec un embellissement subtil de la collection romantique de Poirier. Caract\u00e9ristiques : Produit : S220-080\/1\/Med - Voile en tulle moyen monocouche rehauss\u00e9 de grosses perles Caract\u00e9ristiques : voile en tulle moyen monocouche rehauss\u00e9 de grosses perles, longueur de 80 cm, ivoire Utilisation : - Assortissez ce voile \u00e0 votre robe de mari\u00e9e.","og_url":"https:\/\/www.koonings.com\/fr\/product\/poirier-s220-080-1-med-voile-80cm-simple-moyen\/","og_site_name":"Koonings","article_publisher":"https:\/\/www.facebook.com\/kooningstheweddingpalace","og_image":[{"width":1000,"height":1330,"url":"https:\/\/www.koonings.com\/wp-content\/uploads\/2025\/07\/50994_c9f5b5d72844fdf8fe912a402e11d999388738c6d676e0b0095068102ac841563f25cc6a.jpeg","type":"image\/jpeg"}],"twitter_card":"summary_large_image","twitter_misc":{"Dur\u00e9e de lecture estim\u00e9e":"1 minute"},"schema":{"@context":"https:\/\/schema.org","@graph":[{"@type":"WebPage","@id":"https:\/\/www.koonings.com\/fr\/product\/poirier-s220-080-1-med-voile-80cm-simple-moyen\/","url":"https:\/\/www.koonings.com\/fr\/product\/poirier-s220-080-1-med-voile-80cm-simple-moyen\/","name":"Poirier S220-080\/1\/MED Voile | 80cm | Simple | Moyen | Koonings","isPartOf":{"@id":"https:\/\/www.koonings.com\/fr\/#website"},"primaryImageOfPage":{"@id":"https:\/\/www.koonings.com\/fr\/product\/poirier-s220-080-1-med-voile-80cm-simple-moyen\/#primaryimage"},"image":{"@id":"https:\/\/www.koonings.com\/fr\/product\/poirier-s220-080-1-med-voile-80cm-simple-moyen\/#primaryimage"},"thumbnailUrl":"https:\/\/www.koonings.com\/wp-content\/uploads\/2025\/07\/50994_c9f5b5d72844fdf8fe912a402e11d999388738c6d676e0b0095068102ac841563f25cc6a.jpeg","datePublished":"2026-05-06T13:34:42+00:00","description":"Voile en tulle moyen monocouche d\u00e9cor\u00e9 de grosses perles Voile de la Collection Romantique de Poirier En tulle moyen monocouche D\u00e9cor\u00e9 de grosses perles D'une longueur de 80 cm Disponible en couleur ivoire Assortissez ce voile \u00e0 votre robe de mari\u00e9e Vous cherchez un voile avec un embellissement subtil ? Si vous cherchez un voile avec un embellissement subtil, choisissez le voile S220-080\/1\/Med de la Collection Romantique de Poirier. Ce voile est compos\u00e9 d'une seule couche de tulle moyen et est orn\u00e9 de grosses perles. Le voile de mari\u00e9e a une longueur de 80 cm et est disponible en couleur ivoire. Assortissez ce voile \u00e0 votre robe de mari\u00e9e. Choisissez un voile avec un embellissement subtil de la collection romantique de Poirier. Caract\u00e9ristiques : Produit : S220-080\/1\/Med - Voile en tulle moyen monocouche rehauss\u00e9 de grosses perles Caract\u00e9ristiques : voile en tulle moyen monocouche rehauss\u00e9 de grosses perles, longueur de 80 cm, ivoire Utilisation : - Assortissez ce voile \u00e0 votre robe de mari\u00e9e.","breadcrumb":{"@id":"https:\/\/www.koonings.com\/fr\/product\/poirier-s220-080-1-med-voile-80cm-simple-moyen\/#breadcrumb"},"inLanguage":"fr-FR","potentialAction":[{"@type":"ReadAction","target":["https:\/\/www.koonings.com\/fr\/product\/poirier-s220-080-1-med-voile-80cm-simple-moyen\/"]}]},{"@type":"ImageObject","inLanguage":"fr-FR","@id":"https:\/\/www.koonings.com\/fr\/product\/poirier-s220-080-1-med-voile-80cm-simple-moyen\/#primaryimage","url":"https:\/\/www.koonings.com\/wp-content\/uploads\/2025\/07\/50994_c9f5b5d72844fdf8fe912a402e11d999388738c6d676e0b0095068102ac841563f25cc6a.jpeg","contentUrl":"https:\/\/www.koonings.com\/wp-content\/uploads\/2025\/07\/50994_c9f5b5d72844fdf8fe912a402e11d999388738c6d676e0b0095068102ac841563f25cc6a.jpeg","width":1000,"height":1330},{"@type":"BreadcrumbList","@id":"https:\/\/www.koonings.com\/fr\/product\/poirier-s220-080-1-med-voile-80cm-simple-moyen\/#breadcrumb","itemListElement":[{"@type":"ListItem","position":1,"name":"Home","item":"https:\/\/www.koonings.com\/fr\/"},{"@type":"ListItem","position":2,"name":"Poirier S220-080\/1\/MED Voile | 80cm | Simple | Moyen"}]},{"@type":"WebSite","@id":"https:\/\/www.koonings.com\/fr\/#website","url":"https:\/\/www.koonings.com\/fr\/","name":"Koonings","description":"De grootste bruidsmodewinkel ter wereld","publisher":{"@id":"https:\/\/www.koonings.com\/fr\/#organization"},"potentialAction":[{"@type":"SearchAction","target":{"@type":"EntryPoint","urlTemplate":"https:\/\/www.koonings.com\/fr\/?s={search_term_string}"},"query-input":{"@type":"PropertyValueSpecification","valueRequired":true,"valueName":"search_term_string"}}],"inLanguage":"fr-FR"},{"@type":"Organization","@id":"https:\/\/www.koonings.com\/fr\/#organization","name":"Koonings","url":"https:\/\/www.koonings.com\/fr\/","logo":{"@type":"ImageObject","inLanguage":"fr-FR","@id":"https:\/\/www.koonings.com\/fr\/#\/schema\/logo\/image\/","url":"https:\/\/www.koonings.com\/wp-content\/uploads\/2024\/07\/logo.png","contentUrl":"https:\/\/www.koonings.com\/wp-content\/uploads\/2024\/07\/logo.png","width":600,"height":428,"caption":"Koonings"},"image":{"@id":"https:\/\/www.koonings.com\/fr\/#\/schema\/logo\/image\/"},"sameAs":["https:\/\/www.facebook.com\/kooningstheweddingpalace","https:\/\/www.instagram.com\/kooningstheweddingpalace","https:\/\/www.pinterest.com\/koonings","https:\/\/www.youtube.com\/kooningstheweddingpalace"]}]}},"_links":{"self":[{"href":"https:\/\/www.koonings.com\/fr\/wp-json\/wp\/v2\/product\/94022","targetHints":{"allow":["GET"]}}],"collection":[{"href":"https:\/\/www.koonings.com\/fr\/wp-json\/wp\/v2\/product"}],"about":[{"href":"https:\/\/www.koonings.com\/fr\/wp-json\/wp\/v2\/types\/product"}],"wp:featuredmedia":[{"embeddable":true,"href":"https:\/\/www.koonings.com\/fr\/wp-json\/wp\/v2\/media\/87921"}],"wp:attachment":[{"href":"https:\/\/www.koonings.com\/fr\/wp-json\/wp\/v2\/media?parent=94022"}],"wp:term":[{"taxonomy":"productdetails","embeddable":true,"href":"https:\/\/www.koonings.com\/fr\/wp-json\/wp\/v2\/productdetails?post=94022"},{"taxonomy":"productneck","embeddable":true,"href":"https:\/\/www.koonings.com\/fr\/wp-json\/wp\/v2\/productneck?post=94022"},{"taxonomy":"productcolor","embeddable":true,"href":"https:\/\/www.koonings.com\/fr\/wp-json\/wp\/v2\/productcolor?post=94022"},{"taxonomy":"maat","embeddable":true,"href":"https:\/\/www.koonings.com\/fr\/wp-json\/wp\/v2\/maat?post=94022"},{"taxonomy":"productsupplier","embeddable":true,"href":"https:\/\/www.koonings.com\/fr\/wp-json\/wp\/v2\/productsupplier?post=94022"},{"taxonomy":"productsleeve","embeddable":true,"href":"https:\/\/www.koonings.com\/fr\/wp-json\/wp\/v2\/productsleeve?post=94022"},{"taxonomy":"productcategory","embeddable":true,"href":"https:\/\/www.koonings.com\/fr\/wp-json\/wp\/v2\/productcategory?post=94022"},{"taxonomy":"productsilhouette","embeddable":true,"href":"https:\/\/www.koonings.com\/fr\/wp-json\/wp\/v2\/productsilhouette?post=94022"},{"taxonomy":"productstyle","embeddable":true,"href":"https:\/\/www.koonings.com\/fr\/wp-json\/wp\/v2\/productstyle?post=94022"}],"curies":[{"name":"wp","href":"https:\/\/api.w.org\/{rel}","templated":true}]}}