{"id":93986,"date":"2026-05-06T15:36:05","date_gmt":"2026-05-06T13:36:05","guid":{"rendered":"https:\/\/www.koonings.com\/product\/herve-paris-catherin-3\/"},"modified":"2026-04-14T15:39:52","modified_gmt":"2026-04-14T13:39:52","slug":"herve-paris-catherin-3","status":"publish","type":"product","link":"https:\/\/www.koonings.com\/fr\/product\/herve-paris-catherin-3\/","title":{"rendered":"Herve Paris Catherin"},"content":{"rendered":"<p>Pour la mari\u00e9e qui aime l&#8217;\u00e9l\u00e9gance avec une touche de s\u00e9duction. La Catherin poss\u00e8de un corsage en dentelle sophistiqu\u00e9, qui se fond magnifiquement dans une jupe en tulle scintillant avec une fente sexy. <\/p>\n<p>La robe pr\u00e9sente un d\u00e9collet\u00e9 en V sur le devant et un \u00e9l\u00e9gant dos en V, ce qui vous donne un look f\u00e9minin intemporel, \u00e0 la fois romantique et moderne. Parfaite pour une mari\u00e9e qui veut briller le jour de son mariage. <\/p>\n","protected":false},"featured_media":93561,"template":"","meta":{"_acf_changed":false,"ghostkit_customizer_options":"","ghostkit_custom_css":"","ghostkit_custom_js_head":"","ghostkit_custom_js_foot":"","ghostkit_typography":""},"productdetails":[377,376,378,381],"productneck":[356],"productcolor":[392],"maat":[],"productsupplier":[424],"productsleeve":[359],"productcategory":[18],"productsilhouette":[384],"productstyle":[366,370],"class_list":["post-93986","product","type-product","status-publish","has-post-thumbnail","hentry","productdetails-377","productdetails-376","productdetails-378","productdetails-381","productneck-356","productcolor-392","productsupplier-herve-paris","productsleeve-359","productcategory-trouwjurken","productsilhouette-384","productstyle-366","productstyle-370"],"acf":[],"yoast_head":"<!-- This site is optimized with the Yoast SEO plugin v27.3 - https:\/\/yoast.com\/product\/yoast-seo-wordpress\/ -->\n<title>Herve Paris Catherin | Koonings<\/title>\n<meta name=\"description\" content=\"Pour la mari\u00e9e qui aime l&#039;\u00e9l\u00e9gance avec une touche de s\u00e9duction. La Catherin poss\u00e8de un corsage en dentelle sophistiqu\u00e9, qui se fond magnifiquement dans une jupe en tulle scintillant avec une fente sexy. La robe pr\u00e9sente un d\u00e9collet\u00e9 en V sur le devant et un \u00e9l\u00e9gant dos en V, ce qui vous donne un look f\u00e9minin intemporel, \u00e0 la fois romantique et moderne. Parfaite pour une mari\u00e9e qui veut briller le jour de son mariage.\" \/>\n<meta name=\"robots\" content=\"index, follow, max-snippet:-1, max-image-preview:large, max-video-preview:-1\" \/>\n<link rel=\"canonical\" href=\"https:\/\/www.koonings.com\/fr\/product\/herve-paris-catherin-3\/\" \/>\n<meta property=\"og:locale\" content=\"fr_FR\" \/>\n<meta property=\"og:type\" content=\"article\" \/>\n<meta property=\"og:title\" content=\"Herve Paris Catherin | Koonings\" \/>\n<meta property=\"og:description\" content=\"Pour la mari\u00e9e qui aime l&#039;\u00e9l\u00e9gance avec une touche de s\u00e9duction. La Catherin poss\u00e8de un corsage en dentelle sophistiqu\u00e9, qui se fond magnifiquement dans une jupe en tulle scintillant avec une fente sexy. La robe pr\u00e9sente un d\u00e9collet\u00e9 en V sur le devant et un \u00e9l\u00e9gant dos en V, ce qui vous donne un look f\u00e9minin intemporel, \u00e0 la fois romantique et moderne. Parfaite pour une mari\u00e9e qui veut briller le jour de son mariage.\" \/>\n<meta property=\"og:url\" content=\"https:\/\/www.koonings.com\/fr\/product\/herve-paris-catherin-3\/\" \/>\n<meta property=\"og:site_name\" content=\"Koonings\" \/>\n<meta property=\"article:publisher\" content=\"https:\/\/www.facebook.com\/kooningstheweddingpalace\" \/>\n<meta property=\"og:image\" content=\"https:\/\/www.koonings.com\/wp-content\/uploads\/2025\/09\/51076_a48f2840cff764e8fca2f2720b188414a4cc0b6012378353a13ff39742b0771a7954940a.jpeg\" \/>\n\t<meta property=\"og:image:width\" content=\"1477\" \/>\n\t<meta property=\"og:image:height\" content=\"2093\" \/>\n\t<meta property=\"og:image:type\" content=\"image\/jpeg\" \/>\n<meta name=\"twitter:card\" content=\"summary_large_image\" \/>\n<script type=\"application\/ld+json\" class=\"yoast-schema-graph\">{\"@context\":\"https:\\\/\\\/schema.org\",\"@graph\":[{\"@type\":\"WebPage\",\"@id\":\"https:\\\/\\\/www.koonings.com\\\/fr\\\/product\\\/herve-paris-catherin-3\\\/\",\"url\":\"https:\\\/\\\/www.koonings.com\\\/fr\\\/product\\\/herve-paris-catherin-3\\\/\",\"name\":\"Herve Paris Catherin | Koonings\",\"isPartOf\":{\"@id\":\"https:\\\/\\\/www.koonings.com\\\/fr\\\/#website\"},\"primaryImageOfPage\":{\"@id\":\"https:\\\/\\\/www.koonings.com\\\/fr\\\/product\\\/herve-paris-catherin-3\\\/#primaryimage\"},\"image\":{\"@id\":\"https:\\\/\\\/www.koonings.com\\\/fr\\\/product\\\/herve-paris-catherin-3\\\/#primaryimage\"},\"thumbnailUrl\":\"https:\\\/\\\/www.koonings.com\\\/wp-content\\\/uploads\\\/2025\\\/09\\\/51076_a48f2840cff764e8fca2f2720b188414a4cc0b6012378353a13ff39742b0771a7954940a.jpeg\",\"datePublished\":\"2026-05-06T13:36:05+00:00\",\"description\":\"Pour la mari\u00e9e qui aime l'\u00e9l\u00e9gance avec une touche de s\u00e9duction. La Catherin poss\u00e8de un corsage en dentelle sophistiqu\u00e9, qui se fond magnifiquement dans une jupe en tulle scintillant avec une fente sexy. La robe pr\u00e9sente un d\u00e9collet\u00e9 en V sur le devant et un \u00e9l\u00e9gant dos en V, ce qui vous donne un look f\u00e9minin intemporel, \u00e0 la fois romantique et moderne. Parfaite pour une mari\u00e9e qui veut briller le jour de son mariage.\",\"breadcrumb\":{\"@id\":\"https:\\\/\\\/www.koonings.com\\\/fr\\\/product\\\/herve-paris-catherin-3\\\/#breadcrumb\"},\"inLanguage\":\"fr-FR\",\"potentialAction\":[{\"@type\":\"ReadAction\",\"target\":[\"https:\\\/\\\/www.koonings.com\\\/fr\\\/product\\\/herve-paris-catherin-3\\\/\"]}]},{\"@type\":\"ImageObject\",\"inLanguage\":\"fr-FR\",\"@id\":\"https:\\\/\\\/www.koonings.com\\\/fr\\\/product\\\/herve-paris-catherin-3\\\/#primaryimage\",\"url\":\"https:\\\/\\\/www.koonings.com\\\/wp-content\\\/uploads\\\/2025\\\/09\\\/51076_a48f2840cff764e8fca2f2720b188414a4cc0b6012378353a13ff39742b0771a7954940a.jpeg\",\"contentUrl\":\"https:\\\/\\\/www.koonings.com\\\/wp-content\\\/uploads\\\/2025\\\/09\\\/51076_a48f2840cff764e8fca2f2720b188414a4cc0b6012378353a13ff39742b0771a7954940a.jpeg\",\"width\":1477,\"height\":2093},{\"@type\":\"BreadcrumbList\",\"@id\":\"https:\\\/\\\/www.koonings.com\\\/fr\\\/product\\\/herve-paris-catherin-3\\\/#breadcrumb\",\"itemListElement\":[{\"@type\":\"ListItem\",\"position\":1,\"name\":\"Home\",\"item\":\"https:\\\/\\\/www.koonings.com\\\/fr\\\/\"},{\"@type\":\"ListItem\",\"position\":2,\"name\":\"Herve Paris Catherin\"}]},{\"@type\":\"WebSite\",\"@id\":\"https:\\\/\\\/www.koonings.com\\\/fr\\\/#website\",\"url\":\"https:\\\/\\\/www.koonings.com\\\/fr\\\/\",\"name\":\"Koonings\",\"description\":\"De grootste bruidsmodewinkel ter wereld\",\"publisher\":{\"@id\":\"https:\\\/\\\/www.koonings.com\\\/fr\\\/#organization\"},\"potentialAction\":[{\"@type\":\"SearchAction\",\"target\":{\"@type\":\"EntryPoint\",\"urlTemplate\":\"https:\\\/\\\/www.koonings.com\\\/fr\\\/?s={search_term_string}\"},\"query-input\":{\"@type\":\"PropertyValueSpecification\",\"valueRequired\":true,\"valueName\":\"search_term_string\"}}],\"inLanguage\":\"fr-FR\"},{\"@type\":\"Organization\",\"@id\":\"https:\\\/\\\/www.koonings.com\\\/fr\\\/#organization\",\"name\":\"Koonings\",\"url\":\"https:\\\/\\\/www.koonings.com\\\/fr\\\/\",\"logo\":{\"@type\":\"ImageObject\",\"inLanguage\":\"fr-FR\",\"@id\":\"https:\\\/\\\/www.koonings.com\\\/fr\\\/#\\\/schema\\\/logo\\\/image\\\/\",\"url\":\"https:\\\/\\\/www.koonings.com\\\/wp-content\\\/uploads\\\/2024\\\/07\\\/logo.png\",\"contentUrl\":\"https:\\\/\\\/www.koonings.com\\\/wp-content\\\/uploads\\\/2024\\\/07\\\/logo.png\",\"width\":600,\"height\":428,\"caption\":\"Koonings\"},\"image\":{\"@id\":\"https:\\\/\\\/www.koonings.com\\\/fr\\\/#\\\/schema\\\/logo\\\/image\\\/\"},\"sameAs\":[\"https:\\\/\\\/www.facebook.com\\\/kooningstheweddingpalace\",\"https:\\\/\\\/www.instagram.com\\\/kooningstheweddingpalace\",\"https:\\\/\\\/www.pinterest.com\\\/koonings\",\"https:\\\/\\\/www.youtube.com\\\/kooningstheweddingpalace\"]}]}<\/script>\n<!-- \/ Yoast SEO plugin. -->","yoast_head_json":{"title":"Herve Paris Catherin | Koonings","description":"Pour la mari\u00e9e qui aime l'\u00e9l\u00e9gance avec une touche de s\u00e9duction. La Catherin poss\u00e8de un corsage en dentelle sophistiqu\u00e9, qui se fond magnifiquement dans une jupe en tulle scintillant avec une fente sexy. La robe pr\u00e9sente un d\u00e9collet\u00e9 en V sur le devant et un \u00e9l\u00e9gant dos en V, ce qui vous donne un look f\u00e9minin intemporel, \u00e0 la fois romantique et moderne. Parfaite pour une mari\u00e9e qui veut briller le jour de son mariage.","robots":{"index":"index","follow":"follow","max-snippet":"max-snippet:-1","max-image-preview":"max-image-preview:large","max-video-preview":"max-video-preview:-1"},"canonical":"https:\/\/www.koonings.com\/fr\/product\/herve-paris-catherin-3\/","og_locale":"fr_FR","og_type":"article","og_title":"Herve Paris Catherin | Koonings","og_description":"Pour la mari\u00e9e qui aime l'\u00e9l\u00e9gance avec une touche de s\u00e9duction. La Catherin poss\u00e8de un corsage en dentelle sophistiqu\u00e9, qui se fond magnifiquement dans une jupe en tulle scintillant avec une fente sexy. La robe pr\u00e9sente un d\u00e9collet\u00e9 en V sur le devant et un \u00e9l\u00e9gant dos en V, ce qui vous donne un look f\u00e9minin intemporel, \u00e0 la fois romantique et moderne. Parfaite pour une mari\u00e9e qui veut briller le jour de son mariage.","og_url":"https:\/\/www.koonings.com\/fr\/product\/herve-paris-catherin-3\/","og_site_name":"Koonings","article_publisher":"https:\/\/www.facebook.com\/kooningstheweddingpalace","og_image":[{"width":1477,"height":2093,"url":"https:\/\/www.koonings.com\/wp-content\/uploads\/2025\/09\/51076_a48f2840cff764e8fca2f2720b188414a4cc0b6012378353a13ff39742b0771a7954940a.jpeg","type":"image\/jpeg"}],"twitter_card":"summary_large_image","schema":{"@context":"https:\/\/schema.org","@graph":[{"@type":"WebPage","@id":"https:\/\/www.koonings.com\/fr\/product\/herve-paris-catherin-3\/","url":"https:\/\/www.koonings.com\/fr\/product\/herve-paris-catherin-3\/","name":"Herve Paris Catherin | Koonings","isPartOf":{"@id":"https:\/\/www.koonings.com\/fr\/#website"},"primaryImageOfPage":{"@id":"https:\/\/www.koonings.com\/fr\/product\/herve-paris-catherin-3\/#primaryimage"},"image":{"@id":"https:\/\/www.koonings.com\/fr\/product\/herve-paris-catherin-3\/#primaryimage"},"thumbnailUrl":"https:\/\/www.koonings.com\/wp-content\/uploads\/2025\/09\/51076_a48f2840cff764e8fca2f2720b188414a4cc0b6012378353a13ff39742b0771a7954940a.jpeg","datePublished":"2026-05-06T13:36:05+00:00","description":"Pour la mari\u00e9e qui aime l'\u00e9l\u00e9gance avec une touche de s\u00e9duction. La Catherin poss\u00e8de un corsage en dentelle sophistiqu\u00e9, qui se fond magnifiquement dans une jupe en tulle scintillant avec une fente sexy. La robe pr\u00e9sente un d\u00e9collet\u00e9 en V sur le devant et un \u00e9l\u00e9gant dos en V, ce qui vous donne un look f\u00e9minin intemporel, \u00e0 la fois romantique et moderne. Parfaite pour une mari\u00e9e qui veut briller le jour de son mariage.","breadcrumb":{"@id":"https:\/\/www.koonings.com\/fr\/product\/herve-paris-catherin-3\/#breadcrumb"},"inLanguage":"fr-FR","potentialAction":[{"@type":"ReadAction","target":["https:\/\/www.koonings.com\/fr\/product\/herve-paris-catherin-3\/"]}]},{"@type":"ImageObject","inLanguage":"fr-FR","@id":"https:\/\/www.koonings.com\/fr\/product\/herve-paris-catherin-3\/#primaryimage","url":"https:\/\/www.koonings.com\/wp-content\/uploads\/2025\/09\/51076_a48f2840cff764e8fca2f2720b188414a4cc0b6012378353a13ff39742b0771a7954940a.jpeg","contentUrl":"https:\/\/www.koonings.com\/wp-content\/uploads\/2025\/09\/51076_a48f2840cff764e8fca2f2720b188414a4cc0b6012378353a13ff39742b0771a7954940a.jpeg","width":1477,"height":2093},{"@type":"BreadcrumbList","@id":"https:\/\/www.koonings.com\/fr\/product\/herve-paris-catherin-3\/#breadcrumb","itemListElement":[{"@type":"ListItem","position":1,"name":"Home","item":"https:\/\/www.koonings.com\/fr\/"},{"@type":"ListItem","position":2,"name":"Herve Paris Catherin"}]},{"@type":"WebSite","@id":"https:\/\/www.koonings.com\/fr\/#website","url":"https:\/\/www.koonings.com\/fr\/","name":"Koonings","description":"De grootste bruidsmodewinkel ter wereld","publisher":{"@id":"https:\/\/www.koonings.com\/fr\/#organization"},"potentialAction":[{"@type":"SearchAction","target":{"@type":"EntryPoint","urlTemplate":"https:\/\/www.koonings.com\/fr\/?s={search_term_string}"},"query-input":{"@type":"PropertyValueSpecification","valueRequired":true,"valueName":"search_term_string"}}],"inLanguage":"fr-FR"},{"@type":"Organization","@id":"https:\/\/www.koonings.com\/fr\/#organization","name":"Koonings","url":"https:\/\/www.koonings.com\/fr\/","logo":{"@type":"ImageObject","inLanguage":"fr-FR","@id":"https:\/\/www.koonings.com\/fr\/#\/schema\/logo\/image\/","url":"https:\/\/www.koonings.com\/wp-content\/uploads\/2024\/07\/logo.png","contentUrl":"https:\/\/www.koonings.com\/wp-content\/uploads\/2024\/07\/logo.png","width":600,"height":428,"caption":"Koonings"},"image":{"@id":"https:\/\/www.koonings.com\/fr\/#\/schema\/logo\/image\/"},"sameAs":["https:\/\/www.facebook.com\/kooningstheweddingpalace","https:\/\/www.instagram.com\/kooningstheweddingpalace","https:\/\/www.pinterest.com\/koonings","https:\/\/www.youtube.com\/kooningstheweddingpalace"]}]}},"_links":{"self":[{"href":"https:\/\/www.koonings.com\/fr\/wp-json\/wp\/v2\/product\/93986","targetHints":{"allow":["GET"]}}],"collection":[{"href":"https:\/\/www.koonings.com\/fr\/wp-json\/wp\/v2\/product"}],"about":[{"href":"https:\/\/www.koonings.com\/fr\/wp-json\/wp\/v2\/types\/product"}],"wp:featuredmedia":[{"embeddable":true,"href":"https:\/\/www.koonings.com\/fr\/wp-json\/wp\/v2\/media\/93561"}],"wp:attachment":[{"href":"https:\/\/www.koonings.com\/fr\/wp-json\/wp\/v2\/media?parent=93986"}],"wp:term":[{"taxonomy":"productdetails","embeddable":true,"href":"https:\/\/www.koonings.com\/fr\/wp-json\/wp\/v2\/productdetails?post=93986"},{"taxonomy":"productneck","embeddable":true,"href":"https:\/\/www.koonings.com\/fr\/wp-json\/wp\/v2\/productneck?post=93986"},{"taxonomy":"productcolor","embeddable":true,"href":"https:\/\/www.koonings.com\/fr\/wp-json\/wp\/v2\/productcolor?post=93986"},{"taxonomy":"maat","embeddable":true,"href":"https:\/\/www.koonings.com\/fr\/wp-json\/wp\/v2\/maat?post=93986"},{"taxonomy":"productsupplier","embeddable":true,"href":"https:\/\/www.koonings.com\/fr\/wp-json\/wp\/v2\/productsupplier?post=93986"},{"taxonomy":"productsleeve","embeddable":true,"href":"https:\/\/www.koonings.com\/fr\/wp-json\/wp\/v2\/productsleeve?post=93986"},{"taxonomy":"productcategory","embeddable":true,"href":"https:\/\/www.koonings.com\/fr\/wp-json\/wp\/v2\/productcategory?post=93986"},{"taxonomy":"productsilhouette","embeddable":true,"href":"https:\/\/www.koonings.com\/fr\/wp-json\/wp\/v2\/productsilhouette?post=93986"},{"taxonomy":"productstyle","embeddable":true,"href":"https:\/\/www.koonings.com\/fr\/wp-json\/wp\/v2\/productstyle?post=93986"}],"curies":[{"name":"wp","href":"https:\/\/api.w.org\/{rel}","templated":true}]}}