{"id":93978,"date":"2026-04-28T18:40:32","date_gmt":"2026-04-28T16:40:32","guid":{"rendered":"https:\/\/www.koonings.com\/product\/azuree-bridal-anja-426-0232\/"},"modified":"2026-02-17T12:52:48","modified_gmt":"2026-02-17T11:52:48","slug":"azuree-bridal-anja-426-0232","status":"publish","type":"product","link":"https:\/\/www.koonings.com\/fr\/product\/azuree-bridal-anja-426-0232\/","title":{"rendered":"Azuree Bridal Anja 426.0232"},"content":{"rendered":"<p>La robe de mari\u00e9e Anja est un excellent choix pour les mari\u00e9es qui recherchent un style classique et romantique. Cette robe pr\u00e9sente une encolure d\u00e9collet\u00e9e sophistiqu\u00e9e et des manches longues, ce qui lui conf\u00e8re une allure \u00e9l\u00e9gante et f\u00e9minine. Les d\u00e9licates applications florales en 3D sur la dentelle ajoutent une dimension suppl\u00e9mentaire \u00e0 la robe et lui conf\u00e8rent un air de conte de f\u00e9es. Le corsage transparent apporte une touche subtile et s\u00e9duisante, sans nuire \u00e0 l&#8217;aspect classique de la robe. La jupe princesse cr\u00e9e une silhouette majestueuse, parfaite pour une mari\u00e9e qui souhaite faire une entr\u00e9e remarqu\u00e9e. Cette jupe est con\u00e7ue pour se d\u00e9placer magnifiquement, donnant \u00e0 chaque pas une impression de gr\u00e2ce et de fluidit\u00e9. L&#8217;ensemble fait de la robe de mari\u00e9e Anja la robe id\u00e9ale pour les mari\u00e9es qui aiment le romantisme, l&#8217;\u00e9l\u00e9gance et une touche de magie de conte de f\u00e9es lors de leur journ\u00e9e sp\u00e9ciale.      <\/p>\n","protected":false},"featured_media":92458,"template":"","meta":{"_acf_changed":false,"ghostkit_customizer_options":"","ghostkit_custom_css":"","ghostkit_custom_js_head":"","ghostkit_custom_js_foot":"","ghostkit_typography":""},"productdetails":[379,376],"productneck":[352],"productcolor":[393,392],"maat":[],"productsupplier":[533],"productsleeve":[362,363],"productcategory":[18],"productsilhouette":[388],"productstyle":[369,372,366],"class_list":["post-93978","product","type-product","status-publish","has-post-thumbnail","hentry","productdetails-379","productdetails-376","productneck-352","productcolor-393","productcolor-392","productsupplier-azuree-bridal","productsleeve-362","productsleeve-363","productcategory-trouwjurken","productsilhouette-388","productstyle-369","productstyle-372","productstyle-366"],"acf":[],"yoast_head":"<!-- This site is optimized with the Yoast SEO plugin v27.3 - https:\/\/yoast.com\/product\/yoast-seo-wordpress\/ -->\n<title>Azuree Bridal Anja 426.0232 | Koonings<\/title>\n<meta name=\"description\" content=\"La robe de mari\u00e9e Anja est un excellent choix pour les mari\u00e9es qui recherchent un style classique et romantique. Cette robe pr\u00e9sente une encolure d\u00e9collet\u00e9e sophistiqu\u00e9e et des manches longues, ce qui lui conf\u00e8re une allure \u00e9l\u00e9gante et f\u00e9minine. Les d\u00e9licates applications florales en 3D sur la dentelle ajoutent une dimension suppl\u00e9mentaire \u00e0 la robe et lui conf\u00e8rent un air de conte de f\u00e9es. Le corsage transparent apporte une touche subtile et s\u00e9duisante, sans nuire \u00e0 l&#039;aspect classique de la robe. La jupe princesse cr\u00e9e une silhouette majestueuse, parfaite pour une mari\u00e9e qui souhaite faire une entr\u00e9e remarqu\u00e9e. Cette jupe est con\u00e7ue pour se d\u00e9placer magnifiquement, donnant \u00e0 chaque pas une impression de gr\u00e2ce et de fluidit\u00e9. L&#039;ensemble fait de la robe de mari\u00e9e Anja la robe id\u00e9ale pour les mari\u00e9es qui aiment le romantisme, l&#039;\u00e9l\u00e9gance et une touche de magie de conte de f\u00e9es lors de leur journ\u00e9e sp\u00e9ciale.\" \/>\n<meta name=\"robots\" content=\"index, follow, max-snippet:-1, max-image-preview:large, max-video-preview:-1\" \/>\n<link rel=\"canonical\" href=\"https:\/\/www.koonings.com\/fr\/product\/azuree-bridal-anja-426-0232\/\" \/>\n<meta property=\"og:locale\" content=\"fr_FR\" \/>\n<meta property=\"og:type\" content=\"article\" \/>\n<meta property=\"og:title\" content=\"Azuree Bridal Anja 426.0232 | Koonings\" \/>\n<meta property=\"og:description\" content=\"La robe de mari\u00e9e Anja est un excellent choix pour les mari\u00e9es qui recherchent un style classique et romantique. Cette robe pr\u00e9sente une encolure d\u00e9collet\u00e9e sophistiqu\u00e9e et des manches longues, ce qui lui conf\u00e8re une allure \u00e9l\u00e9gante et f\u00e9minine. Les d\u00e9licates applications florales en 3D sur la dentelle ajoutent une dimension suppl\u00e9mentaire \u00e0 la robe et lui conf\u00e8rent un air de conte de f\u00e9es. Le corsage transparent apporte une touche subtile et s\u00e9duisante, sans nuire \u00e0 l&#039;aspect classique de la robe. La jupe princesse cr\u00e9e une silhouette majestueuse, parfaite pour une mari\u00e9e qui souhaite faire une entr\u00e9e remarqu\u00e9e. Cette jupe est con\u00e7ue pour se d\u00e9placer magnifiquement, donnant \u00e0 chaque pas une impression de gr\u00e2ce et de fluidit\u00e9. L&#039;ensemble fait de la robe de mari\u00e9e Anja la robe id\u00e9ale pour les mari\u00e9es qui aiment le romantisme, l&#039;\u00e9l\u00e9gance et une touche de magie de conte de f\u00e9es lors de leur journ\u00e9e sp\u00e9ciale.\" \/>\n<meta property=\"og:url\" content=\"https:\/\/www.koonings.com\/fr\/product\/azuree-bridal-anja-426-0232\/\" \/>\n<meta property=\"og:site_name\" content=\"Koonings\" \/>\n<meta property=\"article:publisher\" content=\"https:\/\/www.facebook.com\/kooningstheweddingpalace\" \/>\n<meta property=\"og:image\" content=\"https:\/\/www.koonings.com\/wp-content\/uploads\/2025\/09\/51479_f8c72b5c9495c8a170719ac1f3b2374cb3b5f7dba181ff478a3a414a4d6569d2e8ff5b26.jpeg\" \/>\n\t<meta property=\"og:image:width\" content=\"1536\" \/>\n\t<meta property=\"og:image:height\" content=\"2170\" \/>\n\t<meta property=\"og:image:type\" content=\"image\/jpeg\" \/>\n<meta name=\"twitter:card\" content=\"summary_large_image\" \/>\n<meta name=\"twitter:label1\" content=\"Dur\u00e9e de lecture estim\u00e9e\" \/>\n\t<meta name=\"twitter:data1\" content=\"1 minute\" \/>\n<script type=\"application\/ld+json\" class=\"yoast-schema-graph\">{\"@context\":\"https:\\\/\\\/schema.org\",\"@graph\":[{\"@type\":\"WebPage\",\"@id\":\"https:\\\/\\\/www.koonings.com\\\/fr\\\/product\\\/azuree-bridal-anja-426-0232\\\/\",\"url\":\"https:\\\/\\\/www.koonings.com\\\/fr\\\/product\\\/azuree-bridal-anja-426-0232\\\/\",\"name\":\"Azuree Bridal Anja 426.0232 | Koonings\",\"isPartOf\":{\"@id\":\"https:\\\/\\\/www.koonings.com\\\/fr\\\/#website\"},\"primaryImageOfPage\":{\"@id\":\"https:\\\/\\\/www.koonings.com\\\/fr\\\/product\\\/azuree-bridal-anja-426-0232\\\/#primaryimage\"},\"image\":{\"@id\":\"https:\\\/\\\/www.koonings.com\\\/fr\\\/product\\\/azuree-bridal-anja-426-0232\\\/#primaryimage\"},\"thumbnailUrl\":\"https:\\\/\\\/www.koonings.com\\\/wp-content\\\/uploads\\\/2025\\\/09\\\/51479_f8c72b5c9495c8a170719ac1f3b2374cb3b5f7dba181ff478a3a414a4d6569d2e8ff5b26.jpeg\",\"datePublished\":\"2026-04-28T16:40:32+00:00\",\"description\":\"La robe de mari\u00e9e Anja est un excellent choix pour les mari\u00e9es qui recherchent un style classique et romantique. Cette robe pr\u00e9sente une encolure d\u00e9collet\u00e9e sophistiqu\u00e9e et des manches longues, ce qui lui conf\u00e8re une allure \u00e9l\u00e9gante et f\u00e9minine. Les d\u00e9licates applications florales en 3D sur la dentelle ajoutent une dimension suppl\u00e9mentaire \u00e0 la robe et lui conf\u00e8rent un air de conte de f\u00e9es. Le corsage transparent apporte une touche subtile et s\u00e9duisante, sans nuire \u00e0 l'aspect classique de la robe. La jupe princesse cr\u00e9e une silhouette majestueuse, parfaite pour une mari\u00e9e qui souhaite faire une entr\u00e9e remarqu\u00e9e. Cette jupe est con\u00e7ue pour se d\u00e9placer magnifiquement, donnant \u00e0 chaque pas une impression de gr\u00e2ce et de fluidit\u00e9. L'ensemble fait de la robe de mari\u00e9e Anja la robe id\u00e9ale pour les mari\u00e9es qui aiment le romantisme, l'\u00e9l\u00e9gance et une touche de magie de conte de f\u00e9es lors de leur journ\u00e9e sp\u00e9ciale.\",\"breadcrumb\":{\"@id\":\"https:\\\/\\\/www.koonings.com\\\/fr\\\/product\\\/azuree-bridal-anja-426-0232\\\/#breadcrumb\"},\"inLanguage\":\"fr-FR\",\"potentialAction\":[{\"@type\":\"ReadAction\",\"target\":[\"https:\\\/\\\/www.koonings.com\\\/fr\\\/product\\\/azuree-bridal-anja-426-0232\\\/\"]}]},{\"@type\":\"ImageObject\",\"inLanguage\":\"fr-FR\",\"@id\":\"https:\\\/\\\/www.koonings.com\\\/fr\\\/product\\\/azuree-bridal-anja-426-0232\\\/#primaryimage\",\"url\":\"https:\\\/\\\/www.koonings.com\\\/wp-content\\\/uploads\\\/2025\\\/09\\\/51479_f8c72b5c9495c8a170719ac1f3b2374cb3b5f7dba181ff478a3a414a4d6569d2e8ff5b26.jpeg\",\"contentUrl\":\"https:\\\/\\\/www.koonings.com\\\/wp-content\\\/uploads\\\/2025\\\/09\\\/51479_f8c72b5c9495c8a170719ac1f3b2374cb3b5f7dba181ff478a3a414a4d6569d2e8ff5b26.jpeg\",\"width\":1536,\"height\":2170},{\"@type\":\"BreadcrumbList\",\"@id\":\"https:\\\/\\\/www.koonings.com\\\/fr\\\/product\\\/azuree-bridal-anja-426-0232\\\/#breadcrumb\",\"itemListElement\":[{\"@type\":\"ListItem\",\"position\":1,\"name\":\"Home\",\"item\":\"https:\\\/\\\/www.koonings.com\\\/fr\\\/\"},{\"@type\":\"ListItem\",\"position\":2,\"name\":\"Azuree Bridal Anja 426.0232\"}]},{\"@type\":\"WebSite\",\"@id\":\"https:\\\/\\\/www.koonings.com\\\/fr\\\/#website\",\"url\":\"https:\\\/\\\/www.koonings.com\\\/fr\\\/\",\"name\":\"Koonings\",\"description\":\"De grootste bruidsmodewinkel ter wereld\",\"publisher\":{\"@id\":\"https:\\\/\\\/www.koonings.com\\\/fr\\\/#organization\"},\"potentialAction\":[{\"@type\":\"SearchAction\",\"target\":{\"@type\":\"EntryPoint\",\"urlTemplate\":\"https:\\\/\\\/www.koonings.com\\\/fr\\\/?s={search_term_string}\"},\"query-input\":{\"@type\":\"PropertyValueSpecification\",\"valueRequired\":true,\"valueName\":\"search_term_string\"}}],\"inLanguage\":\"fr-FR\"},{\"@type\":\"Organization\",\"@id\":\"https:\\\/\\\/www.koonings.com\\\/fr\\\/#organization\",\"name\":\"Koonings\",\"url\":\"https:\\\/\\\/www.koonings.com\\\/fr\\\/\",\"logo\":{\"@type\":\"ImageObject\",\"inLanguage\":\"fr-FR\",\"@id\":\"https:\\\/\\\/www.koonings.com\\\/fr\\\/#\\\/schema\\\/logo\\\/image\\\/\",\"url\":\"https:\\\/\\\/www.koonings.com\\\/wp-content\\\/uploads\\\/2024\\\/07\\\/logo.png\",\"contentUrl\":\"https:\\\/\\\/www.koonings.com\\\/wp-content\\\/uploads\\\/2024\\\/07\\\/logo.png\",\"width\":600,\"height\":428,\"caption\":\"Koonings\"},\"image\":{\"@id\":\"https:\\\/\\\/www.koonings.com\\\/fr\\\/#\\\/schema\\\/logo\\\/image\\\/\"},\"sameAs\":[\"https:\\\/\\\/www.facebook.com\\\/kooningstheweddingpalace\",\"https:\\\/\\\/www.instagram.com\\\/kooningstheweddingpalace\",\"https:\\\/\\\/www.pinterest.com\\\/koonings\",\"https:\\\/\\\/www.youtube.com\\\/kooningstheweddingpalace\"]}]}<\/script>\n<!-- \/ Yoast SEO plugin. -->","yoast_head_json":{"title":"Azuree Bridal Anja 426.0232 | Koonings","description":"La robe de mari\u00e9e Anja est un excellent choix pour les mari\u00e9es qui recherchent un style classique et romantique. Cette robe pr\u00e9sente une encolure d\u00e9collet\u00e9e sophistiqu\u00e9e et des manches longues, ce qui lui conf\u00e8re une allure \u00e9l\u00e9gante et f\u00e9minine. Les d\u00e9licates applications florales en 3D sur la dentelle ajoutent une dimension suppl\u00e9mentaire \u00e0 la robe et lui conf\u00e8rent un air de conte de f\u00e9es. Le corsage transparent apporte une touche subtile et s\u00e9duisante, sans nuire \u00e0 l'aspect classique de la robe. La jupe princesse cr\u00e9e une silhouette majestueuse, parfaite pour une mari\u00e9e qui souhaite faire une entr\u00e9e remarqu\u00e9e. Cette jupe est con\u00e7ue pour se d\u00e9placer magnifiquement, donnant \u00e0 chaque pas une impression de gr\u00e2ce et de fluidit\u00e9. L'ensemble fait de la robe de mari\u00e9e Anja la robe id\u00e9ale pour les mari\u00e9es qui aiment le romantisme, l'\u00e9l\u00e9gance et une touche de magie de conte de f\u00e9es lors de leur journ\u00e9e sp\u00e9ciale.","robots":{"index":"index","follow":"follow","max-snippet":"max-snippet:-1","max-image-preview":"max-image-preview:large","max-video-preview":"max-video-preview:-1"},"canonical":"https:\/\/www.koonings.com\/fr\/product\/azuree-bridal-anja-426-0232\/","og_locale":"fr_FR","og_type":"article","og_title":"Azuree Bridal Anja 426.0232 | Koonings","og_description":"La robe de mari\u00e9e Anja est un excellent choix pour les mari\u00e9es qui recherchent un style classique et romantique. Cette robe pr\u00e9sente une encolure d\u00e9collet\u00e9e sophistiqu\u00e9e et des manches longues, ce qui lui conf\u00e8re une allure \u00e9l\u00e9gante et f\u00e9minine. Les d\u00e9licates applications florales en 3D sur la dentelle ajoutent une dimension suppl\u00e9mentaire \u00e0 la robe et lui conf\u00e8rent un air de conte de f\u00e9es. Le corsage transparent apporte une touche subtile et s\u00e9duisante, sans nuire \u00e0 l'aspect classique de la robe. La jupe princesse cr\u00e9e une silhouette majestueuse, parfaite pour une mari\u00e9e qui souhaite faire une entr\u00e9e remarqu\u00e9e. Cette jupe est con\u00e7ue pour se d\u00e9placer magnifiquement, donnant \u00e0 chaque pas une impression de gr\u00e2ce et de fluidit\u00e9. L'ensemble fait de la robe de mari\u00e9e Anja la robe id\u00e9ale pour les mari\u00e9es qui aiment le romantisme, l'\u00e9l\u00e9gance et une touche de magie de conte de f\u00e9es lors de leur journ\u00e9e sp\u00e9ciale.","og_url":"https:\/\/www.koonings.com\/fr\/product\/azuree-bridal-anja-426-0232\/","og_site_name":"Koonings","article_publisher":"https:\/\/www.facebook.com\/kooningstheweddingpalace","og_image":[{"width":1536,"height":2170,"url":"https:\/\/www.koonings.com\/wp-content\/uploads\/2025\/09\/51479_f8c72b5c9495c8a170719ac1f3b2374cb3b5f7dba181ff478a3a414a4d6569d2e8ff5b26.jpeg","type":"image\/jpeg"}],"twitter_card":"summary_large_image","twitter_misc":{"Dur\u00e9e de lecture estim\u00e9e":"1 minute"},"schema":{"@context":"https:\/\/schema.org","@graph":[{"@type":"WebPage","@id":"https:\/\/www.koonings.com\/fr\/product\/azuree-bridal-anja-426-0232\/","url":"https:\/\/www.koonings.com\/fr\/product\/azuree-bridal-anja-426-0232\/","name":"Azuree Bridal Anja 426.0232 | Koonings","isPartOf":{"@id":"https:\/\/www.koonings.com\/fr\/#website"},"primaryImageOfPage":{"@id":"https:\/\/www.koonings.com\/fr\/product\/azuree-bridal-anja-426-0232\/#primaryimage"},"image":{"@id":"https:\/\/www.koonings.com\/fr\/product\/azuree-bridal-anja-426-0232\/#primaryimage"},"thumbnailUrl":"https:\/\/www.koonings.com\/wp-content\/uploads\/2025\/09\/51479_f8c72b5c9495c8a170719ac1f3b2374cb3b5f7dba181ff478a3a414a4d6569d2e8ff5b26.jpeg","datePublished":"2026-04-28T16:40:32+00:00","description":"La robe de mari\u00e9e Anja est un excellent choix pour les mari\u00e9es qui recherchent un style classique et romantique. Cette robe pr\u00e9sente une encolure d\u00e9collet\u00e9e sophistiqu\u00e9e et des manches longues, ce qui lui conf\u00e8re une allure \u00e9l\u00e9gante et f\u00e9minine. Les d\u00e9licates applications florales en 3D sur la dentelle ajoutent une dimension suppl\u00e9mentaire \u00e0 la robe et lui conf\u00e8rent un air de conte de f\u00e9es. Le corsage transparent apporte une touche subtile et s\u00e9duisante, sans nuire \u00e0 l'aspect classique de la robe. La jupe princesse cr\u00e9e une silhouette majestueuse, parfaite pour une mari\u00e9e qui souhaite faire une entr\u00e9e remarqu\u00e9e. Cette jupe est con\u00e7ue pour se d\u00e9placer magnifiquement, donnant \u00e0 chaque pas une impression de gr\u00e2ce et de fluidit\u00e9. L'ensemble fait de la robe de mari\u00e9e Anja la robe id\u00e9ale pour les mari\u00e9es qui aiment le romantisme, l'\u00e9l\u00e9gance et une touche de magie de conte de f\u00e9es lors de leur journ\u00e9e sp\u00e9ciale.","breadcrumb":{"@id":"https:\/\/www.koonings.com\/fr\/product\/azuree-bridal-anja-426-0232\/#breadcrumb"},"inLanguage":"fr-FR","potentialAction":[{"@type":"ReadAction","target":["https:\/\/www.koonings.com\/fr\/product\/azuree-bridal-anja-426-0232\/"]}]},{"@type":"ImageObject","inLanguage":"fr-FR","@id":"https:\/\/www.koonings.com\/fr\/product\/azuree-bridal-anja-426-0232\/#primaryimage","url":"https:\/\/www.koonings.com\/wp-content\/uploads\/2025\/09\/51479_f8c72b5c9495c8a170719ac1f3b2374cb3b5f7dba181ff478a3a414a4d6569d2e8ff5b26.jpeg","contentUrl":"https:\/\/www.koonings.com\/wp-content\/uploads\/2025\/09\/51479_f8c72b5c9495c8a170719ac1f3b2374cb3b5f7dba181ff478a3a414a4d6569d2e8ff5b26.jpeg","width":1536,"height":2170},{"@type":"BreadcrumbList","@id":"https:\/\/www.koonings.com\/fr\/product\/azuree-bridal-anja-426-0232\/#breadcrumb","itemListElement":[{"@type":"ListItem","position":1,"name":"Home","item":"https:\/\/www.koonings.com\/fr\/"},{"@type":"ListItem","position":2,"name":"Azuree Bridal Anja 426.0232"}]},{"@type":"WebSite","@id":"https:\/\/www.koonings.com\/fr\/#website","url":"https:\/\/www.koonings.com\/fr\/","name":"Koonings","description":"De grootste bruidsmodewinkel ter wereld","publisher":{"@id":"https:\/\/www.koonings.com\/fr\/#organization"},"potentialAction":[{"@type":"SearchAction","target":{"@type":"EntryPoint","urlTemplate":"https:\/\/www.koonings.com\/fr\/?s={search_term_string}"},"query-input":{"@type":"PropertyValueSpecification","valueRequired":true,"valueName":"search_term_string"}}],"inLanguage":"fr-FR"},{"@type":"Organization","@id":"https:\/\/www.koonings.com\/fr\/#organization","name":"Koonings","url":"https:\/\/www.koonings.com\/fr\/","logo":{"@type":"ImageObject","inLanguage":"fr-FR","@id":"https:\/\/www.koonings.com\/fr\/#\/schema\/logo\/image\/","url":"https:\/\/www.koonings.com\/wp-content\/uploads\/2024\/07\/logo.png","contentUrl":"https:\/\/www.koonings.com\/wp-content\/uploads\/2024\/07\/logo.png","width":600,"height":428,"caption":"Koonings"},"image":{"@id":"https:\/\/www.koonings.com\/fr\/#\/schema\/logo\/image\/"},"sameAs":["https:\/\/www.facebook.com\/kooningstheweddingpalace","https:\/\/www.instagram.com\/kooningstheweddingpalace","https:\/\/www.pinterest.com\/koonings","https:\/\/www.youtube.com\/kooningstheweddingpalace"]}]}},"_links":{"self":[{"href":"https:\/\/www.koonings.com\/fr\/wp-json\/wp\/v2\/product\/93978","targetHints":{"allow":["GET"]}}],"collection":[{"href":"https:\/\/www.koonings.com\/fr\/wp-json\/wp\/v2\/product"}],"about":[{"href":"https:\/\/www.koonings.com\/fr\/wp-json\/wp\/v2\/types\/product"}],"wp:featuredmedia":[{"embeddable":true,"href":"https:\/\/www.koonings.com\/fr\/wp-json\/wp\/v2\/media\/92458"}],"wp:attachment":[{"href":"https:\/\/www.koonings.com\/fr\/wp-json\/wp\/v2\/media?parent=93978"}],"wp:term":[{"taxonomy":"productdetails","embeddable":true,"href":"https:\/\/www.koonings.com\/fr\/wp-json\/wp\/v2\/productdetails?post=93978"},{"taxonomy":"productneck","embeddable":true,"href":"https:\/\/www.koonings.com\/fr\/wp-json\/wp\/v2\/productneck?post=93978"},{"taxonomy":"productcolor","embeddable":true,"href":"https:\/\/www.koonings.com\/fr\/wp-json\/wp\/v2\/productcolor?post=93978"},{"taxonomy":"maat","embeddable":true,"href":"https:\/\/www.koonings.com\/fr\/wp-json\/wp\/v2\/maat?post=93978"},{"taxonomy":"productsupplier","embeddable":true,"href":"https:\/\/www.koonings.com\/fr\/wp-json\/wp\/v2\/productsupplier?post=93978"},{"taxonomy":"productsleeve","embeddable":true,"href":"https:\/\/www.koonings.com\/fr\/wp-json\/wp\/v2\/productsleeve?post=93978"},{"taxonomy":"productcategory","embeddable":true,"href":"https:\/\/www.koonings.com\/fr\/wp-json\/wp\/v2\/productcategory?post=93978"},{"taxonomy":"productsilhouette","embeddable":true,"href":"https:\/\/www.koonings.com\/fr\/wp-json\/wp\/v2\/productsilhouette?post=93978"},{"taxonomy":"productstyle","embeddable":true,"href":"https:\/\/www.koonings.com\/fr\/wp-json\/wp\/v2\/productstyle?post=93978"}],"curies":[{"name":"wp","href":"https:\/\/api.w.org\/{rel}","templated":true}]}}