{"id":93977,"date":"2026-04-28T18:40:43","date_gmt":"2026-04-28T16:40:43","guid":{"rendered":"https:\/\/www.koonings.com\/product\/azuree-bridal-blanka-326-0121\/"},"modified":"2026-02-17T12:57:29","modified_gmt":"2026-02-17T11:57:29","slug":"azuree-bridal-blanka-326-0121","status":"publish","type":"product","link":"https:\/\/www.koonings.com\/fr\/product\/azuree-bridal-blanka-326-0121\/","title":{"rendered":"Azuree Bridal Blanka 326.0121"},"content":{"rendered":"<p>La robe de mari\u00e9e Blanka est une pure s\u00e9duction avec une touche d&#8217;\u00e9l\u00e9gance. Cette robe sir\u00e8ne glamour est con\u00e7ue pour la mari\u00e9e moderne qui veut montrer ses courbes f\u00e9minines avec fiert\u00e9. Le corsage transparent avec un profond d\u00e9collet\u00e9 en V et des appliques en dentelle \u00e9pouse parfaitement le corps et cr\u00e9e une silhouette sensuelle. Le tulle scintillant qui recouvre toute la robe apporte un \u00e9clat subtil \u00e0 chacun de vos pas. Avec son s\u00e9duisant bas du dos, ses d\u00e9licates bretelles en dentelle et sa tra\u00eene romantique, Blanka est le choix id\u00e9al pour une c\u00e9r\u00e9monie en soir\u00e9e ou un mariage chic en ville.    <\/p>\n","protected":false},"featured_media":92086,"template":"","meta":{"_acf_changed":false,"ghostkit_customizer_options":"","ghostkit_custom_css":"","ghostkit_custom_js_head":"","ghostkit_custom_js_foot":"","ghostkit_typography":""},"productdetails":[379,377,376,381],"productneck":[356],"productcolor":[393,392],"maat":[],"productsupplier":[533],"productsleeve":[359],"productcategory":[18],"productsilhouette":[387],"productstyle":[366],"class_list":["post-93977","product","type-product","status-publish","has-post-thumbnail","hentry","productdetails-379","productdetails-377","productdetails-376","productdetails-381","productneck-356","productcolor-393","productcolor-392","productsupplier-azuree-bridal","productsleeve-359","productcategory-trouwjurken","productsilhouette-387","productstyle-366"],"acf":[],"yoast_head":"<!-- This site is optimized with the Yoast SEO plugin v27.3 - https:\/\/yoast.com\/product\/yoast-seo-wordpress\/ -->\n<title>Azuree Bridal Blanka 326.0121 | Koonings<\/title>\n<meta name=\"description\" content=\"La robe de mari\u00e9e Blanka est une pure s\u00e9duction avec une touche d&#039;\u00e9l\u00e9gance. Cette robe sir\u00e8ne glamour est con\u00e7ue pour la mari\u00e9e moderne qui veut montrer ses courbes f\u00e9minines avec fiert\u00e9. Le corsage transparent avec un profond d\u00e9collet\u00e9 en V et des appliques en dentelle \u00e9pouse parfaitement le corps et cr\u00e9e une silhouette sensuelle. Le tulle scintillant qui recouvre toute la robe apporte un \u00e9clat subtil \u00e0 chacun de vos pas. Avec son s\u00e9duisant bas du dos, ses d\u00e9licates bretelles en dentelle et sa tra\u00eene romantique, Blanka est le choix id\u00e9al pour une c\u00e9r\u00e9monie en soir\u00e9e ou un mariage chic en ville.\" \/>\n<meta name=\"robots\" content=\"index, follow, max-snippet:-1, max-image-preview:large, max-video-preview:-1\" \/>\n<link rel=\"canonical\" href=\"https:\/\/www.koonings.com\/fr\/product\/azuree-bridal-blanka-326-0121\/\" \/>\n<meta property=\"og:locale\" content=\"fr_FR\" \/>\n<meta property=\"og:type\" content=\"article\" \/>\n<meta property=\"og:title\" content=\"Azuree Bridal Blanka 326.0121 | Koonings\" \/>\n<meta property=\"og:description\" content=\"La robe de mari\u00e9e Blanka est une pure s\u00e9duction avec une touche d&#039;\u00e9l\u00e9gance. Cette robe sir\u00e8ne glamour est con\u00e7ue pour la mari\u00e9e moderne qui veut montrer ses courbes f\u00e9minines avec fiert\u00e9. Le corsage transparent avec un profond d\u00e9collet\u00e9 en V et des appliques en dentelle \u00e9pouse parfaitement le corps et cr\u00e9e une silhouette sensuelle. Le tulle scintillant qui recouvre toute la robe apporte un \u00e9clat subtil \u00e0 chacun de vos pas. Avec son s\u00e9duisant bas du dos, ses d\u00e9licates bretelles en dentelle et sa tra\u00eene romantique, Blanka est le choix id\u00e9al pour une c\u00e9r\u00e9monie en soir\u00e9e ou un mariage chic en ville.\" \/>\n<meta property=\"og:url\" content=\"https:\/\/www.koonings.com\/fr\/product\/azuree-bridal-blanka-326-0121\/\" \/>\n<meta property=\"og:site_name\" content=\"Koonings\" \/>\n<meta property=\"article:publisher\" content=\"https:\/\/www.facebook.com\/kooningstheweddingpalace\" \/>\n<meta property=\"og:image\" content=\"https:\/\/www.koonings.com\/wp-content\/uploads\/2025\/09\/51508_1417fa61873160f90d7c7e0c8b9001f2332022d6c500d475c429f52b1809848df53c66aa.jpeg\" \/>\n\t<meta property=\"og:image:width\" content=\"1597\" \/>\n\t<meta property=\"og:image:height\" content=\"2259\" \/>\n\t<meta property=\"og:image:type\" content=\"image\/jpeg\" \/>\n<meta name=\"twitter:card\" content=\"summary_large_image\" \/>\n<meta name=\"twitter:label1\" content=\"Dur\u00e9e de lecture estim\u00e9e\" \/>\n\t<meta name=\"twitter:data1\" content=\"1 minute\" \/>\n<script type=\"application\/ld+json\" class=\"yoast-schema-graph\">{\"@context\":\"https:\\\/\\\/schema.org\",\"@graph\":[{\"@type\":\"WebPage\",\"@id\":\"https:\\\/\\\/www.koonings.com\\\/fr\\\/product\\\/azuree-bridal-blanka-326-0121\\\/\",\"url\":\"https:\\\/\\\/www.koonings.com\\\/fr\\\/product\\\/azuree-bridal-blanka-326-0121\\\/\",\"name\":\"Azuree Bridal Blanka 326.0121 | Koonings\",\"isPartOf\":{\"@id\":\"https:\\\/\\\/www.koonings.com\\\/fr\\\/#website\"},\"primaryImageOfPage\":{\"@id\":\"https:\\\/\\\/www.koonings.com\\\/fr\\\/product\\\/azuree-bridal-blanka-326-0121\\\/#primaryimage\"},\"image\":{\"@id\":\"https:\\\/\\\/www.koonings.com\\\/fr\\\/product\\\/azuree-bridal-blanka-326-0121\\\/#primaryimage\"},\"thumbnailUrl\":\"https:\\\/\\\/www.koonings.com\\\/wp-content\\\/uploads\\\/2025\\\/09\\\/51508_1417fa61873160f90d7c7e0c8b9001f2332022d6c500d475c429f52b1809848df53c66aa.jpeg\",\"datePublished\":\"2026-04-28T16:40:43+00:00\",\"description\":\"La robe de mari\u00e9e Blanka est une pure s\u00e9duction avec une touche d'\u00e9l\u00e9gance. Cette robe sir\u00e8ne glamour est con\u00e7ue pour la mari\u00e9e moderne qui veut montrer ses courbes f\u00e9minines avec fiert\u00e9. Le corsage transparent avec un profond d\u00e9collet\u00e9 en V et des appliques en dentelle \u00e9pouse parfaitement le corps et cr\u00e9e une silhouette sensuelle. Le tulle scintillant qui recouvre toute la robe apporte un \u00e9clat subtil \u00e0 chacun de vos pas. Avec son s\u00e9duisant bas du dos, ses d\u00e9licates bretelles en dentelle et sa tra\u00eene romantique, Blanka est le choix id\u00e9al pour une c\u00e9r\u00e9monie en soir\u00e9e ou un mariage chic en ville.\",\"breadcrumb\":{\"@id\":\"https:\\\/\\\/www.koonings.com\\\/fr\\\/product\\\/azuree-bridal-blanka-326-0121\\\/#breadcrumb\"},\"inLanguage\":\"fr-FR\",\"potentialAction\":[{\"@type\":\"ReadAction\",\"target\":[\"https:\\\/\\\/www.koonings.com\\\/fr\\\/product\\\/azuree-bridal-blanka-326-0121\\\/\"]}]},{\"@type\":\"ImageObject\",\"inLanguage\":\"fr-FR\",\"@id\":\"https:\\\/\\\/www.koonings.com\\\/fr\\\/product\\\/azuree-bridal-blanka-326-0121\\\/#primaryimage\",\"url\":\"https:\\\/\\\/www.koonings.com\\\/wp-content\\\/uploads\\\/2025\\\/09\\\/51508_1417fa61873160f90d7c7e0c8b9001f2332022d6c500d475c429f52b1809848df53c66aa.jpeg\",\"contentUrl\":\"https:\\\/\\\/www.koonings.com\\\/wp-content\\\/uploads\\\/2025\\\/09\\\/51508_1417fa61873160f90d7c7e0c8b9001f2332022d6c500d475c429f52b1809848df53c66aa.jpeg\",\"width\":1597,\"height\":2259},{\"@type\":\"BreadcrumbList\",\"@id\":\"https:\\\/\\\/www.koonings.com\\\/fr\\\/product\\\/azuree-bridal-blanka-326-0121\\\/#breadcrumb\",\"itemListElement\":[{\"@type\":\"ListItem\",\"position\":1,\"name\":\"Home\",\"item\":\"https:\\\/\\\/www.koonings.com\\\/fr\\\/\"},{\"@type\":\"ListItem\",\"position\":2,\"name\":\"Azuree Bridal Blanka 326.0121\"}]},{\"@type\":\"WebSite\",\"@id\":\"https:\\\/\\\/www.koonings.com\\\/fr\\\/#website\",\"url\":\"https:\\\/\\\/www.koonings.com\\\/fr\\\/\",\"name\":\"Koonings\",\"description\":\"De grootste bruidsmodewinkel ter wereld\",\"publisher\":{\"@id\":\"https:\\\/\\\/www.koonings.com\\\/fr\\\/#organization\"},\"potentialAction\":[{\"@type\":\"SearchAction\",\"target\":{\"@type\":\"EntryPoint\",\"urlTemplate\":\"https:\\\/\\\/www.koonings.com\\\/fr\\\/?s={search_term_string}\"},\"query-input\":{\"@type\":\"PropertyValueSpecification\",\"valueRequired\":true,\"valueName\":\"search_term_string\"}}],\"inLanguage\":\"fr-FR\"},{\"@type\":\"Organization\",\"@id\":\"https:\\\/\\\/www.koonings.com\\\/fr\\\/#organization\",\"name\":\"Koonings\",\"url\":\"https:\\\/\\\/www.koonings.com\\\/fr\\\/\",\"logo\":{\"@type\":\"ImageObject\",\"inLanguage\":\"fr-FR\",\"@id\":\"https:\\\/\\\/www.koonings.com\\\/fr\\\/#\\\/schema\\\/logo\\\/image\\\/\",\"url\":\"https:\\\/\\\/www.koonings.com\\\/wp-content\\\/uploads\\\/2024\\\/07\\\/logo.png\",\"contentUrl\":\"https:\\\/\\\/www.koonings.com\\\/wp-content\\\/uploads\\\/2024\\\/07\\\/logo.png\",\"width\":600,\"height\":428,\"caption\":\"Koonings\"},\"image\":{\"@id\":\"https:\\\/\\\/www.koonings.com\\\/fr\\\/#\\\/schema\\\/logo\\\/image\\\/\"},\"sameAs\":[\"https:\\\/\\\/www.facebook.com\\\/kooningstheweddingpalace\",\"https:\\\/\\\/www.instagram.com\\\/kooningstheweddingpalace\",\"https:\\\/\\\/www.pinterest.com\\\/koonings\",\"https:\\\/\\\/www.youtube.com\\\/kooningstheweddingpalace\"]}]}<\/script>\n<!-- \/ Yoast SEO plugin. -->","yoast_head_json":{"title":"Azuree Bridal Blanka 326.0121 | Koonings","description":"La robe de mari\u00e9e Blanka est une pure s\u00e9duction avec une touche d'\u00e9l\u00e9gance. Cette robe sir\u00e8ne glamour est con\u00e7ue pour la mari\u00e9e moderne qui veut montrer ses courbes f\u00e9minines avec fiert\u00e9. Le corsage transparent avec un profond d\u00e9collet\u00e9 en V et des appliques en dentelle \u00e9pouse parfaitement le corps et cr\u00e9e une silhouette sensuelle. Le tulle scintillant qui recouvre toute la robe apporte un \u00e9clat subtil \u00e0 chacun de vos pas. Avec son s\u00e9duisant bas du dos, ses d\u00e9licates bretelles en dentelle et sa tra\u00eene romantique, Blanka est le choix id\u00e9al pour une c\u00e9r\u00e9monie en soir\u00e9e ou un mariage chic en ville.","robots":{"index":"index","follow":"follow","max-snippet":"max-snippet:-1","max-image-preview":"max-image-preview:large","max-video-preview":"max-video-preview:-1"},"canonical":"https:\/\/www.koonings.com\/fr\/product\/azuree-bridal-blanka-326-0121\/","og_locale":"fr_FR","og_type":"article","og_title":"Azuree Bridal Blanka 326.0121 | Koonings","og_description":"La robe de mari\u00e9e Blanka est une pure s\u00e9duction avec une touche d'\u00e9l\u00e9gance. Cette robe sir\u00e8ne glamour est con\u00e7ue pour la mari\u00e9e moderne qui veut montrer ses courbes f\u00e9minines avec fiert\u00e9. Le corsage transparent avec un profond d\u00e9collet\u00e9 en V et des appliques en dentelle \u00e9pouse parfaitement le corps et cr\u00e9e une silhouette sensuelle. Le tulle scintillant qui recouvre toute la robe apporte un \u00e9clat subtil \u00e0 chacun de vos pas. Avec son s\u00e9duisant bas du dos, ses d\u00e9licates bretelles en dentelle et sa tra\u00eene romantique, Blanka est le choix id\u00e9al pour une c\u00e9r\u00e9monie en soir\u00e9e ou un mariage chic en ville.","og_url":"https:\/\/www.koonings.com\/fr\/product\/azuree-bridal-blanka-326-0121\/","og_site_name":"Koonings","article_publisher":"https:\/\/www.facebook.com\/kooningstheweddingpalace","og_image":[{"width":1597,"height":2259,"url":"https:\/\/www.koonings.com\/wp-content\/uploads\/2025\/09\/51508_1417fa61873160f90d7c7e0c8b9001f2332022d6c500d475c429f52b1809848df53c66aa.jpeg","type":"image\/jpeg"}],"twitter_card":"summary_large_image","twitter_misc":{"Dur\u00e9e de lecture estim\u00e9e":"1 minute"},"schema":{"@context":"https:\/\/schema.org","@graph":[{"@type":"WebPage","@id":"https:\/\/www.koonings.com\/fr\/product\/azuree-bridal-blanka-326-0121\/","url":"https:\/\/www.koonings.com\/fr\/product\/azuree-bridal-blanka-326-0121\/","name":"Azuree Bridal Blanka 326.0121 | Koonings","isPartOf":{"@id":"https:\/\/www.koonings.com\/fr\/#website"},"primaryImageOfPage":{"@id":"https:\/\/www.koonings.com\/fr\/product\/azuree-bridal-blanka-326-0121\/#primaryimage"},"image":{"@id":"https:\/\/www.koonings.com\/fr\/product\/azuree-bridal-blanka-326-0121\/#primaryimage"},"thumbnailUrl":"https:\/\/www.koonings.com\/wp-content\/uploads\/2025\/09\/51508_1417fa61873160f90d7c7e0c8b9001f2332022d6c500d475c429f52b1809848df53c66aa.jpeg","datePublished":"2026-04-28T16:40:43+00:00","description":"La robe de mari\u00e9e Blanka est une pure s\u00e9duction avec une touche d'\u00e9l\u00e9gance. Cette robe sir\u00e8ne glamour est con\u00e7ue pour la mari\u00e9e moderne qui veut montrer ses courbes f\u00e9minines avec fiert\u00e9. Le corsage transparent avec un profond d\u00e9collet\u00e9 en V et des appliques en dentelle \u00e9pouse parfaitement le corps et cr\u00e9e une silhouette sensuelle. Le tulle scintillant qui recouvre toute la robe apporte un \u00e9clat subtil \u00e0 chacun de vos pas. Avec son s\u00e9duisant bas du dos, ses d\u00e9licates bretelles en dentelle et sa tra\u00eene romantique, Blanka est le choix id\u00e9al pour une c\u00e9r\u00e9monie en soir\u00e9e ou un mariage chic en ville.","breadcrumb":{"@id":"https:\/\/www.koonings.com\/fr\/product\/azuree-bridal-blanka-326-0121\/#breadcrumb"},"inLanguage":"fr-FR","potentialAction":[{"@type":"ReadAction","target":["https:\/\/www.koonings.com\/fr\/product\/azuree-bridal-blanka-326-0121\/"]}]},{"@type":"ImageObject","inLanguage":"fr-FR","@id":"https:\/\/www.koonings.com\/fr\/product\/azuree-bridal-blanka-326-0121\/#primaryimage","url":"https:\/\/www.koonings.com\/wp-content\/uploads\/2025\/09\/51508_1417fa61873160f90d7c7e0c8b9001f2332022d6c500d475c429f52b1809848df53c66aa.jpeg","contentUrl":"https:\/\/www.koonings.com\/wp-content\/uploads\/2025\/09\/51508_1417fa61873160f90d7c7e0c8b9001f2332022d6c500d475c429f52b1809848df53c66aa.jpeg","width":1597,"height":2259},{"@type":"BreadcrumbList","@id":"https:\/\/www.koonings.com\/fr\/product\/azuree-bridal-blanka-326-0121\/#breadcrumb","itemListElement":[{"@type":"ListItem","position":1,"name":"Home","item":"https:\/\/www.koonings.com\/fr\/"},{"@type":"ListItem","position":2,"name":"Azuree Bridal Blanka 326.0121"}]},{"@type":"WebSite","@id":"https:\/\/www.koonings.com\/fr\/#website","url":"https:\/\/www.koonings.com\/fr\/","name":"Koonings","description":"De grootste bruidsmodewinkel ter wereld","publisher":{"@id":"https:\/\/www.koonings.com\/fr\/#organization"},"potentialAction":[{"@type":"SearchAction","target":{"@type":"EntryPoint","urlTemplate":"https:\/\/www.koonings.com\/fr\/?s={search_term_string}"},"query-input":{"@type":"PropertyValueSpecification","valueRequired":true,"valueName":"search_term_string"}}],"inLanguage":"fr-FR"},{"@type":"Organization","@id":"https:\/\/www.koonings.com\/fr\/#organization","name":"Koonings","url":"https:\/\/www.koonings.com\/fr\/","logo":{"@type":"ImageObject","inLanguage":"fr-FR","@id":"https:\/\/www.koonings.com\/fr\/#\/schema\/logo\/image\/","url":"https:\/\/www.koonings.com\/wp-content\/uploads\/2024\/07\/logo.png","contentUrl":"https:\/\/www.koonings.com\/wp-content\/uploads\/2024\/07\/logo.png","width":600,"height":428,"caption":"Koonings"},"image":{"@id":"https:\/\/www.koonings.com\/fr\/#\/schema\/logo\/image\/"},"sameAs":["https:\/\/www.facebook.com\/kooningstheweddingpalace","https:\/\/www.instagram.com\/kooningstheweddingpalace","https:\/\/www.pinterest.com\/koonings","https:\/\/www.youtube.com\/kooningstheweddingpalace"]}]}},"_links":{"self":[{"href":"https:\/\/www.koonings.com\/fr\/wp-json\/wp\/v2\/product\/93977","targetHints":{"allow":["GET"]}}],"collection":[{"href":"https:\/\/www.koonings.com\/fr\/wp-json\/wp\/v2\/product"}],"about":[{"href":"https:\/\/www.koonings.com\/fr\/wp-json\/wp\/v2\/types\/product"}],"wp:featuredmedia":[{"embeddable":true,"href":"https:\/\/www.koonings.com\/fr\/wp-json\/wp\/v2\/media\/92086"}],"wp:attachment":[{"href":"https:\/\/www.koonings.com\/fr\/wp-json\/wp\/v2\/media?parent=93977"}],"wp:term":[{"taxonomy":"productdetails","embeddable":true,"href":"https:\/\/www.koonings.com\/fr\/wp-json\/wp\/v2\/productdetails?post=93977"},{"taxonomy":"productneck","embeddable":true,"href":"https:\/\/www.koonings.com\/fr\/wp-json\/wp\/v2\/productneck?post=93977"},{"taxonomy":"productcolor","embeddable":true,"href":"https:\/\/www.koonings.com\/fr\/wp-json\/wp\/v2\/productcolor?post=93977"},{"taxonomy":"maat","embeddable":true,"href":"https:\/\/www.koonings.com\/fr\/wp-json\/wp\/v2\/maat?post=93977"},{"taxonomy":"productsupplier","embeddable":true,"href":"https:\/\/www.koonings.com\/fr\/wp-json\/wp\/v2\/productsupplier?post=93977"},{"taxonomy":"productsleeve","embeddable":true,"href":"https:\/\/www.koonings.com\/fr\/wp-json\/wp\/v2\/productsleeve?post=93977"},{"taxonomy":"productcategory","embeddable":true,"href":"https:\/\/www.koonings.com\/fr\/wp-json\/wp\/v2\/productcategory?post=93977"},{"taxonomy":"productsilhouette","embeddable":true,"href":"https:\/\/www.koonings.com\/fr\/wp-json\/wp\/v2\/productsilhouette?post=93977"},{"taxonomy":"productstyle","embeddable":true,"href":"https:\/\/www.koonings.com\/fr\/wp-json\/wp\/v2\/productstyle?post=93977"}],"curies":[{"name":"wp","href":"https:\/\/api.w.org\/{rel}","templated":true}]}}