{"id":93975,"date":"2026-04-28T18:40:33","date_gmt":"2026-04-28T16:40:33","guid":{"rendered":"https:\/\/www.koonings.com\/product\/azuree-bridal-annastacia-4260251\/"},"modified":"2026-02-17T12:53:21","modified_gmt":"2026-02-17T11:53:21","slug":"azuree-bridal-annastacia-4260251","status":"publish","type":"product","link":"https:\/\/www.koonings.com\/fr\/product\/azuree-bridal-annastacia-4260251\/","title":{"rendered":"Azuree Bridal Annastacia 4260251"},"content":{"rendered":"<p>La robe de mari\u00e9e Annastracia est un choix enchanteur pour les mari\u00e9es qui r\u00eavent d&#8217;un look de conte de f\u00e9es. La robe pr\u00e9sente un magnifique d\u00e9collet\u00e9 \u00e0 godrons, agr\u00e9ment\u00e9 de perles subtilement dispers\u00e9es pour un effet \u00e9tincelant. Les appliques de dentelle d\u00e9taill\u00e9es forment un magnifique motif qui se prolonge jusqu&#8217;\u00e0 la jupe princesse, cr\u00e9ant ainsi une silhouette majestueuse. La jupe est faite de tulle doux et scintillant, ce qui ajoute une touche de glamour tandis que la jupe tombe gracieusement et de fa\u00e7on a\u00e9rienne. Le dos illusionn\u00e9 avec des boutons ajoute de la sophistication \u00e0 la robe, cr\u00e9ant un look classique avec une touche de modernit\u00e9. Cette robe est parfaite pour les mari\u00e9es qui recherchent une combinaison d&#8217;\u00e9l\u00e9gance et de romantisme.     <\/p>\n","protected":false},"featured_media":92486,"template":"","meta":{"_acf_changed":false,"ghostkit_customizer_options":"","ghostkit_custom_css":"","ghostkit_custom_js_head":"","ghostkit_custom_js_foot":"","ghostkit_typography":""},"productdetails":[376,381],"productneck":[351],"productcolor":[393,392],"maat":[],"productsupplier":[533],"productsleeve":[359],"productcategory":[18],"productsilhouette":[388],"productstyle":[372,366],"class_list":["post-93975","product","type-product","status-publish","has-post-thumbnail","hentry","productdetails-376","productdetails-381","productneck-351","productcolor-393","productcolor-392","productsupplier-azuree-bridal","productsleeve-359","productcategory-trouwjurken","productsilhouette-388","productstyle-372","productstyle-366"],"acf":[],"yoast_head":"<!-- This site is optimized with the Yoast SEO plugin v27.3 - https:\/\/yoast.com\/product\/yoast-seo-wordpress\/ -->\n<title>Azuree Bridal Annastacia 4260251 | Koonings<\/title>\n<meta name=\"description\" content=\"La robe de mari\u00e9e Annastracia est un choix enchanteur pour les mari\u00e9es qui r\u00eavent d&#039;un look de conte de f\u00e9es. La robe pr\u00e9sente un magnifique d\u00e9collet\u00e9 \u00e0 godrons, agr\u00e9ment\u00e9 de perles subtilement dispers\u00e9es pour un effet \u00e9tincelant. Les appliques de dentelle d\u00e9taill\u00e9es forment un magnifique motif qui se prolonge jusqu&#039;\u00e0 la jupe princesse, cr\u00e9ant ainsi une silhouette majestueuse. La jupe est faite de tulle doux et scintillant, ce qui ajoute une touche de glamour tandis que la jupe tombe gracieusement et de fa\u00e7on a\u00e9rienne. Le dos illusionn\u00e9 avec des boutons ajoute de la sophistication \u00e0 la robe, cr\u00e9ant un look classique avec une touche de modernit\u00e9. Cette robe est parfaite pour les mari\u00e9es qui recherchent une combinaison d&#039;\u00e9l\u00e9gance et de romantisme.\" \/>\n<meta name=\"robots\" content=\"index, follow, max-snippet:-1, max-image-preview:large, max-video-preview:-1\" \/>\n<link rel=\"canonical\" href=\"https:\/\/www.koonings.com\/fr\/product\/azuree-bridal-annastacia-4260251\/\" \/>\n<meta property=\"og:locale\" content=\"fr_FR\" \/>\n<meta property=\"og:type\" content=\"article\" \/>\n<meta property=\"og:title\" content=\"Azuree Bridal Annastacia 4260251 | Koonings\" \/>\n<meta property=\"og:description\" content=\"La robe de mari\u00e9e Annastracia est un choix enchanteur pour les mari\u00e9es qui r\u00eavent d&#039;un look de conte de f\u00e9es. La robe pr\u00e9sente un magnifique d\u00e9collet\u00e9 \u00e0 godrons, agr\u00e9ment\u00e9 de perles subtilement dispers\u00e9es pour un effet \u00e9tincelant. Les appliques de dentelle d\u00e9taill\u00e9es forment un magnifique motif qui se prolonge jusqu&#039;\u00e0 la jupe princesse, cr\u00e9ant ainsi une silhouette majestueuse. La jupe est faite de tulle doux et scintillant, ce qui ajoute une touche de glamour tandis que la jupe tombe gracieusement et de fa\u00e7on a\u00e9rienne. Le dos illusionn\u00e9 avec des boutons ajoute de la sophistication \u00e0 la robe, cr\u00e9ant un look classique avec une touche de modernit\u00e9. Cette robe est parfaite pour les mari\u00e9es qui recherchent une combinaison d&#039;\u00e9l\u00e9gance et de romantisme.\" \/>\n<meta property=\"og:url\" content=\"https:\/\/www.koonings.com\/fr\/product\/azuree-bridal-annastacia-4260251\/\" \/>\n<meta property=\"og:site_name\" content=\"Koonings\" \/>\n<meta property=\"article:publisher\" content=\"https:\/\/www.facebook.com\/kooningstheweddingpalace\" \/>\n<meta property=\"og:image\" content=\"https:\/\/www.koonings.com\/wp-content\/uploads\/2025\/09\/51482_ddf9e0003b9dc927dab4152c115cdc34bb38fa145f295461f1a4ff18422b47c2cbd16787.jpeg\" \/>\n\t<meta property=\"og:image:width\" content=\"1290\" \/>\n\t<meta property=\"og:image:height\" content=\"1821\" \/>\n\t<meta property=\"og:image:type\" content=\"image\/jpeg\" \/>\n<meta name=\"twitter:card\" content=\"summary_large_image\" \/>\n<meta name=\"twitter:label1\" content=\"Dur\u00e9e de lecture estim\u00e9e\" \/>\n\t<meta name=\"twitter:data1\" content=\"1 minute\" \/>\n<script type=\"application\/ld+json\" class=\"yoast-schema-graph\">{\"@context\":\"https:\\\/\\\/schema.org\",\"@graph\":[{\"@type\":\"WebPage\",\"@id\":\"https:\\\/\\\/www.koonings.com\\\/fr\\\/product\\\/azuree-bridal-annastacia-4260251\\\/\",\"url\":\"https:\\\/\\\/www.koonings.com\\\/fr\\\/product\\\/azuree-bridal-annastacia-4260251\\\/\",\"name\":\"Azuree Bridal Annastacia 4260251 | Koonings\",\"isPartOf\":{\"@id\":\"https:\\\/\\\/www.koonings.com\\\/fr\\\/#website\"},\"primaryImageOfPage\":{\"@id\":\"https:\\\/\\\/www.koonings.com\\\/fr\\\/product\\\/azuree-bridal-annastacia-4260251\\\/#primaryimage\"},\"image\":{\"@id\":\"https:\\\/\\\/www.koonings.com\\\/fr\\\/product\\\/azuree-bridal-annastacia-4260251\\\/#primaryimage\"},\"thumbnailUrl\":\"https:\\\/\\\/www.koonings.com\\\/wp-content\\\/uploads\\\/2025\\\/09\\\/51482_ddf9e0003b9dc927dab4152c115cdc34bb38fa145f295461f1a4ff18422b47c2cbd16787.jpeg\",\"datePublished\":\"2026-04-28T16:40:33+00:00\",\"description\":\"La robe de mari\u00e9e Annastracia est un choix enchanteur pour les mari\u00e9es qui r\u00eavent d'un look de conte de f\u00e9es. La robe pr\u00e9sente un magnifique d\u00e9collet\u00e9 \u00e0 godrons, agr\u00e9ment\u00e9 de perles subtilement dispers\u00e9es pour un effet \u00e9tincelant. Les appliques de dentelle d\u00e9taill\u00e9es forment un magnifique motif qui se prolonge jusqu'\u00e0 la jupe princesse, cr\u00e9ant ainsi une silhouette majestueuse. La jupe est faite de tulle doux et scintillant, ce qui ajoute une touche de glamour tandis que la jupe tombe gracieusement et de fa\u00e7on a\u00e9rienne. Le dos illusionn\u00e9 avec des boutons ajoute de la sophistication \u00e0 la robe, cr\u00e9ant un look classique avec une touche de modernit\u00e9. Cette robe est parfaite pour les mari\u00e9es qui recherchent une combinaison d'\u00e9l\u00e9gance et de romantisme.\",\"breadcrumb\":{\"@id\":\"https:\\\/\\\/www.koonings.com\\\/fr\\\/product\\\/azuree-bridal-annastacia-4260251\\\/#breadcrumb\"},\"inLanguage\":\"fr-FR\",\"potentialAction\":[{\"@type\":\"ReadAction\",\"target\":[\"https:\\\/\\\/www.koonings.com\\\/fr\\\/product\\\/azuree-bridal-annastacia-4260251\\\/\"]}]},{\"@type\":\"ImageObject\",\"inLanguage\":\"fr-FR\",\"@id\":\"https:\\\/\\\/www.koonings.com\\\/fr\\\/product\\\/azuree-bridal-annastacia-4260251\\\/#primaryimage\",\"url\":\"https:\\\/\\\/www.koonings.com\\\/wp-content\\\/uploads\\\/2025\\\/09\\\/51482_ddf9e0003b9dc927dab4152c115cdc34bb38fa145f295461f1a4ff18422b47c2cbd16787.jpeg\",\"contentUrl\":\"https:\\\/\\\/www.koonings.com\\\/wp-content\\\/uploads\\\/2025\\\/09\\\/51482_ddf9e0003b9dc927dab4152c115cdc34bb38fa145f295461f1a4ff18422b47c2cbd16787.jpeg\",\"width\":1290,\"height\":1821},{\"@type\":\"BreadcrumbList\",\"@id\":\"https:\\\/\\\/www.koonings.com\\\/fr\\\/product\\\/azuree-bridal-annastacia-4260251\\\/#breadcrumb\",\"itemListElement\":[{\"@type\":\"ListItem\",\"position\":1,\"name\":\"Home\",\"item\":\"https:\\\/\\\/www.koonings.com\\\/fr\\\/\"},{\"@type\":\"ListItem\",\"position\":2,\"name\":\"Azuree Bridal Annastacia 4260251\"}]},{\"@type\":\"WebSite\",\"@id\":\"https:\\\/\\\/www.koonings.com\\\/fr\\\/#website\",\"url\":\"https:\\\/\\\/www.koonings.com\\\/fr\\\/\",\"name\":\"Koonings\",\"description\":\"De grootste bruidsmodewinkel ter wereld\",\"publisher\":{\"@id\":\"https:\\\/\\\/www.koonings.com\\\/fr\\\/#organization\"},\"potentialAction\":[{\"@type\":\"SearchAction\",\"target\":{\"@type\":\"EntryPoint\",\"urlTemplate\":\"https:\\\/\\\/www.koonings.com\\\/fr\\\/?s={search_term_string}\"},\"query-input\":{\"@type\":\"PropertyValueSpecification\",\"valueRequired\":true,\"valueName\":\"search_term_string\"}}],\"inLanguage\":\"fr-FR\"},{\"@type\":\"Organization\",\"@id\":\"https:\\\/\\\/www.koonings.com\\\/fr\\\/#organization\",\"name\":\"Koonings\",\"url\":\"https:\\\/\\\/www.koonings.com\\\/fr\\\/\",\"logo\":{\"@type\":\"ImageObject\",\"inLanguage\":\"fr-FR\",\"@id\":\"https:\\\/\\\/www.koonings.com\\\/fr\\\/#\\\/schema\\\/logo\\\/image\\\/\",\"url\":\"https:\\\/\\\/www.koonings.com\\\/wp-content\\\/uploads\\\/2024\\\/07\\\/logo.png\",\"contentUrl\":\"https:\\\/\\\/www.koonings.com\\\/wp-content\\\/uploads\\\/2024\\\/07\\\/logo.png\",\"width\":600,\"height\":428,\"caption\":\"Koonings\"},\"image\":{\"@id\":\"https:\\\/\\\/www.koonings.com\\\/fr\\\/#\\\/schema\\\/logo\\\/image\\\/\"},\"sameAs\":[\"https:\\\/\\\/www.facebook.com\\\/kooningstheweddingpalace\",\"https:\\\/\\\/www.instagram.com\\\/kooningstheweddingpalace\",\"https:\\\/\\\/www.pinterest.com\\\/koonings\",\"https:\\\/\\\/www.youtube.com\\\/kooningstheweddingpalace\"]}]}<\/script>\n<!-- \/ Yoast SEO plugin. -->","yoast_head_json":{"title":"Azuree Bridal Annastacia 4260251 | Koonings","description":"La robe de mari\u00e9e Annastracia est un choix enchanteur pour les mari\u00e9es qui r\u00eavent d'un look de conte de f\u00e9es. La robe pr\u00e9sente un magnifique d\u00e9collet\u00e9 \u00e0 godrons, agr\u00e9ment\u00e9 de perles subtilement dispers\u00e9es pour un effet \u00e9tincelant. Les appliques de dentelle d\u00e9taill\u00e9es forment un magnifique motif qui se prolonge jusqu'\u00e0 la jupe princesse, cr\u00e9ant ainsi une silhouette majestueuse. La jupe est faite de tulle doux et scintillant, ce qui ajoute une touche de glamour tandis que la jupe tombe gracieusement et de fa\u00e7on a\u00e9rienne. Le dos illusionn\u00e9 avec des boutons ajoute de la sophistication \u00e0 la robe, cr\u00e9ant un look classique avec une touche de modernit\u00e9. Cette robe est parfaite pour les mari\u00e9es qui recherchent une combinaison d'\u00e9l\u00e9gance et de romantisme.","robots":{"index":"index","follow":"follow","max-snippet":"max-snippet:-1","max-image-preview":"max-image-preview:large","max-video-preview":"max-video-preview:-1"},"canonical":"https:\/\/www.koonings.com\/fr\/product\/azuree-bridal-annastacia-4260251\/","og_locale":"fr_FR","og_type":"article","og_title":"Azuree Bridal Annastacia 4260251 | Koonings","og_description":"La robe de mari\u00e9e Annastracia est un choix enchanteur pour les mari\u00e9es qui r\u00eavent d'un look de conte de f\u00e9es. La robe pr\u00e9sente un magnifique d\u00e9collet\u00e9 \u00e0 godrons, agr\u00e9ment\u00e9 de perles subtilement dispers\u00e9es pour un effet \u00e9tincelant. Les appliques de dentelle d\u00e9taill\u00e9es forment un magnifique motif qui se prolonge jusqu'\u00e0 la jupe princesse, cr\u00e9ant ainsi une silhouette majestueuse. La jupe est faite de tulle doux et scintillant, ce qui ajoute une touche de glamour tandis que la jupe tombe gracieusement et de fa\u00e7on a\u00e9rienne. Le dos illusionn\u00e9 avec des boutons ajoute de la sophistication \u00e0 la robe, cr\u00e9ant un look classique avec une touche de modernit\u00e9. Cette robe est parfaite pour les mari\u00e9es qui recherchent une combinaison d'\u00e9l\u00e9gance et de romantisme.","og_url":"https:\/\/www.koonings.com\/fr\/product\/azuree-bridal-annastacia-4260251\/","og_site_name":"Koonings","article_publisher":"https:\/\/www.facebook.com\/kooningstheweddingpalace","og_image":[{"width":1290,"height":1821,"url":"https:\/\/www.koonings.com\/wp-content\/uploads\/2025\/09\/51482_ddf9e0003b9dc927dab4152c115cdc34bb38fa145f295461f1a4ff18422b47c2cbd16787.jpeg","type":"image\/jpeg"}],"twitter_card":"summary_large_image","twitter_misc":{"Dur\u00e9e de lecture estim\u00e9e":"1 minute"},"schema":{"@context":"https:\/\/schema.org","@graph":[{"@type":"WebPage","@id":"https:\/\/www.koonings.com\/fr\/product\/azuree-bridal-annastacia-4260251\/","url":"https:\/\/www.koonings.com\/fr\/product\/azuree-bridal-annastacia-4260251\/","name":"Azuree Bridal Annastacia 4260251 | Koonings","isPartOf":{"@id":"https:\/\/www.koonings.com\/fr\/#website"},"primaryImageOfPage":{"@id":"https:\/\/www.koonings.com\/fr\/product\/azuree-bridal-annastacia-4260251\/#primaryimage"},"image":{"@id":"https:\/\/www.koonings.com\/fr\/product\/azuree-bridal-annastacia-4260251\/#primaryimage"},"thumbnailUrl":"https:\/\/www.koonings.com\/wp-content\/uploads\/2025\/09\/51482_ddf9e0003b9dc927dab4152c115cdc34bb38fa145f295461f1a4ff18422b47c2cbd16787.jpeg","datePublished":"2026-04-28T16:40:33+00:00","description":"La robe de mari\u00e9e Annastracia est un choix enchanteur pour les mari\u00e9es qui r\u00eavent d'un look de conte de f\u00e9es. La robe pr\u00e9sente un magnifique d\u00e9collet\u00e9 \u00e0 godrons, agr\u00e9ment\u00e9 de perles subtilement dispers\u00e9es pour un effet \u00e9tincelant. Les appliques de dentelle d\u00e9taill\u00e9es forment un magnifique motif qui se prolonge jusqu'\u00e0 la jupe princesse, cr\u00e9ant ainsi une silhouette majestueuse. La jupe est faite de tulle doux et scintillant, ce qui ajoute une touche de glamour tandis que la jupe tombe gracieusement et de fa\u00e7on a\u00e9rienne. Le dos illusionn\u00e9 avec des boutons ajoute de la sophistication \u00e0 la robe, cr\u00e9ant un look classique avec une touche de modernit\u00e9. Cette robe est parfaite pour les mari\u00e9es qui recherchent une combinaison d'\u00e9l\u00e9gance et de romantisme.","breadcrumb":{"@id":"https:\/\/www.koonings.com\/fr\/product\/azuree-bridal-annastacia-4260251\/#breadcrumb"},"inLanguage":"fr-FR","potentialAction":[{"@type":"ReadAction","target":["https:\/\/www.koonings.com\/fr\/product\/azuree-bridal-annastacia-4260251\/"]}]},{"@type":"ImageObject","inLanguage":"fr-FR","@id":"https:\/\/www.koonings.com\/fr\/product\/azuree-bridal-annastacia-4260251\/#primaryimage","url":"https:\/\/www.koonings.com\/wp-content\/uploads\/2025\/09\/51482_ddf9e0003b9dc927dab4152c115cdc34bb38fa145f295461f1a4ff18422b47c2cbd16787.jpeg","contentUrl":"https:\/\/www.koonings.com\/wp-content\/uploads\/2025\/09\/51482_ddf9e0003b9dc927dab4152c115cdc34bb38fa145f295461f1a4ff18422b47c2cbd16787.jpeg","width":1290,"height":1821},{"@type":"BreadcrumbList","@id":"https:\/\/www.koonings.com\/fr\/product\/azuree-bridal-annastacia-4260251\/#breadcrumb","itemListElement":[{"@type":"ListItem","position":1,"name":"Home","item":"https:\/\/www.koonings.com\/fr\/"},{"@type":"ListItem","position":2,"name":"Azuree Bridal Annastacia 4260251"}]},{"@type":"WebSite","@id":"https:\/\/www.koonings.com\/fr\/#website","url":"https:\/\/www.koonings.com\/fr\/","name":"Koonings","description":"De grootste bruidsmodewinkel ter wereld","publisher":{"@id":"https:\/\/www.koonings.com\/fr\/#organization"},"potentialAction":[{"@type":"SearchAction","target":{"@type":"EntryPoint","urlTemplate":"https:\/\/www.koonings.com\/fr\/?s={search_term_string}"},"query-input":{"@type":"PropertyValueSpecification","valueRequired":true,"valueName":"search_term_string"}}],"inLanguage":"fr-FR"},{"@type":"Organization","@id":"https:\/\/www.koonings.com\/fr\/#organization","name":"Koonings","url":"https:\/\/www.koonings.com\/fr\/","logo":{"@type":"ImageObject","inLanguage":"fr-FR","@id":"https:\/\/www.koonings.com\/fr\/#\/schema\/logo\/image\/","url":"https:\/\/www.koonings.com\/wp-content\/uploads\/2024\/07\/logo.png","contentUrl":"https:\/\/www.koonings.com\/wp-content\/uploads\/2024\/07\/logo.png","width":600,"height":428,"caption":"Koonings"},"image":{"@id":"https:\/\/www.koonings.com\/fr\/#\/schema\/logo\/image\/"},"sameAs":["https:\/\/www.facebook.com\/kooningstheweddingpalace","https:\/\/www.instagram.com\/kooningstheweddingpalace","https:\/\/www.pinterest.com\/koonings","https:\/\/www.youtube.com\/kooningstheweddingpalace"]}]}},"_links":{"self":[{"href":"https:\/\/www.koonings.com\/fr\/wp-json\/wp\/v2\/product\/93975","targetHints":{"allow":["GET"]}}],"collection":[{"href":"https:\/\/www.koonings.com\/fr\/wp-json\/wp\/v2\/product"}],"about":[{"href":"https:\/\/www.koonings.com\/fr\/wp-json\/wp\/v2\/types\/product"}],"wp:featuredmedia":[{"embeddable":true,"href":"https:\/\/www.koonings.com\/fr\/wp-json\/wp\/v2\/media\/92486"}],"wp:attachment":[{"href":"https:\/\/www.koonings.com\/fr\/wp-json\/wp\/v2\/media?parent=93975"}],"wp:term":[{"taxonomy":"productdetails","embeddable":true,"href":"https:\/\/www.koonings.com\/fr\/wp-json\/wp\/v2\/productdetails?post=93975"},{"taxonomy":"productneck","embeddable":true,"href":"https:\/\/www.koonings.com\/fr\/wp-json\/wp\/v2\/productneck?post=93975"},{"taxonomy":"productcolor","embeddable":true,"href":"https:\/\/www.koonings.com\/fr\/wp-json\/wp\/v2\/productcolor?post=93975"},{"taxonomy":"maat","embeddable":true,"href":"https:\/\/www.koonings.com\/fr\/wp-json\/wp\/v2\/maat?post=93975"},{"taxonomy":"productsupplier","embeddable":true,"href":"https:\/\/www.koonings.com\/fr\/wp-json\/wp\/v2\/productsupplier?post=93975"},{"taxonomy":"productsleeve","embeddable":true,"href":"https:\/\/www.koonings.com\/fr\/wp-json\/wp\/v2\/productsleeve?post=93975"},{"taxonomy":"productcategory","embeddable":true,"href":"https:\/\/www.koonings.com\/fr\/wp-json\/wp\/v2\/productcategory?post=93975"},{"taxonomy":"productsilhouette","embeddable":true,"href":"https:\/\/www.koonings.com\/fr\/wp-json\/wp\/v2\/productsilhouette?post=93975"},{"taxonomy":"productstyle","embeddable":true,"href":"https:\/\/www.koonings.com\/fr\/wp-json\/wp\/v2\/productstyle?post=93975"}],"curies":[{"name":"wp","href":"https:\/\/api.w.org\/{rel}","templated":true}]}}