{"id":93968,"date":"2026-04-28T18:38:38","date_gmt":"2026-04-28T16:38:38","guid":{"rendered":"https:\/\/www.koonings.com\/product\/rebecca-ingram-maple-25rn322a01\/"},"modified":"2026-02-17T12:18:18","modified_gmt":"2026-02-17T11:18:18","slug":"rebecca-ingram-maple-25rn322a01","status":"publish","type":"product","link":"https:\/\/www.koonings.com\/fr\/product\/rebecca-ingram-maple-25rn322a01\/","title":{"rendered":"Rebecca Ingram Maple 25RN322A01"},"content":{"rendered":"<p>Pour la mari\u00e9e qui veut briller avec des d\u00e9tails \u00e9l\u00e9gants et une romance intemporelle. La robe Maple est une robe de mari\u00e9e ligne A avec un d\u00e9collet\u00e9 en V, de subtils ornements de perles et un s\u00e9duisant dos ouvert. <\/p>\n<p>L\u00e9g\u00e8re et fluide, elle pr\u00e9sente une coupe flatteuse qui met merveilleusement en valeur votre silhouette. Parfait pour une mari\u00e9e qui souhaite combiner l&#8217;\u00e9l\u00e9gance classique avec des d\u00e9tails modernes et \u00e9tincelants. <\/p>\n","protected":false},"featured_media":92983,"template":"","meta":{"_acf_changed":false,"ghostkit_customizer_options":"","ghostkit_custom_css":"","ghostkit_custom_js_head":"","ghostkit_custom_js_foot":"","ghostkit_typography":""},"productdetails":[379,381],"productneck":[356],"productcolor":[393,392],"maat":[],"productsupplier":[433],"productsleeve":[359],"productcategory":[18],"productsilhouette":[384],"productstyle":[366],"class_list":["post-93968","product","type-product","status-publish","has-post-thumbnail","hentry","productdetails-379","productdetails-381","productneck-356","productcolor-393","productcolor-392","productsupplier-rebecca-ingram","productsleeve-359","productcategory-trouwjurken","productsilhouette-384","productstyle-366"],"acf":[],"yoast_head":"<!-- This site is optimized with the Yoast SEO plugin v27.3 - https:\/\/yoast.com\/product\/yoast-seo-wordpress\/ -->\n<title>Rebecca Ingram Maple 25RN322A01 | Koonings<\/title>\n<meta name=\"description\" content=\"Pour la mari\u00e9e qui veut briller avec des d\u00e9tails \u00e9l\u00e9gants et une romance intemporelle. La robe Maple est une robe de mari\u00e9e ligne A avec un d\u00e9collet\u00e9 en V, de subtils ornements de perles et un s\u00e9duisant dos ouvert. L\u00e9g\u00e8re et fluide, elle pr\u00e9sente une coupe flatteuse qui met merveilleusement en valeur votre silhouette. Parfait pour une mari\u00e9e qui souhaite combiner l&#039;\u00e9l\u00e9gance classique avec des d\u00e9tails modernes et \u00e9tincelants.\" \/>\n<meta name=\"robots\" content=\"index, follow, max-snippet:-1, max-image-preview:large, max-video-preview:-1\" \/>\n<link rel=\"canonical\" href=\"https:\/\/www.koonings.com\/fr\/product\/rebecca-ingram-maple-25rn322a01\/\" \/>\n<meta property=\"og:locale\" content=\"fr_FR\" \/>\n<meta property=\"og:type\" content=\"article\" \/>\n<meta property=\"og:title\" content=\"Rebecca Ingram Maple 25RN322A01 | Koonings\" \/>\n<meta property=\"og:description\" content=\"Pour la mari\u00e9e qui veut briller avec des d\u00e9tails \u00e9l\u00e9gants et une romance intemporelle. La robe Maple est une robe de mari\u00e9e ligne A avec un d\u00e9collet\u00e9 en V, de subtils ornements de perles et un s\u00e9duisant dos ouvert. L\u00e9g\u00e8re et fluide, elle pr\u00e9sente une coupe flatteuse qui met merveilleusement en valeur votre silhouette. Parfait pour une mari\u00e9e qui souhaite combiner l&#039;\u00e9l\u00e9gance classique avec des d\u00e9tails modernes et \u00e9tincelants.\" \/>\n<meta property=\"og:url\" content=\"https:\/\/www.koonings.com\/fr\/product\/rebecca-ingram-maple-25rn322a01\/\" \/>\n<meta property=\"og:site_name\" content=\"Koonings\" \/>\n<meta property=\"article:publisher\" content=\"https:\/\/www.facebook.com\/kooningstheweddingpalace\" \/>\n<meta property=\"og:image\" content=\"https:\/\/www.koonings.com\/wp-content\/uploads\/2025\/09\/51303_08124ff7affeb68f310d55ba0dd77db4300ddd664c611c0abf0a722f7a0d6db29303043d.jpeg\" \/>\n\t<meta property=\"og:image:width\" content=\"1440\" \/>\n\t<meta property=\"og:image:height\" content=\"1920\" \/>\n\t<meta property=\"og:image:type\" content=\"image\/jpeg\" \/>\n<meta name=\"twitter:card\" content=\"summary_large_image\" \/>\n<script type=\"application\/ld+json\" class=\"yoast-schema-graph\">{\"@context\":\"https:\\\/\\\/schema.org\",\"@graph\":[{\"@type\":\"WebPage\",\"@id\":\"https:\\\/\\\/www.koonings.com\\\/fr\\\/product\\\/rebecca-ingram-maple-25rn322a01\\\/\",\"url\":\"https:\\\/\\\/www.koonings.com\\\/fr\\\/product\\\/rebecca-ingram-maple-25rn322a01\\\/\",\"name\":\"Rebecca Ingram Maple 25RN322A01 | Koonings\",\"isPartOf\":{\"@id\":\"https:\\\/\\\/www.koonings.com\\\/fr\\\/#website\"},\"primaryImageOfPage\":{\"@id\":\"https:\\\/\\\/www.koonings.com\\\/fr\\\/product\\\/rebecca-ingram-maple-25rn322a01\\\/#primaryimage\"},\"image\":{\"@id\":\"https:\\\/\\\/www.koonings.com\\\/fr\\\/product\\\/rebecca-ingram-maple-25rn322a01\\\/#primaryimage\"},\"thumbnailUrl\":\"https:\\\/\\\/www.koonings.com\\\/wp-content\\\/uploads\\\/2025\\\/09\\\/51303_08124ff7affeb68f310d55ba0dd77db4300ddd664c611c0abf0a722f7a0d6db29303043d.jpeg\",\"datePublished\":\"2026-04-28T16:38:38+00:00\",\"description\":\"Pour la mari\u00e9e qui veut briller avec des d\u00e9tails \u00e9l\u00e9gants et une romance intemporelle. La robe Maple est une robe de mari\u00e9e ligne A avec un d\u00e9collet\u00e9 en V, de subtils ornements de perles et un s\u00e9duisant dos ouvert. L\u00e9g\u00e8re et fluide, elle pr\u00e9sente une coupe flatteuse qui met merveilleusement en valeur votre silhouette. Parfait pour une mari\u00e9e qui souhaite combiner l'\u00e9l\u00e9gance classique avec des d\u00e9tails modernes et \u00e9tincelants.\",\"breadcrumb\":{\"@id\":\"https:\\\/\\\/www.koonings.com\\\/fr\\\/product\\\/rebecca-ingram-maple-25rn322a01\\\/#breadcrumb\"},\"inLanguage\":\"fr-FR\",\"potentialAction\":[{\"@type\":\"ReadAction\",\"target\":[\"https:\\\/\\\/www.koonings.com\\\/fr\\\/product\\\/rebecca-ingram-maple-25rn322a01\\\/\"]}]},{\"@type\":\"ImageObject\",\"inLanguage\":\"fr-FR\",\"@id\":\"https:\\\/\\\/www.koonings.com\\\/fr\\\/product\\\/rebecca-ingram-maple-25rn322a01\\\/#primaryimage\",\"url\":\"https:\\\/\\\/www.koonings.com\\\/wp-content\\\/uploads\\\/2025\\\/09\\\/51303_08124ff7affeb68f310d55ba0dd77db4300ddd664c611c0abf0a722f7a0d6db29303043d.jpeg\",\"contentUrl\":\"https:\\\/\\\/www.koonings.com\\\/wp-content\\\/uploads\\\/2025\\\/09\\\/51303_08124ff7affeb68f310d55ba0dd77db4300ddd664c611c0abf0a722f7a0d6db29303043d.jpeg\",\"width\":1440,\"height\":1920},{\"@type\":\"BreadcrumbList\",\"@id\":\"https:\\\/\\\/www.koonings.com\\\/fr\\\/product\\\/rebecca-ingram-maple-25rn322a01\\\/#breadcrumb\",\"itemListElement\":[{\"@type\":\"ListItem\",\"position\":1,\"name\":\"Home\",\"item\":\"https:\\\/\\\/www.koonings.com\\\/fr\\\/\"},{\"@type\":\"ListItem\",\"position\":2,\"name\":\"Rebecca Ingram Maple 25RN322A01\"}]},{\"@type\":\"WebSite\",\"@id\":\"https:\\\/\\\/www.koonings.com\\\/fr\\\/#website\",\"url\":\"https:\\\/\\\/www.koonings.com\\\/fr\\\/\",\"name\":\"Koonings\",\"description\":\"De grootste bruidsmodewinkel ter wereld\",\"publisher\":{\"@id\":\"https:\\\/\\\/www.koonings.com\\\/fr\\\/#organization\"},\"potentialAction\":[{\"@type\":\"SearchAction\",\"target\":{\"@type\":\"EntryPoint\",\"urlTemplate\":\"https:\\\/\\\/www.koonings.com\\\/fr\\\/?s={search_term_string}\"},\"query-input\":{\"@type\":\"PropertyValueSpecification\",\"valueRequired\":true,\"valueName\":\"search_term_string\"}}],\"inLanguage\":\"fr-FR\"},{\"@type\":\"Organization\",\"@id\":\"https:\\\/\\\/www.koonings.com\\\/fr\\\/#organization\",\"name\":\"Koonings\",\"url\":\"https:\\\/\\\/www.koonings.com\\\/fr\\\/\",\"logo\":{\"@type\":\"ImageObject\",\"inLanguage\":\"fr-FR\",\"@id\":\"https:\\\/\\\/www.koonings.com\\\/fr\\\/#\\\/schema\\\/logo\\\/image\\\/\",\"url\":\"https:\\\/\\\/www.koonings.com\\\/wp-content\\\/uploads\\\/2024\\\/07\\\/logo.png\",\"contentUrl\":\"https:\\\/\\\/www.koonings.com\\\/wp-content\\\/uploads\\\/2024\\\/07\\\/logo.png\",\"width\":600,\"height\":428,\"caption\":\"Koonings\"},\"image\":{\"@id\":\"https:\\\/\\\/www.koonings.com\\\/fr\\\/#\\\/schema\\\/logo\\\/image\\\/\"},\"sameAs\":[\"https:\\\/\\\/www.facebook.com\\\/kooningstheweddingpalace\",\"https:\\\/\\\/www.instagram.com\\\/kooningstheweddingpalace\",\"https:\\\/\\\/www.pinterest.com\\\/koonings\",\"https:\\\/\\\/www.youtube.com\\\/kooningstheweddingpalace\"]}]}<\/script>\n<!-- \/ Yoast SEO plugin. -->","yoast_head_json":{"title":"Rebecca Ingram Maple 25RN322A01 | Koonings","description":"Pour la mari\u00e9e qui veut briller avec des d\u00e9tails \u00e9l\u00e9gants et une romance intemporelle. La robe Maple est une robe de mari\u00e9e ligne A avec un d\u00e9collet\u00e9 en V, de subtils ornements de perles et un s\u00e9duisant dos ouvert. L\u00e9g\u00e8re et fluide, elle pr\u00e9sente une coupe flatteuse qui met merveilleusement en valeur votre silhouette. Parfait pour une mari\u00e9e qui souhaite combiner l'\u00e9l\u00e9gance classique avec des d\u00e9tails modernes et \u00e9tincelants.","robots":{"index":"index","follow":"follow","max-snippet":"max-snippet:-1","max-image-preview":"max-image-preview:large","max-video-preview":"max-video-preview:-1"},"canonical":"https:\/\/www.koonings.com\/fr\/product\/rebecca-ingram-maple-25rn322a01\/","og_locale":"fr_FR","og_type":"article","og_title":"Rebecca Ingram Maple 25RN322A01 | Koonings","og_description":"Pour la mari\u00e9e qui veut briller avec des d\u00e9tails \u00e9l\u00e9gants et une romance intemporelle. La robe Maple est une robe de mari\u00e9e ligne A avec un d\u00e9collet\u00e9 en V, de subtils ornements de perles et un s\u00e9duisant dos ouvert. L\u00e9g\u00e8re et fluide, elle pr\u00e9sente une coupe flatteuse qui met merveilleusement en valeur votre silhouette. Parfait pour une mari\u00e9e qui souhaite combiner l'\u00e9l\u00e9gance classique avec des d\u00e9tails modernes et \u00e9tincelants.","og_url":"https:\/\/www.koonings.com\/fr\/product\/rebecca-ingram-maple-25rn322a01\/","og_site_name":"Koonings","article_publisher":"https:\/\/www.facebook.com\/kooningstheweddingpalace","og_image":[{"width":1440,"height":1920,"url":"https:\/\/www.koonings.com\/wp-content\/uploads\/2025\/09\/51303_08124ff7affeb68f310d55ba0dd77db4300ddd664c611c0abf0a722f7a0d6db29303043d.jpeg","type":"image\/jpeg"}],"twitter_card":"summary_large_image","schema":{"@context":"https:\/\/schema.org","@graph":[{"@type":"WebPage","@id":"https:\/\/www.koonings.com\/fr\/product\/rebecca-ingram-maple-25rn322a01\/","url":"https:\/\/www.koonings.com\/fr\/product\/rebecca-ingram-maple-25rn322a01\/","name":"Rebecca Ingram Maple 25RN322A01 | Koonings","isPartOf":{"@id":"https:\/\/www.koonings.com\/fr\/#website"},"primaryImageOfPage":{"@id":"https:\/\/www.koonings.com\/fr\/product\/rebecca-ingram-maple-25rn322a01\/#primaryimage"},"image":{"@id":"https:\/\/www.koonings.com\/fr\/product\/rebecca-ingram-maple-25rn322a01\/#primaryimage"},"thumbnailUrl":"https:\/\/www.koonings.com\/wp-content\/uploads\/2025\/09\/51303_08124ff7affeb68f310d55ba0dd77db4300ddd664c611c0abf0a722f7a0d6db29303043d.jpeg","datePublished":"2026-04-28T16:38:38+00:00","description":"Pour la mari\u00e9e qui veut briller avec des d\u00e9tails \u00e9l\u00e9gants et une romance intemporelle. La robe Maple est une robe de mari\u00e9e ligne A avec un d\u00e9collet\u00e9 en V, de subtils ornements de perles et un s\u00e9duisant dos ouvert. L\u00e9g\u00e8re et fluide, elle pr\u00e9sente une coupe flatteuse qui met merveilleusement en valeur votre silhouette. Parfait pour une mari\u00e9e qui souhaite combiner l'\u00e9l\u00e9gance classique avec des d\u00e9tails modernes et \u00e9tincelants.","breadcrumb":{"@id":"https:\/\/www.koonings.com\/fr\/product\/rebecca-ingram-maple-25rn322a01\/#breadcrumb"},"inLanguage":"fr-FR","potentialAction":[{"@type":"ReadAction","target":["https:\/\/www.koonings.com\/fr\/product\/rebecca-ingram-maple-25rn322a01\/"]}]},{"@type":"ImageObject","inLanguage":"fr-FR","@id":"https:\/\/www.koonings.com\/fr\/product\/rebecca-ingram-maple-25rn322a01\/#primaryimage","url":"https:\/\/www.koonings.com\/wp-content\/uploads\/2025\/09\/51303_08124ff7affeb68f310d55ba0dd77db4300ddd664c611c0abf0a722f7a0d6db29303043d.jpeg","contentUrl":"https:\/\/www.koonings.com\/wp-content\/uploads\/2025\/09\/51303_08124ff7affeb68f310d55ba0dd77db4300ddd664c611c0abf0a722f7a0d6db29303043d.jpeg","width":1440,"height":1920},{"@type":"BreadcrumbList","@id":"https:\/\/www.koonings.com\/fr\/product\/rebecca-ingram-maple-25rn322a01\/#breadcrumb","itemListElement":[{"@type":"ListItem","position":1,"name":"Home","item":"https:\/\/www.koonings.com\/fr\/"},{"@type":"ListItem","position":2,"name":"Rebecca Ingram Maple 25RN322A01"}]},{"@type":"WebSite","@id":"https:\/\/www.koonings.com\/fr\/#website","url":"https:\/\/www.koonings.com\/fr\/","name":"Koonings","description":"De grootste bruidsmodewinkel ter wereld","publisher":{"@id":"https:\/\/www.koonings.com\/fr\/#organization"},"potentialAction":[{"@type":"SearchAction","target":{"@type":"EntryPoint","urlTemplate":"https:\/\/www.koonings.com\/fr\/?s={search_term_string}"},"query-input":{"@type":"PropertyValueSpecification","valueRequired":true,"valueName":"search_term_string"}}],"inLanguage":"fr-FR"},{"@type":"Organization","@id":"https:\/\/www.koonings.com\/fr\/#organization","name":"Koonings","url":"https:\/\/www.koonings.com\/fr\/","logo":{"@type":"ImageObject","inLanguage":"fr-FR","@id":"https:\/\/www.koonings.com\/fr\/#\/schema\/logo\/image\/","url":"https:\/\/www.koonings.com\/wp-content\/uploads\/2024\/07\/logo.png","contentUrl":"https:\/\/www.koonings.com\/wp-content\/uploads\/2024\/07\/logo.png","width":600,"height":428,"caption":"Koonings"},"image":{"@id":"https:\/\/www.koonings.com\/fr\/#\/schema\/logo\/image\/"},"sameAs":["https:\/\/www.facebook.com\/kooningstheweddingpalace","https:\/\/www.instagram.com\/kooningstheweddingpalace","https:\/\/www.pinterest.com\/koonings","https:\/\/www.youtube.com\/kooningstheweddingpalace"]}]}},"_links":{"self":[{"href":"https:\/\/www.koonings.com\/fr\/wp-json\/wp\/v2\/product\/93968","targetHints":{"allow":["GET"]}}],"collection":[{"href":"https:\/\/www.koonings.com\/fr\/wp-json\/wp\/v2\/product"}],"about":[{"href":"https:\/\/www.koonings.com\/fr\/wp-json\/wp\/v2\/types\/product"}],"wp:featuredmedia":[{"embeddable":true,"href":"https:\/\/www.koonings.com\/fr\/wp-json\/wp\/v2\/media\/92983"}],"wp:attachment":[{"href":"https:\/\/www.koonings.com\/fr\/wp-json\/wp\/v2\/media?parent=93968"}],"wp:term":[{"taxonomy":"productdetails","embeddable":true,"href":"https:\/\/www.koonings.com\/fr\/wp-json\/wp\/v2\/productdetails?post=93968"},{"taxonomy":"productneck","embeddable":true,"href":"https:\/\/www.koonings.com\/fr\/wp-json\/wp\/v2\/productneck?post=93968"},{"taxonomy":"productcolor","embeddable":true,"href":"https:\/\/www.koonings.com\/fr\/wp-json\/wp\/v2\/productcolor?post=93968"},{"taxonomy":"maat","embeddable":true,"href":"https:\/\/www.koonings.com\/fr\/wp-json\/wp\/v2\/maat?post=93968"},{"taxonomy":"productsupplier","embeddable":true,"href":"https:\/\/www.koonings.com\/fr\/wp-json\/wp\/v2\/productsupplier?post=93968"},{"taxonomy":"productsleeve","embeddable":true,"href":"https:\/\/www.koonings.com\/fr\/wp-json\/wp\/v2\/productsleeve?post=93968"},{"taxonomy":"productcategory","embeddable":true,"href":"https:\/\/www.koonings.com\/fr\/wp-json\/wp\/v2\/productcategory?post=93968"},{"taxonomy":"productsilhouette","embeddable":true,"href":"https:\/\/www.koonings.com\/fr\/wp-json\/wp\/v2\/productsilhouette?post=93968"},{"taxonomy":"productstyle","embeddable":true,"href":"https:\/\/www.koonings.com\/fr\/wp-json\/wp\/v2\/productstyle?post=93968"}],"curies":[{"name":"wp","href":"https:\/\/api.w.org\/{rel}","templated":true}]}}