{"id":93947,"date":"2026-04-28T18:38:37","date_gmt":"2026-04-28T16:38:37","guid":{"rendered":"https:\/\/www.koonings.com\/product\/rebecca-ingram-jude-25rk926a01\/"},"modified":"2026-02-17T12:53:21","modified_gmt":"2026-02-17T11:53:21","slug":"rebecca-ingram-jude-25rk926a01","status":"publish","type":"product","link":"https:\/\/www.koonings.com\/fr\/product\/rebecca-ingram-jude-25rk926a01\/","title":{"rendered":"Rebecca Ingram Jude 25RK926A01"},"content":{"rendered":"<p>Pour la mari\u00e9e qui aime les d\u00e9tails \u00e9l\u00e9gants et le romantisme moderne. La Jude est une robe de mari\u00e9e ligne A en dentelle pliss\u00e9e avec un d\u00e9collet\u00e9 plongeant floral et une coupe structur\u00e9e et flatteuse. <\/p>\n<p>Les d\u00e9licats motifs floraux et les lignes soigneusement dessin\u00e9es soulignent magnifiquement votre silhouette, tandis que la robe reste l\u00e9g\u00e8re et confortable pour \u00eatre port\u00e9e toute la journ\u00e9e. Parfaite pour un look inoubliable et intemporel. <\/p>\n","protected":false},"featured_media":92924,"template":"","meta":{"_acf_changed":false,"ghostkit_customizer_options":"","ghostkit_custom_css":"","ghostkit_custom_js_head":"","ghostkit_custom_js_foot":"","ghostkit_typography":""},"productdetails":[379,376],"productneck":[351,356],"productcolor":[393,392],"maat":[],"productsupplier":[433],"productsleeve":[359],"productcategory":[18],"productsilhouette":[384],"productstyle":[366],"class_list":["post-93947","product","type-product","status-publish","has-post-thumbnail","hentry","productdetails-379","productdetails-376","productneck-351","productneck-356","productcolor-393","productcolor-392","productsupplier-rebecca-ingram","productsleeve-359","productcategory-trouwjurken","productsilhouette-384","productstyle-366"],"acf":[],"yoast_head":"<!-- This site is optimized with the Yoast SEO plugin v27.3 - https:\/\/yoast.com\/product\/yoast-seo-wordpress\/ -->\n<title>Rebecca Ingram Jude 25RK926A01 | Koonings<\/title>\n<meta name=\"description\" content=\"Pour la mari\u00e9e qui aime les d\u00e9tails \u00e9l\u00e9gants et le romantisme moderne. La Jude est une robe de mari\u00e9e ligne A en dentelle pliss\u00e9e avec un d\u00e9collet\u00e9 plongeant floral et une coupe structur\u00e9e et flatteuse. Les d\u00e9licats motifs floraux et les lignes soigneusement dessin\u00e9es soulignent magnifiquement votre silhouette, tandis que la robe reste l\u00e9g\u00e8re et confortable pour \u00eatre port\u00e9e toute la journ\u00e9e. Parfaite pour un look inoubliable et intemporel.\" \/>\n<meta name=\"robots\" content=\"index, follow, max-snippet:-1, max-image-preview:large, max-video-preview:-1\" \/>\n<link rel=\"canonical\" href=\"https:\/\/www.koonings.com\/fr\/product\/rebecca-ingram-jude-25rk926a01\/\" \/>\n<meta property=\"og:locale\" content=\"fr_FR\" \/>\n<meta property=\"og:type\" content=\"article\" \/>\n<meta property=\"og:title\" content=\"Rebecca Ingram Jude 25RK926A01 | Koonings\" \/>\n<meta property=\"og:description\" content=\"Pour la mari\u00e9e qui aime les d\u00e9tails \u00e9l\u00e9gants et le romantisme moderne. La Jude est une robe de mari\u00e9e ligne A en dentelle pliss\u00e9e avec un d\u00e9collet\u00e9 plongeant floral et une coupe structur\u00e9e et flatteuse. Les d\u00e9licats motifs floraux et les lignes soigneusement dessin\u00e9es soulignent magnifiquement votre silhouette, tandis que la robe reste l\u00e9g\u00e8re et confortable pour \u00eatre port\u00e9e toute la journ\u00e9e. Parfaite pour un look inoubliable et intemporel.\" \/>\n<meta property=\"og:url\" content=\"https:\/\/www.koonings.com\/fr\/product\/rebecca-ingram-jude-25rk926a01\/\" \/>\n<meta property=\"og:site_name\" content=\"Koonings\" \/>\n<meta property=\"article:publisher\" content=\"https:\/\/www.facebook.com\/kooningstheweddingpalace\" \/>\n<meta property=\"og:image\" content=\"https:\/\/www.koonings.com\/wp-content\/uploads\/2025\/09\/51299_0a54e26ddc6f35f40620cbf51cf6c4fe80532a15070dfe9560f42143e0c9975b4682463a.jpeg\" \/>\n\t<meta property=\"og:image:width\" content=\"1440\" \/>\n\t<meta property=\"og:image:height\" content=\"1920\" \/>\n\t<meta property=\"og:image:type\" content=\"image\/jpeg\" \/>\n<meta name=\"twitter:card\" content=\"summary_large_image\" \/>\n<script type=\"application\/ld+json\" class=\"yoast-schema-graph\">{\"@context\":\"https:\\\/\\\/schema.org\",\"@graph\":[{\"@type\":\"WebPage\",\"@id\":\"https:\\\/\\\/www.koonings.com\\\/fr\\\/product\\\/rebecca-ingram-jude-25rk926a01\\\/\",\"url\":\"https:\\\/\\\/www.koonings.com\\\/fr\\\/product\\\/rebecca-ingram-jude-25rk926a01\\\/\",\"name\":\"Rebecca Ingram Jude 25RK926A01 | Koonings\",\"isPartOf\":{\"@id\":\"https:\\\/\\\/www.koonings.com\\\/fr\\\/#website\"},\"primaryImageOfPage\":{\"@id\":\"https:\\\/\\\/www.koonings.com\\\/fr\\\/product\\\/rebecca-ingram-jude-25rk926a01\\\/#primaryimage\"},\"image\":{\"@id\":\"https:\\\/\\\/www.koonings.com\\\/fr\\\/product\\\/rebecca-ingram-jude-25rk926a01\\\/#primaryimage\"},\"thumbnailUrl\":\"https:\\\/\\\/www.koonings.com\\\/wp-content\\\/uploads\\\/2025\\\/09\\\/51299_0a54e26ddc6f35f40620cbf51cf6c4fe80532a15070dfe9560f42143e0c9975b4682463a.jpeg\",\"datePublished\":\"2026-04-28T16:38:37+00:00\",\"description\":\"Pour la mari\u00e9e qui aime les d\u00e9tails \u00e9l\u00e9gants et le romantisme moderne. La Jude est une robe de mari\u00e9e ligne A en dentelle pliss\u00e9e avec un d\u00e9collet\u00e9 plongeant floral et une coupe structur\u00e9e et flatteuse. Les d\u00e9licats motifs floraux et les lignes soigneusement dessin\u00e9es soulignent magnifiquement votre silhouette, tandis que la robe reste l\u00e9g\u00e8re et confortable pour \u00eatre port\u00e9e toute la journ\u00e9e. Parfaite pour un look inoubliable et intemporel.\",\"breadcrumb\":{\"@id\":\"https:\\\/\\\/www.koonings.com\\\/fr\\\/product\\\/rebecca-ingram-jude-25rk926a01\\\/#breadcrumb\"},\"inLanguage\":\"fr-FR\",\"potentialAction\":[{\"@type\":\"ReadAction\",\"target\":[\"https:\\\/\\\/www.koonings.com\\\/fr\\\/product\\\/rebecca-ingram-jude-25rk926a01\\\/\"]}]},{\"@type\":\"ImageObject\",\"inLanguage\":\"fr-FR\",\"@id\":\"https:\\\/\\\/www.koonings.com\\\/fr\\\/product\\\/rebecca-ingram-jude-25rk926a01\\\/#primaryimage\",\"url\":\"https:\\\/\\\/www.koonings.com\\\/wp-content\\\/uploads\\\/2025\\\/09\\\/51299_0a54e26ddc6f35f40620cbf51cf6c4fe80532a15070dfe9560f42143e0c9975b4682463a.jpeg\",\"contentUrl\":\"https:\\\/\\\/www.koonings.com\\\/wp-content\\\/uploads\\\/2025\\\/09\\\/51299_0a54e26ddc6f35f40620cbf51cf6c4fe80532a15070dfe9560f42143e0c9975b4682463a.jpeg\",\"width\":1440,\"height\":1920},{\"@type\":\"BreadcrumbList\",\"@id\":\"https:\\\/\\\/www.koonings.com\\\/fr\\\/product\\\/rebecca-ingram-jude-25rk926a01\\\/#breadcrumb\",\"itemListElement\":[{\"@type\":\"ListItem\",\"position\":1,\"name\":\"Home\",\"item\":\"https:\\\/\\\/www.koonings.com\\\/fr\\\/\"},{\"@type\":\"ListItem\",\"position\":2,\"name\":\"Rebecca Ingram Jude 25RK926A01\"}]},{\"@type\":\"WebSite\",\"@id\":\"https:\\\/\\\/www.koonings.com\\\/fr\\\/#website\",\"url\":\"https:\\\/\\\/www.koonings.com\\\/fr\\\/\",\"name\":\"Koonings\",\"description\":\"De grootste bruidsmodewinkel ter wereld\",\"publisher\":{\"@id\":\"https:\\\/\\\/www.koonings.com\\\/fr\\\/#organization\"},\"potentialAction\":[{\"@type\":\"SearchAction\",\"target\":{\"@type\":\"EntryPoint\",\"urlTemplate\":\"https:\\\/\\\/www.koonings.com\\\/fr\\\/?s={search_term_string}\"},\"query-input\":{\"@type\":\"PropertyValueSpecification\",\"valueRequired\":true,\"valueName\":\"search_term_string\"}}],\"inLanguage\":\"fr-FR\"},{\"@type\":\"Organization\",\"@id\":\"https:\\\/\\\/www.koonings.com\\\/fr\\\/#organization\",\"name\":\"Koonings\",\"url\":\"https:\\\/\\\/www.koonings.com\\\/fr\\\/\",\"logo\":{\"@type\":\"ImageObject\",\"inLanguage\":\"fr-FR\",\"@id\":\"https:\\\/\\\/www.koonings.com\\\/fr\\\/#\\\/schema\\\/logo\\\/image\\\/\",\"url\":\"https:\\\/\\\/www.koonings.com\\\/wp-content\\\/uploads\\\/2024\\\/07\\\/logo.png\",\"contentUrl\":\"https:\\\/\\\/www.koonings.com\\\/wp-content\\\/uploads\\\/2024\\\/07\\\/logo.png\",\"width\":600,\"height\":428,\"caption\":\"Koonings\"},\"image\":{\"@id\":\"https:\\\/\\\/www.koonings.com\\\/fr\\\/#\\\/schema\\\/logo\\\/image\\\/\"},\"sameAs\":[\"https:\\\/\\\/www.facebook.com\\\/kooningstheweddingpalace\",\"https:\\\/\\\/www.instagram.com\\\/kooningstheweddingpalace\",\"https:\\\/\\\/www.pinterest.com\\\/koonings\",\"https:\\\/\\\/www.youtube.com\\\/kooningstheweddingpalace\"]}]}<\/script>\n<!-- \/ Yoast SEO plugin. -->","yoast_head_json":{"title":"Rebecca Ingram Jude 25RK926A01 | Koonings","description":"Pour la mari\u00e9e qui aime les d\u00e9tails \u00e9l\u00e9gants et le romantisme moderne. La Jude est une robe de mari\u00e9e ligne A en dentelle pliss\u00e9e avec un d\u00e9collet\u00e9 plongeant floral et une coupe structur\u00e9e et flatteuse. Les d\u00e9licats motifs floraux et les lignes soigneusement dessin\u00e9es soulignent magnifiquement votre silhouette, tandis que la robe reste l\u00e9g\u00e8re et confortable pour \u00eatre port\u00e9e toute la journ\u00e9e. Parfaite pour un look inoubliable et intemporel.","robots":{"index":"index","follow":"follow","max-snippet":"max-snippet:-1","max-image-preview":"max-image-preview:large","max-video-preview":"max-video-preview:-1"},"canonical":"https:\/\/www.koonings.com\/fr\/product\/rebecca-ingram-jude-25rk926a01\/","og_locale":"fr_FR","og_type":"article","og_title":"Rebecca Ingram Jude 25RK926A01 | Koonings","og_description":"Pour la mari\u00e9e qui aime les d\u00e9tails \u00e9l\u00e9gants et le romantisme moderne. La Jude est une robe de mari\u00e9e ligne A en dentelle pliss\u00e9e avec un d\u00e9collet\u00e9 plongeant floral et une coupe structur\u00e9e et flatteuse. Les d\u00e9licats motifs floraux et les lignes soigneusement dessin\u00e9es soulignent magnifiquement votre silhouette, tandis que la robe reste l\u00e9g\u00e8re et confortable pour \u00eatre port\u00e9e toute la journ\u00e9e. Parfaite pour un look inoubliable et intemporel.","og_url":"https:\/\/www.koonings.com\/fr\/product\/rebecca-ingram-jude-25rk926a01\/","og_site_name":"Koonings","article_publisher":"https:\/\/www.facebook.com\/kooningstheweddingpalace","og_image":[{"width":1440,"height":1920,"url":"https:\/\/www.koonings.com\/wp-content\/uploads\/2025\/09\/51299_0a54e26ddc6f35f40620cbf51cf6c4fe80532a15070dfe9560f42143e0c9975b4682463a.jpeg","type":"image\/jpeg"}],"twitter_card":"summary_large_image","schema":{"@context":"https:\/\/schema.org","@graph":[{"@type":"WebPage","@id":"https:\/\/www.koonings.com\/fr\/product\/rebecca-ingram-jude-25rk926a01\/","url":"https:\/\/www.koonings.com\/fr\/product\/rebecca-ingram-jude-25rk926a01\/","name":"Rebecca Ingram Jude 25RK926A01 | Koonings","isPartOf":{"@id":"https:\/\/www.koonings.com\/fr\/#website"},"primaryImageOfPage":{"@id":"https:\/\/www.koonings.com\/fr\/product\/rebecca-ingram-jude-25rk926a01\/#primaryimage"},"image":{"@id":"https:\/\/www.koonings.com\/fr\/product\/rebecca-ingram-jude-25rk926a01\/#primaryimage"},"thumbnailUrl":"https:\/\/www.koonings.com\/wp-content\/uploads\/2025\/09\/51299_0a54e26ddc6f35f40620cbf51cf6c4fe80532a15070dfe9560f42143e0c9975b4682463a.jpeg","datePublished":"2026-04-28T16:38:37+00:00","description":"Pour la mari\u00e9e qui aime les d\u00e9tails \u00e9l\u00e9gants et le romantisme moderne. La Jude est une robe de mari\u00e9e ligne A en dentelle pliss\u00e9e avec un d\u00e9collet\u00e9 plongeant floral et une coupe structur\u00e9e et flatteuse. Les d\u00e9licats motifs floraux et les lignes soigneusement dessin\u00e9es soulignent magnifiquement votre silhouette, tandis que la robe reste l\u00e9g\u00e8re et confortable pour \u00eatre port\u00e9e toute la journ\u00e9e. Parfaite pour un look inoubliable et intemporel.","breadcrumb":{"@id":"https:\/\/www.koonings.com\/fr\/product\/rebecca-ingram-jude-25rk926a01\/#breadcrumb"},"inLanguage":"fr-FR","potentialAction":[{"@type":"ReadAction","target":["https:\/\/www.koonings.com\/fr\/product\/rebecca-ingram-jude-25rk926a01\/"]}]},{"@type":"ImageObject","inLanguage":"fr-FR","@id":"https:\/\/www.koonings.com\/fr\/product\/rebecca-ingram-jude-25rk926a01\/#primaryimage","url":"https:\/\/www.koonings.com\/wp-content\/uploads\/2025\/09\/51299_0a54e26ddc6f35f40620cbf51cf6c4fe80532a15070dfe9560f42143e0c9975b4682463a.jpeg","contentUrl":"https:\/\/www.koonings.com\/wp-content\/uploads\/2025\/09\/51299_0a54e26ddc6f35f40620cbf51cf6c4fe80532a15070dfe9560f42143e0c9975b4682463a.jpeg","width":1440,"height":1920},{"@type":"BreadcrumbList","@id":"https:\/\/www.koonings.com\/fr\/product\/rebecca-ingram-jude-25rk926a01\/#breadcrumb","itemListElement":[{"@type":"ListItem","position":1,"name":"Home","item":"https:\/\/www.koonings.com\/fr\/"},{"@type":"ListItem","position":2,"name":"Rebecca Ingram Jude 25RK926A01"}]},{"@type":"WebSite","@id":"https:\/\/www.koonings.com\/fr\/#website","url":"https:\/\/www.koonings.com\/fr\/","name":"Koonings","description":"De grootste bruidsmodewinkel ter wereld","publisher":{"@id":"https:\/\/www.koonings.com\/fr\/#organization"},"potentialAction":[{"@type":"SearchAction","target":{"@type":"EntryPoint","urlTemplate":"https:\/\/www.koonings.com\/fr\/?s={search_term_string}"},"query-input":{"@type":"PropertyValueSpecification","valueRequired":true,"valueName":"search_term_string"}}],"inLanguage":"fr-FR"},{"@type":"Organization","@id":"https:\/\/www.koonings.com\/fr\/#organization","name":"Koonings","url":"https:\/\/www.koonings.com\/fr\/","logo":{"@type":"ImageObject","inLanguage":"fr-FR","@id":"https:\/\/www.koonings.com\/fr\/#\/schema\/logo\/image\/","url":"https:\/\/www.koonings.com\/wp-content\/uploads\/2024\/07\/logo.png","contentUrl":"https:\/\/www.koonings.com\/wp-content\/uploads\/2024\/07\/logo.png","width":600,"height":428,"caption":"Koonings"},"image":{"@id":"https:\/\/www.koonings.com\/fr\/#\/schema\/logo\/image\/"},"sameAs":["https:\/\/www.facebook.com\/kooningstheweddingpalace","https:\/\/www.instagram.com\/kooningstheweddingpalace","https:\/\/www.pinterest.com\/koonings","https:\/\/www.youtube.com\/kooningstheweddingpalace"]}]}},"_links":{"self":[{"href":"https:\/\/www.koonings.com\/fr\/wp-json\/wp\/v2\/product\/93947","targetHints":{"allow":["GET"]}}],"collection":[{"href":"https:\/\/www.koonings.com\/fr\/wp-json\/wp\/v2\/product"}],"about":[{"href":"https:\/\/www.koonings.com\/fr\/wp-json\/wp\/v2\/types\/product"}],"wp:featuredmedia":[{"embeddable":true,"href":"https:\/\/www.koonings.com\/fr\/wp-json\/wp\/v2\/media\/92924"}],"wp:attachment":[{"href":"https:\/\/www.koonings.com\/fr\/wp-json\/wp\/v2\/media?parent=93947"}],"wp:term":[{"taxonomy":"productdetails","embeddable":true,"href":"https:\/\/www.koonings.com\/fr\/wp-json\/wp\/v2\/productdetails?post=93947"},{"taxonomy":"productneck","embeddable":true,"href":"https:\/\/www.koonings.com\/fr\/wp-json\/wp\/v2\/productneck?post=93947"},{"taxonomy":"productcolor","embeddable":true,"href":"https:\/\/www.koonings.com\/fr\/wp-json\/wp\/v2\/productcolor?post=93947"},{"taxonomy":"maat","embeddable":true,"href":"https:\/\/www.koonings.com\/fr\/wp-json\/wp\/v2\/maat?post=93947"},{"taxonomy":"productsupplier","embeddable":true,"href":"https:\/\/www.koonings.com\/fr\/wp-json\/wp\/v2\/productsupplier?post=93947"},{"taxonomy":"productsleeve","embeddable":true,"href":"https:\/\/www.koonings.com\/fr\/wp-json\/wp\/v2\/productsleeve?post=93947"},{"taxonomy":"productcategory","embeddable":true,"href":"https:\/\/www.koonings.com\/fr\/wp-json\/wp\/v2\/productcategory?post=93947"},{"taxonomy":"productsilhouette","embeddable":true,"href":"https:\/\/www.koonings.com\/fr\/wp-json\/wp\/v2\/productsilhouette?post=93947"},{"taxonomy":"productstyle","embeddable":true,"href":"https:\/\/www.koonings.com\/fr\/wp-json\/wp\/v2\/productstyle?post=93947"}],"curies":[{"name":"wp","href":"https:\/\/api.w.org\/{rel}","templated":true}]}}