{"id":93942,"date":"2026-04-28T18:40:33","date_gmt":"2026-04-28T16:40:33","guid":{"rendered":"https:\/\/www.koonings.com\/product\/azuree-bridal-annelore-426-0261\/"},"modified":"2026-02-17T12:52:03","modified_gmt":"2026-02-17T11:52:03","slug":"azuree-bridal-annelore-426-0261","status":"publish","type":"product","link":"https:\/\/www.koonings.com\/fr\/product\/azuree-bridal-annelore-426-0261\/","title":{"rendered":"Azuree Bridal Annelore 426.0261"},"content":{"rendered":"<p>La robe de mari\u00e9e Annelore est d&#8217;une \u00e9l\u00e9gance classique avec une touche de modernit\u00e9. Fabriqu\u00e9e en satin doux et drap\u00e9e pour une silhouette flatteuse, cette robe est dot\u00e9e de manches amovibles qui apportent de la souplesse \u00e0 votre look. Le dos illusion et la fente subtile de la jupe ajoutent une touche contemporaine \u00e0 ce style intemporel. Annelore est parfaite pour les mari\u00e9es qui aiment la sophistication et la simplicit\u00e9, sans faire de compromis sur le style et les d\u00e9tails. Le satin drap\u00e9 cr\u00e9e une coupe fluide et confortable, tandis que les accents modernes cr\u00e9ent un look \u00e0 la fois subtil et saisissant.    <\/p>\n","protected":false},"featured_media":92498,"template":"","meta":{"_acf_changed":false,"ghostkit_customizer_options":"","ghostkit_custom_css":"","ghostkit_custom_js_head":"","ghostkit_custom_js_foot":"","ghostkit_typography":""},"productdetails":[378],"productneck":[351],"productcolor":[393,392],"maat":[],"productsupplier":[533],"productsleeve":[357],"productcategory":[18],"productsilhouette":[389],"productstyle":[369,365,371],"class_list":["post-93942","product","type-product","status-publish","has-post-thumbnail","hentry","productdetails-378","productneck-351","productcolor-393","productcolor-392","productsupplier-azuree-bridal","productsleeve-357","productcategory-trouwjurken","productsilhouette-389","productstyle-369","productstyle-365","productstyle-371"],"acf":[],"yoast_head":"<!-- This site is optimized with the Yoast SEO plugin v27.3 - https:\/\/yoast.com\/product\/yoast-seo-wordpress\/ -->\n<title>Azuree Bridal Annelore 426.0261 | Koonings<\/title>\n<meta name=\"description\" content=\"La robe de mari\u00e9e Annelore est d&#039;une \u00e9l\u00e9gance classique avec une touche de modernit\u00e9. Fabriqu\u00e9e en satin doux et drap\u00e9e pour une silhouette flatteuse, cette robe est dot\u00e9e de manches amovibles qui apportent de la souplesse \u00e0 votre look. Le dos illusion et la fente subtile de la jupe ajoutent une touche contemporaine \u00e0 ce style intemporel. Annelore est parfaite pour les mari\u00e9es qui aiment la sophistication et la simplicit\u00e9, sans faire de compromis sur le style et les d\u00e9tails. Le satin drap\u00e9 cr\u00e9e une coupe fluide et confortable, tandis que les accents modernes cr\u00e9ent un look \u00e0 la fois subtil et saisissant.\" \/>\n<meta name=\"robots\" content=\"index, follow, max-snippet:-1, max-image-preview:large, max-video-preview:-1\" \/>\n<link rel=\"canonical\" href=\"https:\/\/www.koonings.com\/fr\/product\/azuree-bridal-annelore-426-0261\/\" \/>\n<meta property=\"og:locale\" content=\"fr_FR\" \/>\n<meta property=\"og:type\" content=\"article\" \/>\n<meta property=\"og:title\" content=\"Azuree Bridal Annelore 426.0261 | Koonings\" \/>\n<meta property=\"og:description\" content=\"La robe de mari\u00e9e Annelore est d&#039;une \u00e9l\u00e9gance classique avec une touche de modernit\u00e9. Fabriqu\u00e9e en satin doux et drap\u00e9e pour une silhouette flatteuse, cette robe est dot\u00e9e de manches amovibles qui apportent de la souplesse \u00e0 votre look. Le dos illusion et la fente subtile de la jupe ajoutent une touche contemporaine \u00e0 ce style intemporel. Annelore est parfaite pour les mari\u00e9es qui aiment la sophistication et la simplicit\u00e9, sans faire de compromis sur le style et les d\u00e9tails. Le satin drap\u00e9 cr\u00e9e une coupe fluide et confortable, tandis que les accents modernes cr\u00e9ent un look \u00e0 la fois subtil et saisissant.\" \/>\n<meta property=\"og:url\" content=\"https:\/\/www.koonings.com\/fr\/product\/azuree-bridal-annelore-426-0261\/\" \/>\n<meta property=\"og:site_name\" content=\"Koonings\" \/>\n<meta property=\"article:publisher\" content=\"https:\/\/www.facebook.com\/kooningstheweddingpalace\" \/>\n<meta property=\"og:image\" content=\"https:\/\/www.koonings.com\/wp-content\/uploads\/2025\/09\/51483_300dd7f2a171c86b8d3c13f05f028f69ac654dc9c4498bc08cc3a80a1c530dce3ea3221b.jpeg\" \/>\n\t<meta property=\"og:image:width\" content=\"1411\" \/>\n\t<meta property=\"og:image:height\" content=\"1995\" \/>\n\t<meta property=\"og:image:type\" content=\"image\/jpeg\" \/>\n<meta name=\"twitter:card\" content=\"summary_large_image\" \/>\n<meta name=\"twitter:label1\" content=\"Dur\u00e9e de lecture estim\u00e9e\" \/>\n\t<meta name=\"twitter:data1\" content=\"1 minute\" \/>\n<script type=\"application\/ld+json\" class=\"yoast-schema-graph\">{\"@context\":\"https:\\\/\\\/schema.org\",\"@graph\":[{\"@type\":\"WebPage\",\"@id\":\"https:\\\/\\\/www.koonings.com\\\/fr\\\/product\\\/azuree-bridal-annelore-426-0261\\\/\",\"url\":\"https:\\\/\\\/www.koonings.com\\\/fr\\\/product\\\/azuree-bridal-annelore-426-0261\\\/\",\"name\":\"Azuree Bridal Annelore 426.0261 | Koonings\",\"isPartOf\":{\"@id\":\"https:\\\/\\\/www.koonings.com\\\/fr\\\/#website\"},\"primaryImageOfPage\":{\"@id\":\"https:\\\/\\\/www.koonings.com\\\/fr\\\/product\\\/azuree-bridal-annelore-426-0261\\\/#primaryimage\"},\"image\":{\"@id\":\"https:\\\/\\\/www.koonings.com\\\/fr\\\/product\\\/azuree-bridal-annelore-426-0261\\\/#primaryimage\"},\"thumbnailUrl\":\"https:\\\/\\\/www.koonings.com\\\/wp-content\\\/uploads\\\/2025\\\/09\\\/51483_300dd7f2a171c86b8d3c13f05f028f69ac654dc9c4498bc08cc3a80a1c530dce3ea3221b.jpeg\",\"datePublished\":\"2026-04-28T16:40:33+00:00\",\"description\":\"La robe de mari\u00e9e Annelore est d'une \u00e9l\u00e9gance classique avec une touche de modernit\u00e9. Fabriqu\u00e9e en satin doux et drap\u00e9e pour une silhouette flatteuse, cette robe est dot\u00e9e de manches amovibles qui apportent de la souplesse \u00e0 votre look. Le dos illusion et la fente subtile de la jupe ajoutent une touche contemporaine \u00e0 ce style intemporel. Annelore est parfaite pour les mari\u00e9es qui aiment la sophistication et la simplicit\u00e9, sans faire de compromis sur le style et les d\u00e9tails. Le satin drap\u00e9 cr\u00e9e une coupe fluide et confortable, tandis que les accents modernes cr\u00e9ent un look \u00e0 la fois subtil et saisissant.\",\"breadcrumb\":{\"@id\":\"https:\\\/\\\/www.koonings.com\\\/fr\\\/product\\\/azuree-bridal-annelore-426-0261\\\/#breadcrumb\"},\"inLanguage\":\"fr-FR\",\"potentialAction\":[{\"@type\":\"ReadAction\",\"target\":[\"https:\\\/\\\/www.koonings.com\\\/fr\\\/product\\\/azuree-bridal-annelore-426-0261\\\/\"]}]},{\"@type\":\"ImageObject\",\"inLanguage\":\"fr-FR\",\"@id\":\"https:\\\/\\\/www.koonings.com\\\/fr\\\/product\\\/azuree-bridal-annelore-426-0261\\\/#primaryimage\",\"url\":\"https:\\\/\\\/www.koonings.com\\\/wp-content\\\/uploads\\\/2025\\\/09\\\/51483_300dd7f2a171c86b8d3c13f05f028f69ac654dc9c4498bc08cc3a80a1c530dce3ea3221b.jpeg\",\"contentUrl\":\"https:\\\/\\\/www.koonings.com\\\/wp-content\\\/uploads\\\/2025\\\/09\\\/51483_300dd7f2a171c86b8d3c13f05f028f69ac654dc9c4498bc08cc3a80a1c530dce3ea3221b.jpeg\",\"width\":1411,\"height\":1995},{\"@type\":\"BreadcrumbList\",\"@id\":\"https:\\\/\\\/www.koonings.com\\\/fr\\\/product\\\/azuree-bridal-annelore-426-0261\\\/#breadcrumb\",\"itemListElement\":[{\"@type\":\"ListItem\",\"position\":1,\"name\":\"Home\",\"item\":\"https:\\\/\\\/www.koonings.com\\\/fr\\\/\"},{\"@type\":\"ListItem\",\"position\":2,\"name\":\"Azuree Bridal Annelore 426.0261\"}]},{\"@type\":\"WebSite\",\"@id\":\"https:\\\/\\\/www.koonings.com\\\/fr\\\/#website\",\"url\":\"https:\\\/\\\/www.koonings.com\\\/fr\\\/\",\"name\":\"Koonings\",\"description\":\"De grootste bruidsmodewinkel ter wereld\",\"publisher\":{\"@id\":\"https:\\\/\\\/www.koonings.com\\\/fr\\\/#organization\"},\"potentialAction\":[{\"@type\":\"SearchAction\",\"target\":{\"@type\":\"EntryPoint\",\"urlTemplate\":\"https:\\\/\\\/www.koonings.com\\\/fr\\\/?s={search_term_string}\"},\"query-input\":{\"@type\":\"PropertyValueSpecification\",\"valueRequired\":true,\"valueName\":\"search_term_string\"}}],\"inLanguage\":\"fr-FR\"},{\"@type\":\"Organization\",\"@id\":\"https:\\\/\\\/www.koonings.com\\\/fr\\\/#organization\",\"name\":\"Koonings\",\"url\":\"https:\\\/\\\/www.koonings.com\\\/fr\\\/\",\"logo\":{\"@type\":\"ImageObject\",\"inLanguage\":\"fr-FR\",\"@id\":\"https:\\\/\\\/www.koonings.com\\\/fr\\\/#\\\/schema\\\/logo\\\/image\\\/\",\"url\":\"https:\\\/\\\/www.koonings.com\\\/wp-content\\\/uploads\\\/2024\\\/07\\\/logo.png\",\"contentUrl\":\"https:\\\/\\\/www.koonings.com\\\/wp-content\\\/uploads\\\/2024\\\/07\\\/logo.png\",\"width\":600,\"height\":428,\"caption\":\"Koonings\"},\"image\":{\"@id\":\"https:\\\/\\\/www.koonings.com\\\/fr\\\/#\\\/schema\\\/logo\\\/image\\\/\"},\"sameAs\":[\"https:\\\/\\\/www.facebook.com\\\/kooningstheweddingpalace\",\"https:\\\/\\\/www.instagram.com\\\/kooningstheweddingpalace\",\"https:\\\/\\\/www.pinterest.com\\\/koonings\",\"https:\\\/\\\/www.youtube.com\\\/kooningstheweddingpalace\"]}]}<\/script>\n<!-- \/ Yoast SEO plugin. -->","yoast_head_json":{"title":"Azuree Bridal Annelore 426.0261 | Koonings","description":"La robe de mari\u00e9e Annelore est d'une \u00e9l\u00e9gance classique avec une touche de modernit\u00e9. Fabriqu\u00e9e en satin doux et drap\u00e9e pour une silhouette flatteuse, cette robe est dot\u00e9e de manches amovibles qui apportent de la souplesse \u00e0 votre look. Le dos illusion et la fente subtile de la jupe ajoutent une touche contemporaine \u00e0 ce style intemporel. Annelore est parfaite pour les mari\u00e9es qui aiment la sophistication et la simplicit\u00e9, sans faire de compromis sur le style et les d\u00e9tails. Le satin drap\u00e9 cr\u00e9e une coupe fluide et confortable, tandis que les accents modernes cr\u00e9ent un look \u00e0 la fois subtil et saisissant.","robots":{"index":"index","follow":"follow","max-snippet":"max-snippet:-1","max-image-preview":"max-image-preview:large","max-video-preview":"max-video-preview:-1"},"canonical":"https:\/\/www.koonings.com\/fr\/product\/azuree-bridal-annelore-426-0261\/","og_locale":"fr_FR","og_type":"article","og_title":"Azuree Bridal Annelore 426.0261 | Koonings","og_description":"La robe de mari\u00e9e Annelore est d'une \u00e9l\u00e9gance classique avec une touche de modernit\u00e9. Fabriqu\u00e9e en satin doux et drap\u00e9e pour une silhouette flatteuse, cette robe est dot\u00e9e de manches amovibles qui apportent de la souplesse \u00e0 votre look. Le dos illusion et la fente subtile de la jupe ajoutent une touche contemporaine \u00e0 ce style intemporel. Annelore est parfaite pour les mari\u00e9es qui aiment la sophistication et la simplicit\u00e9, sans faire de compromis sur le style et les d\u00e9tails. Le satin drap\u00e9 cr\u00e9e une coupe fluide et confortable, tandis que les accents modernes cr\u00e9ent un look \u00e0 la fois subtil et saisissant.","og_url":"https:\/\/www.koonings.com\/fr\/product\/azuree-bridal-annelore-426-0261\/","og_site_name":"Koonings","article_publisher":"https:\/\/www.facebook.com\/kooningstheweddingpalace","og_image":[{"width":1411,"height":1995,"url":"https:\/\/www.koonings.com\/wp-content\/uploads\/2025\/09\/51483_300dd7f2a171c86b8d3c13f05f028f69ac654dc9c4498bc08cc3a80a1c530dce3ea3221b.jpeg","type":"image\/jpeg"}],"twitter_card":"summary_large_image","twitter_misc":{"Dur\u00e9e de lecture estim\u00e9e":"1 minute"},"schema":{"@context":"https:\/\/schema.org","@graph":[{"@type":"WebPage","@id":"https:\/\/www.koonings.com\/fr\/product\/azuree-bridal-annelore-426-0261\/","url":"https:\/\/www.koonings.com\/fr\/product\/azuree-bridal-annelore-426-0261\/","name":"Azuree Bridal Annelore 426.0261 | Koonings","isPartOf":{"@id":"https:\/\/www.koonings.com\/fr\/#website"},"primaryImageOfPage":{"@id":"https:\/\/www.koonings.com\/fr\/product\/azuree-bridal-annelore-426-0261\/#primaryimage"},"image":{"@id":"https:\/\/www.koonings.com\/fr\/product\/azuree-bridal-annelore-426-0261\/#primaryimage"},"thumbnailUrl":"https:\/\/www.koonings.com\/wp-content\/uploads\/2025\/09\/51483_300dd7f2a171c86b8d3c13f05f028f69ac654dc9c4498bc08cc3a80a1c530dce3ea3221b.jpeg","datePublished":"2026-04-28T16:40:33+00:00","description":"La robe de mari\u00e9e Annelore est d'une \u00e9l\u00e9gance classique avec une touche de modernit\u00e9. Fabriqu\u00e9e en satin doux et drap\u00e9e pour une silhouette flatteuse, cette robe est dot\u00e9e de manches amovibles qui apportent de la souplesse \u00e0 votre look. Le dos illusion et la fente subtile de la jupe ajoutent une touche contemporaine \u00e0 ce style intemporel. Annelore est parfaite pour les mari\u00e9es qui aiment la sophistication et la simplicit\u00e9, sans faire de compromis sur le style et les d\u00e9tails. Le satin drap\u00e9 cr\u00e9e une coupe fluide et confortable, tandis que les accents modernes cr\u00e9ent un look \u00e0 la fois subtil et saisissant.","breadcrumb":{"@id":"https:\/\/www.koonings.com\/fr\/product\/azuree-bridal-annelore-426-0261\/#breadcrumb"},"inLanguage":"fr-FR","potentialAction":[{"@type":"ReadAction","target":["https:\/\/www.koonings.com\/fr\/product\/azuree-bridal-annelore-426-0261\/"]}]},{"@type":"ImageObject","inLanguage":"fr-FR","@id":"https:\/\/www.koonings.com\/fr\/product\/azuree-bridal-annelore-426-0261\/#primaryimage","url":"https:\/\/www.koonings.com\/wp-content\/uploads\/2025\/09\/51483_300dd7f2a171c86b8d3c13f05f028f69ac654dc9c4498bc08cc3a80a1c530dce3ea3221b.jpeg","contentUrl":"https:\/\/www.koonings.com\/wp-content\/uploads\/2025\/09\/51483_300dd7f2a171c86b8d3c13f05f028f69ac654dc9c4498bc08cc3a80a1c530dce3ea3221b.jpeg","width":1411,"height":1995},{"@type":"BreadcrumbList","@id":"https:\/\/www.koonings.com\/fr\/product\/azuree-bridal-annelore-426-0261\/#breadcrumb","itemListElement":[{"@type":"ListItem","position":1,"name":"Home","item":"https:\/\/www.koonings.com\/fr\/"},{"@type":"ListItem","position":2,"name":"Azuree Bridal Annelore 426.0261"}]},{"@type":"WebSite","@id":"https:\/\/www.koonings.com\/fr\/#website","url":"https:\/\/www.koonings.com\/fr\/","name":"Koonings","description":"De grootste bruidsmodewinkel ter wereld","publisher":{"@id":"https:\/\/www.koonings.com\/fr\/#organization"},"potentialAction":[{"@type":"SearchAction","target":{"@type":"EntryPoint","urlTemplate":"https:\/\/www.koonings.com\/fr\/?s={search_term_string}"},"query-input":{"@type":"PropertyValueSpecification","valueRequired":true,"valueName":"search_term_string"}}],"inLanguage":"fr-FR"},{"@type":"Organization","@id":"https:\/\/www.koonings.com\/fr\/#organization","name":"Koonings","url":"https:\/\/www.koonings.com\/fr\/","logo":{"@type":"ImageObject","inLanguage":"fr-FR","@id":"https:\/\/www.koonings.com\/fr\/#\/schema\/logo\/image\/","url":"https:\/\/www.koonings.com\/wp-content\/uploads\/2024\/07\/logo.png","contentUrl":"https:\/\/www.koonings.com\/wp-content\/uploads\/2024\/07\/logo.png","width":600,"height":428,"caption":"Koonings"},"image":{"@id":"https:\/\/www.koonings.com\/fr\/#\/schema\/logo\/image\/"},"sameAs":["https:\/\/www.facebook.com\/kooningstheweddingpalace","https:\/\/www.instagram.com\/kooningstheweddingpalace","https:\/\/www.pinterest.com\/koonings","https:\/\/www.youtube.com\/kooningstheweddingpalace"]}]}},"_links":{"self":[{"href":"https:\/\/www.koonings.com\/fr\/wp-json\/wp\/v2\/product\/93942","targetHints":{"allow":["GET"]}}],"collection":[{"href":"https:\/\/www.koonings.com\/fr\/wp-json\/wp\/v2\/product"}],"about":[{"href":"https:\/\/www.koonings.com\/fr\/wp-json\/wp\/v2\/types\/product"}],"wp:featuredmedia":[{"embeddable":true,"href":"https:\/\/www.koonings.com\/fr\/wp-json\/wp\/v2\/media\/92498"}],"wp:attachment":[{"href":"https:\/\/www.koonings.com\/fr\/wp-json\/wp\/v2\/media?parent=93942"}],"wp:term":[{"taxonomy":"productdetails","embeddable":true,"href":"https:\/\/www.koonings.com\/fr\/wp-json\/wp\/v2\/productdetails?post=93942"},{"taxonomy":"productneck","embeddable":true,"href":"https:\/\/www.koonings.com\/fr\/wp-json\/wp\/v2\/productneck?post=93942"},{"taxonomy":"productcolor","embeddable":true,"href":"https:\/\/www.koonings.com\/fr\/wp-json\/wp\/v2\/productcolor?post=93942"},{"taxonomy":"maat","embeddable":true,"href":"https:\/\/www.koonings.com\/fr\/wp-json\/wp\/v2\/maat?post=93942"},{"taxonomy":"productsupplier","embeddable":true,"href":"https:\/\/www.koonings.com\/fr\/wp-json\/wp\/v2\/productsupplier?post=93942"},{"taxonomy":"productsleeve","embeddable":true,"href":"https:\/\/www.koonings.com\/fr\/wp-json\/wp\/v2\/productsleeve?post=93942"},{"taxonomy":"productcategory","embeddable":true,"href":"https:\/\/www.koonings.com\/fr\/wp-json\/wp\/v2\/productcategory?post=93942"},{"taxonomy":"productsilhouette","embeddable":true,"href":"https:\/\/www.koonings.com\/fr\/wp-json\/wp\/v2\/productsilhouette?post=93942"},{"taxonomy":"productstyle","embeddable":true,"href":"https:\/\/www.koonings.com\/fr\/wp-json\/wp\/v2\/productstyle?post=93942"}],"curies":[{"name":"wp","href":"https:\/\/api.w.org\/{rel}","templated":true}]}}