{"id":93941,"date":"2026-04-28T18:40:33","date_gmt":"2026-04-28T16:40:33","guid":{"rendered":"https:\/\/www.koonings.com\/product\/azuree-bridal-anna-426-0242\/"},"modified":"2026-02-17T12:53:07","modified_gmt":"2026-02-17T11:53:07","slug":"azuree-bridal-anna-426-0242","status":"publish","type":"product","link":"https:\/\/www.koonings.com\/fr\/product\/azuree-bridal-anna-426-0242\/","title":{"rendered":"Azuree Bridal Anna 426.0242"},"content":{"rendered":"<p>La robe de mari\u00e9e Anna est une magnifique robe de princesse sans bretelles \u00e0 l&#8217;allure classique et intemporelle. Le d\u00e9collet\u00e9 en c\u0153ur et le corsage enti\u00e8rement doubl\u00e9 assurent un ajustement parfait et accentuent les courbes naturelles de la mari\u00e9e. Les appliques de dentelle se poursuivent sur la jupe et se terminent par une bordure de dentelle \u00e0 l&#8217;ourlet, cr\u00e9ant ainsi un look \u00e9l\u00e9gant et sophistiqu\u00e9. La robe de mari\u00e9e Anna est parfaite pour les mari\u00e9es qui aiment le style princesse traditionnel et le c\u00f4t\u00e9 romantique. La richesse des d\u00e9tails et la magnifique finition en dentelle rendent cette robe id\u00e9ale pour un mariage de conte de f\u00e9es o\u00f9 la mari\u00e9e veut se sentir comme une v\u00e9ritable princesse.    <\/p>\n","protected":false},"featured_media":92474,"template":"","meta":{"_acf_changed":false,"ghostkit_customizer_options":"","ghostkit_custom_css":"","ghostkit_custom_js_head":"","ghostkit_custom_js_foot":"","ghostkit_typography":""},"productdetails":[376],"productneck":[354,355],"productcolor":[392],"maat":[],"productsupplier":[533],"productsleeve":[],"productcategory":[18],"productsilhouette":[388],"productstyle":[372,366],"class_list":["post-93941","product","type-product","status-publish","has-post-thumbnail","hentry","productdetails-376","productneck-354","productneck-355","productcolor-392","productsupplier-azuree-bridal","productcategory-trouwjurken","productsilhouette-388","productstyle-372","productstyle-366"],"acf":[],"yoast_head":"<!-- This site is optimized with the Yoast SEO plugin v27.3 - https:\/\/yoast.com\/product\/yoast-seo-wordpress\/ -->\n<title>Azuree Bridal Anna 426.0242 | Koonings<\/title>\n<meta name=\"description\" content=\"La robe de mari\u00e9e Anna est une magnifique robe de princesse sans bretelles \u00e0 l&#039;allure classique et intemporelle. Le d\u00e9collet\u00e9 en c\u0153ur et le corsage enti\u00e8rement doubl\u00e9 assurent un ajustement parfait et accentuent les courbes naturelles de la mari\u00e9e. Les appliques de dentelle se poursuivent sur la jupe et se terminent par une bordure de dentelle \u00e0 l&#039;ourlet, cr\u00e9ant ainsi un look \u00e9l\u00e9gant et sophistiqu\u00e9. La robe de mari\u00e9e Anna est parfaite pour les mari\u00e9es qui aiment le style princesse traditionnel et le c\u00f4t\u00e9 romantique. La richesse des d\u00e9tails et la magnifique finition en dentelle rendent cette robe id\u00e9ale pour un mariage de conte de f\u00e9es o\u00f9 la mari\u00e9e veut se sentir comme une v\u00e9ritable princesse.\" \/>\n<meta name=\"robots\" content=\"index, follow, max-snippet:-1, max-image-preview:large, max-video-preview:-1\" \/>\n<link rel=\"canonical\" href=\"https:\/\/www.koonings.com\/fr\/product\/azuree-bridal-anna-426-0242\/\" \/>\n<meta property=\"og:locale\" content=\"fr_FR\" \/>\n<meta property=\"og:type\" content=\"article\" \/>\n<meta property=\"og:title\" content=\"Azuree Bridal Anna 426.0242 | Koonings\" \/>\n<meta property=\"og:description\" content=\"La robe de mari\u00e9e Anna est une magnifique robe de princesse sans bretelles \u00e0 l&#039;allure classique et intemporelle. Le d\u00e9collet\u00e9 en c\u0153ur et le corsage enti\u00e8rement doubl\u00e9 assurent un ajustement parfait et accentuent les courbes naturelles de la mari\u00e9e. Les appliques de dentelle se poursuivent sur la jupe et se terminent par une bordure de dentelle \u00e0 l&#039;ourlet, cr\u00e9ant ainsi un look \u00e9l\u00e9gant et sophistiqu\u00e9. La robe de mari\u00e9e Anna est parfaite pour les mari\u00e9es qui aiment le style princesse traditionnel et le c\u00f4t\u00e9 romantique. La richesse des d\u00e9tails et la magnifique finition en dentelle rendent cette robe id\u00e9ale pour un mariage de conte de f\u00e9es o\u00f9 la mari\u00e9e veut se sentir comme une v\u00e9ritable princesse.\" \/>\n<meta property=\"og:url\" content=\"https:\/\/www.koonings.com\/fr\/product\/azuree-bridal-anna-426-0242\/\" \/>\n<meta property=\"og:site_name\" content=\"Koonings\" \/>\n<meta property=\"article:publisher\" content=\"https:\/\/www.facebook.com\/kooningstheweddingpalace\" \/>\n<meta property=\"og:image\" content=\"https:\/\/www.koonings.com\/wp-content\/uploads\/2025\/09\/51480_9b0f594ade7c63bcd9aec4368f2f3bc6872f2d58ec463d84e9fdb608e7a525c83670d396.jpeg\" \/>\n\t<meta property=\"og:image:width\" content=\"1611\" \/>\n\t<meta property=\"og:image:height\" content=\"2278\" \/>\n\t<meta property=\"og:image:type\" content=\"image\/jpeg\" \/>\n<meta name=\"twitter:card\" content=\"summary_large_image\" \/>\n<meta name=\"twitter:label1\" content=\"Dur\u00e9e de lecture estim\u00e9e\" \/>\n\t<meta name=\"twitter:data1\" content=\"1 minute\" \/>\n<script type=\"application\/ld+json\" class=\"yoast-schema-graph\">{\"@context\":\"https:\\\/\\\/schema.org\",\"@graph\":[{\"@type\":\"WebPage\",\"@id\":\"https:\\\/\\\/www.koonings.com\\\/fr\\\/product\\\/azuree-bridal-anna-426-0242\\\/\",\"url\":\"https:\\\/\\\/www.koonings.com\\\/fr\\\/product\\\/azuree-bridal-anna-426-0242\\\/\",\"name\":\"Azuree Bridal Anna 426.0242 | Koonings\",\"isPartOf\":{\"@id\":\"https:\\\/\\\/www.koonings.com\\\/fr\\\/#website\"},\"primaryImageOfPage\":{\"@id\":\"https:\\\/\\\/www.koonings.com\\\/fr\\\/product\\\/azuree-bridal-anna-426-0242\\\/#primaryimage\"},\"image\":{\"@id\":\"https:\\\/\\\/www.koonings.com\\\/fr\\\/product\\\/azuree-bridal-anna-426-0242\\\/#primaryimage\"},\"thumbnailUrl\":\"https:\\\/\\\/www.koonings.com\\\/wp-content\\\/uploads\\\/2025\\\/09\\\/51480_9b0f594ade7c63bcd9aec4368f2f3bc6872f2d58ec463d84e9fdb608e7a525c83670d396.jpeg\",\"datePublished\":\"2026-04-28T16:40:33+00:00\",\"description\":\"La robe de mari\u00e9e Anna est une magnifique robe de princesse sans bretelles \u00e0 l'allure classique et intemporelle. Le d\u00e9collet\u00e9 en c\u0153ur et le corsage enti\u00e8rement doubl\u00e9 assurent un ajustement parfait et accentuent les courbes naturelles de la mari\u00e9e. Les appliques de dentelle se poursuivent sur la jupe et se terminent par une bordure de dentelle \u00e0 l'ourlet, cr\u00e9ant ainsi un look \u00e9l\u00e9gant et sophistiqu\u00e9. La robe de mari\u00e9e Anna est parfaite pour les mari\u00e9es qui aiment le style princesse traditionnel et le c\u00f4t\u00e9 romantique. La richesse des d\u00e9tails et la magnifique finition en dentelle rendent cette robe id\u00e9ale pour un mariage de conte de f\u00e9es o\u00f9 la mari\u00e9e veut se sentir comme une v\u00e9ritable princesse.\",\"breadcrumb\":{\"@id\":\"https:\\\/\\\/www.koonings.com\\\/fr\\\/product\\\/azuree-bridal-anna-426-0242\\\/#breadcrumb\"},\"inLanguage\":\"fr-FR\",\"potentialAction\":[{\"@type\":\"ReadAction\",\"target\":[\"https:\\\/\\\/www.koonings.com\\\/fr\\\/product\\\/azuree-bridal-anna-426-0242\\\/\"]}]},{\"@type\":\"ImageObject\",\"inLanguage\":\"fr-FR\",\"@id\":\"https:\\\/\\\/www.koonings.com\\\/fr\\\/product\\\/azuree-bridal-anna-426-0242\\\/#primaryimage\",\"url\":\"https:\\\/\\\/www.koonings.com\\\/wp-content\\\/uploads\\\/2025\\\/09\\\/51480_9b0f594ade7c63bcd9aec4368f2f3bc6872f2d58ec463d84e9fdb608e7a525c83670d396.jpeg\",\"contentUrl\":\"https:\\\/\\\/www.koonings.com\\\/wp-content\\\/uploads\\\/2025\\\/09\\\/51480_9b0f594ade7c63bcd9aec4368f2f3bc6872f2d58ec463d84e9fdb608e7a525c83670d396.jpeg\",\"width\":1611,\"height\":2278},{\"@type\":\"BreadcrumbList\",\"@id\":\"https:\\\/\\\/www.koonings.com\\\/fr\\\/product\\\/azuree-bridal-anna-426-0242\\\/#breadcrumb\",\"itemListElement\":[{\"@type\":\"ListItem\",\"position\":1,\"name\":\"Home\",\"item\":\"https:\\\/\\\/www.koonings.com\\\/fr\\\/\"},{\"@type\":\"ListItem\",\"position\":2,\"name\":\"Azuree Bridal Anna 426.0242\"}]},{\"@type\":\"WebSite\",\"@id\":\"https:\\\/\\\/www.koonings.com\\\/fr\\\/#website\",\"url\":\"https:\\\/\\\/www.koonings.com\\\/fr\\\/\",\"name\":\"Koonings\",\"description\":\"De grootste bruidsmodewinkel ter wereld\",\"publisher\":{\"@id\":\"https:\\\/\\\/www.koonings.com\\\/fr\\\/#organization\"},\"potentialAction\":[{\"@type\":\"SearchAction\",\"target\":{\"@type\":\"EntryPoint\",\"urlTemplate\":\"https:\\\/\\\/www.koonings.com\\\/fr\\\/?s={search_term_string}\"},\"query-input\":{\"@type\":\"PropertyValueSpecification\",\"valueRequired\":true,\"valueName\":\"search_term_string\"}}],\"inLanguage\":\"fr-FR\"},{\"@type\":\"Organization\",\"@id\":\"https:\\\/\\\/www.koonings.com\\\/fr\\\/#organization\",\"name\":\"Koonings\",\"url\":\"https:\\\/\\\/www.koonings.com\\\/fr\\\/\",\"logo\":{\"@type\":\"ImageObject\",\"inLanguage\":\"fr-FR\",\"@id\":\"https:\\\/\\\/www.koonings.com\\\/fr\\\/#\\\/schema\\\/logo\\\/image\\\/\",\"url\":\"https:\\\/\\\/www.koonings.com\\\/wp-content\\\/uploads\\\/2024\\\/07\\\/logo.png\",\"contentUrl\":\"https:\\\/\\\/www.koonings.com\\\/wp-content\\\/uploads\\\/2024\\\/07\\\/logo.png\",\"width\":600,\"height\":428,\"caption\":\"Koonings\"},\"image\":{\"@id\":\"https:\\\/\\\/www.koonings.com\\\/fr\\\/#\\\/schema\\\/logo\\\/image\\\/\"},\"sameAs\":[\"https:\\\/\\\/www.facebook.com\\\/kooningstheweddingpalace\",\"https:\\\/\\\/www.instagram.com\\\/kooningstheweddingpalace\",\"https:\\\/\\\/www.pinterest.com\\\/koonings\",\"https:\\\/\\\/www.youtube.com\\\/kooningstheweddingpalace\"]}]}<\/script>\n<!-- \/ Yoast SEO plugin. -->","yoast_head_json":{"title":"Azuree Bridal Anna 426.0242 | Koonings","description":"La robe de mari\u00e9e Anna est une magnifique robe de princesse sans bretelles \u00e0 l'allure classique et intemporelle. Le d\u00e9collet\u00e9 en c\u0153ur et le corsage enti\u00e8rement doubl\u00e9 assurent un ajustement parfait et accentuent les courbes naturelles de la mari\u00e9e. Les appliques de dentelle se poursuivent sur la jupe et se terminent par une bordure de dentelle \u00e0 l'ourlet, cr\u00e9ant ainsi un look \u00e9l\u00e9gant et sophistiqu\u00e9. La robe de mari\u00e9e Anna est parfaite pour les mari\u00e9es qui aiment le style princesse traditionnel et le c\u00f4t\u00e9 romantique. La richesse des d\u00e9tails et la magnifique finition en dentelle rendent cette robe id\u00e9ale pour un mariage de conte de f\u00e9es o\u00f9 la mari\u00e9e veut se sentir comme une v\u00e9ritable princesse.","robots":{"index":"index","follow":"follow","max-snippet":"max-snippet:-1","max-image-preview":"max-image-preview:large","max-video-preview":"max-video-preview:-1"},"canonical":"https:\/\/www.koonings.com\/fr\/product\/azuree-bridal-anna-426-0242\/","og_locale":"fr_FR","og_type":"article","og_title":"Azuree Bridal Anna 426.0242 | Koonings","og_description":"La robe de mari\u00e9e Anna est une magnifique robe de princesse sans bretelles \u00e0 l'allure classique et intemporelle. Le d\u00e9collet\u00e9 en c\u0153ur et le corsage enti\u00e8rement doubl\u00e9 assurent un ajustement parfait et accentuent les courbes naturelles de la mari\u00e9e. Les appliques de dentelle se poursuivent sur la jupe et se terminent par une bordure de dentelle \u00e0 l'ourlet, cr\u00e9ant ainsi un look \u00e9l\u00e9gant et sophistiqu\u00e9. La robe de mari\u00e9e Anna est parfaite pour les mari\u00e9es qui aiment le style princesse traditionnel et le c\u00f4t\u00e9 romantique. La richesse des d\u00e9tails et la magnifique finition en dentelle rendent cette robe id\u00e9ale pour un mariage de conte de f\u00e9es o\u00f9 la mari\u00e9e veut se sentir comme une v\u00e9ritable princesse.","og_url":"https:\/\/www.koonings.com\/fr\/product\/azuree-bridal-anna-426-0242\/","og_site_name":"Koonings","article_publisher":"https:\/\/www.facebook.com\/kooningstheweddingpalace","og_image":[{"width":1611,"height":2278,"url":"https:\/\/www.koonings.com\/wp-content\/uploads\/2025\/09\/51480_9b0f594ade7c63bcd9aec4368f2f3bc6872f2d58ec463d84e9fdb608e7a525c83670d396.jpeg","type":"image\/jpeg"}],"twitter_card":"summary_large_image","twitter_misc":{"Dur\u00e9e de lecture estim\u00e9e":"1 minute"},"schema":{"@context":"https:\/\/schema.org","@graph":[{"@type":"WebPage","@id":"https:\/\/www.koonings.com\/fr\/product\/azuree-bridal-anna-426-0242\/","url":"https:\/\/www.koonings.com\/fr\/product\/azuree-bridal-anna-426-0242\/","name":"Azuree Bridal Anna 426.0242 | Koonings","isPartOf":{"@id":"https:\/\/www.koonings.com\/fr\/#website"},"primaryImageOfPage":{"@id":"https:\/\/www.koonings.com\/fr\/product\/azuree-bridal-anna-426-0242\/#primaryimage"},"image":{"@id":"https:\/\/www.koonings.com\/fr\/product\/azuree-bridal-anna-426-0242\/#primaryimage"},"thumbnailUrl":"https:\/\/www.koonings.com\/wp-content\/uploads\/2025\/09\/51480_9b0f594ade7c63bcd9aec4368f2f3bc6872f2d58ec463d84e9fdb608e7a525c83670d396.jpeg","datePublished":"2026-04-28T16:40:33+00:00","description":"La robe de mari\u00e9e Anna est une magnifique robe de princesse sans bretelles \u00e0 l'allure classique et intemporelle. Le d\u00e9collet\u00e9 en c\u0153ur et le corsage enti\u00e8rement doubl\u00e9 assurent un ajustement parfait et accentuent les courbes naturelles de la mari\u00e9e. Les appliques de dentelle se poursuivent sur la jupe et se terminent par une bordure de dentelle \u00e0 l'ourlet, cr\u00e9ant ainsi un look \u00e9l\u00e9gant et sophistiqu\u00e9. La robe de mari\u00e9e Anna est parfaite pour les mari\u00e9es qui aiment le style princesse traditionnel et le c\u00f4t\u00e9 romantique. La richesse des d\u00e9tails et la magnifique finition en dentelle rendent cette robe id\u00e9ale pour un mariage de conte de f\u00e9es o\u00f9 la mari\u00e9e veut se sentir comme une v\u00e9ritable princesse.","breadcrumb":{"@id":"https:\/\/www.koonings.com\/fr\/product\/azuree-bridal-anna-426-0242\/#breadcrumb"},"inLanguage":"fr-FR","potentialAction":[{"@type":"ReadAction","target":["https:\/\/www.koonings.com\/fr\/product\/azuree-bridal-anna-426-0242\/"]}]},{"@type":"ImageObject","inLanguage":"fr-FR","@id":"https:\/\/www.koonings.com\/fr\/product\/azuree-bridal-anna-426-0242\/#primaryimage","url":"https:\/\/www.koonings.com\/wp-content\/uploads\/2025\/09\/51480_9b0f594ade7c63bcd9aec4368f2f3bc6872f2d58ec463d84e9fdb608e7a525c83670d396.jpeg","contentUrl":"https:\/\/www.koonings.com\/wp-content\/uploads\/2025\/09\/51480_9b0f594ade7c63bcd9aec4368f2f3bc6872f2d58ec463d84e9fdb608e7a525c83670d396.jpeg","width":1611,"height":2278},{"@type":"BreadcrumbList","@id":"https:\/\/www.koonings.com\/fr\/product\/azuree-bridal-anna-426-0242\/#breadcrumb","itemListElement":[{"@type":"ListItem","position":1,"name":"Home","item":"https:\/\/www.koonings.com\/fr\/"},{"@type":"ListItem","position":2,"name":"Azuree Bridal Anna 426.0242"}]},{"@type":"WebSite","@id":"https:\/\/www.koonings.com\/fr\/#website","url":"https:\/\/www.koonings.com\/fr\/","name":"Koonings","description":"De grootste bruidsmodewinkel ter wereld","publisher":{"@id":"https:\/\/www.koonings.com\/fr\/#organization"},"potentialAction":[{"@type":"SearchAction","target":{"@type":"EntryPoint","urlTemplate":"https:\/\/www.koonings.com\/fr\/?s={search_term_string}"},"query-input":{"@type":"PropertyValueSpecification","valueRequired":true,"valueName":"search_term_string"}}],"inLanguage":"fr-FR"},{"@type":"Organization","@id":"https:\/\/www.koonings.com\/fr\/#organization","name":"Koonings","url":"https:\/\/www.koonings.com\/fr\/","logo":{"@type":"ImageObject","inLanguage":"fr-FR","@id":"https:\/\/www.koonings.com\/fr\/#\/schema\/logo\/image\/","url":"https:\/\/www.koonings.com\/wp-content\/uploads\/2024\/07\/logo.png","contentUrl":"https:\/\/www.koonings.com\/wp-content\/uploads\/2024\/07\/logo.png","width":600,"height":428,"caption":"Koonings"},"image":{"@id":"https:\/\/www.koonings.com\/fr\/#\/schema\/logo\/image\/"},"sameAs":["https:\/\/www.facebook.com\/kooningstheweddingpalace","https:\/\/www.instagram.com\/kooningstheweddingpalace","https:\/\/www.pinterest.com\/koonings","https:\/\/www.youtube.com\/kooningstheweddingpalace"]}]}},"_links":{"self":[{"href":"https:\/\/www.koonings.com\/fr\/wp-json\/wp\/v2\/product\/93941","targetHints":{"allow":["GET"]}}],"collection":[{"href":"https:\/\/www.koonings.com\/fr\/wp-json\/wp\/v2\/product"}],"about":[{"href":"https:\/\/www.koonings.com\/fr\/wp-json\/wp\/v2\/types\/product"}],"wp:featuredmedia":[{"embeddable":true,"href":"https:\/\/www.koonings.com\/fr\/wp-json\/wp\/v2\/media\/92474"}],"wp:attachment":[{"href":"https:\/\/www.koonings.com\/fr\/wp-json\/wp\/v2\/media?parent=93941"}],"wp:term":[{"taxonomy":"productdetails","embeddable":true,"href":"https:\/\/www.koonings.com\/fr\/wp-json\/wp\/v2\/productdetails?post=93941"},{"taxonomy":"productneck","embeddable":true,"href":"https:\/\/www.koonings.com\/fr\/wp-json\/wp\/v2\/productneck?post=93941"},{"taxonomy":"productcolor","embeddable":true,"href":"https:\/\/www.koonings.com\/fr\/wp-json\/wp\/v2\/productcolor?post=93941"},{"taxonomy":"maat","embeddable":true,"href":"https:\/\/www.koonings.com\/fr\/wp-json\/wp\/v2\/maat?post=93941"},{"taxonomy":"productsupplier","embeddable":true,"href":"https:\/\/www.koonings.com\/fr\/wp-json\/wp\/v2\/productsupplier?post=93941"},{"taxonomy":"productsleeve","embeddable":true,"href":"https:\/\/www.koonings.com\/fr\/wp-json\/wp\/v2\/productsleeve?post=93941"},{"taxonomy":"productcategory","embeddable":true,"href":"https:\/\/www.koonings.com\/fr\/wp-json\/wp\/v2\/productcategory?post=93941"},{"taxonomy":"productsilhouette","embeddable":true,"href":"https:\/\/www.koonings.com\/fr\/wp-json\/wp\/v2\/productsilhouette?post=93941"},{"taxonomy":"productstyle","embeddable":true,"href":"https:\/\/www.koonings.com\/fr\/wp-json\/wp\/v2\/productstyle?post=93941"}],"curies":[{"name":"wp","href":"https:\/\/api.w.org\/{rel}","templated":true}]}}