{"id":93939,"date":"2026-04-28T18:40:40","date_gmt":"2026-04-28T16:40:40","guid":{"rendered":"https:\/\/www.koonings.com\/product\/azuree-bridal-beril-326-0031\/"},"modified":"2026-02-17T12:56:20","modified_gmt":"2026-02-17T11:56:20","slug":"azuree-bridal-beril-326-0031","status":"publish","type":"product","link":"https:\/\/www.koonings.com\/fr\/product\/azuree-bridal-beril-326-0031\/","title":{"rendered":"Azuree Bridal Beril 326.0031"},"content":{"rendered":"<p>La robe Beril est une pure magie nuptiale. Avec ses manches bouffantes romantiques en tulle doux, son corsage transparent orn\u00e9 de d\u00e9licates applications florales et sa jupe vaporeuse \u00e0 fente haute, cette robe incarne le m\u00e9lange parfait entre le conte de f\u00e9es et l&#8217;avant-garde de la mode. Les d\u00e9tails transparents et le mouvement ludique du tissu en font la robe id\u00e9ale pour la mari\u00e9e qui souhaite briller par son \u00e9l\u00e9gance et son caract\u00e8re. La douce ligne A cr\u00e9e une silhouette de r\u00eave, tandis que la fente haute ajoute une touche de s\u00e9duction.   <\/p>\n","protected":false},"featured_media":92570,"template":"","meta":{"_acf_changed":false,"ghostkit_customizer_options":"","ghostkit_custom_css":"","ghostkit_custom_js_head":"","ghostkit_custom_js_foot":"","ghostkit_typography":""},"productdetails":[379,378],"productneck":[355],"productcolor":[393,392],"maat":[],"productsupplier":[533],"productsleeve":[362,363],"productcategory":[18],"productsilhouette":[384],"productstyle":[366,370],"class_list":["post-93939","product","type-product","status-publish","has-post-thumbnail","hentry","productdetails-379","productdetails-378","productneck-355","productcolor-393","productcolor-392","productsupplier-azuree-bridal","productsleeve-362","productsleeve-363","productcategory-trouwjurken","productsilhouette-384","productstyle-366","productstyle-370"],"acf":[],"yoast_head":"<!-- This site is optimized with the Yoast SEO plugin v27.3 - https:\/\/yoast.com\/product\/yoast-seo-wordpress\/ -->\n<title>Azuree Bridal Beril 326.0031 | Koonings<\/title>\n<meta name=\"description\" content=\"La robe Beril est une pure magie nuptiale. Avec ses manches bouffantes romantiques en tulle doux, son corsage transparent orn\u00e9 de d\u00e9licates applications florales et sa jupe vaporeuse \u00e0 fente haute, cette robe incarne le m\u00e9lange parfait entre le conte de f\u00e9es et l&#039;avant-garde de la mode. Les d\u00e9tails transparents et le mouvement ludique du tissu en font la robe id\u00e9ale pour la mari\u00e9e qui souhaite briller par son \u00e9l\u00e9gance et son caract\u00e8re. La douce ligne A cr\u00e9e une silhouette de r\u00eave, tandis que la fente haute ajoute une touche de s\u00e9duction.\" \/>\n<meta name=\"robots\" content=\"index, follow, max-snippet:-1, max-image-preview:large, max-video-preview:-1\" \/>\n<link rel=\"canonical\" href=\"https:\/\/www.koonings.com\/fr\/product\/azuree-bridal-beril-326-0031\/\" \/>\n<meta property=\"og:locale\" content=\"fr_FR\" \/>\n<meta property=\"og:type\" content=\"article\" \/>\n<meta property=\"og:title\" content=\"Azuree Bridal Beril 326.0031 | Koonings\" \/>\n<meta property=\"og:description\" content=\"La robe Beril est une pure magie nuptiale. Avec ses manches bouffantes romantiques en tulle doux, son corsage transparent orn\u00e9 de d\u00e9licates applications florales et sa jupe vaporeuse \u00e0 fente haute, cette robe incarne le m\u00e9lange parfait entre le conte de f\u00e9es et l&#039;avant-garde de la mode. Les d\u00e9tails transparents et le mouvement ludique du tissu en font la robe id\u00e9ale pour la mari\u00e9e qui souhaite briller par son \u00e9l\u00e9gance et son caract\u00e8re. La douce ligne A cr\u00e9e une silhouette de r\u00eave, tandis que la fente haute ajoute une touche de s\u00e9duction.\" \/>\n<meta property=\"og:url\" content=\"https:\/\/www.koonings.com\/fr\/product\/azuree-bridal-beril-326-0031\/\" \/>\n<meta property=\"og:site_name\" content=\"Koonings\" \/>\n<meta property=\"article:publisher\" content=\"https:\/\/www.facebook.com\/kooningstheweddingpalace\" \/>\n<meta property=\"og:image\" content=\"https:\/\/www.koonings.com\/wp-content\/uploads\/2025\/09\/51502_1d8e78db34eef028cb7ac380734c8b3695b3cd910329b3da0f9dd7e5868ef7cfd8c6d815.jpeg\" \/>\n\t<meta property=\"og:image:width\" content=\"1708\" \/>\n\t<meta property=\"og:image:height\" content=\"2560\" \/>\n\t<meta property=\"og:image:type\" content=\"image\/jpeg\" \/>\n<meta name=\"twitter:card\" content=\"summary_large_image\" \/>\n<meta name=\"twitter:label1\" content=\"Dur\u00e9e de lecture estim\u00e9e\" \/>\n\t<meta name=\"twitter:data1\" content=\"1 minute\" \/>\n<script type=\"application\/ld+json\" class=\"yoast-schema-graph\">{\"@context\":\"https:\\\/\\\/schema.org\",\"@graph\":[{\"@type\":\"WebPage\",\"@id\":\"https:\\\/\\\/www.koonings.com\\\/fr\\\/product\\\/azuree-bridal-beril-326-0031\\\/\",\"url\":\"https:\\\/\\\/www.koonings.com\\\/fr\\\/product\\\/azuree-bridal-beril-326-0031\\\/\",\"name\":\"Azuree Bridal Beril 326.0031 | Koonings\",\"isPartOf\":{\"@id\":\"https:\\\/\\\/www.koonings.com\\\/fr\\\/#website\"},\"primaryImageOfPage\":{\"@id\":\"https:\\\/\\\/www.koonings.com\\\/fr\\\/product\\\/azuree-bridal-beril-326-0031\\\/#primaryimage\"},\"image\":{\"@id\":\"https:\\\/\\\/www.koonings.com\\\/fr\\\/product\\\/azuree-bridal-beril-326-0031\\\/#primaryimage\"},\"thumbnailUrl\":\"https:\\\/\\\/www.koonings.com\\\/wp-content\\\/uploads\\\/2025\\\/09\\\/51502_1d8e78db34eef028cb7ac380734c8b3695b3cd910329b3da0f9dd7e5868ef7cfd8c6d815.jpeg\",\"datePublished\":\"2026-04-28T16:40:40+00:00\",\"description\":\"La robe Beril est une pure magie nuptiale. Avec ses manches bouffantes romantiques en tulle doux, son corsage transparent orn\u00e9 de d\u00e9licates applications florales et sa jupe vaporeuse \u00e0 fente haute, cette robe incarne le m\u00e9lange parfait entre le conte de f\u00e9es et l'avant-garde de la mode. Les d\u00e9tails transparents et le mouvement ludique du tissu en font la robe id\u00e9ale pour la mari\u00e9e qui souhaite briller par son \u00e9l\u00e9gance et son caract\u00e8re. La douce ligne A cr\u00e9e une silhouette de r\u00eave, tandis que la fente haute ajoute une touche de s\u00e9duction.\",\"breadcrumb\":{\"@id\":\"https:\\\/\\\/www.koonings.com\\\/fr\\\/product\\\/azuree-bridal-beril-326-0031\\\/#breadcrumb\"},\"inLanguage\":\"fr-FR\",\"potentialAction\":[{\"@type\":\"ReadAction\",\"target\":[\"https:\\\/\\\/www.koonings.com\\\/fr\\\/product\\\/azuree-bridal-beril-326-0031\\\/\"]}]},{\"@type\":\"ImageObject\",\"inLanguage\":\"fr-FR\",\"@id\":\"https:\\\/\\\/www.koonings.com\\\/fr\\\/product\\\/azuree-bridal-beril-326-0031\\\/#primaryimage\",\"url\":\"https:\\\/\\\/www.koonings.com\\\/wp-content\\\/uploads\\\/2025\\\/09\\\/51502_1d8e78db34eef028cb7ac380734c8b3695b3cd910329b3da0f9dd7e5868ef7cfd8c6d815.jpeg\",\"contentUrl\":\"https:\\\/\\\/www.koonings.com\\\/wp-content\\\/uploads\\\/2025\\\/09\\\/51502_1d8e78db34eef028cb7ac380734c8b3695b3cd910329b3da0f9dd7e5868ef7cfd8c6d815.jpeg\",\"width\":1708,\"height\":2560},{\"@type\":\"BreadcrumbList\",\"@id\":\"https:\\\/\\\/www.koonings.com\\\/fr\\\/product\\\/azuree-bridal-beril-326-0031\\\/#breadcrumb\",\"itemListElement\":[{\"@type\":\"ListItem\",\"position\":1,\"name\":\"Home\",\"item\":\"https:\\\/\\\/www.koonings.com\\\/fr\\\/\"},{\"@type\":\"ListItem\",\"position\":2,\"name\":\"Azuree Bridal Beril 326.0031\"}]},{\"@type\":\"WebSite\",\"@id\":\"https:\\\/\\\/www.koonings.com\\\/fr\\\/#website\",\"url\":\"https:\\\/\\\/www.koonings.com\\\/fr\\\/\",\"name\":\"Koonings\",\"description\":\"De grootste bruidsmodewinkel ter wereld\",\"publisher\":{\"@id\":\"https:\\\/\\\/www.koonings.com\\\/fr\\\/#organization\"},\"potentialAction\":[{\"@type\":\"SearchAction\",\"target\":{\"@type\":\"EntryPoint\",\"urlTemplate\":\"https:\\\/\\\/www.koonings.com\\\/fr\\\/?s={search_term_string}\"},\"query-input\":{\"@type\":\"PropertyValueSpecification\",\"valueRequired\":true,\"valueName\":\"search_term_string\"}}],\"inLanguage\":\"fr-FR\"},{\"@type\":\"Organization\",\"@id\":\"https:\\\/\\\/www.koonings.com\\\/fr\\\/#organization\",\"name\":\"Koonings\",\"url\":\"https:\\\/\\\/www.koonings.com\\\/fr\\\/\",\"logo\":{\"@type\":\"ImageObject\",\"inLanguage\":\"fr-FR\",\"@id\":\"https:\\\/\\\/www.koonings.com\\\/fr\\\/#\\\/schema\\\/logo\\\/image\\\/\",\"url\":\"https:\\\/\\\/www.koonings.com\\\/wp-content\\\/uploads\\\/2024\\\/07\\\/logo.png\",\"contentUrl\":\"https:\\\/\\\/www.koonings.com\\\/wp-content\\\/uploads\\\/2024\\\/07\\\/logo.png\",\"width\":600,\"height\":428,\"caption\":\"Koonings\"},\"image\":{\"@id\":\"https:\\\/\\\/www.koonings.com\\\/fr\\\/#\\\/schema\\\/logo\\\/image\\\/\"},\"sameAs\":[\"https:\\\/\\\/www.facebook.com\\\/kooningstheweddingpalace\",\"https:\\\/\\\/www.instagram.com\\\/kooningstheweddingpalace\",\"https:\\\/\\\/www.pinterest.com\\\/koonings\",\"https:\\\/\\\/www.youtube.com\\\/kooningstheweddingpalace\"]}]}<\/script>\n<!-- \/ Yoast SEO plugin. -->","yoast_head_json":{"title":"Azuree Bridal Beril 326.0031 | Koonings","description":"La robe Beril est une pure magie nuptiale. Avec ses manches bouffantes romantiques en tulle doux, son corsage transparent orn\u00e9 de d\u00e9licates applications florales et sa jupe vaporeuse \u00e0 fente haute, cette robe incarne le m\u00e9lange parfait entre le conte de f\u00e9es et l'avant-garde de la mode. Les d\u00e9tails transparents et le mouvement ludique du tissu en font la robe id\u00e9ale pour la mari\u00e9e qui souhaite briller par son \u00e9l\u00e9gance et son caract\u00e8re. La douce ligne A cr\u00e9e une silhouette de r\u00eave, tandis que la fente haute ajoute une touche de s\u00e9duction.","robots":{"index":"index","follow":"follow","max-snippet":"max-snippet:-1","max-image-preview":"max-image-preview:large","max-video-preview":"max-video-preview:-1"},"canonical":"https:\/\/www.koonings.com\/fr\/product\/azuree-bridal-beril-326-0031\/","og_locale":"fr_FR","og_type":"article","og_title":"Azuree Bridal Beril 326.0031 | Koonings","og_description":"La robe Beril est une pure magie nuptiale. Avec ses manches bouffantes romantiques en tulle doux, son corsage transparent orn\u00e9 de d\u00e9licates applications florales et sa jupe vaporeuse \u00e0 fente haute, cette robe incarne le m\u00e9lange parfait entre le conte de f\u00e9es et l'avant-garde de la mode. Les d\u00e9tails transparents et le mouvement ludique du tissu en font la robe id\u00e9ale pour la mari\u00e9e qui souhaite briller par son \u00e9l\u00e9gance et son caract\u00e8re. La douce ligne A cr\u00e9e une silhouette de r\u00eave, tandis que la fente haute ajoute une touche de s\u00e9duction.","og_url":"https:\/\/www.koonings.com\/fr\/product\/azuree-bridal-beril-326-0031\/","og_site_name":"Koonings","article_publisher":"https:\/\/www.facebook.com\/kooningstheweddingpalace","og_image":[{"width":1708,"height":2560,"url":"https:\/\/www.koonings.com\/wp-content\/uploads\/2025\/09\/51502_1d8e78db34eef028cb7ac380734c8b3695b3cd910329b3da0f9dd7e5868ef7cfd8c6d815.jpeg","type":"image\/jpeg"}],"twitter_card":"summary_large_image","twitter_misc":{"Dur\u00e9e de lecture estim\u00e9e":"1 minute"},"schema":{"@context":"https:\/\/schema.org","@graph":[{"@type":"WebPage","@id":"https:\/\/www.koonings.com\/fr\/product\/azuree-bridal-beril-326-0031\/","url":"https:\/\/www.koonings.com\/fr\/product\/azuree-bridal-beril-326-0031\/","name":"Azuree Bridal Beril 326.0031 | Koonings","isPartOf":{"@id":"https:\/\/www.koonings.com\/fr\/#website"},"primaryImageOfPage":{"@id":"https:\/\/www.koonings.com\/fr\/product\/azuree-bridal-beril-326-0031\/#primaryimage"},"image":{"@id":"https:\/\/www.koonings.com\/fr\/product\/azuree-bridal-beril-326-0031\/#primaryimage"},"thumbnailUrl":"https:\/\/www.koonings.com\/wp-content\/uploads\/2025\/09\/51502_1d8e78db34eef028cb7ac380734c8b3695b3cd910329b3da0f9dd7e5868ef7cfd8c6d815.jpeg","datePublished":"2026-04-28T16:40:40+00:00","description":"La robe Beril est une pure magie nuptiale. Avec ses manches bouffantes romantiques en tulle doux, son corsage transparent orn\u00e9 de d\u00e9licates applications florales et sa jupe vaporeuse \u00e0 fente haute, cette robe incarne le m\u00e9lange parfait entre le conte de f\u00e9es et l'avant-garde de la mode. Les d\u00e9tails transparents et le mouvement ludique du tissu en font la robe id\u00e9ale pour la mari\u00e9e qui souhaite briller par son \u00e9l\u00e9gance et son caract\u00e8re. La douce ligne A cr\u00e9e une silhouette de r\u00eave, tandis que la fente haute ajoute une touche de s\u00e9duction.","breadcrumb":{"@id":"https:\/\/www.koonings.com\/fr\/product\/azuree-bridal-beril-326-0031\/#breadcrumb"},"inLanguage":"fr-FR","potentialAction":[{"@type":"ReadAction","target":["https:\/\/www.koonings.com\/fr\/product\/azuree-bridal-beril-326-0031\/"]}]},{"@type":"ImageObject","inLanguage":"fr-FR","@id":"https:\/\/www.koonings.com\/fr\/product\/azuree-bridal-beril-326-0031\/#primaryimage","url":"https:\/\/www.koonings.com\/wp-content\/uploads\/2025\/09\/51502_1d8e78db34eef028cb7ac380734c8b3695b3cd910329b3da0f9dd7e5868ef7cfd8c6d815.jpeg","contentUrl":"https:\/\/www.koonings.com\/wp-content\/uploads\/2025\/09\/51502_1d8e78db34eef028cb7ac380734c8b3695b3cd910329b3da0f9dd7e5868ef7cfd8c6d815.jpeg","width":1708,"height":2560},{"@type":"BreadcrumbList","@id":"https:\/\/www.koonings.com\/fr\/product\/azuree-bridal-beril-326-0031\/#breadcrumb","itemListElement":[{"@type":"ListItem","position":1,"name":"Home","item":"https:\/\/www.koonings.com\/fr\/"},{"@type":"ListItem","position":2,"name":"Azuree Bridal Beril 326.0031"}]},{"@type":"WebSite","@id":"https:\/\/www.koonings.com\/fr\/#website","url":"https:\/\/www.koonings.com\/fr\/","name":"Koonings","description":"De grootste bruidsmodewinkel ter wereld","publisher":{"@id":"https:\/\/www.koonings.com\/fr\/#organization"},"potentialAction":[{"@type":"SearchAction","target":{"@type":"EntryPoint","urlTemplate":"https:\/\/www.koonings.com\/fr\/?s={search_term_string}"},"query-input":{"@type":"PropertyValueSpecification","valueRequired":true,"valueName":"search_term_string"}}],"inLanguage":"fr-FR"},{"@type":"Organization","@id":"https:\/\/www.koonings.com\/fr\/#organization","name":"Koonings","url":"https:\/\/www.koonings.com\/fr\/","logo":{"@type":"ImageObject","inLanguage":"fr-FR","@id":"https:\/\/www.koonings.com\/fr\/#\/schema\/logo\/image\/","url":"https:\/\/www.koonings.com\/wp-content\/uploads\/2024\/07\/logo.png","contentUrl":"https:\/\/www.koonings.com\/wp-content\/uploads\/2024\/07\/logo.png","width":600,"height":428,"caption":"Koonings"},"image":{"@id":"https:\/\/www.koonings.com\/fr\/#\/schema\/logo\/image\/"},"sameAs":["https:\/\/www.facebook.com\/kooningstheweddingpalace","https:\/\/www.instagram.com\/kooningstheweddingpalace","https:\/\/www.pinterest.com\/koonings","https:\/\/www.youtube.com\/kooningstheweddingpalace"]}]}},"_links":{"self":[{"href":"https:\/\/www.koonings.com\/fr\/wp-json\/wp\/v2\/product\/93939","targetHints":{"allow":["GET"]}}],"collection":[{"href":"https:\/\/www.koonings.com\/fr\/wp-json\/wp\/v2\/product"}],"about":[{"href":"https:\/\/www.koonings.com\/fr\/wp-json\/wp\/v2\/types\/product"}],"wp:featuredmedia":[{"embeddable":true,"href":"https:\/\/www.koonings.com\/fr\/wp-json\/wp\/v2\/media\/92570"}],"wp:attachment":[{"href":"https:\/\/www.koonings.com\/fr\/wp-json\/wp\/v2\/media?parent=93939"}],"wp:term":[{"taxonomy":"productdetails","embeddable":true,"href":"https:\/\/www.koonings.com\/fr\/wp-json\/wp\/v2\/productdetails?post=93939"},{"taxonomy":"productneck","embeddable":true,"href":"https:\/\/www.koonings.com\/fr\/wp-json\/wp\/v2\/productneck?post=93939"},{"taxonomy":"productcolor","embeddable":true,"href":"https:\/\/www.koonings.com\/fr\/wp-json\/wp\/v2\/productcolor?post=93939"},{"taxonomy":"maat","embeddable":true,"href":"https:\/\/www.koonings.com\/fr\/wp-json\/wp\/v2\/maat?post=93939"},{"taxonomy":"productsupplier","embeddable":true,"href":"https:\/\/www.koonings.com\/fr\/wp-json\/wp\/v2\/productsupplier?post=93939"},{"taxonomy":"productsleeve","embeddable":true,"href":"https:\/\/www.koonings.com\/fr\/wp-json\/wp\/v2\/productsleeve?post=93939"},{"taxonomy":"productcategory","embeddable":true,"href":"https:\/\/www.koonings.com\/fr\/wp-json\/wp\/v2\/productcategory?post=93939"},{"taxonomy":"productsilhouette","embeddable":true,"href":"https:\/\/www.koonings.com\/fr\/wp-json\/wp\/v2\/productsilhouette?post=93939"},{"taxonomy":"productstyle","embeddable":true,"href":"https:\/\/www.koonings.com\/fr\/wp-json\/wp\/v2\/productstyle?post=93939"}],"curies":[{"name":"wp","href":"https:\/\/api.w.org\/{rel}","templated":true}]}}