{"id":93932,"date":"2026-04-28T18:40:39","date_gmt":"2026-04-28T16:40:39","guid":{"rendered":"https:\/\/www.koonings.com\/product\/azuree-bridal-azra-426-0451\/"},"modified":"2026-02-17T12:54:41","modified_gmt":"2026-02-17T11:54:41","slug":"azuree-bridal-azra-426-0451","status":"publish","type":"product","link":"https:\/\/www.koonings.com\/fr\/product\/azuree-bridal-azra-426-0451\/","title":{"rendered":"Azuree Bridal Azra 426.0451"},"content":{"rendered":"<p>La robe de mari\u00e9e Azra est un choix enchanteur pour les mari\u00e9es qui aiment un look r\u00eaveur et boh\u00e8me. La robe est orn\u00e9e d&#8217;un superbe effet 3D sur le corsage, qui donne vie au mod\u00e8le et lui conf\u00e8re une dimension suppl\u00e9mentaire. Les d\u00e9licates applications de dentelle ajoutent une touche sophistiqu\u00e9e et cr\u00e9ent un sentiment de douceur et de romantisme. La robe est dot\u00e9e d&#8217;un corsage en dentelle tr\u00e8s tendance, offrant un \u00e9quilibre parfait entre \u00e9l\u00e9gance et espi\u00e8glerie. La jupe fluide est con\u00e7ue pour \u00eatre l\u00e9g\u00e8re et a\u00e9r\u00e9e, rendant chaque mouvement \u00e9l\u00e9gant et naturel. La robe Azra est parfaite pour les mari\u00e9es boho qui recherchent un look \u00e9l\u00e9gant et d\u00e9contract\u00e9 pour leur grand jour. Alliant mode et confort, cette robe permettra \u00e0 toutes les mari\u00e9es de se sentir belles et s\u00fbres d&#8217;elles.      <\/p>\n","protected":false},"featured_media":92006,"template":"","meta":{"_acf_changed":false,"ghostkit_customizer_options":"","ghostkit_custom_css":"","ghostkit_custom_js_head":"","ghostkit_custom_js_foot":"","ghostkit_typography":""},"productdetails":[379,376],"productneck":[356],"productcolor":[393,392],"maat":[],"productsupplier":[533],"productsleeve":[359],"productcategory":[18],"productsilhouette":[389],"productstyle":[364,371,366],"class_list":["post-93932","product","type-product","status-publish","has-post-thumbnail","hentry","productdetails-379","productdetails-376","productneck-356","productcolor-393","productcolor-392","productsupplier-azuree-bridal","productsleeve-359","productcategory-trouwjurken","productsilhouette-389","productstyle-364","productstyle-371","productstyle-366"],"acf":[],"yoast_head":"<!-- This site is optimized with the Yoast SEO plugin v27.3 - https:\/\/yoast.com\/product\/yoast-seo-wordpress\/ -->\n<title>Azuree Bridal Azra 426.0451 | Koonings<\/title>\n<meta name=\"description\" content=\"La robe de mari\u00e9e Azra est un choix enchanteur pour les mari\u00e9es qui aiment un look r\u00eaveur et boh\u00e8me. La robe est orn\u00e9e d&#039;un superbe effet 3D sur le corsage, qui donne vie au mod\u00e8le et lui conf\u00e8re une dimension suppl\u00e9mentaire. Les d\u00e9licates applications de dentelle ajoutent une touche sophistiqu\u00e9e et cr\u00e9ent un sentiment de douceur et de romantisme. La robe est dot\u00e9e d&#039;un corsage en dentelle tr\u00e8s tendance, offrant un \u00e9quilibre parfait entre \u00e9l\u00e9gance et espi\u00e8glerie. La jupe fluide est con\u00e7ue pour \u00eatre l\u00e9g\u00e8re et a\u00e9r\u00e9e, rendant chaque mouvement \u00e9l\u00e9gant et naturel. La robe Azra est parfaite pour les mari\u00e9es boho qui recherchent un look \u00e9l\u00e9gant et d\u00e9contract\u00e9 pour leur grand jour. Alliant mode et confort, cette robe permettra \u00e0 toutes les mari\u00e9es de se sentir belles et s\u00fbres d&#039;elles.\" \/>\n<meta name=\"robots\" content=\"index, follow, max-snippet:-1, max-image-preview:large, max-video-preview:-1\" \/>\n<link rel=\"canonical\" href=\"https:\/\/www.koonings.com\/fr\/product\/azuree-bridal-azra-426-0451\/\" \/>\n<meta property=\"og:locale\" content=\"fr_FR\" \/>\n<meta property=\"og:type\" content=\"article\" \/>\n<meta property=\"og:title\" content=\"Azuree Bridal Azra 426.0451 | Koonings\" \/>\n<meta property=\"og:description\" content=\"La robe de mari\u00e9e Azra est un choix enchanteur pour les mari\u00e9es qui aiment un look r\u00eaveur et boh\u00e8me. La robe est orn\u00e9e d&#039;un superbe effet 3D sur le corsage, qui donne vie au mod\u00e8le et lui conf\u00e8re une dimension suppl\u00e9mentaire. Les d\u00e9licates applications de dentelle ajoutent une touche sophistiqu\u00e9e et cr\u00e9ent un sentiment de douceur et de romantisme. La robe est dot\u00e9e d&#039;un corsage en dentelle tr\u00e8s tendance, offrant un \u00e9quilibre parfait entre \u00e9l\u00e9gance et espi\u00e8glerie. La jupe fluide est con\u00e7ue pour \u00eatre l\u00e9g\u00e8re et a\u00e9r\u00e9e, rendant chaque mouvement \u00e9l\u00e9gant et naturel. La robe Azra est parfaite pour les mari\u00e9es boho qui recherchent un look \u00e9l\u00e9gant et d\u00e9contract\u00e9 pour leur grand jour. Alliant mode et confort, cette robe permettra \u00e0 toutes les mari\u00e9es de se sentir belles et s\u00fbres d&#039;elles.\" \/>\n<meta property=\"og:url\" content=\"https:\/\/www.koonings.com\/fr\/product\/azuree-bridal-azra-426-0451\/\" \/>\n<meta property=\"og:site_name\" content=\"Koonings\" \/>\n<meta property=\"article:publisher\" content=\"https:\/\/www.facebook.com\/kooningstheweddingpalace\" \/>\n<meta property=\"og:image\" content=\"https:\/\/www.koonings.com\/wp-content\/uploads\/2025\/09\/51500_7106670eca13313db16c561da1eed0438e1b4ae0e9eeefca80f61300b1ca74b4ed64c0dc.jpeg\" \/>\n\t<meta property=\"og:image:width\" content=\"1691\" \/>\n\t<meta property=\"og:image:height\" content=\"2391\" \/>\n\t<meta property=\"og:image:type\" content=\"image\/jpeg\" \/>\n<meta name=\"twitter:card\" content=\"summary_large_image\" \/>\n<meta name=\"twitter:label1\" content=\"Dur\u00e9e de lecture estim\u00e9e\" \/>\n\t<meta name=\"twitter:data1\" content=\"1 minute\" \/>\n<script type=\"application\/ld+json\" class=\"yoast-schema-graph\">{\"@context\":\"https:\\\/\\\/schema.org\",\"@graph\":[{\"@type\":\"WebPage\",\"@id\":\"https:\\\/\\\/www.koonings.com\\\/fr\\\/product\\\/azuree-bridal-azra-426-0451\\\/\",\"url\":\"https:\\\/\\\/www.koonings.com\\\/fr\\\/product\\\/azuree-bridal-azra-426-0451\\\/\",\"name\":\"Azuree Bridal Azra 426.0451 | Koonings\",\"isPartOf\":{\"@id\":\"https:\\\/\\\/www.koonings.com\\\/fr\\\/#website\"},\"primaryImageOfPage\":{\"@id\":\"https:\\\/\\\/www.koonings.com\\\/fr\\\/product\\\/azuree-bridal-azra-426-0451\\\/#primaryimage\"},\"image\":{\"@id\":\"https:\\\/\\\/www.koonings.com\\\/fr\\\/product\\\/azuree-bridal-azra-426-0451\\\/#primaryimage\"},\"thumbnailUrl\":\"https:\\\/\\\/www.koonings.com\\\/wp-content\\\/uploads\\\/2025\\\/09\\\/51500_7106670eca13313db16c561da1eed0438e1b4ae0e9eeefca80f61300b1ca74b4ed64c0dc.jpeg\",\"datePublished\":\"2026-04-28T16:40:39+00:00\",\"description\":\"La robe de mari\u00e9e Azra est un choix enchanteur pour les mari\u00e9es qui aiment un look r\u00eaveur et boh\u00e8me. La robe est orn\u00e9e d'un superbe effet 3D sur le corsage, qui donne vie au mod\u00e8le et lui conf\u00e8re une dimension suppl\u00e9mentaire. Les d\u00e9licates applications de dentelle ajoutent une touche sophistiqu\u00e9e et cr\u00e9ent un sentiment de douceur et de romantisme. La robe est dot\u00e9e d'un corsage en dentelle tr\u00e8s tendance, offrant un \u00e9quilibre parfait entre \u00e9l\u00e9gance et espi\u00e8glerie. La jupe fluide est con\u00e7ue pour \u00eatre l\u00e9g\u00e8re et a\u00e9r\u00e9e, rendant chaque mouvement \u00e9l\u00e9gant et naturel. La robe Azra est parfaite pour les mari\u00e9es boho qui recherchent un look \u00e9l\u00e9gant et d\u00e9contract\u00e9 pour leur grand jour. Alliant mode et confort, cette robe permettra \u00e0 toutes les mari\u00e9es de se sentir belles et s\u00fbres d'elles.\",\"breadcrumb\":{\"@id\":\"https:\\\/\\\/www.koonings.com\\\/fr\\\/product\\\/azuree-bridal-azra-426-0451\\\/#breadcrumb\"},\"inLanguage\":\"fr-FR\",\"potentialAction\":[{\"@type\":\"ReadAction\",\"target\":[\"https:\\\/\\\/www.koonings.com\\\/fr\\\/product\\\/azuree-bridal-azra-426-0451\\\/\"]}]},{\"@type\":\"ImageObject\",\"inLanguage\":\"fr-FR\",\"@id\":\"https:\\\/\\\/www.koonings.com\\\/fr\\\/product\\\/azuree-bridal-azra-426-0451\\\/#primaryimage\",\"url\":\"https:\\\/\\\/www.koonings.com\\\/wp-content\\\/uploads\\\/2025\\\/09\\\/51500_7106670eca13313db16c561da1eed0438e1b4ae0e9eeefca80f61300b1ca74b4ed64c0dc.jpeg\",\"contentUrl\":\"https:\\\/\\\/www.koonings.com\\\/wp-content\\\/uploads\\\/2025\\\/09\\\/51500_7106670eca13313db16c561da1eed0438e1b4ae0e9eeefca80f61300b1ca74b4ed64c0dc.jpeg\",\"width\":1691,\"height\":2391},{\"@type\":\"BreadcrumbList\",\"@id\":\"https:\\\/\\\/www.koonings.com\\\/fr\\\/product\\\/azuree-bridal-azra-426-0451\\\/#breadcrumb\",\"itemListElement\":[{\"@type\":\"ListItem\",\"position\":1,\"name\":\"Home\",\"item\":\"https:\\\/\\\/www.koonings.com\\\/fr\\\/\"},{\"@type\":\"ListItem\",\"position\":2,\"name\":\"Azuree Bridal Azra 426.0451\"}]},{\"@type\":\"WebSite\",\"@id\":\"https:\\\/\\\/www.koonings.com\\\/fr\\\/#website\",\"url\":\"https:\\\/\\\/www.koonings.com\\\/fr\\\/\",\"name\":\"Koonings\",\"description\":\"De grootste bruidsmodewinkel ter wereld\",\"publisher\":{\"@id\":\"https:\\\/\\\/www.koonings.com\\\/fr\\\/#organization\"},\"potentialAction\":[{\"@type\":\"SearchAction\",\"target\":{\"@type\":\"EntryPoint\",\"urlTemplate\":\"https:\\\/\\\/www.koonings.com\\\/fr\\\/?s={search_term_string}\"},\"query-input\":{\"@type\":\"PropertyValueSpecification\",\"valueRequired\":true,\"valueName\":\"search_term_string\"}}],\"inLanguage\":\"fr-FR\"},{\"@type\":\"Organization\",\"@id\":\"https:\\\/\\\/www.koonings.com\\\/fr\\\/#organization\",\"name\":\"Koonings\",\"url\":\"https:\\\/\\\/www.koonings.com\\\/fr\\\/\",\"logo\":{\"@type\":\"ImageObject\",\"inLanguage\":\"fr-FR\",\"@id\":\"https:\\\/\\\/www.koonings.com\\\/fr\\\/#\\\/schema\\\/logo\\\/image\\\/\",\"url\":\"https:\\\/\\\/www.koonings.com\\\/wp-content\\\/uploads\\\/2024\\\/07\\\/logo.png\",\"contentUrl\":\"https:\\\/\\\/www.koonings.com\\\/wp-content\\\/uploads\\\/2024\\\/07\\\/logo.png\",\"width\":600,\"height\":428,\"caption\":\"Koonings\"},\"image\":{\"@id\":\"https:\\\/\\\/www.koonings.com\\\/fr\\\/#\\\/schema\\\/logo\\\/image\\\/\"},\"sameAs\":[\"https:\\\/\\\/www.facebook.com\\\/kooningstheweddingpalace\",\"https:\\\/\\\/www.instagram.com\\\/kooningstheweddingpalace\",\"https:\\\/\\\/www.pinterest.com\\\/koonings\",\"https:\\\/\\\/www.youtube.com\\\/kooningstheweddingpalace\"]}]}<\/script>\n<!-- \/ Yoast SEO plugin. -->","yoast_head_json":{"title":"Azuree Bridal Azra 426.0451 | Koonings","description":"La robe de mari\u00e9e Azra est un choix enchanteur pour les mari\u00e9es qui aiment un look r\u00eaveur et boh\u00e8me. La robe est orn\u00e9e d'un superbe effet 3D sur le corsage, qui donne vie au mod\u00e8le et lui conf\u00e8re une dimension suppl\u00e9mentaire. Les d\u00e9licates applications de dentelle ajoutent une touche sophistiqu\u00e9e et cr\u00e9ent un sentiment de douceur et de romantisme. La robe est dot\u00e9e d'un corsage en dentelle tr\u00e8s tendance, offrant un \u00e9quilibre parfait entre \u00e9l\u00e9gance et espi\u00e8glerie. La jupe fluide est con\u00e7ue pour \u00eatre l\u00e9g\u00e8re et a\u00e9r\u00e9e, rendant chaque mouvement \u00e9l\u00e9gant et naturel. La robe Azra est parfaite pour les mari\u00e9es boho qui recherchent un look \u00e9l\u00e9gant et d\u00e9contract\u00e9 pour leur grand jour. Alliant mode et confort, cette robe permettra \u00e0 toutes les mari\u00e9es de se sentir belles et s\u00fbres d'elles.","robots":{"index":"index","follow":"follow","max-snippet":"max-snippet:-1","max-image-preview":"max-image-preview:large","max-video-preview":"max-video-preview:-1"},"canonical":"https:\/\/www.koonings.com\/fr\/product\/azuree-bridal-azra-426-0451\/","og_locale":"fr_FR","og_type":"article","og_title":"Azuree Bridal Azra 426.0451 | Koonings","og_description":"La robe de mari\u00e9e Azra est un choix enchanteur pour les mari\u00e9es qui aiment un look r\u00eaveur et boh\u00e8me. La robe est orn\u00e9e d'un superbe effet 3D sur le corsage, qui donne vie au mod\u00e8le et lui conf\u00e8re une dimension suppl\u00e9mentaire. Les d\u00e9licates applications de dentelle ajoutent une touche sophistiqu\u00e9e et cr\u00e9ent un sentiment de douceur et de romantisme. La robe est dot\u00e9e d'un corsage en dentelle tr\u00e8s tendance, offrant un \u00e9quilibre parfait entre \u00e9l\u00e9gance et espi\u00e8glerie. La jupe fluide est con\u00e7ue pour \u00eatre l\u00e9g\u00e8re et a\u00e9r\u00e9e, rendant chaque mouvement \u00e9l\u00e9gant et naturel. La robe Azra est parfaite pour les mari\u00e9es boho qui recherchent un look \u00e9l\u00e9gant et d\u00e9contract\u00e9 pour leur grand jour. Alliant mode et confort, cette robe permettra \u00e0 toutes les mari\u00e9es de se sentir belles et s\u00fbres d'elles.","og_url":"https:\/\/www.koonings.com\/fr\/product\/azuree-bridal-azra-426-0451\/","og_site_name":"Koonings","article_publisher":"https:\/\/www.facebook.com\/kooningstheweddingpalace","og_image":[{"width":1691,"height":2391,"url":"https:\/\/www.koonings.com\/wp-content\/uploads\/2025\/09\/51500_7106670eca13313db16c561da1eed0438e1b4ae0e9eeefca80f61300b1ca74b4ed64c0dc.jpeg","type":"image\/jpeg"}],"twitter_card":"summary_large_image","twitter_misc":{"Dur\u00e9e de lecture estim\u00e9e":"1 minute"},"schema":{"@context":"https:\/\/schema.org","@graph":[{"@type":"WebPage","@id":"https:\/\/www.koonings.com\/fr\/product\/azuree-bridal-azra-426-0451\/","url":"https:\/\/www.koonings.com\/fr\/product\/azuree-bridal-azra-426-0451\/","name":"Azuree Bridal Azra 426.0451 | Koonings","isPartOf":{"@id":"https:\/\/www.koonings.com\/fr\/#website"},"primaryImageOfPage":{"@id":"https:\/\/www.koonings.com\/fr\/product\/azuree-bridal-azra-426-0451\/#primaryimage"},"image":{"@id":"https:\/\/www.koonings.com\/fr\/product\/azuree-bridal-azra-426-0451\/#primaryimage"},"thumbnailUrl":"https:\/\/www.koonings.com\/wp-content\/uploads\/2025\/09\/51500_7106670eca13313db16c561da1eed0438e1b4ae0e9eeefca80f61300b1ca74b4ed64c0dc.jpeg","datePublished":"2026-04-28T16:40:39+00:00","description":"La robe de mari\u00e9e Azra est un choix enchanteur pour les mari\u00e9es qui aiment un look r\u00eaveur et boh\u00e8me. La robe est orn\u00e9e d'un superbe effet 3D sur le corsage, qui donne vie au mod\u00e8le et lui conf\u00e8re une dimension suppl\u00e9mentaire. Les d\u00e9licates applications de dentelle ajoutent une touche sophistiqu\u00e9e et cr\u00e9ent un sentiment de douceur et de romantisme. La robe est dot\u00e9e d'un corsage en dentelle tr\u00e8s tendance, offrant un \u00e9quilibre parfait entre \u00e9l\u00e9gance et espi\u00e8glerie. La jupe fluide est con\u00e7ue pour \u00eatre l\u00e9g\u00e8re et a\u00e9r\u00e9e, rendant chaque mouvement \u00e9l\u00e9gant et naturel. La robe Azra est parfaite pour les mari\u00e9es boho qui recherchent un look \u00e9l\u00e9gant et d\u00e9contract\u00e9 pour leur grand jour. Alliant mode et confort, cette robe permettra \u00e0 toutes les mari\u00e9es de se sentir belles et s\u00fbres d'elles.","breadcrumb":{"@id":"https:\/\/www.koonings.com\/fr\/product\/azuree-bridal-azra-426-0451\/#breadcrumb"},"inLanguage":"fr-FR","potentialAction":[{"@type":"ReadAction","target":["https:\/\/www.koonings.com\/fr\/product\/azuree-bridal-azra-426-0451\/"]}]},{"@type":"ImageObject","inLanguage":"fr-FR","@id":"https:\/\/www.koonings.com\/fr\/product\/azuree-bridal-azra-426-0451\/#primaryimage","url":"https:\/\/www.koonings.com\/wp-content\/uploads\/2025\/09\/51500_7106670eca13313db16c561da1eed0438e1b4ae0e9eeefca80f61300b1ca74b4ed64c0dc.jpeg","contentUrl":"https:\/\/www.koonings.com\/wp-content\/uploads\/2025\/09\/51500_7106670eca13313db16c561da1eed0438e1b4ae0e9eeefca80f61300b1ca74b4ed64c0dc.jpeg","width":1691,"height":2391},{"@type":"BreadcrumbList","@id":"https:\/\/www.koonings.com\/fr\/product\/azuree-bridal-azra-426-0451\/#breadcrumb","itemListElement":[{"@type":"ListItem","position":1,"name":"Home","item":"https:\/\/www.koonings.com\/fr\/"},{"@type":"ListItem","position":2,"name":"Azuree Bridal Azra 426.0451"}]},{"@type":"WebSite","@id":"https:\/\/www.koonings.com\/fr\/#website","url":"https:\/\/www.koonings.com\/fr\/","name":"Koonings","description":"De grootste bruidsmodewinkel ter wereld","publisher":{"@id":"https:\/\/www.koonings.com\/fr\/#organization"},"potentialAction":[{"@type":"SearchAction","target":{"@type":"EntryPoint","urlTemplate":"https:\/\/www.koonings.com\/fr\/?s={search_term_string}"},"query-input":{"@type":"PropertyValueSpecification","valueRequired":true,"valueName":"search_term_string"}}],"inLanguage":"fr-FR"},{"@type":"Organization","@id":"https:\/\/www.koonings.com\/fr\/#organization","name":"Koonings","url":"https:\/\/www.koonings.com\/fr\/","logo":{"@type":"ImageObject","inLanguage":"fr-FR","@id":"https:\/\/www.koonings.com\/fr\/#\/schema\/logo\/image\/","url":"https:\/\/www.koonings.com\/wp-content\/uploads\/2024\/07\/logo.png","contentUrl":"https:\/\/www.koonings.com\/wp-content\/uploads\/2024\/07\/logo.png","width":600,"height":428,"caption":"Koonings"},"image":{"@id":"https:\/\/www.koonings.com\/fr\/#\/schema\/logo\/image\/"},"sameAs":["https:\/\/www.facebook.com\/kooningstheweddingpalace","https:\/\/www.instagram.com\/kooningstheweddingpalace","https:\/\/www.pinterest.com\/koonings","https:\/\/www.youtube.com\/kooningstheweddingpalace"]}]}},"_links":{"self":[{"href":"https:\/\/www.koonings.com\/fr\/wp-json\/wp\/v2\/product\/93932","targetHints":{"allow":["GET"]}}],"collection":[{"href":"https:\/\/www.koonings.com\/fr\/wp-json\/wp\/v2\/product"}],"about":[{"href":"https:\/\/www.koonings.com\/fr\/wp-json\/wp\/v2\/types\/product"}],"wp:featuredmedia":[{"embeddable":true,"href":"https:\/\/www.koonings.com\/fr\/wp-json\/wp\/v2\/media\/92006"}],"wp:attachment":[{"href":"https:\/\/www.koonings.com\/fr\/wp-json\/wp\/v2\/media?parent=93932"}],"wp:term":[{"taxonomy":"productdetails","embeddable":true,"href":"https:\/\/www.koonings.com\/fr\/wp-json\/wp\/v2\/productdetails?post=93932"},{"taxonomy":"productneck","embeddable":true,"href":"https:\/\/www.koonings.com\/fr\/wp-json\/wp\/v2\/productneck?post=93932"},{"taxonomy":"productcolor","embeddable":true,"href":"https:\/\/www.koonings.com\/fr\/wp-json\/wp\/v2\/productcolor?post=93932"},{"taxonomy":"maat","embeddable":true,"href":"https:\/\/www.koonings.com\/fr\/wp-json\/wp\/v2\/maat?post=93932"},{"taxonomy":"productsupplier","embeddable":true,"href":"https:\/\/www.koonings.com\/fr\/wp-json\/wp\/v2\/productsupplier?post=93932"},{"taxonomy":"productsleeve","embeddable":true,"href":"https:\/\/www.koonings.com\/fr\/wp-json\/wp\/v2\/productsleeve?post=93932"},{"taxonomy":"productcategory","embeddable":true,"href":"https:\/\/www.koonings.com\/fr\/wp-json\/wp\/v2\/productcategory?post=93932"},{"taxonomy":"productsilhouette","embeddable":true,"href":"https:\/\/www.koonings.com\/fr\/wp-json\/wp\/v2\/productsilhouette?post=93932"},{"taxonomy":"productstyle","embeddable":true,"href":"https:\/\/www.koonings.com\/fr\/wp-json\/wp\/v2\/productstyle?post=93932"}],"curies":[{"name":"wp","href":"https:\/\/api.w.org\/{rel}","templated":true}]}}